{"id":9314,"date":"2019-09-05T08:46:51","date_gmt":"2019-09-05T08:46:51","guid":{"rendered":"https:\/\/www.ticketswhales.com\/?post_type=product&#038;p=9314"},"modified":"2023-11-10T09:12:15","modified_gmt":"2023-11-10T09:12:15","slug":"santo-domingo-city-tour-from-punta-cana-all-inclusive-day-trip","status":"publish","type":"product","link":"https:\/\/www.boattoursamana.com\/da\/tur\/santo-domingo-by-tur-fra-punta-cana-alt-inklusive-dagstur-2","title":{"rendered":"Santo Domingo bytur fra Punta Cana. Dagstur med alt inklusive."},"content":{"rendered":"<div class=\"vc_row wpb_row vc_row-fluid\" ><div class=\"wpb_column vc_column_container vc_col-sm-12\"><div class=\"vc_column-inner\"><div class=\"wpb_wrapper\"><div class=\"mkdf-section-title-holder\" style=\"text-align: left\">\n\t<div class=\"mkdf-st-inner\">\n\t\t\t\t\t<h5 class=\"mkdf-st-subtitle\" >\n\t\t\t\tTransport og frokost inkluderet\t\t\t<\/h5>\n\t\t\t\t\t\t\t<h3 class=\"mkdf-st-title\" >\n\t\t\t\tSanto Domingo bytur fra Punta Cana. Dagstur med alt inklusive.\t\t\t<\/h3>\n\t\t\t\t\t<\/div>\n<\/div><\/div><\/div><\/div><\/div><div class=\"vc_row wpb_row vc_row-fluid\" ><div class=\"wpb_column vc_column_container vc_col-sm-12\"><div class=\"vc_column-inner\"><div class=\"wpb_wrapper\"><div class=\"vc_btn3-container vc_btn3-inline\" ><button class=\"vc_general vc_btn3 vc_btn3-size-md vc_btn3-shape-rounded vc_btn3-style-modern vc_btn3-color-green\">BOOK NU<\/button><\/div>\n\t<div class=\"wpb_text_column wpb_content_element\" >\n\t\t<div class=\"wpb_wrapper\">\n\t\t\t<h3 class=\"ui_header h1 attractions-product-info-ProductTitle__title--1qM0o\"><\/h3>\n<h4><b><i>Oversigt <\/i><\/b><\/h4>\n<p>Tilbring en dag i den koloniale historiske zone i den \u00e6ldste by i Latinamerika. Udforsk vartegn og h\u00f8jdepunkter s\u00e5som Plaza de Espa\u00f1a, Nationalpaladset, Columbus fyrt\u00e5rn og Colonial Zone.<\/p>\n<p>Stop ved Tree Eyes National Park og se de underjordiske huler og loagoons, der bruges af Taino-indianerne. F\u00f8rst bliver du hentet fra dit hotel med bus.<\/p>\n<p>Turen starter med at m\u00f8de en professionel guide, der vil give dig nogle oplysninger om \u00f8en og den dominikanske kultur, mad, musik og meget mere. Frokost p\u00e5 en typisk dominikansk restaurant er inkluderet. Denne tur vil helt sikkert give dig denne \u00f8s virkelige historie!<\/p>\n<p>Efter denne oplevelse kommer du tilbage til det sted, hvor du m\u00f8des med rejseguiden<\/p>\n<p>&nbsp;<\/p>\n<h4><b>Inklusioner &amp; Eksklusioner<\/b><\/h4>\n<p><b>Inklusioner<\/b><\/p>\n<ol>\n<li>Frokostbuffet<\/li>\n<li>Columbus fyrt\u00e5rn<\/li>\n<li>Dagstur Santo Domingo<\/li>\n<li>Los Tres Ojos Nationalpark<\/li>\n<li>Colonial Zone Walk<\/li>\n<li>Nationalpaladset<\/li>\n<li>\u00a0Plaza de Espa\u00f1a<\/li>\n<li style=\"font-weight: 400;\"><span style=\"font-weight: 400;\">Alle skatter, gebyrer og ekspeditionsgebyrer<\/span><\/li>\n<li style=\"font-weight: 400;\"><span style=\"font-weight: 400;\">Lokale skatter<\/span><\/li>\n<li style=\"font-weight: 400;\"><span style=\"font-weight: 400;\">Drikkevarer<\/span><\/li>\n<li>Snacks<\/li>\n<li style=\"font-weight: 400;\"><span style=\"font-weight: 400;\">Lokal guide<\/span><\/li>\n<\/ol>\n<p><b> Udelukkelser<\/b><\/p>\n<ol>\n<li style=\"font-weight: 400;\"><span style=\"font-weight: 400;\">Drikkepenge<\/span><\/li>\n<li style=\"font-weight: 400;\"><span style=\"font-weight: 400;\">Alkoholiske drikkevarer<\/span><\/li>\n<\/ol>\n<p>&nbsp;<\/p>\n<h4><em><strong>Afgang og hjemrejse<\/strong><\/em><\/h4>\n<p><span style=\"font-weight: 400;\">Den rejsende f\u00e5r et m\u00f8dested efter reservationsprocessen. Ture starter og slutter i dine m\u00f8desteder.<\/span><\/p>\n<h3><\/h3>\n<h3 class=\"ui_header h1 attractions-product-info-ProductTitle__title--1qM0o\">Santo Domingo bytur fra Punta Cana. Dagstur med alt inklusive.<\/h3>\n<h4><b><i>Hvad kan man forvente?<\/i><\/b><\/h4>\n<div class=\"apd_content_block\" data-tab=\"TABS_OVERVIEW\">\n<div class=\"ui_card section attractions-product-details-Overview__sectionMargin--uHktd attractions-product-details-Overview__cleanslateOverrideDT--39Ov7\"><\/div>\n<\/div>\n<div data-tab=\"TABS_WHAT_TO_EXPECT\">\n<div class=\"ui_card attractions-card-CollapsibleProductDetailsCard__cardContainer--3r2wk attractions-card-CollapsibleProductDetailsCard__cleanslateOverrideDT--2AJh0\">\n<div class=\"attractions-card-CollapsibleCard__header--IDA3r\">\n<div class=\"attractions-card-CollapsibleCard__headerSection--3gTKb\"><\/div>\n<\/div>\n<div class=\"attractions-card-CollapsibleCard__content--2Ws8q\">\n<div class=\"attractions-card-CollapsibleCard__contentWrap--374jk attractions-card-CollapsibleCard__titleUnderline--1uHze\">\n<div class=\"attractions-card-CollapsibleProductDetailsCard__cardContent--23ext\">\n<div class=\"common-text-ReadMore__readMore--3Iu8c common-text-ReadMore__variantFadeOut--1tInd\">\n<div class=\"common-text-ReadMore__content--2X4LR\">\n<div class=\"ui_columns is-desktop\">\n<div class=\"ui_column\">Santo Domingo er en magisk by, fuld af historie, kultur og fantastiske landskaber. G\u00e5 gennem den \u00e6ldste hovedstad i den &quot;nye&quot; verden; Santo Domingo er den f\u00f8rste by, der blev grundlagt i Amerika.<\/div>\n<div>I 1992 fejrede Santo Domingo, den \u00e6ldste by i Amerika, sit 500-\u00e5rs jubil\u00e6um for sin opdagelse af Christopher Columbus. Santo Domingo har den f\u00f8rste katedral, universitet og r\u00e5dhus i den nye verden. Hele byens centrum er proppet med koloniale bygninger fra det 15. og 16. \u00e5rhundrede.<\/div>\n<div>P\u00e5 denne tur vil du ikke kun bes\u00f8ge de vigtigste historiske bygninger, men ogs\u00e5 nogle museer og en fascinerende hule. &quot;Los Tres Ojos&quot; er det f\u00f8rste stop, hvor du vil se en hule l\u00e6re om Taino indiske liv.<\/div>\n<div><\/div>\n<\/div>\n<\/div>\n<\/div>\n<\/div>\n<\/div>\n<\/div>\n<\/div>\n<\/div>\n<h4><em><strong>Hvad skal du medbringe?<\/strong><\/em><\/h4>\n<ul>\n<li style=\"font-weight: 400;\"><span style=\"font-weight: 400;\">Kamera<\/span><\/li>\n<li style=\"font-weight: 400;\"><span style=\"font-weight: 400;\">Afvisende knopper<\/span><\/li>\n<li style=\"font-weight: 400;\"><span style=\"font-weight: 400;\">Solcreme<\/span><\/li>\n<li style=\"font-weight: 400;\"><span style=\"font-weight: 400;\">Hat<\/span><\/li>\n<li style=\"font-weight: 400;\"><span style=\"font-weight: 400;\">Komfortable bukser<\/span><\/li>\n<li style=\"font-weight: 400;\"><span style=\"font-weight: 400;\">Vandresko\u00a0<\/span><\/li>\n<li style=\"font-weight: 400;\"><span style=\"font-weight: 400;\">Sandaler til for\u00e5rets omr\u00e5der.<\/span><\/li>\n<li style=\"font-weight: 400;\"><span style=\"font-weight: 400;\">Badet\u00f8j<\/span><\/li>\n<\/ul>\n<p>&nbsp;<\/p>\n<h4><b><i>Hotel afhentning <\/i><\/b><\/h4>\n<p><span style=\"font-weight: 400;\">Rejsende afhentning tilbydes!<\/span><\/p>\n<p><span style=\"font-weight: 400;\">Vi henter fra alle hoteller i Punta Cana. Afhentningssted er Hotel Lobby<br \/>\nHvis du bor i en ejerlejlighed i omr\u00e5det, henter vi dig i lejligheden eller ved indgangen til det n\u00e6rmeste feriested.. Vi indstiller Pick up til at kontakte os via Whatsapp.<\/span><\/p>\n<p><b>Bem\u00e6rk:<\/b><span style=\"font-weight: 400;\"> Hvis du bestiller inden for 24 timer efter turens\/udflugtens afgangstidspunkt, kan vi arrangere hotelafhentning. N\u00e5r dit k\u00f8b er gennemf\u00f8rt, sender vi dig fuldst\u00e6ndige kontaktoplysninger (telefonnummer, e-mailadresse osv.), s\u00e5 vores lokale rejseguide kan organisere afhentningsarrangementer.<\/span><\/p>\n<h4><b><i>Yderligere info bekr\u00e6ftelse <\/i><\/b><\/h4>\n<ol>\n<li>Billetter er kvitteringen efter betaling af denne tur. Du kan vise betalingen p\u00e5 din telefon.<\/li>\n<li style=\"font-weight: 400;\"><span style=\"font-weight: 400;\">M\u00f8depunkt modtages efter reservationsprocessen.<\/span><\/li>\n<li style=\"font-weight: 400;\"><span style=\"font-weight: 400;\">B\u00f8rn skal ledsages af en voksen.<\/span><\/li>\n<li style=\"font-weight: 400;\"><span style=\"font-weight: 400;\"> Ikke tilg\u00e6ngelig for k\u00f8restolsbrugere <\/span><\/li>\n<li style=\"font-weight: 400;\"><span style=\"font-weight: 400;\">Sp\u00e6db\u00f8rn skal sidde p\u00e5 sk\u00f8det <\/span><\/li>\n<li style=\"font-weight: 400;\"><span style=\"font-weight: 400;\">Anbefales ikke til rejsende med rygproblemer<\/span><\/li>\n<li style=\"font-weight: 400;\"><span style=\"font-weight: 400;\">Anbefales ikke til gravide rejsende <\/span><\/li>\n<li style=\"font-weight: 400;\"><span style=\"font-weight: 400;\"> Ingen hjerteproblemer eller andre alvorlige medicinske tilstande <\/span><\/li>\n<li style=\"font-weight: 400;\"><span style=\"font-weight: 400;\">De fleste rejsende kan deltage<\/span><\/li>\n<\/ol>\n<h4><b><i>Afbestillingspolitik<\/i><\/b><\/h4>\n<p>For fuld refusion, l\u00e6s venligst vores afbestillingspolitikker\u00a0<a href=\"https:\/\/www.boattoursamana.com\/da\/online-booking\/\" target=\"_blank\" rel=\"noopener\" data-saferedirecturl=\"https:\/\/www.google.com\/url?q=https:\/\/www.boattoursamana.com\/online-booking\/&amp;source=gmail&amp;ust=1672449202351000&amp;usg=AOvVaw1yAeVAPktmaVCqDujgUn90\">Klik her<\/a>. Penge vil g\u00e5 tabt, hvis reservationen annulleres samme dag p\u00e5 rejsen.<\/p>\n\n\t\t<\/div>\n\t<\/div>\n<div class=\"vc_btn3-container vc_btn3-inline\" ><button class=\"vc_general vc_btn3 vc_btn3-size-md vc_btn3-shape-rounded vc_btn3-style-modern vc_btn3-color-green\">BOOK NU<\/button><\/div><\/div><\/div><\/div><\/div><div class=\"vc_row wpb_row vc_row-fluid\" ><div class=\"wpb_column vc_column_container vc_col-sm-12\"><div class=\"vc_column-inner\"><div class=\"wpb_wrapper\">\n\t<div class=\"wpb_video_widget wpb_content_element vc_clearfix   vc_video-aspect-ratio-169 vc_video-el-width-100 vc_video-align-left\" >\n\t\t<div class=\"wpb_wrapper\">\n\t\t\t<h2 class=\"wpb_heading wpb_video_heading\">Santo Domingo video:<\/h2>\n\t\t\t<div class=\"wpb_video_wrapper\"><iframe loading=\"lazy\" title=\"Santo Domingo, hovedstaden i Den Dominikanske Republik | REJSEDAGBOG\" width=\"1100\" height=\"619\" src=\"https:\/\/www.youtube.com\/embed\/CixCl3alHJw?feature=oembed\" frameborder=\"0\" allow=\"accelerometer; autoplay; encrypted-media; gyroscope; picture-in-picture\" allowfullscreen><\/iframe><\/div>\n\t\t<\/div>\n\t<\/div>\n<\/div><\/div><\/div><\/div><div class=\"vc_row wpb_row vc_row-fluid\" ><\/div><div class=\"wpb_column vc_column_container vc_col-sm-12\"><div class=\"vc_column-inner\"><div class=\"wpb_wrapper\"><div class=\"vc_btn3-container vc_btn3-inline\" ><button class=\"vc_general vc_btn3 vc_btn3-size-md vc_btn3-shape-rounded vc_btn3-style-modern vc_btn3-color-green\">BOOK NU<\/button><\/div><\/div><\/div><\/div><div class=\"vc_empty_space\"   style=\"height: 32px\"><span class=\"vc_empty_space_inner\"><\/span><\/div><div class=\"vc_empty_space\"   style=\"height: 32px\"><span class=\"vc_empty_space_inner\"><\/span><\/div><div class=\"vc_row wpb_row vc_row-fluid\" ><div class=\"wpb_column vc_column_container vc_col-sm-12\"><div class=\"vc_column-inner\"><div class=\"wpb_wrapper\"><\/div><\/div><\/div><\/div>","protected":false},"excerpt":{"rendered":"<p>For virkelig at opleve den rige historie og kultur i Den Dominikanske Republik, tag med os p\u00e5 en heldags tur til Santo Domingo, den \u00e6ldste by i Amerika. N\u00e5r du rejser i en moderne, ren og komfortabel bus, vil du blive underholdt af en professionel guide, der vil g\u00f8re denne tur b\u00e5de livlig og informativ.<\/p>\n<p>Du vil se mange interessante steder undervejs, herunder Chav\u00f3n-floden, som har v\u00e6ret med i film, s\u00e5som Apocalypse Now og Rambo.<\/p>\n<p>Bes\u00f8g Los Tres Ojos National Park og hele kolonizonen efter en typisk frokostbuffet.<\/p>\n<p><strong>V\u00e6lg dato for byrundturen:\u00a0<\/strong><\/p>","protected":false},"featured_media":13410,"template":"","meta":[],"product_cat":[347,948,159,160,972,966,348,349,253],"product_tag":[352,355,356,358,354,633,632,357,353,351,350],"class_list":["post-9314","product","type-product","status-publish","has-post-thumbnail","hentry","product_cat-santo-domingo-from-punta-cana","product_cat-1-punta-cana","product_cat-fees-entrace","product_cat-lunch","product_cat-punta-cana-group-tours","product_cat-punta-cana-santo-domingo","product_cat-tours-excursion-santo-domingo","product_cat-tours-and-excursion-punta-cana","product_cat-tours-and-excursions","product_tag-columbus-lighthouse","product_tag-day-trip-santo-domingo","product_tag-los-tres-ojos-national-park","product_tag-los-tres-ojos-santo-domingo","product_tag-santo-domingo-city-tour","product_tag-santo-domingo-excursion","product_tag-santo-domingo-tour","product_tag-the-3-eyes","product_tag-the-colonial-zone","product_tag-the-national-palace","product_tag-the-plaza-de-espana"],"_links":{"self":[{"href":"https:\/\/www.boattoursamana.com\/da\/wp-json\/wp\/v2\/product\/9314","targetHints":{"allow":["GET"]}}],"collection":[{"href":"https:\/\/www.boattoursamana.com\/da\/wp-json\/wp\/v2\/product"}],"about":[{"href":"https:\/\/www.boattoursamana.com\/da\/wp-json\/wp\/v2\/types\/product"}],"wp:featuredmedia":[{"embeddable":true,"href":"https:\/\/www.boattoursamana.com\/da\/wp-json\/wp\/v2\/media\/13410"}],"wp:attachment":[{"href":"https:\/\/www.boattoursamana.com\/da\/wp-json\/wp\/v2\/media?parent=9314"}],"wp:term":[{"taxonomy":"product_cat","embeddable":true,"href":"https:\/\/www.boattoursamana.com\/da\/wp-json\/wp\/v2\/product_cat?post=9314"},{"taxonomy":"product_tag","embeddable":true,"href":"https:\/\/www.boattoursamana.com\/da\/wp-json\/wp\/v2\/product_tag?post=9314"}],"curies":[{"name":"wp","href":"https:\/\/api.w.org\/{rel}","templated":true}]}}