{"id":9686,"date":"2019-10-25T17:17:13","date_gmt":"2019-10-25T17:17:13","guid":{"rendered":"https:\/\/www.ticketswhales.com\/?post_type=product&#038;p=9686"},"modified":"2023-10-25T07:18:51","modified_gmt":"2023-10-25T07:18:51","slug":"ermitano-beach-playa-ermitano-boat-tour-and-playa-onda-half-day-trip-samana-dominican-republic","status":"publish","type":"product","link":"https:\/\/www.boattoursamana.com\/da\/tur\/ermitano-strand-playa-ermitano-badtur-og-playa-onda-halvdagstur-samana-dominikanske-republik-2","title":{"rendered":"(Ermitano Beach) Playa Ermita\u00f1o B\u00e5dtur og Playa Onda, halvdagstur, Saman\u00e1 \u2013 Den Dominikanske Republik."},"content":{"rendered":"<div class=\"vc_row wpb_row vc_row-fluid\" ><div class=\"wpb_column vc_column_container vc_col-sm-12\"><div class=\"vc_column-inner\"><div class=\"wpb_wrapper\"><div class=\"vc_btn3-container vc_btn3-inline\" ><a class=\"vc_general vc_btn3 vc_btn3-size-md vc_btn3-shape-rounded vc_btn3-style-modern vc_btn3-color-green\" href=\"https:\/\/bookingadventures.tours\/booking.php?tour_id=7e99c2fca5922e90ee3d1d2969786362\" title=\"\" rel=\"noopener\">BOOK NU<\/a><\/div><div class=\"mkdf-section-title-holder\" style=\"text-align: left\">\n\t<div class=\"mkdf-st-inner\">\n\t\t\t\t\t<h5 class=\"mkdf-st-subtitle\" >\n\t\t\t\tFrokost, b\u00e5dtur og privat transport fra hoteller.\t\t\t<\/h5>\n\t\t\t\t\t\t\t<h3 class=\"mkdf-st-title\" >\n\t\t\t\t(Ermitano Beach) Playa Ermita\u00f1o B\u00e5dtur og Playa Onda, halvdagstur, Saman\u00e1 - Den Dominikanske Republik.\t\t\t<\/h3>\n\t\t\t\t\t<\/div>\n<\/div>\n\t<div class=\"wpb_text_column wpb_content_element\" >\n\t\t<div class=\"wpb_wrapper\">\n\t\t\t<h2 class=\"styles__heading___mD4_3\" data-radium=\"true\">(Ermitano Beach) Playa Ermita\u00f1o b\u00e5dtur og Playa Onda privat tur.<\/h2>\n<h4><b><i>Oversigt <\/i><\/b><\/h4>\n<p>Turen starter med at hente dig p\u00e5 dit hotel eller i lufthavnen i Samana-omr\u00e5det eller Las Galeras. Start din oplevelse ved Playa El Valle, en smuk og unik strand t\u00e6t p\u00e5 Saman\u00e1. Nyd en 25 min b\u00e5dtur til Playa Ermita\u00f1o, som er en stadig uudforsket og isoleret strand med turkisbl\u00e5t vand. Nyd frisk kokosvand. Oplev den \u00e6gte og uber\u00f8rte sk\u00f8nhed i Den Dominikanske Republik, og fordyb dig i naturen, mens du udforsker den hemmelige grotte i n\u00e6rheden. Bliv ved Playa Ermita\u00f1o, s\u00e5 l\u00e6nge du vil, og bes\u00f8g Playa Onda, en anden smuk vild strand, kun 15 minutters b\u00e5dtur v\u00e6k. Vend tilbage til Playa El Valle og forts\u00e6t derefter til Saman\u00e1, vil se lokale huse og l\u00e6re om det dominikanske virkelige liv.<\/p>\n<p>&nbsp;<\/p>\n<ul>\n<li>Lokal guide med sikkerhedserfaring i omr\u00e5det.<\/li>\n<li>Privat transport<\/li>\n<li>Gebyrer inkluderet<\/li>\n<li>Frokost p\u00e5 stranden<\/li>\n<li>Lokal rejseguide p\u00e5 spansk, engelsk eller fransk.<\/li>\n<li>Vandring<\/li>\n<\/ul>\n<h4><b>Inklusioner &amp; Eksklusioner<\/b><\/h4>\n<p>&nbsp;<\/p>\n<p><b>Inklusioner<\/b><\/p>\n<ol>\n<li><span style=\"font-weight: 400;\">Lokal guide med sikkerhedserfaring i omr\u00e5det.<\/span><\/li>\n<li>Privat transport for sm\u00e5 grupper<\/li>\n<li style=\"font-weight: 400;\">El Rincon Strand<\/li>\n<li>Dominican House Ranch<\/li>\n<li>Cano Frio floden<\/li>\n<li style=\"font-weight: 400;\"><span style=\"font-weight: 400;\">Alle skatter, gebyrer og ekspeditionsgebyrer<\/span><\/li>\n<li style=\"font-weight: 400;\"><span style=\"font-weight: 400;\">Lokale skatter<\/span><\/li>\n<li>Frokost p\u00e5 stranden<\/li>\n<li>Vandring<\/li>\n<li style=\"font-weight: 400;\"><span style=\"font-weight: 400;\">Alle aktiviteter<\/span><\/li>\n<\/ol>\n<p><b> Udelukkelser<\/b><\/p>\n<ol>\n<li style=\"font-weight: 400;\"><span style=\"font-weight: 400;\">Drikkepenge<\/span><\/li>\n<li>Alle drikkevarer<\/li>\n<\/ol>\n<h4><em><strong>Afgang og hjemrejse<\/strong><\/em><\/h4>\n<p><span style=\"font-weight: 400;\">Den rejsende f\u00e5r et m\u00f8dested efter reservationsprocessen. Ture starter og slutter i dine m\u00f8desteder.<\/span><\/p>\n<h2 class=\"styles__heading___mD4_3\" data-radium=\"true\">(Ermitano Beach) Playa Ermita\u00f1o b\u00e5dtur og Playa Onda privat tur.<\/h2>\n<h4><em>Hvad kan man forvente?<\/em><\/h4>\n<p>Efter at have forladt Samanas hotelomr\u00e5de og k\u00f8rt p\u00e5 tv\u00e6rs af de dominikanske gader, vil du se og l\u00e6re om den lokale livsstil. Denne strand ligger mellem Playa Honda og Playa El Valle p\u00e5 Samanas halv\u00f8. Den har en l\u00e6ngde p\u00e5 400 meter og er omgivet af rev. Den eneste m\u00e5de at f\u00e5 adgang til denne strand p\u00e5 er at vandre, gennem en t\u00e6t jungle-lignende sti eller med en b\u00e5d.<\/p>\n<p><span style=\"vertical-align: inherit;\"><span style=\"vertical-align: inherit;\">Historien er fascinerende og interessant... Juan El Ermita\u00f1o er en \u00e6ra for franske piratkopier, arrepentido, desembarc\u00f3 og d\u00eda og esta playa de Saman\u00e1. <\/span><span style=\"vertical-align: inherit;\">Cuenta la historia que hab\u00eda estado solo y aislado del mundo durante el a\u00f1o 1780. La leyenda dice que despu\u00e9s de 22 a\u00f1os de exilio, fue descubierto por sorpresa por sus antiguos compa\u00f1eros corsarios que lo creyeron muerto. <\/span><span style=\"vertical-align: inherit;\">Pero los espa\u00f1oles, asombrados por su austeridad y constancia, le concedieron el perd\u00f3n, consider\u00e1ndolo casi un santo. <\/span><span style=\"vertical-align: inherit;\">Pero como toda historie de piratas que se precie, Juan El Ermita\u00f1o guardaba un gran secreto: guardaba un precioso bot\u00edn de su \u00e9poca de pirata que se escond\u00eda en esta playa.<\/span><\/span><\/p>\n<p>N\u00e5r du ankommer der, vil du se et postkort perfekt landskab foran dig. Du vil have indtryk af at v\u00e6re unik i verden p\u00e5 dette magiske sted med sin frodige og tropiske vegetation og ved sk\u00f8nheden i dets krystalklare vand. Denne strand g\u00f8r en wow-oplevelse til virkelighed.<\/p>\n<p>Den tyrkiske og svenske version af Survivor tv-serien blev optaget p\u00e5 denne strand<\/p>\n<p>Denne tur, arrangeret af &quot;Booking Adventures&quot; starter ved m\u00f8destedet, der er fastsat med vores rejseguide. Kom med Booking Adventures og spis frokost p\u00e5 stranden og nyd en af de mest fantastiske strande i Samana, Den Dominikanske Republik.<\/p>\n<h4><em><strong>Hvad skal du medbringe?<\/strong><\/em><\/h4>\n<ul>\n<li style=\"font-weight: 400;\"><span style=\"font-weight: 400;\">Kamera<\/span><\/li>\n<li style=\"font-weight: 400;\"><span style=\"font-weight: 400;\">Afvisende knopper<\/span><\/li>\n<li style=\"font-weight: 400;\"><span style=\"font-weight: 400;\">Solcreme<\/span><\/li>\n<li>Vand<\/li>\n<li style=\"font-weight: 400;\"><span style=\"font-weight: 400;\">Hat<\/span><\/li>\n<li style=\"font-weight: 400;\"><span style=\"font-weight: 400;\">Komfortable bukser<\/span><\/li>\n<li style=\"font-weight: 400;\"><span style=\"font-weight: 400;\">Vandresko til skov<\/span><\/li>\n<li style=\"font-weight: 400;\"><span style=\"font-weight: 400;\">Sandaler til for\u00e5rets omr\u00e5der.<\/span><\/li>\n<li style=\"font-weight: 400;\"><span style=\"font-weight: 400;\">Badet\u00f8j<\/span><\/li>\n<\/ul>\n<p>&nbsp;<\/p>\n<h4><b><i>Hotel afhentning <\/i><\/b><\/h4>\n<p><span style=\"font-weight: 400;\">Hotel afhentning tilbydes til denne tur. <\/span><\/p>\n<p>&nbsp;<\/p>\n<p><b>Bem\u00e6rk:<\/b><span style=\"font-weight: 400;\"> Hvis du bestiller inden for 24 timer efter turens\/udflugtens afgangstidspunkt, kan vi arrangere hotelafhentning. Vi henter lige i Samana-omr\u00e5det. N\u00e5r dit k\u00f8b er gennemf\u00f8rt, sender vi dig fuldst\u00e6ndige kontaktoplysninger (telefonnummer, e-mailadresse osv.), s\u00e5 vores lokale rejseguide kan organisere afhentningsarrangementer.<\/span><\/p>\n<h4><b><i>Yderligere info bekr\u00e6ftelse <\/i><\/b><\/h4>\n<ol>\n<li>Billetter er kvitteringen efter betaling af denne tur. Du kan vise betalingen p\u00e5 din telefon.<\/li>\n<li style=\"font-weight: 400;\"><span style=\"font-weight: 400;\">M\u00f8depunkt modtages efter reservationsprocessen.<\/span><\/li>\n<li style=\"font-weight: 400;\"><span style=\"font-weight: 400;\">B\u00f8rn skal ledsages af en voksen.<\/span><\/li>\n<li style=\"font-weight: 400;\"><span style=\"font-weight: 400;\"> Ikke tilg\u00e6ngelig for k\u00f8restolsbrugere <\/span><\/li>\n<li style=\"font-weight: 400;\"><span style=\"font-weight: 400;\">Sp\u00e6db\u00f8rn skal sidde p\u00e5 sk\u00f8det <\/span><\/li>\n<li style=\"font-weight: 400;\"><span style=\"font-weight: 400;\">Anbefales ikke til rejsende med rygproblemer<\/span><\/li>\n<li style=\"font-weight: 400;\"><span style=\"font-weight: 400;\">Anbefales ikke til gravide rejsende <\/span><\/li>\n<li style=\"font-weight: 400;\"><span style=\"font-weight: 400;\"> Ingen hjerteproblemer eller andre alvorlige medicinske tilstande <\/span><\/li>\n<li style=\"font-weight: 400;\"><span style=\"font-weight: 400;\">De fleste rejsende kan deltage<\/span><\/li>\n<\/ol>\n<h4><b><i>Afbestillingspolitik<\/i><\/b><\/h4>\n<p>For fuld refusion, l\u00e6s venligst vores afbestillingspolitikker\u00a0<a href=\"https:\/\/www.boattoursamana.com\/da\/online-booking\/\" target=\"_blank\" rel=\"noopener\" data-saferedirecturl=\"https:\/\/www.google.com\/url?q=https:\/\/www.boattoursamana.com\/online-booking\/&amp;source=gmail&amp;ust=1672532492004000&amp;usg=AOvVaw3ylqI1cdbIPTimEqEWneyd\">Klik her<\/a>. Penge vil g\u00e5 tabt, hvis reservationen annulleres samme dag p\u00e5 rejsen.<\/p>\n\n\t\t<\/div>\n\t<\/div>\n<\/div><\/div><\/div><\/div><div class=\"vc_row wpb_row vc_row-fluid\" ><div class=\"wpb_column vc_column_container vc_col-sm-12\"><div class=\"vc_column-inner\"><div class=\"wpb_wrapper\">\n\t<div class=\"wpb_video_widget wpb_content_element vc_clearfix   vc_video-aspect-ratio-169 vc_video-el-width-100 vc_video-align-left\" >\n\t\t<div class=\"wpb_wrapper\">\n\t\t\t<h2 class=\"wpb_heading wpb_video_heading\">Se video:<\/h2>\n\t\t\t<div class=\"wpb_video_wrapper\"><iframe loading=\"lazy\" title=\"Playa Ermita\u00f1o - Saman\u00e1, Rep\u00fablica Dominicana\" src=\"https:\/\/player.vimeo.com\/video\/263076708?dnt=1&amp;app_id=122963\" width=\"1100\" height=\"619\" frameborder=\"0\" allow=\"autoplay; fullscreen\" allowfullscreen><\/iframe><\/div>\n\t\t<\/div>\n\t<\/div>\n<\/div><\/div><\/div><\/div><div class=\"vc_row wpb_row vc_row-fluid\" ><div class=\"wpb_column vc_column_container vc_col-sm-12\"><div class=\"vc_column-inner\"><div class=\"wpb_wrapper\"><div class=\"vc_empty_space\"   style=\"height: 32px\"><span class=\"vc_empty_space_inner\"><\/span><\/div>\n\t<div class=\"wpb_text_column wpb_content_element\" >\n\t\t<div class=\"wpb_wrapper\">\n\t\t\t<h4>Kontakt os?<\/h4>\n<h5>Booking Adventures<\/h5>\n<p><em><strong>Lokalbefolkningen<\/strong>\u00a0og\u00a0<strong>Nationale<\/strong>\u00a0Turguider og g\u00e6steservice<\/em><\/p>\n<p><span class=\"text-turquoise\">Reservationer:<\/span>\u00a0Ture og udflugter i Dom. Rep.<\/p>\n<p><img decoding=\"async\" class=\"emoji\" draggable=\"false\" src=\"https:\/\/s.w.org\/images\/core\/emoji\/11.2.0\/svg\/1f4de.svg\" alt=\"\ud83d\udcde\" title=\"\">\u00a0Tlf\/Whatsapp\u00a0\u00a0<a href=\"tel:+1-809-720-6035\">+1-809-720-6035<\/a>.<\/p>\n<p><img decoding=\"async\" class=\"emoji\" draggable=\"false\" src=\"https:\/\/s.w.org\/images\/core\/emoji\/11.2.0\/svg\/1f4e9.svg\" alt=\"\ud83d\udce9\" title=\"\">\u00a0<a href=\"mailto:info@bookingadventures.com.do\">info@bookingadventures.com.do<\/a><\/p>\n<p><strong>Vi er fleksibel indstilling af private ture af Whatsapp:\u00a0<a href=\"tel:+18097206035\">+18097206035.<\/a><\/strong><\/p>\n\n\t\t<\/div>\n\t<\/div>\n<div class=\"vc_empty_space\"   style=\"height: 32px\"><span class=\"vc_empty_space_inner\"><\/span><\/div><\/div><\/div><\/div><\/div><div class=\"vc_row wpb_row vc_row-fluid\" ><div class=\"wpb_column vc_column_container vc_col-sm-12\"><div class=\"vc_column-inner\"><div class=\"wpb_wrapper\"><div class=\"vc_btn3-container vc_btn3-inline\" ><a class=\"vc_general vc_btn3 vc_btn3-size-md vc_btn3-shape-rounded vc_btn3-style-modern vc_btn3-color-green\" href=\"https:\/\/bookingadventures.tours\/booking.php?tour_id=7e99c2fca5922e90ee3d1d2969786362\" title=\"\" rel=\"noopener\">BOOK NU<\/a><\/div><\/div><\/div><\/div><\/div>","protected":false},"excerpt":{"rendered":"<pre id=\"tw-target-text\" class=\"tw-data-text tw-text-large tw-ta\" dir=\"ltr\" data-placeholder=\"Translation\" data-ved=\"2ahUKEwiCmvnO05CCAxVehP0HHTI_C5cQ3ewLegQIChAQ\"><span class=\"Y2IQFc\" lang=\"en\">Start din oplevelse ved Playa El Valle, en smuk og unik strand n\u00e6r Saman\u00e1. Nyd en 25-minutters sejltur til Playa Ermita\u00f1o, som er en stadig uudforsket og afsondret strand med turkisbl\u00e5t vand. Nyd frisk kokosvand. Oplev den \u00e6gte, uber\u00f8rte sk\u00f8nhed i Den Dominikanske Republik, og fordyb dig i naturen, mens du udforsker den hemmelige grotte i n\u00e6rheden. Bliv i Playa Ermita\u00f1o, s\u00e5 l\u00e6nge du vil, og bes\u00f8g Playa Onda, en anden smuk vild strand, kun 15 minutter v\u00e6k med b\u00e5d. Vend tilbage til Playa El Valle og forts\u00e6t derefter til Saman\u00e1, du vil se lokale huse og l\u00e6re om det \u00e6gte dominikanske liv. Dette er en halvdagsoplevelse af den rigtige Saman\u00e1 i Den Dominikanske Republik.<\/span><\/pre>\n<p>&nbsp;<\/p>\n<p><i><b>Klik p\u00e5 BESTIL NU for at se tilg\u00e6ngelighed\u00a0<\/b><\/i><\/p>","protected":false},"featured_media":9698,"template":"","meta":[],"product_cat":[160,655,456,170,255],"product_tag":[510,516,520,515,519,522,521,517,523,511,518,512,514,513,327,375,200,187],"class_list":["post-9686","product","type-product","status-publish","has-post-thumbnail","hentry","product_cat-lunch","product_cat-1-samana","product_cat-day-trips","product_cat-local-tour-guides","product_cat-tours-excursions-samana-bay-dominican-republic","product_tag-ermitano-beach-playa-ermitano-boat-tour-and-playa-onda-private-trip","product_tag-ermitano-beach","product_tag-ermitano-excursion","product_tag-ermitano-samana","product_tag-ermitano-tour","product_tag-las-terrenas-excursions","product_tag-las-terrenas-tours","product_tag-onda-beach","product_tag-playa-ermitano-and-playa-onda-private-boat-tour","product_tag-playa-ermitano-tour","product_tag-playa-honda-samana","product_tag-playa-onda","product_tag-playa-onda-location","product_tag-playa-onda-samana-maps","product_tag-private-tours-samana","product_tag-samana-dominican-republic","product_tag-samana-excursions","product_tag-samana-tours"],"_links":{"self":[{"href":"https:\/\/www.boattoursamana.com\/da\/wp-json\/wp\/v2\/product\/9686","targetHints":{"allow":["GET"]}}],"collection":[{"href":"https:\/\/www.boattoursamana.com\/da\/wp-json\/wp\/v2\/product"}],"about":[{"href":"https:\/\/www.boattoursamana.com\/da\/wp-json\/wp\/v2\/types\/product"}],"wp:featuredmedia":[{"embeddable":true,"href":"https:\/\/www.boattoursamana.com\/da\/wp-json\/wp\/v2\/media\/9698"}],"wp:attachment":[{"href":"https:\/\/www.boattoursamana.com\/da\/wp-json\/wp\/v2\/media?parent=9686"}],"wp:term":[{"taxonomy":"product_cat","embeddable":true,"href":"https:\/\/www.boattoursamana.com\/da\/wp-json\/wp\/v2\/product_cat?post=9686"},{"taxonomy":"product_tag","embeddable":true,"href":"https:\/\/www.boattoursamana.com\/da\/wp-json\/wp\/v2\/product_tag?post=9686"}],"curies":[{"name":"wp","href":"https:\/\/api.w.org\/{rel}","templated":true}]}}