{"id":9731,"date":"2019-11-07T08:01:34","date_gmt":"2019-11-07T08:01:34","guid":{"rendered":"https:\/\/www.ticketswhales.com\/?post_type=product&#038;p=9731"},"modified":"2023-11-10T16:52:57","modified_gmt":"2023-11-10T16:52:57","slug":"bahia-de-las-aguilas-beach-day-trip-by-boat-day-pass-snorkeling-lunch","status":"publish","type":"product","link":"https:\/\/www.boattoursamana.com\/da\/tur\/bahia-de-las-aguilas-strand-dagstur-med-bad-dag-pas-snorkel-frokost-2","title":{"rendered":"Bah\u00eda de las \u00c1guilas: Stranddagstur med b\u00e5d \u2013 Dagskort \u2013 Snorkling og frokost"},"content":{"rendered":"<div class=\"vc_row wpb_row vc_row-fluid\" ><div class=\"wpb_column vc_column_container vc_col-sm-12\"><div class=\"vc_column-inner\"><div class=\"wpb_wrapper\"><div class=\"vc_btn3-container vc_btn3-inline\" ><button class=\"vc_general vc_btn3 vc_btn3-size-md vc_btn3-shape-rounded vc_btn3-style-modern vc_btn3-color-green\">BOOK NU<\/button><\/div>\n\t<div class=\"wpb_text_column wpb_content_element\" >\n\t\t<div class=\"wpb_wrapper\">\n\t\t\t<div class=\"vc_row wpb_row vc_row-fluid\">\n<div class=\"wpb_column vc_column_container vc_col-sm-12\">\n<div class=\"vc_column-inner\">\n<div class=\"wpb_wrapper\">\n<div class=\"mkdf-section-title-holder\">\n<div class=\"mkdf-st-inner\">\n<h5 class=\"mkdf-st-subtitle\">Dagskort \u2013 Snorkling og frokost<\/h5>\n<h3 class=\"mkdf-st-title\">Bah\u00eda de las Aguilas: Stranddagstur med b\u00e5d<\/h3>\n<\/div>\n<\/div>\n<\/div>\n<\/div>\n<\/div>\n<\/div>\n<div class=\"vc_row wpb_row vc_row-fluid\">\n<div class=\"wpb_column vc_column_container vc_col-sm-12\">\n<div class=\"vc_column-inner\">\n<div class=\"wpb_wrapper\">\n<div class=\"wpb_text_column wpb_content_element\">\n<div class=\"wpb_wrapper\">\n<h4><b><i>Oversigt<\/i><\/b><\/h4>\n<p>Nyd en dag p\u00e5 stranden og lad hum\u00f8ret flyde, langt v\u00e6k fra de turistede omr\u00e5der og al stress. Kom og oplev Jaragua Nationalpark og Bahia de las \u00c1guilas. K\u00f8r ad en smuk vej med en betagende udsigt over den lille havn og fiskerbyen Cabo Rojo. I Las Cuevas g\u00e5r du ombord p\u00e5 en b\u00e5d, der tager dig p\u00e5 en 15-minutters tur til en af de smukkeste naturlige strande i verden. Sandet p\u00e5 Bah\u00eda de las Aguilas er uber\u00f8rt, og bugten d\u00e6kker 8 km. Oplev et enest\u00e5ende kystlandskab med krystalklart vand, der skinner i nuancer, der r\u00e6kker fra turkis til opalbl\u00e5t, der smelter ind i horisonten. Frokost serveres p\u00e5 stranden, sv\u00f8m eller snorkling og udforsk dette uber\u00f8rte naturparadis.<\/p>\n<p>&nbsp;<\/p>\n<ul>\n<li>Lokal guide med sikkerhedserfaring i omr\u00e5det.<\/li>\n<li>Privat transport<\/li>\n<li>Gebyrer inkluderet<\/li>\n<li>Frokost<\/li>\n<li>Lokal rejseguide p\u00e5 spansk, engelsk eller fransk.<\/li>\n<li>Vandring<\/li>\n<li>Snorkling<\/li>\n<\/ul>\n<h4><b>Inklusioner &amp; Eksklusioner<\/b><\/h4>\n<p>&nbsp;<\/p>\n<p><b>Inklusioner<\/b><\/p>\n<ol>\n<li>Lokal guide med sikkerhedserfaring i omr\u00e5det.<\/li>\n<li>Privat transport for sm\u00e5 grupper<\/li>\n<li>Alle skatter, gebyrer og ekspeditionsgebyrer<\/li>\n<li>Lokale skatter<\/li>\n<li>Frokost<\/li>\n<li>Vandring<\/li>\n<li>Naturlige pools<\/li>\n<li>Snorkling<\/li>\n<li>Alle aktiviteter<\/li>\n<\/ol>\n<p><b>Udelukkelser<\/b><\/p>\n<ol>\n<li>Drikkepenge<\/li>\n<li>Alle drikkevarer<\/li>\n<\/ol>\n<h4><em><strong>Afgang og hjemrejse<\/strong><\/em><\/h4>\n<p>Den rejsende f\u00e5r et m\u00f8dested efter reservationsprocessen. Ture starter og slutter i dine m\u00f8desteder.<\/p>\n<h2 class=\"styles__heading___mD4_3\" data-radium=\"true\">Bah\u00eda de las Aguilas: Stranddagstur med b\u00e5d -Dagskort - Snorkling og frokost<\/h2>\n<h4><em>Hvad kan man forvente?<\/em><\/h4>\n<p>Playa de las Aguilas blev opkaldt efter den oprindelige \u00f8rn. Det er ber\u00f8mt kendt som den smukkeste strand i hele landet. Parkklimaet er meget t\u00f8rt, og vegetationen best\u00e5r hovedsageligt af kaktusser og andre \u00f8rkenplanter. Den r\u00f8de jordvej, der l\u00f8ber langs bugten, kan sammenlignes med et afrikansk savannelandskab.<br \/>\nOplev dette paradis for fiskere og elskere af hvide sandstrande og krystalklart vand. Men rejs f\u00f8rst til landsbyen La Cueva, hvor lokale fiskere bor inde i huler.<\/p>\n<p>Mangler der noget i dette billede perfekte \u00f8jeblik?<\/p>\n<p>Det stille hav og den lette vind vil holde dig fra at lide for meget af solen og varmen. Bliv en opdagelsesrejsende for dagen og opdag et \u00f8kologisk, naturligt og totalt uspoleret paradis. Du kan observere mere end 130 fuglearter, hvoraf 76 lever permanent i bugten, 10 er endemiske og 47 er migranter.<\/p>\n<p>08.00 \u2013 Afgang fra dit hotel<br \/>\n09.30 \u2013 Kort stop ved Laguna de Oviedo for at nyde udsigten fra udsigtsplatformen<br \/>\n11.00 \u2013 Afgang med b\u00e5d fra landsbyen La Cueva til Bahia de las Aguilas<br \/>\n12.30 \u2013 Typisk frokost p\u00e5 stranden<br \/>\n03.00 \u2013 Retur til La Cueva<br \/>\n06.00 \u2013 Ankomst til dit hotel<\/p>\n<h4><em><strong>Hvad skal du medbringe?<\/strong><\/em><\/h4>\n<ul>\n<li>Kamera<\/li>\n<li>Afvisende knopper<\/li>\n<li>Solcreme<\/li>\n<li>Toilet<\/li>\n<li>Hat<\/li>\n<li>Komfortable bukser<\/li>\n<li>Vandresko til skov<\/li>\n<li>Sandaler til for\u00e5rets omr\u00e5der.<\/li>\n<li>Badet\u00f8j<\/li>\n<\/ul>\n<p>&nbsp;<\/p>\n<h4><b><i>Pickup hotel<\/i><\/b><\/h4>\n<p>Hotel afhentning tilbydes til denne tur. Afhentning\/transport fra dit hotel (omr\u00e5det Barahona\/Paraiso\/Los Patos).<\/p>\n<p><b>Bem\u00e6rk:<\/b>\u00a0Hvis du er reserveret inden for 24 timer efter turens\/udflugtens afgangstidspunkt, kan vi arrangere hotelafhentning. Vi henter lige i Samana-omr\u00e5det. N\u00e5r dit k\u00f8b er gennemf\u00f8rt, sender vi dig fuldst\u00e6ndige kontaktoplysninger (telefonnummer, e-mail-adresse osv.), s\u00e5 vores lokale rejseguide kan organisere afhentningsarrangementer.<\/p>\n<h4><b><i>Yderligere info bekr\u00e6ftelse<\/i><\/b><\/h4>\n<ol>\n<li>Billetter er kvitteringen efter betaling af denne tur. Du kan vise betalingen p\u00e5 din telefon.<\/li>\n<li>M\u00f8depunktet vil blive modtaget efter reservationsprocessen.<\/li>\n<li>B\u00f8rn skal ledsages af en voksen.<\/li>\n<li>Ikke tilg\u00e6ngelig for k\u00f8restolsbrugere<\/li>\n<li>Sp\u00e6db\u00f8rn skal sidde p\u00e5 sk\u00f8det<\/li>\n<li>Anbefales ikke til rejsende med rygproblemer<\/li>\n<li>Anbefales ikke til gravide rejsende<\/li>\n<li>Ingen hjerteproblemer eller andre alvorlige medicinske tilstande<\/li>\n<li>De fleste rejsende kan deltage<\/li>\n<\/ol>\n<h4><b><i>Afbestillingspolitik<\/i><\/b><\/h4>\n<p>For en fuld refusion skal du annullere mindst 24 timer f\u00f8r startdatoen for oplevelsen. Penge vil g\u00e5 tabt, hvis reservationen annulleres samme dag p\u00e5 rejsen.<\/p>\n<\/div>\n<\/div>\n<\/div>\n<\/div>\n<\/div>\n<\/div>\n\n\t\t<\/div>\n\t<\/div>\n<\/div><\/div><\/div><\/div><div class=\"wpb_column vc_column_container vc_col-sm-12\"><div class=\"vc_column-inner\"><div class=\"wpb_wrapper\"><\/div><\/div><\/div>","protected":false},"excerpt":{"rendered":"<p>K\u00f8b en dagsbillet til Bahia las Aguilas fra Barahona. K\u00f8rer gennem Jaragua National Park og g\u00e5r til Cabo Rojo, hvor en b\u00e5d venter p\u00e5 dig. Efter en 15-minutters sejltur ankommer du til den smukke og afsondrede Bay of Eagles, der betragtes som den smukkeste strand i landet. Frokosten vil blive serveret p\u00e5 stranden, og du vil have mulighed for at sv\u00f8mme eller bare slappe af p\u00e5 stranden. Nyd det uber\u00f8rte hvide sand p\u00e5 denne 8 km lange strand.<\/p>\n<p><strong>V\u00e6lg dagen for denne rejse:\u00a0<\/strong><\/p>","protected":false},"featured_media":9747,"template":"","meta":[],"product_cat":[549,160],"product_tag":[557,554,555,563,560,556,564,559,553,567,566,561,565,558,562],"class_list":["post-9731","product","type-product","status-publish","has-post-thumbnail","hentry","product_cat-bahia-de-las-aguilas-dominican-republic","product_cat-lunch","product_tag-bahia-de-las-aguilas","product_tag-bahia-de-las-aguilas-pedernales","product_tag-bahia-de-las-aguilas-beach-tour","product_tag-bahia-de-las-aguilas-hoteles","product_tag-bahia-de-las-aguilas-map","product_tag-bahia-de-las-aguilas-private-tour","product_tag-bahia-de-las-aguilas-republica-dominicana-hotel","product_tag-bahia-de-las-aguilas-tour-from-punta-cana","product_tag-bahia-de-las-aguilas-beach-day-trip-by-boat","product_tag-bahia-las-aguilas-tours","product_tag-barahona-tours","product_tag-closest-airport-to-bahia-de-las-aguilas","product_tag-hotel-barahona","product_tag-playa-bahia-de-las-aguilas-dominican-republic","product_tag-tours-a-bahia-de-las-aguilas-desde-santo-domingo"],"_links":{"self":[{"href":"https:\/\/www.boattoursamana.com\/da\/wp-json\/wp\/v2\/product\/9731","targetHints":{"allow":["GET"]}}],"collection":[{"href":"https:\/\/www.boattoursamana.com\/da\/wp-json\/wp\/v2\/product"}],"about":[{"href":"https:\/\/www.boattoursamana.com\/da\/wp-json\/wp\/v2\/types\/product"}],"wp:featuredmedia":[{"embeddable":true,"href":"https:\/\/www.boattoursamana.com\/da\/wp-json\/wp\/v2\/media\/9747"}],"wp:attachment":[{"href":"https:\/\/www.boattoursamana.com\/da\/wp-json\/wp\/v2\/media?parent=9731"}],"wp:term":[{"taxonomy":"product_cat","embeddable":true,"href":"https:\/\/www.boattoursamana.com\/da\/wp-json\/wp\/v2\/product_cat?post=9731"},{"taxonomy":"product_tag","embeddable":true,"href":"https:\/\/www.boattoursamana.com\/da\/wp-json\/wp\/v2\/product_tag?post=9731"}],"curies":[{"name":"wp","href":"https:\/\/api.w.org\/{rel}","templated":true}]}}