{"id":9918,"date":"2020-03-29T08:08:03","date_gmt":"2020-03-29T08:08:03","guid":{"rendered":"https:\/\/www.ticketswhales.com\/Tours-Excursions\/uncategorized\/import-placeholder-for-9917\/"},"modified":"2023-11-10T16:12:30","modified_gmt":"2023-11-10T16:12:30","slug":"birdwatching-punta-cana-birding-tours-from-punta-cana-to-los-haitises-national-park","status":"publish","type":"product","link":"https:\/\/www.boattoursamana.com\/da\/tur\/fuglekiggeri-punta-cana-birding-ture-fra-punta-cana-til-los-haitises-nationalpark-2","title":{"rendered":"Fuglekigning Punta Cana \u2013 Fugleture fra Punta Cana til Los Haitises Nationalpark"},"content":{"rendered":"<div class=\"vc_row wpb_row vc_row-fluid\" ><div class=\"wpb_column vc_column_container vc_col-sm-12\"><div class=\"vc_column-inner\"><div class=\"wpb_wrapper\">\n\t<div class=\"wpb_text_column wpb_content_element\" >\n\t\t<div class=\"wpb_wrapper\">\n\t\t\t<div class=\"vc_row wpb_row vc_row-fluid\">\n<div class=\"wpb_column vc_column_container vc_col-sm-12\">\n<div class=\"vc_column-inner\">\n<div class=\"wpb_wrapper\">\n<div class=\"mkdf-section-title-holder\">\n<div class=\"mkdf-st-inner\">\n<h5 class=\"mkdf-st-subtitle\">Fuglekigning i Los Haitises National Park<\/h5>\n<h2 class=\"mkdf-st-title\">Fugleture fra Punta Cana til Los Haitises National Park<\/h2>\n<\/div>\n<\/div>\n<\/div>\n<\/div>\n<\/div>\n<\/div>\n<div class=\"vc_row wpb_row vc_row-fluid\">\n<div class=\"wpb_column vc_column_container vc_col-sm-12\">\n<div class=\"vc_column-inner\">\n<div class=\"wpb_wrapper\">\n<div class=\"wpb_text_column wpb_content_element\">\n<div class=\"wpb_wrapper\">\n<h4><b><i>Oversigt<\/i><\/b><\/h4>\n<section><\/section>\n<p>Kun bes\u00f8g tilbydes i Den Dominikanske Republik med nationale og lokale rejseguider, der er certificeret af turistministeriet i Den Dominikanske Republik. Kontakt direkte lokale eksperter og bes\u00f8g Los Haitises, National Park. Mens de fleste mennesker tager ud med b\u00e5d for at udforske parken og dens huler, \u00f8er. Vi vil v\u00e6re fokuseret p\u00e5 ornitologstudierne i Los Haitises Nationalpark. Nyder og l\u00e6rer om projekter til beskyttelse af dyrelivet p\u00e5 private ture.<\/p>\n<p>Vi bevarer 110 fuglearter, som du kan finde i Los Haitises National Park. G\u00e5 gennem denne magiske skov p\u00e5 jagt efter papeg\u00f8jer, Todys, Ridgway&#039;s Hawks, tanagers, kolibrier og meget mere. Giver interessant historie om alle disse fugle, som du kan se p\u00e5 Humit-stien. Vi kender pletternes levesteder for Ridgway&#039;s, Ashy Faced Owls og andre endemiske arter. Denne tur fokuserer p\u00e5 naturen og er mere koncentreret om informationen om dyrelivet med forventede lokale rejseledere, der er certificeret som ornitolog.<\/p>\n<p><strong>Normalt er det en privat tur for en oplevelse af virkelig h\u00f8j kvalitet.<\/strong><\/p>\n<p>Se her listen over de mest almindelige fugle p\u00e5 vores ture:\u00a0<a href=\"https:\/\/avibase.bsc-eoc.org\/checklist.jsp?lang=ES&amp;p2=1&amp;list=clements&amp;synlang=EN&amp;region=DO0005&amp;version=text&amp;lifelist=&amp;highlight=0\" target=\"_blank\" rel=\"noopener\"><strong>KLIK HER<\/strong><\/a><\/p>\n<h4><\/h4>\n<h4><b>Inklusioner &amp; Eksklusioner<\/b><\/h4>\n<p><b>Inklusioner<\/b><\/p>\n<ol>\n<li>3 timers fuglevandring p\u00e5 parkstierne<\/li>\n<li>Alle skatter, gebyrer og ekspeditionsgebyrer<\/li>\n<li>Lokale skatter<\/li>\n<li>Frokost<\/li>\n<li>Embedsm\u00e6nd \u00d8kolog rejseledere engelsk\/spansk<\/li>\n<li>Transfer fra Punta Cana<\/li>\n<\/ol>\n<p><b>Udelukkelser<\/b><\/p>\n<ol>\n<li>Drikkepenge<\/li>\n<li>Alkoholiske drikkevarer<\/li>\n<\/ol>\n<p>&nbsp;<\/p>\n<h4><a id=\"departure-return\" class=\"aal_anchor\" href=\"https:\/\/www.boattoursamana.com\/da\/tours-excursions\/fees-entrace\/fuglekiggeri-punta-cana-birding-ture-fra-punta-cana-til-los-haitises-nationalpark-2\/#departure-return\" target=\"_blank\" rel=\"noopener\" aria-hidden=\"true\"><\/a><em><strong>Afgang og hjemrejse<\/strong><\/em><\/h4>\n<p>Turen, organiseret af &quot;Booking Adventures locals Ornithologist tour Guides&quot; starter ved m\u00f8destedet, der er fastsat med Tour Guide. Den rejsende f\u00e5r et m\u00f8dested efter reservationsprocessen. Ture starter og slutter ved vores m\u00f8desteder.<\/p>\n<p>&nbsp;<\/p>\n<h4><a id=\"what-to-expect\" class=\"aal_anchor\" href=\"https:\/\/www.boattoursamana.com\/da\/tours-excursions\/fees-entrace\/fuglekiggeri-punta-cana-birding-ture-fra-punta-cana-til-los-haitises-nationalpark-2\/#what-to-expect\" target=\"_blank\" rel=\"noopener\" aria-hidden=\"true\"><\/a><b><i>Hvad kan man forvente?<\/i><\/b><\/h4>\n<p><em><strong>F\u00e5 din billet<\/strong><\/em>\u00a0til fuglekiggeri i Los Haitises National Park Fra Punta Cana. Turen fra Punta cana til nationalparken er omkring 1:45 minutter. N\u00e5r du ankommer til parken, f\u00e5r vi 30 min vandring og ser h\u00f8gene, vi har mulighed for at forts\u00e6tte med at vandre rundt og tjekke for papeg\u00f8jer, piculets og andre endemiske arter i Los Haitises National Park.<\/p>\n<p>Los Haitises National Park har kun to stier til fuglekikking i Sabana de la Mar. P\u00e5 vej til Los Hiatises National Park stopper vi nogle steder for at se flere fugle.<\/p>\n<p>Efter 4 en halv times l\u00e6ring om fugle i Los Haitises National Park, slutter denne udflugt samme sted, som den startede.<\/p>\n<p><strong>Bem\u00e6rk: Disse ture er med Officials Ecologist tour guides. Book venligst med tid, for i parken er der ikke for mange specialister.<\/strong><\/p>\n<p>&nbsp;<\/p>\n<h4><a id=\"what-you-should-bring\" class=\"aal_anchor\" href=\"https:\/\/www.boattoursamana.com\/da\/tours-excursions\/fees-entrace\/fuglekiggeri-punta-cana-birding-ture-fra-punta-cana-til-los-haitises-nationalpark-2\/#what-you-should-bring\" target=\"_blank\" rel=\"noopener\" aria-hidden=\"true\"><\/a><em><strong>Hvad skal du medbringe?<\/strong><\/em><\/h4>\n<ul>\n<li>Kamera<\/li>\n<li>Kikkert<\/li>\n<li>Afvisende knopper<\/li>\n<li>solcreme<\/li>\n<li>Hat<\/li>\n<li>Komfortable bukser<\/li>\n<li>Vandresko til skov<\/li>\n<li>Sandaler til for\u00e5rets omr\u00e5der.<\/li>\n<li>Badet\u00f8j<\/li>\n<\/ul>\n<p>&nbsp;<\/p>\n<h4><a id=\"hotel-pickup\" class=\"aal_anchor\" href=\"https:\/\/www.boattoursamana.com\/da\/tours-excursions\/fees-entrace\/fuglekiggeri-punta-cana-birding-ture-fra-punta-cana-til-los-haitises-nationalpark-2\/#hotel-pickup\" target=\"_blank\" rel=\"noopener\" aria-hidden=\"true\"><\/a><b><i>Pickup hotel<\/i><\/b><\/h4>\n<p>Hotel afhentning tilbydes til denne tur.<\/p>\n<p><b>Bem\u00e6rk:<\/b>\u00a0Hvis du bestiller inden for 24 timer efter turens\/udflugtens afgangstidspunkt, kan vi arrangere hotelafhentning i Punta Cana. N\u00e5r dit k\u00f8b er gennemf\u00f8rt, sender vi dig fuldst\u00e6ndige kontaktoplysninger (telefonnummer, e-mailadresse osv.), s\u00e5 vores lokale rejseguide kan organisere afhentningsarrangementer.<\/p>\n<h4><a id=\"additional-info-confirmation\" class=\"aal_anchor\" href=\"https:\/\/www.boattoursamana.com\/da\/tours-excursions\/fees-entrace\/fuglekiggeri-punta-cana-birding-ture-fra-punta-cana-til-los-haitises-nationalpark-2\/#additional-info-confirmation\" target=\"_blank\" rel=\"noopener\" aria-hidden=\"true\"><\/a><b><i>Yderligere info bekr\u00e6ftelse<\/i><\/b><\/h4>\n<ol>\n<li>Billetter er kvitteringen efter betaling for denne tur. Du kan vise betalingen p\u00e5 din telefon.<\/li>\n<li>M\u00f8depunktet vil blive modtaget efter reservationsprocessen.<\/li>\n<li>B\u00f8rn skal ledsages af en voksen.<\/li>\n<li>Ikke tilg\u00e6ngelig for k\u00f8restolsbrugere<\/li>\n<li>Sp\u00e6db\u00f8rn skal sidde p\u00e5 sk\u00f8det<\/li>\n<li>Anbefales ikke til rejsende med rygproblemer<\/li>\n<li>Anbefales ikke til gravide rejsende<\/li>\n<li>Ingen hjerteproblemer eller andre alvorlige medicinske tilstande<\/li>\n<li>De fleste rejsende kan deltage<\/li>\n<\/ol>\n<p>Denne tur tilbydes til minimum 2 personer og h\u00f8jst 15 personer. Ved f\u00e6rre personer bedes du kontakte os.<\/p>\n<h4><a id=\"cancellation-policy\" class=\"aal_anchor\" href=\"https:\/\/www.boattoursamana.com\/da\/tours-excursions\/fees-entrace\/fuglekiggeri-punta-cana-birding-ture-fra-punta-cana-til-los-haitises-nationalpark-2\/#cancellation-policy\" target=\"_blank\" rel=\"noopener\" aria-hidden=\"true\"><\/a><b><i>Afbestillingspolitik<\/i><\/b><\/h4>\n<p>For en fuld refusion skal du annullere mindst 24 timer f\u00f8r startdatoen for oplevelsen.<\/p>\n<\/div>\n<\/div>\n<\/div>\n<\/div>\n<\/div>\n<\/div>\n<div class=\"vc_row wpb_row vc_row-fluid\">\n<div class=\"wpb_column vc_column_container vc_col-sm-12\">\n<div class=\"vc_column-inner\">\n<div class=\"wpb_wrapper\">\n<div class=\"wpb_text_column wpb_content_element\">\n<div class=\"wpb_wrapper\">\n<h4>Kontakt os?<\/h4>\n<h5><em><strong>Booking Adventures<\/strong><\/em><\/h5>\n<p><em><strong>Lokalbefolkningen<\/strong>\u00a0og\u00a0<strong>Nationale<\/strong>\u00a0Turguider og g\u00e6steservice<\/em><\/p>\n<p><span class=\"text-turquoise\">Reservationer:<\/span>\u00a0Ture og udflugter i Dom. Rep.<\/p>\n<p>\ud83d\udcde Tel \/ Whatsapp\u00a0\u00a0<a href=\"tel: 1-809-720-6035\">+1-809-720-6035<\/a>.<\/p>\n<p>\ud83d\udce9\u00a0<a href=\"mailto:info@bookingadventures.com.do\">info@bookingadventures.com.do<\/a><\/p>\n<p><strong>Vi er fleksibel indstilling af private ture af Whatsapp:\u00a0<a href=\"tel: 18097206035\">+18097206035.<\/a><\/strong><\/p>\n<\/div>\n<\/div>\n<\/div>\n<\/div>\n<\/div>\n<\/div>\n\n\t\t<\/div>\n\t<\/div>\n<\/div><\/div><\/div><\/div><div class=\"wpb_column vc_column_container vc_col-sm-12\"><div class=\"vc_column-inner\"><div class=\"wpb_wrapper\"><\/div><\/div><\/div><div class=\"wpb_column vc_column_container vc_col-sm-12\"><div class=\"vc_column-inner\"><div class=\"wpb_wrapper\"><\/div><\/div><\/div>","protected":false},"excerpt":{"rendered":"<p><span style=\"vertical-align: inherit;\"><span style=\"vertical-align: inherit;\">Fuglekigning: Fuld morgen p\u00e5 regnskovsstierne i Los Haitises National Park. Denne park har en bred vifte af fugle- og dyrearter og er en favorit blandt fuglekiggere. Mens antallet, der ses, kan v\u00e6re h\u00f8jere end andre steder, betyder Cano Hondos placering i et let fugtigt omr\u00e5de af landet, at regnskoven er mere \u00e5ben med f\u00e6rre kakao- og kaffeplantager, hvilket g\u00f8r det nemmere at f\u00e5 \u00f8je p\u00e5 dyrelivet.<\/span><\/span><\/p>\n<p>Dette er en privat tur. Du kan v\u00e6lge et tidspunkt for at begynde fugleoplevelsen, og hvorn\u00e5r du skal vende tilbage til Punta Cana.<\/p>\n<p><strong>V\u00e6lg datoen for aktiviteten:<\/strong><\/p>","protected":false},"featured_media":9763,"template":"","meta":[],"product_cat":[178,948,946,932,168,159,927,170,169,773,971,964,253,254,255],"product_tag":[586,237,582,584,628,236,583,625,630,629,585,171,624,209,627,239,238,175,240],"class_list":["post-9918","product","type-product","status-publish","has-post-thumbnail","hentry","product_cat-hiking","product_cat-1-punta-cana","product_cat-1-sabana-de-la-mar","product_cat-birdwatching-los-haitises","product_cat-caves","product_cat-fees-entrace","product_cat-hiking-los-haitises","product_cat-local-tour-guides","product_cat-mangroves","product_cat-private-tours-excursions","product_cat-punta-cana-private-tours","product_cat-punta-cana-los-haitises","product_cat-tours-and-excursions","product_cat-tours-excursions-los-haitises-national-park","product_cat-tours-excursions-samana-bay-dominican-republic","product_tag-biding-sabana-de-la-mar","product_tag-birding","product_tag-birding-dominican-republic","product_tag-birding-in-los-haitises","product_tag-los-haitises-national-park-birding-tour-from-punta-cana","product_tag-birdwatching","product_tag-birdwatching-dominicana","product_tag-birdwtaching","product_tag-carretera-cano-hondo","product_tag-eco-lodge-paraiso-cano-hondo","product_tag-hire-a-guide-in-los-haitises","product_tag-los-haitises","product_tag-los-haitises-birding","product_tag-los-haitises-national-park","product_tag-los-haitises-national-park-cano-hondo","product_tag-nature","product_tag-ridgways-hawk","product_tag-sabana-de-la-mar","product_tag-wildlife"],"_links":{"self":[{"href":"https:\/\/www.boattoursamana.com\/da\/wp-json\/wp\/v2\/product\/9918","targetHints":{"allow":["GET"]}}],"collection":[{"href":"https:\/\/www.boattoursamana.com\/da\/wp-json\/wp\/v2\/product"}],"about":[{"href":"https:\/\/www.boattoursamana.com\/da\/wp-json\/wp\/v2\/types\/product"}],"wp:featuredmedia":[{"embeddable":true,"href":"https:\/\/www.boattoursamana.com\/da\/wp-json\/wp\/v2\/media\/9763"}],"wp:attachment":[{"href":"https:\/\/www.boattoursamana.com\/da\/wp-json\/wp\/v2\/media?parent=9918"}],"wp:term":[{"taxonomy":"product_cat","embeddable":true,"href":"https:\/\/www.boattoursamana.com\/da\/wp-json\/wp\/v2\/product_cat?post=9918"},{"taxonomy":"product_tag","embeddable":true,"href":"https:\/\/www.boattoursamana.com\/da\/wp-json\/wp\/v2\/product_tag?post=9918"}],"curies":[{"name":"wp","href":"https:\/\/api.w.org\/{rel}","templated":true}]}}