{"id":9925,"date":"2020-03-29T08:08:21","date_gmt":"2020-03-29T08:08:21","guid":{"rendered":"https:\/\/www.ticketswhales.com\/Tours-Excursions\/uncategorized\/import-placeholder-for-10408\/"},"modified":"2023-11-10T14:42:19","modified_gmt":"2023-11-10T14:42:19","slug":"27-waterfalls-of-damajagua-tour-from-cabarete-sosua-and-puerto-plata-hotels-pick-up","status":"publish","type":"product","link":"https:\/\/www.boattoursamana.com\/da\/tur\/27-vandfald-af-damajagua-tur-fra-cabarete-sosua-og-puerto-plata-hoteller-afhentning","title":{"rendered":"27 vandfald i Damajagua Tour fra Cabarete, Sosua og Puerto Plata. Hoteller afhentning."},"content":{"rendered":"<div class=\"vc_row wpb_row vc_row-fluid\" ><div class=\"wpb_column vc_column_container vc_col-sm-12\"><div class=\"vc_column-inner\"><div class=\"wpb_wrapper\"><div class=\"mkdf-section-title-holder\" style=\"text-align: left\">\n\t<div class=\"mkdf-st-inner\">\n\t\t\t\t\t<h5 class=\"mkdf-st-subtitle\" >\n\t\t\t\tTransport og frokost inkluderet\t\t\t<\/h5>\n\t\t\t\t\t\t\t<h3 class=\"mkdf-st-title\" >\n\t\t\t\t27 vandfald i Damajagua Tour fra Cabarete, Sosua og Puerto Plata.\t\t\t<\/h3>\n\t\t\t\t\t<\/div>\n<\/div><\/div><\/div><\/div><\/div><div class=\"vc_row wpb_row vc_row-fluid\" ><div class=\"wpb_column vc_column_container vc_col-sm-12\"><div class=\"vc_column-inner\"><div class=\"wpb_wrapper\"><div class=\"vc_btn3-container vc_btn3-inline\" ><a class=\"vc_general vc_btn3 vc_btn3-size-md vc_btn3-shape-rounded vc_btn3-style-modern vc_btn3-color-green\" href=\"https:\/\/bookingadventures.tours\/booking.php?tour_id=36f9705bcc61386d84e226d0c35f8a49\" title=\"\" rel=\"noopener\">BOOK NU<\/a><\/div>\n\t<div class=\"wpb_text_column wpb_content_element\" >\n\t\t<div class=\"wpb_wrapper\">\n\t\t\t<h3 class=\"ui_header h1 attractions-product-info-ProductTitle__title--1qM0o\"><\/h3>\n<h4><b><i>Oversigt <\/i><\/b><\/h4>\n<p>F\u00e5 dine billetter til en halvdagsudflugt her i 27-vandfaldet fra Damajagua. Entr\u00e9billetter med frokost og udflugt inkluderer at hoppe og sv\u00f8mme i de smukkeste vandfald i Den Dominikanske Republik. Vandreture og sv\u00f8mning med sikkerhedsudstyr for at f\u00e5 den bedste oplevelse nogensinde!!<\/p>\n<p>Efter denne oplevelse kommer du tilbage til det sted, hvor du m\u00f8des med rejseguiden.<\/p>\n<ul>\n<li style=\"font-weight: 400;\">Gebyrer inkluderet<\/li>\n<li>Frokost<\/li>\n<li>Snacks<\/li>\n<li style=\"font-weight: 400;\">Lokal rejseguide p\u00e5 engelsk<\/li>\n<\/ul>\n<p>&nbsp;<\/p>\n<h4><b>Inklusioner &amp; Eksklusioner<\/b><\/h4>\n<p>&nbsp;<\/p>\n<p><b>Inklusioner<\/b><\/p>\n<ol>\n<li>\u00a0 27 vandfald i Damajagua (i dag er der kun 12 og 7 kaskader ture)<\/li>\n<li>\u00a0 Buffet inklusive drikkevarer og tropiske drinks<\/li>\n<li>\u00a0 Alle skatter, gebyrer og ekspeditionsgebyrer<\/li>\n<li>\u00a0 Lokale skatter<\/li>\n<li>\u00a0 Alle aktiviteter<\/li>\n<li>\u00a0 Lokal guide<\/li>\n<li>\u00a0 Cigarfabriksbes\u00f8g<\/li>\n<\/ol>\n<p><b> Udelukkelser<\/b><\/p>\n<ol>\n<li style=\"font-weight: 400;\"><span style=\"font-weight: 400;\">Drikkepenge<\/span><\/li>\n<\/ol>\n<h4><em><strong>Afgang og hjemrejse<\/strong><\/em><\/h4>\n<p><span style=\"font-weight: 400;\">Vi har en tidsplan designet til at hente og aflevere dig baseret p\u00e5 det omr\u00e5de, du befinder dig i. Se venligst de detaljerede oplysninger nedenfor i afsnittet om hotelafhentning. <\/span><\/p>\n<p>Dette er det program, vi har sat baseret p\u00e5 dine placeringer. Fort\u00e6l os venligst dit specifikke hotel, s\u00e5 kontakter vi dig for at fort\u00e6lle dig, hvor vi vil m\u00f8de dig.<\/p>\n<p>&nbsp;<\/p>\n<table style=\"height: 246px;\" width=\"237\">\n<tbody>\n<tr>\n<td><b>Placere<\/b><\/td>\n<td><b>Tid<\/b><\/td>\n<\/tr>\n<tr>\n<td><b>Cabarete<\/b><\/td>\n<td><b>7:45<\/b><\/td>\n<\/tr>\n<tr>\n<td><b>Sosua<\/b><\/td>\n<td><b>8:10<\/b><\/td>\n<\/tr>\n<tr>\n<td><b>Playa Dorada<\/b><\/td>\n<td><b>8:50<\/b><\/td>\n<\/tr>\n<tr>\n<td><b>Costa Dorada<\/b><\/td>\n<td><b>09:00<\/b><\/td>\n<\/tr>\n<tr>\n<td><b>Cofresi (livsstil)<\/b><\/td>\n<td><b>9:20<\/b><\/td>\n<\/tr>\n<tr>\n<td><b>Senator<\/b><\/td>\n<td><b>9:30<\/b><\/td>\n<\/tr>\n<\/tbody>\n<\/table>\n<h4><\/h4>\n<h3 class=\"ui_header h1 attractions-product-info-ProductTitle__title--1qM0o\">27 vandfald i Damajagua Tour fra Puerto Plata.<\/h3>\n<h4><b><i>Hvad kan man forvente?<\/i><\/b><\/h4>\n<div class=\"apd_content_block\" data-tab=\"TABS_OVERVIEW\">\n<div class=\"ui_card section attractions-product-details-Overview__sectionMargin--uHktd attractions-product-details-Overview__cleanslateOverrideDT--39Ov7\">\n<p>Oplev de afsondrede Damajagua-vandfald, gemt i bakkerne i Den Dominikanske Republiks nordlige korridor, p\u00e5 denne heldagstur fra Puerto Plata. Udforsk de 27 uber\u00f8rte vandfald, der falder over kalksten, med din lokale guide. F\u00e5 en kort sikkerhedsbriefing, hop, sv\u00f8m og glid ned ad naturlige vandrutsjebaner.<\/p>\n<p>Frokost og drikkevarer er inkluderet. En moderat 40-minutters vandretur op ad bakke gennem et smukt junglelandskab bringer dig til det 12. vandfald eller, hvis du er i fremragende fysisk form, v\u00e6lg at vandre hele vejen til toppen af de 27 vandfald (ca. 70 minutter) og oplev det hele .<\/p>\n<p>Uanset hvad, din virkelige sjov begynder, n\u00e5r vi g\u00e5r tilbage ned ad floden, og du hopper, glider og sv\u00f8mmer dig vej gennem en r\u00e6kke spektakul\u00e6re vandfald, kl\u00f8fter og azurbl\u00e5 pools, der dukker op med et fjollet grin p\u00e5 dit ansigt og utrolige minder at v\u00e6rne om! Turene inkluderer hop p\u00e5 op til 25 fod (8 meter), men bare rolig, hvis du er utilpas ved at hoppe, er der en alternativ vej ned.<\/p>\n<p>Efter en 15-minutters g\u00e5tur tilbage til base camp og omkl\u00e6dning til dit t\u00f8rre t\u00f8j nyd en l\u00e6kker og varieret dominikansk frokostbuffet, som inkluderer grillet kylling og svinek\u00f8d, gryderetter, ris, pasta og salater.<\/p>\n<p>Lokale romdrikke, sodavand og vand er ogs\u00e5 inkluderet (\u00f8l er tilg\u00e6ngeligt, men ikke inkluderet). Efter m\u00e5ltidet vil du sige farvel til de lokale guider, men minderne om denne oplevelse vil vare livet ud. Og det er ikke alt, du vil s\u00e5 g\u00e5 til en cigarfabrik, hvor du vil se, hvordan de tilbereder dem og ogs\u00e5 kunne f\u00e5 nogle, hvis du er interesseret. Husk, at Den Dominikanske Republik er et af de bedste lande, der laver cigarer, s\u00e5 dette er din chance for at l\u00e6re af de bedste l\u00e6rere nogensinde.<\/p>\n<\/div>\n<\/div>\n<h4><em><strong>Hvad skal du medbringe?<\/strong><\/em><\/h4>\n<ul>\n<li style=\"font-weight: 400;\"><span style=\"font-weight: 400;\">Kamera<\/span><\/li>\n<li style=\"font-weight: 400;\"><span style=\"font-weight: 400;\">Afvisende knopper<\/span><\/li>\n<li style=\"font-weight: 400;\"><span style=\"font-weight: 400;\">Solcreme<\/span><\/li>\n<li style=\"font-weight: 400;\"><span style=\"font-weight: 400;\">Hat<\/span><\/li>\n<li style=\"font-weight: 400;\"><span style=\"font-weight: 400;\">Komfortable bukser<\/span><\/li>\n<li style=\"font-weight: 400;\"><span style=\"font-weight: 400;\">Vandresko til skov<\/span><\/li>\n<li style=\"font-weight: 400;\"><span style=\"font-weight: 400;\">Sandaler til for\u00e5rets omr\u00e5der.<\/span><\/li>\n<li style=\"font-weight: 400;\"><span style=\"font-weight: 400;\">Badet\u00f8j<\/span><\/li>\n<\/ul>\n<p>&nbsp;<\/p>\n<h4><b><i>Hotel afhentning <\/i><\/b><\/h4>\n<p><span style=\"font-weight: 400;\">Hotel afhentning tilbydes til denne tur. Vi indstiller Pick up til at kontakte os via Whatsapp.<\/span><\/p>\n<p>&nbsp;<\/p>\n<p><b>Bem\u00e6rk:<\/b><span style=\"font-weight: 400;\"> Hvis du bestiller inden for 24 timer efter turens\/udflugtens afgangstidspunkt, kan vi arrangere hotelafhentning. N\u00e5r dit k\u00f8b er gennemf\u00f8rt, sender vi dig fuldst\u00e6ndige kontaktoplysninger (telefonnummer, e-mailadresse osv.), s\u00e5 vores lokale rejseguide kan organisere afhentningsarrangementer.<\/span><\/p>\n<h4><b><i>Yderligere info bekr\u00e6ftelse <\/i><\/b><\/h4>\n<ol>\n<li>Billetter er kvitteringen efter betaling af denne tur. Du kan vise betalingen p\u00e5 din telefon.<\/li>\n<li style=\"font-weight: 400;\"><span style=\"font-weight: 400;\">M\u00f8depunkt modtages efter reservationsprocessen.<\/span><\/li>\n<li style=\"font-weight: 400;\"><span style=\"font-weight: 400;\">B\u00f8rn skal ledsages af en voksen.<\/span><\/li>\n<li style=\"font-weight: 400;\"><span style=\"font-weight: 400;\"> Ikke tilg\u00e6ngelig for k\u00f8restolsbrugere <\/span><\/li>\n<li style=\"font-weight: 400;\"><span style=\"font-weight: 400;\">Sp\u00e6db\u00f8rn skal sidde p\u00e5 sk\u00f8det <\/span><\/li>\n<li style=\"font-weight: 400;\"><span style=\"font-weight: 400;\">Anbefales ikke til rejsende med rygproblemer<\/span><\/li>\n<li style=\"font-weight: 400;\"><span style=\"font-weight: 400;\">Anbefales ikke til gravide rejsende <\/span><\/li>\n<li style=\"font-weight: 400;\"><span style=\"font-weight: 400;\"> Ingen hjerteproblemer eller andre alvorlige medicinske tilstande <\/span><\/li>\n<li style=\"font-weight: 400;\"><span style=\"font-weight: 400;\">De fleste rejsende kan deltage<\/span><\/li>\n<\/ol>\n<h4><b><i>Afbestillingspolitik<\/i><\/b><\/h4>\n<p>For fuld refusion, l\u00e6s venligst vores afbestillingspolitikker\u00a0<a href=\"https:\/\/www.boattoursamana.com\/da\/online-booking\/\" target=\"_blank\" rel=\"noopener\" data-saferedirecturl=\"https:\/\/www.google.com\/url?q=https:\/\/www.boattoursamana.com\/online-booking\/&amp;source=gmail&amp;ust=1672449202351000&amp;usg=AOvVaw1yAeVAPktmaVCqDujgUn90\">Klik her<\/a>. Penge vil g\u00e5 tabt, hvis reservationen annulleres samme dag p\u00e5 rejsen.<\/p>\n\n\t\t<\/div>\n\t<\/div>\n<\/div><\/div><\/div><\/div><div class=\"vc_row wpb_row vc_row-fluid\" ><div class=\"wpb_column vc_column_container vc_col-sm-12\"><div class=\"vc_column-inner\"><div class=\"wpb_wrapper\"><div class=\"vc_btn3-container vc_btn3-inline\" ><a class=\"vc_general vc_btn3 vc_btn3-size-md vc_btn3-shape-rounded vc_btn3-style-modern vc_btn3-color-green\" href=\"https:\/\/bookingadventures.tours\/booking.php?tour_id=36f9705bcc61386d84e226d0c35f8a49\" title=\"\" rel=\"noopener\">BOOK NU<\/a><\/div>\n\t<div class=\"wpb_video_widget wpb_content_element vc_clearfix   vc_video-aspect-ratio-169 vc_video-el-width-100 vc_video-align-left\" >\n\t\t<div class=\"wpb_wrapper\">\n\t\t\t<h2 class=\"wpb_heading wpb_video_heading\">27 vandfald i Damajagua Tour fra Puerto Plata:<\/h2>\n\t\t\t<div class=\"wpb_video_wrapper\"><iframe loading=\"lazy\" title=\"27 vandfald i Damajagua af Booking Adventures &amp; Travel Den Dominikanske Republik\" width=\"1100\" height=\"619\" src=\"https:\/\/www.youtube.com\/embed\/AVNh_we_RQE?start=17&feature=oembed\" frameborder=\"0\" allow=\"accelerometer; autoplay; encrypted-media; gyroscope; picture-in-picture\" allowfullscreen><\/iframe><\/div>\n\t\t<\/div>\n\t<\/div>\n<\/div><\/div><\/div><\/div><div class=\"vc_row wpb_row vc_row-fluid\" ><div class=\"wpb_column vc_column_container vc_col-sm-12\"><div class=\"vc_column-inner\"><div class=\"wpb_wrapper\"><div class=\"vc_empty_space\"   style=\"height: 32px\"><span class=\"vc_empty_space_inner\"><\/span><\/div>\n\t<div class=\"wpb_text_column wpb_content_element\" >\n\t\t<div class=\"wpb_wrapper\">\n\t\t\t<h4>Kontakt os?<\/h4>\n<h5><em><strong>Booking Adventures<\/strong><\/em><\/h5>\n<p><em><strong>Lokalbefolkningen<\/strong>\u00a0og\u00a0<strong>Nationale<\/strong>\u00a0Turguider og g\u00e6steservice<\/em><\/p>\n<p><span class=\"text-turquoise\">Reservationer:<\/span>\u00a0Ture og udflugter i Dom. Rep.<\/p>\n<p><img decoding=\"async\" class=\"emoji\" draggable=\"false\" src=\"https:\/\/s.w.org\/images\/core\/emoji\/11.2.0\/svg\/1f4de.svg\" alt=\"\ud83d\udcde\" title=\"\">\u00a0Tlf\/Whatsapp\u00a0\u00a0<a href=\"tel:+1-809-720-6035\">+1-809-720-6035<\/a>.<\/p>\n<p><img decoding=\"async\" class=\"emoji\" draggable=\"false\" src=\"https:\/\/s.w.org\/images\/core\/emoji\/11.2.0\/svg\/1f4e9.svg\" alt=\"\ud83d\udce9\" title=\"\">\u00a0<a href=\"mailto:info@bookingadventures.com.do\">info@bookingadventures.com.do<\/a><\/p>\n<p><strong>Vi er fleksibel indstilling af private ture af Whatsapp:\u00a0<a href=\"tel:+18097206035\">+18097206035.<\/a><\/strong><\/p>\n\n\t\t<\/div>\n\t<\/div>\n<div class=\"vc_empty_space\"   style=\"height: 32px\"><span class=\"vc_empty_space_inner\"><\/span><\/div><\/div><\/div><\/div><\/div><div class=\"vc_row wpb_row vc_row-fluid\" ><div class=\"wpb_column vc_column_container vc_col-sm-12\"><div class=\"vc_column-inner\"><div class=\"wpb_wrapper\"><div class=\"vc_btn3-container vc_btn3-inline\" ><a class=\"vc_general vc_btn3 vc_btn3-size-md vc_btn3-shape-rounded vc_btn3-style-modern vc_btn3-color-green\" href=\"https:\/\/bookingadventures.tours\/booking.php?tour_id=36f9705bcc61386d84e226d0c35f8a49\" title=\"\" rel=\"noopener\">BOOK NU<\/a><\/div><\/div><\/div><\/div><\/div>","protected":false},"excerpt":{"rendered":"<p>Fra hoteller i Cabarete, Sosua eller Puerto Plata. Denne udflugt fra 27 vandfald i Damajagua i Puerto Plata, frokost og udflugt ved de 27 vandfald, vandreture og hoppe i floden.<\/p>\n<p>\u00d8kologisk tur til de 27 vandfald i Puerto Plata. F\u00e5 dine billetter til en halvdagsudflugt her i 27-vandfaldet fra Damajagua. Entr\u00e9billetter med frokost og udflugt inkluderer at hoppe og sv\u00f8mme i de smukkeste vandfald i Den Dominikanske Republik. Vandreture og sv\u00f8mning med sikkerhedsudstyr for at f\u00e5 den bedste oplevelse nogensinde!!<\/p>\n<p><em><strong>V\u00e6lg datoen for turen:\u00a0<\/strong><\/em><\/p>","protected":false},"featured_media":9040,"template":"","meta":[],"product_cat":[281,947,774,1001,252],"product_tag":[286,284,292,401,290,291,406,405,404,403,288,402,287,293,285,407,289],"class_list":["post-9925","product","type-product","status-publish","has-post-thumbnail","hentry","product_cat-27-waterfalls","product_cat-1-puerto-plata","product_cat-group-tours-excursions","product_cat-puerto-plata-27-waterfalls-hike","product_cat-waterfalls","product_tag-27-charcos-de-damajagua","product_tag-27-waterfalls","product_tag-27-waterfalls-dominican-republic","product_tag-27-waterfalls-dominican-republic-facts","product_tag-27-waterfalls-excursion","product_tag-27-waterfalls-puerto-plata","product_tag-amber-cove-cruise-terminal-27-waterfalls","product_tag-amber-cove-excursions","product_tag-damajagua-falls-tours","product_tag-damajagua-national-park","product_tag-excursion-27-waterfalls","product_tag-how-to-get-to-27-waterfalls-from-puerto-plata","product_tag-jumping-27-waterfalls","product_tag-los-27-charcos-de-puerto-plata","product_tag-puerto-plata","product_tag-things-to-do-in-amber-cove","product_tag-tour-27-waterfalls"],"_links":{"self":[{"href":"https:\/\/www.boattoursamana.com\/da\/wp-json\/wp\/v2\/product\/9925","targetHints":{"allow":["GET"]}}],"collection":[{"href":"https:\/\/www.boattoursamana.com\/da\/wp-json\/wp\/v2\/product"}],"about":[{"href":"https:\/\/www.boattoursamana.com\/da\/wp-json\/wp\/v2\/types\/product"}],"wp:featuredmedia":[{"embeddable":true,"href":"https:\/\/www.boattoursamana.com\/da\/wp-json\/wp\/v2\/media\/9040"}],"wp:attachment":[{"href":"https:\/\/www.boattoursamana.com\/da\/wp-json\/wp\/v2\/media?parent=9925"}],"wp:term":[{"taxonomy":"product_cat","embeddable":true,"href":"https:\/\/www.boattoursamana.com\/da\/wp-json\/wp\/v2\/product_cat?post=9925"},{"taxonomy":"product_tag","embeddable":true,"href":"https:\/\/www.boattoursamana.com\/da\/wp-json\/wp\/v2\/product_tag?post=9925"}],"curies":[{"name":"wp","href":"https:\/\/api.w.org\/{rel}","templated":true}]}}