{"id":15741,"date":"2023-07-15T07:42:45","date_gmt":"2023-07-15T07:42:45","guid":{"rendered":"https:\/\/www.ticketswhales.com\/ridgways-hawk-tour-bird-watching-los-haitises-national-park-excursion\/"},"modified":"2023-07-15T07:42:45","modified_gmt":"2023-07-15T07:42:45","slug":"ridgways-hawk-tour-bird-watching-los-haitises-national-park-excursion","status":"publish","type":"page","link":"https:\/\/www.boattoursamana.com\/de\/ridgways-hawk-tour-bird-watching-los-haitises-national-park-excursion","title":{"rendered":"Ridgway&#039;s Hawk Tour \u2013 Ausflug zum Nationalpark Los Haitises zur Vogelbeobachtung"},"content":{"rendered":"<p><span style=\"vertical-align: inherit;\"><span style=\"vertical-align: inherit;\">Viaje ecol\u00f3gico al Parque Nacional Los Haitises con un gu\u00eda tur\u00edstico local. <\/span><span style=\"vertical-align: inherit;\">Besuchen Sie die Halcones von Ridgway im Parque Nacional Los Haitises und die historischen Gebiete von Sabana de la Mar im Parque Nacional Los Haitises.<\/span><\/span><br \/>\nn<br \/>\nn&nbsp;<br \/>\nn<br \/>\nn<em><strong><span style=\"vertical-align: inherit;\"><span style=\"vertical-align: inherit;\">Seleccione la fecha f\u00fcr die Tour\u00a0<\/span><\/span><\/strong><\/em><\/p>\n<p>&nbsp;<\/p>\n<div class=\"vc_row wpb_row vc_row-fluid\" ><div class=\"wpb_column vc_column_container vc_col-sm-12\"><div class=\"vc_column-inner\"><div class=\"wpb_wrapper\"><div class=\"mkdf-section-title-holder\" style=\"text-align: left\">\n\t<div class=\"mkdf-st-inner\">\n\t\t\t\t\t<h5 class=\"mkdf-st-subtitle\" >\n\t\t\t\tVogelbeobachtung im Nationalpark Los Haitises\t\t\t<\/h5>\n\t\t\t\t\t\t\t<h3 class=\"mkdf-st-title\" >\n\t\t\t\tRidgways Hawk-Tour\t\t\t<\/h3>\n\t\t\t\t\t<\/div>\n<\/div><\/div><\/div><\/div><\/div><div class=\"vc_row wpb_row vc_row-fluid\" ><div class=\"wpb_column vc_column_container vc_col-sm-12\"><div class=\"vc_column-inner\"><div class=\"wpb_wrapper\"><div class=\"vc_btn3-container vc_btn3-inline\" ><button class=\"vc_general vc_btn3 vc_btn3-size-md vc_btn3-shape-rounded vc_btn3-style-modern vc_btn3-color-green\">BUCHEN SIE JETZT<\/button><\/div>\n\t<div class=\"wpb_text_column wpb_content_element\" >\n\t\t<div class=\"wpb_wrapper\">\n\t\t\t<p>\nn<\/p>\n<h4><b><i>\u00dcberblick <\/i><\/b><\/h4>\n<p>n<\/p>\n<section><\/section>\n<p>Der Ridgway&#039;s Hawk ist eine vom Aussterben bedrohte tagaktive Greifvogelart, die auf der Insel Hispaniola endemisch ist. Vor hundert Jahren war der Falke in ganz Hispaniola zu finden, aber heute befindet sich die einzige verbliebene Brutpopulation von etwa 300 Individuen im Nationalpark Los Haitises in der Dominikanischen Republik.<br \/>\nn<br \/>\nnLos Haitises National Park is a popular destination for nature lovers and bird watchers cause of the highest importance for biodiversity and richness of fauna, both in terms of endemism and species numbers. Our main focus is to spot all the hawks around the Cano Hondo areas.<br \/>\nn<br \/>\nnWe are conserving the Ridgway&#8217;s Hawk in Los Haitises National Park, where you can see the habitat and interesting History of Ridgway\u2019s Hawks in the Rain Forest Trails. We know the spots habitats for Ridgway\u2019s and Ashy Faced Owls. Because for more than 15 years as volunteers we are working for the protection of these couples and individuals around this community.<br \/>\nn<br \/>\nnAlso, you may see other endemics species around the Park. This Tour is focusing on nature and is more concentrated on the information about wildlife. Usually is private.<br \/>\nn<\/p>\n<h4><\/h4>\n<p>n<\/p>\n<h4><b>Einschl\u00fcsse &amp; Ausschl\u00fcsse<\/b><\/h4>\n<p>n<b>Einschl\u00fcsse<\/b><br \/>\nn<\/p>\n<ol>\nn \t<\/p>\n<li style=\"font-weight: 400;\">Vogelbeobachtungstour + H\u00f6hlen und Piktogramme<\/li>\n<p>n \t<\/p>\n<li style=\"font-weight: 400;\"><span style=\"font-weight: 400;\">Alle Steuern, Geb\u00fchren und Bearbeitungsgeb\u00fchren<\/span><\/li>\n<p>n \t<\/p>\n<li style=\"font-weight: 400;\"><span style=\"font-weight: 400;\">Lokale Steuern<\/span><\/li>\n<p>n \t<\/p>\n<li style=\"font-weight: 400;\">Offizielle \u00d6kologe Reiseleiter<\/li>\n<p>n<\/ol>\n<p>n<b> Ausschl\u00fcsse<\/b><br \/>\nn<\/p>\n<ol>\nn \t<\/p>\n<li style=\"font-weight: 400;\"><span style=\"font-weight: 400;\">Trinkgelder<\/span><\/li>\n<p>n \t<\/p>\n<li style=\"font-weight: 400;\"><span style=\"font-weight: 400;\">\u00dcberweisen<\/span><\/li>\n<p>n \t<\/p>\n<li style=\"font-weight: 400;\"><span style=\"font-weight: 400;\">Getr\u00e4nk<\/span><\/li>\n<p>n<\/ol>\n<p>n&nbsp;<br \/>\nn<\/p>\n<h4><em><strong>Abreise &amp; R\u00fcckkehr<\/strong><\/em><\/h4>\n<p>n<span style=\"font-weight: 400;\">Die von \u201eBooking Adventures\u201c organisierte Tour beginnt am mit dem Reiseleiter vereinbarten Treffpunkt. Der Reisende erh\u00e4lt nach dem Reservierungsprozess einen Treffpunkt. Die Touren beginnen und enden an unseren Treffpunkten.<\/span><br \/>\nn<br \/>\nn&nbsp;<br \/>\nn<\/p>\n<h4><b><i>Was zu erwarten ist?<\/i><\/b><\/h4>\n<p>n<em><strong>Holen Sie sich Ihre Fahrkarte<\/strong><\/em> f\u00fcr die Erhaltung des Ridgway&#039;s Hawk im Los Haitises National Park.<br \/>\nn<br \/>\nnThis Excursion starts from the meeting point by hiking the Ridgway trails to the Nesting areas. After 30 min hiking and watching the Hawks, we have the option to continue hiking around and check for Parrots, piculets, and other Endemics species in Los Haitises National Park.<br \/>\nn<br \/>\nnLos Haitises National Park has just two Trails for Birding in Sabana de la Mar. On the way to Los Hiatises National Park, we stop in some spots to see more birds.<br \/>\nn<br \/>\nnBeen in the San Lorenzo Bay. we will visit two Caves, the Sadly Cave call in Spanish\u00a0Cueva de la Arena; in this Cave, we can see the petrographs\u00a0from Tainos communities\u00a0that were staying around this area. and using the caves as a temple.<br \/>\nn<br \/>\nnAfter that, we go-ahead to the Linea Cave, this one with 2,243 originals pictographs and our tour guide explain you the information from archeologist about those pictographs.<br \/>\nn<br \/>\nnTaking the boat back again to the Pajaros island ( Birds Island) where we can see most of the\u00a0wetlands birds around\u00a0to Los Haitises National Park. Just because\u00a0all birds are not in the Water.<br \/>\nn<br \/>\nnAfter 4.5 hours of learning about birds in Los Haitises National Park, this excursion ends in the same place as started.<br \/>\nn<br \/>\nn<strong>Hinweis: Diese Touren werden mit offiziellen \u00d6kologen-F\u00fchrern aus dem Los Haitises National Park durchgef\u00fchrt. Bitte teilen Sie uns mit, wann Sie uns besuchen m\u00f6chten!<\/strong><br \/>\nn<br \/>\nn&nbsp;<br \/>\nn<\/p>\n<h4><em><strong>Was sollten Sie mitbringen?<\/strong><\/em><\/h4>\n<p>n<\/p>\n<ul>\nn \t<\/p>\n<li style=\"font-weight: 400;\"><span style=\"font-weight: 400;\">Kamera<\/span><\/li>\n<p>n \t<\/p>\n<li>Fernglas<\/li>\n<p>n \t<\/p>\n<li style=\"font-weight: 400;\"><span style=\"font-weight: 400;\">Absto\u00dfende Knospen<\/span><\/li>\n<p>n \t<\/p>\n<li style=\"font-weight: 400;\"><span style=\"font-weight: 400;\">Sonnencreme<\/span><\/li>\n<p>n \t<\/p>\n<li style=\"font-weight: 400;\"><span style=\"font-weight: 400;\">Hut<\/span><\/li>\n<p>n \t<\/p>\n<li style=\"font-weight: 400;\"><span style=\"font-weight: 400;\">Bequeme Hose<\/span><\/li>\n<p>n \t<\/p>\n<li style=\"font-weight: 400;\"><span style=\"font-weight: 400;\">Wanderschuhe f\u00fcr den Wald<\/span><\/li>\n<p>n \t<\/p>\n<li style=\"font-weight: 400;\"><span style=\"font-weight: 400;\">Sandalen zu den Fr\u00fchlingsgebieten.<\/span><\/li>\n<p>n \t<\/p>\n<li style=\"font-weight: 400;\"><span style=\"font-weight: 400;\">Schwimmkleidung<\/span><\/li>\n<p>n<\/ul>\n<p>n&nbsp;<br \/>\nn<\/p>\n<h4><b><i>Hotelabholung <\/i><\/b><\/h4>\n<p>n<span style=\"font-weight: 400;\">Eine Hotelabholung wird f\u00fcr diese Tour nicht angeboten. <\/span><br \/>\nn<br \/>\nn&nbsp;<br \/>\nn<br \/>\nn<b>Notiz:<\/b><span style=\"font-weight: 400;\"> Wenn Sie innerhalb von 24 Stunden vor der Abfahrtszeit der Tour\/des Ausflugs buchen, k\u00f6nnen wir die Abholung vom Hotel gegen Aufpreis arrangieren. Sobald Ihr Kauf abgeschlossen ist, senden wir Ihnen die vollst\u00e4ndigen Kontaktinformationen (Telefonnummer, E-Mail-Adresse usw.) f\u00fcr unseren \u00f6rtlichen Reiseleiter, um die Abholung zu organisieren.<\/span><br \/>\nn<\/p>\n<h4><b><i>Zus\u00e4tzliche Info-Best\u00e4tigung <\/i><\/b><\/h4>\n<p>n<\/p>\n<ol>\nn \t<\/p>\n<li>Tickets sind die Quittung, nachdem Sie f\u00fcr diese Tour bezahlt haben. Sie k\u00f6nnen die Zahlung auf Ihrem Telefon anzeigen.<\/li>\n<p>n \t<\/p>\n<li style=\"font-weight: 400;\"><span style=\"font-weight: 400;\">Treffpunkt Wird nach dem Reservierungsprozess bekannt gegeben.<\/span><\/li>\n<p>n \t<\/p>\n<li style=\"font-weight: 400;\"><span style=\"font-weight: 400;\">Kinder m\u00fcssen von einem Erwachsenen begleitet werden.<\/span><\/li>\n<p>n \t<\/p>\n<li style=\"font-weight: 400;\"><span style=\"font-weight: 400;\"> Nicht rollstuhlgerecht <\/span><\/li>\n<p>n \t<\/p>\n<li style=\"font-weight: 400;\"><span style=\"font-weight: 400;\">Kleinkinder m\u00fcssen auf dem Scho\u00df sitzen <\/span><\/li>\n<p>n \t<\/p>\n<li style=\"font-weight: 400;\"><span style=\"font-weight: 400;\">F\u00fcr Reisende mit R\u00fcckenproblemen nicht zu empfehlen<\/span><\/li>\n<p>n \t<\/p>\n<li style=\"font-weight: 400;\"><span style=\"font-weight: 400;\">Nicht f\u00fcr schwangere Reisende empfohlen <\/span><\/li>\n<p>n \t<\/p>\n<li style=\"font-weight: 400;\"><span style=\"font-weight: 400;\"> Keine Herzprobleme oder andere ernsthafte Erkrankungen <\/span><\/li>\n<p>n \t<\/p>\n<li style=\"font-weight: 400;\"><span style=\"font-weight: 400;\">Die meisten Reisenden k\u00f6nnen teilnehmen<\/span><\/li>\n<p>n<\/ol>\n<p>nThis tour is offered to a minimum of 2 people and a Maximum of 15 people. In case of fewer people, please contact us.<br \/>\nn<\/p>\n<h4><b><i>Stornierungsbedingungen<\/i><\/b><\/h4>\n<p>nF\u00fcr eine vollst\u00e4ndige R\u00fcckerstattung lesen Sie bitte unsere Stornierungsbedingungen\u00a0<a href=\"https:\/\/www.boattoursamana.com\/de\/online-buchung\/\" target=\"_blank\" rel=\"noopener\" data-saferedirecturl=\"https:\/\/www.google.com\/url?q=https:\/\/www.boattoursamana.com\/online-booking\/&amp;source=gmail&amp;ust=1672529771100000&amp;usg=AOvVaw2NIGJBZ0qjB5RhPUl5Obc7\">Klicke hier<\/a>. Das Geld geht verloren, wenn die Reservierung am selben Tag der Reise storniert wird.<\/p>\n\n\t\t<\/div>\n\t<\/div>\n<\/div><\/div><\/div><\/div><div class=\"vc_row wpb_row vc_row-fluid\" ><\/div><div class=\"wpb_column vc_column_container vc_col-sm-12\"><div class=\"vc_column-inner\"><div class=\"wpb_wrapper\"><\/div><\/div><\/div><div class=\"vc_empty_space\"   style=\"height: 32px\"><span class=\"vc_empty_space_inner\"><\/span><\/div><div class=\"vc_empty_space\"   style=\"height: 32px\"><span class=\"vc_empty_space_inner\"><\/span><\/div><div class=\"vc_row wpb_row vc_row-fluid\" ><div class=\"wpb_column vc_column_container vc_col-sm-12\"><div class=\"vc_column-inner\"><div class=\"wpb_wrapper\"><div class=\"vc_btn3-container vc_btn3-inline\" ><button class=\"vc_general vc_btn3 vc_btn3-size-md vc_btn3-shape-rounded vc_btn3-style-modern vc_btn3-color-green\">BUCHEN SIE JETZT<\/button><\/div><\/div><\/div><\/div><\/div>","protected":false},"excerpt":{"rendered":"<p>Viaje ecol\u00f3gico al Parque Nacional Los Haitises con un gu\u00eda tur\u00edstico local. Visitar los halcones de Ridgway en el Parque Nacional Los Haitises y las \u00e1reas hist\u00f3ricas de Sabana de la Mar en el Parque Nacional Los Haitises. n n&nbsp; n nSeleccione la fecha para el tour\u00a0 &nbsp;<\/p>","protected":false},"author":2,"featured_media":0,"parent":0,"menu_order":0,"comment_status":"open","ping_status":"closed","template":"","meta":{"footnotes":""},"class_list":["post-15741","page","type-page","status-publish","hentry"],"_links":{"self":[{"href":"https:\/\/www.boattoursamana.com\/de\/wp-json\/wp\/v2\/pages\/15741","targetHints":{"allow":["GET"]}}],"collection":[{"href":"https:\/\/www.boattoursamana.com\/de\/wp-json\/wp\/v2\/pages"}],"about":[{"href":"https:\/\/www.boattoursamana.com\/de\/wp-json\/wp\/v2\/types\/page"}],"author":[{"embeddable":true,"href":"https:\/\/www.boattoursamana.com\/de\/wp-json\/wp\/v2\/users\/2"}],"replies":[{"embeddable":true,"href":"https:\/\/www.boattoursamana.com\/de\/wp-json\/wp\/v2\/comments?post=15741"}],"version-history":[{"count":0,"href":"https:\/\/www.boattoursamana.com\/de\/wp-json\/wp\/v2\/pages\/15741\/revisions"}],"wp:attachment":[{"href":"https:\/\/www.boattoursamana.com\/de\/wp-json\/wp\/v2\/media?parent=15741"}],"curies":[{"name":"wp","href":"https:\/\/api.w.org\/{rel}","templated":true}]}}