{"id":15763,"date":"2023-07-15T07:43:13","date_gmt":"2023-07-15T07:43:13","guid":{"rendered":"https:\/\/www.ticketswhales.com\/playa-rincon-rincon-beach-playa-fronton-playa-madame-beach-samana-dominican-republic\/"},"modified":"2023-07-15T07:43:13","modified_gmt":"2023-07-15T07:43:13","slug":"playa-rincon-rincon-beach-playa-fronton-playa-madame-beach-samana-dominican-republic","status":"publish","type":"page","link":"https:\/\/www.boattoursamana.com\/de\/playa-rincon-rincon-strand-playa-fronton-playa-madame-beach-samana-dominikanische-republik-2","title":{"rendered":"Playa Rinc\u00f3n (Rincon Beach), Playa Fronton + Playa Madame Beach, Saman\u00e1 \u2013 Dominikanische Republik."},"content":{"rendered":"<p>Die Reise beginnt mit der Abholung in Ihrem Hotel oder Airbnb in der Gegend von Samana. Entdecken Sie mit uns die 3 geheimen und wilden Str\u00e4nde der Region El Rincon Beach, Playa Madame und Playa Fronton. Einer der sch\u00f6nsten Ausfl\u00fcge auf der Halbinsel Saman\u00e1. Betreten Sie die einzigartige Atmosph\u00e4re von Playa Front\u00f3n, einem Strand, der nur mit dem Boot erreichbar ist und von einem Korallenriff umgeben ist, um das Sie schnorcheln, mit Fischen schwimmen und seine Korallen entdecken und sich entspannen und die atemberaubende Landschaft genie\u00dfen k\u00f6nnen. Entspannen, schwimmen und dann Abfahrt nach Playa Madame, einem anderen und abgelegenen perfekten Strand zum Schnorcheln, wo Sie auch eine H\u00f6hle besuchen und tolle Videos oder Fotos f\u00fcr tolle Erinnerungen machen k\u00f6nnen.<br \/>\nn<br \/>\nn&nbsp;<br \/>\nn<br \/>\nn<strong>Bitte w\u00e4hlen Sie das Datum f\u00fcr die Tour aus:\u00a0<\/strong><\/p>\n<p>&nbsp;<\/p>\n<div class=\"vc_row wpb_row vc_row-fluid\" ><div class=\"wpb_column vc_column_container vc_col-sm-12\"><div class=\"vc_column-inner\"><div class=\"wpb_wrapper\"><div class=\"vc_btn3-container vc_btn3-inline\" ><button class=\"vc_general vc_btn3 vc_btn3-size-md vc_btn3-shape-rounded vc_btn3-style-modern vc_btn3-color-green\">BUCHEN SIE JETZT<\/button><\/div><div class=\"mkdf-section-title-holder\" style=\"text-align: left\">\n\t<div class=\"mkdf-st-inner\">\n\t\t\t\t\t<h5 class=\"mkdf-st-subtitle\" >\n\t\t\t\tMittagessen, Bootsfahrt und privater Transport von Hotels.\t\t\t<\/h5>\n\t\t\t\t\t\t\t<h3 class=\"mkdf-st-title\" >\n\t\t\t\tPlaya Rinc\u00f3n, Playa Fronton + Playa Madame Beach, Saman\u00e1 - Dominikanische Republik.\t\t\t<\/h3>\n\t\t\t\t\t<\/div>\n<\/div>\n\t<div class=\"wpb_text_column wpb_content_element\" >\n\t\t<div class=\"wpb_wrapper\">\n\t\t\t<p>\nn<\/p>\n<h3><\/h3>\n<p>n<\/p>\n<h4><b><i>\u00dcberblick <\/i><\/b><\/h4>\n<p>nDie Reise beginnt mit der Abholung in Ihrem Hotel oder Airbnb in der Gegend von Saman\u00e1. Entdecken Sie mit uns die 3 geheimen und wilden Str\u00e4nde der Region El Rincon Beach, Playa Madame und Playa Fronton. Einer der sch\u00f6nsten Ausfl\u00fcge auf der Halbinsel Saman\u00e1. Tauchen Sie ein in die einzigartige Atmosph\u00e4re von Playa Front\u00f3n, einem Strand, der nur mit dem Boot erreichbar ist und von einem Korallenriff umgeben ist, an dem Sie schnorcheln, mit Fischen schwimmen und die Korallen entdecken sowie entspannen und die atemberaubende Landschaft genie\u00dfen k\u00f6nnen. Entspannen, schwimmen und dann Weiterfahrt nach Playa Madame, einem weiteren und abgelegenen Strand, der sich perfekt zum Schnorcheln eignet. Dort k\u00f6nnen Sie auch eine H\u00f6hle besuchen und tolle Videos oder Fotos f\u00fcr tolle Erinnerungen machen.<br \/>\nn<br \/>\nnMit den Zehen im Sand essen Sie zu Mittag zu den Kl\u00e4ngen von Merengue und Bachata im \u201eEl Paraiso\u201c \u2013 dem letzten Restaurant vor dem Dschungel \u2013 wo Ihnen eine komplette Mahlzeit einschlie\u00dflich eines Fischgerichts serviert wird, begleitet von lokalen Getr\u00e4nken und Cocktails. Auf dem R\u00fcckweg machen wir Halt am Strand El Rincon, hier finden Sie eine Naturperle, die als einer der sch\u00f6nsten Str\u00e4nde des Landes gilt. Der wei\u00dfe, feine Sand, das t\u00fcrkisfarbene Meer und die meterhohen Palmen sprechen f\u00fcr sich.<br \/>\nn<br \/>\nn&nbsp;<br \/>\nn<\/p>\n<ul>\nn \t<\/p>\n<li><span style=\"font-weight: 400;\">Lokaler Guide mit Sicherheitserfahrung in der Gegend.<\/span><\/li>\n<p>n \t<\/p>\n<li>Schnorchel<\/li>\n<p>n \t<\/p>\n<li>Privater Transport<\/li>\n<p>n \t<\/p>\n<li style=\"font-weight: 400;\">Geb\u00fchren inbegriffen<\/li>\n<p>n \t<\/p>\n<li>Mittagessen am Strand<\/li>\n<p>n \t<\/p>\n<li>Bootsfahrt<\/li>\n<p>n \t<\/p>\n<li style=\"font-weight: 400;\">Lokaler Reiseleiter in Spanisch, Englisch oder Franz\u00f6sisch.<\/li>\n<p>n \t<\/p>\n<li>Wandern<\/li>\n<p>n<\/ul>\n<p>n&nbsp;<br \/>\nn<\/p>\n<h4><b>Einschl\u00fcsse &amp; Ausschl\u00fcsse<\/b><\/h4>\n<p>n&nbsp;<br \/>\nn<br \/>\nn<b>Einschl\u00fcsse<\/b><br \/>\nn<\/p>\n<ol>\nn \t<\/p>\n<li><span style=\"font-weight: 400;\">Lokaler Guide mit Sicherheitserfahrung in der Gegend.<\/span><\/li>\n<p>n \t<\/p>\n<li>Privater Transport f\u00fcr kleine Gruppen<\/li>\n<p>n \t<\/p>\n<li>Schnorchel<\/li>\n<p>n \t<\/p>\n<li style=\"font-weight: 400;\">El Rincon-Strand<\/li>\n<p>n \t<\/p>\n<li>Frau Strand<\/li>\n<p>n \t<\/p>\n<li>Fronton-Strand<\/li>\n<p>n \t<\/p>\n<li style=\"font-weight: 400;\"><span style=\"font-weight: 400;\">Alle Steuern, Geb\u00fchren und Bearbeitungsgeb\u00fchren<\/span><\/li>\n<p>n \t<\/p>\n<li style=\"font-weight: 400;\"><span style=\"font-weight: 400;\">Lokale Steuern<\/span><\/li>\n<p>n \t<\/p>\n<li>Mittagessen am Strand<\/li>\n<p>n \t<\/p>\n<li>Wandern<\/li>\n<p>n \t<\/p>\n<li style=\"font-weight: 400;\"><span style=\"font-weight: 400;\">Alle Aktivit\u00e4ten<\/span><\/li>\n<p>n<\/ol>\n<p>n<b> Ausschl\u00fcsse<\/b><br \/>\nn<\/p>\n<ol>\nn \t<\/p>\n<li style=\"font-weight: 400;\"><span style=\"font-weight: 400;\">Trinkgelder<\/span><\/li>\n<p>n<\/ol>\n<p>n<\/p>\n<h4><em><strong>Abreise &amp; R\u00fcckkehr<\/strong><\/em><\/h4>\n<p>n<span style=\"font-weight: 400;\">Der Reisende erh\u00e4lt nach dem Reservierungsprozess einen Treffpunkt. Touren beginnen und enden an Ihren Treffpunkten.<\/span><br \/>\nn<\/p>\n<h3>Playa Rinc\u00f3n, Playa Fronton + Playa Madame Beach, Saman\u00e1 \u2013 Dominikanische Republik. Tagesausflug nach Saman\u00e1.<\/h3>\n<p>n<\/p>\n<h4><b><i>Was zu erwarten ist?<\/i><\/b><\/h4>\n<p>n<em><strong>Holen Sie sich Ihre Tickets<\/strong><\/em> f\u00fcr den Besuch von Boca del Diablo und Fronton Beach in Samana. Tagesausflug. Ausgehend von den Hotelgebieten von Samana, Besuch von 3 der einzigartigsten Str\u00e4nde in der Dominikanischen Republik. Playa Rinc\u00f3n ist ein unber\u00fchrter Streifen aus wei\u00dfem Sand, der sich \u00fcber etwa 4 Kilometer entlang eines unbebauten Teils der K\u00fcste erstreckt. Von einer Grenze aus Kokospalmen ges\u00e4umt und an beiden Enden von Berg- und Klippengipfeln umgeben, f\u00fchlt sich dieser abgelegene Strand wie eine wahre Utopie an, abgeschnitten von der Zivilisation.<br \/>\nn<br \/>\nnNach dem Strand von El Rincon besuchen wir Madame. Dieser Strand ist ein h\u00e4ufiger erster Stopp auf einer Schnorcheltour (einschlie\u00dflich Playa Fronton, siehe unten) und nur per Boot oder Pferd erreichbar. W\u00e4hrend die Landschaft dramatisch war und wir es genossen, die nahegelegenen H\u00f6hlen zu erkunden und auf den Klippen zu wandern.<br \/>\nn<br \/>\nnDie letzte Option auf unserer Reise ist Fronton Beach. Hier ist das Wasser superklar, hat einen wundersch\u00f6nen Blauton und das umliegende Korallenriff sorgt daf\u00fcr, dass der Strand sehr sicher zum Schwimmen ist<br \/>\nn<br \/>\nn&nbsp;<br \/>\nn<br \/>\nnDie von \u201eBooking Adventures\u201c organisierte Tour beginnt an dem mit unserem Reiseleiter vereinbarten Treffpunkt. Kommen Sie mit Booking Adventures, essen Sie am Strand zu Mittag und genie\u00dfen Sie die drei sch\u00f6nsten Str\u00e4nde in Saman\u00e1, Dominikanische Republik.<br \/>\nn<\/p>\n<div class=\"body-description secondary\">\nn<br \/>\nn&nbsp;<br \/>\nn<br \/>\nn<\/div>\n<p>n<\/p>\n<h4><em><strong>Was sollten Sie mitbringen?<\/strong><\/em><\/h4>\n<p>n<\/p>\n<ul>\nn \t<\/p>\n<li style=\"font-weight: 400;\"><span style=\"font-weight: 400;\">Kamera<\/span><\/li>\n<p>n \t<\/p>\n<li style=\"font-weight: 400;\"><span style=\"font-weight: 400;\">Absto\u00dfende Knospen<\/span><\/li>\n<p>n \t<\/p>\n<li style=\"font-weight: 400;\"><span style=\"font-weight: 400;\">Sonnencreme<\/span><\/li>\n<p>n \t<\/p>\n<li>Wasser<\/li>\n<p>n \t<\/p>\n<li style=\"font-weight: 400;\"><span style=\"font-weight: 400;\">Hut<\/span><\/li>\n<p>n \t<\/p>\n<li style=\"font-weight: 400;\"><span style=\"font-weight: 400;\">Bequeme Hose<\/span><\/li>\n<p>n \t<\/p>\n<li style=\"font-weight: 400;\"><span style=\"font-weight: 400;\">Wanderschuhe f\u00fcr den Wald<\/span><\/li>\n<p>n \t<\/p>\n<li style=\"font-weight: 400;\"><span style=\"font-weight: 400;\">Sandalen zu den Fr\u00fchlingsgebieten.<\/span><\/li>\n<p>n \t<\/p>\n<li style=\"font-weight: 400;\"><span style=\"font-weight: 400;\">Schwimmkleidung<\/span><\/li>\n<p>n<\/ul>\n<p>n&nbsp;<br \/>\nn<\/p>\n<h4><b><i>Hotelabholung <\/i><\/b><\/h4>\n<p>n<span style=\"font-weight: 400;\">F\u00fcr diese Tour wird eine Hotelabholung angeboten. <\/span><br \/>\nn<br \/>\nn&nbsp;<br \/>\nn<br \/>\nn<b>Notiz:<\/b><span style=\"font-weight: 400;\"> Wenn Sie innerhalb von 24 Stunden vor der Abfahrtszeit der Tour\/des Ausflugs buchen, k\u00f6nnen wir die Abholung vom Hotel arrangieren. Wir holen nur in der Gegend von Samana ab. Sobald Ihr Kauf abgeschlossen ist, senden wir Ihnen die vollst\u00e4ndigen Kontaktinformationen (Telefonnummer, E-Mail-Adresse usw.) f\u00fcr unseren \u00f6rtlichen Reiseleiter, um die Abholung zu organisieren.<\/span><br \/>\nn<\/p>\n<h4><b><i>Zus\u00e4tzliche Info-Best\u00e4tigung <\/i><\/b><\/h4>\n<p>n<\/p>\n<ol>\nn \t<\/p>\n<li>Tickets sind die Quittung nach Bezahlung dieser Tour. Sie k\u00f6nnen die Zahlung auf Ihrem Telefon anzeigen.<\/li>\n<p>n \t<\/p>\n<li style=\"font-weight: 400;\"><span style=\"font-weight: 400;\">Treffpunkt Wird nach dem Reservierungsprozess bekannt gegeben.<\/span><\/li>\n<p>n \t<\/p>\n<li style=\"font-weight: 400;\"><span style=\"font-weight: 400;\">Kinder m\u00fcssen von einem Erwachsenen begleitet werden.<\/span><\/li>\n<p>n \t<\/p>\n<li style=\"font-weight: 400;\"><span style=\"font-weight: 400;\"> Nicht rollstuhlgerecht <\/span><\/li>\n<p>n \t<\/p>\n<li style=\"font-weight: 400;\"><span style=\"font-weight: 400;\">Kleinkinder m\u00fcssen auf dem Scho\u00df sitzen <\/span><\/li>\n<p>n \t<\/p>\n<li style=\"font-weight: 400;\"><span style=\"font-weight: 400;\">F\u00fcr Reisende mit R\u00fcckenproblemen nicht zu empfehlen<\/span><\/li>\n<p>n \t<\/p>\n<li style=\"font-weight: 400;\"><span style=\"font-weight: 400;\">Nicht f\u00fcr schwangere Reisende empfohlen <\/span><\/li>\n<p>n \t<\/p>\n<li style=\"font-weight: 400;\"><span style=\"font-weight: 400;\"> Keine Herzprobleme oder andere ernsthafte Erkrankungen <\/span><\/li>\n<p>n \t<\/p>\n<li style=\"font-weight: 400;\"><span style=\"font-weight: 400;\">Die meisten Reisenden k\u00f6nnen teilnehmen<\/span><\/li>\n<p>n<\/ol>\n<p>n<\/p>\n<h4><b><i>Stornierungsbedingungen<\/i><\/b><\/h4>\n<p>nF\u00fcr eine vollst\u00e4ndige R\u00fcckerstattung lesen Sie bitte unsere Stornierungsbedingungen\u00a0<a href=\"https:\/\/www.boattoursamana.com\/de\/online-buchung\/\" target=\"_blank\" rel=\"noopener\" data-saferedirecturl=\"https:\/\/www.google.com\/url?q=https:\/\/www.boattoursamana.com\/online-booking\/&amp;source=gmail&amp;ust=1672449202351000&amp;usg=AOvVaw1yAeVAPktmaVCqDujgUn90\">Klicke hier<\/a>. Das Geld geht verloren, wenn die Reservierung am selben Tag der Reise storniert wird.<\/p>\n\n\t\t<\/div>\n\t<\/div>\n<\/div><\/div><\/div><\/div><div class=\"vc_row wpb_row vc_row-fluid\" ><div class=\"wpb_column vc_column_container vc_col-sm-12\"><div class=\"vc_column-inner\"><div class=\"wpb_wrapper\">\n\t<div class=\"wpb_video_widget wpb_content_element vc_clearfix   vc_video-aspect-ratio-169 vc_video-el-width-100 vc_video-align-left\" >\n\t\t<div class=\"wpb_wrapper\">\n\t\t\t<h2 class=\"wpb_heading wpb_video_heading\">Boca del Diablo und Fronton-Strand<\/h2>\n\t\t\t<div class=\"wpb_video_wrapper\"><iframe loading=\"lazy\" title=\"Halbinsel Saman\u00e1, Dominikanische Republik (DJI Phantom 4 4K)\" width=\"1100\" height=\"619\" src=\"https:\/\/www.youtube.com\/embed\/DYDXVm8Q_iM?feature=oembed\" frameborder=\"0\" allow=\"accelerometer; autoplay; clipboard-write; encrypted-media; gyroscope; picture-in-picture; web-share\" allowfullscreen><\/iframe><\/div>\n\t\t<\/div>\n\t<\/div>\n<\/div><\/div><\/div><\/div><div class=\"vc_row wpb_row vc_row-fluid\" ><div class=\"wpb_column vc_column_container vc_col-sm-12\"><div class=\"vc_column-inner\"><div class=\"wpb_wrapper\"><div class=\"vc_empty_space\"   style=\"height: 32px\"><span class=\"vc_empty_space_inner\"><\/span><\/div>\n\t<div class=\"wpb_text_column wpb_content_element\" >\n\t\t<div class=\"wpb_wrapper\">\n\t\t\t<p>\nn<\/p>\n<h4>Kontaktiere uns?<\/h4>\n<p>n<\/p>\n<h5>Abenteuer buchen<\/h5>\n<p>n<em><strong>Einheimische<\/strong>\u00a0und\u00a0<strong>Staatsangeh\u00f6rige<\/strong>\u00a0Reiseleiter &amp; G\u00e4steservice<\/em><br \/>\nn<br \/>\nn<span class=\"text-turquoise\">Reservierungen:<\/span>\u00a0F\u00fchrungen &amp; Ausfl\u00fcge im Dom. Rep.<br \/>\nn<br \/>\nn<img decoding=\"async\" class=\"emoji\" draggable=\"false\" src=\"https:\/\/s.w.org\/images\/core\/emoji\/11.2.0\/svg\/1f4de.svg\" alt=\" \" title=\"\">\u00a0Tel.\/Whatsapp\u00a0\u00a0<a href=\"tel:+1-809-720-6035\">+1-809-720-6035<\/a>.<br \/>\nn<br \/>\nn<img decoding=\"async\" class=\"emoji\" draggable=\"false\" src=\"https:\/\/s.w.org\/images\/core\/emoji\/11.2.0\/svg\/1f4e9.svg\" alt=\" \" title=\"\">\u00a0<a href=\"mailto:info@bookingadventures.com.do\">info@bookingadventures.com.do<\/a><br \/>\nn<br \/>\nn<strong>Wir sind flexibel und bieten private Touren per WhatsApp an:\u00a0<a href=\"tel:+18097206035\">+18097206035.<\/a><\/strong><\/p>\n\n\t\t<\/div>\n\t<\/div>\n<div class=\"vc_empty_space\"   style=\"height: 32px\"><span class=\"vc_empty_space_inner\"><\/span><\/div><\/div><\/div><\/div><\/div><div class=\"vc_row wpb_row vc_row-fluid\" ><div class=\"wpb_column vc_column_container vc_col-sm-12\"><div class=\"vc_column-inner\"><div class=\"wpb_wrapper\"><div class=\"vc_btn3-container vc_btn3-inline\" ><button class=\"vc_general vc_btn3 vc_btn3-size-md vc_btn3-shape-rounded vc_btn3-style-modern vc_btn3-color-green\">BUCHEN SIE JETZT<\/button><\/div><\/div><\/div><\/div><\/div>","protected":false},"excerpt":{"rendered":"<p>The trip starts at Picking you up in Your hotel or Airbnb in the Samana area. Discover with us the 3 secret and wild beaches of the region El Rincon beach, Playa madame and Playa Fronton. One of the most beautiful excursions on Saman\u00e1&#8217;s peninsula. Enter the unique atmosphere of Playa Front\u00f3n, a beach only reachable by boat surrounded by a coral reef around which you can snorkel, swim with fishes and discover its corals and relax and enjoy the [&hellip;]<\/p>\n","protected":false},"author":2,"featured_media":0,"parent":0,"menu_order":0,"comment_status":"open","ping_status":"closed","template":"","meta":{"footnotes":""},"class_list":["post-15763","page","type-page","status-publish","hentry"],"_links":{"self":[{"href":"https:\/\/www.boattoursamana.com\/de\/wp-json\/wp\/v2\/pages\/15763","targetHints":{"allow":["GET"]}}],"collection":[{"href":"https:\/\/www.boattoursamana.com\/de\/wp-json\/wp\/v2\/pages"}],"about":[{"href":"https:\/\/www.boattoursamana.com\/de\/wp-json\/wp\/v2\/types\/page"}],"author":[{"embeddable":true,"href":"https:\/\/www.boattoursamana.com\/de\/wp-json\/wp\/v2\/users\/2"}],"replies":[{"embeddable":true,"href":"https:\/\/www.boattoursamana.com\/de\/wp-json\/wp\/v2\/comments?post=15763"}],"version-history":[{"count":0,"href":"https:\/\/www.boattoursamana.com\/de\/wp-json\/wp\/v2\/pages\/15763\/revisions"}],"wp:attachment":[{"href":"https:\/\/www.boattoursamana.com\/de\/wp-json\/wp\/v2\/media?parent=15763"}],"curies":[{"name":"wp","href":"https:\/\/api.w.org\/{rel}","templated":true}]}}