{"id":15765,"date":"2023-07-15T07:43:13","date_gmt":"2023-07-15T07:43:13","guid":{"rendered":"https:\/\/www.ticketswhales.com\/day-pass-cano-hondo-natural-pools-lunch-included\/"},"modified":"2023-07-15T07:43:13","modified_gmt":"2023-07-15T07:43:13","slug":"day-pass-cano-hondo-natural-pools-lunch-included","status":"publish","type":"page","link":"https:\/\/www.boattoursamana.com\/de\/tagespass-cano-hondo-naturpools-mittagessen-inklusive-2","title":{"rendered":"Tagespass Ca\u00f1o Hondo \u2013 Nat\u00fcrliche Pools und Mittagessen inklusive"},"content":{"rendered":"<p>Kaufen Sie ein Tagesticket f\u00fcr nat\u00fcrliche Schwimmb\u00e4der im Ca\u00f1o Hondo Hotel im Nationalpark Los Haitises, Sabana de la Mar. Das Mittagessen ist inbegriffen.<br \/>\nn<br \/>\nnFor more information, please contact us.<\/p>\n<p>&nbsp;<\/p>\n<div class=\"vc_row wpb_row vc_row-fluid\" ><div class=\"wpb_column vc_column_container vc_col-sm-12\"><div class=\"vc_column-inner\"><div class=\"wpb_wrapper\"><div class=\"vc_message_box vc_message_box-standard vc_message_box-rounded vc_color-info\" ><div class=\"vc_message_box-icon\"><i class=\"fas fa-info-circle\"><\/i><\/div><p>Buchen Sie g\u00fcnstige Preise in Cano Hondo Rooms <a href=\"http:\/\/dominican-republic-hotels.com\/hotel\/cano-hondo-hotel-eco-lodge\/\" rel=\"noopener\">Klicken Sie hier.<\/a><\/p>\n<\/div><div class=\"vc_btn3-container vc_btn3-inline\" ><button class=\"vc_general vc_btn3 vc_btn3-size-md vc_btn3-shape-rounded vc_btn3-style-modern vc_btn3-color-green\">BUCHEN SIE JETZT<\/button><\/div>\n\t<div class=\"wpb_text_column wpb_content_element\" >\n\t\t<div class=\"wpb_wrapper\">\n\t\t\t<p>\nn<\/p>\n<div class=\"vc_row wpb_row vc_row-fluid\">\nn<\/p>\n<div class=\"wpb_column vc_column_container vc_col-sm-12\">\nn<\/p>\n<div class=\"vc_column-inner\">\nn<\/p>\n<div class=\"wpb_wrapper\">\nn<\/p>\n<div class=\"wpb_text_column wpb_content_element\">\nn<\/p>\n<div class=\"wpb_wrapper\">\nn<\/p>\n<h2 class=\"mkdf-single-product-title\">Tagespass Ca\u00f1o Hondo - Nat\u00fcrliche Pools &amp; Mittagessen inbegriffen<\/h2>\n<p>n<\/p>\n<h4><b><i>Beschreibung<\/i><\/b><\/h4>\n<p>nCa\u00f1o Hondo Day Pass Ticket to our Natural Outdoor Swimming Pools with Lunch by Buffet included. Every day from 8:30 AM until 5:00 PM.<br \/>\nn<\/p>\n<div class=\"wpb_text_column wpb_content_element\">\nn<\/p>\n<div class=\"wpb_wrapper\">\nn<br \/>\nnPools are totally biological with no need for chlorine or chemicals that develops its own natural ecology and balanced eco-system by being designed and built in a certain way. When the balance is achieved the water is naturally clear like in a mountain lake.<br \/>\nn<br \/>\nn<\/div>\n<p>n\n<\/p><\/div>\n<p>n<\/p>\n<div class=\"wpb_text_column wpb_content_element\">\nn<\/p>\n<div class=\"wpb_wrapper\">\nn<br \/>\nn<strong>Genie\u00dfen Sie nat\u00fcrliche \u00d6ko-Pools, die sich wunderbar in die friedliche und urspr\u00fcngliche Landschaft im Nationalpark Los Haitises, Sabana de la Mar, einf\u00fcgen. <\/strong><br \/>\nn<\/p>\n<p style=\"text-align: center;\"><strong>Verbringen Sie einen wunderbaren Tag mit Ihrer Familie oder Freunden.<\/strong><\/p>\n<p>n<br \/>\nn\n<\/div>\n<p>n\n<\/p><\/div>\n<p>n&nbsp;<br \/>\nn<\/p>\n<h3><b>Inklusion und Exklusion<\/b><\/h3>\n<p>n<b>Einschl\u00fcsse<\/b><br \/>\nn<\/p>\n<ol>\nn \t<\/p>\n<li>Mittagsbuffet<\/li>\n<p>n \t<\/p>\n<li>Eintritt in Naturschwimmb\u00e4der<\/li>\n<p>n<\/ol>\n<p>n<b>Ausschl\u00fcsse (nicht enthalten)<\/b><br \/>\nn<\/p>\n<ol>\nn \t<\/p>\n<li>Transport<\/li>\n<p>n \t<\/p>\n<li>Alkoholische Getr\u00e4nke<\/li>\n<p>n<\/ol>\n<p>n&nbsp;<br \/>\nn<\/p>\n<h4><em><strong>Warum das Ticket kaufen?<\/strong><\/em><\/h4>\n<p>nPlease to make a reservation in advance to establish the space in our restaurant and prepare the Lunch Buffet for you. After you make the reservation, our representatives will contact you to give you more information &#8211; How to get to our place, what is the menu of Lunch Buffet and to answer all your questions.<br \/>\nn<br \/>\nn<strong>Hinweis: Kostenlos f\u00fcr Kinder unter 3 Jahren. Kinder von 4 bis 10 Jahren zahlen nur die H\u00e4lfte.<\/strong><br \/>\nn<\/p>\n<h2 style=\"text-align: center;\"><strong>Mineralwasser-Schwimmbecken, die mit Liebe zum Detail und Kreativit\u00e4t entworfen und gebaut wurden.<\/strong><\/h2>\n<p>n<strong>Zeit:<\/strong><br \/>\nn<br \/>\nn8:30 am &#8211; 5:00 pm<br \/>\nn<br \/>\nn&nbsp;<br \/>\nn<\/p>\n<h4><em><strong>Was sollten Sie mitnehmen?<\/strong><\/em><\/h4>\n<p>n<\/p>\n<ul>\nn \t<\/p>\n<li>Kamera<\/li>\n<p>n \t<\/p>\n<li>\u00a0Abweisend<\/li>\n<p>n \t<\/p>\n<li>Sonnencreme<\/li>\n<p>n<\/ul>\n<p>n&nbsp;<br \/>\nn<\/p>\n<h4><i>Transport: <\/i><\/h4>\n<p>nTransport is not included.<br \/>\nn<br \/>\nn<b>Hinweis: Wenn Sie eine \u00dcberweisung w\u00fcnschen, kontaktieren Sie uns bitte.<\/b><br \/>\nn<\/p>\n<h4><b><i>Stornierungsbedingungen<\/i><\/b><\/h4>\n<p>nFor a full refund please read our Cancelations Policies in the website footer.<br \/>\nn<br \/>\nn\n<\/div>\n<p>n\n<\/p><\/div>\n<p>n\n<\/p><\/div>\n<p>n\n<\/p><\/div>\n<p>n\n<\/p><\/div>\n<p>n\n<\/p><\/div>\n<p>n<\/p>\n<div class=\"vc_row wpb_row vc_row-fluid\">\nn<\/p>\n<div class=\"wpb_column vc_column_container vc_col-sm-12\">\nn<\/p>\n<div class=\"vc_column-inner\">\nn<\/p>\n<div class=\"wpb_wrapper\">\nn<\/p>\n<div class=\"wpb_text_column wpb_content_element\">\nn<\/p>\n<div class=\"wpb_wrapper\">\nn<br \/>\nn&nbsp;<br \/>\nn<\/p>\n<h3 style=\"text-align: center;\">Sie k\u00f6nnen auch zahlreiche Aktivit\u00e4ten und Ausfl\u00fcge mit einem lokalen Reiseleiter genie\u00dfen.<\/h3>\n<p>n<strong>Liste der Aktivit\u00e4ten:<\/strong><br \/>\nnZip lining<br \/>\nnRock wall climbing<br \/>\nnHorseback riding<br \/>\nnGuided or self-guided hikes in the Los Haitises<br \/>\nnKayaking in the Los Haitises<br \/>\nnGuided boat tours into Los Haitises<br \/>\nnWhale watching (from Jan 15 &#8211; March 20)<br \/>\nnGuided Bird Watching<br \/>\nnCayo Levantado\/Bacardi island<br \/>\nnWildlife and Nature<br \/>\nnWaterfalls El Limon, Samana<br \/>\nn<br \/>\nn<strong>F\u00fcr weitere Informationen \u00fcber Aktivit\u00e4ten und Ausfl\u00fcge kontaktieren Sie uns bitte. Du kannst auch <a href=\"http:\/\/haitises.com\/\" rel=\"noopener\">Buchen Sie hier.<\/a><\/strong><br \/>\nn<\/p>\n<h4><b><i>Stornierungsbedingungen<\/i><\/b><\/h4>\n<p>nF\u00fcr eine vollst\u00e4ndige R\u00fcckerstattung lesen Sie bitte unsere Stornierungsbedingungen\u00a0<a href=\"https:\/\/www.boattoursamana.com\/de\/online-buchung\/\" target=\"_blank\" rel=\"noopener\" data-saferedirecturl=\"https:\/\/www.google.com\/url?q=https:\/\/www.boattoursamana.com\/online-booking\/&amp;source=gmail&amp;ust=1672449202351000&amp;usg=AOvVaw1yAeVAPktmaVCqDujgUn90\">Klicke hier<\/a>. Das Geld geht verloren, wenn die Reservierung am selben Tag der Reise storniert wird.<br \/>\nn<br \/>\nn<\/div>\n<p>n\n<\/p><\/div>\n<p>n\n<\/p><\/div>\n<p>n\n<\/p><\/div>\n<p>n\n<\/p><\/div>\n<p>n\n<\/p><\/div>\n<p>n<\/p>\n\n\t\t<\/div>\n\t<\/div>\n<\/div><\/div><\/div><\/div><div class=\"vc_row wpb_row vc_row-fluid\" ><div class=\"wpb_column vc_column_container vc_col-sm-12\"><div class=\"vc_column-inner\"><div class=\"wpb_wrapper\"><div class=\"vc_btn3-container vc_btn3-inline\" ><button class=\"vc_general vc_btn3 vc_btn3-size-md vc_btn3-shape-rounded vc_btn3-style-modern vc_btn3-color-green\">BUCHEN SIE JETZT<\/button><\/div><\/div><\/div><\/div><\/div>","protected":false},"excerpt":{"rendered":"<p>Buy a Day Pass Ticket Natural Swimming Pools at Ca\u00f1o Hondo Hotel in the Los Haitises National Park, Sabana de la Mar. Lunch is included. n nFor more information, please contact us. &nbsp;<\/p>","protected":false},"author":2,"featured_media":0,"parent":0,"menu_order":0,"comment_status":"open","ping_status":"closed","template":"","meta":{"footnotes":""},"class_list":["post-15765","page","type-page","status-publish","hentry"],"_links":{"self":[{"href":"https:\/\/www.boattoursamana.com\/de\/wp-json\/wp\/v2\/pages\/15765","targetHints":{"allow":["GET"]}}],"collection":[{"href":"https:\/\/www.boattoursamana.com\/de\/wp-json\/wp\/v2\/pages"}],"about":[{"href":"https:\/\/www.boattoursamana.com\/de\/wp-json\/wp\/v2\/types\/page"}],"author":[{"embeddable":true,"href":"https:\/\/www.boattoursamana.com\/de\/wp-json\/wp\/v2\/users\/2"}],"replies":[{"embeddable":true,"href":"https:\/\/www.boattoursamana.com\/de\/wp-json\/wp\/v2\/comments?post=15765"}],"version-history":[{"count":0,"href":"https:\/\/www.boattoursamana.com\/de\/wp-json\/wp\/v2\/pages\/15765\/revisions"}],"wp:attachment":[{"href":"https:\/\/www.boattoursamana.com\/de\/wp-json\/wp\/v2\/media?parent=15765"}],"curies":[{"name":"wp","href":"https:\/\/api.w.org\/{rel}","templated":true}]}}