{"id":15772,"date":"2023-07-15T07:43:40","date_gmt":"2023-07-15T07:43:40","guid":{"rendered":"https:\/\/www.ticketswhales.com\/catalina-island-altos-de-chavon-from-punta-cana-snorkeling-with-catamaran-party\/"},"modified":"2023-07-15T07:43:40","modified_gmt":"2023-07-15T07:43:40","slug":"catalina-island-altos-de-chavon-from-punta-cana-snorkeling-with-catamaran-party","status":"publish","type":"page","link":"https:\/\/www.boattoursamana.com\/de\/catalina-island-altos-de-chavon-von-punta-cana-schnorcheln-mit-katamaran-party-2","title":{"rendered":"Catalina Island &amp; Altos de Chavon von Punta Cana (Schnorcheln mit Katamaran-Party)"},"content":{"rendered":"<p>Die winzige Insel Catalina (Isla Catalina), nur 2,4 Kilometer vom Festland der Dominikanischen Republik entfernt, ist ein idyllischer Sandfleck im t\u00fcrkisfarbenen Wasser der Karibik. Bekannt f\u00fcr seine gut besiedelten Korallenriffe, ist Catalina ein friedlicher R\u00fcckzugsort f\u00fcr diejenigen, die dem gesch\u00e4ftigen Punta Cana und La Romana entfliehen m\u00f6chten.<br \/>\nn<br \/>\nnBook a day trip with us. Catalina Island in a Party Catamaran with Snorkeling!<br \/>\nn<br \/>\nn&nbsp;<br \/>\nn<br \/>\nnPlease Select the date for The Excursion:<\/p>\n<p>&nbsp;<\/p>\n<div class=\"vc_row wpb_row vc_row-fluid\" ><div class=\"wpb_column vc_column_container vc_col-sm-12\"><div class=\"vc_column-inner\"><div class=\"wpb_wrapper\"><div class=\"mkdf-section-title-holder\" style=\"text-align: left\">\n\t<div class=\"mkdf-st-inner\">\n\t\t\t\t\t<h5 class=\"mkdf-st-subtitle\" >\n\t\t\t\tHalbt\u00e4gige Erfahrung\t\t\t<\/h5>\n\t\t\t\t\t\t\t<h3 class=\"mkdf-st-title\" >\n\t\t\t\tCatalina Island und Schnorcheln mit Katamaran-Party von Punta Cana\t\t\t<\/h3>\n\t\t\t\t\t<\/div>\n<\/div><div class=\"vc_btn3-container vc_btn3-inline\" ><button class=\"vc_general vc_btn3 vc_btn3-size-md vc_btn3-shape-rounded vc_btn3-style-modern vc_btn3-color-green\">BUCHEN SIE JETZT<\/button><\/div><\/div><\/div><\/div><\/div><div class=\"vc_row wpb_row vc_row-fluid\" ><div class=\"wpb_column vc_column_container vc_col-sm-12\"><div class=\"vc_column-inner\"><div class=\"wpb_wrapper\">\n\t<div class=\"wpb_text_column wpb_content_element\" >\n\t\t<div class=\"wpb_wrapper\">\n\t\t\t<p>\nn<\/p>\n<div class=\"vc_row wpb_row vc_row-fluid\">\nn<\/p>\n<div class=\"wpb_column vc_column_container vc_col-sm-12\">\nn<\/p>\n<div class=\"vc_column-inner\">\nn<\/p>\n<div class=\"wpb_wrapper\">\nn<\/p>\n<div class=\"wpb_text_column wpb_content_element\">\nn<\/p>\n<div class=\"wpb_wrapper\">\nn<\/p>\n<div class=\"vc_row wpb_row vc_row-fluid\">\nn<\/p>\n<div class=\"wpb_column vc_column_container vc_col-sm-12\">\nn<\/p>\n<div class=\"vc_column-inner\">\nn<\/p>\n<div class=\"wpb_wrapper\">\nn<\/p>\n<div class=\"wpb_text_column wpb_content_element\">\nn<\/p>\n<div class=\"wpb_wrapper\">\nn<\/p>\n<h4><b><i>\u00dcberblick<\/i><\/b><\/h4>\n<p>nWe enjoy a catamaran tour across crystal clear waters to Catalina Island, the best-known area for snorkeling in the Dominican Republic.<br \/>\nn<br \/>\nIhr Tag beginnt mit einer Abholung in der Hauptlobby Ihres Hotels oder einem bestimmten Treffpunkt. Dann fahren wir weiter nach Catalina Island, um ein erfrischendes Bad und ein paar Drinks zu genie\u00dfen, w\u00e4hrend jeder, der kann, 2 Arten von Schnorcheln mit einem Tauchlehrer vorf\u00fchrt, und danach essen wir ein k\u00f6stliches Mittagsbuffet am Strand und nehmen an einigen Salsa-Kursen teil und Bachata, w\u00e4hrend wir auch einige k\u00f6stliche Getr\u00e4nke zubereiten. Wenn Sie es satt haben, am Strand faul zu sein, schnappen Sie sich eine Schnorchelausr\u00fcstung und bewundern Sie die Unterwasserwelt von Catalina.<br \/>\nn<br \/>\nDas Meer, so unglaublich klar, und der wei\u00dfe Sandstrand warten auf Sie. Entspannen Sie sich auf einer Sonnenliege oder schnorcheln Sie, alles f\u00fcr Sie inbegriffen. Sie werden es genie\u00dfen, wo Sie die Tradition unserer Musik und unseres Tanzes sehen werden.<br \/>\nn<br \/>\nnAfter this we go to Altos de Chavon Cattle and River!<br \/>\nn<br \/>\nn<strong>Notiz:<\/strong> Diese Tour ist nicht privat. Wenn Sie eine private Tour vereinbaren m\u00f6chten, kontaktieren Sie uns einfach!<br \/>\nn<\/p>\n<ul>\nn \t<\/p>\n<li>\nn<\/p>\n<div class=\"py-1 inclusions-exclusions-item d-flex\" lang=\"en-x-mtfrom-en\">\nn<\/p>\n<div class=\"d-inline-block inclusions-exclusions-text\">Privater Transport<\/div>\n<p>n\n<\/p><\/div>\n<\/li>\n<p>n \t<\/p>\n<li>Nat\u00fcrliches Schwimmbecken zum Beobachten von Seesternen<\/li>\n<p>n \t<\/p>\n<li>Schnorcheln<\/li>\n<p>n \t<\/p>\n<li>Mittagessen<\/li>\n<p>n \t<\/p>\n<li>Boot-Katamaran-Transfer<\/li>\n<p>n \t<\/p>\n<li>Der Kapit\u00e4n bietet Anweisungen und Aufsicht<\/li>\n<p>n \t<\/p>\n<li>Reisef\u00fchrer<\/li>\n<p>n<\/ul>\n<p>n&nbsp;<br \/>\nn<\/p>\n<h4><b>Einschl\u00fcsse &amp; Ausschl\u00fcsse<\/b><\/h4>\n<p>n<b>Einschl\u00fcsse<\/b><br \/>\nn<\/p>\n<ol>\nn \t<\/p>\n<li>Reisef\u00fchrer<\/li>\n<p>n \t<\/p>\n<li>Schnorcheln<\/li>\n<p>n \t<\/p>\n<li>Mittagessen<\/li>\n<p>n \t<\/p>\n<li>Abholung in Hotels<\/li>\n<p>n \t<\/p>\n<li>Katamaran- oder Bootsfahrt<\/li>\n<p>n \t<\/p>\n<li>Alle Steuern, Geb\u00fchren und Bearbeitungsgeb\u00fchren<\/li>\n<p>n \t<\/p>\n<li>Lokale Steuern<\/li>\n<p>n \t<\/p>\n<li>Getr\u00e4nke<\/li>\n<p>n<\/ol>\n<p>n<b>Ausschl\u00fcsse<\/b><br \/>\nn<\/p>\n<ol>\nn \t<\/p>\n<li>Trinkgelder<\/li>\n<p>n \t<\/p>\n<li>Fotos<\/li>\n<p>n<\/ol>\n<p>n<\/p>\n<h4><em><strong>Abreise &amp; R\u00fcckkehr<\/strong><\/em><\/h4>\n<p>nDer Reisende erh\u00e4lt nach dem Reservierungsprozess einen Treffpunkt. Die Touren beginnen und enden an unseren Treffpunkten.<br \/>\nn<\/p>\n<h3>Catalina Island und Schnorcheln mit Katamaran-Party von Punta Cana \u2013 Halbtageserlebnis.<\/h3>\n<p>n<\/p>\n<h4><b><i>Was zu erwarten ist?<\/i><\/b><\/h4>\n<p>nDuring the Catalina Island Excursion from Punta Cana, guests will have the opportunity to snorkel in the vibrant corals reefs at Catalina, swimming among lively school of fish enjoying the stunning Caribbean underwater fauna.<br \/>\nn<br \/>\nWir beginnen den Schnorchelausflug am Morgen in Richtung La Romana. W\u00e4hrend der Fahrt kommen wir an den Zuckerrohrfeldern vorbei, w\u00e4hrend Ihr Reiseleiter interessante Informationen \u00fcber die Geschichte der Region, die allgemeine Kultur und die Techniken der Rumherstellung des Landes liefert. Bei der Ankunft in La Romana besteigen wir unseren Katamaran und fahren in Richtung Catalina ab. Unser erster Halt auf der Insel ist \u201eThe Wall\u201c, eine majest\u00e4tische Korallenwand, die sich von der Insel bis zum Karibischen Meer erstreckt.<br \/>\nn<br \/>\nNach dem Schnorcheln setzen Sie den Weg zum wundersch\u00f6nen Strand von Catalina fort, einem exklusiven Ort. Bei der Ankunft haben die G\u00e4ste Zugang zu 2 Kilometer langen wei\u00dfen Sandstr\u00e4nden und kristallklarem Wasser, einer Strandbar mit Getr\u00e4nken und einem k\u00f6stlichen dominikanischen Mittagsbuffet mit Grill. Wir gehen gegen 15:30 Uhr an Bord des Katamarans, um nach einem unglaublichen Tag voller Schnorcheln und Entspannung auf Catalina Island nach Punta Cana zur\u00fcckzukehren. InselW\u00e4hrend des Catalina Island-Ausflugs von Punta Cana aus haben G\u00e4ste die M\u00f6glichkeit, in den lebendigen Korallenriffen von Catalina zu schnorcheln, zwischen lebhaften Fischschw\u00e4rmen zu schwimmen und die atemberaubende karibische Unterwasserfauna zu genie\u00dfen.<br \/>\nn<br \/>\nnWe will begin the snorkeling excursion departing in the morning towards La Romana. During the drive we will pass by the sugar cane fields as your guide provides interesting information about the history of the area, general culture and rum making techniques of the country. Upon arrival to La Romana, we will board our Catamaran and depart towards Catalina.<br \/>\nn<br \/>\nUnser erster Halt auf der Insel ist \u201eThe Wall\u201c, eine majest\u00e4tische Korallenwand, die sich von der Insel bis zum Karibischen Meer erstreckt. Nach dem Schnorcheln setzen Sie den Weg zum wundersch\u00f6nen Strand von Catalina fort, einem exklusiven Ort. Bei der Ankunft haben die G\u00e4ste Zugang zu 2 Kilometer langen wei\u00dfen Sandstr\u00e4nden und kristallklarem Wasser, einer Strandbar mit Getr\u00e4nken und einem k\u00f6stlichen dominikanischen Mittagsbuffet mit Grill. Wir gehen gegen 15:30 Uhr an Bord des Katamarans, um nach einem unglaublichen Tag voller Schnorcheln und Entspannung auf Catalina Island nach Punta Cana zur\u00fcckzukehren.<br \/>\nn<\/p>\n<div class=\"a-text--first-content _for-copy-large l-hide-for-large\">\nn<br \/>\nnLet the<strong>\u00a0Das karibische Paradies von Catalina Island wird Sie fesseln\u00a0<\/strong>und erkunden Sie das Malerische\u00a0<strong>Altos de Chavon<\/strong>\u00a0auf diesem unumg\u00e4nglichen Tagesausflug von La Romana.<br \/>\nn<br \/>\nn<\/div>\n<p>n<\/p>\n<div id=\"o-slider--activity-detail__container\" class=\"o-slider js-module-slider is-photos\"><\/div>\n<p>n<\/p>\n<div id=\"l-768-calendar-anchor\"><\/div>\n<p>n<\/p>\n<div id=\"new-fading-text\" class=\"new-fading-text _loaded u-no-before show-hidden-elements\">\nn<\/p>\n<div class=\"o-activity-description\">\nn<\/p>\n<h2>Tagesausflug nach Catalina Island und Altos de Chav\u00f3n<\/h2>\n<p>nHaving been picked up from your hotel first thing in the morning, you&#8217;ll set off on your adventure, making your first stop in\u00a0<strong>Altos de Chavon<\/strong>. Sie haben 40 Minuten Zeit, um dies zu erkunden<strong>\u00a0sch\u00f6ne Nachbildung eines Dorfes im mediterranen Stil<\/strong>\u00a0und bewundern Sie die Aussicht auf den Fluss Chav\u00f3n, der daneben flie\u00dft. Wirklich bezaubernd!<br \/>\nn<\/p>\n<p class=\"new-fading-text__hidden-element\">Wenn Sie Ihre Tour fortsetzen, werden Sie zu einem Dock an der gebracht\u00a0<strong>Fluss Salado\u00a0<\/strong>wo dein\u00a0<strong>Katamaran\u00a0<\/strong>wird auf Sie warten, um zur Isla Catalina zu segeln. W\u00e4hrend Ihrer Fahrt, die etwa 40 Minuten dauert, genie\u00dfen Sie einen Drink an Bord und bestaunen die\u00a0<strong>das durchdringende Blau des glitzernden karibischen Meeres<\/strong>.<\/p>\n<p>n<\/p>\n<p class=\"new-fading-text__hidden-element\">Bei der Ann\u00e4herung an Ihr Ziel fahren Sie direkt zum Korallenriff, das als La Pared oder The Wall bekannt ist, wo Sie die M\u00f6glichkeit dazu haben\u00a0<strong>K\u00fchlen Sie sich mit einem erfrischenden Bad im Meer ab und schnorcheln Sie inmitten der unglaublichen Unterwasserwelt<\/strong>. Verbringen Sie 40 Minuten damit, die Unterwasserwelt zu erkunden, bevor Sie zum Katamaran zur\u00fcckkehren und am Dock auf Catalina Island vor Anker gehen.<\/p>\n<p>n<\/p>\n<p class=\"new-fading-text__hidden-element\">Mit Ihren F\u00fc\u00dfen auf dem Trockenen werden Sie zu einem kleinen Restaurant mit herrlichem Meerblick gebracht, wo Sie mit einem verw\u00f6hnt werden\u00a0<strong>leckeres Mittagsbuffet<\/strong>. Mit neuer Energie haben Sie dann drei Stunden Freizeit, um das Beste daraus zu machen\u00a0<strong>paradiesische wei\u00dfe Sandstr\u00e4nde<\/strong>. Egal, ob Sie lieber entspannen und sich sonnen oder eine unterhaltsame Aktivit\u00e4t wie Paddelsurfen ausprobieren, Sie werden einen unvergesslichen Nachmittag genie\u00dfen.<\/p>\n<p>n<\/p>\n<p class=\"new-fading-text__hidden-element\">Am Ende des Tages kehren Sie zum Katamaran zur\u00fcck, um zur\u00fcck nach La Romana zu segeln, wo Sie zu Ihrem Hotel gebracht werden.<\/p>\n<p>n<br \/>\nn\n<\/div>\n<p>n\n<\/p><\/div>\n<p>n&nbsp;<br \/>\nn<br \/>\nn<strong>Zeitplan:<\/strong><br \/>\nn<br \/>\nn7:00 AM \u2013 4: 30 PM<br \/>\nn<br \/>\nn&nbsp;<br \/>\nn<br \/>\nn<\/div>\n<p>nTime can change depends on time of departure from Hotels.<br \/>\nn<\/p>\n<div class=\"wpb_wrapper\">\nn<br \/>\nn&nbsp;<br \/>\nn<\/p>\n<h4><em><strong>Was sollten Sie mitbringen?<\/strong><\/em><\/h4>\n<p>n<\/p>\n<ul>\nn \t<\/p>\n<li>Kamera<\/li>\n<p>n \t<\/p>\n<li>Absto\u00dfende Knospen<\/li>\n<p>n \t<\/p>\n<li>Sonnencreme<\/li>\n<p>n \t<\/p>\n<li>Hut<\/li>\n<p>n \t<\/p>\n<li>Bequeme Hose<\/li>\n<p>n \t<\/p>\n<li>Schwimmkleidung<\/li>\n<p>n \t<\/p>\n<li>Bargeld f\u00fcr Souvenirs<\/li>\n<p>n<\/ul>\n<p>n&nbsp;<br \/>\nn<\/p>\n<h4><b><i>Hotelabholung<\/i><\/b><\/h4>\n<p>nHotel pick-up is offered for this tour. We Can Set it Via- Whatsapp. From La Romana, Punta Cana, Bavaro and Bayahibe Hotels.<br \/>\nn<br \/>\nn&nbsp;<br \/>\nn<br \/>\nn<b>Notiz:<\/b> Wenn Sie innerhalb von 24 Stunden vor der Abfahrtszeit der Tour\/des Ausflugs buchen, k\u00f6nnen wir die Abholung vom Hotel arrangieren. Sobald Ihr Kauf abgeschlossen ist, senden wir Ihnen die vollst\u00e4ndigen Kontaktinformationen (Telefonnummer, E-Mail-Adresse usw.) f\u00fcr unseren \u00f6rtlichen Reiseleiter, um die Abholung zu organisieren.<br \/>\nn<\/p>\n<h4><b><i>Zus\u00e4tzliche Info-Best\u00e4tigung<\/i><\/b><\/h4>\n<p>n<\/p>\n<ol>\nn \t<\/p>\n<li>Tickets sind die Quittung nach Bezahlung dieser Tour. Sie k\u00f6nnen die Zahlung auf Ihrem Telefon anzeigen.<\/li>\n<p>n \t<\/p>\n<li>Treffpunkt Wird nach dem Reservierungsprozess bekannt gegeben.<\/li>\n<p>n \t<\/p>\n<li>Kinder m\u00fcssen von einem Erwachsenen begleitet werden.<\/li>\n<p>n \t<\/p>\n<li>barrierefrei<\/li>\n<p>n \t<\/p>\n<li>Kleinkinder m\u00fcssen auf dem Scho\u00df sitzen<\/li>\n<p>n \t<\/p>\n<li>Die meisten Reisenden k\u00f6nnen teilnehmen<\/li>\n<p>n<\/ol>\n<p>n<\/p>\n<h4><b><i>Stornierungsbedingungen<\/i><\/b><\/h4>\n<p>nF\u00fcr eine vollst\u00e4ndige R\u00fcckerstattung lesen Sie bitte unsere Stornierungsbedingungen\u00a0<a href=\"https:\/\/www.boattoursamana.com\/de\/online-buchung\/\" target=\"_blank\" rel=\"noopener\" data-saferedirecturl=\"https:\/\/www.google.com\/url?q=https:\/\/www.boattoursamana.com\/online-booking\/&amp;source=gmail&amp;ust=1672532492004000&amp;usg=AOvVaw3ylqI1cdbIPTimEqEWneyd\">Klicke hier<\/a>. Das Geld geht verloren, wenn die Reservierung am selben Tag der Reise storniert wird.<br \/>\nn<br \/>\nn<\/div>\n<p>n\n<\/p><\/div>\n<p>n\n<\/p><\/div>\n<p>n\n<\/p><\/div>\n<p>n\n<\/p><\/div>\n<p>n\n<\/p><\/div>\n<p>n\n<\/p><\/div>\n<p>n\n<\/p><\/div>\n<p>n\n<\/p><\/div>\n<p>n\n<\/p><\/div>\n<p>n\n<\/p><\/div>\n<p>n\n<\/p><\/div>\n<p>n<\/p>\n<div class=\"vc_row wpb_row vc_row-fluid\">\nn<\/p>\n<div class=\"wpb_column vc_column_container vc_col-sm-12\">\nn<\/p>\n<div class=\"vc_column-inner\">\nn<\/p>\n<div class=\"wpb_wrapper\">\nn<\/p>\n<div class=\"vc_empty_space\"><\/div>\n<p>n<\/p>\n<div class=\"wpb_text_column wpb_content_element\">\nn<\/p>\n<div class=\"wpb_wrapper\">\nn<\/p>\n<h4>Kontaktiere uns?<\/h4>\n<p>n<\/p>\n<h5><b><i>Abenteuer buchen<\/i><\/b><\/h5>\n<p>n<em><strong>Einheimische<\/strong>\u00a0und\u00a0<strong>Staatsangeh\u00f6rige<\/strong>\u00a0Reiseleiter &amp; G\u00e4steservice<\/em><br \/>\nn<br \/>\nn<span class=\"text-turquoise\">Reservierungen:<\/span>\u00a0F\u00fchrungen &amp; Ausfl\u00fcge im Dom. Rep.<br \/>\nn<br \/>\nn<img decoding=\"async\" class=\"emoji\" src=\"https:\/\/s.w.org\/images\/core\/emoji\/11.2.0\/svg\/1f4de.svg\" alt=\" \" title=\"\">\u00a0Tel.\/Whatsapp\u00a0\u00a0<a href=\"tel:+1-809-720-6035\">+1-809-720-6035<\/a>.<br \/>\nn<br \/>\nn<img decoding=\"async\" class=\"emoji\" src=\"https:\/\/s.w.org\/images\/core\/emoji\/11.2.0\/svg\/1f4e9.svg\" alt=\" \" title=\"\">\u00a0<a href=\"mailto:info@bookingadventures.com.do\">info@bookingadventures.com.do<\/a><br \/>\nn<br \/>\nn<strong>Wir sind flexibel und bieten private Touren per WhatsApp an:\u00a0<a href=\"tel:+18097206035\">+18097206035.<\/a><\/strong><br \/>\nn<br \/>\nn<\/div>\n<p>n\n<\/p><\/div>\n<p>n\n<\/p><\/div>\n<p>n\n<\/p><\/div>\n<p>n\n<\/p><\/div>\n<p>n\n<\/p><\/div>\n<p>n<\/p>\n\n\t\t<\/div>\n\t<\/div>\n<div class=\"vc_btn3-container vc_btn3-inline\" ><button class=\"vc_general vc_btn3 vc_btn3-size-md vc_btn3-shape-rounded vc_btn3-style-modern vc_btn3-color-green\">BUCHEN SIE JETZT<\/button><\/div><\/div><\/div><\/div><\/div><div class=\"vc_row wpb_row vc_row-fluid\" ><div class=\"wpb_column vc_column_container vc_col-sm-12\"><div class=\"vc_column-inner\"><div class=\"wpb_wrapper\"><\/div><\/div><\/div><\/div>","protected":false},"excerpt":{"rendered":"<p>Tiny Catalina Island (Isla Catalina), just 1.5 miles (2.4 kilometers) off the Dominican Republic\u2019s mainland, is an idyllic sandy speck in the turquoise Caribbean waters. Known for its well-populated coral reefs, Catalina is a peaceful respite for those looking to escape bustling Punta Cana and La Romana. n nBook a day trip with us. Catalina Island in a Party Catamaran with Snorkeling! n n&nbsp; n nPlease Select the date for The Excursion: &nbsp;<\/p>","protected":false},"author":2,"featured_media":0,"parent":0,"menu_order":0,"comment_status":"open","ping_status":"closed","template":"","meta":{"footnotes":""},"class_list":["post-15772","page","type-page","status-publish","hentry"],"_links":{"self":[{"href":"https:\/\/www.boattoursamana.com\/de\/wp-json\/wp\/v2\/pages\/15772","targetHints":{"allow":["GET"]}}],"collection":[{"href":"https:\/\/www.boattoursamana.com\/de\/wp-json\/wp\/v2\/pages"}],"about":[{"href":"https:\/\/www.boattoursamana.com\/de\/wp-json\/wp\/v2\/types\/page"}],"author":[{"embeddable":true,"href":"https:\/\/www.boattoursamana.com\/de\/wp-json\/wp\/v2\/users\/2"}],"replies":[{"embeddable":true,"href":"https:\/\/www.boattoursamana.com\/de\/wp-json\/wp\/v2\/comments?post=15772"}],"version-history":[{"count":0,"href":"https:\/\/www.boattoursamana.com\/de\/wp-json\/wp\/v2\/pages\/15772\/revisions"}],"wp:attachment":[{"href":"https:\/\/www.boattoursamana.com\/de\/wp-json\/wp\/v2\/media?parent=15772"}],"curies":[{"name":"wp","href":"https:\/\/api.w.org\/{rel}","templated":true}]}}