{"id":15776,"date":"2023-07-15T07:43:40","date_gmt":"2023-07-15T07:43:40","guid":{"rendered":"https:\/\/www.ticketswhales.com\/hike-kayak-los-haitises\/"},"modified":"2023-07-15T07:43:40","modified_gmt":"2023-07-15T07:43:40","slug":"hike-kayak-los-haitises","status":"publish","type":"page","link":"https:\/\/www.boattoursamana.com\/de\/wandern-sie-mit-dem-kajak-in-los-haitises","title":{"rendered":"Wanderung + Kajak Los Haitises"},"content":{"rendered":"<p><span style=\"vertical-align: inherit;\"><span style=\"vertical-align: inherit;\">Caminata de 3 horas und Kajak en Manglares im Parque Nacional Los Haitises mit einem touristischen Gu\u00eda Local von Sabana de la March. <\/span><span style=\"vertical-align: inherit;\">Visitando las \u00e1reas de Selva Tropical, Cocos, Caf\u00e9 y Cacao. <\/span><span style=\"vertical-align: inherit;\">Aprendiendo sobre la historia original del Parque Nacional Los Haitises.<\/span><\/span><br \/>\nn<br \/>\nn&nbsp;<br \/>\nn<br \/>\nn<strong><span style=\"vertical-align: inherit;\"><span style=\"vertical-align: inherit;\">Seleccione la fecha para el viaje de senderismo:<\/span><\/span><\/strong><\/p>\n<p>&nbsp;<\/p>\n<div class=\"vc_row wpb_row vc_row-fluid\" ><div class=\"wpb_column vc_column_container vc_col-sm-12\"><div class=\"vc_column-inner\"><div class=\"wpb_wrapper\">\n\t<div class=\"wpb_text_column wpb_content_element\" >\n\t\t<div class=\"wpb_wrapper\">\n\t\t\t<p><span style=\"vertical-align: inherit;\"><span style=\"vertical-align: inherit;\"><\/p>\n\n\t\t<\/div>\n\t<\/div>\n<div class=\"vc_btn3-container vc_btn3-inline\" ><a class=\"vc_general vc_btn3 vc_btn3-size-md vc_btn3-shape-rounded vc_btn3-style-modern vc_btn3-color-green\" href=\"https:\/\/bookingadventures.tours\/booking.php?tour_id=214ab2ed515734864898e23b426328be\" title=\"\" rel=\"noopener\">BUCHEN SIE JETZT<\/a><\/div><\/div><\/div><\/div><\/div><div class=\"vc_row wpb_row vc_row-fluid\" ><div class=\"wpb_column vc_column_container vc_col-sm-12\"><div class=\"vc_column-inner\"><div class=\"wpb_wrapper\">\n\t<div class=\"wpb_text_column wpb_content_element\" >\n\t\t<div class=\"wpb_wrapper\">\n\t\t\t<p>\u00a0<\/span><\/span><br \/>\nn<\/p>\n<h4><b><i><span style=\"vertical-align: inherit;\"><span style=\"vertical-align: inherit;\">Allgemeine Vision <\/span><\/span><\/i><\/b><\/h4>\n<p>nDiese Wanderweg- und Kajaktour beginnt am Hafen von Ca\u00f1o Hondo\/Sabana de La Mar. Wir werden etwa drei Stunden lang entlang des Humid Forest im Nationalpark Los Haitises wandern. Sie erfahren mehr \u00fcber die Heilpflanzen dieser Gegend, sehen die Prim\u00e4r- und Sekund\u00e4rberge des Nationalparks Los Haitises mit Laubw\u00e4ldern und erreichen gleichzeitig die Quelle des Flusses Jivales, aus dem das Wasser der nat\u00fcrlichen Becken der \u00d6ko-Lodge Ca\u00f1o Hondo flie\u00dft. Dann nehmen wir die f\u00fcr Ihre Sicherheit erforderliche Ausr\u00fcstung (Rettungswesten usw.) und Kajaks mit und fahren durch Mangrovens\u00fcmpfe. Sie werden einige vogelreiche Mangroven und sanfte H\u00fcgel mit \u00fcppiger Vegetation sehen. Durch die Mangroven und Land an der offenen San Lorenzo Bay, von wo aus Sie die raue Waldlandschaft fotografieren k\u00f6nnen.<br \/>\nn<br \/>\nnNach diesem Erlebnis kehren Sie nach Cano Hondo oder Sabana de la Mar zur\u00fcck.<br \/>\nn<\/p>\n<ul>\nn \t<\/p>\n<li style=\"font-weight: 400;\">Geb\u00fchren inbegriffen<\/li>\n<p>n \t<\/p>\n<li>Wanderung im Nationalpark Los Haitises<\/li>\n<p>n \t<\/p>\n<li style=\"font-weight: 400;\"><span style=\"font-weight: 400;\">Der Guide bietet Anleitung und Supervision<\/span><\/li>\n<p>n<\/ul>\n<p>n&nbsp;<br \/>\nn<\/p>\n<h4><b>Einschl\u00fcsse &amp; Ausschl\u00fcsse<\/b><\/h4>\n<p>n&nbsp;<br \/>\nn<br \/>\nn<b>Einschl\u00fcsse<\/b><br \/>\nn<br \/>\nn&nbsp;<br \/>\nn<\/p>\n<ol>\nn \t<\/p>\n<li style=\"font-weight: 400;\">Nationalpark Los Haitises<\/li>\n<p>n \t<\/p>\n<li>Wandern + Kajak<\/li>\n<p>n \t<\/p>\n<li style=\"font-weight: 400;\"><span style=\"font-weight: 400;\">Alle Steuern, Geb\u00fchren und Bearbeitungsgeb\u00fchren<\/span><\/li>\n<p>n \t<\/p>\n<li style=\"font-weight: 400;\"><span style=\"font-weight: 400;\">Lokale Steuern<\/span><\/li>\n<p>n \t<\/p>\n<li style=\"font-weight: 400;\"><span style=\"font-weight: 400;\">Getr\u00e4nke<\/span><\/li>\n<p>n \t<\/p>\n<li style=\"font-weight: 400;\"><span style=\"font-weight: 400;\">Alle Aktivit\u00e4ten<\/span><\/li>\n<p>n \t<\/p>\n<li style=\"font-weight: 400;\"><span style=\"font-weight: 400;\">Lokaler F\u00fchrer<\/span><\/li>\n<p>n<\/ol>\n<p>n<b> Ausschl\u00fcsse<\/b><br \/>\nn<\/p>\n<ol>\nn \t<\/p>\n<li style=\"font-weight: 400;\"><span style=\"font-weight: 400;\">Trinkgelder<\/span><\/li>\n<p>n \t<\/p>\n<li style=\"font-weight: 400;\"><span style=\"font-weight: 400;\">\u00dcberweisen<\/span><\/li>\n<p>n \t<\/p>\n<li>Mittagessen<\/li>\n<p>n \t<\/p>\n<li style=\"font-weight: 400;\"><span style=\"font-weight: 400;\">Alkoholische Getr\u00e4nke<\/span><\/li>\n<p>n<\/ol>\n<p>n&nbsp;<br \/>\nn<\/p>\n<h4><em><strong>Abreise &amp; R\u00fcckkehr<\/strong><\/em><\/h4>\n<p>n<span style=\"font-weight: 400;\">Der Reisende erh\u00e4lt nach dem Reservierungsprozess einen Treffpunkt. Touren beginnen und enden an unseren Treffpunkten.<\/span><br \/>\nn<br \/>\nn&nbsp;<br \/>\nn<\/p>\n<h2>Wanderung + Kajak Los Haitises Nationalpark<\/h2>\n<p>n<\/p>\n<h4><b><i>Was zu erwarten ist?<\/i><\/b><\/h4>\n<p>nDer Name des Nationalparks stammt von seinen Ureinwohnern, den Taino-Indianern. In ihrer Sprache bedeutet \u201eHaitises\u201c Hochland oder H\u00fcgel, eine Anspielung auf die steilen geologischen Formationen mit Kalksteinen an der K\u00fcste. Die Kajakfahrt dauert 2 Stunden.<br \/>\nn<br \/>\nnLernen Sie etwas \u00fcber Geschichte und Natur mit einheimischen Reiseleitern, die als Umweltsch\u00fctzer und Freiwillige in diesem Projektgebiet aufwachsen. Die von \u201eBooking Adventures\u201c organisierte Tour beginnt an dem mit dem Reiseleiter vereinbarten Treffpunkt.<br \/>\nn<br \/>\nnNach einem ersten Spaziergang durch Felder und Ackerland beginnen Sie mit der Wanderung am Kokosnuss- und Kakaowald vorbei. Erleben Sie jede Minute das prim\u00e4re und einzigartige Waldschutzgebiet im Nationalpark Los Haitises. Kommen Sie mit Booking Adventures und erkunden Sie einige endemische Vogel-, S\u00e4ugetier- und Pflanzenarten, sanfte H\u00fcgel mit \u00fcppiger Vegetation und H\u00f6hlen <em><strong>Nationalpark Los Haitises<\/strong><\/em>.<br \/>\nn<\/p>\n<div class=\"body-description secondary\">\nn<br \/>\nnDer Name des Nationalparks stammt von seinen urspr\u00fcnglichen Bewohnern, den Taino-Indianern. In ihrer Sprache bedeutet \"Haitises\" Hochland oder H\u00fcgel, eine Anspielung auf die steilen geologischen Formationen der K\u00fcstenlinie mit Kalkstein. Gehen Sie tiefer in den Park hinein und erkunden Sie H\u00f6hlen wie die <em><strong>Cueva de la Arena<\/strong><\/em> und <strong><em>Cueva de la Linea. Sie k\u00f6nnen die Bootstour mit der Wanderung kombinieren. Kontaktieren Sie uns einfach.<\/em><\/strong><br \/>\nn<br \/>\nnH\u00f6hlen im Reservat dienten den Taino-Indianern als Unterschlupf und sp\u00e4ter als Versteck f\u00fcr Piraten. Halten Sie Ausschau nach Zeichnungen von Indianern, die einige W\u00e4nde schm\u00fccken. Im Regenwald gibt es mehr als 700 Pflanzenarten. Wir versuchen, den Besuchern auf diesem Wanderweg alle Heilpflanzen n\u00e4her zu bringen, die wir kennen.<br \/>\nn<br \/>\nKommen Sie, um zu lernen, zu wandern und die wahre Natur des Nationalparks Los Haitises zu genie\u00dfen.<br \/>\nn<br \/>\nn<\/div>\n<p>n&nbsp;<br \/>\nn<\/p>\n<h4><em><strong>Was sollten Sie mitbringen?<\/strong><\/em><\/h4>\n<p>n<\/p>\n<ul>\nn \t<\/p>\n<li style=\"font-weight: 400;\"><span style=\"font-weight: 400;\">Kamera<\/span><\/li>\n<p>n \t<\/p>\n<li style=\"font-weight: 400;\"><span style=\"font-weight: 400;\">Absto\u00dfende Knospen<\/span><\/li>\n<p>n \t<\/p>\n<li style=\"font-weight: 400;\"><span style=\"font-weight: 400;\">Sonnencreme<\/span><\/li>\n<p>n \t<\/p>\n<li style=\"font-weight: 400;\"><span style=\"font-weight: 400;\">Hut<\/span><\/li>\n<p>n \t<\/p>\n<li style=\"font-weight: 400;\"><span style=\"font-weight: 400;\">Bequeme Hose<\/span><\/li>\n<p>n \t<\/p>\n<li style=\"font-weight: 400;\"><span style=\"font-weight: 400;\">Wanderschuhe f\u00fcr den Wald<\/span><\/li>\n<p>n \t<\/p>\n<li style=\"font-weight: 400;\"><span style=\"font-weight: 400;\">Sandalen zu den Fr\u00fchlingsgebieten.<\/span><\/li>\n<p>n \t<\/p>\n<li style=\"font-weight: 400;\"><span style=\"font-weight: 400;\">Schwimmkleidung<\/span><\/li>\n<p>n<\/ul>\n<p>n&nbsp;<br \/>\nn<\/p>\n<h4><b><i>Hotelabholung <\/i><\/b><\/h4>\n<p>n<span style=\"font-weight: 400;\">Eine Hotelabholung wird f\u00fcr diese Tour nicht angeboten. Nur wenn Sie im Cano Hondo Hotel oder in Hotels in der Gegend von Sabana de la Mar sind.<\/span><br \/>\nn<br \/>\nn<b>Notiz:<\/b><span style=\"font-weight: 400;\"> Wenn Sie innerhalb von 24 Stunden vor der Abfahrtszeit der Tour\/des Ausflugs buchen, k\u00f6nnen wir die Abholung vom Hotel gegen Aufpreis von jedem Ort der Dominikanischen Republik arrangieren. Sobald Ihr Kauf abgeschlossen ist, senden wir Ihnen die vollst\u00e4ndigen Kontaktinformationen (Telefonnummer, E-Mail-Adresse usw.) f\u00fcr unseren \u00f6rtlichen Reiseleiter, um die Abholung zu organisieren.<\/span><br \/>\nn<\/p>\n<h4><b><i>Zus\u00e4tzliche Info-Best\u00e4tigung <\/i><\/b><\/h4>\n<p>n<\/p>\n<ol>\nn \t<\/p>\n<li>Tickets sind die Quittung nach Bezahlung dieser Tour. Sie k\u00f6nnen die Zahlung auf Ihrem Telefon anzeigen.<\/li>\n<p>n \t<\/p>\n<li style=\"font-weight: 400;\"><span style=\"font-weight: 400;\">Treffpunkt Wird nach dem Reservierungsprozess bekannt gegeben.<\/span><\/li>\n<p>n \t<\/p>\n<li style=\"font-weight: 400;\"><span style=\"font-weight: 400;\">Kinder m\u00fcssen von einem Erwachsenen begleitet werden.<\/span><\/li>\n<p>n \t<\/p>\n<li style=\"font-weight: 400;\"><span style=\"font-weight: 400;\"> Nicht rollstuhlgerecht <\/span><\/li>\n<p>n \t<\/p>\n<li style=\"font-weight: 400;\"><span style=\"font-weight: 400;\">Kleinkinder m\u00fcssen auf dem Scho\u00df sitzen <\/span><\/li>\n<p>n \t<\/p>\n<li style=\"font-weight: 400;\"><span style=\"font-weight: 400;\">F\u00fcr Reisende mit R\u00fcckenproblemen nicht zu empfehlen<\/span><\/li>\n<p>n \t<\/p>\n<li style=\"font-weight: 400;\"><span style=\"font-weight: 400;\">Nicht f\u00fcr schwangere Reisende empfohlen <\/span><\/li>\n<p>n \t<\/p>\n<li style=\"font-weight: 400;\"><span style=\"font-weight: 400;\"> Keine Herzprobleme oder andere ernsthafte Erkrankungen <\/span><\/li>\n<p>n \t<\/p>\n<li style=\"font-weight: 400;\"><span style=\"font-weight: 400;\">Die meisten Reisenden k\u00f6nnen teilnehmen<\/span><\/li>\n<p>n<\/ol>\n<p>n<\/p>\n<h4><b><i>Stornierungsbedingungen<\/i><\/b><\/h4>\n<p>nF\u00fcr eine vollst\u00e4ndige R\u00fcckerstattung lesen Sie bitte unsere Stornierungsbedingungen\u00a0<a href=\"https:\/\/www.boattoursamana.com\/de\/online-buchung\/\" target=\"_blank\" rel=\"noopener\" data-saferedirecturl=\"https:\/\/www.google.com\/url?q=https:\/\/www.boattoursamana.com\/online-booking\/&amp;source=gmail&amp;ust=1672532492004000&amp;usg=AOvVaw3ylqI1cdbIPTimEqEWneyd\">Klicke hier<\/a>. Das Geld geht verloren, wenn die Reservierung am selben Tag der Reise storniert wird.<\/p>\n\n\t\t<\/div>\n\t<\/div>\n<div class=\"vc_btn3-container vc_btn3-inline\" ><a class=\"vc_general vc_btn3 vc_btn3-size-md vc_btn3-shape-rounded vc_btn3-style-modern vc_btn3-color-green\" href=\"https:\/\/bookingadventures.tours\/booking.php?tour_id=214ab2ed515734864898e23b426328be\" title=\"\" rel=\"noopener\">BUCHEN SIE JETZT<\/a><\/div><div class=\"mkdf-section-title-holder\" style=\"text-align: left\">\n\t<div class=\"mkdf-st-inner\">\n\t\t\t\t\t<h5 class=\"mkdf-st-subtitle\" >\n\t\t\t\tWandern im Regenwald und Kajakfahren\t\t\t<\/h5>\n\t\t\t\t\t\t\t<h3 class=\"mkdf-st-title\" >\n\t\t\t\tWanderung + Kajak Los Haitises Nationalpark\t\t\t<\/h3>\n\t\t\t\t\t\t\t<p class=\"mkdf-st-text\" >\n\t\t\t\tDieses Erlebnis erfordert mindestens 2 Teilnehmer. Wenn Sie nicht 2 Jahre alt sind, k\u00f6nnen Sie sich gerne an uns wenden!\t\t\t<\/p>\n\t\t\t<\/div>\n<\/div><\/div><\/div><\/div><\/div><div class=\"vc_row wpb_row vc_row-fluid\" ><div class=\"wpb_column vc_column_container vc_col-sm-12\"><div class=\"vc_column-inner\"><div class=\"wpb_wrapper\"><\/div><\/div><\/div><\/div><div class=\"vc_row wpb_row vc_row-fluid\" ><\/div><div class=\"wpb_column vc_column_container vc_col-sm-12\"><div class=\"vc_column-inner\"><div class=\"wpb_wrapper\"><\/div><\/div><\/div><div class=\"vc_empty_space\"   style=\"height: 32px\"><span class=\"vc_empty_space_inner\"><\/span><\/div><div class=\"vc_empty_space\"   style=\"height: 32px\"><span class=\"vc_empty_space_inner\"><\/span><\/div><div class=\"vc_row wpb_row vc_row-fluid\" ><div class=\"wpb_column vc_column_container vc_col-sm-12\"><div class=\"vc_column-inner\"><div class=\"wpb_wrapper\"><div class=\"vc_btn3-container vc_btn3-inline\" ><a class=\"vc_general vc_btn3 vc_btn3-size-md vc_btn3-shape-rounded vc_btn3-style-modern vc_btn3-color-green\" href=\"https:\/\/bookingadventures.tours\/booking.php?tour_id=214ab2ed515734864898e23b426328be\" title=\"\" rel=\"noopener\">BUCHEN SIE JETZT<\/a><\/div><\/div><\/div><\/div><\/div>","protected":false},"excerpt":{"rendered":"<p>Caminata de 3 horas y kayak en manglares en el Parque Nacional Los Haitises con un gu\u00eda tur\u00edstico local desde Sabana de la mar. Visitando las \u00e1reas de Selva Tropical, Cocos, Caf\u00e9 y Cacao. Aprendiendo sobre la historia original del Parque Nacional Los Haitises. n n&nbsp; n nSeleccione la fecha para el viaje de senderismo: &nbsp;<\/p>","protected":false},"author":2,"featured_media":0,"parent":0,"menu_order":0,"comment_status":"open","ping_status":"closed","template":"","meta":{"footnotes":""},"class_list":["post-15776","page","type-page","status-publish","hentry"],"_links":{"self":[{"href":"https:\/\/www.boattoursamana.com\/de\/wp-json\/wp\/v2\/pages\/15776","targetHints":{"allow":["GET"]}}],"collection":[{"href":"https:\/\/www.boattoursamana.com\/de\/wp-json\/wp\/v2\/pages"}],"about":[{"href":"https:\/\/www.boattoursamana.com\/de\/wp-json\/wp\/v2\/types\/page"}],"author":[{"embeddable":true,"href":"https:\/\/www.boattoursamana.com\/de\/wp-json\/wp\/v2\/users\/2"}],"replies":[{"embeddable":true,"href":"https:\/\/www.boattoursamana.com\/de\/wp-json\/wp\/v2\/comments?post=15776"}],"version-history":[{"count":0,"href":"https:\/\/www.boattoursamana.com\/de\/wp-json\/wp\/v2\/pages\/15776\/revisions"}],"wp:attachment":[{"href":"https:\/\/www.boattoursamana.com\/de\/wp-json\/wp\/v2\/media?parent=15776"}],"curies":[{"name":"wp","href":"https:\/\/api.w.org\/{rel}","templated":true}]}}