{"id":15778,"date":"2023-07-15T07:43:40","date_gmt":"2023-07-15T07:43:40","guid":{"rendered":"https:\/\/www.ticketswhales.com\/punta-cana-samana-whale-watching-cayo-levantado-bacardi-island-limon-waterfalls\/"},"modified":"2023-07-15T07:43:40","modified_gmt":"2023-07-15T07:43:40","slug":"punta-cana-samana-whale-watching-cayo-levantado-bacardi-island-limon-waterfalls","status":"publish","type":"page","link":"https:\/\/www.boattoursamana.com\/de\/punta-cana-samana-walbeobachtung-cayo-levantado-bacardi-insel-limon-wasserfalle-2","title":{"rendered":"Punta Cana: Saman\u00e1-Walbeobachtung + Cayo Levantado (Bacardi-Insel) + Lim\u00f3n-Wasserf\u00e4lle"},"content":{"rendered":"<p>Von den Hotels in Punta Cana aus genie\u00dfen wir die wundersch\u00f6ne Landschaft der orientalischen Bergkette, w\u00e4hrend wir n\u00f6rdlich von Punta Cana fahren, bevor wir das kleine Fischerdorf Miches an der S\u00fcdk\u00fcste der Bucht von Samana erreichen. Dort genie\u00dfen Sie ein schnelles Fr\u00fchst\u00fcck, bevor Sie an Bord des Bootes nach Samana gehen. Wir fahren tief in die Bucht hinein, um Wale zu beobachten. Wir werden zuerst Cayo Levantado erreichen, auch bekannt als Bacardi Island wegen seiner gro\u00dfen \u00c4hnlichkeit mit den Str\u00e4nden, die Bacardi Rum einst f\u00fcr seine ber\u00fchmten Werbespots nutzte. Cayo Levantado ist nichts weniger als eine tropische Oase \u2013 eine kleine Insel mitten im Ozean mit t\u00fcrkisfarbenem Wasser und wei\u00dfem Sand. Danach eine Safari in der Gemeinde Samana zu den Wasserf\u00e4llen. In den Wasserf\u00e4llen macht sich el Limon bereit zum Reiten oder Wandern. Dies ist ein einzigartiges vollst\u00e4ndiges Abenteuer.<br \/>\nn<br \/>\nn<span style=\"vertical-align: inherit;\"><span style=\"vertical-align: inherit;\">Este tour ha incluido la parada en la <\/span><\/span><strong><span style=\"vertical-align: inherit;\"><span style=\"vertical-align: inherit;\">Cascada de Lim\u00f3n<\/span><\/span><\/strong><span style=\"vertical-align: inherit;\"><span style=\"vertical-align: inherit;\"> . <\/span><span style=\"vertical-align: inherit;\">Para reservar el mismo viaje y no ir a las cascadas por favor <\/span><\/span><a href=\"https:\/\/www.boattoursamana.com\/de\/Tours-Excursions\/tours-excursions-samana-bay-dominican-republic\/whale-watching-2020-in-punta-cana-to-samana-bay-cayo-levantado-bacardi-island-from-hotels\/\"><span style=\"vertical-align: inherit;\"><span style=\"vertical-align: inherit;\">HAGA CLIC AQU\u00cd.<\/span><\/span><\/a><br \/>\nn<br \/>\nn&nbsp;<br \/>\nn<br \/>\nn<em><strong><span style=\"vertical-align: inherit;\"><span style=\"vertical-align: inherit;\">Seleccione la fecha de la excursi\u00f3n:<\/span><\/span><\/strong><\/em><\/p>\n<p>&nbsp;<\/p>\n<div class=\"wpb_column vc_column_container vc_col-sm-12\"><div class=\"vc_column-inner\"><div class=\"wpb_wrapper\"><div class=\"vc_btn3-container vc_btn3-inline\" ><button class=\"vc_general vc_btn3 vc_btn3-size-md vc_btn3-shape-rounded vc_btn3-style-modern vc_btn3-color-green\">BUCHEN SIE JETZT<\/button><\/div>\n\t<div class=\"wpb_text_column wpb_content_element\" >\n\t\t<div class=\"wpb_wrapper\">\n\t\t\t<p>\nn<\/p>\n<div class=\"vc_row wpb_row vc_row-fluid\">\nn<\/p>\n<div class=\"wpb_column vc_column_container vc_col-sm-12\">\nn<\/p>\n<div class=\"vc_column-inner\">\nn<\/p>\n<div class=\"wpb_wrapper\">\nn<\/p>\n<div class=\"mkdf-section-title-holder\">\nn<\/p>\n<div class=\"mkdf-st-inner\">\nn<\/p>\n<h5 class=\"mkdf-st-subtitle\">Cayo Levantado (Bacardi Island) + Limon-Wasserf\u00e4lle von Punta Cana Hotels.<\/h5>\n<p>n<\/p>\n<h3 class=\"mkdf-st-title\">Walbeobachtung 2023 in Punta Cana zur Samana-Bucht<\/h3>\n<p>n\n<\/p><\/div>\n<p>n\n<\/p><\/div>\n<p>n\n<\/p><\/div>\n<p>n\n<\/p><\/div>\n<p>n\n<\/p><\/div>\n<p>n\n<\/p><\/div>\n<p>n<\/p>\n<div class=\"vc_row wpb_row vc_row-fluid\"><\/div>\n<p>n<\/p>\n<div class=\"wpb_column vc_column_container vc_col-sm-12\">\nn<\/p>\n<div class=\"vc_column-inner\">\nn<\/p>\n<div class=\"wpb_wrapper\"><\/div>\n<p>n\n<\/p><\/div>\n<p>n\n<\/p><\/div>\n<p>n<\/p>\n<div class=\"wpb_text_column wpb_content_element\">\nn<\/p>\n<div class=\"wpb_wrapper\"><\/div>\n<p>n\n<\/p><\/div>\n<p>n<\/p>\n<div class=\"vc_row wpb_row vc_row-fluid\">\nn<\/p>\n<div class=\"wpb_column vc_column_container vc_col-sm-12\">\nn<\/p>\n<div class=\"vc_column-inner\">\nn<\/p>\n<div class=\"wpb_wrapper\">\nn<\/p>\n<div class=\"wpb_text_column wpb_content_element\">\nn<\/p>\n<div class=\"wpb_wrapper\">\nn<\/p>\n<div class=\"vc_row wpb_row vc_row-fluid\">\nn<\/p>\n<div class=\"wpb_column vc_column_container vc_col-sm-12\">\nn<\/p>\n<div class=\"vc_column-inner\">\nn<\/p>\n<div class=\"wpb_wrapper\">\nn<\/p>\n<div class=\"wpb_text_column wpb_content_element\">\nn<\/p>\n<div class=\"wpb_wrapper\">\nn<\/p>\n<h4><b><i>\u00dcberblick <\/i><\/b><\/h4>\n<p>Walfang in Punta Cana, Walbeobachtung in der Saman\u00e1-Bucht und Besuch von Cayo Levantado sowie Safari zu den Wasserf\u00e4llen von El Limon w\u00e4hrend dieses ganzt\u00e4gigen Ausflugs von Hotels in Punta Cana aus. Reisen Sie in einem komfortablen, klimatisierten Reisebus zur Bucht von Saman\u00e1 und steigen Sie dann in Miches auf ein Katamaranboot. Fahren Sie hinaus ins offene Wasser und halten Sie Ausschau nach Buckelwalschulen, die hierher kommen, um dort zu br\u00fcten und ihre K\u00e4lber zur Welt zu bringen. Erfahren Sie von Ihrem erfahrenen Naturf\u00fchrer mehr \u00fcber das Verhalten und die Biologie dieser Meeress\u00e4ugetiere. Weiterfahrt nach Cayo Levantado\/Bacardi-Insel, wo Sie am Strand zu Mittag essen und sich im azurblauen Wasser erfrischen k\u00f6nnen. Nach dieser Safari-Reise zu den Limon-Wasserf\u00e4llen mit Pferden durch den Kokosnusswald kehren Sie nach Punta Cana zur\u00fcck.<br \/>\nn<br \/>\nn&nbsp;<br \/>\nn<br \/>\nn<strong>Notiz:<\/strong>\u00a0Diese Tour ist nicht privat. Diese Tour beinhaltet den Stopp bei\u00a0<strong>Limon-Wasserfall<\/strong>. Um die gleiche Reise zu buchen und nicht zu den Wasserf\u00e4llen zu gehen, bitte\u00a0<a href=\"https:\/\/www.boattoursamana.com\/de\/Tours-Excursions\/tours-excursions-samana-bay-dominican-republic\/whale-watching-2020-in-punta-cana-to-samana-bay-cayo-levantado-bacardi-island-from-hotels\/\" data-mil=\"9912\">KLICKE HIER.<\/a><br \/>\nn<\/p>\n<ul>\nn \t<\/p>\n<li>Ausflug zur Walbeobachtung<\/li>\n<p>n \t<\/p>\n<li>Insel Bacardi \/ Cayo Levantado<\/li>\n<p>n \t<\/p>\n<li>Eintrittsgeb\u00fchren f\u00fcr das Observatorium<\/li>\n<p>n \t<\/p>\n<li>Samana-Safari<\/li>\n<p>n \t<\/p>\n<li>El Limon Wasserf\u00e4lle Reiten<\/li>\n<p>n \t<\/p>\n<li>Inklusive Mittagsbuffet am Strand<\/li>\n<p>n \t<\/p>\n<li>Bootstransfer<\/li>\n<p>n \t<\/p>\n<li>Der Kapit\u00e4n bietet Anweisungen und Aufsicht<\/li>\n<p>n \t<\/p>\n<li>Reisef\u00fchrer<\/li>\n<p>n<\/ul>\n<p>n&nbsp;<br \/>\nn<\/p>\n<h4><b>Einschl\u00fcsse &amp; Ausschl\u00fcsse<\/b><\/h4>\n<p>n&nbsp;<br \/>\nn<br \/>\nn<b>Einschl\u00fcsse<\/b><br \/>\nn<br \/>\nn&nbsp;<br \/>\nn<\/p>\n<ol>\nn \t<\/p>\n<li>Mittagsbuffet am Strand<\/li>\n<p>n \t<\/p>\n<li>Transfer von Hotels<\/li>\n<p>n \t<\/p>\n<li>Reisef\u00fchrer<\/li>\n<p>n \t<\/p>\n<li>Katamaran- oder Bootsfahrt<\/li>\n<p>n \t<\/p>\n<li>Alle Steuern, Geb\u00fchren und Bearbeitungsgeb\u00fchren<\/li>\n<p>n \t<\/p>\n<li>Lokale Steuern<\/li>\n<p>n \t<\/p>\n<li>Getr\u00e4nke<\/li>\n<p>n<\/ol>\n<p>n<b>Ausschl\u00fcsse<\/b><br \/>\nn<\/p>\n<ol>\nn \t<\/p>\n<li>Trinkgelder<\/li>\n<p>n<\/ol>\n<p>n&nbsp;<br \/>\nn<\/p>\n<h4><em><strong>Abreise &amp; R\u00fcckkehr<\/strong><\/em><\/h4>\n<p>F\u00fcr diese Tour wird eine Abholung vom Hotel angeboten. Geben Sie in den Notizen einfach den Namen des Hotels ein, von dem Sie abgeholt werden sollen. Wir holen Sie in allen Hotels in Punta Cana ab.<br \/>\nn<br \/>\nn&nbsp;<br \/>\nn<\/p>\n<h3>Samana-Walbeobachtung + Cayo Levantado (Bacardi Island) + Limon-Wasserf\u00e4lle von Punta Cana Hotels.<\/h3>\n<p>n<\/p>\n<h4><b><i>Was zu erwarten ist?<\/i><\/b><\/h4>\n<p>Kommen Sie den sanften Meeresriesen der Dominikanischen Republik bei diesem 12-st\u00fcndigen Ausflug zur Beobachtung von Buckelwalen in der Bucht von S\u00e1mana ganz nah. Verbringen Sie einen unvergesslichen Tag und beobachten Sie die Tausenden Wale, die jedes Jahr auf die Insel str\u00f6men, um sich in den warmen tropischen Gew\u00e4ssern zu paaren, zu fressen und zu spielen. W\u00e4hrend Sie diese wundersch\u00f6nen Kreaturen beobachten, erhalten Sie einzigartige Einblicke von Ihrem erfahrenen Walbeobachtungsf\u00fchrer. Beenden Sie den Tag mit einem inbegriffenen Mittagessen und Strandzeit auf der wundersch\u00f6nen Insel Cayo Levantado. Der Hin- und R\u00fccktransport zum Hotel ist ebenfalls inbegriffen.<br \/>\nn<br \/>\nnVon 9:00 bis 12:00 Uhr Walbeobachtungsobservatorium und Nach diesem Walausflug besuchen wir die Insel Bacardi \/ Cayo Levantado. Auf der Insel Bacardi wird ein Mittagsbuffet nach typisch dominikanischer Art angeboten (Reis, Bohnen, Fisch, Salate\u2026). Wenn das Mittagessen beendet ist, d\u00fcrfen Sie schwimmen und sich bis 16:30 Uhr auf den Weg zu den Wasserf\u00e4llen von El Limon vorbereiten. Die Tour endet um 17:00 Uhr am selben Hafen, von wo aus sie an Bord unseres Katamarans und des Busses zur\u00fcck zu den Hotels in Punta Cana beginnt.<br \/>\nn<br \/>\nn<strong>Zeitplan:<\/strong><br \/>\nn<br \/>\nn6:00 \u2013 7:00 Abholung der Kunden von den verschiedenen Hotels<br \/>\nn07:00 Abfahrt nach Las Canitas in Sabana de la Mar<br \/>\nn08:15 Ankunft am privaten Dock<br \/>\nn08:15 \u2013 8:40 Uhr Fr\u00fchst\u00fcckszeit (Sandwiches, Muffins, Tee, Kaffee, S\u00e4fte)<br \/>\nn8:45 Wir gehen an Bord, um unsere Reise zum Schutzgebiet der Buckelwale in Saman\u00e1 zu beginnen<br \/>\nn11:00 Suche nach Walen f\u00fcr einen Zeitraum von 45 Minuten \u2013 Dies ist der Zeitplan, der von der Regierung eingehalten wird.<br \/>\nn11:45 Fahren Sie nach Cayo Levantado in der Bucht von Samana<br \/>\nn12:30 Ankunft in Cayo Levantado<br \/>\nn13:00 Mittagszeit (Mittagsbuffet, typisch dominikanisch)*<br \/>\nn13:45 \u2013 15:30 Freizeit in Cayo Levantado<br \/>\nn15:00 \u2013 15:45 Wieder an Bord Richtung zur\u00fcck nach Miches<br \/>\nn17:00 Ankunft in Miches und Abreise zu den Hotels in Punta Cana<br \/>\nn19:30 \u2013 20:00 Ankunft in den Hotels in Punta Cana<br \/>\nn<br \/>\nn<strong>*Mittagsmen\u00fc (typisch dominikanisch)<br \/>\nn<\/strong>Reis, gegrilltes Huhn oder gegrillter Fisch, Salat, Gem\u00fcse, frisches Obst.<br \/>\nn<br \/>\nn<strong>*Kunden, die sich daf\u00fcr entscheiden, den Stopp am Wasserfall El Limon hinzuzuf\u00fcgen, nachdem die Walbeobachtung zur Wasserfallanzeige wechselt, haben weniger Zeit, um in Cayo Levantado zu verbringen.<\/strong><br \/>\nn<br \/>\nnDiese Tour beinhaltet den Stopp bei\u00a0<strong>Limon-Wasserfall<\/strong>. Um die gleiche Reise zu buchen und nicht zu den Wasserf\u00e4llen zu gehen, bitte\u00a0<a href=\"https:\/\/www.boattoursamana.com\/de\/Tours-Excursions\/tours-excursions-samana-bay-dominican-republic\/whale-watching-2020-in-punta-cana-to-samana-bay-cayo-levantado-bacardi-island-from-hotels\/\" data-mil=\"9912\">KLICKE HIER.<\/a><br \/>\nn<br \/>\nn&nbsp;<br \/>\nn<\/p>\n<h4><em><strong>Was sollten Sie mitbringen?<\/strong><\/em><\/h4>\n<p>n<\/p>\n<ul>\nn \t<\/p>\n<li>Kamera<\/li>\n<p>n \t<\/p>\n<li>Absto\u00dfende Knospen<\/li>\n<p>n \t<\/p>\n<li>Sonnencreme<\/li>\n<p>n \t<\/p>\n<li>Hut<\/li>\n<p>n \t<\/p>\n<li>Bequeme Hose<\/li>\n<p>n \t<\/p>\n<li>Sandalen zum Strand<\/li>\n<p>n \t<\/p>\n<li>Schwimmkleidung<\/li>\n<p>n \t<\/p>\n<li>Bargeld f\u00fcr Souvenirs und Trinkgelder<\/li>\n<p>n<\/ul>\n<p>n&nbsp;<br \/>\nn<\/p>\n<h4><b><i>Hotelabholung<\/i><\/b><\/h4>\n<p>F\u00fcr diese Tour wird eine Abholung vom Hotel angeboten. Geben Sie in den Notizen einfach den Namen des Hotels ein, von dem Sie abgeholt werden sollen. Wir holen Sie in allen Hotels in Punta Cana ab.<br \/>\nn<br \/>\nn&nbsp;<br \/>\nn<br \/>\nn<b>Notiz:<\/b>\u00a0Wenn Sie innerhalb von 24 Stunden vor der Abfahrtszeit der Tour\/des Ausflugs buchen, k\u00f6nnen wir die Abholung vom Hotel arrangieren. Sobald Ihr Kauf abgeschlossen ist, senden wir Ihnen die vollst\u00e4ndigen Kontaktinformationen (Telefonnummer, E-Mail-Adresse usw.) f\u00fcr unseren \u00f6rtlichen Reiseleiter, um die Abholung zu organisieren.<br \/>\nn<\/p>\n<h4><b><i>Zus\u00e4tzliche Info-Best\u00e4tigung<\/i><\/b><\/h4>\n<p>n<\/p>\n<ol>\nn \t<\/p>\n<li>Tickets sind die Quittung nach Bezahlung dieser Tour. Sie k\u00f6nnen die Zahlung auf Ihrem Telefon anzeigen.<\/li>\n<p>n \t<\/p>\n<li>Treffpunkt Wird nach dem Reservierungsprozess bekannt gegeben.<\/li>\n<p>n \t<\/p>\n<li>Kinder m\u00fcssen von einem Erwachsenen begleitet werden.<\/li>\n<p>n \t<\/p>\n<li>barrierefrei<\/li>\n<p>n \t<\/p>\n<li>Kleinkinder m\u00fcssen auf dem Scho\u00df sitzen<\/li>\n<p>n \t<\/p>\n<li>Die meisten Reisenden k\u00f6nnen teilnehmen<\/li>\n<p>n<\/ol>\n<p>n<\/p>\n<h4><b><i>Stornierungsbedingungen<\/i><\/b><\/h4>\n<p>nF\u00fcr eine vollst\u00e4ndige R\u00fcckerstattung m\u00fcssen Sie mindestens 7 Tage vor Beginn des Erlebnisses stornieren.<a href=\"https:\/\/www.boattoursamana.com\/de\/online-buchung\/\"> Klicke hier<\/a> um Politiken zu sehen.<br \/>\nn<br \/>\nn<\/div>\n<p>n\n<\/p><\/div>\n<p>n\n<\/p><\/div>\n<p>n\n<\/p><\/div>\n<p>n\n<\/p><\/div>\n<p>n\n<\/p><\/div>\n<p>n\n<\/p><\/div>\n<p>n\n<\/p><\/div>\n<p>n\n<\/p><\/div>\n<p>n\n<\/p><\/div>\n<p>n\n<\/p><\/div>\n<p>n\n<\/p><\/div>\n<p>n<\/p>\n<div class=\"vc_row wpb_row vc_row-fluid\">\nn<\/p>\n<div class=\"wpb_column vc_column_container vc_col-sm-12\">\nn<\/p>\n<div class=\"vc_column-inner\">\nn<\/p>\n<div class=\"wpb_wrapper\">\nn<\/p>\n<div class=\"vc_empty_space\"><\/div>\n<p>n<\/p>\n<div class=\"wpb_text_column wpb_content_element\">\nn<\/p>\n<div class=\"wpb_wrapper\">\nn<\/p>\n<h4>Kontaktiere uns?<\/h4>\n<p>n<\/p>\n<h5><b><i>TOUR WALE SAMANA<\/i><\/b><\/h5>\n<p>n<em><strong>Einheimische<\/strong>\u00a0und\u00a0<strong>Staatsangeh\u00f6rige<\/strong>\u00a0Reiseleiter &amp; G\u00e4steservice<\/em><br \/>\nn<br \/>\nn<span class=\"text-turquoise\">Reserven:<\/span>\u00a0\u00a0Tours y Excursiones en Dom. Wiederholungen.<br \/>\nn<br \/>\nn Tel\/WhatsApp\u00a0\u00a0\u00a0<a href=\"tel:+1-809-720-6035\">+ 1-809-720-6035<\/a>\u00a0.<br \/>\nn<br \/>\nn \u00a0<a href=\"mailto:info@bookingadventures.com.do\">info@bookingadventures.com.do<\/a><br \/>\nn<br \/>\nn<strong>Somos Tours privados de configuraci\u00f3n flexible per Whatsapp:\u00a0\u00a0<a href=\"tel:+18097206035\">+18097206035.<\/a><\/strong><br \/>\nn<br \/>\nn<\/div>\n<p>n\n<\/p><\/div>\n<p>n\n<\/p><\/div>\n<p>n\n<\/p><\/div>\n<p>n\n<\/p><\/div>\n<p>n\n<\/p><\/div>\n<p>n<\/p>\n\n\t\t<\/div>\n\t<\/div>\n<\/div><\/div><\/div><div class=\"vc_row wpb_row vc_row-fluid\" ><div class=\"wpb_column vc_column_container vc_col-sm-12\"><div class=\"vc_column-inner\"><div class=\"wpb_wrapper\"><div class=\"vc_btn3-container vc_btn3-inline\" ><button class=\"vc_general vc_btn3 vc_btn3-size-md vc_btn3-shape-rounded vc_btn3-style-modern vc_btn3-color-green\">BUCHEN SIE JETZT<\/button><\/div><\/div><\/div><\/div><\/div>","protected":false},"excerpt":{"rendered":"<p>From the Punta Cana hotels, we&#8217;ll enjoy the beautiful landscapes of the Oriental Mountain Range as we drive north of Punta Cana before arriving in the small fishing village of Miches at the southern shores of Samana Bay. There you will enjoy a quick breakfast prior to boarding the boat to Samana. We&#8217;ll cruise deep into the bay to whale watch. We will first reach Cayo Levantado, also known as Bacardi Island because of its close resemblance to the beaches [&hellip;]<\/p>\n","protected":false},"author":2,"featured_media":0,"parent":0,"menu_order":0,"comment_status":"open","ping_status":"closed","template":"","meta":{"footnotes":""},"class_list":["post-15778","page","type-page","status-publish","hentry"],"_links":{"self":[{"href":"https:\/\/www.boattoursamana.com\/de\/wp-json\/wp\/v2\/pages\/15778","targetHints":{"allow":["GET"]}}],"collection":[{"href":"https:\/\/www.boattoursamana.com\/de\/wp-json\/wp\/v2\/pages"}],"about":[{"href":"https:\/\/www.boattoursamana.com\/de\/wp-json\/wp\/v2\/types\/page"}],"author":[{"embeddable":true,"href":"https:\/\/www.boattoursamana.com\/de\/wp-json\/wp\/v2\/users\/2"}],"replies":[{"embeddable":true,"href":"https:\/\/www.boattoursamana.com\/de\/wp-json\/wp\/v2\/comments?post=15778"}],"version-history":[{"count":0,"href":"https:\/\/www.boattoursamana.com\/de\/wp-json\/wp\/v2\/pages\/15778\/revisions"}],"wp:attachment":[{"href":"https:\/\/www.boattoursamana.com\/de\/wp-json\/wp\/v2\/media?parent=15778"}],"curies":[{"name":"wp","href":"https:\/\/api.w.org\/{rel}","templated":true}]}}