{"id":15784,"date":"2023-07-15T07:43:40","date_gmt":"2023-07-15T07:43:40","guid":{"rendered":"https:\/\/www.ticketswhales.com\/punta-cana-buggy-tour-pick-up-from-punta-cana-hotels\/"},"modified":"2023-07-15T07:43:40","modified_gmt":"2023-07-15T07:43:40","slug":"punta-cana-buggy-tour-pick-up-from-punta-cana-hotels","status":"publish","type":"page","link":"https:\/\/www.boattoursamana.com\/de\/punta-cana-buggy-tour-abholung-von-den-hotels-in-punta-cana-2","title":{"rendered":"Punta Cana Buggy Tour \u2013 Abholung von Hotels in Punta Cana"},"content":{"rendered":"<p>Nachdem wir Sie von Ihrem Hotel abgeholt haben, machen wir uns auf den Weg ins Innere von Punta Cana. Umgeben von\u00a0<strong>Kaffee- und Kakaoplantagen<\/strong>, dein\u00a0<strong>lokale F\u00fchrer<\/strong>\u00a0erkl\u00e4rt Ihnen die Tour und alles, was Sie wissen m\u00fcssen, um Ihren Buggy zu fahren.<br \/>\nn<br \/>\nDann drehen wir den Schl\u00fcssel im Z\u00fcndschloss um und beginnen die Aufregung, indem wir hin\u00fcberfahren\u00a0<strong>H\u00fcgel, durch Kaffeeplantagen und entlang von Feldwegen und Flussbetten<\/strong>.<br \/>\nn<br \/>\nn&nbsp;<br \/>\nn<br \/>\nn<em><strong>Bitte w\u00e4hlen Sie das Datum f\u00fcr die Tour aus\u00a0<\/strong><\/em><\/p>\n<p>&nbsp;<\/p>\n<div class=\"vc_row wpb_row vc_row-fluid\" ><div class=\"wpb_column vc_column_container vc_col-sm-12\"><div class=\"vc_column-inner\"><div class=\"wpb_wrapper\"><div class=\"mkdf-section-title-holder\" style=\"text-align: left\">\n\t<div class=\"mkdf-st-inner\">\n\t\t\t\t\t<h5 class=\"mkdf-st-subtitle\" >\n\t\t\t\tVon Punta Cana Hotels\t\t\t<\/h5>\n\t\t\t\t\t\t\t<h3 class=\"mkdf-st-title\" >\n\t\t\t\tPunta Cana Buggys - Buggy\t\t\t<\/h3>\n\t\t\t\t\t\t\t<p class=\"mkdf-st-text\" >\n\t\t\t\tHinweis: Diese Tour beginnt um 7:00 Uhr. Je nachdem, wo sich die Abholhotels befinden, kann sich die Zeit \u00e4ndern. Zus\u00e4tzliche Kosten f\u00fcr die Abholung in Gebieten, die nicht in unserer Beschreibung aufgef\u00fchrt sind.\t\t\t<\/p>\n\t\t\t<\/div>\n<\/div><\/div><\/div><\/div><\/div><div class=\"vc_row wpb_row vc_row-fluid\" ><div class=\"wpb_column vc_column_container vc_col-sm-12\"><div class=\"vc_column-inner\"><div class=\"wpb_wrapper\"><div class=\"vc_empty_space\"   style=\"height: 32px\"><span class=\"vc_empty_space_inner\"><\/span><\/div><\/div><\/div><\/div><\/div><div class=\"vc_row wpb_row vc_row-fluid\" ><div class=\"wpb_column vc_column_container vc_col-sm-12\"><div class=\"vc_column-inner\"><div class=\"wpb_wrapper\">\n\t<div class=\"wpb_text_column wpb_content_element\" >\n\t\t<div class=\"wpb_wrapper\">\n\t\t\t<p>\nn<\/p>\n<h4><b><i>\u00dcberblick <\/i><\/b><\/h4>\n<p>n<\/p>\n<div>\nn<br \/>\nnTour the paradise landscapes of Punta Cana, onboard your very own buggy! You&#8217;ll <strong>Entdecken Sie das Dorf Macao und seine idyllischen Str\u00e4nde<\/strong>, sowie ein Bad in einer einheimischen Cenote nehmen.<br \/>\nn<br \/>\nn<\/div>\n<p>n<\/p>\n<ul class=\"vcs-highlights\">\nn \t<\/p>\n<li>Auswahl aus mehreren Abfahrten im Laufe des Tages<\/li>\n<p>n \t<\/p>\n<li>Genie\u00dfen Sie fantastische Ausblicke<\/li>\n<p>n \t<\/p>\n<li>Familienfreundlich<\/li>\n<p>n \t<\/p>\n<li>Abholung von einem zentral gelegenen Treffpunkt<\/li>\n<p>n \t<\/p>\n<li>Romantische Erfahrung, perfekt f\u00fcr Paare<\/li>\n<p>n<\/ul>\n<p>n&nbsp;<br \/>\nn<\/p>\n<h4><b>Einschl\u00fcsse &amp; Ausschl\u00fcsse<\/b><\/h4>\n<p>n&nbsp;<br \/>\nn<br \/>\nn<b>Einschl\u00fcsse<\/b><br \/>\nn<br \/>\nn&nbsp;<br \/>\nn<\/p>\n<ol>\nn \t<\/p>\n<li>Buggy-Tour<\/li>\n<p>n \t<\/p>\n<li>Busabholung von Ihrem Hotel<\/li>\n<p>n \t<\/p>\n<li style=\"font-weight: 400;\"><span style=\"font-weight: 400;\">Alle Steuern, Geb\u00fchren und Bearbeitungsgeb\u00fchren<\/span><\/li>\n<p>n \t<\/p>\n<li style=\"font-weight: 400;\"><span style=\"font-weight: 400;\">Lokale Steuern<\/span><\/li>\n<p>n \t<\/p>\n<li style=\"font-weight: 400;\"><span style=\"font-weight: 400;\">Getr\u00e4nke<\/span><\/li>\n<p>n<\/ol>\n<p>n<b> Ausschl\u00fcsse<\/b><br \/>\nn<\/p>\n<ol>\nn \t<\/p>\n<li style=\"font-weight: 400;\"><span style=\"font-weight: 400;\">Trinkgelder<\/span><\/li>\n<p>n \t<\/p>\n<li>Mittagessen<\/li>\n<p>n<\/ol>\n<p>n&nbsp;<br \/>\nn<\/p>\n<h4><em><strong>Abreise &amp; R\u00fcckkehr<\/strong><\/em><\/h4>\n<p>n<span style=\"font-weight: 400;\">Der Reisende erh\u00e4lt nach dem Reservierungsprozess einen Treffpunkt. Die Touren beginnen und enden an unseren Treffpunkten.<\/span><br \/>\nn<br \/>\nn&nbsp;<br \/>\nn<\/p>\n<h4><b><i>Was zu erwarten ist?<\/i><\/b><\/h4>\n<p>nHaving picked you up from your hotel we&#8217;ll make our way to the Punta Cana interior. Surrounded by <strong>Kaffee- und Kakaoplantagen<\/strong>, dein\u00a0<strong>lokale F\u00fchrer<\/strong>\u00a0erkl\u00e4rt Ihnen die Tour und alles, was Sie wissen m\u00fcssen, um Ihren Buggy zu fahren.<br \/>\nn<br \/>\nDann drehen wir den Schl\u00fcssel im Z\u00fcndschloss um und beginnen die Aufregung, indem wir hin\u00fcberfahren\u00a0<strong>H\u00fcgel, durch Kaffeeplantagen und entlang von Feldwegen und Flussbetten<\/strong>.<br \/>\nn<br \/>\nnOur first stop will be at Macao beach. Far from the large hotels and tourist areas, this\u00a0<strong>Naturparadies<\/strong>\u00a0und sein kristallklares Wasser ist der perfekte Ort f\u00fcr ein Bad, und hier haben Sie Zeit zur freien Verf\u00fcgung\u00a0<strong>Schwimmen Sie im atemberaubenden karibischen Meer<\/strong>.<br \/>\nn<br \/>\nDann steigen wir wieder in unseren Buggy und machen uns auf den Weg zu den sogenannten \u201eIndigenous Springs\u201c, wo wir eine der idyllischsten entdecken<strong>\u00a0Cenoten<\/strong>\u00a0in Punta Cana. Hier haben Sie eine halbe Stunde Zeit, um diesen unterirdischen Pool zu erkunden und in seinem t\u00fcrkisfarbenen Wasser zu schwimmen.<br \/>\nn<br \/>\nnFinally, we&#8217;ll leave the buggies behind, and we&#8217;ll accompany you back to your accommodation, putting an end to an unforgettable day.<br \/>\nn<br \/>\nn<strong>Zeitplan:<\/strong><br \/>\nn<br \/>\nn7:00 \u2013 19:00 Uhr\u2026 Die Zeit \u00e4ndert sich je nachdem, wo Sie sich in Punta Cana befinden.<br \/>\nn<\/p>\n<h4>Solo oder Teilen?<\/h4>\n<p>nWhen making your reservation you can choose if you would prefer to drive a buggy to yourself or share a vehicle with one or three others. The price shown is per person.<br \/>\nn<br \/>\nn&nbsp;<br \/>\nn<\/p>\n<h4><em><strong>Was sollten Sie mitbringen?<\/strong><\/em><\/h4>\n<p>n<\/p>\n<ul>\nn \t<\/p>\n<li style=\"font-weight: 400;\"><span style=\"font-weight: 400;\">Kamera<\/span><\/li>\n<p>n \t<\/p>\n<li style=\"font-weight: 400;\"><span style=\"font-weight: 400;\">Absto\u00dfende Knospen<\/span><\/li>\n<p>n \t<\/p>\n<li style=\"font-weight: 400;\"><span style=\"font-weight: 400;\">Sonnencreme<\/span><\/li>\n<p>n \t<\/p>\n<li style=\"font-weight: 400;\"><span style=\"font-weight: 400;\">Hut<\/span><\/li>\n<p>n \t<\/p>\n<li style=\"font-weight: 400;\"><span style=\"font-weight: 400;\">Bequeme Hose<\/span><\/li>\n<p>n \t<\/p>\n<li style=\"font-weight: 400;\"><span style=\"font-weight: 400;\">Wanderschuhe f\u00fcr den Wald<\/span><\/li>\n<p>n \t<\/p>\n<li style=\"font-weight: 400;\"><span style=\"font-weight: 400;\">Sandalen zum Strand<\/span><\/li>\n<p>n \t<\/p>\n<li style=\"font-weight: 400;\"><span style=\"font-weight: 400;\">Schwimmkleidung<\/span><\/li>\n<p>n \t<\/p>\n<li>Bargeld f\u00fcr Souvenirs<\/li>\n<p>n<\/ul>\n<p>n&nbsp;<br \/>\nn<\/p>\n<h4><b><i>Hotelabholung <\/i><\/b><\/h4>\n<p>n<span style=\"font-weight: 400;\">Reisende Abholung wird angeboten!<\/span><br \/>\nn<br \/>\nn<span style=\"font-weight: 400;\">Wir holen von allen Hotels in Punta Cana ab. Abholort ist die Hotellobby<br \/>\nWenn Sie in einem Condo in der Gegend wohnen, holen wir Sie an Ihrem Condo oder am Eingang des n\u00e4chstgelegenen Resorts ab. Wir setzen Pick-up kontaktieren Sie uns per Whatsapp.<\/span><br \/>\nn<br \/>\nn<b>Notiz:<\/b><span style=\"font-weight: 400;\"> Wenn Sie innerhalb von 24 Stunden vor der Abfahrtszeit der Tour\/des Ausflugs buchen, k\u00f6nnen wir die Abholung vom Hotel arrangieren. Sobald Ihr Kauf abgeschlossen ist, senden wir Ihnen die vollst\u00e4ndigen Kontaktinformationen (Telefonnummer, E-Mail-Adresse usw.) f\u00fcr unseren \u00f6rtlichen Reiseleiter, um die Abholung zu organisieren.<\/span><br \/>\nn<\/p>\n<h4><b><i>Zus\u00e4tzliche Info-Best\u00e4tigung <\/i><\/b><\/h4>\n<p>n<\/p>\n<ol>\nn \t<\/p>\n<li>Tickets sind die Quittung nach Bezahlung dieser Tour. Sie k\u00f6nnen die Zahlung auf Ihrem Telefon anzeigen.<\/li>\n<p>n \t<\/p>\n<li style=\"font-weight: 400;\"><span style=\"font-weight: 400;\">Treffpunkt Wird nach dem Reservierungsprozess bekannt gegeben.<\/span><\/li>\n<p>n \t<\/p>\n<li style=\"font-weight: 400;\"><strong>Kinder zwischen 5 und 11<\/strong>\u00a0d\u00fcrfen nur teilnehmen, wenn sie in einem 2- oder 4-Personen-Buggy in Begleitung eines Erwachsenen mitfahren, da sie nicht in der Lage sind, die Buggys zu fahren.<\/li>\n<p>n \t<\/p>\n<li style=\"font-weight: 400;\"><span style=\"font-weight: 400;\">barrierefrei <\/span><\/li>\n<p>n \t<\/p>\n<li style=\"font-weight: 400;\"><span style=\"font-weight: 400;\">Kleinkinder m\u00fcssen auf dem Scho\u00df sitzen <\/span><\/li>\n<p>n \t<\/p>\n<li style=\"font-weight: 400;\"><span style=\"font-weight: 400;\">Die meisten Reisenden k\u00f6nnen teilnehmen<\/span><\/li>\n<p>n \t<\/p>\n<li><strong>Schwangere Frau<\/strong>\u00a0d\u00fcrfen an dieser Aktivit\u00e4t nicht teilnehmen.<\/li>\n<p>n<\/ol>\n<p>n<\/p>\n<h4><b><i>Stornierungsbedingungen<\/i><\/b><\/h4>\n<p>n<span style=\"font-weight: 400;\">F\u00fcr eine vollst\u00e4ndige R\u00fcckerstattung lesen Sie bitte unsere Stornierungsbedingungen\u00a0<a href=\"https:\/\/www.boattoursamana.com\/de\/online-buchung\/\" target=\"_blank\" rel=\"noopener\" data-saferedirecturl=\"https:\/\/www.google.com\/url?q=https:\/\/www.boattoursamana.com\/online-booking\/&amp;source=gmail&amp;ust=1672449202351000&amp;usg=AOvVaw1yAeVAPktmaVCqDujgUn90\">Klicke hier<\/a>. Das Geld geht verloren, wenn die Reservierung am selben Tag der Reise storniert wird.<\/span><\/p>\n\n\t\t<\/div>\n\t<\/div>\n<\/div><\/div><\/div><\/div><div class=\"vc_row wpb_row vc_row-fluid\" ><div class=\"wpb_column vc_column_container vc_col-sm-12\"><div class=\"vc_column-inner\"><div class=\"wpb_wrapper\">\n\t<div class=\"wpb_text_column wpb_content_element\" >\n\t\t<div class=\"wpb_wrapper\">\n\t\t\t<p>\nn<\/p>\n<h4>Kontaktiere uns?<\/h4>\n<p>n<\/p>\n<h5><em><strong>Abenteuer buchen<\/strong><\/em><\/h5>\n<p>n<em><strong>Einheimische<\/strong> und <strong>Staatsangeh\u00f6rige<\/strong> Reiseleiter &amp; G\u00e4steservice<\/em><br \/>\nn<br \/>\nn<span class=\"text-turquoise\">Reservierungen:<\/span> F\u00fchrungen &amp; Ausfl\u00fcge im Dom. Rep.<\/p>\n\n\t\t<\/div>\n\t<\/div>\n<\/div><\/div><\/div><\/div><div class=\"vc_row wpb_row vc_row-fluid\" ><div class=\"wpb_column vc_column_container vc_col-sm-12\"><div class=\"vc_column-inner\"><div class=\"wpb_wrapper\"><div class=\"vc_empty_space\"   style=\"height: 32px\"><span class=\"vc_empty_space_inner\"><\/span><\/div>\n\t<div class=\"wpb_text_column wpb_content_element\" >\n\t\t<div class=\"wpb_wrapper\">\n\t\t\t<p>\nn<\/p>\n<h4>Kontaktiere uns?<\/h4>\n<p>n<\/p>\n<h5>Abenteuer buchen<\/h5>\n<p>n<em><strong>Einheimische<\/strong>\u00a0und\u00a0<strong>Staatsangeh\u00f6rige<\/strong>\u00a0Reiseleiter &amp; G\u00e4steservice<\/em><br \/>\nn<br \/>\nn<span class=\"text-turquoise\">Reservierungen:<\/span>\u00a0F\u00fchrungen &amp; Ausfl\u00fcge im Dom. Rep.<br \/>\nn<br \/>\nn<img decoding=\"async\" class=\"emoji\" draggable=\"false\" src=\"https:\/\/s.w.org\/images\/core\/emoji\/11.2.0\/svg\/1f4de.svg\" alt=\" \" title=\"\">\u00a0Tel.\/Whatsapp\u00a0\u00a0<a href=\"tel:+1-809-720-6035\">+1-809-720-6035<\/a>.<br \/>\nn<br \/>\nn<img decoding=\"async\" class=\"emoji\" draggable=\"false\" src=\"https:\/\/s.w.org\/images\/core\/emoji\/11.2.0\/svg\/1f4e9.svg\" alt=\" \" title=\"\">\u00a0<a href=\"mailto:info@bookingadventures.com.do\">info@bookingadventures.com.do<\/a><br \/>\nn<br \/>\nn<strong>Wir sind flexibel und bieten private Touren per WhatsApp an:\u00a0<a href=\"tel:+18097206035\">+18097206035.<\/a><\/strong><\/p>\n\n\t\t<\/div>\n\t<\/div>\n<div class=\"vc_empty_space\"   style=\"height: 32px\"><span class=\"vc_empty_space_inner\"><\/span><\/div><\/div><\/div><\/div><\/div>","protected":false},"excerpt":{"rendered":"<p>Having picked you up from your hotel we&#8217;ll make our way to the Punta Cana interior. Surrounded by\u00a0coffee and cocoa plantations, your\u00a0local guides\u00a0will explain the tour and everything you need to know to drive your buggy. n nThen we&#8217;ll turn the key in the ignition, and begin the excitement, zipping over\u00a0hills,\u00a0through coffee plantations and\u00a0along dirt trails\u00a0and riverbeds. n n&nbsp; n nPlease Select date for The Tour\u00a0 &nbsp;<\/p>","protected":false},"author":2,"featured_media":0,"parent":0,"menu_order":0,"comment_status":"open","ping_status":"closed","template":"","meta":{"footnotes":""},"class_list":["post-15784","page","type-page","status-publish","hentry"],"_links":{"self":[{"href":"https:\/\/www.boattoursamana.com\/de\/wp-json\/wp\/v2\/pages\/15784","targetHints":{"allow":["GET"]}}],"collection":[{"href":"https:\/\/www.boattoursamana.com\/de\/wp-json\/wp\/v2\/pages"}],"about":[{"href":"https:\/\/www.boattoursamana.com\/de\/wp-json\/wp\/v2\/types\/page"}],"author":[{"embeddable":true,"href":"https:\/\/www.boattoursamana.com\/de\/wp-json\/wp\/v2\/users\/2"}],"replies":[{"embeddable":true,"href":"https:\/\/www.boattoursamana.com\/de\/wp-json\/wp\/v2\/comments?post=15784"}],"version-history":[{"count":0,"href":"https:\/\/www.boattoursamana.com\/de\/wp-json\/wp\/v2\/pages\/15784\/revisions"}],"wp:attachment":[{"href":"https:\/\/www.boattoursamana.com\/de\/wp-json\/wp\/v2\/media?parent=15784"}],"curies":[{"name":"wp","href":"https:\/\/api.w.org\/{rel}","templated":true}]}}