{"id":15797,"date":"2023-07-15T07:43:59","date_gmt":"2023-07-15T07:43:59","guid":{"rendered":"https:\/\/www.ticketswhales.com\/private-catamaran-samana-bay-felipe-2\/"},"modified":"2023-07-15T07:43:59","modified_gmt":"2023-07-15T07:43:59","slug":"private-catamaran-samana-bay-felipe-2","status":"publish","type":"page","link":"https:\/\/www.boattoursamana.com\/de\/privater-katamaran-samana-bay-felipe-2-2","title":{"rendered":"Privater Katamaran Saman\u00e1 Bay \u2013 Felipe 2"},"content":{"rendered":"<p>&nbsp;<\/p>\n<div class=\"vc_row wpb_row vc_row-fluid\" ><div class=\"wpb_column vc_column_container vc_col-sm-12\"><div class=\"vc_column-inner\"><div class=\"wpb_wrapper\"><div class=\"vc_tta-container\" data-vc-action=\"collapse\"><div class=\"vc_general vc_tta vc_tta-tabs vc_tta-color-sandy-brown vc_tta-style-modern vc_tta-shape-square vc_tta-spacing-1 vc_tta-tabs-position-top vc_tta-controls-align-left\"><div class=\"vc_tta-tabs-container\"><ul class=\"vc_tta-tabs-list\"><li class=\"vc_tta-tab vc_active\" data-vc-tab><a href=\"#1658558043421-55144174-f505\" data-vc-tabs data-vc-container=\".vc_tta\"><span class=\"vc_tta-title-text\">\u00dcber Boot<\/span><\/a><\/li><li class=\"vc_tta-tab\" data-vc-tab><a href=\"#1658558043429-9adef37c-3c9f\" data-vc-tabs data-vc-container=\".vc_tta\"><span class=\"vc_tta-title-text\">Bootsausr\u00fcstung<\/span><\/a><\/li><li class=\"vc_tta-tab\" data-vc-tab><a href=\"#1658558311759-f1fb6ddd-50cd\" data-vc-tabs data-vc-container=\".vc_tta\"><span class=\"vc_tta-title-text\">Mehr<\/span><\/a><\/li><\/ul><\/div><div class=\"vc_tta-panels-container\"><div class=\"vc_tta-panels\"><div class=\"vc_tta-panel vc_active\" id=\"1658558043421-55144174-f505\" data-vc-content=\".vc_tta-panel-body\"><div class=\"vc_tta-panel-heading\"><h4 class=\"vc_tta-panel-title\"><a href=\"#1658558043421-55144174-f505\" data-vc-accordion data-vc-container=\".vc_tta-container\"><span class=\"vc_tta-title-text\">\u00dcber Boot<\/span><\/a><\/h4><\/div><div class=\"vc_tta-panel-body\">\n\t<div class=\"wpb_text_column wpb_content_element\" >\n\t\t<div class=\"wpb_wrapper\">\n\t\t\t<p>\nn<\/p>\n<h6>Name: Philipp 2<\/h6>\n<p>n<\/p>\n<h6>Modell: Katamaran<\/h6>\n<p>n<\/p>\n<h6>Jahr:<\/h6>\n<p>n<\/p>\n<h6>L\u00e4nge:<\/h6>\n<p>n<\/p>\n<h6>Motoranzahl: 2<\/h6>\n<p>n<\/p>\n<h6>Leistung: 500 PS<\/h6>\n<p>n<\/p>\n\n\t\t<\/div>\n\t<\/div>\n<\/div><\/div><div class=\"vc_tta-panel\" id=\"1658558043429-9adef37c-3c9f\" data-vc-content=\".vc_tta-panel-body\"><div class=\"vc_tta-panel-heading\"><h4 class=\"vc_tta-panel-title\"><a href=\"#1658558043429-9adef37c-3c9f\" data-vc-accordion data-vc-container=\".vc_tta-container\"><span class=\"vc_tta-title-text\">Bootsausr\u00fcstung<\/span><\/a><\/h4><\/div><div class=\"vc_tta-panel-body\">\n\t<div class=\"wpb_text_column wpb_content_element\" >\n\t\t<div class=\"wpb_wrapper\">\n\t\t\t<p>\nn<\/p>\n<h6>VHS-Radio<\/h6>\n<p>n<\/p>\n<h6>Toilette<\/h6>\n<p>n<\/p>\n<h6>Eisk\u00fchler<\/h6>\n<p>n<\/p>\n<h6>Schwimmwesten<\/h6>\n<p>n<\/p>\n<h6>Musikausr\u00fcstung<\/h6>\n<p>n<\/p>\n\n\t\t<\/div>\n\t<\/div>\n<\/div><\/div><div class=\"vc_tta-panel\" id=\"1658558311759-f1fb6ddd-50cd\" data-vc-content=\".vc_tta-panel-body\"><div class=\"vc_tta-panel-heading\"><h4 class=\"vc_tta-panel-title\"><a href=\"#1658558311759-f1fb6ddd-50cd\" data-vc-accordion data-vc-container=\".vc_tta-container\"><span class=\"vc_tta-title-text\">Mehr<\/span><\/a><\/h4><\/div><div class=\"vc_tta-panel-body\">\n\t<div class=\"wpb_text_column wpb_content_element\" >\n\t\t<div class=\"wpb_wrapper\">\n\t\t\t<p>\nn<\/p>\n<div class=\"info_content_label\">\nn<\/p>\n<h4>Inbegriffen:<\/h4>\n<p>n<\/p>\n<h6>Besatzung an Bord<\/h6>\n<p>n<\/p>\n<h6>Kraftstoff<\/h6>\n<p>n<\/p>\n<h4>Andere Information:<\/h4>\n<p>n<\/p>\n<h6>Das Boot ist von 06:00 bis 16:30 Uhr verf\u00fcgbar.<\/h6>\n<p>n<strong>Getr\u00e4nke- und Speisenoptionen sind gegen Aufpreis erh\u00e4ltlich:<\/strong><br \/>\nn<br \/>\nnDetails zum traditionellen Buffet-Mittagessen auf der Insel Cayo Levantado, $15 USD\/ pp.<br \/>\nn<br \/>\nn-Gr\u00fcner Salat<br \/>\nn-Brot<br \/>\nn-Moro de Guandule (Reis nach dominikanischer Art) mit Kokosnuss<br \/>\nn- Nudeln in Tomatensauce<br \/>\nn-Yuca-Aufl\u00e4ufe<br \/>\nn-Fisch und gegrilltes H\u00e4hnchen (Dorado) + wahlweise Kokosmilchsauce<br \/>\nn-Frisches Obst<br \/>\nn-1 alkoholfreies Getr\u00e4nk (Limonade oder Wasser)<br \/>\nn-Kaffee<br \/>\nn<br \/>\nn<strong>Zus\u00e4tzlicher Hummerservice + Kokosbonbons $19 USD (zus\u00e4tzlich).<\/strong><br \/>\nn<br \/>\nn<\/div>\n<p>Gegen einen Aufpreis k\u00f6nnen auch Getr\u00e4nke und Speisen an Bord bereitgestellt werden.<\/p>\n\n\t\t<\/div>\n\t<\/div>\n<\/div><\/div><\/div><\/div><\/div><\/div>\n\t<div class=\"wpb_text_column wpb_content_element\" >\n\t\t<div class=\"wpb_wrapper\">\n\t\t\t<p><strong>Kontaktieren Sie uns per WhatsApp: +1-809-720-6035 oder Livechat.<\/strong><br \/>\nn<br \/>\nn<strong>Die beste Online-Option in Samana!<\/strong><br \/>\nn<br \/>\nn&nbsp;<br \/>\nn<\/p>\n<h4><b><i>Stornierungsbedingungen<\/i><\/b><\/h4>\n<p>nF\u00fcr eine vollst\u00e4ndige R\u00fcckerstattung lesen Sie bitte unsere Stornierungsbedingungen\u00a0<a href=\"https:\/\/www.boattoursamana.com\/de\/online-buchung\/\" target=\"_blank\" rel=\"noopener\" data-saferedirecturl=\"https:\/\/www.google.com\/url?q=https:\/\/www.boattoursamana.com\/online-booking\/&amp;source=gmail&amp;ust=1672449202351000&amp;usg=AOvVaw1yAeVAPktmaVCqDujgUn90\">Klicke hier<\/a>. Das Geld geht verloren, wenn die Reservierung am selben Tag der Reise storniert wird.<\/p>\n\n\t\t<\/div>\n\t<\/div>\n<\/div><\/div><\/div><\/div><div class=\"vc_row wpb_row vc_row-fluid\" ><div class=\"wpb_column vc_column_container vc_col-sm-12\"><div class=\"vc_column-inner\"><div class=\"wpb_wrapper\"><div class=\"vc_empty_space\"   style=\"height: 32px\"><span class=\"vc_empty_space_inner\"><\/span><\/div><\/div><\/div><\/div><\/div><div class=\"vc_row wpb_row vc_row-fluid\" ><div class=\"wpb_column vc_column_container vc_col-sm-12\"><div class=\"vc_column-inner\"><div class=\"wpb_wrapper\">\n\t<div class=\"wpb_video_widget wpb_content_element vc_clearfix   vc_video-aspect-ratio-169 vc_video-el-width-100 vc_video-align-left\" >\n\t\t<div class=\"wpb_wrapper\">\n\t\t\t<h2 class=\"wpb_heading wpb_video_heading\">Katamaran mieten in Samana, Dominikanische Republik - Kurzvideo<\/h2>\n\t\t\t<div class=\"wpb_video_wrapper\"><iframe loading=\"lazy\" title=\"Bootsverleih Samana Dominikanische Republik &amp; Touren &amp; Ausfl\u00fcge\" width=\"1100\" height=\"619\" src=\"https:\/\/www.youtube.com\/embed\/hTRV6m-SkNU?feature=oembed\" frameborder=\"0\" allow=\"accelerometer; autoplay; clipboard-write; encrypted-media; gyroscope; picture-in-picture; web-share\" allowfullscreen><\/iframe><\/div>\n\t\t<\/div>\n\t<\/div>\n<\/div><\/div><\/div><\/div><div class=\"vc_row wpb_row vc_row-fluid\" ><div class=\"wpb_column vc_column_container vc_col-sm-12\"><div class=\"vc_column-inner\"><div class=\"wpb_wrapper\"><div class=\"vc_empty_space\"   style=\"height: 32px\"><span class=\"vc_empty_space_inner\"><\/span><\/div><div class=\"mkdf-section-title-holder\" style=\"text-align: center\">\n\t<div class=\"mkdf-st-inner\">\n\t\t\t\t\t<h5 class=\"mkdf-st-subtitle\" >\n\t\t\t\tSamana, Dominikanische Republik\t\t\t<\/h5>\n\t\t\t\t\t\t\t<h3 class=\"mkdf-st-title\" >\n\t\t\t\tWeitere Bootsverleih-Optionen\t\t\t<\/h3>\n\t\t\t\t\t<\/div>\n<\/div><\/div><\/div><\/div><\/div><div class=\"vc_row wpb_row vc_row-fluid\" ><div class=\"wpb_column vc_column_container vc_col-sm-12\"><div class=\"vc_column-inner\"><div class=\"wpb_wrapper\"><div class=\"vc_empty_space\"   style=\"height: 32px\"><span class=\"vc_empty_space_inner\"><\/span><\/div><div class=\"mkdf-section-title-holder\" style=\"text-align: center\">\n\t<div class=\"mkdf-st-inner\">\n\t\t\t\t\t<h5 class=\"mkdf-st-subtitle\" >\n\t\t\t\tGruppen- und Privatoptionen\t\t\t<\/h5>\n\t\t\t\t\t\t\t<h3 class=\"mkdf-st-title\" >\n\t\t\t\tTouren und Ausfl\u00fcge\t\t\t<\/h3>\n\t\t\t\t\t<\/div>\n<\/div><\/div><\/div><\/div><\/div>","protected":false},"excerpt":{"rendered":"<p>&nbsp;<\/p>","protected":false},"author":2,"featured_media":0,"parent":0,"menu_order":0,"comment_status":"open","ping_status":"closed","template":"","meta":{"footnotes":""},"class_list":["post-15797","page","type-page","status-publish","hentry"],"_links":{"self":[{"href":"https:\/\/www.boattoursamana.com\/de\/wp-json\/wp\/v2\/pages\/15797","targetHints":{"allow":["GET"]}}],"collection":[{"href":"https:\/\/www.boattoursamana.com\/de\/wp-json\/wp\/v2\/pages"}],"about":[{"href":"https:\/\/www.boattoursamana.com\/de\/wp-json\/wp\/v2\/types\/page"}],"author":[{"embeddable":true,"href":"https:\/\/www.boattoursamana.com\/de\/wp-json\/wp\/v2\/users\/2"}],"replies":[{"embeddable":true,"href":"https:\/\/www.boattoursamana.com\/de\/wp-json\/wp\/v2\/comments?post=15797"}],"version-history":[{"count":0,"href":"https:\/\/www.boattoursamana.com\/de\/wp-json\/wp\/v2\/pages\/15797\/revisions"}],"wp:attachment":[{"href":"https:\/\/www.boattoursamana.com\/de\/wp-json\/wp\/v2\/media?parent=15797"}],"curies":[{"name":"wp","href":"https:\/\/api.w.org\/{rel}","templated":true}]}}