{"id":15798,"date":"2023-07-15T07:43:59","date_gmt":"2023-07-15T07:43:59","guid":{"rendered":"https:\/\/www.ticketswhales.com\/bahia-de-las-aguilas-beach-day-trip-by-boat-day-pass-pedernales\/"},"modified":"2023-07-15T07:43:59","modified_gmt":"2023-07-15T07:43:59","slug":"bahia-de-las-aguilas-beach-day-trip-by-boat-day-pass-pedernales","status":"publish","type":"page","link":"https:\/\/www.boattoursamana.com\/de\/bahia-de-las-aguilas-strand-tagesausflug-mit-dem-boot-tagespass-pedernales-2","title":{"rendered":"Bah\u00eda de las Aguilas: Tagesausflug zum Strand mit dem Boot \u2013 Tageskarte \u2013 Pedernales"},"content":{"rendered":"<p><span style=\"vertical-align: inherit;\"><span style=\"vertical-align: inherit;\">Compre un boleto de un d\u00eda a Bah\u00eda las \u00c1guilas desde las \u00e1reas de Pedernales. <\/span><span style=\"vertical-align: inherit;\">Disfruta de un d\u00eda de playa y deja fluir el \u00e1nimo, lejos de las zonas tur\u00edsticas y de todo el estr\u00e9s. <\/span><span style=\"vertical-align: inherit;\">Ven y descubre el Parque Nacional Jaragua y Bah\u00eda de las \u00c1guilas. <\/span><span style=\"vertical-align: inherit;\">Conduzca por una Hermosa Carretera mit beeindruckenden Ausblicken auf den Peque\u00f1o Puerto und den Pueblo Pesquero de Cabo Rojo. <\/span><span style=\"vertical-align: inherit;\">En Las Cuevas, abordar\u00e1 un bote que lo llevar\u00e1 en un viaje de 15 minutes a una de las playas naturales m\u00e1s hermosas del mundo. <\/span><span style=\"vertical-align: inherit;\">Las Arenas de la Bah\u00eda de las \u00c1guilas son v\u00edrgenes y la bah\u00eda cubre 8 km. <\/span><span style=\"vertical-align: inherit;\">Experimente un paisaje costero excepcional con aguas cristalinas que brillan en tonos que van del turquesa al azul \u00f3palo que se derrite en el horizonte. <\/span><span style=\"vertical-align: inherit;\">El almuerzo se sirve en la playa, nadar o bucear y explorar este para\u00edso natural virgen.<\/span><\/span><br \/>\nn<br \/>\nn&nbsp;<br \/>\nn<br \/>\nn<strong><span style=\"vertical-align: inherit;\"><span style=\"vertical-align: inherit;\">Seleccione el d\u00eda para este viaje:<\/span><\/span><\/strong><\/p>\n<p>&nbsp;<\/p>\n<div class=\"vc_row wpb_row vc_row-fluid\" ><div class=\"wpb_column vc_column_container vc_col-sm-12\"><div class=\"vc_column-inner\"><div class=\"wpb_wrapper\"><div class=\"mkdf-section-title-holder\" style=\"text-align: left\">\n\t<div class=\"mkdf-st-inner\">\n\t\t\t\t\t<h5 class=\"mkdf-st-subtitle\" >\n\t\t\t\tTagespass - Schnorcheln &amp; Mittagessen\t\t\t<\/h5>\n\t\t\t\t\t\t\t<h3 class=\"mkdf-st-title\" >\n\t\t\t\tBah\u00eda de las Aguilas: Tagesausflug zum Strand mit dem Boot\t\t\t<\/h3>\n\t\t\t\t\t<\/div>\n<\/div><\/div><\/div><\/div><\/div><div class=\"vc_row wpb_row vc_row-fluid\" ><div class=\"wpb_column vc_column_container vc_col-sm-12\"><div class=\"vc_column-inner\"><div class=\"wpb_wrapper\">\n\t<div class=\"wpb_text_column wpb_content_element\" >\n\t\t<div class=\"wpb_wrapper\">\n\t\t\t<p>\nn<\/p>\n<h4><b><i>\u00dcberblick<\/i><\/b><\/h4>\n<p>Genie\u00dfen Sie einen Tag am Strand und lassen Sie Ihre Seele baumeln, weit weg von den touristischen Gebieten und all dem Stress. Kommen Sie und entdecken Sie den Nationalpark Jaragua und die Bahia de las \u00c1guilas. Fahren Sie auf einer sch\u00f6nen Stra\u00dfe mit atemberaubendem Blick auf den kleinen Hafen und das Fischerdorf Cabo Rojo. In Las Cuevas besteigen Sie ein Boot, das Sie auf einer 15-min\u00fctigen Fahrt zu einem der sch\u00f6nsten Naturstr\u00e4nde der Welt bringt. Der Sand der Bah\u00eda de las Aguilas ist unber\u00fchrt und die Bucht erstreckt sich \u00fcber 8 km. Erleben Sie eine au\u00dfergew\u00f6hnliche K\u00fcstenlandschaft mit kristallklarem Wasser, das in allen Schattierungen von T\u00fcrkis bis Opalblau leuchtet und am Horizont verschwindet. Das Mittagessen wird am Strand serviert, gehen Sie schwimmen oder schnorcheln und erkunden Sie dieses unber\u00fchrte Naturparadies.<br \/>\nn<br \/>\nn&nbsp;<br \/>\nn<\/p>\n<ul>\nn \t<\/p>\n<li>Lokaler Guide mit Sicherheitserfahrung in der Gegend.<\/li>\n<p>n \t<\/p>\n<li>Privater Transport<\/li>\n<p>n \t<\/p>\n<li>Geb\u00fchren inbegriffen<\/li>\n<p>n \t<\/p>\n<li>Mittagessen<\/li>\n<p>n \t<\/p>\n<li>Lokaler Reiseleiter in Spanisch, Englisch oder Franz\u00f6sisch.<\/li>\n<p>n \t<\/p>\n<li>Wandern<\/li>\n<p>n \t<\/p>\n<li>Schnorcheln<\/li>\n<p>n<\/ul>\n<p>n<\/p>\n<h4><b>Einschl\u00fcsse &amp; Ausschl\u00fcsse<\/b><\/h4>\n<p>n&nbsp;<br \/>\nn<br \/>\nn<b>Einschl\u00fcsse<\/b><br \/>\nn<\/p>\n<ol>\nn \t<\/p>\n<li>Lokaler Guide mit Sicherheitserfahrung in der Gegend.<\/li>\n<p>n \t<\/p>\n<li>Privater Transport f\u00fcr kleine Gruppen<\/li>\n<p>n \t<\/p>\n<li>Alle Steuern, Geb\u00fchren und Bearbeitungsgeb\u00fchren<\/li>\n<p>n \t<\/p>\n<li>Lokale Steuern<\/li>\n<p>n \t<\/p>\n<li>Mittagessen<\/li>\n<p>n \t<\/p>\n<li>Wandern<\/li>\n<p>n \t<\/p>\n<li>Nat\u00fcrliche Pools<\/li>\n<p>n \t<\/p>\n<li>Schnorcheln<\/li>\n<p>n \t<\/p>\n<li>Alle Aktivit\u00e4ten<\/li>\n<p>n<\/ol>\n<p>n<b>Ausschl\u00fcsse<\/b><br \/>\nn<\/p>\n<ol>\nn \t<\/p>\n<li>Trinkgelder<\/li>\n<p>n \t<\/p>\n<li>Alle Getr\u00e4nke<\/li>\n<p>n<\/ol>\n<p>n<\/p>\n<h4><em><strong>Abreise &amp; R\u00fcckkehr<\/strong><\/em><\/h4>\n<p>nDer Reisende erh\u00e4lt nach der Reservierung einen Treffpunkt. Die Touren beginnen und enden an Ihren Treffpunkten.<br \/>\nn<\/p>\n<h2 class=\"styles__heading___mD4_3\" data-radium=\"true\">Bah\u00eda de las Aguilas: Tagesausflug zum Strand mit dem Boot \u2013 Tagespass \u2013 Schnorcheln &amp; Mittagessen<\/h2>\n<p>n<\/p>\n<h4><em>Was zu erwarten ist?<\/em><\/h4>\n<p>nPlaya de las Aguilas wurde nach dem einheimischen Adler benannt. Die Tour findet in einem privaten Transport von Bahia de las Aguilas aus statt und erm\u00f6glicht es Ihnen, die Naturwunder dieses aphrodisierenden Strandes auf eine ganz andere und nachhaltige Weise zu entdecken. Verbringen Sie den Tag auf einer Naturtour im S\u00fcden des Landes, wo Sie die Bahia de las Aguila, einen der sch\u00f6nsten Str\u00e4nde der Dominikanischen Republik, kennenlernen werden. Wir werden mit dem Schnellboot zu diesem paradiesischen Strand fahren, einem Gebiet, das vollst\u00e4ndig unter Naturschutz steht. Verbringen Sie eine entspannte Zeit an der Bahia de las Aguilas, einem unbewohnten Naturschutzgebiet und Nationalpark, und genie\u00dfen Sie ein Mittagessen vom Grill in den H\u00f6hlen.<br \/>\nn<br \/>\nDas ruhige Meer und der leichte Wind sorgen daf\u00fcr, dass Sie nicht zu sehr unter der Sonne und der Hitze leiden. Werden Sie f\u00fcr einen Tag zum Entdecker und entdecken Sie ein \u00f6kologisches, nat\u00fcrliches und v\u00f6llig unber\u00fchrtes Paradies. Sie k\u00f6nnen mehr als 130 Vogelarten beobachten, von denen 76 st\u00e4ndig in der Bucht leben, 10 endemisch sind und 47 zu den Zugv\u00f6geln geh\u00f6ren.<br \/>\nn<br \/>\nn08.30 - Abreise vom Treffpunkt<br \/>\nn08.45 - Abfahrt mit dem Boot vom Dorf La Cueva zur Bahia de las Aguilas<br \/>\nn12.30 - Typisches Mittagessen am Strand<br \/>\nn03.00 - R\u00fcckkehr nach La Cueva<br \/>\nn05.30 - Ankunft am Treffpunkt<br \/>\nn<\/p>\n<h4><em><strong>Was sollten Sie mitbringen?<\/strong><\/em><\/h4>\n<p>n<\/p>\n<ul>\nn \t<\/p>\n<li>Kamera<\/li>\n<p>n \t<\/p>\n<li>Absto\u00dfende Knospen<\/li>\n<p>n \t<\/p>\n<li>Sonnencreme<\/li>\n<p>n \t<\/p>\n<li>Wasser<\/li>\n<p>n \t<\/p>\n<li>Hut<\/li>\n<p>n \t<\/p>\n<li>Bequeme Hose<\/li>\n<p>n \t<\/p>\n<li>Wanderschuhe f\u00fcr den Wald<\/li>\n<p>n \t<\/p>\n<li>Sandalen zu den Fr\u00fchlingsgebieten.<\/li>\n<p>n \t<\/p>\n<li>Schwimmkleidung<\/li>\n<p>n<\/ul>\n<p>n&nbsp;<br \/>\nn<\/p>\n<h4><b><i>Hotelabholung<\/i><\/b><\/h4>\n<p>nHotelabholung wird f\u00fcr diese Tour gegen Aufpreis angeboten.<br \/>\nn<br \/>\nn<b>Notiz:<\/b> Wenn Sie innerhalb von 24 Stunden vor der Abfahrtszeit der Tour\/des Ausflugs buchen, k\u00f6nnen wir die Abholung vom Hotel arrangieren. Wir holen nur in der Gegend von Pedernales ab. Sobald Ihr Kauf abgeschlossen ist, senden wir Ihnen die vollst\u00e4ndigen Kontaktinformationen (Telefonnummer, E-Mail-Adresse usw.) f\u00fcr unseren \u00f6rtlichen Reiseleiter, um die Abholung zu organisieren.<br \/>\nn<\/p>\n<h4><b><i>Zus\u00e4tzliche Info-Best\u00e4tigung<\/i><\/b><\/h4>\n<p>n<\/p>\n<ol>\nn \t<\/p>\n<li>Tickets sind die Quittung, nachdem Sie f\u00fcr diese Tour bezahlt haben. Sie k\u00f6nnen die Zahlung auf Ihrem Telefon anzeigen.<\/li>\n<p>n \t<\/p>\n<li>Treffpunkt Wird nach dem Reservierungsprozess bekannt gegeben.<\/li>\n<p>n \t<\/p>\n<li>Kinder m\u00fcssen von einem Erwachsenen begleitet werden.<\/li>\n<p>n \t<\/p>\n<li>Nicht rollstuhlgerecht<\/li>\n<p>n \t<\/p>\n<li>Kleinkinder m\u00fcssen auf dem Scho\u00df sitzen<\/li>\n<p>n \t<\/p>\n<li>F\u00fcr Reisende mit R\u00fcckenproblemen nicht zu empfehlen<\/li>\n<p>n \t<\/p>\n<li>Nicht f\u00fcr schwangere Reisende empfohlen<\/li>\n<p>n \t<\/p>\n<li>Keine Herzprobleme oder andere ernsthafte Erkrankungen<\/li>\n<p>n \t<\/p>\n<li>Die meisten Reisenden k\u00f6nnen teilnehmen<\/li>\n<p>n<\/ol>\n<p>n<\/p>\n<h4><b><i>Stornierungsbedingungen<\/i><\/b><\/h4>\n<p>nF\u00fcr eine vollst\u00e4ndige R\u00fcckerstattung lesen Sie bitte unsere Stornierungsbedingungen\u00a0<a href=\"https:\/\/www.boattoursamana.com\/de\/online-buchung\/\" target=\"_blank\" rel=\"noopener\" data-saferedirecturl=\"https:\/\/www.google.com\/url?q=https:\/\/www.boattoursamana.com\/online-booking\/&amp;source=gmail&amp;ust=1672449202351000&amp;usg=AOvVaw1yAeVAPktmaVCqDujgUn90\">Klicke hier<\/a>. Das Geld geht verloren, wenn die Reservierung am selben Tag der Reise storniert wird.<\/p>\n\n\t\t<\/div>\n\t<\/div>\n<\/div><\/div><\/div><\/div>","protected":false},"excerpt":{"rendered":"<p>Compre un boleto de un d\u00eda a Bah\u00eda las \u00c1guilas desde las \u00e1reas de Pedernales. Disfruta de un d\u00eda de playa y deja fluir el \u00e1nimo, lejos de las zonas tur\u00edsticas y de todo el estr\u00e9s. Ven y descubre el Parque Nacional Jaragua y Bah\u00eda de las \u00c1guilas. Conduzca por una hermosa carretera con impresionantes vistas del peque\u00f1o puerto y el pueblo pesquero de Cabo Rojo. En Las Cuevas, abordar\u00e1 un bote que lo llevar\u00e1 en un viaje de 15 [&hellip;]<\/p>\n","protected":false},"author":2,"featured_media":0,"parent":0,"menu_order":0,"comment_status":"open","ping_status":"closed","template":"","meta":{"footnotes":""},"class_list":["post-15798","page","type-page","status-publish","hentry"],"_links":{"self":[{"href":"https:\/\/www.boattoursamana.com\/de\/wp-json\/wp\/v2\/pages\/15798","targetHints":{"allow":["GET"]}}],"collection":[{"href":"https:\/\/www.boattoursamana.com\/de\/wp-json\/wp\/v2\/pages"}],"about":[{"href":"https:\/\/www.boattoursamana.com\/de\/wp-json\/wp\/v2\/types\/page"}],"author":[{"embeddable":true,"href":"https:\/\/www.boattoursamana.com\/de\/wp-json\/wp\/v2\/users\/2"}],"replies":[{"embeddable":true,"href":"https:\/\/www.boattoursamana.com\/de\/wp-json\/wp\/v2\/comments?post=15798"}],"version-history":[{"count":0,"href":"https:\/\/www.boattoursamana.com\/de\/wp-json\/wp\/v2\/pages\/15798\/revisions"}],"wp:attachment":[{"href":"https:\/\/www.boattoursamana.com\/de\/wp-json\/wp\/v2\/media?parent=15798"}],"curies":[{"name":"wp","href":"https:\/\/api.w.org\/{rel}","templated":true}]}}