{"id":15800,"date":"2023-07-15T07:43:59","date_gmt":"2023-07-15T07:43:59","guid":{"rendered":"https:\/\/www.ticketswhales.com\/punta-cana-cap-cana-excursion-whale-watching-cayo-levantado-private-tour\/"},"modified":"2023-07-15T07:43:59","modified_gmt":"2023-07-15T07:43:59","slug":"punta-cana-cap-cana-excursion-whale-watching-cayo-levantado-private-tour","status":"publish","type":"page","link":"https:\/\/www.boattoursamana.com\/de\/punta-cana-cap-cana-excursion-whale-watching-cayo-levantado-private-tour","title":{"rendered":"Punta Cana \/ Cap Cana: Ausflug Walbeobachtung + Cayo Levantado (Private Tour)"},"content":{"rendered":"<p><span style=\"vertical-align: inherit;\"><span style=\"vertical-align: inherit;\">Reservieren Sie su viaje para una experience de avistamiento de ballenas comenzando desde Cap Cana en un viaje privado con gu\u00edas profesionales ecologistas. <\/span><span style=\"vertical-align: inherit;\">Si desea ponerse en contacto con nosotros para recibir asesoramiento, env\u00ede un correo electr\u00f3nico, Whatsapp o Llamadas available. <\/span><span style=\"vertical-align: inherit;\">Por favor reserve con tiempo sus entradas. <\/span><span style=\"vertical-align: inherit;\">En la temporada de ballenas hay muchas reservas y nos gustar\u00eda tener sus entradas a salvo para usted.<\/span><\/span><br \/>\nn<br \/>\nn<span style=\"vertical-align: inherit;\"><span style=\"vertical-align: inherit;\">Hinweis: Este ist ein Tour Privado mit einem Mindestpreis von 540 USD. <\/span><span style=\"vertical-align: inherit;\">Si son menos de 4 personas, cont\u00e1ctenos y le enviaremos un enlace donde puede reservar este Tour. <\/span><span style=\"vertical-align: inherit;\">Para unirse a un grupo de observaci\u00f3n de ballenas con recogida en su hotel, <\/span><\/span><a href=\"https:\/\/www.boattoursamana.com\/de\/Tours-Excursions\/tours-excursions-samana-bay-dominican-republic\/whale-watching-2020-in-punta-cana-to-samana-bay-cayo-levantado-bacardi-island-from-hotels\/\"><span style=\"vertical-align: inherit;\"><span style=\"vertical-align: inherit;\">HAGA CLIC AQU\u00cd.<\/span><\/span><\/a><br \/>\nn<br \/>\nn<strong><span style=\"vertical-align: inherit;\"><span style=\"vertical-align: inherit;\">Tenga en cuenta<\/span><\/span><\/strong><span style=\"vertical-align: inherit;\"><span style=\"vertical-align: inherit;\"> : <\/span><\/span><em><span style=\"vertical-align: inherit;\"><span style=\"vertical-align: inherit;\">Bebes<\/span><\/span><\/em><span style=\"vertical-align: inherit;\"><span style=\"vertical-align: inherit;\"> (0 \u2013 23 Monate) gratis, <\/span><\/span><em><span style=\"vertical-align: inherit;\"><span style=\"vertical-align: inherit;\">Ni\u00f1os<\/span><\/span><\/em><span style=\"vertical-align: inherit;\"><span style=\"vertical-align: inherit;\"> (2 &#8211; 10 <\/span><\/span><em><span style=\"vertical-align: inherit;\"><span style=\"vertical-align: inherit;\">anos<\/span><\/span><\/em><span style=\"vertical-align: inherit;\"><span style=\"vertical-align: inherit;\"> )<\/span><\/span><br \/>\nn<br \/>\nn<em><strong><span style=\"vertical-align: inherit;\"><span style=\"vertical-align: inherit;\">Seleccione la fecha de la excursi\u00f3n:<\/span><\/span><\/strong><\/em><\/p>\n<p>&nbsp;<\/p>\n<div class=\"wpb_column vc_column_container vc_col-sm-12\"><div class=\"vc_column-inner\"><div class=\"wpb_wrapper\"><div class=\"vc_btn3-container vc_btn3-inline\" ><a class=\"vc_general vc_btn3 vc_btn3-size-md vc_btn3-shape-rounded vc_btn3-style-modern vc_btn3-color-green\" href=\"https:\/\/bookingadventures.tours\/booking.php?tour_id=6ed21424a849c63fc6398949d1f80266\" title=\"\" rel=\"noopener\">BUCHEN SIE JETZT<\/a><\/div><\/div><\/div><\/div><div class=\"vc_row wpb_row vc_row-fluid\" ><div class=\"wpb_column vc_column_container vc_col-sm-12\"><div class=\"vc_column-inner\"><div class=\"wpb_wrapper\">\n\t<div class=\"wpb_text_column wpb_content_element\" >\n\t\t<div class=\"wpb_wrapper\">\n\t\t\t<p>\nn<\/p>\n<div class=\"vc_row wpb_row vc_row-fluid\">\nn<\/p>\n<div class=\"wpb_column vc_column_container vc_col-sm-12\">\nn<\/p>\n<div class=\"vc_column-inner\">\nn<\/p>\n<div class=\"wpb_wrapper\">\nn<\/p>\n<div class=\"wpb_text_column wpb_content_element\">\nn<\/p>\n<div class=\"wpb_wrapper\">\nn<\/p>\n<h3>Ausflug Walbeobachtung + Cayo Levantado von Punta Cana\/Cap Cana (Private Tour)<\/h3>\n<p>nWalbeobachtung in der Bucht von Saman\u00e1 ab Hotels in Punta Cana\/Cap Cana mit privatem Transport. Diese Reise beginnt zwischen 6:00 und 8:00 Uhr und endet gegen 19:00 Uhr. Nach dem Abbruch unseres Bootes besuchen wir die Wale in ihrem eigenen Lebensraum. Nach diesem Walausflug besuchen wir die Insel Bacardi \/ Cayo Levantado (optional). Auf der Insel Bacardi wird ein Mittagsbuffet im typisch dominikanischen Stil angeboten. Nach dem Mittagessen d\u00fcrfen Sie bis 16:00 Uhr schwimmen. Die Tour endet am selben Hafen, von wo aus sie um 17:00 Uhr beginnt. Danach bringen wir Sie zur\u00fcck zu Ihrem Hotel.<br \/>\nn<br \/>\nnHinweis: Dies ist eine private Tour mit einer Mindestzahlung von 540 USD. Wenn Sie weniger als 4 Personen sind, kontaktieren Sie uns bitte und wir senden Ihnen einen Link, \u00fcber den Sie diese Tour buchen k\u00f6nnen.\u00a0<strong><em>Um sich einer Gruppe zur Walbeobachtung anzuschlie\u00dfen, holen Sie sich bitte in Ihrem Hotel ab<\/em>\u00a0<\/strong><a href=\"https:\/\/www.boattoursamana.com\/de\/Tours-Excursions\/tours-excursions-samana-bay-dominican-republic\/whale-watching-2020-in-punta-cana-to-samana-bay-cayo-levantado-bacardi-island-from-hotels\/\" data-mil=\"12004\">KLICKE HIER.<\/a><br \/>\nn<\/p>\n<ul>\nn \t<\/p>\n<li>Whale Watching Private Reise<\/li>\n<p>n \t<\/p>\n<li>Eintrittsgeb\u00fchren f\u00fcr das Observatorium<\/li>\n<p>n \t<\/p>\n<li>Inklusive Mittagsbuffet am Strand<\/li>\n<p>n \t<\/p>\n<li>Privater Transfer von Hotels<\/li>\n<p>n \t<\/p>\n<li>Privater Bootstransfer<\/li>\n<p>n \t<\/p>\n<li>Der Kapit\u00e4n bietet Anweisungen und Aufsicht<\/li>\n<p>n \t<\/p>\n<li>Reisef\u00fchrer<\/li>\n<p>n<\/ul>\n<p>n&nbsp;<br \/>\nn<\/p>\n<h4><b>Einschl\u00fcsse &amp; Ausschl\u00fcsse<\/b><\/h4>\n<p>n&nbsp;<br \/>\nn<br \/>\nn<b>Einschl\u00fcsse<\/b><br \/>\nn<\/p>\n<ol>\nn \t<\/p>\n<li>Mittagsbuffet am Strand<\/li>\n<p>n \t<\/p>\n<li>Reisef\u00fchrer<\/li>\n<p>n \t<\/p>\n<li>\u00dcberf\u00fchrungswagen<\/li>\n<p>n \t<\/p>\n<li>Bootsausflug<\/li>\n<p>n \t<\/p>\n<li>Alle Steuern, Geb\u00fchren und Bearbeitungsgeb\u00fchren<\/li>\n<p>n \t<\/p>\n<li>Lokale Steuern<\/li>\n<p>n \t<\/p>\n<li>Getr\u00e4nke<\/li>\n<p>n<\/ol>\n<p>n<b>Ausschl\u00fcsse<\/b><br \/>\nn<\/p>\n<ol>\nn \t<\/p>\n<li>Trinkgelder<\/li>\n<p>n \t<\/p>\n<li>Alkoholische Getr\u00e4nke<\/li>\n<p>n<\/ol>\n<p>n&nbsp;<br \/>\nn<\/p>\n<h4><em><strong>Abreise &amp; R\u00fcckkehr<\/strong><\/em><\/h4>\n<p>nDer Reisende erh\u00e4lt nach dem Reservierungsprozess einen Treffpunkt. Die Touren beginnen und enden am Treffpunkt.<br \/>\nn<br \/>\nn&nbsp;<br \/>\nn<\/p>\n<h4><b><i>Was zu erwarten ist?<\/i><\/b><\/h4>\n<p>n&nbsp;<br \/>\nn<br \/>\nn<em><strong>Holen Sie sich Ihre Tickets<\/strong><\/em>\u00a0f\u00fcr einen Tag private Walbeobachtung von Cap Cana bis zur Bucht von Samana, plus ein wunderbares Mittagessen und eine Strandzeit.<br \/>\nn<br \/>\nnDer von \u201eBooking Adventures\u201c organisierte Tagespass f\u00fcr die Walbeobachtung beginnt an dem mit dem Reiseleiter vereinbarten Treffpunkt. Mittagessen am Strand und Sie k\u00f6nnen so lange bleiben, wie Sie m\u00f6chten, und schwimmen. Wenn Sie Veganer sind, k\u00f6nnen wir auch etwas Essen f\u00fcr Sie zubereiten.<br \/>\nn<br \/>\nn<strong>Zeitplan:<\/strong><br \/>\nn<br \/>\nnFlexibel<br \/>\nn<br \/>\nn&nbsp;<br \/>\nn<\/p>\n<h4><em><strong>Was sollten Sie mitbringen?<\/strong><\/em><\/h4>\n<p>n<\/p>\n<ul>\nn \t<\/p>\n<li>Kamera<\/li>\n<p>n \t<\/p>\n<li>Absto\u00dfende Knospen<\/li>\n<p>n \t<\/p>\n<li>Sonnencreme<\/li>\n<p>n \t<\/p>\n<li>Hut<\/li>\n<p>n \t<\/p>\n<li>Bequeme Hose<\/li>\n<p>n \t<\/p>\n<li>Sandalen zum Strand<\/li>\n<p>n \t<\/p>\n<li>Schwimmkleidung<\/li>\n<p>n \t<\/p>\n<li>Bargeld f\u00fcr Souvenirs<\/li>\n<p>n<\/ul>\n<p>n&nbsp;<br \/>\nn<\/p>\n<h4><b><i>Hotelabholung<\/i><\/b><\/h4>\n<p>Bei dieser Tour ist die Abholung vom Hotel inbegriffen. Wir holen Sie in jedem Hotel in der Gegend von Punta Cana\/Cap Cana ab.<br \/>\nn<br \/>\nn&nbsp;<br \/>\nn<br \/>\nn<b>Notiz:<\/b>\u00a0Wenn Sie innerhalb von 24 Stunden vor der Abfahrtszeit der Tour\/des Ausflugs buchen, k\u00f6nnen wir die Abholung vom Hotel arrangieren. Sobald Ihr Kauf abgeschlossen ist, senden wir Ihnen die vollst\u00e4ndigen Kontaktinformationen (Telefonnummer, E-Mail-Adresse usw.) f\u00fcr unseren \u00f6rtlichen Reiseleiter, um die Abholung zu organisieren.<br \/>\nn<\/p>\n<h4><b><i>Zus\u00e4tzliche Info-Best\u00e4tigung<\/i><\/b><\/h4>\n<p>n<\/p>\n<ol>\nn \t<\/p>\n<li>Tickets sind die Quittung nach Bezahlung dieser Tour. Sie k\u00f6nnen die Zahlung auf Ihrem Telefon anzeigen.<\/li>\n<p>n \t<\/p>\n<li>Treffpunkt Wird nach dem Reservierungsprozess bekannt gegeben.<\/li>\n<p>n \t<\/p>\n<li>Kinder m\u00fcssen von einem Erwachsenen begleitet werden.<\/li>\n<p>n \t<\/p>\n<li>barrierefrei<\/li>\n<p>n \t<\/p>\n<li>Kleinkinder m\u00fcssen auf dem Scho\u00df sitzen<\/li>\n<p>n \t<\/p>\n<li>Die meisten Reisenden k\u00f6nnen teilnehmen<\/li>\n<p>n<\/ol>\n<p>n<\/p>\n<h4><b><i>Stornierungsbedingungen<\/i><\/b><\/h4>\n<p>nF\u00fcr eine vollst\u00e4ndige R\u00fcckerstattung m\u00fcssen Sie mindestens 24 Stunden vor Beginn des Erlebnisses stornieren.<br \/>\nn<br \/>\nn\n<\/div>\n<p>n\n<\/p><\/div>\n<p>n\n<\/p><\/div>\n<p>n\n<\/p><\/div>\n<p>n\n<\/p><\/div>\n<p>n\n<\/p><\/div>\n<p>n<\/p>\n<div class=\"vc_row wpb_row vc_row-fluid\">\nn<\/p>\n<div class=\"wpb_column vc_column_container vc_col-sm-12\">\nn<\/p>\n<div class=\"vc_column-inner\">\nn<\/p>\n<div class=\"wpb_wrapper\">\nn<\/p>\n<div class=\"wpb_text_column wpb_content_element\">\nn<\/p>\n<div class=\"wpb_wrapper\">\nn<\/p>\n<h4>Kontaktiere uns?<\/h4>\n<p>n<\/p>\n<h5><b><i>TOUR WALE SAMANA<\/i><\/b><\/h5>\n<p>n<em><strong>Einheimische<\/strong>\u00a0und\u00a0<strong>Staatsangeh\u00f6rige<\/strong>\u00a0Reiseleiter &amp; G\u00e4steservice<\/em><br \/>\nn<br \/>\nn<span class=\"text-turquoise\">Reserven:<\/span>\u00a0\u00a0Tours y Excursiones en Dom. Wiederholungen.<br \/>\nn<br \/>\nn<img decoding=\"async\" class=\"emoji\" draggable=\"false\" src=\"https:\/\/s.w.org\/images\/core\/emoji\/11.2.0\/svg\/1f4de.svg\" alt=\" \" title=\"\">\u00a0Tel.\/Whatsapp\u00a0\u00a0\u00a0<a href=\"tel:+1-809-720-6035\">+ 1-809-720-6035<\/a>\u00a0.<br \/>\nn<\/p>\n<p data-wp-editing=\"1\"><a href=\"mailto:Reservabatour@gmail.com\"><img decoding=\"async\" class=\"emoji\" draggable=\"false\" src=\"https:\/\/s.w.org\/images\/core\/emoji\/11.2.0\/svg\/1f4e9.svg\" alt=\" \" title=\"\"> Reservabatour@gmail.com<\/a><\/p>\n<p>n&nbsp;<br \/>\nn<br \/>\nn\n<\/div>\n<p>n\n<\/p><\/div>\n<p>n\n<\/p><\/div>\n<p>n\n<\/p><\/div>\n<p>n\n<\/p><\/div>\n<p>n\n<\/p><\/div>\n<p>n<\/p>\n\n\t\t<\/div>\n\t<\/div>\n<div class=\"vc_btn3-container vc_btn3-inline\" ><a class=\"vc_general vc_btn3 vc_btn3-size-md vc_btn3-shape-rounded vc_btn3-style-modern vc_btn3-color-green\" href=\"https:\/\/bookingadventures.tours\/booking.php?tour_id=6ed21424a849c63fc6398949d1f80266\" title=\"\" rel=\"noopener\">BUCHEN SIE JETZT<\/a><\/div><\/div><\/div><\/div><\/div>","protected":false},"excerpt":{"rendered":"<p>Reserve su viaje para una experiencia de avistamiento de ballenas comenzando desde Cap Cana en un viaje privado con gu\u00edas profesionales ecologistas. Si desea ponerse en contacto con nosotros para recibir asesoramiento, env\u00ede un correo electr\u00f3nico, Whatsapp o Llamadas disponibles. Por favor reserve con tiempo sus entradas. En la temporada de ballenas hay muchas reservas y nos gustar\u00eda tener sus entradas a salvo para usted. n nNota: Este es un Tour Privado con un pago m\u00ednimo de 540 USD. Si [&hellip;]<\/p>\n","protected":false},"author":2,"featured_media":0,"parent":0,"menu_order":0,"comment_status":"open","ping_status":"closed","template":"","meta":{"footnotes":""},"class_list":["post-15800","page","type-page","status-publish","hentry"],"_links":{"self":[{"href":"https:\/\/www.boattoursamana.com\/de\/wp-json\/wp\/v2\/pages\/15800","targetHints":{"allow":["GET"]}}],"collection":[{"href":"https:\/\/www.boattoursamana.com\/de\/wp-json\/wp\/v2\/pages"}],"about":[{"href":"https:\/\/www.boattoursamana.com\/de\/wp-json\/wp\/v2\/types\/page"}],"author":[{"embeddable":true,"href":"https:\/\/www.boattoursamana.com\/de\/wp-json\/wp\/v2\/users\/2"}],"replies":[{"embeddable":true,"href":"https:\/\/www.boattoursamana.com\/de\/wp-json\/wp\/v2\/comments?post=15800"}],"version-history":[{"count":0,"href":"https:\/\/www.boattoursamana.com\/de\/wp-json\/wp\/v2\/pages\/15800\/revisions"}],"wp:attachment":[{"href":"https:\/\/www.boattoursamana.com\/de\/wp-json\/wp\/v2\/media?parent=15800"}],"curies":[{"name":"wp","href":"https:\/\/api.w.org\/{rel}","templated":true}]}}