{"id":15810,"date":"2023-07-15T07:44:18","date_gmt":"2023-07-15T07:44:18","guid":{"rendered":"https:\/\/www.ticketswhales.com\/altos-de-cano-hondo-mountain-bike-tour\/"},"modified":"2023-07-15T07:44:18","modified_gmt":"2023-07-15T07:44:18","slug":"altos-de-cano-hondo-mountain-bike-tour","status":"publish","type":"page","link":"https:\/\/www.boattoursamana.com\/de\/altos-de-cano-hondo-mountainbike-tour-2","title":{"rendered":"Altos de Ca\u00f1o Hondo + Mountainbike-Tour"},"content":{"rendered":"<p><span style=\"font-weight: 400;\">Cano Hondo ist ein Name, der von den \u00f6rtlichen Bauern der Gegend vergeben wurde, und dieser Name kommt von der Art der Geographie des Ortes, dieser Ort liegt unter dem Meeresspiegel und es gibt kleine Quellen wie Jivales und Cano Hondo, die direkt aus unterirdischen Fl\u00fcssen kommen Berg Los Haitises.\u00a0<\/span><br \/>\nn<br \/>\nn&nbsp;<br \/>\nn<br \/>\nn<span style=\"font-weight: 400;\"><span style=\"vertical-align: inherit;\"><span style=\"vertical-align: inherit;\">Durante esta parte de su viaje, visitar\u00e1 Altos de Cano Hondo, que se encuentra junto al Parque Nacional Los Haitises, uno de los national parques m\u00e1s grandes del pa\u00eds con m\u00e1s de 1600 km2 and una de las formaciones de piedra caliza m\u00e1s grandes del mundo.\u00a0<\/span><\/span><\/span><br \/>\nn<br \/>\nn<span style=\"font-weight: 400;\"><span style=\"vertical-align: inherit;\"><span style=\"vertical-align: inherit;\">Despu\u00e9s de su recorrido a pie por Altos de Cano Hondo, prep\u00e1rese para saltar a las piscinas naturales antes del almuerzo y despu\u00e9s del almuerzo, regresar\u00e1 a Sabana de la Mar. Despu\u00e9s de 4 horas y media de actividades en Cano Hondo, regresaremos a Sabana. de la Mar, esta excursi\u00f3n finaliza en el mismo lugar en el que comenz\u00f3.<\/span><\/span><\/span><br \/>\nn<br \/>\nn<span style=\"font-weight: 400;\"><span style=\"vertical-align: inherit;\"><span style=\"vertical-align: inherit;\">D.<\/span><\/span><\/span><br \/>\nn<br \/>\nn&nbsp;<br \/>\nn<br \/>\nn<strong><span style=\"vertical-align: inherit;\"><span style=\"vertical-align: inherit;\">Seleccione la fecha para el Tour:<\/span><\/span><\/strong><\/p>\n<p>&nbsp;<\/p>\n<div class=\"vc_row wpb_row vc_row-fluid\" ><div class=\"wpb_column vc_column_container vc_col-sm-12\"><div class=\"vc_column-inner\"><div class=\"wpb_wrapper\"><div class=\"vc_empty_space\"   style=\"height: 32px\"><span class=\"vc_empty_space_inner\"><\/span><\/div><\/div><\/div><\/div><\/div><div class=\"vc_row wpb_row vc_row-fluid\" ><div class=\"wpb_column vc_column_container vc_col-sm-12\"><div class=\"vc_column-inner\"><div class=\"wpb_wrapper\"><\/div><\/div><\/div><\/div><div class=\"vc_row wpb_row vc_row-fluid\" ><div class=\"wpb_column vc_column_container vc_col-sm-12\"><div class=\"vc_column-inner\"><div class=\"wpb_wrapper\"><div class=\"vc_empty_space\"   style=\"height: 32px\"><span class=\"vc_empty_space_inner\"><\/span><\/div><\/div><\/div><\/div><\/div><div class=\"vc_row wpb_row vc_row-fluid\" ><div class=\"wpb_column vc_column_container vc_col-sm-12\"><div class=\"vc_column-inner\"><div class=\"wpb_wrapper\"><div class=\"vc_btn3-container vc_btn3-inline\" ><button class=\"vc_general vc_btn3 vc_btn3-size-md vc_btn3-shape-rounded vc_btn3-style-modern vc_btn3-color-green\">BUCHEN SIE JETZT<\/button><\/div>\n\t<div class=\"wpb_text_column wpb_content_element\" >\n\t\t<div class=\"wpb_wrapper\">\n\t\t\t<p>\nn<\/p>\n<h4><b><i>\u00dcberblick<\/i><\/b><\/h4>\n<p>n<span style=\"font-weight: 400;\">Reisen Sie mit einem lokalen Experten und erleben Sie das einzigartige Erlebnis des Radfahrens ab Sabana de la Mar. Diese Tour f\u00fchrt Sie durch die wundersch\u00f6ne Landschaft der Dominikanischen Republik. W\u00e4hrend Sie mit dem Fahrrad fahren, k\u00f6nnen Sie Hallo sagen! zu den Bauern, die mit ihren Pferden oder Motorr\u00e4dern zu ihrem Grundst\u00fcck fahren, und w\u00e4hrend der Tour k\u00f6nnen Sie in das Abenteuer und die lokale Kultur von Sabana de la Mar eintauchen. Diese Stadt wurde 1756 offiziell von etwa elf (11) Familien gegr\u00fcndet, die kamen von den Kanarischen Inseln in Spanien. Die wichtigsten wirtschaftlichen Aktivit\u00e4ten von Sabana de la Mar sind Landwirtschaft, \u00d6kotourismus und Fischerei.\u00a0<\/span><br \/>\nn<br \/>\nn&nbsp;<br \/>\nn<br \/>\nn<span style=\"font-weight: 400;\">Einschl\u00fcsse &amp; Ausschl\u00fcsse<\/span><br \/>\nn<br \/>\nn&nbsp;<br \/>\nn<br \/>\nn<span style=\"font-weight: 400;\">Einschl\u00fcsse<\/span><br \/>\nn<br \/>\nn&nbsp;<br \/>\nn<br \/>\nn<span style=\"font-weight: 400;\">Radfahren<\/span><br \/>\nn<br \/>\nnMittagessen mit Einheimischen<br \/>\nn<br \/>\nn<span style=\"font-weight: 400;\">Altos de Ca\u00f1o Hondo und nat\u00fcrliche Pools<\/span><br \/>\nn<br \/>\nn<span style=\"font-weight: 400;\">Alle Steuern, Geb\u00fchren und Bearbeitungsgeb\u00fchren<\/span><br \/>\nn<br \/>\nn<span style=\"font-weight: 400;\">Lokale Steuern<\/span><br \/>\nn<br \/>\nn<span style=\"font-weight: 400;\">Beamte \u00d6kologe Reiseleiter Englisch\/Spanisch<\/span><br \/>\nn<br \/>\nn&nbsp;<br \/>\nn<br \/>\nn<span style=\"font-weight: 400;\">Ausschl\u00fcsse<\/span><br \/>\nn<br \/>\nn&nbsp;<br \/>\nn<br \/>\nn<span style=\"font-weight: 400;\">Trinkgelder<\/span><br \/>\nn<br \/>\nn<span style=\"font-weight: 400;\">\u00dcberweisen<\/span><br \/>\nn<br \/>\nn<span style=\"font-weight: 400;\">Getr\u00e4nk<\/span><br \/>\nn<br \/>\nn&nbsp;<br \/>\nn<br \/>\nn<span style=\"font-weight: 400;\">Abreise &amp; R\u00fcckkehr<\/span><br \/>\nn<br \/>\nn&nbsp;<br \/>\nn<br \/>\nn<span style=\"font-weight: 400;\">Die von \u201eBooking Adventures\u201c organisierte Tour beginnt am mit dem Reiseleiter vereinbarten Treffpunkt. Der Reisende erh\u00e4lt nach dem Reservierungsprozess einen Treffpunkt. Die Touren beginnen und enden an unseren Treffpunkten.<\/span><br \/>\nn<br \/>\nn&nbsp;<br \/>\nn<br \/>\nn<span style=\"font-weight: 400;\">Was zu erwarten ist?<\/span><br \/>\nn<br \/>\nn<span style=\"font-weight: 400;\">Holen Sie sich Ihr Ticket f\u00fcr Biking und Altos de Cano Hondo und Natural Pools From Sabana de la Mar<\/span><br \/>\nn<br \/>\nn&nbsp;<br \/>\nn<br \/>\nn<span style=\"font-weight: 400;\">Dieser Ausflug beginnt am Treffpunkt, den Sie mit unseren Reiseb\u00fcros oder Ihrem Reiseleiter best\u00e4tigen m\u00fcssen, bevor Sie zu einem beliebigen Ort fahren. Sobald Sie Ihren Reiseleiter getroffen haben, haben Sie die Tour und alles, was mit Ihrem Tag zu tun hat, besprochen.<\/span><br \/>\nn<br \/>\nn<span style=\"font-weight: 400;\">Wenn alle bereit sind, begeben wir uns nach Altos de Cano Hondo und Natural Pools, wo Sie einen Rundgang beginnen, um eines der 10 besten Reiseziele f\u00fcr \u00d6kotourismus der Welt des Forbes-Magazins zu \u00fcberwachen. W\u00e4hrend dieses Abenteuers lernen Sie die einzigartige Architektur kennen dieser \u00d6kolodge.\u00a0<\/span><br \/>\nn<br \/>\nn<span style=\"font-weight: 400;\">Cano Hondo ist ein Name, der von den \u00f6rtlichen Bauern der Gegend vergeben wurde, und dieser Name kommt von der Art der Geographie des Ortes, dieser Ort liegt unter dem Meeresspiegel und es gibt kleine Quellen wie Jivales und Cano Hondo, die direkt aus unterirdischen Fl\u00fcssen kommen Berg Los Haitises.\u00a0<\/span><br \/>\nn<br \/>\nn<span style=\"font-weight: 400;\">W\u00e4hrend dieses Teils Ihrer Reise besuchen Sie Altos de Cano Hondo, das neben dem Nationalpark Los Haitises einer der gr\u00f6\u00dften Nationalparks des Landes mit mehr als 1600 km2 und einer der gr\u00f6\u00dften Kalksteinformationen der Welt ist.\u00a0<\/span><br \/>\nn<br \/>\nn&nbsp;<br \/>\nn<br \/>\nn<span style=\"font-weight: 400;\">Machen Sie sich nach Ihrer Wanderung durch Altos de Cano Hondo bereit, vor dem Mittagessen in die nat\u00fcrlichen Pools zu springen, und nach dem Mittagessen kehren Sie nach Sabana de la Mar zur\u00fcck. Nach 4,5 Stunden Aktivit\u00e4ten in Cano Hondo beginnen wir mit dem Reiten auf unserem Berg Rad zur\u00fcck nach Sabana de la Mar, dieser Ausflug endet am selben Ort, an dem er begonnen hat.<\/span><br \/>\nn<br \/>\nn&nbsp;<br \/>\nn<br \/>\nn<span style=\"font-weight: 400;\">Hinweis: Diese Touren werden von Officials Ecologist-Reiseleitern durchgef\u00fchrt. Bitte buchen Sie rechtzeitig, da es im Park nicht allzu viele Spezialisten gibt.<\/span><br \/>\nn<br \/>\nn&nbsp;<br \/>\nn<br \/>\nn&nbsp;<br \/>\nn<br \/>\nn<span style=\"font-weight: 400;\">Was sollten Sie mitbringen?<\/span><br \/>\nn<\/p>\n<ul>\nn \t<\/p>\n<li style=\"font-weight: 400;\" aria-level=\"1\"><span style=\"font-weight: 400;\">Kamera<\/span><\/li>\n<p>n \t<\/p>\n<li style=\"font-weight: 400;\" aria-level=\"1\"><span style=\"font-weight: 400;\">Absto\u00dfende Knospen<\/span><\/li>\n<p>n \t<\/p>\n<li style=\"font-weight: 400;\" aria-level=\"1\"><span style=\"font-weight: 400;\">Sonnencreme<\/span><\/li>\n<p>n \t<\/p>\n<li style=\"font-weight: 400;\" aria-level=\"1\"><span style=\"font-weight: 400;\">Bequeme Hose<\/span><\/li>\n<p>n \t<\/p>\n<li style=\"font-weight: 400;\" aria-level=\"1\"><span style=\"font-weight: 400;\">Laufschuhe\u00a0<\/span><\/li>\n<p>n<\/ul>\n<p>n&nbsp;<br \/>\nn<\/p>\n<h4><b><i>Hotelabholung <\/i><\/b><\/h4>\n<p>n<span style=\"font-weight: 400;\">Eine Hotelabholung wird f\u00fcr diese Tour nicht angeboten. <\/span><br \/>\nn<br \/>\nn<b>Notiz:<\/b><span style=\"font-weight: 400;\"> Wenn Sie innerhalb von 24 Stunden vor der Abfahrtszeit der Tour\/des Ausflugs buchen, k\u00f6nnen wir die Abholung vom Hotel gegen Aufpreis arrangieren. Sobald Ihr Kauf abgeschlossen ist, senden wir Ihnen die vollst\u00e4ndigen Kontaktinformationen (Telefonnummer, E-Mail-Adresse usw.) f\u00fcr unseren \u00f6rtlichen Reiseleiter, um die Abholung zu organisieren.<\/span><br \/>\nn<\/p>\n<h4><b><i>Zus\u00e4tzliche Info-Best\u00e4tigung <\/i><\/b><\/h4>\n<p>n<\/p>\n<ol>\nn \t<\/p>\n<li>Tickets sind die Quittung, nachdem Sie f\u00fcr diese Tour bezahlt haben. Sie k\u00f6nnen die Zahlung auf Ihrem Telefon anzeigen.<\/li>\n<p>n \t<\/p>\n<li style=\"font-weight: 400;\"><span style=\"font-weight: 400;\">Treffpunkt Wird nach dem Reservierungsprozess bekannt gegeben.<\/span><\/li>\n<p>n \t<\/p>\n<li style=\"font-weight: 400;\"><span style=\"font-weight: 400;\">Kinder m\u00fcssen von einem Erwachsenen begleitet werden.<\/span><\/li>\n<p>n \t<\/p>\n<li style=\"font-weight: 400;\"><span style=\"font-weight: 400;\"> Nicht rollstuhlgerecht <\/span><\/li>\n<p>n \t<\/p>\n<li style=\"font-weight: 400;\"><span style=\"font-weight: 400;\">Kleinkinder m\u00fcssen auf dem Scho\u00df sitzen <\/span><\/li>\n<p>n \t<\/p>\n<li style=\"font-weight: 400;\"><span style=\"font-weight: 400;\">F\u00fcr Reisende mit R\u00fcckenproblemen nicht zu empfehlen<\/span><\/li>\n<p>n \t<\/p>\n<li style=\"font-weight: 400;\"><span style=\"font-weight: 400;\">Nicht f\u00fcr schwangere Reisende empfohlen <\/span><\/li>\n<p>n \t<\/p>\n<li style=\"font-weight: 400;\"><span style=\"font-weight: 400;\"> Keine Herzprobleme oder andere ernsthafte Erkrankungen <\/span><\/li>\n<p>n \t<\/p>\n<li style=\"font-weight: 400;\"><span style=\"font-weight: 400;\">Die meisten Reisenden k\u00f6nnen teilnehmen<\/span><\/li>\n<p>n<\/ol>\n<p>n<\/p>\n<h4><b><i>Stornierungsbedingungen<\/i><\/b><\/h4>\n<p>nF\u00fcr eine vollst\u00e4ndige R\u00fcckerstattung lesen Sie bitte unsere Stornierungsbedingungen\u00a0<a href=\"https:\/\/www.boattoursamana.com\/de\/online-buchung\/\" target=\"_blank\" rel=\"noopener\" data-saferedirecturl=\"https:\/\/www.google.com\/url?q=https:\/\/www.boattoursamana.com\/online-booking\/&amp;source=gmail&amp;ust=1672449202351000&amp;usg=AOvVaw1yAeVAPktmaVCqDujgUn90\">Klicke hier<\/a>. Das Geld geht verloren, wenn die Reservierung am selben Tag der Reise storniert wird.<\/p>\n\n\t\t<\/div>\n\t<\/div>\n<\/div><\/div><\/div><\/div><div class=\"vc_row wpb_row vc_row-fluid\" ><div class=\"wpb_column vc_column_container vc_col-sm-12\"><div class=\"vc_column-inner\"><div class=\"wpb_wrapper\"><div class=\"vc_empty_space\"   style=\"height: 32px\"><span class=\"vc_empty_space_inner\"><\/span><\/div>\n\t<div class=\"wpb_text_column wpb_content_element\" >\n\t\t<div class=\"wpb_wrapper\">\n\t\t\t<p>\nn<\/p>\n<h4>Kontaktiere uns?<\/h4>\n<p>n<\/p>\n<h5>Abenteuer buchen<\/h5>\n<p>n<em><strong>Einheimische<\/strong>\u00a0und\u00a0<strong>Staatsangeh\u00f6rige<\/strong>\u00a0Reiseleiter &amp; G\u00e4steservice<\/em><br \/>\nn<br \/>\nn<span class=\"text-turquoise\">Reservierungen:<\/span>\u00a0F\u00fchrungen &amp; Ausfl\u00fcge im Dom. Rep.<br \/>\nn<br \/>\nn<img decoding=\"async\" class=\"emoji\" draggable=\"false\" src=\"https:\/\/s.w.org\/images\/core\/emoji\/11.2.0\/svg\/1f4de.svg\" alt=\" \" title=\"\">\u00a0Tel.\/Whatsapp\u00a0\u00a0<a href=\"tel:+1-809-720-6035\">+1-809-720-6035<\/a>.<br \/>\nn<br \/>\nn<img decoding=\"async\" class=\"emoji\" draggable=\"false\" src=\"https:\/\/s.w.org\/images\/core\/emoji\/11.2.0\/svg\/1f4e9.svg\" alt=\" \" title=\"\">\u00a0<a href=\"mailto:info@bookingadventures.com.do\">info@bookingadventures.com.do<\/a><br \/>\nn<br \/>\nn<strong>Wir sind flexibel und bieten private Touren per WhatsApp an:\u00a0<a href=\"tel:+18097206035\">+18097206035.<\/a><\/strong><\/p>\n\n\t\t<\/div>\n\t<\/div>\n<div class=\"vc_empty_space\"   style=\"height: 32px\"><span class=\"vc_empty_space_inner\"><\/span><\/div><\/div><\/div><\/div><\/div><div class=\"vc_row wpb_row vc_row-fluid\" ><div class=\"wpb_column vc_column_container vc_col-sm-12\"><div class=\"vc_column-inner\"><div class=\"wpb_wrapper\"><div class=\"vc_btn3-container vc_btn3-inline\" ><button class=\"vc_general vc_btn3 vc_btn3-size-md vc_btn3-shape-rounded vc_btn3-style-modern vc_btn3-color-green\">BUCHEN SIE JETZT<\/button><\/div><\/div><\/div><\/div><\/div>","protected":false},"excerpt":{"rendered":"<p>Cano Hondo is a name given by the local farmers of the area and this name comes from the type of geography of the location, this place is below sea level and there are small springs like Jivales and Cano Hondo which are coming from underground river straight from Los Haitises Mountain.\u00a0 n n&nbsp; n nDurante esta parte de su viaje, visitar\u00e1 Altos de Cano Hondo, que se encuentra junto al Parque Nacional Los Haitises, uno de los parques nacionales [&hellip;]<\/p>\n","protected":false},"author":2,"featured_media":0,"parent":0,"menu_order":0,"comment_status":"open","ping_status":"closed","template":"","meta":{"footnotes":""},"class_list":["post-15810","page","type-page","status-publish","hentry"],"_links":{"self":[{"href":"https:\/\/www.boattoursamana.com\/de\/wp-json\/wp\/v2\/pages\/15810","targetHints":{"allow":["GET"]}}],"collection":[{"href":"https:\/\/www.boattoursamana.com\/de\/wp-json\/wp\/v2\/pages"}],"about":[{"href":"https:\/\/www.boattoursamana.com\/de\/wp-json\/wp\/v2\/types\/page"}],"author":[{"embeddable":true,"href":"https:\/\/www.boattoursamana.com\/de\/wp-json\/wp\/v2\/users\/2"}],"replies":[{"embeddable":true,"href":"https:\/\/www.boattoursamana.com\/de\/wp-json\/wp\/v2\/comments?post=15810"}],"version-history":[{"count":0,"href":"https:\/\/www.boattoursamana.com\/de\/wp-json\/wp\/v2\/pages\/15810\/revisions"}],"wp:attachment":[{"href":"https:\/\/www.boattoursamana.com\/de\/wp-json\/wp\/v2\/media?parent=15810"}],"curies":[{"name":"wp","href":"https:\/\/api.w.org\/{rel}","templated":true}]}}