{"id":15847,"date":"2023-07-15T07:44:42","date_gmt":"2023-07-15T07:44:42","guid":{"rendered":"https:\/\/www.ticketswhales.com\/el-limon-waterfall-cayo-levantado-from-sosua-or-cabarete-private-tour\/"},"modified":"2023-07-15T07:44:42","modified_gmt":"2023-07-15T07:44:42","slug":"el-limon-waterfall-cayo-levantado-from-sosua-or-cabarete-private-tour","status":"publish","type":"page","link":"https:\/\/www.boattoursamana.com\/de\/el-limon-wasserfall-cayo-levantado-von-sosua-oder-cabarete-private-tour-2","title":{"rendered":"Wasserfall El Lim\u00f3n &amp; Cayo Levantado Von Sosua oder Cabarete Private Tour"},"content":{"rendered":"<p><span class=\"Y2IQFc\" lang=\"en\">Privater Ausflug zum Besuch der Wasserf\u00e4lle El Lim\u00f3n und Cayo Levantado (Insel Bacardi) Von Sosua oder Cabarete aus. Zwei Aktivit\u00e4ten an einem Tag, Besuch der Sch\u00f6nheit des Waldes und der Wasserf\u00e4lle der Gemeinde El Lim\u00f3n mit einem lokalen Reiseleiter. Sie k\u00f6nnen diese Reise zu Fu\u00df oder zu Pferd entlang der Kaffee- und Kokospfade unternehmen. Nach dem Besuch der Wasserf\u00e4lle von El Lim\u00f3n gehen wir zum Pier im Zentrum der Stadt Saman\u00e1 und nehmen ein Boot nach Cayo Levantado, auch Bacardi Island genannt. Dort haben wir ein Mittagsbuffet und schwimmen am Nachmittag am Strand von Cayo Levantado mit der M\u00f6glichkeit, in den Korallenriffen zu schnorcheln.<\/span><br \/>\nn<br \/>\nn&nbsp;<br \/>\nn<br \/>\nn<b>W\u00e4hlen Sie das Datum f\u00fcr die Reise:\u00a0<\/b><\/p>\n<p>&nbsp;<\/p>\n<div class=\"vc_row wpb_row vc_row-fluid\" ><div class=\"wpb_column vc_column_container vc_col-sm-12\"><div class=\"vc_column-inner\"><div class=\"wpb_wrapper\"><div class=\"vc_btn3-container vc_btn3-inline\" ><button class=\"vc_general vc_btn3 vc_btn3-size-md vc_btn3-shape-rounded vc_btn3-style-modern vc_btn3-color-green\">BUCHEN SIE JETZT<\/button><\/div><div class=\"mkdf-section-title-holder\" style=\"text-align: left\">\n\t<div class=\"mkdf-st-inner\">\n\t\t\t\t\t<h5 class=\"mkdf-st-subtitle\" >\n\t\t\t\tTransport &amp; Mittagessen inklusive\t\t\t<\/h5>\n\t\t\t\t\t\t\t<h3 class=\"mkdf-st-title\" >\n\t\t\t\tWasserfall El Lim\u00f3n &amp; Cayo Levantado Von Sosua oder Cabarete Private Tour\t\t\t<\/h3>\n\t\t\t\t\t<\/div>\n<\/div><\/div><\/div><\/div><\/div><div class=\"vc_row wpb_row vc_row-fluid\" ><div class=\"wpb_column vc_column_container vc_col-sm-12\"><div class=\"vc_column-inner\"><div class=\"wpb_wrapper\">\n\t<div class=\"wpb_text_column wpb_content_element\" >\n\t\t<div class=\"wpb_wrapper\">\n\t\t\t<p>\nn<\/p>\n<h3 class=\"LC20lb\"><\/h3>\n<p>n<\/p>\n<h4><b><i>\u00dcberblick <\/i><\/b><\/h4>\n<p>nPrivater Ausflug zu den El-Limon-Wasserf\u00e4llen und Cayo Levantado (Bacardi-Insel) von Puerto Plata aus. Zwei Aktivit\u00e4ten an nur einem Tag: Besichtigung der Sch\u00f6nheit des Waldes und der Wasserf\u00e4lle der El-Limon-Gemeinschaft mit einem \u00f6rtlichen Reiseleiter. Sie k\u00f6nnen diesen Ausflug beim Wandern oder Reiten \u00fcber die Kaffee- und Kokosnusspfade unternehmen. Nach dem Besuch der El Limon-Wasserf\u00e4lle fahren wir zum Pier im Stadtzentrum von Samana und nehmen ein Boot nach Cayo Levantado, auch Bacardi-Insel genannt. Dort genie\u00dfen wir ein Mittagsbuffet und schwimmen am Nachmittag am Strand von Cayo Levantado mit der M\u00f6glichkeit, an den Korallenriffen zu schnorcheln.<br \/>\nn<br \/>\nnNach diesem Erlebnis kehren Sie zu unserem Treffpunkt zur\u00fcck, von wo wir Sie in Puerto Plata abholen<br \/>\nn<\/p>\n<ul>\nn \t<\/p>\n<li style=\"font-weight: 400;\">Geb\u00fchren inbegriffen<\/li>\n<p>n \t<\/p>\n<li>Mittagessen<\/li>\n<p>n \t<\/p>\n<li>Snacks<\/li>\n<p>n \t<\/p>\n<li style=\"font-weight: 400;\">Lokaler Reiseleiter in Englisch oder Franz\u00f6sisch<\/li>\n<p>n \t<\/p>\n<li>Transport<\/li>\n<p>n \t<\/p>\n<li>Bootsausflug<\/li>\n<p>n<\/ul>\n<p>n&nbsp;<br \/>\nn<\/p>\n<h4><b>Einschl\u00fcsse &amp; Ausschl\u00fcsse<\/b><\/h4>\n<p>n&nbsp;<br \/>\nn<br \/>\nn<b>Einschl\u00fcsse<\/b><br \/>\nn<\/p>\n<ol>\nn \t<\/p>\n<li style=\"font-weight: 400;\">El Limon Wasserf\u00e4lle Wandern oder Reiten<\/li>\n<p>n \t<\/p>\n<li>Mittagessen<\/li>\n<p>n \t<\/p>\n<li style=\"font-weight: 400;\"><span style=\"font-weight: 400;\">Alle Steuern, Geb\u00fchren und Bearbeitungsgeb\u00fchren<\/span><\/li>\n<p>n \t<\/p>\n<li style=\"font-weight: 400;\"><span style=\"font-weight: 400;\">Lokale Steuern<\/span><\/li>\n<p>n \t<\/p>\n<li style=\"font-weight: 400;\"><span style=\"font-weight: 400;\">Getr\u00e4nke<\/span><\/li>\n<p>n \t<\/p>\n<li>Snacks<\/li>\n<p>n \t<\/p>\n<li style=\"font-weight: 400;\"><span style=\"font-weight: 400;\">Alle Aktivit\u00e4ten<\/span><\/li>\n<p>n \t<\/p>\n<li style=\"font-weight: 400;\"><span style=\"font-weight: 400;\">Lokaler F\u00fchrer<\/span><\/li>\n<p>n<\/ol>\n<p>n<b> Ausschl\u00fcsse<\/b><br \/>\nn<\/p>\n<ol>\nn \t<\/p>\n<li style=\"font-weight: 400;\"><span style=\"font-weight: 400;\">Trinkgelder<\/span><\/li>\n<p>n \t<\/p>\n<li style=\"font-weight: 400;\"><span style=\"font-weight: 400;\">Alkoholische Getr\u00e4nke<\/span><\/li>\n<p>n<\/ol>\n<p>n&nbsp;<br \/>\nn<\/p>\n<h4><em><strong>Abreise &amp; R\u00fcckkehr<\/strong><\/em><\/h4>\n<p>n<span style=\"font-weight: 400;\">Der Reisende erh\u00e4lt nach dem Reservierungsprozess einen Treffpunkt. Touren beginnen und enden an Ihren Treffpunkten.<\/span><br \/>\nn<\/p>\n<h4><\/h4>\n<p>n<\/p>\n<h3 class=\"LC20lb\">El Lim\u00f3n Wasserfall + Cayo Levantado \u2013 Ausflug in Saman\u00e1<\/h3>\n<p>n<\/p>\n<h4><b><i>Was zu erwarten ist?<\/i><\/b><\/h4>\n<p>n<em><strong>Holen Sie sich Ihre Tickets<\/strong><\/em> f\u00fcr den Besuch der Wasserf\u00e4lle von El Limon und der Insel Cayo Levantado mit Transfer von Puerto Plata. Ganztagesausflug. Abfahrt von Saman\u00e1 mit Transport zu den Wasserf\u00e4llen von El Limon.<br \/>\nn<br \/>\nnAusflug, organisiert von \"Booking Adventures\" beginnt am Treffpunkt mit dem Reiseleiter festgelegt. Kommen Sie mit Booking Adventures in Private Ausfl\u00fcge zu El Limon Wasserf\u00e4lle mit einem lokalen Reiseleiter. Reiten oder Wandern durch den Wald gehen rund um den Rand des Flusses Lemon, Besuch Kakao und Kaffee-Plantagen unter den Kokosn\u00fcssen Schatten Palmen. Zuerst halten wir an dem kleinen Wasserfall, wo normalerweise nicht viele Leute sind und man herumschwimmen kann. Danach geht es weiter zum gro\u00dfen Wasserfall, wo wir f\u00fcr eine Stunde oder mehr bleiben, wenn Sie wollen.<br \/>\nn<br \/>\nnHolen Sie sich Pferde oder wandern Sie zur\u00fcck zum Auto und fahren Sie zur\u00fcck zum Hafen von Samana. Gehen Sie an Bord, um die Insel Bacardi zu besuchen, denn gegrillter Fisch mit Tostones und Salat wartet auf uns, um ein leckeres Mittagessen zu genie\u00dfen, oder Sie k\u00f6nnen gegen Aufpreis andere Optionen wie Hummer auf der Speisekarte haben.<br \/>\nn<br \/>\nnF\u00fchlen Sie sich frei, an einem der sch\u00f6nsten Str\u00e4nde der Dominikanischen Republik zu schwimmen. Und legen Sie gemeinsam mit unserem Reiseleiter die Zeit f\u00fcr den Abschluss fest.<br \/>\nn<br \/>\nn&nbsp;<br \/>\nn<\/p>\n<h4><em><strong>Was sollten Sie mitbringen?<\/strong><\/em><\/h4>\n<p>n<\/p>\n<ul>\nn \t<\/p>\n<li style=\"font-weight: 400;\"><span style=\"font-weight: 400;\">Kamera<\/span><\/li>\n<p>n \t<\/p>\n<li style=\"font-weight: 400;\"><span style=\"font-weight: 400;\">Absto\u00dfende Knospen<\/span><\/li>\n<p>n \t<\/p>\n<li style=\"font-weight: 400;\"><span style=\"font-weight: 400;\">Sonnencreme<\/span><\/li>\n<p>n \t<\/p>\n<li style=\"font-weight: 400;\"><span style=\"font-weight: 400;\">Hut<\/span><\/li>\n<p>n \t<\/p>\n<li style=\"font-weight: 400;\"><span style=\"font-weight: 400;\">Bequeme Hose<\/span><\/li>\n<p>n \t<\/p>\n<li style=\"font-weight: 400;\"><span style=\"font-weight: 400;\">Wanderschuhe f\u00fcr den Wald<\/span><\/li>\n<p>n \t<\/p>\n<li style=\"font-weight: 400;\"><span style=\"font-weight: 400;\">Sandalen zu den Fr\u00fchlingsgebieten.<\/span><\/li>\n<p>n \t<\/p>\n<li style=\"font-weight: 400;\"><span style=\"font-weight: 400;\">Schwimmkleidung<\/span><\/li>\n<p>n<\/ul>\n<p>n&nbsp;<br \/>\nn<\/p>\n<h4><b><i>Hotelabholung <\/i><\/b><\/h4>\n<p>n<span style=\"font-weight: 400;\">Eine Hotelabholung wird f\u00fcr diese Tour nicht angeboten. <\/span><br \/>\nn<br \/>\nn&nbsp;<br \/>\nn<br \/>\nn<b>Notiz:<\/b><span style=\"font-weight: 400;\"> Wenn Sie innerhalb von 24 Stunden vor der Abfahrtszeit der Tour\/des Ausflugs buchen, k\u00f6nnen wir die Abholung vom Hotel gegen Aufpreis arrangieren. Sobald Ihr Kauf abgeschlossen ist, senden wir Ihnen die vollst\u00e4ndigen Kontaktinformationen (Telefonnummer, E-Mail-Adresse usw.) f\u00fcr unseren \u00f6rtlichen Reiseleiter, um die Abholung zu organisieren.<\/span><br \/>\nn<\/p>\n<h4><b><i>Zus\u00e4tzliche Info-Best\u00e4tigung <\/i><\/b><\/h4>\n<p>n<\/p>\n<ol>\nn \t<\/p>\n<li>Tickets sind die Quittung nach Bezahlung dieser Tour. Sie k\u00f6nnen die Zahlung auf Ihrem Telefon anzeigen.<\/li>\n<p>n \t<\/p>\n<li style=\"font-weight: 400;\"><span style=\"font-weight: 400;\">Treffpunkt Wird nach dem Reservierungsprozess bekannt gegeben.<\/span><\/li>\n<p>n \t<\/p>\n<li style=\"font-weight: 400;\"><span style=\"font-weight: 400;\">Kinder m\u00fcssen von einem Erwachsenen begleitet werden.<\/span><\/li>\n<p>n \t<\/p>\n<li style=\"font-weight: 400;\"><span style=\"font-weight: 400;\"> Nicht rollstuhlgerecht <\/span><\/li>\n<p>n \t<\/p>\n<li style=\"font-weight: 400;\"><span style=\"font-weight: 400;\">Kleinkinder m\u00fcssen auf dem Scho\u00df sitzen <\/span><\/li>\n<p>n \t<\/p>\n<li style=\"font-weight: 400;\"><span style=\"font-weight: 400;\">F\u00fcr Reisende mit R\u00fcckenproblemen nicht zu empfehlen<\/span><\/li>\n<p>n \t<\/p>\n<li style=\"font-weight: 400;\"><span style=\"font-weight: 400;\">Nicht f\u00fcr schwangere Reisende empfohlen <\/span><\/li>\n<p>n \t<\/p>\n<li style=\"font-weight: 400;\"><span style=\"font-weight: 400;\"> Keine Herzprobleme oder andere ernsthafte Erkrankungen <\/span><\/li>\n<p>n \t<\/p>\n<li style=\"font-weight: 400;\"><span style=\"font-weight: 400;\">Die meisten Reisenden k\u00f6nnen teilnehmen<\/span><\/li>\n<p>n<\/ol>\n<p>n<\/p>\n<h4><b><i>Stornierungsbedingungen<\/i><\/b><\/h4>\n<p>nF\u00fcr eine vollst\u00e4ndige R\u00fcckerstattung lesen Sie bitte unsere Stornierungsbedingungen\u00a0<a href=\"https:\/\/www.boattoursamana.com\/de\/online-buchung\/\" target=\"_blank\" rel=\"noopener\" data-saferedirecturl=\"https:\/\/www.google.com\/url?q=https:\/\/www.boattoursamana.com\/online-booking\/&amp;source=gmail&amp;ust=1672449202351000&amp;usg=AOvVaw1yAeVAPktmaVCqDujgUn90\">Klicke hier<\/a>. Das Geld geht verloren, wenn die Reservierung am selben Tag der Reise storniert wird.<\/p>\n\n\t\t<\/div>\n\t<\/div>\n<div class=\"vc_btn3-container vc_btn3-inline\" ><button class=\"vc_general vc_btn3 vc_btn3-size-md vc_btn3-shape-rounded vc_btn3-style-modern vc_btn3-color-green\">BUCHEN SIE JETZT<\/button><\/div><\/div><\/div><\/div><\/div><div class=\"vc_row wpb_row vc_row-fluid\" ><div class=\"wpb_column vc_column_container vc_col-sm-12\"><div class=\"vc_column-inner\"><div class=\"wpb_wrapper\">\n\t<div class=\"wpb_video_widget wpb_content_element vc_clearfix   vc_video-aspect-ratio-169 vc_video-el-width-100 vc_video-align-left\" >\n\t\t<div class=\"wpb_wrapper\">\n\t\t\t\n\t\t\t<div class=\"wpb_video_wrapper\"><a href=\"https:\/\/www.youtube.com\/watch?v=oWlwxZLQnVU\" rel=\"noopener\">https:\/\/www.youtube.com\/watch?v=oWlwxZLQnVU<\/a><\/div>\n\t\t<\/div>\n\t<\/div>\n<\/div><\/div><\/div><\/div><div class=\"vc_row wpb_row vc_row-fluid\" ><div class=\"wpb_column vc_column_container vc_col-sm-12\"><div class=\"vc_column-inner\"><div class=\"wpb_wrapper\"><div class=\"vc_empty_space\"   style=\"height: 32px\"><span class=\"vc_empty_space_inner\"><\/span><\/div>\n\t<div class=\"wpb_text_column wpb_content_element\" >\n\t\t<div class=\"wpb_wrapper\">\n\t\t\t<p>\nn<\/p>\n<h4>Kontaktiere uns?<\/h4>\n<p>n<\/p>\n<h5>Abenteuer buchen<\/h5>\n<p>n<em><strong>Einheimische<\/strong>\u00a0und\u00a0<strong>Staatsangeh\u00f6rige<\/strong>\u00a0Reiseleiter &amp; G\u00e4steservice<\/em><br \/>\nn<br \/>\nn<span class=\"text-turquoise\">Reservierungen:<\/span>\u00a0F\u00fchrungen &amp; Ausfl\u00fcge im Dom. Rep.<br \/>\nn<br \/>\nn<img decoding=\"async\" class=\"emoji\" draggable=\"false\" src=\"https:\/\/s.w.org\/images\/core\/emoji\/11.2.0\/svg\/1f4de.svg\" alt=\" \" title=\"\">\u00a0Tel.\/Whatsapp\u00a0\u00a0<a href=\"tel:+1-809-720-6035\">+1-809-720-6035<\/a>.<br \/>\nn<br \/>\nn<img decoding=\"async\" class=\"emoji\" draggable=\"false\" src=\"https:\/\/s.w.org\/images\/core\/emoji\/11.2.0\/svg\/1f4e9.svg\" alt=\" \" title=\"\">\u00a0<a href=\"mailto:info@bookingadventures.com.do\">info@bookingadventures.com.do<\/a><br \/>\nn<br \/>\nn<strong>Wir sind flexibel und bieten private Touren per WhatsApp an:\u00a0<a href=\"tel:+18097206035\">+18097206035.<\/a><\/strong><\/p>\n\n\t\t<\/div>\n\t<\/div>\n<div class=\"vc_empty_space\"   style=\"height: 32px\"><span class=\"vc_empty_space_inner\"><\/span><\/div><\/div><\/div><\/div><\/div><div class=\"vc_row wpb_row vc_row-fluid\" ><div class=\"wpb_column vc_column_container vc_col-sm-12\"><div class=\"vc_column-inner\"><div class=\"wpb_wrapper\"><div class=\"vc_btn3-container vc_btn3-inline\" ><button class=\"vc_general vc_btn3 vc_btn3-size-md vc_btn3-shape-rounded vc_btn3-style-modern vc_btn3-color-green\">BUCHEN SIE JETZT<\/button><\/div><\/div><\/div><\/div><\/div>","protected":false},"excerpt":{"rendered":"<p>Private excursion to visit El Lim\u00f3n and Cayo Levantado Waterfalls (Bacardi Island) From Sosua or Cabarete. Two activities in one day, visiting the beauty of the forest and the waterfalls of the community of El Lim\u00f3n with a local tour guide. You can take this trip on foot or on horseback along the coffee and coconut trails. After visiting the El Lim\u00f3n Waterfalls, we will go to the pier in the center of the city of Saman\u00e1 and take a [&hellip;]<\/p>\n","protected":false},"author":2,"featured_media":0,"parent":0,"menu_order":0,"comment_status":"open","ping_status":"closed","template":"","meta":{"footnotes":""},"class_list":["post-15847","page","type-page","status-publish","hentry"],"_links":{"self":[{"href":"https:\/\/www.boattoursamana.com\/de\/wp-json\/wp\/v2\/pages\/15847","targetHints":{"allow":["GET"]}}],"collection":[{"href":"https:\/\/www.boattoursamana.com\/de\/wp-json\/wp\/v2\/pages"}],"about":[{"href":"https:\/\/www.boattoursamana.com\/de\/wp-json\/wp\/v2\/types\/page"}],"author":[{"embeddable":true,"href":"https:\/\/www.boattoursamana.com\/de\/wp-json\/wp\/v2\/users\/2"}],"replies":[{"embeddable":true,"href":"https:\/\/www.boattoursamana.com\/de\/wp-json\/wp\/v2\/comments?post=15847"}],"version-history":[{"count":0,"href":"https:\/\/www.boattoursamana.com\/de\/wp-json\/wp\/v2\/pages\/15847\/revisions"}],"wp:attachment":[{"href":"https:\/\/www.boattoursamana.com\/de\/wp-json\/wp\/v2\/media?parent=15847"}],"curies":[{"name":"wp","href":"https:\/\/api.w.org\/{rel}","templated":true}]}}