{"id":15866,"date":"2023-07-15T07:45:08","date_gmt":"2023-07-15T07:45:08","guid":{"rendered":"https:\/\/www.ticketswhales.com\/punta-cana-helicopter-tour-to-salto-de-la-jalda-waterfall-60-minutes-experience\/"},"modified":"2023-07-15T07:45:08","modified_gmt":"2023-07-15T07:45:08","slug":"punta-cana-helicopter-tour-to-salto-de-la-jalda-waterfall-60-minutes-experience","status":"publish","type":"page","link":"https:\/\/www.boattoursamana.com\/de\/punta-cana-helikoptertour-zum-wasserfall-salto-de-la-jalda-60-minutiges-erlebnis","title":{"rendered":"Hubschrauberrundflug \u00fcber Punta Cana zum Wasserfall Salto de la Jalda, 60-min\u00fctige Erfahrung"},"content":{"rendered":"<p>Genie\u00dfen Sie ein einzigartiges Erlebnis, in einem Helikopter \u00fcber den h\u00f6chsten Wasserfall der Karibik, Salto La Jada, zu fliegen. Sehen Sie die unber\u00fchrten Str\u00e4nde von Punta Cana und entdecken Sie die Magie dieser unglaublichen Sch\u00f6nheit, eingebettet in einen \u00fcppigen tropischen Regenwald.<br \/>\nn<br \/>\nn&nbsp;<br \/>\nn<br \/>\nn<strong>Bitte w\u00e4hlen Sie das Datum f\u00fcr die Tour aus\u00a0<\/strong><\/p>\n<p>&nbsp;<\/p>\n<div class=\"vc_row wpb_row vc_row-fluid\" ><div class=\"wpb_column vc_column_container vc_col-sm-12\"><div class=\"vc_column-inner\"><div class=\"wpb_wrapper\"><div class=\"mkdf-section-title-holder\" style=\"text-align: left\">\n\t<div class=\"mkdf-st-inner\">\n\t\t\t\t\t<h5 class=\"mkdf-st-subtitle\" >\n\t\t\t\tSalto la Jalda\t\t\t<\/h5>\n\t\t\t\t\t\t\t<h3 class=\"mkdf-st-title\" >\n\t\t\t\tPunta Cana Hubschrauberrundflug zum Salto de la Jalda Wasserfall 60-min\u00fctige Erfahrung\t\t\t<\/h3>\n\t\t\t\t\t\t\t<p class=\"mkdf-st-text\" >\n\t\t\t\tHubschrauberrundflug 60-min\u00fctige Erfahrung\t\t\t<\/p>\n\t\t\t<\/div>\n<\/div><\/div><\/div><\/div><\/div><div class=\"vc_row wpb_row vc_row-fluid\" ><div class=\"wpb_column vc_column_container vc_col-sm-12\"><div class=\"vc_column-inner\"><div class=\"wpb_wrapper\">\n\t<div class=\"wpb_text_column wpb_content_element\" >\n\t\t<div class=\"wpb_wrapper\">\n\t\t\t<p>\nn<\/p>\n<h4><b><i>\u00dcberblick <\/i><\/b><\/h4>\n<p>nDies ist eine private Tour nach\u00a0<strong>Salto de la Jalda-Wasserf\u00e4lle <\/strong>Eingebettet in die Cordillera Oriental Mountain Range und umgeben von einem \u00fcppigen tropischen Regenwald liegt der h\u00f6chste Wasserfall der Karibik, Salto La Jalda. Fliegen Sie entlang der unber\u00fchrten Str\u00e4nde von Punta Cana, vorbei an den ruhigen D\u00f6rfern zu den Nordh\u00e4ngen der Sierra und entdecken Sie die Magie und das Geheimnis dieser unglaublichen Sch\u00f6nheit, die tief in einem \u00fcppigen tropischen Regenwald eingebettet ist. Erleben Sie einen 60-min\u00fctigen Hin- und R\u00fcckflug mit dem Helikopter \u00fcber den Wasserfall und Playa Esmeralda mit einem einst\u00fcndigen Picknickstopp. Sehen Sie, wie das rauschende Wasser \u00fcber die Klippen flie\u00dft, und genie\u00dfen Sie dann die Ruhe und Stille der Natur w\u00e4hrend Ihres Aufenthalts am erstaunlichsten Strand von Esmeralda.<br \/>\nn<br \/>\nn&nbsp;<br \/>\nn<\/p>\n<ul>\nn \t<\/p>\n<li class=\"activity-highlights__list-item\" data-v-86039ad0=\"\">Entdecken Sie die Magie des h\u00f6chsten Wasserfalls der Karibik, Salto La Jada<\/li>\n<p>n \t<\/p>\n<li class=\"activity-highlights__list-item\" data-v-86039ad0=\"\">Erkunden Sie die Natur w\u00e4hrend Ihres Aufenthalts am Strand von Esmeralda<\/li>\n<p>n \t<\/p>\n<li class=\"activity-highlights__list-item\" data-v-86039ad0=\"\">Fliegen Sie \u00fcber atemberaubende Str\u00e4nde und vorbei an ruhigen D\u00f6rfern zu den Nordh\u00e4ngen der Sierra<\/li>\n<p>n \t<\/p>\n<li class=\"activity-highlights__list-item\" data-v-86039ad0=\"\">Sehen Sie, wie das rauschende Wasser \u00fcber die Klippen schwappt<\/li>\n<p>n<\/ul>\n<p>n<\/p>\n<h4><b>Einschl\u00fcsse &amp; Ausschl\u00fcsse<\/b><\/h4>\n<p>n&nbsp;<br \/>\nn<br \/>\nn<b>Einschl\u00fcsse<\/b><br \/>\nn<\/p>\n<ol>\nn \t<\/p>\n<li class=\"activity-inclusions__item activity-inclusions__item--inclusion\" data-v-0d17907c=\"\"><span class=\"activity-inclusions__test activity-inclusions__test--include\" data-v-0d17907c=\"\">Bodentransport zu\/von Ihrem Hotel<\/span><\/li>\n<p>n \t<\/p>\n<li class=\"activity-inclusions__item activity-inclusions__item--inclusion\" data-v-0d17907c=\"\"><span class=\"activity-inclusions__test activity-inclusions__test--include\" data-v-0d17907c=\"\">Express-VIP-Check-in bei der Ankunft<\/span><\/li>\n<p>n \t<\/p>\n<li class=\"activity-inclusions__item activity-inclusions__item--inclusion\" data-v-0d17907c=\"\"><span class=\"activity-inclusions__test activity-inclusions__test--include\" data-v-0d17907c=\"\">60-min\u00fctiger Hin- und R\u00fcckflug mit dem Helikopter<\/span><\/li>\n<p>n \t<\/p>\n<li class=\"activity-inclusions__item activity-inclusions__item--inclusion\" data-v-0d17907c=\"\"><span class=\"activity-inclusions__test activity-inclusions__test--include\" data-v-0d17907c=\"\">1-st\u00fcndiger Gesamtaufenthalt am erstaunlichsten unber\u00fchrten Strand<\/span><\/li>\n<p>n \t<\/p>\n<li class=\"activity-inclusions__item activity-inclusions__item--inclusion\" data-v-0d17907c=\"\"><span class=\"activity-inclusions__test activity-inclusions__test--include\" data-v-0d17907c=\"\">U-Bahn-Picknick-Mittagessen am Strand mit alkoholfreien Getr\u00e4nken und Wasser<\/span><\/li>\n<p>n \t<\/p>\n<li style=\"font-weight: 400;\"><span style=\"font-weight: 400;\">Alle Steuern, Geb\u00fchren und Bearbeitungsgeb\u00fchren<\/span><\/li>\n<p>n \t<\/p>\n<li style=\"font-weight: 400;\"><span style=\"font-weight: 400;\">Lokale Steuern<\/span><\/li>\n<p>n \t<\/p>\n<li style=\"font-weight: 400;\"><span style=\"font-weight: 400;\">Alle Aktivit\u00e4ten<\/span><\/li>\n<p>n \t<\/p>\n<li style=\"font-weight: 400;\"><span style=\"font-weight: 400;\">Lokaler F\u00fchrer<\/span><\/li>\n<p>n<\/ol>\n<p>n<b> Ausschl\u00fcsse<\/b><br \/>\nn<\/p>\n<ol>\nn \t<\/p>\n<li style=\"font-weight: 400;\"><span style=\"font-weight: 400;\">Trinkgelder<\/span><\/li>\n<p>n \t<\/p>\n<li style=\"font-weight: 400;\"><span style=\"font-weight: 400;\">\u00dcberweisen<\/span><\/li>\n<p>n \t<\/p>\n<li>Mittagessen<\/li>\n<p>n \t<\/p>\n<li style=\"font-weight: 400;\"><span style=\"font-weight: 400;\">Alkoholische Getr\u00e4nke<\/span><\/li>\n<p>n<\/ol>\n<p>n&nbsp;<br \/>\nn<\/p>\n<h4><em><strong>Abreise &amp; R\u00fcckkehr<\/strong><\/em><\/h4>\n<p>n<span style=\"font-weight: 400;\">Der Reisende erh\u00e4lt nach dem Reservierungsprozess einen Treffpunkt. Die Touren beginnen und enden an unseren Treffpunkten.<\/span><br \/>\nn<br \/>\nn&nbsp;<br \/>\nn<\/p>\n<h2>Punta Cana-Hubschrauber<\/h2>\n<p>n<\/p>\n<h4><b><i>Was zu erwarten ist?<\/i><\/b><\/h4>\n<p>n<em><strong>Holen Sie sich Ihre Tickets<\/strong><\/em> f\u00fcr den Besuch der h\u00f6chsten Wasserf\u00e4lle der Karibik.\u00a0 <strong>El Salto la Jalda<\/strong> per Helikopterflug von Punta Cana.<br \/>\nn<br \/>\nnEntdecken Sie wie ein Vogel Salto La Jalda \u2013 den h\u00f6chsten Wasserfall der Karibik, der tief in der Gebirgskette Cordillera Oriental liegt und von einem \u00fcppigen tropischen Regenwald umgeben ist. Ein Erlebnis, das Sie nie vergessen werden.<br \/>\nn<br \/>\nnEs gibt nur eine M\u00f6glichkeit, die weiten T\u00e4ler und die dramatische Landschaft des h\u00f6chsten Wasserfalls der Dominikanischen Republik zu bewundern \u2013 und das ist aus der Luft. Machen Sie einen atemberaubenden Helikopterflug \u00fcber den Nationalpark Salto Jalda und erleben Sie ein unvergessliches Urlaubserlebnis.<br \/>\nn<br \/>\nnDas Abenteuer beginnt, wenn Sie von Ihrem Hotel zum Hubschrauberlandeplatz gebracht werden. Steigen Sie in den Hubschrauber und machen Sie sich bereit zum Abheben. Schon bald schweben Sie \u00fcber abgelegene Bauernh\u00f6fe, D\u00f6rfer und \u00fcppig gr\u00fcnen Regenwald zu den Nordh\u00e4ngen der Cordillera Oriental-Bergkette. W\u00e4hrend Sie \u00fcber die Klippen gleiten, kommt Ihr erfahrener Pilot n\u00e4her als je zuvor, damit Sie die 272 Fu\u00df hohen H\u00f6hen von Salto Jalda bewundern k\u00f6nnen.<br \/>\nn<br \/>\nnDann steigen Sie durch das Dschungeldach ab und landen am abgelegenen Strand Playa Esmerelda. Breiten Sie hier Ihr Handtuch aus und genie\u00dfen Sie etwas Sonne im wei\u00dfen Sand. Und Sie haben Zeit f\u00fcr ein Bad in der Karibik, bevor der R\u00fcckflug weitere Ausblicke auf die Trib\u00fcne bietet.<br \/>\nn<br \/>\nn&nbsp;<br \/>\nn<\/p>\n<h4><em><strong>Was sollten Sie mitbringen?<\/strong><\/em><\/h4>\n<p>n<\/p>\n<ul>\nn \t<\/p>\n<li style=\"font-weight: 400;\"><span style=\"font-weight: 400;\">Kamera<\/span><\/li>\n<p>n \t<\/p>\n<li style=\"font-weight: 400;\"><span style=\"font-weight: 400;\">Absto\u00dfende Knospen<\/span><\/li>\n<p>n \t<\/p>\n<li style=\"font-weight: 400;\"><span style=\"font-weight: 400;\">Sonnencreme<\/span><\/li>\n<p>n \t<\/p>\n<li style=\"font-weight: 400;\"><span style=\"font-weight: 400;\">Hut<\/span><\/li>\n<p>n \t<\/p>\n<li style=\"font-weight: 400;\"><span style=\"font-weight: 400;\">Bequeme Hose<\/span><\/li>\n<p>n \t<\/p>\n<li style=\"font-weight: 400;\"><span style=\"font-weight: 400;\">Wanderschuhe f\u00fcr den Wald<\/span><\/li>\n<p>n \t<\/p>\n<li style=\"font-weight: 400;\"><span style=\"font-weight: 400;\">Schwimmkleidung<\/span><\/li>\n<p>n \t<\/p>\n<li>Zus\u00e4tzliche Wasserflasche<\/li>\n<p>n \t<\/p>\n<li>Mittagessen oder Snacks<\/li>\n<p>n<\/ul>\n<p>n&nbsp;<br \/>\nn<\/p>\n<h4><b><i>Hotelabholung <\/i><\/b><\/h4>\n<p>n<span style=\"font-weight: 400;\">F\u00fcr diese Tour wird eine Hotelabholung angeboten. <\/span><br \/>\nn<br \/>\nn&nbsp;<br \/>\nn<br \/>\nn<b>Notiz:<\/b><span style=\"font-weight: 400;\"> Wenn Sie innerhalb von 24 Stunden vor der Abfahrtszeit der Tour\/des Ausflugs buchen, k\u00f6nnen wir die Abholung vom Hotel ohne zus\u00e4tzliche Geb\u00fchren arrangieren. Sobald Ihr Kauf abgeschlossen ist, senden wir Ihnen die vollst\u00e4ndigen Kontaktinformationen (Telefonnummer, E-Mail-Adresse usw.) f\u00fcr unseren \u00f6rtlichen Reiseleiter, um die Abholung zu organisieren.<\/span><br \/>\nn<\/p>\n<h4><b><i>Zus\u00e4tzliche Info-Best\u00e4tigung <\/i><\/b><\/h4>\n<p>n<\/p>\n<ol>\nn \t<\/p>\n<li>Tickets sind die Quittung nach Bezahlung dieser Tour. Sie k\u00f6nnen die Zahlung auf Ihrem Telefon anzeigen.<\/li>\n<p>n \t<\/p>\n<li style=\"font-weight: 400;\"><span style=\"font-weight: 400;\">Treffpunkt Wird nach dem Reservierungsprozess bekannt gegeben.<\/span><\/li>\n<p>n \t<\/p>\n<li style=\"font-weight: 400;\"><span style=\"font-weight: 400;\">Kinder m\u00fcssen von einem Erwachsenen begleitet werden und das Mindestalter betr\u00e4gt 7 Jahre.<\/span><\/li>\n<p>n \t<\/p>\n<li class=\"activity-important-information__item\" data-v-772d15b6=\"\" data-v-45a03bbc=\"\">Diese Tour wird nicht f\u00fcr Personen mit eingeschr\u00e4nkter Mobilit\u00e4t empfohlen, es sei denn, sie haben mindestens 2 Personen, die ihnen helfen k\u00f6nnen<\/li>\n<p>n \t<\/p>\n<li class=\"activity-important-information__item\" data-v-772d15b6=\"\" data-v-45a03bbc=\"\">Alle Fl\u00fcge unterliegen der Verf\u00fcgbarkeit und den Wetterbedingungen<\/li>\n<p>n \t<\/p>\n<li class=\"activity-important-information__item\" data-v-772d15b6=\"\" data-v-45a03bbc=\"\">Der Aktivit\u00e4tsanbieter beh\u00e4lt sich das Recht vor, der Tour weitere Passagiere hinzuzuf\u00fcgen<\/li>\n<p>n \t<\/p>\n<li style=\"font-weight: 400;\"><span style=\"font-weight: 400;\"> Nicht rollstuhlgerecht <\/span><\/li>\n<p>n \t<\/p>\n<li style=\"font-weight: 400;\"><span style=\"font-weight: 400;\">Kleinkinder sind f\u00fcr diese Reise nicht erlaubt<\/span><\/li>\n<p>n \t<\/p>\n<li style=\"font-weight: 400;\"><span style=\"font-weight: 400;\">F\u00fcr Reisende mit R\u00fcckenproblemen nicht zu empfehlen<\/span><\/li>\n<p>n \t<\/p>\n<li style=\"font-weight: 400;\"><span style=\"font-weight: 400;\">Nicht f\u00fcr schwangere Reisende empfohlen <\/span><\/li>\n<p>n \t<\/p>\n<li style=\"font-weight: 400;\"><span style=\"font-weight: 400;\"> Keine Herzprobleme oder andere ernsthafte Erkrankungen <\/span><\/li>\n<p>n \t<\/p>\n<li style=\"font-weight: 400;\"><span style=\"font-weight: 400;\">Die meisten Reisenden k\u00f6nnen teilnehmen<\/span><\/li>\n<p>n<\/ol>\n<p>n<\/p>\n<h4><b><i>Stornierungsbedingungen<\/i><\/b><\/h4>\n<p>nF\u00fcr eine vollst\u00e4ndige R\u00fcckerstattung lesen Sie bitte unsere Stornierungsbedingungen\u00a0<a href=\"https:\/\/www.boattoursamana.com\/de\/online-buchung\/\" target=\"_blank\" rel=\"noopener\" data-saferedirecturl=\"https:\/\/www.google.com\/url?q=https:\/\/www.boattoursamana.com\/online-booking\/&amp;source=gmail&amp;ust=1672449202351000&amp;usg=AOvVaw1yAeVAPktmaVCqDujgUn90\">Klicke hier<\/a>. Das Geld geht verloren, wenn die Reservierung am selben Tag der Reise storniert wird.<\/p>\n\n\t\t<\/div>\n\t<\/div>\n<\/div><\/div><\/div><\/div><div class=\"vc_row wpb_row vc_row-fluid\" ><div class=\"wpb_column vc_column_container vc_col-sm-12\"><div class=\"vc_column-inner\"><div class=\"wpb_wrapper\">\n\t<div class=\"wpb_text_column wpb_content_element\" >\n\t\t<div class=\"wpb_wrapper\">\n\t\t\t<p>\nn<\/p>\n<h4>Kontaktiere uns?<\/h4>\n<p>n<\/p>\n<h5><em><strong>Abenteuer buchen<\/strong><\/em><\/h5>\n<p>n<em><strong>Einheimische<\/strong> und <strong>Staatsangeh\u00f6rige<\/strong> Reiseleiter &amp; G\u00e4steservice<\/em><br \/>\nn<br \/>\nn<span class=\"text-turquoise\">Reservierungen:<\/span> F\u00fchrungen &amp; Ausfl\u00fcge im Dom. Rep.<br \/>\nn<br \/>\nn<img decoding=\"async\" class=\"emoji\" draggable=\"false\" src=\"https:\/\/s.w.org\/images\/core\/emoji\/11.2.0\/svg\/1f4de.svg\" alt=\" \" title=\"\"> Tel.\/Whatsapp\u00a0 <a href=\"tel:+1-809-720-6035\">+1-809-720-6035<\/a>.<br \/>\nn<br \/>\nn<img decoding=\"async\" class=\"emoji\" draggable=\"false\" src=\"https:\/\/s.w.org\/images\/core\/emoji\/11.2.0\/svg\/1f4e9.svg\" alt=\" \" title=\"\"> <a href=\"mailto:info@bookingadventures.com.do\">info@bookingadventures.com.do<\/a><br \/>\nn<br \/>\nn<strong>Wir sind flexibel und bieten private Touren per WhatsApp an: <a href=\"tel:+18097206035\">+18097206035.<\/a><\/strong><\/p>\n\n\t\t<\/div>\n\t<\/div>\n<\/div><\/div><\/div><\/div>","protected":false},"excerpt":{"rendered":"<p>Enjoy a unique experience flying in a helicopter over the highest waterfall in the Caribbean, Salto La Jada. See the pristine beaches of Punta Cana and discover the magic of this incredible beauty nestled deep in a lush tropical rainforest. n n&nbsp; n nPlease Select date for The Tour\u00a0 &nbsp;<\/p>","protected":false},"author":2,"featured_media":0,"parent":0,"menu_order":0,"comment_status":"open","ping_status":"closed","template":"","meta":{"footnotes":""},"class_list":["post-15866","page","type-page","status-publish","hentry"],"_links":{"self":[{"href":"https:\/\/www.boattoursamana.com\/de\/wp-json\/wp\/v2\/pages\/15866","targetHints":{"allow":["GET"]}}],"collection":[{"href":"https:\/\/www.boattoursamana.com\/de\/wp-json\/wp\/v2\/pages"}],"about":[{"href":"https:\/\/www.boattoursamana.com\/de\/wp-json\/wp\/v2\/types\/page"}],"author":[{"embeddable":true,"href":"https:\/\/www.boattoursamana.com\/de\/wp-json\/wp\/v2\/users\/2"}],"replies":[{"embeddable":true,"href":"https:\/\/www.boattoursamana.com\/de\/wp-json\/wp\/v2\/comments?post=15866"}],"version-history":[{"count":0,"href":"https:\/\/www.boattoursamana.com\/de\/wp-json\/wp\/v2\/pages\/15866\/revisions"}],"wp:attachment":[{"href":"https:\/\/www.boattoursamana.com\/de\/wp-json\/wp\/v2\/media?parent=15866"}],"curies":[{"name":"wp","href":"https:\/\/api.w.org\/{rel}","templated":true}]}}