{"id":15878,"date":"2023-07-15T07:45:29","date_gmt":"2023-07-15T07:45:29","guid":{"rendered":"https:\/\/www.ticketswhales.com\/los-haitises-all-in-one-kayaking-hiking-boating-caving-swimming-natural-pool-lunch-from-las-terrenas\/"},"modified":"2023-07-15T07:45:29","modified_gmt":"2023-07-15T07:45:29","slug":"los-haitises-all-in-one-kayaking-hiking-boating-caving-swimming-natural-pool-lunch-from-las-terrenas","status":"publish","type":"page","link":"https:\/\/www.boattoursamana.com\/de\/los-haitises-all-in-one-kajakfahren-wandern-bootfahren-hohlenforschung-schwimmen-naturpool-mittagessen-in-las-terrenas","title":{"rendered":"Los Haitises All In One (Kajakfahren, Wandern, Bootfahren, H\u00f6hlenforschung, nat\u00fcrliches Schwimmbecken und Mittagessen) von Las Terrenas"},"content":{"rendered":"<p><span style=\"font-weight: 400;\">Entfliehen Sie der Stadt und tauchen Sie zwischen der historischen und Fischerstadt Sanchez und der Hauptstadt von Los Haitises, Sabana de la Mar, ein. Sanchez ist bekannt als Zentrum des Exports und daf\u00fcr, dass Ende 1800 ein Zug aus der Provinz La Vega gebaut wurde Kommen Sie mit uns und genie\u00dfen Sie das frische Wasser an einem der unerforschten Str\u00e4nde des Nationalparks Los Haitises, wo sich die Bucht von San Lorenzo befindet. Der Ort ist mit dem Boot erreichbar, umgeben von Regen- und Mangrovenw\u00e4ldern. W\u00e4hrend Sie von Sanchez nach Los Haitises navigieren, kommen Sie in Kontakt mit der Natur und der unvergesslichen Landschaft dieses Parks. Diese Tour wird eine Mischung aus Kajakfahren, Bootfahren, dem Besuch einer H\u00f6hle und Schwimmen in einem der wichtigsten Nationalparks des Landes sein, hier befindet sich der Gro\u00dfteil der Biodiversit\u00e4t der Insel und der zweitgr\u00f6\u00dfte Mangrovenwald mit mehr als 98 km2.\u00a0<\/span><br \/>\nn<br \/>\nn&nbsp;<br \/>\nn<br \/>\nn<strong><span style=\"vertical-align: inherit;\"><span style=\"vertical-align: inherit;\">W\u00e4hle ein Datum f\u00fcr dieses Abenteuer:<\/span><\/span><\/strong><\/p>\n<p>&nbsp;<\/p>\n<div class=\"vc_row wpb_row vc_row-fluid\" ><div class=\"wpb_column vc_column_container vc_col-sm-12\"><div class=\"vc_column-inner\"><div class=\"wpb_wrapper\">\n\t<div class=\"wpb_text_column wpb_content_element\" >\n\t\t<div class=\"wpb_wrapper\">\n\t\t\t<p>\nn<\/p>\n<h2>Los Haitises All In One (Kajakfahren, Wandern, Bootfahren, H\u00f6hlenforschung, nat\u00fcrliches Schwimmbecken und Mittagessen) von Las Terrenas<\/h2>\n<p>n<\/p>\n<h4><b><i>\u00dcberblick <\/i><\/b><\/h4>\n<p>n<span style=\"font-weight: 400;\">Los Haitises All In One ist eine Flucht aus der Stadt, um zwischen der historischen und Fischerstadt Sanchez und der Hauptstadt von Los Haitises Sabana de la Mar einzutauchen. Sanchez ist bekannt als Exportzentrum und daf\u00fcr, dass ein Zug hierher kam Die Provinz La Vega wurde Ende 1800 erbaut. Kommen Sie mit uns und genie\u00dfen Sie das frische Wasser an einem der unerforschten Str\u00e4nde des Nationalparks Los Haitises, wo sich die Bucht von San Lorenzo befindet. <\/span><br \/>\nn<br \/>\nn<span style=\"font-weight: 400;\">Der Ort ist mit dem Boot erreichbar, umgeben von Regen- und Mangrovenw\u00e4ldern. W\u00e4hrend Sie von Sanchez nach Los Haitises navigieren, kommen Sie in Kontakt mit der Natur und der unvergesslichen Landschaft dieses Parks. Diese Tour wird eine Mischung aus Kajakfahren, Bootfahren, dem Besuch einer H\u00f6hle und Schwimmen in einem der wichtigsten Nationalparks des Landes sein, hier befindet sich der Gro\u00dfteil der Biodiversit\u00e4t der Insel und der zweitgr\u00f6\u00dfte Mangrovenwald mit mehr als 98 km2.\u00a0<\/span><br \/>\nn<br \/>\nn<span style=\"font-weight: 400;\">Unser lokales und fachkundiges Personal wird daf\u00fcr sorgen, dass Sie die Kultur der Taino, ihre Geschichte in Los Haitises und ihre Verbindung zur Natur wirklich kennenlernen. Diese Tour findet im \u00d6kotourismus-Modus statt, bei dem die Community eine sehr wichtige Rolle spielt, sie sind Guides, Capitan-Boote und Fahrer.<\/span><br \/>\nn<br \/>\nn<span style=\"font-weight: 400;\">Die Priorit\u00e4t von Booking Adventure ist es, sicherzustellen, dass Sie vom Moment des Ticketkaufs bis zum Ende Ihrer Reise das Beste vom Besten erhalten. Unsere Touren konzentrieren sich auf Umwelterziehung, Abenteuer und lokale Geschichte, und w\u00e4hrend dieser Reise werden Sie ein bisschen von allem sehen.\u00a0<\/span><br \/>\nn<\/p>\n<h3><span style=\"font-weight: 400;\">Einschl\u00fcsse &amp; Ausschl\u00fcsse<\/span><\/h3>\n<p>n<\/p>\n<h6><strong>Einschl\u00fcsse<\/strong><\/h6>\n<p>n<\/p>\n<ul>\nn \t<\/p>\n<li><span style=\"font-weight: 400;\">Schnellboot und Kapit\u00e4n\u00a0<\/span><\/li>\n<p>n \t<\/p>\n<li><span style=\"font-weight: 400;\">Kajakfahren\u00a0<\/span><\/li>\n<p>n \t<\/p>\n<li>Wanderweg<\/li>\n<p>n \t<\/p>\n<li><span style=\"font-weight: 400;\">Snacks (Wasser, Obst, Soda)<\/span><\/li>\n<p>n \t<\/p>\n<li>Lokales Mittagessen<\/li>\n<p>n \t<\/p>\n<li><span style=\"font-weight: 400;\">Alle Steuern, Geb\u00fchren und Bearbeitungsgeb\u00fchren<\/span><\/li>\n<p>n \t<\/p>\n<li><span style=\"font-weight: 400;\">Beamte \u00d6kologe Reiseleiter Englisch\/Spanisch<\/span><\/li>\n<p>n \t<\/p>\n<li><span style=\"font-weight: 400;\">Schwimmen in nat\u00fcrlichen Pools oder unerforschten Str\u00e4nden\u00a0<\/span><\/li>\n<p>n \t<\/p>\n<li><span style=\"font-weight: 400;\">H\u00f6hlenforschung<\/span><\/li>\n<p>n \t<\/p>\n<li>Hotelabholung<\/li>\n<p>n<\/ul>\n<p>n<\/p>\n<h6><strong>Ausschl\u00fcsse<\/strong><\/h6>\n<p>n<\/p>\n<ul>\nn \t<\/p>\n<li><span style=\"font-weight: 400;\">Trinkgelder<\/span><\/li>\n<p>n \t<\/p>\n<li><span style=\"font-weight: 400;\">Getr\u00e4nk<\/span><\/li>\n<p>n<\/ul>\n<p>n<\/p>\n<h6><strong>Abreise &amp; R\u00fcckkehr<\/strong><\/h6>\n<p>n<span style=\"font-weight: 400;\">Die von \u201eBooking Adventures\u201c organisierte Tour beginnt am Treffpunkt, der mit dem Reiseleiter oder Mitarbeiter vereinbart wurde. Der Reisende erh\u00e4lt nach dem Reservierungsprozess einen Treffpunkt. Touren beginnen und enden an unseren Treffpunkten.<\/span><br \/>\nn<\/p>\n<h2>Los Haitises All In One (Kajakfahren, Wandern, Bootfahren, H\u00f6hlenforschung, nat\u00fcrliches Schwimmbecken und Mittagessen) von Las Terrenas<\/h2>\n<p>n<span style=\"font-weight: 400;\">Was zu erwarten ist?<\/span><br \/>\nn<br \/>\nn<span style=\"font-weight: 400;\">Holen Sie sich Ihr Ticket f\u00fcr die Eco-Adventure Tour Los Haitises National Park All In One\u00a0<\/span><br \/>\nn<br \/>\nn<span style=\"font-weight: 400;\">Dieser Ausflug beginnt an einem Treffpunkt, den Sie mit unseren Reiseb\u00fcros oder Ihrem Reiseleiter best\u00e4tigen m\u00fcssen, bevor Sie zu einem beliebigen Ort fahren. Sobald Sie Ihren Reiseleiter getroffen haben, erhalten Sie eine Nachbesprechung der Tour und alles, was mit Ihrem Tag zu tun hat.<\/span><br \/>\nn<br \/>\nn<span style=\"font-weight: 400;\">Wenn alle bereit sind, begeben wir uns zum ersten Ort, dem Los Haitises Trail, wo Sie eine 30-min\u00fctige Wanderung unternehmen werden. W\u00e4hrend der Wanderung sehen wir verschiedene Arten endemischer Pflanzen und V\u00f6gel.\u00a0<\/span><br \/>\nn<br \/>\nn<span style=\"font-weight: 400;\">Nach dem Wandern kehren wir zum Boot zur\u00fcck und fahren nach Playita Las Almejas, wo sich nat\u00fcrliche Pools befinden, w\u00e4hrend wir durch den Mangrovenwald und den Mantel der San Lorenzo Bay navigieren, werden wir Ihnen Geschichten \u00fcber Los Haitises, Geologie und die Mangrovenarten erz\u00e4hlen in der N\u00e4he von San Lorenzo Bay.\u00a0<\/span><br \/>\nn<br \/>\nn<span style=\"font-weight: 400;\">Wenn wir in Las Almejas ankommen, sollten Sie Ihren Badeanzug bereit machen, um mit Ihrem Reiseleiter in Ihr Kajak zu steigen und zur H\u00f6hle der Linie zu paddeln. Der Rest des Personals wird auf Sie warten, bis Sie den ersten Teil der Aktivit\u00e4t beendet haben.<\/span><br \/>\nn<br \/>\nn<span style=\"font-weight: 400;\">W\u00e4hrend dieses Teils Ihrer Reise k\u00f6nnen Sie den alten Hafen von Las Perlas umrunden, der eines der ersten Bauwerke ist, das von Europ\u00e4ern in der Gegend um 1876 gebaut wurde, und das mit einer Zuglinie verbunden war, die den Transport f\u00fcr die Kaffee, Bananen und alles, was diese Gruppe von Europ\u00e4ern im heutigen Los Haitises anbaute.\u00a0<\/span><br \/>\nn<br \/>\nn<span style=\"font-weight: 400;\">In der H\u00f6hle, die Sie besuchen werden, gibt es mehr als 1200 von den Tainos gemalte Piktogramme, dies war eine M\u00f6glichkeit, sich auszudr\u00fccken, und heute erz\u00e4hlt uns diese Kunst Geschichten, von denen wir nie gedacht h\u00e4tten, dass wir sie heutzutage finden w\u00fcrden. Wenn Sie hier fertig sind, fahren wir zur\u00fcck nach Playa de las Almejas f\u00fcr Snacks und Badezeit.\u00a0<\/span><br \/>\nn<br \/>\nn<span style=\"font-weight: 400;\">Auf dem R\u00fcckweg von diesem Gebiet zeigen wir Ihnen einige Mangrovenarten und sprechen \u00fcber die Bedeutung des Mangrovenwaldes f\u00fcr die \u00d6kologie als \u00d6kosystem.<\/span><br \/>\nn<br \/>\nn<span style=\"font-weight: 400;\">Wenn wir mit dem Kajakfahren und Schwimmen fertig sind, machen wir eine Pause, um ein lokales Mittagessen zu genie\u00dfen, die lokale K\u00fcche zu genie\u00dfen und den besten wei\u00dfen Reis und die besten roten Bohnen der Karibikinsel zu probieren.\u00a0<\/span><br \/>\nn<br \/>\nn<span style=\"font-weight: 400;\">Nach dem Mittagessen und Schwimmen im Nationalpark Los Haitises fahren wir zur\u00fcck nach Sanchez. Auf dem R\u00fcckweg genie\u00dfen Sie eine 30-min\u00fctige Fahrt zur Halbinsel Samana. Dieser Ausflug endet am selben Ort, an dem er begonnen hat.<\/span><br \/>\nn<br \/>\nn<span style=\"font-weight: 400;\">Hinweis: Diese Touren werden von Officials Ecologist-Reiseleitern durchgef\u00fchrt. Bitte buchen Sie rechtzeitig, da es im Park nicht allzu viele Spezialisten gibt.<\/span><br \/>\nn<\/p>\n<h6><strong>Was sollten Sie mitbringen?<\/strong><\/h6>\n<p>n<\/p>\n<ul>\nn \t<\/p>\n<li style=\"font-weight: 400;\" aria-level=\"1\"><span style=\"font-weight: 400;\">Kamera<\/span><\/li>\n<p>n \t<\/p>\n<li style=\"font-weight: 400;\" aria-level=\"1\"><span style=\"font-weight: 400;\">Insektenspray\u00a0<\/span><\/li>\n<p>n \t<\/p>\n<li style=\"font-weight: 400;\" aria-level=\"1\"><span style=\"font-weight: 400;\">Sonnencreme<\/span><\/li>\n<p>n \t<\/p>\n<li style=\"font-weight: 400;\" aria-level=\"1\"><span style=\"font-weight: 400;\">Bequeme Hose<\/span><\/li>\n<p>n \t<\/p>\n<li style=\"font-weight: 400;\" aria-level=\"1\"><span style=\"font-weight: 400;\">Wanderschuhe<\/span><\/li>\n<p>n \t<\/p>\n<li style=\"font-weight: 400;\" aria-level=\"1\"><span style=\"font-weight: 400;\">Regenjacke\u00a0<\/span><\/li>\n<p>n \t<\/p>\n<li style=\"font-weight: 400;\" aria-level=\"1\"><span style=\"font-weight: 400;\">Badeanzug\u00a0<\/span><\/li>\n<p>n \t<\/p>\n<li style=\"font-weight: 400;\" aria-level=\"1\"><span style=\"font-weight: 400;\">Handtuch<\/span><\/li>\n<p>n \t<\/p>\n<li style=\"font-weight: 400;\" aria-level=\"1\"><span style=\"font-weight: 400;\">Packsack\u00a0\u00a0<\/span><\/li>\n<p>n<\/ul>\n<p>n<\/p>\n<h4><b><i>Hotelabholung <\/i><\/b><\/h4>\n<p>n<span style=\"font-weight: 400;\">F\u00fcr diese Tour wird eine Hotelabholung angeboten. Sie befinden sich gerade in Santa Barbara de Samana, Las Terrenas, Las Galeras und Sanchez\u00a0<\/span><br \/>\nn<br \/>\nn<b>Notiz:<\/b><span style=\"font-weight: 400;\"> Wenn Sie innerhalb von 24 Stunden vor der Abfahrtszeit der Tour\/des Ausflugs buchen, k\u00f6nnen wir die Abholung vom Hotel gegen Aufpreis von jedem Ort in der Dominikanischen Republik arrangieren. Sobald Ihr Kauf abgeschlossen ist, senden wir Ihnen die vollst\u00e4ndigen Kontaktinformationen (Telefonnummer, E-Mail-Adresse usw.) f\u00fcr unseren \u00f6rtlichen Reiseleiter, um die Abholung zu organisieren.<\/span><br \/>\nn<\/p>\n<h4><b><i>Zus\u00e4tzliche Info-Best\u00e4tigung <\/i><\/b><\/h4>\n<p>n<\/p>\n<ol>\nn \t<\/p>\n<li>Tickets sind die Quittung, nachdem Sie f\u00fcr diese Tour bezahlt haben. Sie k\u00f6nnen die Zahlung auf Ihrem Telefon anzeigen.<\/li>\n<p>n \t<\/p>\n<li style=\"font-weight: 400;\"><span style=\"font-weight: 400;\">Treffpunkt Wird nach dem Reservierungsprozess bekannt gegeben.<\/span><\/li>\n<p>n \t<\/p>\n<li style=\"font-weight: 400;\"><span style=\"font-weight: 400;\">Kinder m\u00fcssen von einem Erwachsenen begleitet werden.<\/span><\/li>\n<p>n \t<\/p>\n<li style=\"font-weight: 400;\"><span style=\"font-weight: 400;\"> Nicht rollstuhlgerecht <\/span><\/li>\n<p>n \t<\/p>\n<li style=\"font-weight: 400;\"><span style=\"font-weight: 400;\">Kleinkinder m\u00fcssen auf dem Scho\u00df sitzen <\/span><\/li>\n<p>n \t<\/p>\n<li style=\"font-weight: 400;\"><span style=\"font-weight: 400;\">F\u00fcr Reisende mit R\u00fcckenproblemen nicht zu empfehlen<\/span><\/li>\n<p>n \t<\/p>\n<li style=\"font-weight: 400;\"><span style=\"font-weight: 400;\">Nicht f\u00fcr schwangere Reisende empfohlen <\/span><\/li>\n<p>n \t<\/p>\n<li style=\"font-weight: 400;\"><span style=\"font-weight: 400;\"> Keine Herzprobleme oder andere ernsthafte Erkrankungen <\/span><\/li>\n<p>n \t<\/p>\n<li style=\"font-weight: 400;\"><span style=\"font-weight: 400;\">Die meisten Reisenden k\u00f6nnen teilnehmen<\/span><\/li>\n<p>n<\/ol>\n<p>n<\/p>\n<h4><b><i>Stornierungsbedingungen<\/i><\/b><\/h4>\n<p>n<span style=\"font-weight: 400;\">F\u00fcr eine vollst\u00e4ndige R\u00fcckerstattung lesen Sie bitte unsere Stornierungsbedingungen\u00a0<a href=\"https:\/\/www.boattoursamana.com\/de\/online-buchung\/\" target=\"_blank\" rel=\"noopener\" data-saferedirecturl=\"https:\/\/www.google.com\/url?q=https:\/\/www.boattoursamana.com\/online-booking\/&amp;source=gmail&amp;ust=1672449202351000&amp;usg=AOvVaw1yAeVAPktmaVCqDujgUn90\">Klicke hier<\/a>. Das Geld geht verloren, wenn die Reservierung am selben Tag der Reise storniert wird.<\/span><\/p>\n\n\t\t<\/div>\n\t<\/div>\n<div class=\"mkdf-section-title-holder\" style=\"text-align: left\">\n\t<div class=\"mkdf-st-inner\">\n\t\t\t\t\t<h5 class=\"mkdf-st-subtitle\" >\n\t\t\t\t( Alles in einem )\t\t\t<\/h5>\n\t\t\t\t\t\t\t<h3 class=\"mkdf-st-title\" >\n\t\t\t\tHaitises All In One (Kajakfahren, Wandern, Bootfahren, H\u00f6hlenforschung, nat\u00fcrliches Schwimmbecken und Mittagessen) von Las Terrenas\t\t\t<\/h3>\n\t\t\t\t\t\t\t<p class=\"mkdf-st-text\" >\n\t\t\t\tDieses Erlebnis erfordert mindestens 4 Teilnehmer. Wenn Sie nicht 4 Jahre alt sind, k\u00f6nnen Sie sich gerne an uns wenden!\t\t\t<\/p>\n\t\t\t<\/div>\n<\/div><\/div><\/div><\/div><\/div><div class=\"vc_row wpb_row vc_row-fluid\" ><div class=\"wpb_column vc_column_container vc_col-sm-12\"><div class=\"vc_column-inner\"><div class=\"wpb_wrapper\"><\/div><\/div><\/div><\/div><div class=\"vc_row wpb_row vc_row-fluid\" ><\/div><div class=\"wpb_column vc_column_container vc_col-sm-12\"><div class=\"vc_column-inner\"><div class=\"wpb_wrapper\"><\/div><\/div><\/div><div class=\"vc_empty_space\"   style=\"height: 32px\"><span class=\"vc_empty_space_inner\"><\/span><\/div><div class=\"vc_empty_space\"   style=\"height: 32px\"><span class=\"vc_empty_space_inner\"><\/span><\/div>","protected":false},"excerpt":{"rendered":"<p>Escape the city to immerse yourself between the historical and fishing town of Sanchez and the capital of Los HaitisesSabana de la Mar. Sanchez is known as a center of exportation and for having a train that was coming from La vega province built a the end of 1800. Come with us and enjoy the fresh waters of one of the unexplored beaches of Los Haitises National Park, where San Lorenzo Bay is located. The place is accessible by boat, [&hellip;]<\/p>\n","protected":false},"author":2,"featured_media":0,"parent":0,"menu_order":0,"comment_status":"open","ping_status":"closed","template":"","meta":{"footnotes":""},"class_list":["post-15878","page","type-page","status-publish","hentry"],"_links":{"self":[{"href":"https:\/\/www.boattoursamana.com\/de\/wp-json\/wp\/v2\/pages\/15878","targetHints":{"allow":["GET"]}}],"collection":[{"href":"https:\/\/www.boattoursamana.com\/de\/wp-json\/wp\/v2\/pages"}],"about":[{"href":"https:\/\/www.boattoursamana.com\/de\/wp-json\/wp\/v2\/types\/page"}],"author":[{"embeddable":true,"href":"https:\/\/www.boattoursamana.com\/de\/wp-json\/wp\/v2\/users\/2"}],"replies":[{"embeddable":true,"href":"https:\/\/www.boattoursamana.com\/de\/wp-json\/wp\/v2\/comments?post=15878"}],"version-history":[{"count":0,"href":"https:\/\/www.boattoursamana.com\/de\/wp-json\/wp\/v2\/pages\/15878\/revisions"}],"wp:attachment":[{"href":"https:\/\/www.boattoursamana.com\/de\/wp-json\/wp\/v2\/media?parent=15878"}],"curies":[{"name":"wp","href":"https:\/\/api.w.org\/{rel}","templated":true}]}}