{"id":11458,"date":"2014-08-03T18:52:12","date_gmt":"2014-08-03T18:52:12","guid":{"rendered":"https:\/\/www.ticketswhales.com\/?post_type=product&#038;p=11458"},"modified":"2023-03-28T22:35:23","modified_gmt":"2023-03-28T22:35:23","slug":"punta-cana-buggy-tour-pick-up-from-punta-cana-hotels","status":"publish","type":"product","link":"https:\/\/www.boattoursamana.com\/de\/tour\/punta-cana-buggy-tour-abholung-von-den-hotels-in-punta-cana-2","title":{"rendered":"Punta Cana Buggy Tour \u2013 Abholung von Hotels in Punta Cana"},"content":{"rendered":"<div class=\"vc_row wpb_row vc_row-fluid\" ><div class=\"wpb_column vc_column_container vc_col-sm-12\"><div class=\"vc_column-inner\"><div class=\"wpb_wrapper\"><div class=\"mkdf-section-title-holder\" style=\"text-align: left\">\n\t<div class=\"mkdf-st-inner\">\n\t\t\t\t\t<h5 class=\"mkdf-st-subtitle\" >\n\t\t\t\tVon Punta Cana Hotels\t\t\t<\/h5>\n\t\t\t\t\t\t\t<h3 class=\"mkdf-st-title\" >\n\t\t\t\tPunta Cana Buggys - Buggy\t\t\t<\/h3>\n\t\t\t\t\t\t\t<p class=\"mkdf-st-text\" >\n\t\t\t\tHinweis: Diese Tour beginnt um 7:00 Uhr. Je nachdem, wo sich die Abholhotels befinden, kann sich die Zeit \u00e4ndern. Zus\u00e4tzliche Kosten f\u00fcr die Abholung in Gebieten, die nicht in unserer Beschreibung aufgef\u00fchrt sind.\t\t\t<\/p>\n\t\t\t<\/div>\n<\/div><\/div><\/div><\/div><\/div><div class=\"vc_row wpb_row vc_row-fluid\" ><div class=\"wpb_column vc_column_container vc_col-sm-12\"><div class=\"vc_column-inner\"><div class=\"wpb_wrapper\"><div class=\"vc_empty_space\"   style=\"height: 32px\"><span class=\"vc_empty_space_inner\"><\/span><\/div><div class=\"vc_btn3-container vc_btn3-inline\" ><button class=\"vc_general vc_btn3 vc_btn3-size-md vc_btn3-shape-rounded vc_btn3-style-modern vc_btn3-color-green\">BUCHEN SIE JETZT<\/button><\/div><\/div><\/div><\/div><\/div><div class=\"vc_row wpb_row vc_row-fluid\" ><div class=\"wpb_column vc_column_container vc_col-sm-12\"><div class=\"vc_column-inner\"><div class=\"wpb_wrapper\">\n\t<div class=\"wpb_text_column wpb_content_element\" >\n\t\t<div class=\"wpb_wrapper\">\n\t\t\t<h4><b><i>\u00dcberblick <\/i><\/b><\/h4>\n<div>\n<p>Erkunden Sie die paradiesischen Landschaften von Punta Cana an Bord Ihres eigenen Buggys! Du wirst <strong>Entdecken Sie das Dorf Macao und seine idyllischen Str\u00e4nde<\/strong>, sowie ein Bad in einer einheimischen Cenote nehmen.<\/p>\n<\/div>\n<ul class=\"vcs-highlights\">\n<li>Auswahl aus mehreren Abfahrten im Laufe des Tages<\/li>\n<li>Genie\u00dfen Sie fantastische Ausblicke<\/li>\n<li>Familienfreundlich<\/li>\n<li>Abholung von einem zentral gelegenen Treffpunkt<\/li>\n<li>Romantische Erfahrung, perfekt f\u00fcr Paare<\/li>\n<\/ul>\n<p>&nbsp;<\/p>\n<h4><b>Einschl\u00fcsse &amp; Ausschl\u00fcsse<\/b><\/h4>\n<p>&nbsp;<\/p>\n<p><b>Einschl\u00fcsse<\/b><\/p>\n<p>&nbsp;<\/p>\n<ol>\n<li>Buggy-Tour<\/li>\n<li>Busabholung von Ihrem Hotel<\/li>\n<li style=\"font-weight: 400;\"><span style=\"font-weight: 400;\">Alle Steuern, Geb\u00fchren und Bearbeitungsgeb\u00fchren<\/span><\/li>\n<li style=\"font-weight: 400;\"><span style=\"font-weight: 400;\">Lokale Steuern<\/span><\/li>\n<li style=\"font-weight: 400;\"><span style=\"font-weight: 400;\">Getr\u00e4nke<\/span><\/li>\n<\/ol>\n<p><b> Ausschl\u00fcsse<\/b><\/p>\n<ol>\n<li style=\"font-weight: 400;\"><span style=\"font-weight: 400;\">Trinkgelder<\/span><\/li>\n<li>Mittagessen<\/li>\n<\/ol>\n<p>&nbsp;<\/p>\n<h4><em><strong>Abreise &amp; R\u00fcckkehr<\/strong><\/em><\/h4>\n<p><span style=\"font-weight: 400;\">Der Reisende erh\u00e4lt nach dem Reservierungsprozess einen Treffpunkt. Die Touren beginnen und enden an unseren Treffpunkten.<\/span><\/p>\n<p>&nbsp;<\/p>\n<h4><b><i>Was zu erwarten ist?<\/i><\/b><\/h4>\n<p>Nachdem wir Sie von Ihrem Hotel abgeholt haben, machen wir uns auf den Weg ins Innere von Punta Cana. Umgeben von <strong>Kaffee- und Kakaoplantagen<\/strong>, dein\u00a0<strong>lokale F\u00fchrer<\/strong>\u00a0erkl\u00e4rt Ihnen die Tour und alles, was Sie wissen m\u00fcssen, um Ihren Buggy zu fahren.<\/p>\n<p>Dann drehen wir den Schl\u00fcssel im Z\u00fcndschloss um und beginnen die Aufregung, indem wir hin\u00fcberfahren\u00a0<strong>H\u00fcgel, durch Kaffeeplantagen und entlang von Feldwegen und Flussbetten<\/strong>.<\/p>\n<p>Unser erster Halt wird am Strand von Macao sein. Weit weg von den gro\u00dfen Hotels und Touristengebieten\u00a0<strong>Naturparadies<\/strong>\u00a0und sein kristallklares Wasser ist der perfekte Ort f\u00fcr ein Bad, und hier haben Sie Zeit zur freien Verf\u00fcgung\u00a0<strong>Schwimmen Sie im atemberaubenden karibischen Meer<\/strong>.<\/p>\n<p>Dann steigen wir wieder in unseren Buggy und machen uns auf den Weg zu den sogenannten \u201eIndigenous Springs\u201c, wo wir eine der idyllischsten entdecken<strong>\u00a0Cenoten<\/strong>\u00a0in Punta Cana. Hier haben Sie eine halbe Stunde Zeit, um diesen unterirdischen Pool zu erkunden und in seinem t\u00fcrkisfarbenen Wasser zu schwimmen.<\/p>\n<p>Abschlie\u00dfend lassen wir die Buggys zur\u00fcck und begleiten Sie zur\u00fcck zu Ihrer Unterkunft, um einen unvergesslichen Tag ausklingen zu lassen.<\/p>\n<p><strong>Zeitplan:<\/strong><\/p>\n<p>7:00 \u2013 19:00 Uhr\u2026 Zeit\u00e4nderung je nachdem, wo Sie sich in Punta Cana befinden.<\/p>\n<h4>Solo oder Teilen?<\/h4>\n<p>Bei Ihrer Reservierung k\u00f6nnen Sie w\u00e4hlen, ob Sie lieber alleine mit dem Buggy fahren oder sich ein Fahrzeug mit einem oder drei anderen teilen m\u00f6chten. Der angegebene Preis gilt pro Person.<\/p>\n<p>&nbsp;<\/p>\n<h4><em><strong>Was sollten Sie mitbringen?<\/strong><\/em><\/h4>\n<ul>\n<li style=\"font-weight: 400;\"><span style=\"font-weight: 400;\">Kamera<\/span><\/li>\n<li style=\"font-weight: 400;\"><span style=\"font-weight: 400;\">Absto\u00dfende Knospen<\/span><\/li>\n<li style=\"font-weight: 400;\"><span style=\"font-weight: 400;\">Sonnencreme<\/span><\/li>\n<li style=\"font-weight: 400;\"><span style=\"font-weight: 400;\">Hut<\/span><\/li>\n<li style=\"font-weight: 400;\"><span style=\"font-weight: 400;\">Bequeme Hose<\/span><\/li>\n<li style=\"font-weight: 400;\"><span style=\"font-weight: 400;\">Wanderschuhe f\u00fcr den Wald<\/span><\/li>\n<li style=\"font-weight: 400;\"><span style=\"font-weight: 400;\">Sandalen zum Strand<\/span><\/li>\n<li style=\"font-weight: 400;\"><span style=\"font-weight: 400;\">Schwimmkleidung<\/span><\/li>\n<li>Bargeld f\u00fcr Souvenirs<\/li>\n<\/ul>\n<p>&nbsp;<\/p>\n<h4><b><i>Hotelabholung <\/i><\/b><\/h4>\n<p><span style=\"font-weight: 400;\">Reisende Abholung wird angeboten!<\/span><\/p>\n<p><span style=\"font-weight: 400;\">Wir holen von allen Hotels in Punta Cana ab. Abholort ist die Hotellobby<br \/>\nWenn Sie in einer Eigentumswohnung in der Gegend wohnen, holen wir Sie in der Eigentumswohnung oder am Eingang des n\u00e4chstgelegenen Resorts ab. Wir arrangieren die Abholung, indem Sie uns per WhatsApp kontaktieren.<\/span><\/p>\n<p><b>Notiz:<\/b><span style=\"font-weight: 400;\"> Wenn Sie innerhalb von 24 Stunden vor der Abfahrtszeit der Tour\/des Ausflugs buchen, k\u00f6nnen wir die Abholung vom Hotel arrangieren. Sobald Ihr Kauf abgeschlossen ist, senden wir Ihnen die vollst\u00e4ndigen Kontaktinformationen (Telefonnummer, E-Mail-Adresse usw.) f\u00fcr unseren \u00f6rtlichen Reiseleiter, um die Abholung zu organisieren.<\/span><\/p>\n<h4><b><i>Zus\u00e4tzliche Info-Best\u00e4tigung <\/i><\/b><\/h4>\n<ol>\n<li>Tickets sind die Quittung nach Bezahlung dieser Tour. Sie k\u00f6nnen die Zahlung auf Ihrem Telefon anzeigen.<\/li>\n<li style=\"font-weight: 400;\"><span style=\"font-weight: 400;\">Treffpunkt Wird nach dem Reservierungsprozess bekannt gegeben.<\/span><\/li>\n<li style=\"font-weight: 400;\"><strong>Kinder zwischen 5 und 11<\/strong>\u00a0d\u00fcrfen nur teilnehmen, wenn sie in einem 2- oder 4-Personen-Buggy in Begleitung eines Erwachsenen mitfahren, da sie nicht in der Lage sind, die Buggys zu fahren.<\/li>\n<li style=\"font-weight: 400;\"><span style=\"font-weight: 400;\">barrierefrei <\/span><\/li>\n<li style=\"font-weight: 400;\"><span style=\"font-weight: 400;\">Kleinkinder m\u00fcssen auf dem Scho\u00df sitzen <\/span><\/li>\n<li style=\"font-weight: 400;\"><span style=\"font-weight: 400;\">Die meisten Reisenden k\u00f6nnen teilnehmen<\/span><\/li>\n<li><strong>Schwangere Frau<\/strong>\u00a0d\u00fcrfen an dieser Aktivit\u00e4t nicht teilnehmen.<\/li>\n<\/ol>\n<h4><b><i>Stornierungsbedingungen<\/i><\/b><\/h4>\n<p><span style=\"font-weight: 400;\">F\u00fcr eine vollst\u00e4ndige R\u00fcckerstattung lesen Sie bitte unsere Stornierungsbedingungen\u00a0<a href=\"https:\/\/www.boattoursamana.com\/de\/online-buchung\/\" target=\"_blank\" rel=\"noopener\" data-saferedirecturl=\"https:\/\/www.google.com\/url?q=https:\/\/www.boattoursamana.com\/online-booking\/&amp;source=gmail&amp;ust=1672449202351000&amp;usg=AOvVaw1yAeVAPktmaVCqDujgUn90\">Klicke hier<\/a>. Das Geld geht verloren, wenn die Reservierung am selben Tag der Reise storniert wird.<\/span><\/p>\n\n\t\t<\/div>\n\t<\/div>\n<\/div><\/div><\/div><\/div><div class=\"vc_row wpb_row vc_row-fluid\" ><div class=\"wpb_column vc_column_container vc_col-sm-12\"><div class=\"vc_column-inner\"><div class=\"wpb_wrapper\">\n\t<div class=\"wpb_text_column wpb_content_element\" >\n\t\t<div class=\"wpb_wrapper\">\n\t\t\t<h4>Kontaktiere uns?<\/h4>\n<h5><em><strong>Abenteuer buchen<\/strong><\/em><\/h5>\n<p><em><strong>Einheimische<\/strong> und <strong>Staatsangeh\u00f6rige<\/strong> Reiseleiter &amp; G\u00e4steservice<\/em><\/p>\n<p><span class=\"text-turquoise\">Reservierungen:<\/span> F\u00fchrungen &amp; Ausfl\u00fcge im Dom. Rep.<\/p>\n\n\t\t<\/div>\n\t<\/div>\n<\/div><\/div><\/div><\/div><div class=\"vc_row wpb_row vc_row-fluid\" ><div class=\"wpb_column vc_column_container vc_col-sm-12\"><div class=\"vc_column-inner\"><div class=\"wpb_wrapper\"><div class=\"vc_empty_space\"   style=\"height: 32px\"><span class=\"vc_empty_space_inner\"><\/span><\/div>\n\t<div class=\"wpb_text_column wpb_content_element\" >\n\t\t<div class=\"wpb_wrapper\">\n\t\t\t<h4>Kontaktiere uns?<\/h4>\n<h5>Abenteuer buchen<\/h5>\n<p><em><strong>Einheimische<\/strong>\u00a0und\u00a0<strong>Staatsangeh\u00f6rige<\/strong>\u00a0Reiseleiter &amp; G\u00e4steservice<\/em><\/p>\n<p><span class=\"text-turquoise\">Reservierungen:<\/span>\u00a0F\u00fchrungen &amp; Ausfl\u00fcge im Dom. Rep.<\/p>\n<p><img decoding=\"async\" class=\"emoji\" draggable=\"false\" src=\"https:\/\/s.w.org\/images\/core\/emoji\/11.2.0\/svg\/1f4de.svg\" alt=\"\ud83d\udcde\" title=\"\">\u00a0Tel.\/Whatsapp\u00a0\u00a0<a href=\"tel:+1-809-720-6035\">+1-809-720-6035<\/a>.<\/p>\n<p><img decoding=\"async\" class=\"emoji\" draggable=\"false\" src=\"https:\/\/s.w.org\/images\/core\/emoji\/11.2.0\/svg\/1f4e9.svg\" alt=\"\ud83d\udce9\" title=\"\">\u00a0<a href=\"mailto:info@bookingadventures.com.do\">info@bookingadventures.com.do<\/a><\/p>\n<p><strong>Wir sind flexibel und bieten private Touren per WhatsApp an:\u00a0<a href=\"tel:+18097206035\">+18097206035.<\/a><\/strong><\/p>\n\n\t\t<\/div>\n\t<\/div>\n<div class=\"vc_empty_space\"   style=\"height: 32px\"><span class=\"vc_empty_space_inner\"><\/span><\/div><\/div><\/div><\/div><\/div><div class=\"vc_row wpb_row vc_row-fluid\" ><div class=\"wpb_column vc_column_container vc_col-sm-12\"><div class=\"vc_column-inner\"><div class=\"wpb_wrapper\"><div class=\"vc_btn3-container vc_btn3-inline\" ><button class=\"vc_general vc_btn3 vc_btn3-size-md vc_btn3-shape-rounded vc_btn3-style-modern vc_btn3-color-green\">BUCHEN SIE JETZT<\/button><\/div><\/div><\/div><\/div><\/div>","protected":false},"excerpt":{"rendered":"<p>Nachdem wir Sie von Ihrem Hotel abgeholt haben, machen wir uns auf den Weg ins Innere von Punta Cana. Umgeben von\u00a0<strong>Kaffee- und Kakaoplantagen<\/strong>, dein\u00a0<strong>lokale F\u00fchrer<\/strong>\u00a0erkl\u00e4rt Ihnen die Tour und alles, was Sie wissen m\u00fcssen, um Ihren Buggy zu fahren.<\/p>\n<p>Dann drehen wir den Schl\u00fcssel im Z\u00fcndschloss um und beginnen die Aufregung, indem wir hin\u00fcberfahren\u00a0<strong>H\u00fcgel, durch Kaffeeplantagen und entlang von Feldwegen und Flussbetten<\/strong>.<\/p>\n<p>&nbsp;<\/p>\n<p><em><strong>Bitte w\u00e4hlen Sie das Datum f\u00fcr die Tour aus\u00a0<\/strong><\/em><\/p>","protected":false},"featured_media":11468,"template":"","meta":[],"product_cat":[253,948,808,972,969,349,294],"product_tag":[810,811,222,809,471,313],"class_list":["post-11458","product","type-product","status-publish","has-post-thumbnail","hentry","product_cat-tours-and-excursions","product_cat-1-punta-cana","product_cat-punta-cana-buggy-tour","product_cat-punta-cana-group-tours","product_cat-punta-cana-buggies","product_cat-tours-and-excursion-punta-cana","product_cat-tours-excursions-punta-cana-dominican-republic","product_tag-buggies","product_tag-buggies-punta-cana","product_tag-punta-cana","product_tag-punta-cana-buggy-tour-pick-up-from-punta-cana-hotels","product_tag-punta-cana-catamaran-party-with-snorkeling-and-parasailing","product_tag-punta-cana-tours"],"_links":{"self":[{"href":"https:\/\/www.boattoursamana.com\/de\/wp-json\/wp\/v2\/product\/11458","targetHints":{"allow":["GET"]}}],"collection":[{"href":"https:\/\/www.boattoursamana.com\/de\/wp-json\/wp\/v2\/product"}],"about":[{"href":"https:\/\/www.boattoursamana.com\/de\/wp-json\/wp\/v2\/types\/product"}],"wp:featuredmedia":[{"embeddable":true,"href":"https:\/\/www.boattoursamana.com\/de\/wp-json\/wp\/v2\/media\/11468"}],"wp:attachment":[{"href":"https:\/\/www.boattoursamana.com\/de\/wp-json\/wp\/v2\/media?parent=11458"}],"wp:term":[{"taxonomy":"product_cat","embeddable":true,"href":"https:\/\/www.boattoursamana.com\/de\/wp-json\/wp\/v2\/product_cat?post=11458"},{"taxonomy":"product_tag","embeddable":true,"href":"https:\/\/www.boattoursamana.com\/de\/wp-json\/wp\/v2\/product_tag?post=11458"}],"curies":[{"name":"wp","href":"https:\/\/api.w.org\/{rel}","templated":true}]}}