{"id":11525,"date":"2020-09-08T10:03:32","date_gmt":"2020-09-08T10:03:32","guid":{"rendered":"https:\/\/www.ticketswhales.com\/Tours-Excursions\/uncategorized\/import-placeholder-for-302178\/"},"modified":"2023-11-09T13:52:44","modified_gmt":"2023-11-09T13:52:44","slug":"saona-island-private-tour-from-boca-chica-hotels-boca-chica-lobby","status":"publish","type":"product","link":"https:\/\/www.boattoursamana.com\/de\/tour\/saona-insel-private-tour-von-boca-chica-hotels-boca-chica-lobby-2","title":{"rendered":"Saona Island Private Tour von Boca Chica Hotels - Boca Chica Lobby"},"content":{"rendered":"<div class=\"vc_row wpb_row vc_row-fluid\" ><div class=\"wpb_column vc_column_container vc_col-sm-12\"><div class=\"vc_column-inner\"><div class=\"wpb_wrapper\"><div class=\"vc_btn3-container vc_btn3-inline\" ><a class=\"vc_general vc_btn3 vc_btn3-size-md vc_btn3-shape-rounded vc_btn3-style-modern vc_btn3-color-green\" href=\"https:\/\/bookingadventures.tours\/booking.php?tour_id=af94ac080d3382290b700f103567ecab\" title=\"\" rel=\"noopener\">BUCHEN SIE JETZT<\/a><\/div>\n\t<div class=\"wpb_text_column wpb_content_element\" >\n\t\t<div class=\"wpb_wrapper\">\n\t\t\t<h2><b><i>Privatreise zur Insel Saona\u00a0<\/i><\/b><\/h2>\n<h4><b><i>\u00dcberblick<\/i><\/b><\/h4>\n<div>Die Abfahrt in Boote ist vom Hauptpier von <strong>Bayahibe<\/strong> um 9:00 Uhr und R\u00fcckkehr um 17:00 Uhr. Wenn\u00a0<b>(Sie f\u00fcgen einen privaten Transfer von anderen Abfahrten zu dieser Reisezeit hinzu, die sich \u00e4ndern kann)<\/b> <span style=\"font-size: 16px;\">Diese Reise f\u00fchrt Sie zu den besten Str\u00e4nden von <strong>Insel Saona<\/strong> (Isla Saona) Beginnend in der Stadt Bayahibe ist Ihr Mittagessen auf der Insel und Sie halten an den nat\u00fcrlichen Pools der<strong> Nationalpark Cotubanama<\/strong>. Genie\u00dfen Sie die wundersch\u00f6ne S\u00fcdostk\u00fcste der Dominikanischen Republik, wo Sie, nachdem Sie das Boot genommen haben, entlang der K\u00fcste segeln und die verschiedenen Str\u00e4nde, Landschaften, Mangroven und Kalksteinformationen dieses einzigartigen Ortes beobachten.\u00a0<\/span><\/div>\n<div>\n<p><span style=\"font-weight: 400;\">Die Fahrt zur Insel dauert etwa 45 Minuten und w\u00e4hrend der Tour haben Sie die M\u00f6glichkeit, sie zu besichtigen <strong>Mano Juan<\/strong>, der einzigen auf der Insel gegr\u00fcndeten Gemeinde, haben Sie an diesem Ort die M\u00f6glichkeit, zu Mittag zu essen, falls Sie nicht nach Mano Juan kommen. Sie besuchen verschiedene Str\u00e4nde in der Umgebung und das Mittagessen wird am Strand sein, Sie haben auch die M\u00f6glichkeit, auf der Insel zu schnorcheln.<\/span><\/p>\n<p><span style=\"font-weight: 400;\">Wenn Sie Ihre Reise an den verschiedenen Orten auf der Insel beendet haben, kehren Sie zu dem Ort zur\u00fcck, an dem Sie sich mit dem Reiseleiter treffen.<\/span><\/p>\n<ul>\n<li style=\"font-weight: 400;\"><span style=\"font-weight: 400;\">Inklusive Mittagsbuffet am Strand.<\/span><\/li>\n<li style=\"font-weight: 400;\"><span style=\"font-weight: 400;\">Nat\u00fcrlicher Pool<\/span><\/li>\n<li style=\"font-weight: 400;\"><span style=\"font-weight: 400;\">Transfer per Boot oder Katamaran<\/span><\/li>\n<li style=\"font-weight: 400;\"><span style=\"font-weight: 400;\">Der Kapit\u00e4n gibt Anweisungen und Aufsicht<\/span><\/li>\n<\/ul>\n<\/div>\n<p>&nbsp;<\/p>\n<h2><b>Einschl\u00fcsse &amp; Ausschl\u00fcsse<\/b><\/h2>\n<p><b>Einschl\u00fcsse<\/b><\/p>\n<ol>\n<li>Schnellboot- oder Katamaranfahrt (alle abh\u00e4ngig von der Gruppengr\u00f6\u00dfe)<\/li>\n<li style=\"font-weight: 400;\"><span style=\"font-weight: 400;\">Mittagsbuffet am Strand<\/span><\/li>\n<li>Nat\u00fcrlicher Pool<\/li>\n<li style=\"font-weight: 400;\"><span style=\"font-weight: 400;\">Alle Steuern, Geb\u00fchren und Bearbeitungsgeb\u00fchren<\/span><\/li>\n<li style=\"font-weight: 400;\"><span style=\"font-weight: 400;\">Lokale Steuern<\/span><\/li>\n<li style=\"font-weight: 400;\"><span style=\"font-weight: 400;\">Getr\u00e4nke<\/span><\/li>\n<\/ol>\n<p><b> Ausschl\u00fcsse<\/b><\/p>\n<ol>\n<li style=\"font-weight: 400;\"><span style=\"font-weight: 400;\">Trinkgelder<\/span><\/li>\n<li>Lokaler F\u00fchrer<\/li>\n<\/ol>\n<p>&nbsp;<\/p>\n<h4><em><strong>Abreise &amp; R\u00fcckkehr<\/strong><\/em><\/h4>\n<p><span style=\"font-weight: 400;\">Wir haben einen Zeitplan, der Sie abholt und absetzt, basierend auf der Gegend, in der Sie sich befinden. <\/span><span style=\"font-weight: 400;\">Der Reisende erh\u00e4lt nach dem Reservierungsprozess einen Treffpunkt. Die Touren beginnen und enden an unseren Treffpunkten.<\/span><\/p>\n<p>&nbsp;<\/p>\n<h4><b><i>Was zu erwarten ist?<\/i><\/b><\/h4>\n<p>&nbsp;<\/p>\n<p><em><strong>Holen Sie sich Ihre Tickets<\/strong><\/em> f\u00fcr eine Tageskarte auf der Insel Saona ( Isla Saona ) in Bayahibe sowie ein wunderbares Mittagessen und eine Strandzeit.<\/p>\n<p><span style=\"font-weight: 400;\">Der von \u201eBooking Adventures\u201c organisierte Tagesausflug beginnt am mit dem Reiseleiter vereinbarten Treffpunkt. <\/span>Mittagessen am Strand und Sie k\u00f6nnen so lange bleiben, wie Sie schwimmen m\u00f6chten. Wenn Sie Veganer sind, k\u00f6nnen wir auch etwas Essen f\u00fcr Sie zubereiten.<\/p>\n<p>Diese Bootsfahrt beginnt in Bayahibe, aber wir bieten einen privaten Transfer gegen Aufpreis an, je nachdem, wo sich die Gruppe befindet.<\/p>\n<p><strong>Zeitplan:<\/strong><\/p>\n<p>7:45 \u2013 18:00 Uhr<\/p>\n<p>&nbsp;<\/p>\n<h4><em><strong>Was sollten Sie mitbringen?<\/strong><\/em><\/h4>\n<ul>\n<li style=\"font-weight: 400;\"><span style=\"font-weight: 400;\">Kamera<\/span><\/li>\n<li style=\"font-weight: 400;\"><span style=\"font-weight: 400;\">Absto\u00dfende Knospen<\/span><\/li>\n<li style=\"font-weight: 400;\"><span style=\"font-weight: 400;\">Sonnencreme<\/span><\/li>\n<li style=\"font-weight: 400;\"><span style=\"font-weight: 400;\">Hut<\/span><\/li>\n<li style=\"font-weight: 400;\"><span style=\"font-weight: 400;\">Bequeme Hose<\/span><\/li>\n<li style=\"font-weight: 400;\"><span style=\"font-weight: 400;\">Wanderschuhe f\u00fcr den Wald<\/span><\/li>\n<li style=\"font-weight: 400;\"><span style=\"font-weight: 400;\">Sandalen zum Strand<\/span><\/li>\n<li style=\"font-weight: 400;\"><span style=\"font-weight: 400;\">Schwimmkleidung<\/span><\/li>\n<li>Bargeld f\u00fcr Souvenirs<\/li>\n<\/ul>\n<p>&nbsp;<\/p>\n<h2><b><i>Hotelabholung f\u00fcr den Tagesausflug zur Insel Saona<\/i><\/b><\/h2>\n<p><span style=\"font-weight: 400;\">Dies ist das Programm, das wir basierend auf Ihren Standorten festgelegt haben. Bitte teilen Sie uns Ihr spezifisches Hotel mit und wir werden uns mit Ihnen in Verbindung setzen, um Ihnen mitzuteilen, wo wir Sie treffen werden. F\u00fcr diese Transferoptionen fallen zus\u00e4tzliche Kosten an. Diese Reise beginnt in Bayahibe.<\/span><\/p>\n<table style=\"height: 487px;\" width=\"420\">\n<tbody>\n<tr>\n<td><b>Ort<\/b><\/td>\n<td><b>Zeit<\/b><\/td>\n<\/tr>\n<tr>\n<td><b>Punta Cana<\/b><\/td>\n<td><b>7:45 Uhr<\/b><\/td>\n<\/tr>\n<tr>\n<td><b>Bavaro<\/b><\/td>\n<td><b>7:30 Uhr<\/b><\/td>\n<\/tr>\n<tr>\n<td><b>Uvero Altos<\/b><\/td>\n<td><b>7:00 Uhr vormittags<\/b><\/td>\n<\/tr>\n<tr>\n<td><b>Club Med<\/b><\/td>\n<td><b>7:00 Uhr vormittags<\/b><\/td>\n<\/tr>\n<tr>\n<td><b>Boca Chica<\/b><\/td>\n<td><b>7:00 Uhr vormittags<\/b><\/td>\n<\/tr>\n<tr>\n<td><b>Santo Domingo<\/b><\/td>\n<td><b>6:40 Uhr<\/b><\/td>\n<\/tr>\n<tr>\n<td><b>Juan Dolio<\/b><\/td>\n<td><b>7:00 Uhr vormittags<\/b><\/td>\n<\/tr>\n<\/tbody>\n<\/table>\n<p>&nbsp;<\/p>\n<p><b>Notiz:<\/b><span style=\"font-weight: 400;\"> Wenn Sie innerhalb von 24 Stunden vor der Abfahrtszeit der Tour\/des Ausflugs buchen, k\u00f6nnen wir die Abholung vom Hotel gegen Aufpreis arrangieren. Sobald Ihr Kauf abgeschlossen ist, senden wir Ihnen die vollst\u00e4ndigen Kontaktinformationen (Telefonnummer, E-Mail-Adresse usw.) f\u00fcr unseren \u00f6rtlichen Reiseleiter, um die Abholung zu organisieren.<\/span><\/p>\n<h4><b><i>Zus\u00e4tzliche Info-Best\u00e4tigung <\/i><\/b><\/h4>\n<ol>\n<li>Tickets sind die Quittung nach Bezahlung dieser Tour. Sie k\u00f6nnen die Zahlung auf Ihrem Telefon anzeigen.<\/li>\n<li style=\"font-weight: 400;\"><span style=\"font-weight: 400;\">Treffpunkt Wird nach dem Reservierungsprozess bekannt gegeben.<\/span><\/li>\n<li style=\"font-weight: 400;\"><span style=\"font-weight: 400;\">Kinder m\u00fcssen von einem Erwachsenen begleitet werden.<\/span><\/li>\n<li style=\"font-weight: 400;\"><span style=\"font-weight: 400;\">barrierefrei <\/span><\/li>\n<li style=\"font-weight: 400;\"><span style=\"font-weight: 400;\">Kleinkinder m\u00fcssen auf dem Scho\u00df sitzen <\/span><\/li>\n<li style=\"font-weight: 400;\"><span style=\"font-weight: 400;\">Die meisten Reisenden k\u00f6nnen teilnehmen<\/span><\/li>\n<\/ol>\n<h4><b><i>Stornierungsbedingungen<\/i><\/b><\/h4>\n<p>F\u00fcr eine vollst\u00e4ndige R\u00fcckerstattung lesen Sie bitte unsere Stornierungsbedingungen\u00a0<a href=\"https:\/\/www.boattoursamana.com\/de\/online-buchung\/\" target=\"_blank\" rel=\"noopener\" data-saferedirecturl=\"https:\/\/www.google.com\/url?q=https:\/\/www.boattoursamana.com\/online-booking\/&amp;source=gmail&amp;ust=1672449202351000&amp;usg=AOvVaw1yAeVAPktmaVCqDujgUn90\">Klicke hier<\/a>. Das Geld geht verloren, wenn die Reservierung am selben Tag der Reise storniert wird.<\/p>\n<p>HINWEIS: Wenn Sie diesen Ausflug machen m\u00f6chten und weitere Details erfahren m\u00f6chten, k\u00f6nnen Sie dies tun<a href=\"mailto:info@bookingadventures.com.do\">\u00a0kontaktieren sie uns per e-mail<\/a>l<strong>\u00a0<\/strong>oder \u00fcber unseren direkten Service-Chat WhatsApp unter dieser Nummer:\u00a0<strong>+1 809-720-6035<\/strong>. Wir werden uns umgehend um Sie k\u00fcmmern und Ihnen ein Angebot unterbreiten, das den Preis je nach Personenzahl anpasst.<\/p>\n<p>(Wir ben\u00f6tigen mindestens 4 Personen, um die Tour privat zu arrangieren. F\u00fcr weniger Personen k\u00f6nnen wir eine halbprivate Tour mit maximal 15 Personen arrangieren).<\/p>\n<div id=\"gtx-trans\" style=\"position: absolute; left: -1px; top: 1055.03px;\">\n<div class=\"gtx-trans-icon\"><\/div>\n<\/div>\n\n\t\t<\/div>\n\t<\/div>\n<\/div><\/div><\/div><\/div><div class=\"vc_row wpb_row vc_row-fluid\" ><div class=\"wpb_column vc_column_container vc_col-sm-12\"><div class=\"vc_column-inner\"><div class=\"wpb_wrapper\"><div class=\"vc_btn3-container vc_btn3-inline\" ><a class=\"vc_general vc_btn3 vc_btn3-size-md vc_btn3-shape-rounded vc_btn3-style-modern vc_btn3-color-green\" href=\"https:\/\/bookingadventures.tours\/booking.php?tour_id=af94ac080d3382290b700f103567ecab\" title=\"\" rel=\"noopener\">BUCHEN SIE JETZT<\/a><\/div><\/div><\/div><\/div><\/div><div class=\"vc_row wpb_row vc_row-fluid\" ><div class=\"wpb_column vc_column_container vc_col-sm-12\"><div class=\"vc_column-inner\"><div class=\"wpb_wrapper\"><div class=\"vc_empty_space\"   style=\"height: 32px\"><span class=\"vc_empty_space_inner\"><\/span><\/div>\n\t<div class=\"wpb_video_widget wpb_content_element vc_clearfix   vc_video-aspect-ratio-169 vc_video-el-width-100 vc_video-align-left\" >\n\t\t<div class=\"wpb_wrapper\">\n\t\t\t<h2 class=\"wpb_heading wpb_video_heading\">Video zu Touren und Ausfl\u00fcgen auf der Insel Saona:<\/h2>\n\t\t\t<div class=\"wpb_video_wrapper\"><iframe loading=\"lazy\" title=\"Insel Saola Ganzer Tag von Booking Adventures, Travel Dominikanische Republik\" width=\"1100\" height=\"619\" src=\"https:\/\/www.youtube.com\/embed\/sas91N4zMHo?feature=oembed\" frameborder=\"0\" allow=\"accelerometer; autoplay; encrypted-media; gyroscope; picture-in-picture\" allowfullscreen><\/iframe><\/div>\n\t\t<\/div>\n\t<\/div>\n<div class=\"vc_empty_space\"   style=\"height: 32px\"><span class=\"vc_empty_space_inner\"><\/span><\/div><\/div><\/div><\/div><\/div><div class=\"vc_row wpb_row vc_row-fluid\" ><\/div><div class=\"wpb_column vc_column_container vc_col-sm-12\"><div class=\"vc_column-inner\"><div class=\"wpb_wrapper\"><div class=\"vc_btn3-container vc_btn3-inline\" ><a class=\"vc_general vc_btn3 vc_btn3-size-md vc_btn3-shape-rounded vc_btn3-style-modern vc_btn3-color-green\" href=\"https:\/\/bookingadventures.tours\/booking.php?tour_id=af94ac080d3382290b700f103567ecab\" title=\"\" rel=\"noopener\">BUCHEN SIE JETZT<\/a><\/div><\/div><\/div><\/div><div class=\"vc_empty_space\"   style=\"height: 32px\"><span class=\"vc_empty_space_inner\"><\/span><\/div><div class=\"vc_empty_space\"   style=\"height: 32px\"><span class=\"vc_empty_space_inner\"><\/span><\/div>","protected":false},"excerpt":{"rendered":"<p>Tageskarte zur Insel Saona vom Hafen Bayahibe. Mittagessen und Naturpools sind im Preis inbegriffen. Bei Bedarf Transfer aus einem beliebigen Teil der Dominikanischen Republik. Kontaktieren Sie uns einfach und genie\u00dfen Sie das beste Erlebnis auf der Isla Saona.<\/p>\n<p>&nbsp;<\/p>\n<p><strong>W\u00e4hlen Sie das Datum f\u00fcr die Tour:<\/strong><\/p>","protected":false},"featured_media":11534,"template":"","meta":[],"product_cat":[948,821,826],"product_tag":[400,244,242,395,272,823,690,241,243,315,398,824,825,314],"class_list":["post-11525","product","type-product","status-publish","has-post-thumbnail","hentry","product_cat-1-punta-cana","product_cat-saona-island-offers","product_cat-saona-island-private-tour-from-boca-chica-hotels-boca-chica-lobby","product_tag-all-inclusive-trip-to-saona-island-by-speedboat-catamaran","product_tag-bayahibe","product_tag-catamaran","product_tag-how-to-get-to-saona-island","product_tag-isla-saona","product_tag-private-day-trip-saona","product_tag-private-tours","product_tag-saona","product_tag-saona-island","product_tag-saona-island-excursion","product_tag-saona-island-hotels","product_tag-saona-island-private","product_tag-saona-island-private-tour-from-punta-cana-hotels-punta-cana-lobby","product_tag-saona-island-tour"],"_links":{"self":[{"href":"https:\/\/www.boattoursamana.com\/de\/wp-json\/wp\/v2\/product\/11525","targetHints":{"allow":["GET"]}}],"collection":[{"href":"https:\/\/www.boattoursamana.com\/de\/wp-json\/wp\/v2\/product"}],"about":[{"href":"https:\/\/www.boattoursamana.com\/de\/wp-json\/wp\/v2\/types\/product"}],"wp:featuredmedia":[{"embeddable":true,"href":"https:\/\/www.boattoursamana.com\/de\/wp-json\/wp\/v2\/media\/11534"}],"wp:attachment":[{"href":"https:\/\/www.boattoursamana.com\/de\/wp-json\/wp\/v2\/media?parent=11525"}],"wp:term":[{"taxonomy":"product_cat","embeddable":true,"href":"https:\/\/www.boattoursamana.com\/de\/wp-json\/wp\/v2\/product_cat?post=11525"},{"taxonomy":"product_tag","embeddable":true,"href":"https:\/\/www.boattoursamana.com\/de\/wp-json\/wp\/v2\/product_tag?post=11525"}],"curies":[{"name":"wp","href":"https:\/\/api.w.org\/{rel}","templated":true}]}}