{"id":11569,"date":"2020-10-10T15:42:33","date_gmt":"2020-10-10T15:42:33","guid":{"rendered":"https:\/\/www.ticketswhales.com\/?post_type=product&#038;p=11569"},"modified":"2023-11-07T21:53:32","modified_gmt":"2023-11-07T21:53:32","slug":"private-kayaking-snorkeling-with-lunch-on-cayo-levantado-island","status":"publish","type":"product","link":"https:\/\/www.boattoursamana.com\/de\/tour\/privates-kajakfahren-schnorcheln-mit-mittagessen-auf-der-insel-cayo-levantado","title":{"rendered":"Samana: Cayo Levantado &amp; Kajakfahren + Schnorcheln"},"content":{"rendered":"<div class=\"wpb_column vc_column_container vc_col-sm-12\"><div class=\"vc_column-inner\"><div class=\"wpb_wrapper\"><\/div><\/div><\/div><div class=\"vc_row wpb_row vc_row-fluid\" ><div class=\"wpb_column vc_column_container vc_col-sm-12\"><div class=\"vc_column-inner\"><div class=\"wpb_wrapper\">\n\t<div class=\"wpb_text_column wpb_content_element\" >\n\t\t<div class=\"wpb_wrapper\">\n\t\t\t<div class=\"vc_row wpb_row vc_row-fluid\">\n<div class=\"wpb_column vc_column_container vc_col-sm-12\">\n<div class=\"vc_column-inner\">\n<div class=\"wpb_wrapper\">\n<div class=\"mkdf-section-title-holder\">\n<div class=\"mkdf-st-inner\">\n<h5 class=\"mkdf-st-subtitle\">Vom Hafen von Samana: Private Tour<\/h5>\n<h3 class=\"mkdf-st-title\">Privates Kajakfahren und Schnorcheln mit Mittagessen auf der Insel Cayo Levantado<\/h3>\n<\/div>\n<\/div>\n<div class=\"vc_empty_space\"><\/div>\n<\/div>\n<\/div>\n<\/div>\n<\/div>\n<div class=\"vc_row wpb_row vc_row-fluid\"><\/div>\n<div class=\"wpb_column vc_column_container vc_col-sm-12\">\n<div class=\"vc_column-inner\">\n<div class=\"wpb_wrapper\"><\/div>\n<\/div>\n<\/div>\n<div class=\"wpb_text_column wpb_content_element\">\n<div class=\"wpb_wrapper\"><\/div>\n<\/div>\n<div class=\"vc_row wpb_row vc_row-fluid\">\n<div class=\"wpb_column vc_column_container vc_col-sm-12\">\n<div class=\"vc_column-inner\">\n<div class=\"wpb_wrapper\">\n<div class=\"wpb_text_column wpb_content_element\">\n<div class=\"wpb_wrapper\">\n<div class=\"vc_row wpb_row vc_row-fluid\">\n<div class=\"wpb_column vc_column_container vc_col-sm-12\">\n<div class=\"vc_column-inner\">\n<div class=\"wpb_wrapper\">\n<div class=\"wpb_text_column wpb_content_element\">\n<div class=\"wpb_wrapper\">\n<h4><b><i>\u00dcberblick\ud83d\udc33<\/i><\/b><\/h4>\n<p><strong>Vermeiden Sie gro\u00dfe Touristengruppen.<\/strong>\u00a0und unternehmen Sie Ihre private Kajak- und Schnorcheltour in der Bucht von Saman\u00e1 ab dem Hafen von Saman\u00e1.<\/p>\n<p>Bewundern Sie 40 Minuten lang den unvergleichlichen Panoramablick auf die Bucht von Samana mit dem Kajak vom Meer aus und schnorcheln Sie im kristallklaren Wasser eines nahe gelegenen Strandes auf der ber\u00fchmten Insel Cayo Levantado\/Bacardi. Wo wir unsere Beine ausstrecken und unsere Schnorchelausr\u00fcstung nutzen k\u00f6nnen, gibt es eine andere Welt zu erkunden!<br \/>\nNach dem Schnorcheln gehen wir zu einem typisch dominikanischen Mittagessen am Strand und entdecken die sch\u00f6nste Insel der Dominikanischen Republik. Heimat eines wundersch\u00f6nen Luxushotels, wei\u00dfer Sandstr\u00e4nde, eines \u00fcppigen Regenwaldes und erstaunlicher, talentierter K\u00fcnstler, die ihre handgefertigten Gem\u00e4lde und andere Produkte anbieten.<\/p>\n<p>Was kann man auf der Insel unternehmen?<br \/>\nSchwimmen, wandern, Volleyball spielen, Fotos machen, schnorcheln, den Strand genie\u00dfen oder einfach nur im Schatten entspannen und ein erfrischendes Getr\u00e4nk (Pi\u00f1a Colada, Coco Loco, Cuba Libre usw.) genie\u00dfen. Es gibt viele M\u00f6glichkeiten, die Insel f\u00fcr jeden zu genie\u00dfen !<\/p>\n<p>Auf dem R\u00fcckweg nach Saman\u00e1 wechseln wir die Perspektive und unsere Aufmerksamkeit wird von Details gefesselt, die uns vorher nicht aufgefallen sind. Wir genie\u00dfen jeden Meter etwa 40 Minuten lang.<\/p>\n<p>Wir sind die einzigen, die diese Tour in der gesamten Dominikanischen Republik anbieten! Dieses einzigartige Erlebnis ist der wahrgewordene Traum f\u00fcr Natur- und Meeresliebhaber.<\/p>\n<p><strong>Notiz:<\/strong>\u00a0Diese Tour ist privat. (Nur Sie und Ihre Familie oder Freunde und der Reiseleiter).<\/p>\n<p>&nbsp;<\/p>\n<h4><b>Einschl\u00fcsse und Ausschl\u00fcsse<\/b><\/h4>\n<p>&nbsp;<\/p>\n<p><b>Einschl\u00fcsse<\/b><\/p>\n<p>&nbsp;<\/p>\n<ol>\n<li>Mittagsbuffet am Strand.<\/li>\n<li>Reisef\u00fchrer<\/li>\n<li>Kajaks, Paddle-Boarding<\/li>\n<li>Rettungsweste<\/li>\n<li>Schnorchelset<\/li>\n<li>Alle Steuern, Geb\u00fchren und Bearbeitungsgeb\u00fchren.<\/li>\n<li>Lokale Steuern<\/li>\n<li>Getr\u00e4nke (Flasche Wasser pro Person)<\/li>\n<\/ol>\n<p><b>Ausschl\u00fcsse<\/b><\/p>\n<ol>\n<li>Tipps<\/li>\n<li>Autotransfer<\/li>\n<li>Alkohol<\/li>\n<\/ol>\n<p>&nbsp;<\/p>\n<h4><em><strong>Abreise und R\u00fcckkehr<\/strong><\/em><\/h4>\n<p>Diese Fahrt beginnt um 8:00 Uhr und endet gegen 16:00 Uhr. Da es sich aber um eine private Reise handelt, k\u00f6nnen Sie die Start- und Endzeit festlegen.<\/p>\n<p>Der Reisende erh\u00e4lt nach dem Buchungsvorgang einen Treffpunkt. Die Touren beginnen und enden an unseren Treffpunkten.<\/p>\n<p>&nbsp;<\/p>\n<h4><b><i>Was zu erwarten ist?<\/i><\/b><\/h4>\n<p>&nbsp;<\/p>\n<p><em><strong>Holen Sie sich Ihre Tickets<\/strong><\/em>\u00a0zum Kajakfahren und Schnorcheln in der Bucht von Saman\u00e1. 40 Minuten unvergleichlicher Panoramablick auf die Bucht von Saman\u00e1 vom Meer aus mit dem Kajak und Schnorcheln im kristallklaren Wasser eines nahe gelegenen Strandes des ber\u00fchmten Cayo Levantado\/Bacardi. Typisches dominikanisches Mittagessen am Strand. In der Walbeobachtungssaison besteht die Chance, Buckelwale zu sehen.<\/p>\n<p>Die von \u201eBooking Adventures\u201c organisierte Kajak- und Schnorcheltour beginnt an dem mit dem Reiseleiter vereinbarten Treffpunkt. Mittagessen am Strand und Sie k\u00f6nnen so lange bleiben, wie Sie schwimmen m\u00f6chten. Wenn Sie Veganer sind, k\u00f6nnen wir auch etwas Essen f\u00fcr Sie zubereiten.<\/p>\n<p><strong>Kalender:<\/strong><\/p>\n<p>8:00 \u2013 16:00 Uhr<\/p>\n<p>&nbsp;<\/p>\n<h4><em><strong>Was sollten Sie mitbringen?<\/strong><\/em><\/h4>\n<ul>\n<li>Kamera<\/li>\n<li>Handtuch<\/li>\n<li>Sonnenschutz<\/li>\n<li>Hut<\/li>\n<li>Bequeme Hosen und Schuhe.<\/li>\n<li>Sandalen f\u00fcr den Strand<\/li>\n<li>Schwimmerkleid<\/li>\n<li>Bargeld f\u00fcr Souvenirs<\/li>\n<\/ul>\n<p>&nbsp;<\/p>\n<h4><b><i>Abholung vom Hotel<\/i><\/b><\/h4>\n<p>F\u00fcr diese Tour wird keine Abholung vom Hotel angeboten.<\/p>\n<p>&nbsp;<\/p>\n<p><b>Notiz:<\/b>\u00a0Wenn Sie die Buchung innerhalb von 24 Stunden vor der Abfahrtszeit der Tour\/des Ausflugs vornehmen, k\u00f6nnen wir gegen Aufpreis eine Abholung vom Hotel arrangieren. Sobald Ihr Kauf abgeschlossen ist, senden wir Ihnen die vollst\u00e4ndigen Kontaktinformationen (Telefonnummer, E-Mail-Adresse usw.) unseres \u00f6rtlichen Reiseleiters, um die Abholung zu vereinbaren.<\/p>\n<h4><b><i>Best\u00e4tigung zus\u00e4tzlicher Informationen<\/i><\/b><\/h4>\n<ol>\n<li>Tickets sind die Quittung nach der Bezahlung dieser Tour. Sie k\u00f6nnen die Zahlung auf Ihrem Telefon anzeigen.<\/li>\n<li>Der Treffpunkt wird Ihnen nach dem Buchungsvorgang mitgeteilt.<\/li>\n<li>Kinder m\u00fcssen von einem Erwachsenen begleitet werden.<\/li>\n<li>Barrierefrei<\/li>\n<li>Babys sollten auf dem Scho\u00df sitzen.<\/li>\n<li>Die meisten Reisenden sind zur Teilnahme berechtigt.<\/li>\n<\/ol>\n<h4><b><i>Stornierungsbedingungen<\/i><\/b><\/h4>\n<p>Um eine vollst\u00e4ndige R\u00fcckerstattung zu erhalten, stornieren Sie mindestens 24 Stunden vor Beginn des Erlebnisses.<\/p>\n<\/div>\n<\/div>\n<\/div>\n<\/div>\n<\/div>\n<\/div>\n<\/div>\n<\/div>\n<\/div>\n<\/div>\n<\/div>\n<\/div>\n<div class=\"vc_row wpb_row vc_row-fluid\">\n<div class=\"wpb_column vc_column_container vc_col-sm-12\">\n<div class=\"vc_column-inner\">\n<div class=\"wpb_wrapper\">\n<div class=\"vc_empty_space\"><\/div>\n<div class=\"wpb_text_column wpb_content_element\">\n<div class=\"wpb_wrapper\">\n<h4>Kontaktiere uns?<\/h4>\n<h5><b><i>Abenteuerbuchungen<\/i><\/b><\/h5>\n<p><em>Reisef\u00fchrer und G\u00e4steservice.\u00a0<strong>lokal<\/strong>\u00a0und\u00a0<strong>National<\/strong><\/em><\/p>\n<p><span class=\"text-turquoise\">Reservierungen:<\/span>\u00a0Touren &amp; Ausfl\u00fcge im Dom. Vertreter.<\/p>\n<p>\ud83d\udcde Telefon\/WhatsApp\u00a0<a href=\"tel: 1-809-720-6035\">+ 1-809-720-6035<\/a>\u00a0.<\/p>\n<p>\ud83d\udce9\u00a0<a href=\"mailto:info@bookingadventures.com.do\">info@bookingadventures.com.do<\/a><\/p>\n<p><strong>Wir sind private Touren mit flexibler Konfiguration per WhatsApp:\u00a0<a href=\"tel: 18097206035\">+18097206035.<\/a><\/strong><\/p>\n<\/div>\n<\/div>\n<\/div>\n<\/div>\n<\/div>\n<\/div>\n\n\t\t<\/div>\n\t<\/div>\n<\/div><\/div><\/div><\/div>","protected":false},"excerpt":{"rendered":"<p>Private Kajak- und Schnorcheltour in der Bucht von Samana, Dominikanische Republik, mit lokalen Reiseleitern. Stellen Sie die Startzeit selbst ein, die am besten zu Ihnen passt. Buchen Sie jetzt diesen Ausflug in die Bucht von Samana und erleben Sie das wahre Karibik-Abenteuer.<\/p>\n<p>Hinweis: Diese Tour ist privat!<\/p>\n<p>&nbsp;<\/p>\n<p><em><strong>W\u00e4hlen Sie das Datum der Tour:<\/strong><\/em><\/p>","protected":false},"featured_media":13413,"template":"","meta":[],"product_cat":[255,946,655],"product_tag":[184,328,208,327,187,342,433,276],"class_list":["post-11569","product","type-product","status-publish","has-post-thumbnail","hentry","product_cat-tours-excursions-samana-bay-dominican-republic","product_cat-1-sabana-de-la-mar","product_cat-1-samana","product_tag-bacardi-island","product_tag-cayo-levantado-day-pass","product_tag-kayaking-dominican-republic","product_tag-private-tours-samana","product_tag-samana-tours","product_tag-samana-whale-watching","product_tag-snorkeling","product_tag-whale-samana"],"_links":{"self":[{"href":"https:\/\/www.boattoursamana.com\/de\/wp-json\/wp\/v2\/product\/11569","targetHints":{"allow":["GET"]}}],"collection":[{"href":"https:\/\/www.boattoursamana.com\/de\/wp-json\/wp\/v2\/product"}],"about":[{"href":"https:\/\/www.boattoursamana.com\/de\/wp-json\/wp\/v2\/types\/product"}],"wp:featuredmedia":[{"embeddable":true,"href":"https:\/\/www.boattoursamana.com\/de\/wp-json\/wp\/v2\/media\/13413"}],"wp:attachment":[{"href":"https:\/\/www.boattoursamana.com\/de\/wp-json\/wp\/v2\/media?parent=11569"}],"wp:term":[{"taxonomy":"product_cat","embeddable":true,"href":"https:\/\/www.boattoursamana.com\/de\/wp-json\/wp\/v2\/product_cat?post=11569"},{"taxonomy":"product_tag","embeddable":true,"href":"https:\/\/www.boattoursamana.com\/de\/wp-json\/wp\/v2\/product_tag?post=11569"}],"curies":[{"name":"wp","href":"https:\/\/api.w.org\/{rel}","templated":true}]}}