{"id":11589,"date":"2020-10-10T18:07:18","date_gmt":"2020-10-10T18:07:18","guid":{"rendered":"https:\/\/www.ticketswhales.com\/?post_type=product&#038;p=11589"},"modified":"2023-11-07T21:36:36","modified_gmt":"2023-11-07T21:36:36","slug":"los-haitises-complete-adventure-hotel-hiking-swimming-kayaking","status":"publish","type":"product","link":"https:\/\/www.boattoursamana.com\/de\/tour\/los-haitises-komplettes-abenteuer-hotel-wandern-schwimmen-kajakfahren","title":{"rendered":"Hotel + Wandern + Schwimmen + Kajakfahren 2 Tagesausflug Los Haitises"},"content":{"rendered":"<div class=\"vc_row wpb_row vc_row-fluid\" ><div class=\"wpb_column vc_column_container vc_col-sm-12\"><div class=\"vc_column-inner\"><div class=\"wpb_wrapper\">\n\t<div class=\"wpb_text_column wpb_content_element\" >\n\t\t<div class=\"wpb_wrapper\">\n\t\t\t<p><span style=\"vertical-align: inherit;\"><span style=\"vertical-align: inherit;\"><\/p>\n\n\t\t<\/div>\n\t<\/div>\n<\/div><\/div><\/div><\/div><div class=\"vc_row wpb_row vc_row-fluid\" ><div class=\"wpb_column vc_column_container vc_col-sm-12\"><div class=\"vc_column-inner\"><div class=\"wpb_wrapper\"><div class=\"mkdf-section-title-holder\" style=\"text-align: left\">\n\t<div class=\"mkdf-st-inner\">\n\t\t\t\t\t<h5 class=\"mkdf-st-subtitle\" >\n\t\t\t\tHotel + Senderismo + Nataci\u00f3n + Kajak\t\t\t<\/h5>\n\t\t\t\t\t\t\t<h3 class=\"mkdf-st-title\" >\n\t\t\t\tKomplettes Abenteuer Los Haitises\t\t\t<\/h3>\n\t\t\t\t\t<\/div>\n<\/div><div class=\"vc_empty_space\"   style=\"height: 32px\"><span class=\"vc_empty_space_inner\"><\/span><\/div><div class=\"vc_btn3-container vc_btn3-inline\" ><a class=\"vc_general vc_btn3 vc_btn3-size-md vc_btn3-shape-rounded vc_btn3-style-modern vc_btn3-color-green\" href=\"https:\/\/bookingadventures.tours\/booking.php?tour_id=7d51c901332affeec66cbebebfdbc9f7\" title=\"\" rel=\"noopener\">BUCHEN SIE JETZT<\/a><\/div><div class=\"vc_empty_space\"   style=\"height: 32px\"><span class=\"vc_empty_space_inner\"><\/span><\/div>\n\t<div class=\"wpb_text_column wpb_content_element\" >\n\t\t<div class=\"wpb_wrapper\">\n\t\t\t<p>\u00a0<\/span><\/span><\/p>\n<h4><\/h4>\n<h3><span style=\"vertical-align: inherit;\"><span style=\"vertical-align: inherit;\">Tag 1<\/span><\/span><\/h3>\n<p>Wir besuchen die Ostseite der Dominikanischen Republik, den Regenwald des Nationalparks Los Haitises. Unser Abenteuer beginnt, nachdem wir in der Ecolodge eingecheckt haben. Zuerst mit einer 2 bis 3 Stunden Wanderung. Dort k\u00f6nnen Sie die Landschaft genie\u00dfen, das Leben auf dem Land in der Dominikanischen Republik kennenlernen und die Natur erleben. Unterwegs lernen Sie das biodiverse \u00d6kosystem des Regenwaldes kennen, ber\u00fchren Kakaob\u00e4ume, einzigartige Flora und historische Gebiete.<\/p>\n<p>Weiter oben, nachdem wir die Wanderung beendet haben, gibt es ein Abendessen im dominikanischen Stil und Lagerfeuer im Licht der Sterne.<\/p>\n<h3>Tag 2<\/h3>\n<p>Am n\u00e4chsten Tag Fr\u00fchst\u00fcck im dominikanischen Stil. Nach dem Fr\u00fchst\u00fcck wandern wir wenige Minuten zum Hafen der Mangroven. Dann nehmen wir die f\u00fcr Ihre Sicherheit erforderliche Ausr\u00fcstung (Schwimmwesten usw.), Kajaks und gehen durch Mangrovens\u00fcmpfe. Sie werden einige vogelreiche Mangroven und sanfte H\u00fcgel mit \u00fcppiger Vegetation sehen.<\/p>\n<p>Durch die Mangroven und Land an der offenen Bucht von San Lorenzo, von wo aus Sie die zerkl\u00fcftete Waldlandschaft fotografieren k\u00f6nnen. Beginnen Sie mit der \u00dcberpr\u00fcfung einiger endemischer Vogel-, S\u00e4ugetier- und Pflanzenarten, sanfter H\u00fcgel mit \u00fcppiger Vegetation und H\u00f6hlen <em><strong>Nationalpark Los Haitises<\/strong><\/em>.<\/p>\n<div class=\"body-description secondary\">\n<p>Der Name des Nationalparks stammt von seinen Ureinwohnern, den Taino-Indianern. In ihrer Sprache bedeutet \u201eHaitises\u201c Hochland oder H\u00fcgel, ein Hinweis auf die steilen geologischen Formationen der K\u00fcste mit Kalksteinen. Tauchen Sie tiefer in den Park ein, um H\u00f6hlen wie die zu erkunden <em><strong>Cueva de la Arena.\u00a0<\/strong><\/em><\/p>\n<h3>Abschlusstag<\/h3>\n<p>Nachdem Sie zur Ecolodge zur\u00fcckgekehrt sind, haben Sie Zeit zur freien Verf\u00fcgung, um in einem nat\u00fcrlichen Wasserbecken in den ersten Mineralwasserf\u00e4llen des Nationalparks Los Haitises zu schwimmen. Mittagessen im dominikanischen Stil und Check-out vom Hotel um 13:00 Uhr.<\/p>\n<\/div>\n<p>Dies ist ein Abenteuer f\u00fcr diejenigen, die die Natur und ein einzigartiges Regenwalderlebnis genie\u00dfen m\u00f6chten. Konzentriert sich darauf, einen echten lokalen Blick auf die Dominikanische Republik im Nationalpark Los Haitises zu bieten, mit historischen Fakten und Informationen \u00fcber das \u00d6kosystem entlang der Reise. Der Transport ist nicht inbegriffen.<\/p>\n<h3>Treffpunkt<\/h3>\n<p>Wir treffen uns in Sabana de la Mar, von hier aus folgen Sie dem Guide in Ihrem eigenen Fahrzeug zu unserem versteckten Juwel!. Machen Sie sich bereit f\u00fcr eine echte Abenteuerwanderung, Lagerfeuer, Kajakfahren und Wasserf\u00e4lle und die einzigartige Ecolodge in der Dominikanischen Republik.<\/p>\n<p>Wenn Sie eine Gruppe sind oder an einem Termin interessiert sind, den Sie nicht als verf\u00fcgbar sehen, k\u00f6nnen Sie sich gerne direkt an uns wenden, und ich werde Ihnen helfen. Wie Sie in den Bewertungen sehen, ist Booking Adventures sehr leidenschaftlich in unserer Arbeit und wir lieben es, unseren G\u00e4sten das wahre Leben auf der Insel zu zeigen. Auf jeder Tour pflanzen wir einen Mangrovenbaum als Spende an die Natur.<\/p>\n<h4><b>Einschl\u00fcsse &amp; Ausschl\u00fcsse<\/b><\/h4>\n<p><b>Einschl\u00fcsse<\/b><\/p>\n<ul>\n<li style=\"font-weight: 400;\">Nationalpark Los Haitises<\/li>\n<li>Lagerfeuer in der Nacht<\/li>\n<li>4 Stunden Wandern im Regenwald<\/li>\n<li>1 Zimmer in der Ecolodge<\/li>\n<li>1 Abendessen pro Person<\/li>\n<li>1 Fr\u00fchst\u00fcck pro Person<\/li>\n<li>1 Mittagessen pro Person<\/li>\n<li>3 Stunden Kajakfahren (oder Bootsfahrt)<\/li>\n<li>V\u00f6gel beobachten<\/li>\n<li>Mangroven-Plantage<\/li>\n<li>1 H\u00f6hlenbesuch<\/li>\n<li style=\"font-weight: 400;\"><span style=\"font-weight: 400;\">Alle Steuern, Geb\u00fchren und Bearbeitungsgeb\u00fchren<\/span><\/li>\n<li style=\"font-weight: 400;\"><span style=\"font-weight: 400;\">Lokale Steuern<\/span><\/li>\n<li style=\"font-weight: 400;\"><span style=\"font-weight: 400;\">Lokaler F\u00fchrer<\/span><\/li>\n<\/ul>\n<p><b> Ausschl\u00fcsse<\/b><\/p>\n<ol>\n<li style=\"font-weight: 400;\"><span style=\"font-weight: 400;\">Trinkgelder<\/span><\/li>\n<li style=\"font-weight: 400;\"><span style=\"font-weight: 400;\">\u00dcberweisen<\/span><\/li>\n<li style=\"font-weight: 400;\"><span style=\"font-weight: 400;\">Alkoholische Getr\u00e4nke<\/span><\/li>\n<\/ol>\n<p>&nbsp;<\/p>\n<h4><em><strong>Abreise &amp; R\u00fcckkehr<\/strong><\/em><\/h4>\n<p><span style=\"font-weight: 400;\">Der Reisende erh\u00e4lt nach dem Reservierungsprozess einen Treffpunkt. Touren beginnen und enden an unseren Treffpunkten.<\/span><\/p>\n<p>Von:<\/p>\n<p>15:00 Uhr Tag eins<\/p>\n<p>Zu:<\/p>\n<p>13:00 Uhr Zweiter Tag.<\/p>\n<p>&nbsp;<\/p>\n<h4><em><strong>Was sollten Sie mitbringen?<\/strong><\/em><\/h4>\n<ul>\n<li style=\"font-weight: 400;\"><span style=\"font-weight: 400;\">Kamera<\/span><\/li>\n<li style=\"font-weight: 400;\"><span style=\"font-weight: 400;\">Absto\u00dfende Knospen<\/span><\/li>\n<li style=\"font-weight: 400;\"><span style=\"font-weight: 400;\">Sonnencreme<\/span><\/li>\n<li style=\"font-weight: 400;\"><span style=\"font-weight: 400;\">Hut<\/span><\/li>\n<li style=\"font-weight: 400;\"><span style=\"font-weight: 400;\">Bequeme Hose<\/span><\/li>\n<li style=\"font-weight: 400;\"><span style=\"font-weight: 400;\">Wanderschuhe f\u00fcr den Wald<\/span><\/li>\n<li style=\"font-weight: 400;\"><span style=\"font-weight: 400;\">Sandalen zu den Fr\u00fchlingsgebieten.<\/span><\/li>\n<li style=\"font-weight: 400;\"><span style=\"font-weight: 400;\">Schwimmkleidung<\/span><\/li>\n<\/ul>\n<p>&nbsp;<\/p>\n<h4><b><i>Aufsammeln <\/i><\/b><\/h4>\n<p><span style=\"font-weight: 400;\">Hotelabholung ist <em style=\"font-weight: 400;\"><strong>nicht<\/strong>\u00a0<\/em><i>inbegriffen<\/i> f\u00fcr diese Tour.\u00a0<\/span><\/p>\n<p><b>Notiz:<\/b><span style=\"font-weight: 400;\"> Wenn Sie innerhalb von 72 Stunden vor der Abfahrtszeit der Tour\/des Ausflugs buchen, k\u00f6nnen wir die Abholung vom Hotel gegen Aufpreis von jedem Ort der Dominikanischen Republik arrangieren. Sobald Ihr Kauf abgeschlossen ist, senden wir Ihnen die vollst\u00e4ndigen Kontaktinformationen (Telefonnummer, E-Mail-Adresse usw.) f\u00fcr unseren \u00f6rtlichen Reiseleiter, um die Abholung zu organisieren.<\/span><\/p>\n<h4><b><i>Zus\u00e4tzliche Info-Best\u00e4tigung <\/i><\/b><\/h4>\n<ol>\n<li>Tickets sind die Quittung nach Bezahlung dieser Tour. Sie k\u00f6nnen die Zahlung auf Ihrem Telefon anzeigen.<\/li>\n<li style=\"font-weight: 400;\"><span style=\"font-weight: 400;\">Treffpunkt Wird nach dem Reservierungsprozess bekannt gegeben.<\/span><\/li>\n<li style=\"font-weight: 400;\"><span style=\"font-weight: 400;\">Kinder m\u00fcssen von einem Erwachsenen begleitet werden.<\/span><\/li>\n<li style=\"font-weight: 400;\"><span style=\"font-weight: 400;\"> Nicht rollstuhlgerecht <\/span><\/li>\n<li style=\"font-weight: 400;\"><span style=\"font-weight: 400;\">Kleinkinder m\u00fcssen auf dem Scho\u00df sitzen <\/span><\/li>\n<li style=\"font-weight: 400;\"><span style=\"font-weight: 400;\">F\u00fcr Reisende mit R\u00fcckenproblemen nicht zu empfehlen<\/span><\/li>\n<li style=\"font-weight: 400;\"><span style=\"font-weight: 400;\">Nicht f\u00fcr schwangere Reisende empfohlen <\/span><\/li>\n<li style=\"font-weight: 400;\"><span style=\"font-weight: 400;\"> Keine Herzprobleme oder andere ernsthafte Erkrankungen <\/span><\/li>\n<li style=\"font-weight: 400;\"><span style=\"font-weight: 400;\">Die meisten Reisenden k\u00f6nnen teilnehmen<\/span><\/li>\n<\/ol>\n<h4><b><i>Stornierungsbedingungen<\/i><\/b><\/h4>\n<p>F\u00fcr eine vollst\u00e4ndige R\u00fcckerstattung lesen Sie bitte unsere Stornierungsbedingungen\u00a0<a href=\"https:\/\/www.boattoursamana.com\/de\/online-buchung\/\" target=\"_blank\" rel=\"noopener\" data-saferedirecturl=\"https:\/\/www.google.com\/url?q=https:\/\/www.boattoursamana.com\/online-booking\/&amp;source=gmail&amp;ust=1672449202351000&amp;usg=AOvVaw1yAeVAPktmaVCqDujgUn90\">Klicke hier<\/a>. Das Geld geht verloren, wenn die Reservierung am selben Tag der Reise storniert wird.<\/p>\n\n\t\t<\/div>\n\t<\/div>\n<div class=\"vc_empty_space\"   style=\"height: 32px\"><span class=\"vc_empty_space_inner\"><\/span><\/div><div class=\"vc_btn3-container vc_btn3-inline\" ><a class=\"vc_general vc_btn3 vc_btn3-size-md vc_btn3-shape-rounded vc_btn3-style-modern vc_btn3-color-green\" href=\"https:\/\/bookingadventures.tours\/booking.php?tour_id=7d51c901332affeec66cbebebfdbc9f7\" title=\"\" rel=\"noopener\">BUCHEN SIE JETZT<\/a><\/div><div class=\"vc_empty_space\"   style=\"height: 32px\"><span class=\"vc_empty_space_inner\"><\/span><\/div><div class=\"woocommerce columns-4\"><ul class=\"products columns-4\">\n<li class=\"product type-product post-8855 status-publish first instock product_cat-kayaking product_cat-1-sabana-de-la-mar product_cat-kayaking-los-haitises product_cat-tours-excursions-los-haitises-national-park product_cat-tours-excursions-samana-bay-dominican-republic product_tag-cano-hondo product_tag-cano-hondo-hotel product_tag-day-tour-cano-hondo product_tag-kayak-dominican-republic product_tag-kayaking-dominican-republic product_tag-kayaking-los-haitises product_tag-kayaks product_tag-los-haitises product_tag-los-haitises-national-park product_tag-los-haitises-tours product_tag-private-tours-samana product_tag-sabana-de-la-mar product_tag-samana-bay product_tag-samana-excursions has-post-thumbnail sale sold-individually shipping-taxable product-type-external\">\n\t<div class=\"mkdf-pl-inner\"><div class=\"mkdf-pl-image\"><div class=\"mkdf-pl-text\"><div class=\"mkdf-pl-text-outer\"><div class=\"mkdf-pl-text-inner\"><a href=\"https:\/\/bookingadventures.tours\/booking.php?tour_id=a9cb493d865c3629426ab07d6bacff97\" data-quantity=\"1\" class=\"button wp-element-button product_type_external\" data-product_id=\"8855\" data-product_sku=\"\" aria-label=\"BUCHEN SIE JETZT\" rel=\"nofollow noopener\">BUCHEN SIE JETZT<\/a><\/div><\/div><\/div><\/div><a href=\"https:\/\/www.boattoursamana.com\/de\/tour\/kajakfahren-in-los-haitises-mit-tourguide-von-cano-hondo-4-stunden\" class=\"woocommerce-LoopProduct-link woocommerce-loop-product__link\"><\/a><\/div><div class=\"mkdf-pl-text-wrapper\"><div class=\"mkdf-pl-rating-holder\"><\/div><h4 class=\"mkdf-product-list-title\"><a href=\"https:\/\/www.boattoursamana.com\/de\/tour\/kajakfahren-in-los-haitises-mit-tourguide-von-cano-hondo-4-stunden\">4 Stunden Kajak Los Haitises<\/a><\/h4>\n\t<span class=\"price\"><del aria-hidden=\"true\"><span class=\"woocommerce-Price-amount amount\"><bdi><span class=\"woocommerce-Price-currencySymbol\">&#36;<\/span>70.00<\/bdi><\/span><\/del> <ins><span class=\"woocommerce-Price-amount amount\"><bdi><span class=\"woocommerce-Price-currencySymbol\">&#36;<\/span>53.50<\/bdi><\/span><\/ins><\/span>\n<\/div><\/li><li class=\"product type-product post-9807 status-publish instock product_cat-day-trips product_cat-1-sabana-de-la-mar product_cat-hiking product_cat-hiking-los-haitises product_cat-kayaking-los-haitises product_cat-tours-excursions-los-haitises-national-park product_cat-tours-excursions-samana-bay-dominican-republic product_tag-cano-hondo-sabana-de-la-mar product_tag-caves-los-haitises product_tag-eco-tours product_tag-excursion product_tag-hike-kayak product_tag-hike-kayak-los-haitises-national-park product_tag-hiking-los-haitises product_tag-hiking-sabana-de-la-mar product_tag-hiking-samana product_tag-kayak-tour product_tag-kayaking product_tag-kayaking-los-haitises product_tag-los-haitises-national-park product_tag-los-haitises-national-park-entrance-fee product_tag-los-haitises-national-park-tour-from-las-terrenas product_tag-los-haitises-national-park-tour-from-santo-domingo product_tag-los-haitises-national-park-weather product_tag-los-haitises-sabana-de-la-mar product_tag-sabana-de-la-mar product_tag-sabana-de-la-mar-tour product_tag-samana-excursions product_tag-samana-tours product_tag-secrets-of-los-haitises has-post-thumbnail sale sold-individually shipping-taxable product-type-external\">\n\t<div class=\"mkdf-pl-inner\"><div class=\"mkdf-pl-image\"><div class=\"mkdf-pl-text\"><div class=\"mkdf-pl-text-outer\"><div class=\"mkdf-pl-text-inner\"><a href=\"https:\/\/bookingadventures.tours\/booking.php?tour_id=214ab2ed515734864898e23b426328be\" data-quantity=\"1\" class=\"button wp-element-button product_type_external\" data-product_id=\"9807\" data-product_sku=\"\" aria-label=\"BUCHEN SIE JETZT\" rel=\"nofollow noopener\">BUCHEN SIE JETZT<\/a><\/div><\/div><\/div><\/div><a href=\"https:\/\/www.boattoursamana.com\/de\/tour\/wanderung-kajak-los-haitises-nationalpark\" class=\"woocommerce-LoopProduct-link woocommerce-loop-product__link\"><\/a><\/div><div class=\"mkdf-pl-text-wrapper\"><h4 class=\"mkdf-product-list-title\"><a href=\"https:\/\/www.boattoursamana.com\/de\/tour\/wanderung-kajak-los-haitises-nationalpark\">Wanderung + Kajak Los Haitises<\/a><\/h4>\n\t<span class=\"price\"><del aria-hidden=\"true\"><span class=\"woocommerce-Price-amount amount\"><bdi><span class=\"woocommerce-Price-currencySymbol\">&#36;<\/span>75.00<\/bdi><\/span><\/del> <ins><span class=\"woocommerce-Price-amount amount\"><bdi><span class=\"woocommerce-Price-currencySymbol\">&#36;<\/span>67.00<\/bdi><\/span><\/ins><\/span>\n<\/div><\/li><li class=\"product type-product post-8857 status-publish instock product_cat-tours-excursions-los-haitises-national-park product_cat-1-samana product_cat-boat-trip-los-haitises product_cat-tours-excursions-samana-bay-dominican-republic product_tag-bacardi-island product_tag-bacardi-island-tours product_tag-birdwatching product_tag-boat-tour product_tag-caves-los-haitises product_tag-cayo-levantado product_tag-cayo-levantado-tour product_tag-eco-tours product_tag-excursiones-a-los-haitises-y-cayo-levantado product_tag-haitises-park-and-cayo-levantado-island product_tag-los-haitises product_tag-los-haitises-and-cayo-levantado product_tag-los-haitises-excursiones product_tag-los-haitises-excursions product_tag-los-haitises-mapa product_tag-los-haitises-mas-cayo-levantado product_tag-los-haitises-national-park product_tag-los-haitises-national-park-map product_tag-los-haitises-national-park-mas-cayo-levantado product_tag-los-haitises-national-park-tour-from-las-terrenas product_tag-los-haitises-national-park-tour-from-samana-port-bacardi-island-cayo-levantado product_tag-los-haitises-national-park-tour-from-santo-domingo product_tag-los-haitises-park-tour-cayo-levantado-island product_tag-los-haitises-samana product_tag-los-haitises-y-cayo-levantado product_tag-sabana-de-la-mar product_tag-samana product_tag-samana-excursions product_tag-samana-tours product_tag-tour-los-haitises-national-park-cayo-levantado has-post-thumbnail sale sold-individually shipping-taxable product-type-external\">\n\t<div class=\"mkdf-pl-inner\"><div class=\"mkdf-pl-image\"><div class=\"mkdf-pl-text\"><div class=\"mkdf-pl-text-outer\"><div class=\"mkdf-pl-text-inner\"><a href=\"https:\/\/bookingadventures.tours\/booking.php?tour_id=cd01687b47db9fe0c95acae017fc39c6\" data-quantity=\"1\" class=\"button wp-element-button product_type_external\" data-product_id=\"8857\" data-product_sku=\"\" aria-label=\"BUCHEN SIE JETZT\" rel=\"nofollow noopener\">BUCHEN SIE JETZT<\/a><\/div><\/div><\/div><\/div><a href=\"https:\/\/www.boattoursamana.com\/de\/tour\/los-haitises-nationalpark-tour-ab-samana-port-bacardi-insel-cayo-levantado-2\" class=\"woocommerce-LoopProduct-link woocommerce-loop-product__link\"><\/a><\/div><div class=\"mkdf-pl-text-wrapper\"><div class=\"mkdf-pl-rating-holder\"><\/div><h4 class=\"mkdf-product-list-title\"><a href=\"https:\/\/www.boattoursamana.com\/de\/tour\/los-haitises-nationalpark-tour-ab-samana-port-bacardi-insel-cayo-levantado-2\">Los Haitises National Park Tour ab Saman\u00e1 Port + Bacardi Island (Cayo Levantado)<\/a><\/h4>\n\t<span class=\"price\"><del aria-hidden=\"true\"><span class=\"woocommerce-Price-amount amount\"><bdi><span class=\"woocommerce-Price-currencySymbol\">&#36;<\/span>90.00<\/bdi><\/span><\/del> <ins><span class=\"woocommerce-Price-amount amount\"><bdi><span class=\"woocommerce-Price-currencySymbol\">&#36;<\/span>60.00<\/bdi><\/span><\/ins><\/span>\n<\/div><\/li><li class=\"product type-product post-11569 status-publish last instock product_cat-tours-excursions-samana-bay-dominican-republic product_cat-1-sabana-de-la-mar product_cat-1-samana product_tag-bacardi-island product_tag-cayo-levantado-day-pass product_tag-kayaking-dominican-republic product_tag-private-tours-samana product_tag-samana-tours product_tag-samana-whale-watching product_tag-snorkeling product_tag-whale-samana has-post-thumbnail sale sold-individually shipping-taxable product-type-external\">\n\t<div class=\"mkdf-pl-inner\"><div class=\"mkdf-pl-image\"><div class=\"mkdf-pl-text\"><div class=\"mkdf-pl-text-outer\"><div class=\"mkdf-pl-text-inner\"><a href=\"https:\/\/bookingadventures.tours\/booking.php?tour_id=1f8a301f1dc36a0236b212940f3c840c\" data-quantity=\"1\" class=\"button wp-element-button product_type_external\" data-product_id=\"11569\" data-product_sku=\"\" aria-label=\"BUCHEN SIE JETZT\" rel=\"nofollow noopener\">BUCHEN SIE JETZT<\/a><\/div><\/div><\/div><\/div><a href=\"https:\/\/www.boattoursamana.com\/de\/tour\/privates-kajakfahren-schnorcheln-mit-mittagessen-auf-der-insel-cayo-levantado\" class=\"woocommerce-LoopProduct-link woocommerce-loop-product__link\"><\/a><\/div><div class=\"mkdf-pl-text-wrapper\"><h4 class=\"mkdf-product-list-title\"><a href=\"https:\/\/www.boattoursamana.com\/de\/tour\/privates-kajakfahren-schnorcheln-mit-mittagessen-auf-der-insel-cayo-levantado\">Samana: Cayo Levantado &amp; Kajakfahren + Schnorcheln<\/a><\/h4>\n\t<span class=\"price\"><del aria-hidden=\"true\"><span class=\"woocommerce-Price-amount amount\"><bdi><span class=\"woocommerce-Price-currencySymbol\">&#36;<\/span>87.00<\/bdi><\/span><\/del> <ins><span class=\"woocommerce-Price-amount amount\"><bdi><span class=\"woocommerce-Price-currencySymbol\">&#36;<\/span>75.00<\/bdi><\/span><\/ins><\/span>\n<\/div><\/li><\/ul>\n<\/div><\/div><\/div><\/div><\/div><div class=\"vc_row wpb_row vc_row-fluid\" ><div class=\"wpb_column vc_column_container vc_col-sm-12\"><div class=\"vc_column-inner\"><div class=\"wpb_wrapper\">\n\t<div class=\"wpb_video_widget wpb_content_element vc_clearfix   vc_video-aspect-ratio-169 vc_video-el-width-100 vc_video-align-left\" >\n\t\t<div class=\"wpb_wrapper\">\n\t\t\t<h2 class=\"wpb_heading wpb_video_heading\">LOs Haitises Kajaks<\/h2>\n\t\t\t<div class=\"wpb_video_wrapper\"><iframe loading=\"lazy\" title=\"Kajak- und H\u00f6hlentour im Nationalpark Los Haitises, Dominikanische Republik\" width=\"1100\" height=\"619\" src=\"https:\/\/www.youtube.com\/embed\/ucU1uwB57wQ?feature=oembed\" frameborder=\"0\" allow=\"accelerometer; autoplay; clipboard-write; encrypted-media; gyroscope; picture-in-picture; web-share\" allowfullscreen><\/iframe><\/div>\n\t\t<\/div>\n\t<\/div>\n<\/div><\/div><\/div><\/div><div class=\"vc_row wpb_row vc_row-fluid\" ><\/div><div class=\"wpb_column vc_column_container vc_col-sm-12\"><div class=\"vc_column-inner\"><div class=\"wpb_wrapper\"><\/div><\/div><\/div><div class=\"vc_empty_space\"   style=\"height: 32px\"><span class=\"vc_empty_space_inner\"><\/span><\/div>","protected":false},"excerpt":{"rendered":"<p>HOTEL mit Abendessen und Fr\u00fchst\u00fcck inklusive sowie nat\u00fcrlichen Pools. 3-st\u00fcndige Wanderung und Mangroven-Kajakfahrt im Nationalpark Los Haitises mit einem lokalen Reiseleiter aus Sabana de la Mar. Besuch der Gebiete Regenwald, Kokosn\u00fcsse, Kaffee und Kakao. Erfahren Sie mehr \u00fcber die urspr\u00fcngliche Geschichte des Nationalparks Los Haitises, nachdem Sie mit dem Kajak durch den Nationalpark gefahren sind.<\/p>\n<p><em><strong>W\u00e4hlen Sie das Datum f\u00fcr die Reise:<\/strong><\/em><\/p>","protected":false},"featured_media":13212,"template":"","meta":[],"product_cat":[456,946,927,934,931],"product_tag":[422,268,174,173,577,576,571,570,569,317,316,206,209,575,441,574,572,499,175,498,200,187,573],"class_list":["post-11589","product","type-product","status-publish","has-post-thumbnail","hentry","product_cat-day-trips","product_cat-1-sabana-de-la-mar","product_cat-hiking-los-haitises","product_cat-kayaking-los-haitises","product_cat-overnight-los-haitises","product_tag-cano-hondo-sabana-de-la-mar","product_tag-caves-los-haitises","product_tag-eco-tours","product_tag-excursion","product_tag-hike-kayak","product_tag-hike-kayak-los-haitises-national-park","product_tag-hiking-los-haitises","product_tag-hiking-sabana-de-la-mar","product_tag-hiking-samana","product_tag-kayak-tour","product_tag-kayaking","product_tag-kayaking-los-haitises","product_tag-los-haitises-national-park","product_tag-los-haitises-national-park-entrance-fee","product_tag-los-haitises-national-park-tour-from-las-terrenas","product_tag-los-haitises-national-park-tour-from-santo-domingo","product_tag-los-haitises-national-park-weather","product_tag-los-haitises-sabana-de-la-mar","product_tag-sabana-de-la-mar","product_tag-sabana-de-la-mar-tour","product_tag-samana-excursions","product_tag-samana-tours","product_tag-secrets-of-los-haitises"],"_links":{"self":[{"href":"https:\/\/www.boattoursamana.com\/de\/wp-json\/wp\/v2\/product\/11589","targetHints":{"allow":["GET"]}}],"collection":[{"href":"https:\/\/www.boattoursamana.com\/de\/wp-json\/wp\/v2\/product"}],"about":[{"href":"https:\/\/www.boattoursamana.com\/de\/wp-json\/wp\/v2\/types\/product"}],"wp:featuredmedia":[{"embeddable":true,"href":"https:\/\/www.boattoursamana.com\/de\/wp-json\/wp\/v2\/media\/13212"}],"wp:attachment":[{"href":"https:\/\/www.boattoursamana.com\/de\/wp-json\/wp\/v2\/media?parent=11589"}],"wp:term":[{"taxonomy":"product_cat","embeddable":true,"href":"https:\/\/www.boattoursamana.com\/de\/wp-json\/wp\/v2\/product_cat?post=11589"},{"taxonomy":"product_tag","embeddable":true,"href":"https:\/\/www.boattoursamana.com\/de\/wp-json\/wp\/v2\/product_tag?post=11589"}],"curies":[{"name":"wp","href":"https:\/\/api.w.org\/{rel}","templated":true}]}}