{"id":11750,"date":"2020-12-03T12:24:44","date_gmt":"2020-12-03T12:24:44","guid":{"rendered":"https:\/\/www.ticketswhales.com\/?post_type=product&#038;p=11750"},"modified":"2023-11-07T21:25:16","modified_gmt":"2023-11-07T21:25:16","slug":"bahia-de-las-aguilas-beach-day-trip-by-boat-day-pass-pedernales","status":"publish","type":"product","link":"https:\/\/www.boattoursamana.com\/de\/tour\/bahia-de-las-aguilas-strand-tagesausflug-mit-dem-boot-tagespass-pedernales-2","title":{"rendered":"Bah\u00eda de las Aguilas: Tagesausflug zum Strand mit dem Boot \u2013 Tageskarte \u2013 Pedernales"},"content":{"rendered":"<div class=\"vc_row wpb_row vc_row-fluid\" ><div class=\"wpb_column vc_column_container vc_col-sm-12\"><div class=\"vc_column-inner\"><div class=\"wpb_wrapper\"><div class=\"vc_btn3-container vc_btn3-inline\" ><button class=\"vc_general vc_btn3 vc_btn3-size-md vc_btn3-shape-rounded vc_btn3-style-modern vc_btn3-color-green\">BUCHEN SIE JETZT<\/button><\/div><div class=\"mkdf-section-title-holder\" style=\"text-align: left\">\n\t<div class=\"mkdf-st-inner\">\n\t\t\t\t\t<h5 class=\"mkdf-st-subtitle\" >\n\t\t\t\tTagespass - Schnorcheln &amp; Mittagessen\t\t\t<\/h5>\n\t\t\t\t\t\t\t<h3 class=\"mkdf-st-title\" >\n\t\t\t\tBah\u00eda de las Aguilas: Tagesausflug zum Strand mit dem Boot\t\t\t<\/h3>\n\t\t\t\t\t<\/div>\n<\/div><\/div><\/div><\/div><\/div><div class=\"vc_row wpb_row vc_row-fluid\" ><div class=\"wpb_column vc_column_container vc_col-sm-12\"><div class=\"vc_column-inner\"><div class=\"wpb_wrapper\">\n\t<div class=\"wpb_text_column wpb_content_element\" >\n\t\t<div class=\"wpb_wrapper\">\n\t\t\t<h4><b><i>\u00dcberblick<\/i><\/b><\/h4>\n<p>Genie\u00dfen Sie einen Tag am Strand und lassen Sie die Seele baumeln, weit weg von den Touristengebieten und dem ganzen Stress. Kommen Sie und entdecken Sie den Nationalpark Jaragua und Bahia de las \u00c1guilas. Fahren Sie entlang einer wundersch\u00f6nen Stra\u00dfe mit atemberaubendem Blick auf den kleinen Hafen und das Fischerdorf Cabo Rojo. In Las Cuevas besteigen Sie ein Boot, das Sie in einer 15-min\u00fctigen Fahrt zu einem der sch\u00f6nsten Naturstr\u00e4nde der Welt bringt. Der Sand von Bah\u00eda de las Aguilas ist unber\u00fchrt und die Bucht erstreckt sich \u00fcber 8 km. Erleben Sie eine au\u00dfergew\u00f6hnliche K\u00fcstenlandschaft mit kristallklarem Wasser, das in Schattierungen von T\u00fcrkis bis Opalblau schimmert und in den Horizont \u00fcbergeht. Das Mittagessen wird am Strand serviert, gehen Sie schwimmen oder schnorcheln und erkunden Sie dieses unber\u00fchrte Naturparadies.<\/p>\n<p>&nbsp;<\/p>\n<ul>\n<li>Lokaler Guide mit Sicherheitserfahrung in der Gegend.<\/li>\n<li>Privater Transport<\/li>\n<li>Geb\u00fchren inbegriffen<\/li>\n<li>Mittagessen<\/li>\n<li>Lokaler Reiseleiter in Spanisch, Englisch oder Franz\u00f6sisch.<\/li>\n<li>Wandern<\/li>\n<li>Schnorcheln<\/li>\n<\/ul>\n<h4><b>Einschl\u00fcsse &amp; Ausschl\u00fcsse<\/b><\/h4>\n<p>&nbsp;<\/p>\n<p><b>Einschl\u00fcsse<\/b><\/p>\n<ol>\n<li>Lokaler Guide mit Sicherheitserfahrung in der Gegend.<\/li>\n<li>Privater Transport f\u00fcr kleine Gruppen<\/li>\n<li>Alle Steuern, Geb\u00fchren und Bearbeitungsgeb\u00fchren<\/li>\n<li>Lokale Steuern<\/li>\n<li>Mittagessen<\/li>\n<li>Wandern<\/li>\n<li>Nat\u00fcrliche Pools<\/li>\n<li>Schnorcheln<\/li>\n<li>Alle Aktivit\u00e4ten<\/li>\n<\/ol>\n<p><b>Ausschl\u00fcsse<\/b><\/p>\n<ol>\n<li>Trinkgelder<\/li>\n<li>Alle Getr\u00e4nke<\/li>\n<\/ol>\n<h4><em><strong>Abreise &amp; R\u00fcckkehr<\/strong><\/em><\/h4>\n<p>Der Reisende erh\u00e4lt nach dem Reservierungsprozess einen Treffpunkt. Touren beginnen und enden an Ihren Treffpunkten.<\/p>\n<h2 class=\"styles__heading___mD4_3\" data-radium=\"true\">Bah\u00eda de las Aguilas: Tagesausflug zum Strand mit dem Boot \u2013 Tagespass \u2013 Schnorcheln &amp; Mittagessen<\/h2>\n<h4><em>Was zu erwarten ist?<\/em><\/h4>\n<p>Playa de las Aguilas wurde nach dem einheimischen Adler benannt. Die Tour findet im privaten Transport von Bahia de las Aguilas statt, wo Sie die Naturwunder dieses aphrodisischen Strandes auf eine ganz andere und nachhaltige Weise entdecken k\u00f6nnen. Verbringen Sie den Tag auf einer Naturtour durch den s\u00fcdlichen Teil des Landes, wo Sie die Bahia de las Aguila kennenlernen, einen der sch\u00f6nsten Str\u00e4nde der Dominikanischen Republik, wo wir mit dem Schnellboot zu diesem paradiesischen Strand, einer Gegend, gelangen vollst\u00e4ndig umweltrechtlich gesch\u00fctzt. Verbringen Sie eine entspannte Zeit in Bahia de las Aguilas, einem unbewohnten Naturschutzgebiet und Nationalpark, und genie\u00dfen Sie ein Barbecue-Mittagessen in den H\u00f6hlen.<\/p>\n<p>Die ruhige See und der leichte Wind werden Sie davon abhalten, zu sehr unter Sonne und Hitze zu leiden. Werden Sie f\u00fcr einen Tag zum Entdecker und entdecken Sie ein \u00f6kologisches, nat\u00fcrliches und v\u00f6llig unber\u00fchrtes Paradies. Sie k\u00f6nnen mehr als 130 Vogelarten beobachten, von denen 76 dauerhaft in der Bucht leben, 10 endemisch und 47 Zugv\u00f6gel sind.<\/p>\n<p>08.30 \u2013 Abfahrt vom Treffpunkt<br \/>\n08.45 \u2013 Abfahrt mit dem Boot vom Dorf La Cueva zur Bahia de las Aguilas<br \/>\n12.30 \u2013 Typisches Mittagessen am Strand<br \/>\n03.00 \u2013 R\u00fcckkehr nach La Cueva<br \/>\n05.30 \u2013 Ankunft am Treffpunkt<\/p>\n<h4><em><strong>Was sollten Sie mitbringen?<\/strong><\/em><\/h4>\n<ul>\n<li>Kamera<\/li>\n<li>Absto\u00dfende Knospen<\/li>\n<li>Sonnencreme<\/li>\n<li>Wasser<\/li>\n<li>Hut<\/li>\n<li>Bequeme Hose<\/li>\n<li>Wanderschuhe f\u00fcr den Wald<\/li>\n<li>Sandalen zu den Fr\u00fchlingsgebieten.<\/li>\n<li>Schwimmkleidung<\/li>\n<\/ul>\n<p>&nbsp;<\/p>\n<h4><b><i>Hotelabholung<\/i><\/b><\/h4>\n<p>Die Abholung vom Hotel wird f\u00fcr diese Tour gegen Aufpreis angeboten.<\/p>\n<p><b>Notiz:<\/b> Wenn Sie innerhalb von 24 Stunden vor der Abfahrtszeit der Tour\/des Ausflugs buchen, k\u00f6nnen wir die Abholung vom Hotel arrangieren. Wir holen nur in der Gegend von Pedernales ab. Sobald Ihr Kauf abgeschlossen ist, senden wir Ihnen die vollst\u00e4ndigen Kontaktinformationen (Telefonnummer, E-Mail-Adresse usw.) f\u00fcr unseren \u00f6rtlichen Reiseleiter, um die Abholung zu organisieren.<\/p>\n<h4><b><i>Zus\u00e4tzliche Info-Best\u00e4tigung<\/i><\/b><\/h4>\n<ol>\n<li>Tickets sind die Quittung, nachdem Sie f\u00fcr diese Tour bezahlt haben. Sie k\u00f6nnen die Zahlung auf Ihrem Telefon anzeigen.<\/li>\n<li>Treffpunkt Wird nach dem Reservierungsprozess bekannt gegeben.<\/li>\n<li>Kinder m\u00fcssen von einem Erwachsenen begleitet werden.<\/li>\n<li>Nicht rollstuhlgerecht<\/li>\n<li>Kleinkinder m\u00fcssen auf dem Scho\u00df sitzen<\/li>\n<li>F\u00fcr Reisende mit R\u00fcckenproblemen nicht zu empfehlen<\/li>\n<li>Nicht f\u00fcr schwangere Reisende empfohlen<\/li>\n<li>Keine Herzprobleme oder andere ernsthafte Erkrankungen<\/li>\n<li>Die meisten Reisenden k\u00f6nnen teilnehmen<\/li>\n<\/ol>\n<h4><b><i>Stornierungsbedingungen<\/i><\/b><\/h4>\n<p>F\u00fcr eine vollst\u00e4ndige R\u00fcckerstattung lesen Sie bitte unsere Stornierungsbedingungen\u00a0<a href=\"https:\/\/www.boattoursamana.com\/de\/online-buchung\/\" target=\"_blank\" rel=\"noopener\" data-saferedirecturl=\"https:\/\/www.google.com\/url?q=https:\/\/www.boattoursamana.com\/online-booking\/&amp;source=gmail&amp;ust=1672449202351000&amp;usg=AOvVaw1yAeVAPktmaVCqDujgUn90\">Klicke hier<\/a>. Das Geld geht verloren, wenn die Reservierung am selben Tag der Reise storniert wird.<\/p>\n\n\t\t<\/div>\n\t<\/div>\n<\/div><\/div><\/div><\/div><div class=\"vc_row wpb_row vc_row-fluid\" ><div class=\"wpb_column vc_column_container vc_col-sm-12\"><div class=\"vc_column-inner\"><div class=\"wpb_wrapper\"><div class=\"vc_btn3-container vc_btn3-inline\" ><button class=\"vc_general vc_btn3 vc_btn3-size-md vc_btn3-shape-rounded vc_btn3-style-modern vc_btn3-color-green\">BUCHEN SIE JETZT<\/button><\/div><\/div><\/div><\/div><\/div>","protected":false},"excerpt":{"rendered":"<p><span style=\"vertical-align: inherit;\"><span style=\"vertical-align: inherit;\">Kaufen Sie eine Tageskarte f\u00fcr Bahia las Aguilas in den Pedernales-Gebieten. Genie\u00dfen Sie einen Tag am Strand und lassen Sie die Seele baumeln, fernab von den Touristenattraktionen und dem ganzen Stress. Kommen Sie und entdecken Sie den Jaragua-Nationalpark und die Bah\u00eda de las \u00c1guilas. Fahren Sie entlang einer wundersch\u00f6nen Stra\u00dfe mit atemberaubender Aussicht auf den kleinen Hafen und das Fischerdorf Cabo Rojo. In Las Cuevas besteigen Sie ein Boot, das Sie in einer 15-min\u00fctigen Fahrt zu einem der sch\u00f6nsten Naturstr\u00e4nde der Welt bringt. Der Sand der Bay of Eagles ist unber\u00fchrt und die Bucht erstreckt sich \u00fcber 8 km.<\/span><\/span><\/p>\n<p>Erleben Sie eine au\u00dfergew\u00f6hnliche K\u00fcstenlandschaft mit kristallklarem Wasser, das in Schattierungen von T\u00fcrkis bis Opalblau glitzert und am Horizont verschmilzt. Das Mittagessen wird am Strand serviert, Sie k\u00f6nnen schwimmen oder schnorcheln und dieses unber\u00fchrte Naturparadies erkunden.<\/p>\n<p><em><strong>W\u00e4hlen Sie den Tag f\u00fcr diese Reise:<\/strong><\/em><\/p>","protected":false},"featured_media":9739,"template":"","meta":[],"product_cat":[549,160],"product_tag":[557,554,555,563,560,556,564,559,553,567,566,561,565,558,562],"class_list":["post-11750","product","type-product","status-publish","has-post-thumbnail","hentry","product_cat-bahia-de-las-aguilas-dominican-republic","product_cat-lunch","product_tag-bahia-de-las-aguilas","product_tag-bahia-de-las-aguilas-pedernales","product_tag-bahia-de-las-aguilas-beach-tour","product_tag-bahia-de-las-aguilas-hoteles","product_tag-bahia-de-las-aguilas-map","product_tag-bahia-de-las-aguilas-private-tour","product_tag-bahia-de-las-aguilas-republica-dominicana-hotel","product_tag-bahia-de-las-aguilas-tour-from-punta-cana","product_tag-bahia-de-las-aguilas-beach-day-trip-by-boat","product_tag-bahia-las-aguilas-tours","product_tag-barahona-tours","product_tag-closest-airport-to-bahia-de-las-aguilas","product_tag-hotel-barahona","product_tag-playa-bahia-de-las-aguilas-dominican-republic","product_tag-tours-a-bahia-de-las-aguilas-desde-santo-domingo"],"_links":{"self":[{"href":"https:\/\/www.boattoursamana.com\/de\/wp-json\/wp\/v2\/product\/11750","targetHints":{"allow":["GET"]}}],"collection":[{"href":"https:\/\/www.boattoursamana.com\/de\/wp-json\/wp\/v2\/product"}],"about":[{"href":"https:\/\/www.boattoursamana.com\/de\/wp-json\/wp\/v2\/types\/product"}],"wp:featuredmedia":[{"embeddable":true,"href":"https:\/\/www.boattoursamana.com\/de\/wp-json\/wp\/v2\/media\/9739"}],"wp:attachment":[{"href":"https:\/\/www.boattoursamana.com\/de\/wp-json\/wp\/v2\/media?parent=11750"}],"wp:term":[{"taxonomy":"product_cat","embeddable":true,"href":"https:\/\/www.boattoursamana.com\/de\/wp-json\/wp\/v2\/product_cat?post=11750"},{"taxonomy":"product_tag","embeddable":true,"href":"https:\/\/www.boattoursamana.com\/de\/wp-json\/wp\/v2\/product_tag?post=11750"}],"curies":[{"name":"wp","href":"https:\/\/api.w.org\/{rel}","templated":true}]}}