{"id":11778,"date":"2020-12-13T08:28:52","date_gmt":"2020-12-13T08:28:52","guid":{"rendered":"https:\/\/www.ticketswhales.com\/?post_type=product&#038;p=11778"},"modified":"2023-11-07T21:16:27","modified_gmt":"2023-11-07T21:16:27","slug":"hiking-trails-in-barahona-dominican-republic-cachote-mountains-tropical-fruits-swim","status":"publish","type":"product","link":"https:\/\/www.boattoursamana.com\/de\/tour\/wanderwege-in-barahona-dominikanische-republik-cachote-berge-tropische-fruchte-schwimmen-2","title":{"rendered":"Wanderwege in Barahona (Dominikanische Republik). Cachote-Berge, tropische Fr\u00fcchte und Schwimmen"},"content":{"rendered":"<div class=\"vc_row wpb_row vc_row-fluid\" ><div class=\"wpb_column vc_column_container vc_col-sm-12\"><div class=\"vc_column-inner\"><div class=\"wpb_wrapper\">\n\t<div class=\"wpb_text_column wpb_content_element\" >\n\t\t<div class=\"wpb_wrapper\">\n\t\t\t<p><span style=\"vertical-align: inherit;\"><span style=\"vertical-align: inherit;\"><\/p>\n\n\t\t<\/div>\n\t<\/div>\n<div class=\"vc_btn3-container vc_btn3-inline\" ><button class=\"vc_general vc_btn3 vc_btn3-size-md vc_btn3-shape-rounded vc_btn3-style-modern vc_btn3-color-green\">BUCHEN SIE JETZT<\/button><\/div>\n\t<div class=\"wpb_text_column wpb_content_element\" >\n\t\t<div class=\"wpb_wrapper\">\n\t\t\t<p><\/span><\/span><\/p>\n<div class=\"vc_row wpb_row vc_row-fluid\">\n<div class=\"wpb_column vc_column_container vc_col-sm-12\">\n<div class=\"vc_column-inner\">\n<div class=\"wpb_wrapper\">\n<div class=\"mkdf-section-title-holder\">\n<div class=\"mkdf-st-inner\">\n<h5 class=\"mkdf-st-subtitle\">Cachote-Berge, tropische Fr\u00fcchte und Schwimmen<\/h5>\n<h3 class=\"mkdf-st-title\">Wanderwege in Barahona (Dominikanische Republik).<\/h3>\n<\/div>\n<\/div>\n<\/div>\n<\/div>\n<\/div>\n<\/div>\n<div class=\"vc_row wpb_row vc_row-fluid\">\n<div class=\"wpb_column vc_column_container vc_col-sm-12\">\n<div class=\"vc_column-inner\">\n<div class=\"wpb_wrapper\">\n<div class=\"wpb_text_column wpb_content_element\">\n<div class=\"wpb_wrapper\">\n<h4><b><i>\u00dcberblick<\/i><\/b><\/h4>\n<p>Genie\u00dfen Sie einen Tag beim Wandern in den Bergen von Cachote, Barahona. Ausgehend von der Paraiso Community. Erfahren Sie mehr \u00fcber Kaffeeplantagen. Schwimmen in nat\u00fcrlichen Quellen und einem der sch\u00f6nsten Str\u00e4nde der Dominikanischen Republik mit malerischen Fotos.<\/p>\n<h4><b>Einschl\u00fcsse &amp; Ausschl\u00fcsse<\/b><\/h4>\n<p>&nbsp;<\/p>\n<p><b>Einschl\u00fcsse<\/b><\/p>\n<ol>\n<li>Lokaler Guide mit Sicherheitserfahrung in der Gegend.<\/li>\n<li>Privater Transport f\u00fcr kleine Gruppen<\/li>\n<li>Alle Steuern, Geb\u00fchren und Bearbeitungsgeb\u00fchren<\/li>\n<li>Abholung\/Transport von Ihrem Hotel (Bereich Barahona\/Para\u00edso\/Los Patos)<\/li>\n<li>Lokaler Reisef\u00fchrer, der Englisch oder Franz\u00f6sisch spricht<\/li>\n<li>Typisches Mittagessen (Typ Sandwiches) und eine Flasche Wasser<\/li>\n<li>Lokale Steuern<\/li>\n<li>Wandern<\/li>\n<li>Nat\u00fcrliche Pools<\/li>\n<\/ol>\n<p><b>Ausschl\u00fcsse<\/b><\/p>\n<ol>\n<li>Trinkgelder<\/li>\n<li>Alle Getr\u00e4nke<\/li>\n<li>Alle nicht ausdr\u00fccklich genannten Leistungen<\/li>\n<li>Pers\u00f6nliche Ausgaben und Trinkgelder<\/li>\n<\/ol>\n<h4><em><strong>Abreise &amp; R\u00fcckkehr<\/strong><\/em><\/h4>\n<p>Der Reisende erh\u00e4lt nach dem Reservierungsprozess einen Treffpunkt. Touren beginnen und enden an Ihren Treffpunkten.<\/p>\n<p>Schwierigkeitsgrad: Mittelschwer<br \/>\nDauer der Wanderung: 5-6 Stunden<br \/>\nH\u00f6he: 800 Meter<br \/>\nAbfahrt vom Hotel: 08.00 Uhr<br \/>\nR\u00fcckkehr zum Hotel: 17.00 Uhr<\/p>\n<h2 class=\"styles__heading___mD4_3\" data-radium=\"true\">Wanderwege in Barahona (Dominikanische Republik). Cachote Mountains, tropische Fr\u00fcchte und Schwimmen<\/h2>\n<h4><em>Was zu erwarten ist?<\/em><\/h4>\n<p>Wir beginnen diese Wanderung in der Stadt Ojeda, die f\u00fcr ihre gro\u00dfe Produktion von typisch karibischem Obst und Gem\u00fcse bekannt ist. Unterwegs k\u00f6nnen wir Avocados, Orangen, Grapefruits, Zitronen, Guaven, Mangos, Papayas, Sapotes und Soursop probieren!<\/p>\n<p>Nach anderthalb Stunden Aufstieg erreichen wir einen beeindruckenden Aussichtspunkt \u00fcber die Stadt Para\u00edso, den Riosito und die hohen Berge von Cachote.<\/p>\n<p>Wir werden in einem k\u00e4lteren und feuchteren Klima weiter klettern, bis wir die Stadt Barrio Nuevo erreichen, wo wir zu Mittag essen werden.<\/p>\n<p>Am Nachmittag \u00fcberqueren wir eine herrliche Kaffeefarm auf dem Gipfel des Berges auf 800 Metern \u00fcber dem Meeresspiegel. Dann steigen wir f\u00fcr 1 Stunde hinunter, bis wir die Riosito-Schlucht erreichen, wo wir in einem wundersch\u00f6nen nat\u00fcrlichen Pool baden k\u00f6nnen, der vom tropischen Wald umgeben ist.<\/p>\n<p>Gehen Sie weiter durch das Riosito-Tal, um den Tag mit einem Bad am Paraiso-Strand ausklingen zu lassen.<\/p>\n<h4><em><strong>Was sollten Sie mitbringen?<\/strong><\/em><\/h4>\n<ul>\n<li>Kamera<\/li>\n<li>Absto\u00dfende Knospen<\/li>\n<li>Sonnencreme<\/li>\n<li>Toilette<\/li>\n<li>Hut<\/li>\n<li>Bequeme Hose<\/li>\n<li>Wanderschuhe f\u00fcr den Wald<\/li>\n<li>Sandalen zu den Fr\u00fchlingsgebieten.<\/li>\n<li>Schwimmkleidung<\/li>\n<\/ul>\n<p>&nbsp;<\/p>\n<h4><b><i>Abholhotel<\/i><\/b><\/h4>\n<p>F\u00fcr diese Tour wird eine Hotelabholung angeboten. Abholung\/Transport von Ihrem Hotel (Bereich Barahona\/Paraiso\/Los Patos).<\/p>\n<p><b>Notiz:<\/b>\u00a0Wenn Ihre Buchung innerhalb von 24 Stunden vor der Abfahrtszeit der Tour\/des Ausflugs erfolgt, k\u00f6nnen wir eine Abholung vom Hotel arrangieren. Wir holen nur in Barahona-Gebieten ab. Sobald Ihr Kauf abgeschlossen ist, senden wir Ihnen die vollst\u00e4ndigen Kontaktinformationen (Telefonnummer, E-Mail-Adresse usw.) f\u00fcr unseren \u00f6rtlichen Reiseleiter, um die Abholung zu organisieren.<\/p>\n<h4><b><i>Zus\u00e4tzliche Info-Best\u00e4tigung<\/i><\/b><\/h4>\n<ol>\n<li>Tickets sind die Quittung nach Bezahlung dieser Tour. Sie k\u00f6nnen die Zahlung auf Ihrem Telefon anzeigen.<\/li>\n<li>Der Treffpunkt wird nach dem Reservierungsvorgang bekannt gegeben.<\/li>\n<li>Kinder m\u00fcssen von einem Erwachsenen begleitet werden.<\/li>\n<li>Nicht rollstuhlgerecht<\/li>\n<li>Kleinkinder m\u00fcssen auf dem Scho\u00df sitzen<\/li>\n<li>F\u00fcr Reisende mit R\u00fcckenproblemen nicht zu empfehlen<\/li>\n<li>Nicht f\u00fcr schwangere Reisende empfohlen<\/li>\n<li>Keine Herzprobleme oder andere ernsthafte Erkrankungen<\/li>\n<li>Die meisten Reisenden k\u00f6nnen teilnehmen<\/li>\n<\/ol>\n<h4><b><i>Stornierungsbedingungen<\/i><\/b><\/h4>\n<p>F\u00fcr eine vollst\u00e4ndige R\u00fcckerstattung m\u00fcssen Sie mindestens 72 Stunden vor Beginn des Erlebnisses stornieren. Das Geld geht verloren, wenn die Reservierung am selben Tag der Reise storniert wird.<\/p>\n<\/div>\n<\/div>\n<\/div>\n<\/div>\n<\/div>\n<\/div>\n\n\t\t<\/div>\n\t<\/div>\n<\/div><\/div><\/div><\/div><div class=\"wpb_column vc_column_container vc_col-sm-12\"><div class=\"vc_column-inner\"><div class=\"wpb_wrapper\"><\/div><\/div><\/div><div class=\"wpb_column vc_column_container vc_col-sm-12\"><div class=\"vc_column-inner\"><div class=\"wpb_wrapper\"><\/div><\/div><\/div>","protected":false},"excerpt":{"rendered":"<p>Kaufen Sie eine Tageskarte f\u00fcr Bahia las Aguilas in Barahona. Fahren Sie durch den Nationalpark Jaragua und weiter nach Cabo Rojo, wo ein Boot auf Sie wartet. Nach einer 15-min\u00fctigen Fahrt mit dem Boot erreichen Sie die wundersch\u00f6ne und abgelegene Bah\u00eda de las \u00c1guilas, die als der sch\u00f6nste Strand des Landes gilt. Das Mittagessen wird am Strand serviert und Sie haben die M\u00f6glichkeit, schwimmen zu gehen oder einfach am Strand zu entspannen. Genie\u00dfen Sie den unber\u00fchrten wei\u00dfen Sand dieses 8 km langen Strandes.<\/p>\n<p>&nbsp;<\/p>\n<p><strong>W\u00e4hlen Sie den Tag f\u00fcr diese Reise:<\/strong><\/p>","protected":false},"featured_media":11651,"template":"","meta":[],"product_cat":[160,847],"product_tag":[850,566,849,848],"class_list":["post-11778","product","type-product","status-publish","has-post-thumbnail","hentry","product_cat-lunch","product_cat-barahona","product_tag-barahona-hiking","product_tag-barahona-tours","product_tag-cachote-tour","product_tag-paraiso-tour"],"_links":{"self":[{"href":"https:\/\/www.boattoursamana.com\/de\/wp-json\/wp\/v2\/product\/11778","targetHints":{"allow":["GET"]}}],"collection":[{"href":"https:\/\/www.boattoursamana.com\/de\/wp-json\/wp\/v2\/product"}],"about":[{"href":"https:\/\/www.boattoursamana.com\/de\/wp-json\/wp\/v2\/types\/product"}],"wp:featuredmedia":[{"embeddable":true,"href":"https:\/\/www.boattoursamana.com\/de\/wp-json\/wp\/v2\/media\/11651"}],"wp:attachment":[{"href":"https:\/\/www.boattoursamana.com\/de\/wp-json\/wp\/v2\/media?parent=11778"}],"wp:term":[{"taxonomy":"product_cat","embeddable":true,"href":"https:\/\/www.boattoursamana.com\/de\/wp-json\/wp\/v2\/product_cat?post=11778"},{"taxonomy":"product_tag","embeddable":true,"href":"https:\/\/www.boattoursamana.com\/de\/wp-json\/wp\/v2\/product_tag?post=11778"}],"curies":[{"name":"wp","href":"https:\/\/api.w.org\/{rel}","templated":true}]}}