{"id":12091,"date":"2021-02-05T16:38:28","date_gmt":"2021-02-05T16:38:28","guid":{"rendered":"https:\/\/www.ticketswhales.com\/?post_type=product&#038;p=12091"},"modified":"2023-11-07T21:00:20","modified_gmt":"2023-11-07T21:00:20","slug":"27-waterfalls-buggies-tour-puerto-plata","status":"publish","type":"product","link":"https:\/\/www.boattoursamana.com\/de\/tour\/27-wasserfalle-buggy-tour-puerto-plata","title":{"rendered":"27 Wasserf\u00e4lle Buggys (Wandern und Schwimmen)"},"content":{"rendered":"<div class=\"vc_row wpb_row vc_row-fluid\" ><div class=\"wpb_column vc_column_container vc_col-sm-12\"><div class=\"vc_column-inner\"><div class=\"wpb_wrapper\"><div class=\"mkdf-section-title-holder\" style=\"text-align: left\">\n\t<div class=\"mkdf-st-inner\">\n\t\t\t\t\t<h5 class=\"mkdf-st-subtitle\" >\n\t\t\t\tMittagessen inklusive\t\t\t<\/h5>\n\t\t\t\t\t\t\t<h3 class=\"mkdf-st-title\" >\n\t\t\t\t27 Wasserf\u00e4lle Buggy Tour Puerto Plata\t\t\t<\/h3>\n\t\t\t\t\t<\/div>\n<\/div><div class=\"vc_message_box vc_message_box-standard vc_message_box-rounded vc_color-info\" ><div class=\"vc_message_box-icon\"><i class=\"fas fa-info-circle\"><\/i><\/div><p>Buchen Sie nur die Eintrittskarten oder mit Transport: <a href=\"https:\/\/www.boattoursamana.com\/de\/?s=27+waterfalls&amp;post_type=product&amp;dgwt_wcas=1\">Klicken Sie hier.<\/a><\/p>\n<\/div><div class=\"vc_empty_space\"   style=\"height: 32px\"><span class=\"vc_empty_space_inner\"><\/span><\/div><\/div><\/div><\/div><\/div><div class=\"vc_row wpb_row vc_row-fluid\" ><div class=\"wpb_column vc_column_container vc_col-sm-12\"><div class=\"vc_column-inner\"><div class=\"wpb_wrapper\"><div class=\"vc_btn3-container vc_btn3-inline\" ><button class=\"vc_general vc_btn3 vc_btn3-size-md vc_btn3-shape-rounded vc_btn3-style-modern vc_btn3-color-green\">BUCHEN SIE JETZT<\/button><\/div>\n\t<div class=\"wpb_text_column wpb_content_element\" >\n\t\t<div class=\"wpb_wrapper\">\n\t\t\t<h2 class=\"ui_header h1 attractions-product-info-ProductTitle__title--1qM0o\">27 Wasserf\u00e4lle Buggy Tour Puerto Plata<\/h2>\n<p><b><i>\u00dcberblick <\/i><\/b><\/p>\n<p>Holen Sie sich Ihre Tickets f\u00fcr Buggys in Puerto Plata zum niedrigsten Preis f\u00fcr die Damajagua-Wasserf\u00e4lle. Damajagua Gebiete mit den besten <strong data-key=\"puerto plata waterfall excursion\">ausflug zum puerto plata wasserfall.\u00a0<\/strong><\/p>\n<p>Es gibt keine aufregendere Art, die wilde dominikanische Landschaft zu erkunden, als einen dieser Buggys auf einer Tour, die von Locals vorgestellt wird. Nehmen Sie Offroad-Trails mit 27 Waldgebieten mit Wasserf\u00e4llen vor Ihrer Kulisse und schwimmen Sie bei diesem halbt\u00e4gigen Abenteuer am Morgen in einem Fluss oder am Strand.<\/p>\n<p>Nach fachkundiger Einweisung ist es an der Zeit, auf die Trails zu gehen und sich in die Landschaft zu wagen. Sie kommen an Palmenhainen, rustikalem Ackerland und D\u00f6rfern vorbei, w\u00e4hrend Sie die staubigen Dschungelpfade hinunterrasen \u2013 abseits der ausgetretenen Pfade.<\/p>\n<p>Es wird ein paar Boxenstopps geben, wo Sie sich eine frische Kokosnuss f\u00fcr die Stra\u00dfe holen k\u00f6nnen, wenn Sie Durst versp\u00fcren. Au\u00dferdem werden Sie auf die eine oder andere Weise schmutzig, also bringen Sie Ihre Badesachen mit und k\u00fchlen Sie sich am Strand oder nat\u00fcrlichen Fluss ab \u2013 eine sch\u00f6ne Art, sich abzustauben. Sie k\u00f6nnen auch einen aufregenden Tag mit einem kostenlosen eiskalten Bier oder Cocktail an der Basis ausklingen lassen. Kontaktieren Sie uns f\u00fcr unsere <strong>Wasserf\u00e4lle von Damajagua und Offroad-Buggy-Combo<\/strong> .<\/p>\n<ul>\n<li style=\"font-weight: 400;\">Geb\u00fchren inbegriffen<\/li>\n<li>Mittagessen<\/li>\n<li>Snacks<\/li>\n<li style=\"font-weight: 400;\">Lokaler Reiseleiter auf Englisch<\/li>\n<\/ul>\n<p>&nbsp;<\/p>\n<h4><b>Einschl\u00fcsse &amp; Ausschl\u00fcsse<\/b><\/h4>\n<p>&nbsp;<\/p>\n<p><b>Einschl\u00fcsse<\/b><\/p>\n<ol>\n<li>Mittagessen<\/li>\n<li style=\"font-weight: 400;\"><span style=\"font-weight: 400;\">Alle Steuern, Geb\u00fchren und Bearbeitungsgeb\u00fchren<\/span><\/li>\n<li style=\"font-weight: 400;\"><span style=\"font-weight: 400;\">Lokale Steuern<\/span><\/li>\n<li style=\"font-weight: 400;\"><span style=\"font-weight: 400;\">Getr\u00e4nke<\/span><\/li>\n<li>Snacks<\/li>\n<li style=\"font-weight: 400;\"><span style=\"font-weight: 400;\">Alle Aktivit\u00e4ten<\/span><\/li>\n<li style=\"font-weight: 400;\"><span style=\"font-weight: 400;\">Lokaler F\u00fchrer<\/span><\/li>\n<\/ol>\n<p><b> Ausschl\u00fcsse<\/b><\/p>\n<ol>\n<li style=\"font-weight: 400;\"><span style=\"font-weight: 400;\">Trinkgelder<\/span><\/li>\n<li>Transport (eingestellt durch Kontaktaufnahme mit uns)<\/li>\n<li style=\"font-weight: 400;\"><span style=\"font-weight: 400;\">Alkoholische Getr\u00e4nke<\/span><\/li>\n<\/ol>\n<p>&nbsp;<\/p>\n<p><em><strong>Abreise &amp; R\u00fcckkehr<\/strong><\/em><\/p>\n<p><span style=\"font-weight: 400;\">Der Reisende erh\u00e4lt nach dem Reservierungsprozess einen Treffpunkt. Touren beginnen und enden an Ihren Treffpunkten.<\/span><\/p>\n<h4><\/h4>\n<h3 class=\"ui_header h1 attractions-product-info-ProductTitle__title--1qM0o\">27 wasserf\u00e4lle von damajagua puerto plata touren ausfl\u00fcge<\/h3>\n<p><b><i>Was zu erwarten ist?<\/i><\/b><\/p>\n<div class=\"apd_content_block\" data-tab=\"TABS_OVERVIEW\"><\/div>\n<div data-tab=\"TABS_WHAT_TO_EXPECT\">\n<div class=\"ui_card attractions-card-CollapsibleProductDetailsCard__cardContainer--3r2wk attractions-card-CollapsibleProductDetailsCard__cleanslateOverrideDT--2AJh0\">\n<div class=\"attractions-card-CollapsibleCard__content--2Ws8q\">\n<div class=\"attractions-card-CollapsibleCard__contentWrap--374jk attractions-card-CollapsibleCard__titleUnderline--1uHze\">\n<div class=\"attractions-card-CollapsibleProductDetailsCard__cardContent--23ext\">\n<div class=\"common-text-ReadMore__readMore--3Iu8c common-text-ReadMore__variantFadeOut--1tInd\">\n<div class=\"common-text-ReadMore__content--2X4LR\">\n<div class=\"ui_columns is-desktop\">\n<div class=\"ui_column\">\n<p>Damajagua Buggys<\/p>\n<p>Lassen Sie uns unsere Motoren starten und eine aufregende Route durch schlammige Pfade, tropische W\u00e4lder und Fl\u00fcsse beginnen. Dies ist eine anderthalbst\u00fcndige Tour zwischen 10 und 15 Kilometern lang.<\/p>\n<p>Der erste Halt wird am Bajabonico River in der Bellaco Community sein. Unterwegs k\u00f6nnen Sie Obst kaufen und sogar von Einheimischen zubereitete Pattys essen.<\/p>\n<p>Wir werden die Buggy-Route zu den Gemeinden Bajabonico Arriba fortsetzen, wo wir das ausprobieren k\u00f6nnen\u00a0 <strong>Wassertemperatur der Wasserf\u00e4lle von Damajagua<\/strong> Palmar Grande und Los Felix. Sobald wir innerhalb dieser Gemeinden fahren, m\u00fcssen wir unsere Geschwindigkeit verlangsamen, weil die Kinder, Tiere und Einheimischen ihr normales Leben f\u00fchren.<br \/>\nWir steigen von den Fahrzeugen ab und haben die M\u00f6glichkeit, im S\u00fc\u00dfwasser des Flusses zu schwimmen!<br \/>\nAuf dem R\u00fcckweg nehmen wir eine Au\u00dfenstra\u00dfe, auf der wir bis zu 12 Mal den Fluss nacheinander \u00fcberqueren k\u00f6nnen.<br \/>\nSchlie\u00dflich kehren wir zum Treffpunkt zur\u00fcck und Sie k\u00f6nnen zu Ihrem Platz zur\u00fcckkehren und mit Ihren Freunden \u00fcber diese unvergessliche Tour sprechen.<\/p>\n<\/div>\n<\/div>\n<\/div>\n<\/div>\n<\/div>\n<\/div>\n<\/div>\n<\/div>\n<\/div>\n<p><em><strong>Was sollten Sie mitbringen?<\/strong><\/em><\/p>\n<ul>\n<li style=\"font-weight: 400;\"><span style=\"font-weight: 400;\">Kamera<\/span><\/li>\n<li style=\"font-weight: 400;\"><span style=\"font-weight: 400;\">Absto\u00dfende Knospen<\/span><\/li>\n<li style=\"font-weight: 400;\"><span style=\"font-weight: 400;\">Sonnencreme<\/span><\/li>\n<li style=\"font-weight: 400;\"><span style=\"font-weight: 400;\">Hut<\/span><\/li>\n<li style=\"font-weight: 400;\"><span style=\"font-weight: 400;\">Bequeme Hose<\/span><\/li>\n<li style=\"font-weight: 400;\"><span style=\"font-weight: 400;\">Wanderschuhe f\u00fcr den Wald<\/span><\/li>\n<li style=\"font-weight: 400;\"><span style=\"font-weight: 400;\">Sandalen zu den Fr\u00fchlingsgebieten.<\/span><\/li>\n<li style=\"font-weight: 400;\"><span style=\"font-weight: 400;\">Schwimmkleidung<\/span><\/li>\n<\/ul>\n<p>&nbsp;<\/p>\n<h3><b><i>Abholung vom Hotel:\u00a0<\/i><\/b><\/h3>\n<p><span style=\"font-weight: 400;\"><strong>Hotelabholung nicht<\/strong> f\u00fcr diese Tour angeboten. Wir richten die Abholung ein, indem Sie uns per WhatsApp kontaktieren. Wir haben Angebote f\u00fcr den Fall, dass Sie aus kommen <strong>Amber Cove 27 Wasserf\u00e4lle.\u00a0<\/strong><\/span><\/p>\n<p>&nbsp;<\/p>\n<p><b>Notiz:<\/b><span style=\"font-weight: 400;\"> Wenn Sie innerhalb von 24 Stunden vor der Abfahrtszeit der Tour\/des Ausflugs buchen, k\u00f6nnen wir die Abholung vom Hotel gegen Aufpreis arrangieren. Sobald Ihr Kauf abgeschlossen ist, senden wir Ihnen die vollst\u00e4ndigen Kontaktinformationen (Telefonnummer, E-Mail-Adresse usw.) f\u00fcr unseren \u00f6rtlichen Reiseleiter, um die Abholung zu organisieren.<\/span><\/p>\n<p><b><i>Zus\u00e4tzliche Info-Best\u00e4tigung <\/i><\/b><\/p>\n<ol>\n<li>Tickets sind die Quittung, nachdem Sie f\u00fcr diese Tour bezahlt haben. Sie k\u00f6nnen die Zahlung auf Ihrem Telefon anzeigen.<\/li>\n<li style=\"font-weight: 400;\"><span style=\"font-weight: 400;\">Treffpunkt Wird nach dem Reservierungsprozess bekannt gegeben.<\/span><\/li>\n<li style=\"font-weight: 400;\"><span style=\"font-weight: 400;\">Kinder m\u00fcssen von einem Erwachsenen begleitet werden.<\/span><\/li>\n<li style=\"font-weight: 400;\"><span style=\"font-weight: 400;\"> Nicht rollstuhlgerecht <\/span><\/li>\n<li style=\"font-weight: 400;\"><span style=\"font-weight: 400;\">Kleinkinder m\u00fcssen auf dem Scho\u00df sitzen <\/span><\/li>\n<li style=\"font-weight: 400;\"><span style=\"font-weight: 400;\">F\u00fcr Reisende mit R\u00fcckenproblemen nicht zu empfehlen<\/span><\/li>\n<li style=\"font-weight: 400;\"><span style=\"font-weight: 400;\">Nicht f\u00fcr schwangere Reisende empfohlen <\/span><\/li>\n<li style=\"font-weight: 400;\"><span style=\"font-weight: 400;\"> Keine Herzprobleme oder andere ernsthafte Erkrankungen <\/span><\/li>\n<li style=\"font-weight: 400;\"><span style=\"font-weight: 400;\">Die meisten Reisenden k\u00f6nnen teilnehmen<\/span><\/li>\n<\/ol>\n<h4><b><i>Stornierungsbedingungen<\/i><\/b><\/h4>\n<p>F\u00fcr eine vollst\u00e4ndige R\u00fcckerstattung lesen Sie bitte unsere Stornierungsbedingungen\u00a0<a href=\"https:\/\/www.boattoursamana.com\/de\/online-buchung\/\" target=\"_blank\" rel=\"noopener\" data-saferedirecturl=\"https:\/\/www.google.com\/url?q=https:\/\/www.boattoursamana.com\/online-booking\/&amp;source=gmail&amp;ust=1672449202351000&amp;usg=AOvVaw1yAeVAPktmaVCqDujgUn90\">Klicke hier<\/a>. Das Geld geht verloren, wenn die Reservierung am selben Tag der Reise storniert wird.<\/p>\n<p>&nbsp;<\/p>\n<p><em><strong>Personen suchen auch nach:\u00a0<\/strong><\/em><\/p>\n<p>\u00dcbersicht Einschl\u00fcsse Ausschl\u00fcsse Abreise<\/p>\n<p>einschl\u00fcsse ausschl\u00fcsse abreise zur\u00fcck<\/p>\n<p>Todesf\u00e4lle bei den Wasserf\u00e4llen von Damajagua<\/p>\n<p>27 Wasserf\u00e4lle Dominikanische Republik Tod<\/p>\n<p>Damajagua Wasserf\u00e4lle Preis<\/p>\n<p>&nbsp;<\/p>\n\n\t\t<\/div>\n\t<\/div>\n<\/div><\/div><\/div><\/div><div class=\"vc_row wpb_row vc_row-fluid\" ><div class=\"wpb_column vc_column_container vc_col-sm-12\"><div class=\"vc_column-inner\"><div class=\"wpb_wrapper\"><div class=\"vc_btn3-container vc_btn3-inline\" ><button class=\"vc_general vc_btn3 vc_btn3-size-md vc_btn3-shape-rounded vc_btn3-style-modern vc_btn3-color-green\">BUCHEN SIE JETZT<\/button><\/div>\n\t<div class=\"wpb_video_widget wpb_content_element vc_clearfix   vc_video-aspect-ratio-169 vc_video-el-width-100 vc_video-align-left\" >\n\t\t<div class=\"wpb_wrapper\">\n\t\t\t<h2 class=\"wpb_heading wpb_video_heading\">27 Wasserf\u00e4lle von Damajagua Tour ab Puerto Plata:<\/h2>\n\t\t\t<div class=\"wpb_video_wrapper\"><iframe loading=\"lazy\" title=\"27 Wasserf\u00e4lle von Damajagua von Booking Adventures &amp; Travel Dominikanische Republik\" width=\"1100\" height=\"619\" src=\"https:\/\/www.youtube.com\/embed\/AVNh_we_RQE?start=17&feature=oembed\" frameborder=\"0\" allow=\"accelerometer; autoplay; encrypted-media; gyroscope; picture-in-picture\" allowfullscreen><\/iframe><\/div>\n\t\t<\/div>\n\t<\/div>\n<\/div><\/div><\/div><\/div><div class=\"vc_row wpb_row vc_row-fluid\" ><\/div><div class=\"wpb_column vc_column_container vc_col-sm-12\"><div class=\"vc_column-inner\"><div class=\"wpb_wrapper\"><\/div><\/div><\/div><div class=\"vc_empty_space\"   style=\"height: 32px\"><span class=\"vc_empty_space_inner\"><\/span><\/div><div class=\"vc_empty_space\"   style=\"height: 32px\"><span class=\"vc_empty_space_inner\"><\/span><\/div><div class=\"vc_row wpb_row vc_row-fluid\" ><div class=\"wpb_column vc_column_container vc_col-sm-12\"><div class=\"vc_column-inner\"><div class=\"wpb_wrapper\"><div class=\"vc_btn3-container vc_btn3-inline\" ><button class=\"vc_general vc_btn3 vc_btn3-size-md vc_btn3-shape-rounded vc_btn3-style-modern vc_btn3-color-green\">BUCHEN SIE JETZT<\/button><\/div><\/div><\/div><\/div><\/div>","protected":false},"excerpt":{"rendered":"<p>Dieser Ausflug f\u00fchrt zu den 27 Wasserf\u00e4llen von Damajagua in Puerto Plata, Mittagessen und Besichtigung der 27 Wasserf\u00e4lle, Wanderung und Sprung zum Fluss.<\/p>\n<p>\u00d6kologischer Ausflug zu den 27 Wasserf\u00e4llen von Puerto Plata. Holen Sie sich hier Ihre Tickets f\u00fcr eine halbt\u00e4gige Tour zum Damajagua-Wasserfall 27. Eintrittskarten mit Mittagessen und Ausflug beinhalten Springen und Schwimmen in den sch\u00f6nsten Wasserf\u00e4llen der Dominikanischen Republik. Wandern und Schwimmen mit Sicherheitsausr\u00fcstung f\u00fcr das beste Erlebnis!<\/p>\n<p><strong><span style=\"vertical-align: inherit;\"><span style=\"vertical-align: inherit;\"><span style=\"vertical-align: inherit;\"><span style=\"vertical-align: inherit;\">Seleccione la fecha para el Tour:\u00a0<\/span><\/span><\/span><\/span><\/strong><\/p>","protected":false},"featured_media":12093,"template":"","meta":[],"product_cat":[283,947,864,159,253,252],"product_tag":[405,865,403,402,285,407],"class_list":["post-12091","product","type-product","status-publish","has-post-thumbnail","hentry","product_cat-damajagua","product_cat-1-puerto-plata","product_cat-buggies-puerto-plata","product_cat-fees-entrace","product_cat-tours-and-excursions","product_cat-waterfalls","product_tag-amber-cove-excursions","product_tag-buggies-puerto-plata","product_tag-damajagua-national-park","product_tag-how-to-get-to-27-waterfalls-from-puerto-plata","product_tag-puerto-plata","product_tag-things-to-do-in-amber-cove"],"_links":{"self":[{"href":"https:\/\/www.boattoursamana.com\/de\/wp-json\/wp\/v2\/product\/12091","targetHints":{"allow":["GET"]}}],"collection":[{"href":"https:\/\/www.boattoursamana.com\/de\/wp-json\/wp\/v2\/product"}],"about":[{"href":"https:\/\/www.boattoursamana.com\/de\/wp-json\/wp\/v2\/types\/product"}],"wp:featuredmedia":[{"embeddable":true,"href":"https:\/\/www.boattoursamana.com\/de\/wp-json\/wp\/v2\/media\/12093"}],"wp:attachment":[{"href":"https:\/\/www.boattoursamana.com\/de\/wp-json\/wp\/v2\/media?parent=12091"}],"wp:term":[{"taxonomy":"product_cat","embeddable":true,"href":"https:\/\/www.boattoursamana.com\/de\/wp-json\/wp\/v2\/product_cat?post=12091"},{"taxonomy":"product_tag","embeddable":true,"href":"https:\/\/www.boattoursamana.com\/de\/wp-json\/wp\/v2\/product_tag?post=12091"}],"curies":[{"name":"wp","href":"https:\/\/api.w.org\/{rel}","templated":true}]}}