{"id":12436,"date":"2021-03-24T09:58:12","date_gmt":"2021-03-24T09:58:12","guid":{"rendered":"https:\/\/www.ticketswhales.com\/?post_type=product&#038;p=12436"},"modified":"2023-11-07T20:30:52","modified_gmt":"2023-11-07T20:30:52","slug":"saona-island-rentals-rent-a-private-boat","status":"publish","type":"product","link":"https:\/\/www.boattoursamana.com\/de\/tour\/insel-saona-vermietung-mietet-ein-privates-boot-2","title":{"rendered":"Saona Island Rentals \u2013 Mieten Sie ein privates Boot"},"content":{"rendered":"<div class=\"vc_row wpb_row vc_row-fluid\" > <div class=\"wpb_column vc_column_container vc_col-sm-12\"><div class=\"vc_column-inner\"><div class=\"wpb_wrapper\"> \n\t<div class=\"wpb_text_column wpb_content_element\" >\n\t\t<div class=\"wpb_wrapper\">\n\t\t\t\n\t\t<\/div>\n\t<\/div>\n <\/div><\/div><\/div> <\/div> <div class=\"wpb_column vc_column_container vc_col-sm-12\"><div class=\"vc_column-inner\"><div class=\"wpb_wrapper\"> <div class=\"vc_btn3-container vc_btn3-inline\" ><button class=\"vc_general vc_btn3 vc_btn3-size-md vc_btn3-shape-rounded vc_btn3-style-modern vc_btn3-color-green\">BUCHEN SIE JETZT<\/button><\/div> <\/div><\/div><\/div> <div class=\"vc_tta-container\" data-vc-action=\"collapse\"><div class=\"vc_general vc_tta vc_tta-tabs vc_tta-color-grey vc_tta-style-classic vc_tta-shape-rounded vc_tta-spacing-1 vc_tta-tabs-position-top vc_tta-controls-align-left\"><div class=\"vc_tta-tabs-container\"><ul class=\"vc_tta-tabs-list\"><\/ul><\/div><div class=\"vc_tta-panels-container\"><div class=\"vc_tta-panels\"> <\/div><\/div><\/div><\/div> <div class=\"vc_tta-panel vc_active\" id=\"1616582286467-74629ea8-fd69\" data-vc-content=\".vc_tta-panel-body\"><div class=\"vc_tta-panel-heading\"><h4 class=\"vc_tta-panel-title\"><a href=\"#1616582286467-74629ea8-fd69\" data-vc-accordion data-vc-container=\".vc_tta-container\"><span class=\"vc_tta-title-text\">Beschreibung<\/span><\/a><\/h4><\/div><div class=\"vc_tta-panel-body\"> \n\t<div class=\"wpb_text_column wpb_content_element\" >\n\t\t<div class=\"wpb_wrapper\">\n\t\t\t<div class=\"custom-left\">\n<div class=\"row\">\n<div class=\"col-md-12 cust-clas\">\n<div class=\"product-header alignleft\">\n<p>INSEL SAONA \u2013 BOOT \u2013 VERMIETUNG<\/p>\n<p>GANZT\u00c4GIGER PRIVATER CHARTER ZUR INSEL SAONA<\/p>\n<p>FLEXIBLE DAUER \u2013 MONTAG BIS SONNTAG<\/p>\n<\/div>\n<\/div>\n<\/div>\n<\/div>\n<div class=\"custom-left para-p\">\n<div class=\"info_content_label\">\n<p>&nbsp;<\/p>\n<p>&nbsp;<\/p>\n<p>&nbsp;<\/p>\n<p>&nbsp;<\/p>\n<p>Mieten Sie dieses fabelhafte Boot f\u00fcr den ganzen Tag f\u00fcr bis zu 16 Personen, um die Insel Saona zu besuchen.<\/p>\n<p><strong>INKLUSIVE<\/strong><\/p>\n<ul>\n<li>Besatzung (Kapit\u00e4n und stellvertretender Kapit\u00e4n)<\/li>\n<li>Kraftstoff<\/li>\n<li>Eisk\u00fchler mit Eis<\/li>\n<\/ul>\n<p>Essen ist gegen eine zus\u00e4tzliche Geb\u00fchr erh\u00e4ltlich:<\/p>\n<p><strong>Einzelheiten zum traditionellen Mittagsbuffet, $15 USD p\/p:<\/strong><\/p>\n<p>-Gr\u00fcner Salat, Russischer Salat<\/p>\n<p>-Knight<\/p>\n<p>-Moro de Guandule (Reis nach dominikanischer Art) mit Kokosnuss<\/p>\n<p>-Nudeln in Tomatenso\u00dfe-Kassettenaufl\u00e4ufe<\/p>\n<p>-Gegrillter Fisch und Huhn (Dorado) + wahlweise Kokosmilchsauce<\/p>\n<p>-frisches Obst-1 alkoholfreies Getr\u00e4nk (Softdrink oder Wasser)<br \/>\n-Cafeteria<\/p>\n<p><strong>Zus\u00e4tzlicher Hummerservice + Kokosnussfondant $19 USD (zus\u00e4tzlich).<\/strong><\/p>\n<\/div>\n<p><strong><label>Nicht enthalten:<\/label><\/strong> Getr\u00e4nke und Essen sind NICHT inbegriffen und k\u00f6nnen gegen Aufpreis arrangiert werden.<\/p>\n<p>&nbsp;<\/p>\n<\/div>\n<p>Wenn Sie weitere Informationen ben\u00f6tigen oder Fragen haben, z\u00f6gern Sie nicht, uns per Whatsapp zu kontaktieren: +1-809-720-6035 oder Live-Chat. Wir bieten den besten Preis online!<\/p>\n<p>&nbsp;<\/p>\n<h4><b><i>Stornierungsbedingungen<\/i><\/b><\/h4>\n<p>F\u00fcr eine vollst\u00e4ndige R\u00fcckerstattung lesen Sie bitte unsere Stornierungsbedingungen <a href=\"https:\/\/www.boattoursamana.com\/de\/online-buchung\/\" target=\"_blank\" rel=\"noopener\" data-saferedirecturl=\"https:\/\/www.google.com\/url?q=https:\/\/www.boattoursamana.com\/online-booking\/&amp;source=gmail&amp;ust=1672449202351000&amp;usg=AOvVaw1yAeVAPktmaVCqDujgUn90\">Klicke hier<\/a>. Das Geld verf\u00e4llt, wenn die Buchung am selben Tag storniert wird. <\/p>\n\n\t\t<\/div>\n\t<\/div>\n <\/div><\/div> <div class=\"vc_tta-panel\" id=\"1616580432722-00be9baf-46e3\" data-vc-content=\".vc_tta-panel-body\"><div class=\"vc_tta-panel-heading\"><h4 class=\"vc_tta-panel-title\"><a href=\"#1616580432722-00be9baf-46e3\" data-vc-accordion data-vc-container=\".vc_tta-container\"><span class=\"vc_tta-title-text\">Preise<\/span><\/a><\/h4><\/div><div class=\"vc_tta-panel-body\"> <\/div><\/div> <div class=\"mkdf-section-title-holder\" style=\"text-align: center\">\n\t<div class=\"mkdf-st-inner\">\n\t\t\t\t\t\t\t<h3 class=\"mkdf-st-title\" >\n\t\t\t\tPREISE\t\t\t<\/h3>\n\t\t\t\t\t<\/div>\n<\/div> <div class=\"vc_empty_space\"   style=\"height: 32px\"><span class=\"vc_empty_space_inner\"><\/span><\/div> <div class=\"vc_row wpb_row vc_row-fluid\" > <div class=\"wpb_column vc_column_container vc_col-sm-12\"><div class=\"vc_column-inner\"><div class=\"wpb_wrapper\"> <div class=\"vc_btn3-container vc_btn3-inline\" ><button class=\"vc_general vc_btn3 vc_btn3-size-md vc_btn3-shape-rounded vc_btn3-style-modern vc_btn3-color-green\">BUCHEN SIE JETZT<\/button><\/div> <\/div><\/div><\/div> <\/div>","protected":false},"excerpt":{"rendered":"<p>Bootsverleih auf der Insel Saona \u2013 Mieten Sie ein privates Boot, eine Yacht, ein Segelboot oder einen Katamaran und erkunden Sie die Insel Saona. Saona Top Bootstouren und Katamaranausfl\u00fcge vom Hafen Bayahibe in der Dominikanischen Republik \u2026 Am Anfang war es eine Bootsvermietung f\u00fcr den lokalen Tourismus.<\/p>\n<p><strong>Buchen Sie Ihr Privatboot:\u00a0<\/strong><\/p>","protected":false},"featured_media":11544,"template":"","meta":[],"product_cat":[871],"product_tag":[874,875,872,876,873],"class_list":["post-12436","product","type-product","status-publish","has-post-thumbnail","hentry","product_cat-rent-private-boat-saona-island","product_tag-saona-island-boat-rent","product_tag-saona-island-boat-rentals","product_tag-saona-island-boat-renting","product_tag-saona-island-private-boat","product_tag-saona-island-rentals"],"_links":{"self":[{"href":"https:\/\/www.boattoursamana.com\/de\/wp-json\/wp\/v2\/product\/12436","targetHints":{"allow":["GET"]}}],"collection":[{"href":"https:\/\/www.boattoursamana.com\/de\/wp-json\/wp\/v2\/product"}],"about":[{"href":"https:\/\/www.boattoursamana.com\/de\/wp-json\/wp\/v2\/types\/product"}],"wp:featuredmedia":[{"embeddable":true,"href":"https:\/\/www.boattoursamana.com\/de\/wp-json\/wp\/v2\/media\/11544"}],"wp:attachment":[{"href":"https:\/\/www.boattoursamana.com\/de\/wp-json\/wp\/v2\/media?parent=12436"}],"wp:term":[{"taxonomy":"product_cat","embeddable":true,"href":"https:\/\/www.boattoursamana.com\/de\/wp-json\/wp\/v2\/product_cat?post=12436"},{"taxonomy":"product_tag","embeddable":true,"href":"https:\/\/www.boattoursamana.com\/de\/wp-json\/wp\/v2\/product_tag?post=12436"}],"curies":[{"name":"wp","href":"https:\/\/api.w.org\/{rel}","templated":true}]}}