{"id":12450,"date":"2021-03-27T06:52:26","date_gmt":"2021-03-27T06:52:26","guid":{"rendered":"https:\/\/www.ticketswhales.com\/?post_type=product&#038;p=12450"},"modified":"2023-03-22T10:10:45","modified_gmt":"2023-03-22T10:10:45","slug":"saona-island-rentals-rent-a-private-boat-small","status":"publish","type":"product","link":"https:\/\/www.boattoursamana.com\/de\/tour\/insel-saona-mieten-ein-privates-boot-mieten-klein-2","title":{"rendered":"Saona Island Rentals \u2013 Mieten Sie ein kleines privates Boot"},"content":{"rendered":"<div class=\"vc_row wpb_row vc_row-fluid\" ><div class=\"wpb_column vc_column_container vc_col-sm-12\"><div class=\"vc_column-inner\"><div class=\"wpb_wrapper\">\n\t<div class=\"wpb_text_column wpb_content_element\" >\n\t\t<div class=\"wpb_wrapper\">\n\t\t\t<p> <span style=\"vertical-align: inherit;\"><span style=\"vertical-align: inherit;\"><\/p>\n\n\t\t<\/div>\n\t<\/div>\n<\/div><\/div><\/div><\/div><div class=\"vc_row wpb_row vc_row-fluid\" ><\/div><div class=\"wpb_column vc_column_container vc_col-sm-12\"><div class=\"vc_column-inner\"><div class=\"wpb_wrapper\"><\/div><\/div><\/div><div class=\"vc_tta-container\" data-vc-action=\"collapse\"><div class=\"vc_general vc_tta vc_tta-tabs vc_tta-color-grey vc_tta-style-classic vc_tta-shape-rounded vc_tta-spacing-1 vc_tta-tabs-position-top vc_tta-controls-align-left\"><div class=\"vc_tta-tabs-container\"><ul class=\"vc_tta-tabs-list\"><\/ul><\/div><div class=\"vc_tta-panels-container\"><div class=\"vc_tta-panels\"><\/div><\/div><\/div><\/div><div class=\"vc_tta-panel vc_active\" id=\"1616582286467-74629ea8-fd69\" data-vc-content=\".vc_tta-panel-body\"><div class=\"vc_tta-panel-heading\"><h4 class=\"vc_tta-panel-title\"><a href=\"#1616582286467-74629ea8-fd69\" data-vc-accordion data-vc-container=\".vc_tta-container\"><span class=\"vc_tta-title-text\">Beschreibung<\/span><\/a><\/h4><\/div><div class=\"vc_tta-panel-body\"><div class=\"vc_btn3-container vc_btn3-inline\" ><a class=\"vc_general vc_btn3 vc_btn3-size-md vc_btn3-shape-rounded vc_btn3-style-modern vc_btn3-color-green\" href=\"https:\/\/bookingadventures.tours\/booking.php?tour_id=c5b4dcf89f4d6ad59b861fe6cfa59959\" title=\"\" rel=\"noopener\">BUCHEN SIE JETZT<\/a><\/div>\n\t<div class=\"wpb_text_column wpb_content_element\" >\n\t\t<div class=\"wpb_wrapper\">\n\t\t\t<p>\u00a0<\/span><\/span><\/p>\n<div class=\"custom-left\">\n<div class=\"row\">\n<div class=\"col-md-12 cust-clas\">\n<div class=\"product-header alignleft\">\n<p><span style=\"vertical-align: inherit;\"><span style=\"vertical-align: inherit;\">INSEL SAONA \u2013 BOOT \u2013 VERMIETUNG<\/span><\/span><\/p>\n<p><span style=\"vertical-align: inherit;\"><span style=\"vertical-align: inherit;\">GANZT\u00c4GIGER PRIVATER CHARTER ZUR INSEL SAONA<\/span><\/span><\/p>\n<p><span style=\"vertical-align: inherit;\"><span style=\"vertical-align: inherit;\">FLEXIBLE DAUER \u2013 MONTAG BIS SONNTAG<\/span><\/span><\/p>\n<\/div>\n<\/div>\n<\/div>\n<\/div>\n<div class=\"custom-left para-p\">\n<div class=\"info_content_label\">\n<p>&nbsp;<\/p>\n<p>&nbsp;<\/p>\n<p>&nbsp;<\/p>\n<p>&nbsp;<\/p>\n<p>Mieten Sie dieses fabelhafte Boot f\u00fcr den ganzen Tag f\u00fcr bis zu 16 Personen, um die Insel Saona zu besuchen.<\/p>\n<p><strong>EINSCHLIESSLICH<\/strong><\/p>\n<ul>\n<li>Besatzung (Kapit\u00e4n und Assistent des Kapit\u00e4ns)<\/li>\n<li>Kraftstoff<\/li>\n<li>Eisk\u00fchler mit Eis<\/li>\n<\/ul>\n<p>Speisen sind gegen Aufpreis erh\u00e4ltlich:<\/p>\n<p><strong>Details zum traditionellen Mittagsbuffet, $15 USD p\/P:<\/strong><\/p>\n<p>-Gr\u00fcner Salat, Russischer Salat<br \/>\n-Brot<br \/>\n-Moro de Guandule (Reis nach dominikanischer Art) mit Kokosnuss<br \/>\n-Nudeln in Tomatensauce<br \/>\n- Yuca-Aufl\u00e4ufe<br \/>\n-Fisch und gegrilltes H\u00fchnchen (Dorado) + optionale Kokosmilchsauce<br \/>\n-Frisches Obst<br \/>\n-1 alkoholfreies Getr\u00e4nk (Soda oder Wasser)<br \/>\n-Kaffee<\/p>\n<p><strong>Zus\u00e4tzlicher Hummerservice + Kokosbonbons $19 USD (zus\u00e4tzlich).<\/strong><\/p>\n<\/div>\n<p><strong><label>Nicht enthalten:<\/label><\/strong> Getr\u00e4nke und Essen sind NICHT inbegriffen und k\u00f6nnen gegen Aufpreis arrangiert werden.<\/p>\n<p>&nbsp;<\/p>\n<\/div>\n<p>Wenn Sie weitere Informationen ben\u00f6tigen oder Fragen haben, z\u00f6gern Sie nicht, uns per WhatsApp zu kontaktieren: +1-809-720-6035 oder Live-Chat. Wir bieten den besten Preis online!<\/p>\n<p>&nbsp;<\/p>\n<h4><b><i>Stornierungsbedingungen<\/i><\/b><\/h4>\n<p>F\u00fcr eine vollst\u00e4ndige R\u00fcckerstattung lesen Sie bitte unsere Stornierungsbedingungen <a href=\"https:\/\/www.boattoursamana.com\/de\/online-buchung\/\" target=\"_blank\" rel=\"noopener\" data-saferedirecturl=\"https:\/\/www.google.com\/url?q=https:\/\/www.boattoursamana.com\/online-booking\/&amp;source=gmail&amp;ust=1672449202351000&amp;usg=AOvVaw1yAeVAPktmaVCqDujgUn90\">Klicke hier<\/a>. Das Geld geht verloren, wenn die Reservierung am selben Tag der Reise storniert wird.<\/p>\n\n\t\t<\/div>\n\t<\/div>\n<\/div><\/div><div class=\"vc_tta-panel\" id=\"1616580432722-00be9baf-46e3\" data-vc-content=\".vc_tta-panel-body\"><div class=\"vc_tta-panel-heading\"><h4 class=\"vc_tta-panel-title\"><a href=\"#1616580432722-00be9baf-46e3\" data-vc-accordion data-vc-container=\".vc_tta-container\"><span class=\"vc_tta-title-text\">Preis<\/span><\/a><\/h4><\/div><div class=\"vc_tta-panel-body\"> <\/div><\/div><div class=\"mkdf-section-title-holder\" style=\"text-align: center\">\n\t<div class=\"mkdf-st-inner\">\n\t\t\t\t\t\t\t<h3 class=\"mkdf-st-title\" >\n\t\t\t\tPREIS\t\t\t<\/h3>\n\t\t\t\t\t<\/div>\n<\/div><div class=\"vc_empty_space\"   style=\"height: 32px\"><span class=\"vc_empty_space_inner\"><\/span><\/div><div class=\"vc_row wpb_row vc_row-fluid\" ><div class=\"wpb_column vc_column_container vc_col-sm-12\"><div class=\"vc_column-inner\"><div class=\"wpb_wrapper\"><div class=\"vc_btn3-container vc_btn3-inline\" ><a class=\"vc_general vc_btn3 vc_btn3-size-md vc_btn3-shape-rounded vc_btn3-style-modern vc_btn3-color-green\" href=\"https:\/\/bookingadventures.tours\/booking.php?tour_id=c5b4dcf89f4d6ad59b861fe6cfa59959\" title=\"\" rel=\"noopener\">BUCHEN SIE JETZT<\/a><\/div><\/div><\/div><\/div><\/div>","protected":false},"excerpt":{"rendered":"Descripci\u00f3nBOOK NOW \u00a0 SAONA ISLAND - BOAT - RENTAL FULL DAY PRIVATE CHARTER TO SAONA ISLAND FLEXIBLE DURATION - MONDAY TO SUNDAY &nbsp; &nbsp; &nbsp; &nbsp; Rent this fabulous boat for the full day for up to 16 people to visit the Saona Island. INCLUDING Crew (Capitan and Captain's Assistant) Fuel Ice cooler with ice Food is available for an extra price: Details of the Traditional Buffet lunch, $15 USD p\/p: -Green salad, Russian Salad -Bread -Moro de Guandule (Rice [...]","protected":false},"featured_media":12452,"template":"","meta":[],"product_cat":[871],"product_tag":[874,875,872,876,873],"class_list":["post-12450","product","type-product","status-publish","has-post-thumbnail","hentry","product_cat-rent-private-boat-saona-island","product_tag-saona-island-boat-rent","product_tag-saona-island-boat-rentals","product_tag-saona-island-boat-renting","product_tag-saona-island-private-boat","product_tag-saona-island-rentals"],"_links":{"self":[{"href":"https:\/\/www.boattoursamana.com\/de\/wp-json\/wp\/v2\/product\/12450","targetHints":{"allow":["GET"]}}],"collection":[{"href":"https:\/\/www.boattoursamana.com\/de\/wp-json\/wp\/v2\/product"}],"about":[{"href":"https:\/\/www.boattoursamana.com\/de\/wp-json\/wp\/v2\/types\/product"}],"wp:featuredmedia":[{"embeddable":true,"href":"https:\/\/www.boattoursamana.com\/de\/wp-json\/wp\/v2\/media\/12452"}],"wp:attachment":[{"href":"https:\/\/www.boattoursamana.com\/de\/wp-json\/wp\/v2\/media?parent=12450"}],"wp:term":[{"taxonomy":"product_cat","embeddable":true,"href":"https:\/\/www.boattoursamana.com\/de\/wp-json\/wp\/v2\/product_cat?post=12450"},{"taxonomy":"product_tag","embeddable":true,"href":"https:\/\/www.boattoursamana.com\/de\/wp-json\/wp\/v2\/product_tag?post=12450"}],"curies":[{"name":"wp","href":"https:\/\/api.w.org\/{rel}","templated":true}]}}