{"id":12453,"date":"2021-03-27T19:17:04","date_gmt":"2021-03-27T19:17:04","guid":{"rendered":"https:\/\/www.ticketswhales.com\/?post_type=product&#038;p=12453"},"modified":"2023-11-07T20:26:43","modified_gmt":"2023-11-07T20:26:43","slug":"los-haitises-tainos-canoe-mountain-bike-tour","status":"publish","type":"product","link":"https:\/\/www.boattoursamana.com\/de\/tour\/los-haitises-tainos-kanu-mountainbike-tour","title":{"rendered":"Mountainbikes + Tainos Kanu Los Haitises"},"content":{"rendered":"<div class=\"vc_row wpb_row vc_row-fluid\" ><div class=\"wpb_column vc_column_container vc_col-sm-12\"><div class=\"vc_column-inner\"><div class=\"wpb_wrapper\"><div class=\"vc_btn3-container vc_btn3-inline\" ><button class=\"vc_general vc_btn3 vc_btn3-size-md vc_btn3-shape-rounded vc_btn3-style-modern vc_btn3-color-green\">BUCHEN SIE JETZT<\/button><\/div>\n\t<div class=\"wpb_text_column wpb_content_element\" >\n\t\t<div class=\"wpb_wrapper\">\n\t\t\t<p><span style=\"vertical-align: inherit;\"><span style=\"vertical-align: inherit;\"><\/p>\n\n\t\t<\/div>\n\t<\/div>\n\n\t<div class=\"wpb_text_column wpb_content_element\" >\n\t\t<div class=\"wpb_wrapper\">\n\t\t\t<p><\/span><\/span><\/p>\n<h2>Mountainbikes + Tainos Kanu Los Haitises<\/h2>\n<p>&nbsp;<\/p>\n<p>Reisen Sie mit einem lokalen Experten und erleben Sie das einzigartige Erlebnis des Radfahrens ab Sabana de la Mar. Diese Tour f\u00fchrt Sie durch die wundersch\u00f6ne Landschaft der Dominikanischen Republik. W\u00e4hrend Sie mit dem Fahrrad fahren, k\u00f6nnen Sie Hallo sagen! zu den Bauern, die mit ihren Pferden oder Motorr\u00e4dern zu ihrem Grundst\u00fcck fahren, und w\u00e4hrend der Tour k\u00f6nnen Sie in das Abenteuer und die lokale Kultur von Sabana de la Mar eintauchen. Einige Fakten \u00fcber Los Haitises: ist eine der gr\u00f6\u00dften Kalksteinformationen der Welt, ein Ort f\u00fcr die Erhaltung endemischer Arten, Ort mit dem gr\u00f6\u00dften Teil der Biodiversit\u00e4t der Insel, es gibt einen der gr\u00f6\u00dften Mangrovenw\u00e4lder von Quisqueya und die H\u00f6hle mit den meisten Piktogrammen der Karibik.<\/p>\n<p>Neugierig auf das t\u00e4gliche Leben der Ta\u00ednos? Mit der Aktivit\u00e4t Taino Adventure werden Sie in die Vergangenheit zur\u00fcckversetzt, um die Welt der indigenen V\u00f6lker der Dominikanischen Republik zu erleben.<\/p>\n<p>Das Kanu war wohl der wichtigste Teil des Lebens der Ta\u00ednos. Damit fischten sie, reisten zu kleineren Inseln, kommunizierten mit anderen St\u00e4mmen und besuchten Schamanen f\u00fcr Rituale, Heilungen und Prophezeiungen. Wir von Booking Adventures m\u00f6chten Sie in die Welt der Ta\u00ednos eintauchen lassen.<\/p>\n<p>&nbsp;<\/p>\n<h4><a id=\"inclusions-exclusions\" class=\"aal_anchor\" href=\"https:\/\/bookingadventures.com.do\/dominicantour\/mountain-bikes-tainos-canoe-los-haitises\/#inclusions-exclusions\" aria-hidden=\"true\" rel=\"noopener\"><\/a><b>Einschl\u00fcsse &amp; Ausschl\u00fcsse<\/b><\/h4>\n<p><b>Einschl\u00fcsse<\/b><\/p>\n<ol>\n<li>Kanutour<\/li>\n<li>Mountainbikes<\/li>\n<li>Kostenloses T-Shirt mit Tainos Piktogramm<\/li>\n<li>Geschmack von Casabe-Brot<\/li>\n<li>H\u00f6hlentouren<\/li>\n<li>Alle Steuern, Geb\u00fchren und Bearbeitungsgeb\u00fchren<\/li>\n<li>Lokale Steuern<\/li>\n<li>Lokaler F\u00fchrer<\/li>\n<\/ol>\n<p><b>Ausschl\u00fcsse<\/b><\/p>\n<ol>\n<li>Trinkgelder<\/li>\n<li>\u00dcberweisen<\/li>\n<li>Das Mittagessen ist nicht inbegriffen<\/li>\n<li>Alkoholische Getr\u00e4nke<\/li>\n<\/ol>\n<p>&nbsp;<\/p>\n<h4><a id=\"departure-return\" class=\"aal_anchor\" href=\"https:\/\/bookingadventures.com.do\/dominicantour\/mountain-bikes-tainos-canoe-los-haitises\/#departure-return\" aria-hidden=\"true\" rel=\"noopener\"><\/a><em><strong>Abreise &amp; R\u00fcckkehr<\/strong><\/em><\/h4>\n<p>Der Reisende erh\u00e4lt nach dem Reservierungsprozess einen Treffpunkt. Die Touren beginnen und enden an unseren Treffpunkten.<\/p>\n<h4><a id=\"what-to-expect\" class=\"aal_anchor\" href=\"https:\/\/bookingadventures.com.do\/dominicantour\/mountain-bikes-tainos-canoe-los-haitises\/#what-to-expect\" aria-hidden=\"true\" rel=\"noopener\"><\/a><b><i>Was zu erwarten ist?<\/i><\/b><\/h4>\n<p>Bei dieser Aktivit\u00e4t machen Sie sich wie die Ta\u00ednos in den handgefertigten Kanus auf den Weg. Sie werden viele der Ger\u00e4usche h\u00f6ren, die ihre Verbindung zur Natur kennzeichneten: das Rufen von Kranichen, das Eintauchen von Krabben ins Wasser und das sanfte Pl\u00e4tschern von Wellen gegen nat\u00fcrliche Felsformationen. Die B\u00f6gen der Mangrovenwurzeln werden Sie an Kathedralen erinnern, und tats\u00e4chlich waren die Ta\u00ednos (obwohl sie keine Kirchen hatten) zutiefst spirituell. Sobald Sie sich mit unserem Guide auf den Weg gemacht haben, werden Sie die reiche Vielfalt an V\u00f6geln, Reptilien und Fischen der Mangroven genie\u00dfen. Verzaubert vom Funkeln der Wellen, die im Morgenlicht blinzeln, den Bergen von Saman\u00e1 in der Ferne und dem Smaragdgr\u00fcn der sich wiegenden Palmen.<\/p>\n<p>Als n\u00e4chstes k\u00f6nnen Sie einige der H\u00f6hlen besuchen, die f\u00fcr die Ta\u00ednos besonders wichtig waren. Sie reisten von H\u00f6hle zu H\u00f6hle, besuchten weise M\u00e4nner, suchten Schutz vor Hurrikanen und trafen sich mit anderen St\u00e4mmen. Sobald Sie in den H\u00f6hlen sind, werden Sie die Stille und die geheiligte Aura des Raums genie\u00dfen k\u00f6nnen. Sie werden einige der Felszeichnungen sehen, die Petroglyphen genannt werden und ihre Gottheiten und Geister darstellen. Schlie\u00dflich k\u00f6nnen Sie einige der gleichen tropischen Fr\u00fcchte probieren, die Ta\u00ednos gesammelt hat, bevor Sie zum Treffpunkt zur\u00fcckkehren.<\/p>\n<p>Auf dieser Tour beschreiben unsere erfahrenen Guides die vielen Verwendungsm\u00f6glichkeiten des Kanus, wie die Ta\u00ednos vor Kolumbus lebten und wie wichtig der Mangrovenwald f\u00fcr die Gesundheit der Umwelt ist.<\/p>\n<p>&nbsp;<\/p>\n<h4><a id=\"what-you-should-bring\" class=\"aal_anchor\" href=\"https:\/\/bookingadventures.com.do\/dominicantour\/mountain-bikes-tainos-canoe-los-haitises\/#what-you-should-bring\" aria-hidden=\"true\" rel=\"noopener\"><\/a><em><strong>Was sollten Sie mitbringen?<\/strong><\/em><\/h4>\n<ul>\n<li>Kamera<\/li>\n<li>Absto\u00dfende Knospen<\/li>\n<li>Sonnencreme<\/li>\n<li>Hut<\/li>\n<li>Bequeme Hose<\/li>\n<li>Sandalen oder Schuhe f\u00fcr schlammige Bereiche.<\/li>\n<li>Schwimmkleidung<\/li>\n<\/ul>\n<p>&nbsp;<\/p>\n<h4><a id=\"hotel-pickup\" class=\"aal_anchor\" href=\"https:\/\/bookingadventures.com.do\/dominicantour\/mountain-bikes-tainos-canoe-los-haitises\/#hotel-pickup\" aria-hidden=\"true\" rel=\"noopener\"><\/a><b><i>Hotelabholung<\/i><\/b><\/h4>\n<p>Eine Hotelabholung wird f\u00fcr diese Tour nicht angeboten.<\/p>\n<p><b>Notiz:<\/b>\u00a0Wenn Sie innerhalb von 24 Stunden vor der Abfahrtszeit der Tour\/des Ausflugs buchen, k\u00f6nnen wir die Abholung vom Hotel gegen Aufpreis arrangieren. Sobald Ihr Kauf abgeschlossen ist, senden wir Ihnen die vollst\u00e4ndigen Kontaktinformationen (Telefonnummer, E-Mail-Adresse usw.) f\u00fcr unseren \u00f6rtlichen Reiseleiter, um die Abholung zu organisieren.<\/p>\n<h4><a id=\"additional-info-confirmation\" class=\"aal_anchor\" href=\"https:\/\/bookingadventures.com.do\/dominicantour\/mountain-bikes-tainos-canoe-los-haitises\/#additional-info-confirmation\" aria-hidden=\"true\" rel=\"noopener\"><\/a><b><i>Zus\u00e4tzliche Info-Best\u00e4tigung<\/i><\/b><\/h4>\n<ol>\n<li>Tickets sind die Quittung, nachdem Sie f\u00fcr diese Tour bezahlt haben. Sie k\u00f6nnen die Zahlung auf Ihrem Telefon anzeigen.<\/li>\n<li>Treffpunkt Wird nach dem Reservierungsprozess bekannt gegeben.<\/li>\n<li>Kinder m\u00fcssen von einem Erwachsenen begleitet werden.<\/li>\n<li>Nicht rollstuhlgerecht<\/li>\n<li>Kleinkinder m\u00fcssen auf dem Scho\u00df sitzen<\/li>\n<li>F\u00fcr Reisende mit R\u00fcckenproblemen nicht zu empfehlen<\/li>\n<li>Nicht f\u00fcr schwangere Reisende empfohlen<\/li>\n<li>Keine Herzprobleme oder andere ernsthafte Erkrankungen<\/li>\n<li>Die meisten Reisenden k\u00f6nnen teilnehmen<\/li>\n<\/ol>\n\n\t\t<\/div>\n\t<\/div>\n<\/div><\/div><\/div><\/div><div class=\"wpb_column vc_column_container vc_col-sm-12\"><div class=\"vc_column-inner\"><div class=\"wpb_wrapper\"><\/div><\/div><\/div><div class=\"wpb_column vc_column_container vc_col-sm-12\"><div class=\"vc_column-inner\"><div class=\"wpb_wrapper\"><\/div><\/div><\/div><div class=\"wpb_column vc_column_container vc_col-sm-12\"><div class=\"vc_column-inner\"><div class=\"wpb_wrapper\"><\/div><\/div><\/div><div class=\"wpb_column vc_column_container vc_col-sm-12\"><div class=\"vc_column-inner\"><div class=\"wpb_wrapper\"><\/div><\/div><\/div><div class=\"wpb_column vc_column_container vc_col-sm-12\"><div class=\"vc_column-inner\"><div class=\"wpb_wrapper\"><\/div><\/div><\/div>","protected":false},"excerpt":{"rendered":"<p><span style=\"font-weight: 400;\"><span style=\"vertical-align: inherit;\"><span style=\"vertical-align: inherit;\">Bei dieser Aktivit\u00e4t machen Sie sich wie die Tainos in handgefertigten Kanus auf den Weg. Sie werden viele der Ger\u00e4usche h\u00f6ren, die ihre Verbindung zur Natur kennzeichneten: den Ruf der Kraniche, das Tauchen der Krabben im Wasser und das sanfte Pl\u00e4tschern der Wellen gegen nat\u00fcrliche Felsformationen. Die B\u00f6gen der Mangrovenwurzeln werden Sie an Kathedralen erinnern, und tats\u00e4chlich waren die Tainos (obwohl sie keine Kirchen hatten) zutiefst spirituell. <\/span><\/span><\/span><\/p>\n<p><span style=\"font-weight: 400;\"><span style=\"vertical-align: inherit;\"><span style=\"vertical-align: inherit;\"> Sobald Sie sich mit unserem F\u00fchrer auf den Weg gemacht haben, werden Sie die reiche Vielfalt an V\u00f6geln, Reptilien und Fischen in den Mangroven genie\u00dfen. Geblendet vom Glitzern der im Morgenlicht flackernden Wellen, den Bergen von Saman\u00e1 in der Ferne und dem Smaragdgr\u00fcn der sich wiegenden Palmen.\u00a0<\/span><\/span><\/span><\/p>\n<p><strong>W\u00e4hlen Sie das Datum f\u00fcr die Tour:<\/strong><\/p>","protected":false},"featured_media":12221,"template":"","meta":[],"product_cat":[838,946,867,930,926,254,255],"product_tag":[176,211,868,869,192,319,208,206,207,171,877,209,426,837,327,175,199,200],"class_list":["post-12453","product","type-product","status-publish","has-post-thumbnail","hentry","product_cat-mangroves-projects","product_cat-1-sabana-de-la-mar","product_cat-los-haitises","product_cat-mountain-bike-los-haitises","product_cat-tainos-canoes","product_cat-tours-excursions-los-haitises-national-park","product_cat-tours-excursions-samana-bay-dominican-republic","product_tag-cano-hondo","product_tag-cano-hondo-hotel","product_tag-canoes","product_tag-canoes-dominican-republic","product_tag-day-tour-cano-hondo","product_tag-kayak-dominican-republic","product_tag-kayaking-dominican-republic","product_tag-kayaking-los-haitises","product_tag-kayaks","product_tag-los-haitises","product_tag-los-haitises-mountain-bike","product_tag-los-haitises-national-park","product_tag-los-haitises-tours","product_tag-mangroves-reforestation-in-los-haitises-with-locals","product_tag-private-tours-samana","product_tag-sabana-de-la-mar","product_tag-samana-bay","product_tag-samana-excursions"],"_links":{"self":[{"href":"https:\/\/www.boattoursamana.com\/de\/wp-json\/wp\/v2\/product\/12453","targetHints":{"allow":["GET"]}}],"collection":[{"href":"https:\/\/www.boattoursamana.com\/de\/wp-json\/wp\/v2\/product"}],"about":[{"href":"https:\/\/www.boattoursamana.com\/de\/wp-json\/wp\/v2\/types\/product"}],"wp:featuredmedia":[{"embeddable":true,"href":"https:\/\/www.boattoursamana.com\/de\/wp-json\/wp\/v2\/media\/12221"}],"wp:attachment":[{"href":"https:\/\/www.boattoursamana.com\/de\/wp-json\/wp\/v2\/media?parent=12453"}],"wp:term":[{"taxonomy":"product_cat","embeddable":true,"href":"https:\/\/www.boattoursamana.com\/de\/wp-json\/wp\/v2\/product_cat?post=12453"},{"taxonomy":"product_tag","embeddable":true,"href":"https:\/\/www.boattoursamana.com\/de\/wp-json\/wp\/v2\/product_tag?post=12453"}],"curies":[{"name":"wp","href":"https:\/\/api.w.org\/{rel}","templated":true}]}}