{"id":12526,"date":"2021-05-25T10:10:26","date_gmt":"2021-05-25T10:10:26","guid":{"rendered":"https:\/\/www.ticketswhales.com\/?post_type=product&#038;p=12526"},"modified":"2023-11-07T19:30:26","modified_gmt":"2023-11-07T19:30:26","slug":"jarabacoa-buggy-baiguate-waterfall","status":"publish","type":"product","link":"https:\/\/www.boattoursamana.com\/de\/tour\/jarabacoa-buggy-baiguate-wasserfall","title":{"rendered":"Jarabacoa-Buggy mit Baiguate-Wasserfall"},"content":{"rendered":"<div class=\"vc_row wpb_row vc_row-fluid\" ><div class=\"wpb_column vc_column_container vc_col-sm-12\"><div class=\"vc_column-inner\"><div class=\"wpb_wrapper\">\n\t<div class=\"wpb_text_column wpb_content_element\" >\n\t\t<div class=\"wpb_wrapper\">\n\t\t\t<p>Jarabacoa mit den Wasserf\u00e4llen Jimenoa und BaiguateBuggy<\/p>\n\n\t\t<\/div>\n\t<\/div>\n<div class=\"vc_btn3-container vc_btn3-inline\" ><button class=\"vc_general vc_btn3 vc_btn3-size-md vc_btn3-shape-rounded vc_btn3-style-modern vc_btn3-color-green\">BUCHEN SIE JETZT<\/button><\/div><\/div><\/div><\/div><\/div><div class=\"vc_row wpb_row vc_row-fluid\" ><div class=\"wpb_column vc_column_container vc_col-sm-12\"><div class=\"vc_column-inner\"><div class=\"wpb_wrapper\">\n\t<div class=\"wpb_text_column wpb_content_element\" >\n\t\t<div class=\"wpb_wrapper\">\n\t\t\t<h3 class=\"ui_header h1 attractions-product-info-ProductTitle__title--1qM0o\">Jarabacoa Buggy &amp; Baiguate-Wasserfall<\/h3>\n<h4><b><i>\u00dcberblick <\/i><\/b><\/h4>\n<p><span style=\"font-weight: 400;\">Begleiten Sie uns und reisen Sie mit einem lokalen Experten aus Jarabacoa und machen Sie die einzigartige Erfahrung, die besten Orte der Hauptstadt des \u00d6kotourismus von Jarabacoa aus zu besuchen. Diese Tour f\u00fchrt Sie durch die wundersch\u00f6ne Landschaft der gr\u00f6\u00dften Bergranch der Dominikanischen Republik. W\u00e4hrend Sie zu den verschiedenen Orten fahren, werden Sie die Bergluft sp\u00fcren und die Sch\u00f6nheit der Landschaft genie\u00dfen.\u00a0<\/span><\/p>\n<p><span style=\"font-weight: 400;\">Wir k\u00f6nnen f\u00fcr diese Tour zu den verschiedenen Orten gelangen. Sie haben die Wahl: Radfahren, Reiten, Safari, Allrad oder Buggy. Kaufen Sie Ihr Ticket jetzt online und lernen Sie die Kultur von Jarabacoa und der Dominikanischen Republik kennen, w\u00e4hrend Sie zu den besten Orten der Stadt reisen.<\/span><\/p>\n<p><span style=\"font-weight: 400;\">Jarabacoa ist wegen des Wetters die Stadt der ewigen Fr\u00fchlingsferien und die zweitwichtigste Gemeinde der Provinz La Vega. Der Geschichte nach bedeutet Jarabacoa \u201eOrt mit viel Wasser\u201c. Am 27. September 1858 begann Jarabacoa sein Leben als Gemeinde, eine Kategorie, die nach einer Karriere zu Beginn des 19. Jahrhunderts erlangt wurde. Reisen Sie mit uns und erfahren Sie mehr \u00fcber die Berge, Natur, Kultur und Menschen der n\u00f6rdlichen Region der Dominikanischen Republik.\u00a0<\/span><\/p>\n<ul>\n<li style=\"font-weight: 400;\">Geb\u00fchren inbegriffen<\/li>\n<li>Mittagessen<\/li>\n<li>Snacks<\/li>\n<li style=\"font-weight: 400;\">Lokaler Reiseleiter auf Englisch<\/li>\n<\/ul>\n<h4><b>Einschl\u00fcsse &amp; Ausschl\u00fcsse<\/b><\/h4>\n<p><b>Einschl\u00fcsse<\/b><\/p>\n<ol>\n<li>Mittagessen<\/li>\n<li style=\"font-weight: 400;\"><span style=\"font-weight: 400;\">Alle Steuern, Geb\u00fchren und Bearbeitungsgeb\u00fchren<\/span><\/li>\n<li style=\"font-weight: 400;\"><span style=\"font-weight: 400;\">Lokale Steuern<\/span><\/li>\n<li style=\"font-weight: 400;\"><span style=\"font-weight: 400;\">Getr\u00e4nke<\/span><\/li>\n<li>Snacks<\/li>\n<li style=\"font-weight: 400;\"><span style=\"font-weight: 400;\">Alle Aktivit\u00e4ten<\/span><\/li>\n<li style=\"font-weight: 400;\"><span style=\"font-weight: 400;\">Lokaler F\u00fchrer<\/span><\/li>\n<\/ol>\n<p><b> Ausschl\u00fcsse<\/b><\/p>\n<ol>\n<li style=\"font-weight: 400;\"><span style=\"font-weight: 400;\">Trinkgelder<\/span><\/li>\n<li>Transport (eingestellt durch Kontaktaufnahme mit uns)<\/li>\n<li style=\"font-weight: 400;\"><span style=\"font-weight: 400;\">Alkoholische Getr\u00e4nke<\/span><\/li>\n<\/ol>\n<h4><em><strong>Abreise &amp; R\u00fcckkehr<\/strong><\/em><\/h4>\n<p><span style=\"font-weight: 400;\">Der Reisende erh\u00e4lt nach dem Reservierungsprozess einen Treffpunkt. Touren beginnen und enden an Ihren Treffpunkten.<\/span><\/p>\n<h3 class=\"ui_header h1 attractions-product-info-ProductTitle__title--1qM0o\">Jarabacoa-Buggy &amp; Baiguate-Wasserfall<\/h3>\n<h4><b><i>Was zu erwarten ist?<\/i><\/b><\/h4>\n<p><span style=\"font-weight: 400;\">Holen Sie sich Ihr Ticket f\u00fcr die Baiguate-Wasserf\u00e4lle von Jarabacoa City mit dem Buggy.\u00a0<\/span><\/p>\n<p><span style=\"font-weight: 400;\">Wenn wir von Buggys sprechen, sprechen wir von einem Gel\u00e4ndewagen, der Sicherheit und einfache Handhabung bietet und dem Benutzer w\u00e4hrend der Fahrt einen gr\u00f6\u00dferen Kontakt mit dem Gel\u00e4nde und der Natur erm\u00f6glicht, die ihn umgeben. Sp\u00fcren Sie die Brise, die Sonne, den Regen, sehen Sie die Landschaft an Ihrer Seite in einem komfortablen und sicheren Ger\u00e4t, das entwickelt wurde, um die Waldstrecke und das Gel\u00e4nde zu genie\u00dfen.<\/span><\/p>\n<p><span style=\"font-weight: 400;\">Dieser Ausflug beginnt an einem Treffpunkt, den Sie mit unseren Reiseb\u00fcros oder Ihrem Reiseleiter best\u00e4tigen m\u00fcssen, bevor Sie zu einem beliebigen Ort fahren. Sobald Sie Ihren Reiseleiter getroffen haben, erhalten Sie eine Nachbesprechung der Tour und alles, was mit Ihrem Tag zu tun hat.<\/span><\/p>\n<p><span style=\"font-weight: 400;\">Wenn alle bereit sind, beginnen wir unsere Fahrt in einige l\u00e4ndliche Gebiete von Jarabacoa Town, w\u00e4hrend Sie mit Ihrem Buggy die holprigen Stra\u00dfen und die Bergluft der Landschaft aus dem zentralen Norden des Landes fahren und Ihnen die Sch\u00f6nheit und Natur dieses Abenteuers zeigen.<\/span><\/p>\n<p><span style=\"font-weight: 400;\">Einige der Orte, die Sie w\u00e4hrend dieser Reise besuchen werden, sind La Confluencia, wo sich die Fl\u00fcsse Jimenoa und Yaque Del Norte treffen, Cieneguita und Monte Arriba.\u00a0<\/span><\/p>\n<p><span style=\"font-weight: 400;\">Nachdem wir etwa 30 Kilometer geritten sind, machen wir uns auf den Weg zum Baiguate-Wasserfall, um eine 10-min\u00fctige Wanderung zu unternehmen und in nat\u00fcrlichen Pools zu schwimmen.\u00a0<\/span><\/p>\n<p><span style=\"font-weight: 400;\">W\u00e4hrend dieses Teils Ihrer Reise k\u00f6nnen Sie etwa 1 Stunde lang schwimmen gehen und eine Pause einlegen, um t\u00e4glich frisches Obst zu probieren, das vom Land der Jarabacoa-Bauern geerntet wird. Baiguate hat einen 25 Meter hohen Wasserfall und ist der perfekte Ort, um sich ein wenig zu entspannen, bevor es zur\u00fcck in die Stadt geht.\u00a0\u00a0<\/span><\/p>\n<p><span style=\"font-weight: 400;\">W\u00e4hrend dieses Teils Ihrer Reise k\u00f6nnen Sie etwa 1 Stunde lang schwimmen gehen und eine Pause einlegen, um t\u00e4glich frisches Obst zu probieren, das vom Land der Jarabacoa-Bauern geerntet wird. Baiguate hat einen 25 Meter hohen Wasserfall und ist der perfekte Ort, um sich ein wenig zu entspannen, bevor es zur\u00fcck in die Stadt geht.\u00a0\u00a0<\/span><\/p>\n<p><span style=\"font-weight: 400;\">Sp\u00e4ter nach dem Baiguate-Wasserfall fahren wir zu Ivon&#039;s, um das beste lokale Eis zu probieren, das von einem lokalen Experten hausgemacht wurde, und gehen f\u00fcr den letzten Teil Ihrer Reise zum Duarte Central Park. Dies ist eine 6-st\u00fcndige Tour, die Ihnen die M\u00f6glichkeit dazu gibt Jarabacoa beaufsichtigen, endet diese Exkursion am selben Ort, an dem sie begonnen hat.<\/span><\/p>\n<p><span style=\"font-weight: 400;\">Hinweis: Diese Touren werden von Officials&#039; Ecologist-Reiseleitern durchgef\u00fchrt. Bitte buchen Sie rechtzeitig, da es im Park nicht allzu viele Spezialisten gibt.<\/span><\/p>\n<h4><em><strong>Was sollten Sie mitbringen?<\/strong><\/em><\/h4>\n<ul>\n<li style=\"font-weight: 400;\"><span style=\"font-weight: 400;\">Kamera<\/span><\/li>\n<li style=\"font-weight: 400;\"><span style=\"font-weight: 400;\">Absto\u00dfende Knospen<\/span><\/li>\n<li style=\"font-weight: 400;\"><span style=\"font-weight: 400;\">Sonnencreme<\/span><\/li>\n<li style=\"font-weight: 400;\"><span style=\"font-weight: 400;\">Hut<\/span><\/li>\n<li style=\"font-weight: 400;\"><span style=\"font-weight: 400;\">Bequeme Hose<\/span><\/li>\n<li style=\"font-weight: 400;\"><span style=\"font-weight: 400;\">Wanderschuhe f\u00fcr den Wald<\/span><\/li>\n<li style=\"font-weight: 400;\"><span style=\"font-weight: 400;\">Sandalen zu den Fr\u00fchlingsgebieten.<\/span><\/li>\n<li style=\"font-weight: 400;\"><span style=\"font-weight: 400;\">Schwimmkleidung<\/span><\/li>\n<\/ul>\n<h4><b><i>Hotelabholung <\/i><\/b><\/h4>\n<p><span style=\"font-weight: 400;\">Eine Hotelabholung wird f\u00fcr diese Tour nicht angeboten. Wir richten die Abholung ein, indem Sie uns per WhatsApp kontaktieren.<\/span><\/p>\n<p><b>Notiz:<\/b><span style=\"font-weight: 400;\"> Wenn Sie innerhalb von 24 Stunden vor der Abfahrtszeit der Tour\/des Ausflugs buchen, k\u00f6nnen wir die Abholung vom Hotel gegen Aufpreis arrangieren. Sobald Ihr Kauf abgeschlossen ist, senden wir Ihnen die vollst\u00e4ndigen Kontaktinformationen (Telefonnummer, E-Mail-Adresse usw.) f\u00fcr unseren \u00f6rtlichen Reiseleiter, um die Abholung zu organisieren.<\/span><\/p>\n<h4><b><i>Zus\u00e4tzliche Info-Best\u00e4tigung <\/i><\/b><\/h4>\n<ol>\n<li>Tickets sind die Quittung, nachdem Sie f\u00fcr diese Tour bezahlt haben. Sie k\u00f6nnen die Zahlung auf Ihrem Telefon anzeigen.<\/li>\n<li style=\"font-weight: 400;\"><span style=\"font-weight: 400;\">Treffpunkt Wird nach dem Reservierungsprozess bekannt gegeben.<\/span><\/li>\n<li style=\"font-weight: 400;\"><span style=\"font-weight: 400;\">Kinder m\u00fcssen von einem Erwachsenen begleitet werden.<\/span><\/li>\n<li style=\"font-weight: 400;\"><span style=\"font-weight: 400;\"> Nicht rollstuhlgerecht <\/span><\/li>\n<li style=\"font-weight: 400;\"><span style=\"font-weight: 400;\">Kleinkinder m\u00fcssen auf dem Scho\u00df sitzen <\/span><\/li>\n<li style=\"font-weight: 400;\"><span style=\"font-weight: 400;\">F\u00fcr Reisende mit R\u00fcckenproblemen nicht zu empfehlen<\/span><\/li>\n<li style=\"font-weight: 400;\"><span style=\"font-weight: 400;\">Nicht f\u00fcr schwangere Reisende empfohlen <\/span><\/li>\n<li style=\"font-weight: 400;\"><span style=\"font-weight: 400;\"> Keine Herzprobleme oder andere ernsthafte Erkrankungen <\/span><\/li>\n<li style=\"font-weight: 400;\"><span style=\"font-weight: 400;\">Die meisten Reisenden k\u00f6nnen teilnehmen<\/span><\/li>\n<\/ol>\n<h4><b><i>Stornierungsbedingungen<\/i><\/b><\/h4>\n<p>F\u00fcr eine vollst\u00e4ndige R\u00fcckerstattung lesen Sie bitte unsere Stornierungsbedingungen\u00a0<a href=\"https:\/\/www.boattoursamana.com\/de\/online-buchung\/\" target=\"_blank\" rel=\"noopener\" data-saferedirecturl=\"https:\/\/www.google.com\/url?q=https:\/\/www.boattoursamana.com\/online-booking\/&amp;source=gmail&amp;ust=1672449202351000&amp;usg=AOvVaw1yAeVAPktmaVCqDujgUn90\">Klicke hier<\/a>. Das Geld geht verloren, wenn die Reservierung am selben Tag der Reise storniert wird.<\/p>\n\n\t\t<\/div>\n\t<\/div>\n<div class=\"vc_btn3-container vc_btn3-inline\" ><button class=\"vc_general vc_btn3 vc_btn3-size-md vc_btn3-shape-rounded vc_btn3-style-modern vc_btn3-color-green\">BUCHEN SIE JETZT<\/button><\/div><\/div><\/div><\/div><\/div><div class=\"vc_row wpb_row vc_row-fluid\" ><div class=\"wpb_column vc_column_container vc_col-sm-12\"><div class=\"vc_column-inner\"><div class=\"wpb_wrapper\">\n\t<div class=\"wpb_video_widget wpb_content_element vc_clearfix   vc_video-aspect-ratio-169 vc_video-el-width-100 vc_video-align-left\" >\n\t\t<div class=\"wpb_wrapper\">\n\t\t\t<h2 class=\"wpb_heading wpb_video_heading\">Jarabacoa City-Video:<\/h2>\n\t\t\t<div class=\"wpb_video_wrapper\"><iframe loading=\"lazy\" title=\"Jarabacoa, Turismo entre rios y monta\u00f1a\" width=\"1100\" height=\"619\" src=\"https:\/\/www.youtube.com\/embed\/FRHfK4RS39A?feature=oembed\" frameborder=\"0\" allow=\"accelerometer; autoplay; clipboard-write; encrypted-media; gyroscope; picture-in-picture\" allowfullscreen><\/iframe><\/div>\n\t\t<\/div>\n\t<\/div>\n<\/div><\/div><\/div><\/div><div class=\"vc_row wpb_row vc_row-fluid\" ><\/div><div class=\"wpb_column vc_column_container vc_col-sm-12\"><div class=\"vc_column-inner\"><div class=\"wpb_wrapper\"><\/div><\/div><\/div><div class=\"vc_empty_space\"   style=\"height: 32px\"><span class=\"vc_empty_space_inner\"><\/span><\/div><div class=\"vc_empty_space\"   style=\"height: 32px\"><span class=\"vc_empty_space_inner\"><\/span><\/div><div class=\"vc_row wpb_row vc_row-fluid\" ><div class=\"wpb_column vc_column_container vc_col-sm-12\"><div class=\"vc_column-inner\"><div class=\"wpb_wrapper\"><div class=\"vc_btn3-container vc_btn3-inline\" ><button class=\"vc_general vc_btn3 vc_btn3-size-md vc_btn3-shape-rounded vc_btn3-style-modern vc_btn3-color-green\">BUCHEN SIE JETZT<\/button><\/div><\/div><\/div><\/div><\/div>","protected":false},"excerpt":{"rendered":"<p>Begleiten Sie uns und reisen Sie mit einem lokalen Jarabacoa-Experten und erleben Sie die einzigartige Erfahrung, die besten Orte in der \u00d6kotourismus-Hauptstadt von Jarabacoa aus zu besuchen. Diese Tour f\u00fchrt Sie durch die wundersch\u00f6ne Landschaft der gr\u00f6\u00dften Bergfarm der Dominikanischen Republik. W\u00e4hrend Sie durch die verschiedenen Orte fahren, werden Sie die Bergluft sp\u00fcren und die Sch\u00f6nheit der Landschaft genie\u00dfen.<\/p>\n<p><em><strong>W\u00e4hlen Sie das Datum f\u00fcr die Tour:\u00a0<\/strong><\/em><\/p>","protected":false},"featured_media":12529,"template":"","meta":[],"product_cat":[946,159,889,253],"product_tag":[895,892,891,890,896,894,893],"class_list":["post-12526","product","type-product","status-publish","has-post-thumbnail","hentry","product_cat-1-sabana-de-la-mar","product_cat-fees-entrace","product_cat-jarabacoa-buggy","product_cat-tours-and-excursions","product_tag-baiguate-waterfall","product_tag-jarabacoa-buggies","product_tag-jarabacoa-buggy","product_tag-jarabacoa-tour","product_tag-jimenoa-waterfall","product_tag-salto-baiguate","product_tag-salto-jimenoa"],"_links":{"self":[{"href":"https:\/\/www.boattoursamana.com\/de\/wp-json\/wp\/v2\/product\/12526","targetHints":{"allow":["GET"]}}],"collection":[{"href":"https:\/\/www.boattoursamana.com\/de\/wp-json\/wp\/v2\/product"}],"about":[{"href":"https:\/\/www.boattoursamana.com\/de\/wp-json\/wp\/v2\/types\/product"}],"wp:featuredmedia":[{"embeddable":true,"href":"https:\/\/www.boattoursamana.com\/de\/wp-json\/wp\/v2\/media\/12529"}],"wp:attachment":[{"href":"https:\/\/www.boattoursamana.com\/de\/wp-json\/wp\/v2\/media?parent=12526"}],"wp:term":[{"taxonomy":"product_cat","embeddable":true,"href":"https:\/\/www.boattoursamana.com\/de\/wp-json\/wp\/v2\/product_cat?post=12526"},{"taxonomy":"product_tag","embeddable":true,"href":"https:\/\/www.boattoursamana.com\/de\/wp-json\/wp\/v2\/product_tag?post=12526"}],"curies":[{"name":"wp","href":"https:\/\/api.w.org\/{rel}","templated":true}]}}