{"id":12536,"date":"2021-05-28T12:21:00","date_gmt":"2021-05-28T12:21:00","guid":{"rendered":"https:\/\/www.ticketswhales.com\/?post_type=product&#038;p=12536"},"modified":"2023-11-06T15:20:26","modified_gmt":"2023-11-06T15:20:26","slug":"zipline-27-waterfalls-combo","status":"publish","type":"product","link":"https:\/\/www.boattoursamana.com\/de\/tour\/zipline-27-wasserfalle-kombination","title":{"rendered":"Seilrutsche mit 27 Wasserf\u00e4llen (Wandern und Schwimmen)"},"content":{"rendered":"<div class=\"vc_row wpb_row vc_row-fluid\" ><div class=\"wpb_column vc_column_container vc_col-sm-12\"><div class=\"vc_column-inner\"><div class=\"wpb_wrapper\"><div class=\"vc_btn3-container vc_btn3-inline\" ><button class=\"vc_general vc_btn3 vc_btn3-size-md vc_btn3-shape-rounded vc_btn3-style-modern vc_btn3-color-green\">BUCHEN SIE JETZT<\/button><\/div>\n\t<div class=\"wpb_text_column wpb_content_element\" >\n\t\t<div class=\"wpb_wrapper\">\n\t\t\t<p>27 Wasserf\u00e4lle (27 Charcos) von Damajagua Zipline +Mittagessen inbegriffen, Trekking oder Wanderung Puerto Plata<\/p>\n\n\t\t<\/div>\n\t<\/div>\n<\/div><\/div><\/div><\/div><div class=\"vc_row wpb_row vc_row-fluid\" ><div class=\"wpb_column vc_column_container vc_col-sm-12\"><div class=\"vc_column-inner\"><div class=\"wpb_wrapper\">\n\t<div class=\"wpb_text_column wpb_content_element\" >\n\t\t<div class=\"wpb_wrapper\">\n\t\t\t<h3 class=\"ui_header h1 attractions-product-info-ProductTitle__title--1qM0o\">27 Wasserf\u00e4lle (27 Charcos) von Damajagua Zipline, Trekking oder Wanderung Puerto Plata<\/h3>\n<h4><b><i>\u00dcberblick <\/i><\/b><\/h4>\n<p>Holen Sie sich hier Ihre Tickets f\u00fcr einen halbt\u00e4gigen Ausflug zu den 27 Wasserf\u00e4llen von Damajagua. Lassen Sie uns 5 Zipline-Stationen genie\u00dfen, darunter zwei H\u00e4ngebr\u00fccken. Alles beginnt ungef\u00e4hr 45 Minuten zu Fu\u00df, bis Sie zum Pool 12 gelangen, wo Sie mit der Seilrutsche zum Pool 7 hinabsteigen.<\/p>\n<p>In Pf\u00fctze 12 erwartet Sie das Zipline-Personal, um Sie w\u00e4hrend der gesamten Rundfahrt durch die Rennstrecke zu unterst\u00fctzen. Die Tour dauert ungef\u00e4hr 2 Stunden und 45 Minuten.<br \/>\nTauchen Sie ein in die Natur und genie\u00dfen Sie eine der aufregendsten Aktivit\u00e4ten in Puerto Plata, die Damajagua-Wasserf\u00e4lle plus Zipline.<\/p>\n<p>Nach dieser Erfahrung kehren Sie zu dem Ort zur\u00fcck, an dem Sie sich mit dem Reiseleiter treffen.<\/p>\n<ul>\n<li style=\"font-weight: 400;\">Geb\u00fchren inbegriffen<\/li>\n<li>Mittagessen<\/li>\n<li>Snacks<\/li>\n<li style=\"font-weight: 400;\">Lokaler Reiseleiter auf Englisch<\/li>\n<\/ul>\n<p>&nbsp;<\/p>\n<h4><b>Einschl\u00fcsse &amp; Ausschl\u00fcsse<\/b><\/h4>\n<p>&nbsp;<\/p>\n<p><b>Einschl\u00fcsse<\/b><\/p>\n<ol>\n<li style=\"font-weight: 400;\">27 Wasserf\u00e4lle von Damajagua<\/li>\n<li>Mittagessen<\/li>\n<li style=\"font-weight: 400;\"><span style=\"font-weight: 400;\">Alle Steuern, Geb\u00fchren und Bearbeitungsgeb\u00fchren<\/span><\/li>\n<li style=\"font-weight: 400;\"><span style=\"font-weight: 400;\">Lokale Steuern<\/span><\/li>\n<li style=\"font-weight: 400;\"><span style=\"font-weight: 400;\">Getr\u00e4nke<\/span><\/li>\n<li>Snacks<\/li>\n<li style=\"font-weight: 400;\"><span style=\"font-weight: 400;\">Alle Aktivit\u00e4ten<\/span><\/li>\n<li style=\"font-weight: 400;\"><span style=\"font-weight: 400;\">Lokaler F\u00fchrer<\/span><\/li>\n<\/ol>\n<p><b> Ausschl\u00fcsse<\/b><\/p>\n<ol>\n<li style=\"font-weight: 400;\"><span style=\"font-weight: 400;\">Trinkgelder<\/span><\/li>\n<li>Transport (eingestellt durch Kontaktaufnahme mit uns)<\/li>\n<li style=\"font-weight: 400;\"><span style=\"font-weight: 400;\">Alkoholische Getr\u00e4nke<\/span><\/li>\n<\/ol>\n<p>&nbsp;<\/p>\n<h4><em><strong>Abreise &amp; R\u00fcckkehr<\/strong><\/em><\/h4>\n<p><span style=\"font-weight: 400;\">Der Reisende erh\u00e4lt nach dem Reservierungsprozess einen Treffpunkt. Touren beginnen und enden an Ihren Treffpunkten.<\/span><\/p>\n<h4><\/h4>\n<h3 class=\"ui_header h1 attractions-product-info-ProductTitle__title--1qM0o\">27 Wasserf\u00e4lle (27 Charcos) von Damajagua Zipline, Trekking oder Wanderung Puerto Plata<\/h3>\n<h4><b><i>Was zu erwarten ist?<\/i><\/b><\/h4>\n<div class=\"apd_content_block\" data-tab=\"TABS_OVERVIEW\"><\/div>\n<div data-tab=\"TABS_WHAT_TO_EXPECT\">\n<div class=\"ui_card attractions-card-CollapsibleProductDetailsCard__cardContainer--3r2wk attractions-card-CollapsibleProductDetailsCard__cleanslateOverrideDT--2AJh0\">\n<div class=\"attractions-card-CollapsibleCard__content--2Ws8q\">\n<div class=\"attractions-card-CollapsibleCard__contentWrap--374jk attractions-card-CollapsibleCard__titleUnderline--1uHze\">\n<div class=\"attractions-card-CollapsibleProductDetailsCard__cardContent--23ext\">\n<div class=\"common-text-ReadMore__readMore--3Iu8c common-text-ReadMore__variantFadeOut--1tInd\">\n<div class=\"common-text-ReadMore__content--2X4LR\">\n<div class=\"ui_columns is-desktop\">\n<div>Was wir zuerst garantieren, ist Sicherheit. Das Wichtigste beim Zip-Lining ist Ihre Sicherheit, und deshalb bieten wir die professionellsten Zip-Line-Guides an, die Sie von der Rezeption aus begleiten und Ihr Abenteuer noch angenehmer machen.<\/div>\n<div><\/div>\n<div>Das Gleiten auf dem Kabel l\u00e4sst Sie das Adrenalin sp\u00fcren und ist auch der Schl\u00fcssel zu frischer Luft in Ihrem Haar in einem tropischen Wald mit einem der sch\u00f6nsten Fl\u00fcsse der Dominikanischen Republik, den Damajagua-Wasserf\u00e4llen.<\/div>\n<div><\/div>\n<div class=\"ui_column\">Verabschieden Sie sich nach dem Essen von den lokalen Guides und Ihre beste Erfahrung wird f\u00fcr den Rest Ihres Lebens in Erinnerung bleiben und Fotos oder Videos enthalten.<\/div>\n<\/div>\n<\/div>\n<\/div>\n<\/div>\n<\/div>\n<\/div>\n<\/div>\n<\/div>\n<h4><em><strong>Was sollten Sie mitbringen?<\/strong><\/em><\/h4>\n<ul>\n<li style=\"font-weight: 400;\"><span style=\"font-weight: 400;\">Kamera<\/span><\/li>\n<li style=\"font-weight: 400;\"><span style=\"font-weight: 400;\">Absto\u00dfende Knospen<\/span><\/li>\n<li style=\"font-weight: 400;\"><span style=\"font-weight: 400;\">Sonnencreme<\/span><\/li>\n<li style=\"font-weight: 400;\"><span style=\"font-weight: 400;\">Hut<\/span><\/li>\n<li style=\"font-weight: 400;\"><span style=\"font-weight: 400;\">Bequeme Hose<\/span><\/li>\n<li style=\"font-weight: 400;\"><span style=\"font-weight: 400;\">Wanderschuhe f\u00fcr den Wald<\/span><\/li>\n<li style=\"font-weight: 400;\"><span style=\"font-weight: 400;\">Sandalen zu den Fr\u00fchlingsgebieten.<\/span><\/li>\n<li style=\"font-weight: 400;\"><span style=\"font-weight: 400;\">Schwimmkleidung<\/span><\/li>\n<\/ul>\n<p>&nbsp;<\/p>\n<h4><b><i>Hotelabholung <\/i><\/b><\/h4>\n<p><span style=\"font-weight: 400;\">Eine Hotelabholung wird f\u00fcr diese Tour nicht angeboten. Wir richten die Abholung ein, indem Sie uns per WhatsApp kontaktieren.<\/span><\/p>\n<p>&nbsp;<\/p>\n<p><b>Notiz:<\/b><span style=\"font-weight: 400;\"> Wenn Sie innerhalb von 24 Stunden vor der Abfahrtszeit der Tour\/des Ausflugs buchen, k\u00f6nnen wir die Abholung vom Hotel gegen Aufpreis arrangieren. Sobald Ihr Kauf abgeschlossen ist, senden wir Ihnen die vollst\u00e4ndigen Kontaktinformationen (Telefonnummer, E-Mail-Adresse usw.) f\u00fcr unseren \u00f6rtlichen Reiseleiter, um die Abholung zu organisieren.<\/span><\/p>\n<h4><b><i>Zus\u00e4tzliche Info-Best\u00e4tigung <\/i><\/b><\/h4>\n<ol>\n<li>Tickets sind die Quittung, nachdem Sie f\u00fcr diese Tour bezahlt haben. Sie k\u00f6nnen die Zahlung auf Ihrem Telefon anzeigen.<\/li>\n<li style=\"font-weight: 400;\"><span style=\"font-weight: 400;\">Treffpunkt Wird nach dem Reservierungsprozess bekannt gegeben.<\/span><\/li>\n<li style=\"font-weight: 400;\"><span style=\"font-weight: 400;\">Kinder m\u00fcssen von einem Erwachsenen begleitet werden.<\/span><\/li>\n<li style=\"font-weight: 400;\"><span style=\"font-weight: 400;\"> Nicht rollstuhlgerecht <\/span><\/li>\n<li style=\"font-weight: 400;\"><span style=\"font-weight: 400;\">Kleinkinder m\u00fcssen auf dem Scho\u00df sitzen <\/span><\/li>\n<li style=\"font-weight: 400;\"><span style=\"font-weight: 400;\">F\u00fcr Reisende mit R\u00fcckenproblemen nicht zu empfehlen<\/span><\/li>\n<li style=\"font-weight: 400;\"><span style=\"font-weight: 400;\">Nicht f\u00fcr schwangere Reisende empfohlen <\/span><\/li>\n<li style=\"font-weight: 400;\"><span style=\"font-weight: 400;\"> Keine Herzprobleme oder andere ernsthafte Erkrankungen <\/span><\/li>\n<li style=\"font-weight: 400;\"><span style=\"font-weight: 400;\">Die meisten Reisenden k\u00f6nnen teilnehmen<\/span><\/li>\n<\/ol>\n<h4><b><i>Stornierungsbedingungen<\/i><\/b><\/h4>\n<p>F\u00fcr eine vollst\u00e4ndige R\u00fcckerstattung lesen Sie bitte unsere Stornierungsbedingungen\u00a0<a href=\"https:\/\/www.boattoursamana.com\/de\/online-buchung\/\" target=\"_blank\" rel=\"noopener\" data-saferedirecturl=\"https:\/\/www.google.com\/url?q=https:\/\/www.boattoursamana.com\/online-booking\/&amp;source=gmail&amp;ust=1672449202351000&amp;usg=AOvVaw1yAeVAPktmaVCqDujgUn90\">Klicke hier<\/a>. Das Geld geht verloren, wenn die Reservierung am selben Tag der Reise storniert wird.<\/p>\n\n\t\t<\/div>\n\t<\/div>\n<div class=\"vc_btn3-container vc_btn3-inline\" ><button class=\"vc_general vc_btn3 vc_btn3-size-md vc_btn3-shape-rounded vc_btn3-style-modern vc_btn3-color-green\">BUCHEN SIE JETZT<\/button><\/div><\/div><\/div><\/div><\/div><div class=\"vc_row wpb_row vc_row-fluid\" ><div class=\"wpb_column vc_column_container vc_col-sm-12\"><div class=\"vc_column-inner\"><div class=\"wpb_wrapper\">\n\t<div class=\"wpb_video_widget wpb_content_element vc_clearfix   vc_video-aspect-ratio-169 vc_video-el-width-100 vc_video-align-left\" >\n\t\t<div class=\"wpb_wrapper\">\n\t\t\t<h2 class=\"wpb_heading wpb_video_heading\">27 Wasserf\u00e4lle von Damajagua Tour ab Puerto Plata:<\/h2>\n\t\t\t<div class=\"wpb_video_wrapper\"><iframe loading=\"lazy\" title=\"27 Wasserf\u00e4lle von Damajagua von Booking Adventures &amp; Travel Dominikanische Republik\" width=\"1100\" height=\"619\" src=\"https:\/\/www.youtube.com\/embed\/AVNh_we_RQE?start=17&feature=oembed\" frameborder=\"0\" allow=\"accelerometer; autoplay; encrypted-media; gyroscope; picture-in-picture\" allowfullscreen><\/iframe><\/div>\n\t\t<\/div>\n\t<\/div>\n<\/div><\/div><\/div><\/div><div class=\"vc_row wpb_row vc_row-fluid\" ><\/div><div class=\"wpb_column vc_column_container vc_col-sm-12\"><div class=\"vc_column-inner\"><div class=\"wpb_wrapper\"><\/div><\/div><\/div><div class=\"vc_empty_space\"   style=\"height: 32px\"><span class=\"vc_empty_space_inner\"><\/span><\/div><div class=\"vc_empty_space\"   style=\"height: 32px\"><span class=\"vc_empty_space_inner\"><\/span><\/div><div class=\"vc_row wpb_row vc_row-fluid\" ><div class=\"wpb_column vc_column_container vc_col-sm-12\"><div class=\"vc_column-inner\"><div class=\"wpb_wrapper\"><div class=\"vc_btn3-container vc_btn3-inline\" ><button class=\"vc_general vc_btn3 vc_btn3-size-md vc_btn3-shape-rounded vc_btn3-style-modern vc_btn3-color-green\">BUCHEN SIE JETZT<\/button><\/div><\/div><\/div><\/div><\/div>","protected":false},"excerpt":{"rendered":"<p>Diese Tour f\u00fchrt zu den 27 Damajagua-Wasserf\u00e4llen in Puerto Plata, Mittagessen und Besichtigung der 27 Wasserf\u00e4lle, Seilrutsche, Wanderung und Sprung zum Fluss.<\/p>\n<p>\u00d6kologischer Ausflug zu den 27 Wasserf\u00e4llen von Puerto Plata. Holen Sie sich hier Ihre Tickets f\u00fcr eine halbt\u00e4gige Tour zum Damajagua-Wasserfall 27. Die Eintrittskarten mit Mittagessen und Ausflug beinhalten Springen, Seilrutschen und Schwimmen in den sch\u00f6nsten Wasserf\u00e4llen der Dominikanischen Republik. Wandern und Schwimmen mit Sicherheitsausr\u00fcstung f\u00fcr das beste Erlebnis!<\/p>\n<p><strong>W\u00e4hlen Sie den Tag f\u00fcr die Reise:\u00a0<\/strong><\/p>","protected":false},"featured_media":8275,"template":"","meta":[],"product_cat":[897,947],"product_tag":[286,284,292,401,290,291,406,405,404,403,288,402,287,293,285,888,407,289],"class_list":["post-12536","product","type-product","status-publish","has-post-thumbnail","hentry","product_cat-27waterfalls-damajagua","product_cat-1-puerto-plata","product_tag-27-charcos-de-damajagua","product_tag-27-waterfalls","product_tag-27-waterfalls-dominican-republic","product_tag-27-waterfalls-dominican-republic-facts","product_tag-27-waterfalls-excursion","product_tag-27-waterfalls-puerto-plata","product_tag-amber-cove-cruise-terminal-27-waterfalls","product_tag-amber-cove-excursions","product_tag-damajagua-falls-tours","product_tag-damajagua-national-park","product_tag-excursion-27-waterfalls","product_tag-how-to-get-to-27-waterfalls-from-puerto-plata","product_tag-jumping-27-waterfalls","product_tag-los-27-charcos-de-puerto-plata","product_tag-puerto-plata","product_tag-puerto-plata-zipline","product_tag-things-to-do-in-amber-cove","product_tag-tour-27-waterfalls"],"_links":{"self":[{"href":"https:\/\/www.boattoursamana.com\/de\/wp-json\/wp\/v2\/product\/12536","targetHints":{"allow":["GET"]}}],"collection":[{"href":"https:\/\/www.boattoursamana.com\/de\/wp-json\/wp\/v2\/product"}],"about":[{"href":"https:\/\/www.boattoursamana.com\/de\/wp-json\/wp\/v2\/types\/product"}],"wp:featuredmedia":[{"embeddable":true,"href":"https:\/\/www.boattoursamana.com\/de\/wp-json\/wp\/v2\/media\/8275"}],"wp:attachment":[{"href":"https:\/\/www.boattoursamana.com\/de\/wp-json\/wp\/v2\/media?parent=12536"}],"wp:term":[{"taxonomy":"product_cat","embeddable":true,"href":"https:\/\/www.boattoursamana.com\/de\/wp-json\/wp\/v2\/product_cat?post=12536"},{"taxonomy":"product_tag","embeddable":true,"href":"https:\/\/www.boattoursamana.com\/de\/wp-json\/wp\/v2\/product_tag?post=12536"}],"curies":[{"name":"wp","href":"https:\/\/api.w.org\/{rel}","templated":true}]}}