{"id":12887,"date":"2021-08-31T17:12:07","date_gmt":"2021-08-31T17:12:07","guid":{"rendered":"https:\/\/www.ticketswhales.com\/?post_type=product&#038;p=12887"},"modified":"2023-11-06T10:37:17","modified_gmt":"2023-11-06T10:37:17","slug":"los-haitises-tour-from-las-terrenas-bacardi-island-cayo-levantado","status":"publish","type":"product","link":"https:\/\/www.boattoursamana.com\/de\/tour\/los-haitises-tour-von-las-terrenas-insel-bacardi-cayo-levantado-2","title":{"rendered":"Los Haitises Tour von Las Terrenas &amp; Bacardi Island (Cayo Levantado)"},"content":{"rendered":"<div class=\"vc_row wpb_row vc_row-fluid\" ><div class=\"wpb_column vc_column_container vc_col-sm-12\"><div class=\"vc_column-inner\"><div class=\"wpb_wrapper\"><div class=\"mkdf-section-title-holder\" style=\"text-align: left\">\n\t<div class=\"mkdf-st-inner\">\n\t\t\t\t\t<h5 class=\"mkdf-st-subtitle\" >\n\t\t\t\tLas Terrenas-Tour\t\t\t<\/h5>\n\t\t\t\t\t\t\t<h3 class=\"mkdf-st-title\" >\n\t\t\t\tLos Haitises Tour von Las Terrenas &amp; Bacardi Island (Cayo Levantado)\t\t\t<\/h3>\n\t\t\t\t\t<\/div>\n<\/div><\/div><\/div><\/div><\/div><div class=\"vc_row wpb_row vc_row-fluid\" ><div class=\"wpb_column vc_column_container vc_col-sm-12\"><div class=\"vc_column-inner\"><div class=\"wpb_wrapper\"><div class=\"vc_btn3-container vc_btn3-inline\" ><button class=\"vc_general vc_btn3 vc_btn3-size-md vc_btn3-shape-rounded vc_btn3-style-modern vc_btn3-color-green\">BUCHEN SIE JETZT<\/button><\/div>\n\t<div class=\"wpb_text_column wpb_content_element\" >\n\t\t<div class=\"wpb_wrapper\">\n\t\t\t<h4><\/h4>\n<h2>Los Haitises Tour von Las Terrenas &amp; Bacardi Island (Cayo Levantado)<\/h2>\n<h4><b><i>\u00dcberblick <\/i><\/b><\/h4>\n<p>Nationalpark Los Haitises ab Las Terrenas und Fahrt zum Hafen von Saman\u00e1. Nach dem Besuch des Nationalparks Los Haitises fahren wir zum Mittagessen nach Bacardi Island. Kommen Sie mit uns und besuchen Sie den sch\u00f6nsten Nationalpark der Dominikanischen Republik, besuchen Sie Mangroven, H\u00f6hlen und die Bucht von San Lorenzo und durchqueren Sie die wundersch\u00f6ne Bucht von Saman\u00e1. Dann zur\u00fcck in die Gegend von Saman\u00e1, um die Insel Bacardi zu besuchen, am Strand zu Mittag zu essen und an einem der sch\u00f6nsten Str\u00e4nde in der Bucht von Saman\u00e1 zu schwimmen.<\/p>\n<p>Nach dieser Erfahrung kehren Sie zum Hafen von Saman\u00e1 zur\u00fcck und nehmen Ihren Transfer nach Las Terrenas.<\/p>\n<ul>\n<li style=\"font-weight: 400;\">Geb\u00fchren inbegriffen<\/li>\n<li>\u00dcberweisung inbegriffen<\/li>\n<li>Mittagessen auf der Insel Bacardi inklusive<\/li>\n<li style=\"font-weight: 400;\"><span style=\"font-weight: 400;\">Der Guide bietet Anleitung und Supervision<\/span><\/li>\n<\/ul>\n<p>&nbsp;<\/p>\n<h4><b>Einschl\u00fcsse &amp; Ausschl\u00fcsse<\/b><\/h4>\n<p><b>Einschl\u00fcsse<\/b><\/p>\n<ol>\n<li style=\"font-weight: 400;\">Los Haitises Tour + H\u00f6hlen und Piktogramme<\/li>\n<li>Mittagessen in Cayo Levantado (Bacardi Island), wenn Sie eine \u00e4hnliche Tour m\u00f6gen: Los Haitises + Ca\u00f1o Hondo<\/li>\n<li style=\"font-weight: 400;\"><span style=\"font-weight: 400;\">Alle Steuern, Geb\u00fchren und Bearbeitungsgeb\u00fchren<\/span><\/li>\n<li style=\"font-weight: 400;\"><span style=\"font-weight: 400;\">Lokale Steuern<\/span><\/li>\n<li style=\"font-weight: 400;\"><span style=\"font-weight: 400;\">Getr\u00e4nke<\/span><\/li>\n<li style=\"font-weight: 400;\"><span style=\"font-weight: 400;\">Alle Aktivit\u00e4ten<\/span><\/li>\n<li>Transport von Las Terrenas<\/li>\n<li style=\"font-weight: 400;\"><span style=\"font-weight: 400;\">Lokaler F\u00fchrer<\/span><\/li>\n<\/ol>\n<p><b> Ausschl\u00fcsse<\/b><\/p>\n<ol>\n<li style=\"font-weight: 400;\"><span style=\"font-weight: 400;\">Trinkgelder<\/span><\/li>\n<li style=\"font-weight: 400;\"><span style=\"font-weight: 400;\">Alkoholische Getr\u00e4nke<\/span><\/li>\n<\/ol>\n<p>&nbsp;<\/p>\n<h4><em><strong>Abreise &amp; R\u00fcckkehr<\/strong><\/em><\/h4>\n<p><span style=\"font-weight: 400;\">Der Reisende erh\u00e4lt nach dem Reservierungsprozess einen Treffpunkt. Touren beginnen und enden an unseren Treffpunkten.<\/span><\/p>\n<p>&nbsp;<\/p>\n<h2>Los Haitises Tour von Las Terrenas &amp; Bacardi Island (Cayo Levantado)<\/h2>\n<p>&nbsp;<\/p>\n<h4><b><i>Was zu erwarten ist?<\/i><\/b><\/h4>\n<p><b><i>v<\/i><\/b>besuchen<strong> Nationalpark Los Haitises von Las Terrenas<\/strong> mit einem wunderbaren Mittagessen an<strong> Insel Cayo Levantado<\/strong> und Schwimmen am Strand. Beginnend <strong>vom Hafen von Saman\u00e1<\/strong> An Bord eines Bootes oder Katamarans mit einem lokalen Reiseleiter passieren wir die Bucht von Saman\u00e1 zur Seite von Sabana de la Mar, um einen der sch\u00f6nsten Nationalparks der Dominikanischen Republik zu besuchen. <em><strong>Der Haitises-Nationalpark<\/strong><\/em>.<\/p>\n<p>Die von \u201eBooking Adventures\u201c organisierte Tour beginnt am mit dem Reiseleiter vereinbarten Treffpunkt. Kommen Sie mit Booking Adventures und beginnen Sie, einige vogelreiche Mangroven, sanfte H\u00fcgel mit \u00fcppiger Vegetation und H\u00f6hlen zu erkunden <em><strong>Nationalpark Los Haitises<\/strong><\/em>. Besuch der Insel mit V\u00f6geln in der N\u00e4he. In der Brutzeit k\u00f6nnen wir sogar die Pelecanos-K\u00fcken auf den Nestern sehen. Erfahren Sie mehr \u00fcber die Rocky Islands und besuchen Sie die H\u00f6hlen mit Piktogrammen und Petrographien der Ureinwohner.<\/p>\n<p>Durch die Mangroven und Land an der offenen Bucht von San Lorenzo, von wo aus Sie die zerkl\u00fcftete Waldlandschaft fotografieren k\u00f6nnen. Schauen Sie auf das Wasser, um es zu entdecken <em><strong>Seek\u00fche<\/strong><\/em>, Krebstiere u <em><strong>Delfine.<\/strong><\/em><\/p>\n<h2><strong>H\u00f6hlen im Nationalpark Los Haitises<\/strong><\/h2>\n<div class=\"body-description secondary\">\n<p>Der Name des Nationalparks stammt von seinen Ureinwohnern, den Taino-Indianern. In ihrer Sprache bedeutet \u201eHaitises\u201c Hochland oder H\u00fcgel, ein Hinweis auf die steilen geologischen Formationen der K\u00fcste mit Kalksteinen. Tauchen Sie tiefer in den Park ein, um H\u00f6hlen wie die zu erkunden <em><strong>Cueva de la Arena<\/strong><\/em> und <strong><em>Cueva de la Linea.<\/em><\/strong><\/p>\n<p>H\u00f6hlen im Reservat wurden von den Taino-Indianern und sp\u00e4ter von Piraten als Unterschlupf genutzt. Suchen Sie nach Zeichnungen von Indianern, die einige der W\u00e4nde schm\u00fccken. Nach dem Besuch des Nationalparks Los Haitises fahren wir zur\u00fcck zum Hafen von Saman\u00e1, passieren die Saman\u00e1-Bucht f\u00fcr 30 Minuten und besuchen die Insel Bacardi. Wir werden ein typisches Mittagessen auf der Insel haben. Wenn Sie Veganer sind, keine Sorge, wir haben auch Essen f\u00fcr Sie!<\/p>\n<p>Nachdem Sie einen ganzen Nachmittag geschwommen und sich am Strand entspannt haben, wird unser Reiseleiter die Zeit festlegen, um zum Hafen von Saman\u00e1 zur\u00fcckzukehren. Ihr Transfer bringt Sie zur\u00fcck zu Ihrem Platz in Las Terrenas.<\/p>\n<\/div>\n<p>Falls Sie diese Reise l\u00e4nger oder k\u00fcrzer m\u00f6gen, haben wir diese Optionen:<\/p>\n<ol>\n<li>Nur Los Haitises vom Hafen von Saman\u00e1.<\/li>\n<li>Los Haitises + Ca\u00f1o Hondo vom Hafen von Saman\u00e1.<\/li>\n<\/ol>\n<p>&nbsp;<\/p>\n<h4><em><strong>Was sollten Sie mitbringen?<\/strong><\/em><\/h4>\n<ul>\n<li style=\"font-weight: 400;\"><span style=\"font-weight: 400;\">Kamera<\/span><\/li>\n<li style=\"font-weight: 400;\"><span style=\"font-weight: 400;\">Absto\u00dfende Knospen<\/span><\/li>\n<li style=\"font-weight: 400;\"><span style=\"font-weight: 400;\">Sonnencreme<\/span><\/li>\n<li style=\"font-weight: 400;\"><span style=\"font-weight: 400;\">Hut<\/span><\/li>\n<li style=\"font-weight: 400;\"><span style=\"font-weight: 400;\">Bequeme Hose<\/span><\/li>\n<li style=\"font-weight: 400;\"><span style=\"font-weight: 400;\">Wanderschuhe f\u00fcr den Wald<\/span><\/li>\n<li style=\"font-weight: 400;\"><span style=\"font-weight: 400;\">Sandalen zu den Fr\u00fchlingsgebieten.<\/span><\/li>\n<li style=\"font-weight: 400;\"><span style=\"font-weight: 400;\">Schwimmkleidung<\/span><\/li>\n<\/ul>\n<p>&nbsp;<\/p>\n<h4><b><i>Hotelabholung <\/i><\/b><\/h4>\n<p><span style=\"font-weight: 400;\">F\u00fcr diese Tour wird eine Abholung vom Hotel in Las Terrenas oder der Gemeinde El Limon angeboten.\u00a0<\/span><\/p>\n<p>&nbsp;<\/p>\n<p><b>Notiz:<\/b><span style=\"font-weight: 400;\"> Wenn Sie innerhalb von 24 Stunden vor der Abfahrtszeit der Tour\/des Ausflugs buchen, k\u00f6nnen wir die Abholung vom Hotel arrangieren. Sobald Ihr Kauf abgeschlossen ist, senden wir Ihnen die vollst\u00e4ndigen Kontaktinformationen (Telefonnummer, E-Mail-Adresse usw.) f\u00fcr unseren \u00f6rtlichen Reiseleiter, um die Abholung zu organisieren.<\/span><\/p>\n<h4><b><i>Zus\u00e4tzliche Info-Best\u00e4tigung <\/i><\/b><\/h4>\n<ol>\n<li>Tickets sind die Quittung, nachdem Sie f\u00fcr diese Tour bezahlt haben. Sie k\u00f6nnen die Zahlung auf Ihrem Telefon anzeigen.<\/li>\n<li style=\"font-weight: 400;\"><span style=\"font-weight: 400;\">Treffpunkt Wird nach dem Reservierungsprozess bekannt gegeben.<\/span><\/li>\n<li style=\"font-weight: 400;\"><span style=\"font-weight: 400;\">Kinder m\u00fcssen von einem Erwachsenen begleitet werden.<\/span><\/li>\n<li style=\"font-weight: 400;\"><span style=\"font-weight: 400;\"> Nicht rollstuhlgerecht <\/span><\/li>\n<li style=\"font-weight: 400;\"><span style=\"font-weight: 400;\">Kleinkinder m\u00fcssen auf dem Scho\u00df sitzen <\/span><\/li>\n<li style=\"font-weight: 400;\"><span style=\"font-weight: 400;\">F\u00fcr Reisende mit R\u00fcckenproblemen nicht zu empfehlen<\/span><\/li>\n<li style=\"font-weight: 400;\"><span style=\"font-weight: 400;\">Nicht f\u00fcr schwangere Reisende empfohlen <\/span><\/li>\n<li style=\"font-weight: 400;\"><span style=\"font-weight: 400;\"> Keine Herzprobleme oder andere ernsthafte Erkrankungen <\/span><\/li>\n<li style=\"font-weight: 400;\"><span style=\"font-weight: 400;\">Die meisten Reisenden k\u00f6nnen teilnehmen<\/span><\/li>\n<\/ol>\n<h4><b><i>Stornierungsbedingungen<\/i><\/b><\/h4>\n<p>F\u00fcr eine vollst\u00e4ndige R\u00fcckerstattung lesen Sie bitte unsere Stornierungsbedingungen\u00a0<a href=\"https:\/\/www.boattoursamana.com\/de\/online-buchung\/\" target=\"_blank\" rel=\"noopener\" data-saferedirecturl=\"https:\/\/www.google.com\/url?q=https:\/\/www.boattoursamana.com\/online-booking\/&amp;source=gmail&amp;ust=1672449202351000&amp;usg=AOvVaw1yAeVAPktmaVCqDujgUn90\">Klicke hier<\/a>. Das Geld geht verloren, wenn die Reservierung am selben Tag der Reise storniert wird.<\/p>\n\n\t\t<\/div>\n\t<\/div>\n<div class=\"vc_btn3-container vc_btn3-inline\" ><button class=\"vc_general vc_btn3 vc_btn3-size-md vc_btn3-shape-rounded vc_btn3-style-modern vc_btn3-color-green\">BUCHEN SIE JETZT<\/button><\/div>\n\t<div class=\"wpb_video_widget wpb_content_element vc_clearfix   vc_video-aspect-ratio-169 vc_video-el-width-100 vc_video-align-left\" >\n\t\t<div class=\"wpb_wrapper\">\n\t\t\t<h2 class=\"wpb_heading wpb_video_heading\">Nationalpark Los Haitises<\/h2>\n\t\t\t<div class=\"wpb_video_wrapper\"><iframe loading=\"lazy\" title=\"Touren und Ausfl\u00fcge zum Nationalpark Los Haitises\" width=\"1100\" height=\"619\" src=\"https:\/\/www.youtube.com\/embed\/vMI4Ou81cd4?feature=oembed\" frameborder=\"0\" allow=\"accelerometer; autoplay; encrypted-media; gyroscope; picture-in-picture\" allowfullscreen><\/iframe><\/div>\n\t\t<\/div>\n\t<\/div>\n<\/div><\/div><\/div><\/div><div class=\"vc_row wpb_row vc_row-fluid\" ><div class=\"wpb_column vc_column_container vc_col-sm-12\"><div class=\"vc_column-inner\"><div class=\"wpb_wrapper\"><div class=\"vc_empty_space\"   style=\"height: 32px\"><span class=\"vc_empty_space_inner\"><\/span><\/div>\n\t<div class=\"wpb_text_column wpb_content_element\" >\n\t\t<div class=\"wpb_wrapper\">\n\t\t\t<h4>Kontaktiere uns?<\/h4>\n<h5>Abenteuer buchen<\/h5>\n<p><em><strong>Einheimische<\/strong>\u00a0und\u00a0<strong>Staatsangeh\u00f6rige<\/strong>\u00a0Reiseleiter &amp; G\u00e4steservice<\/em><\/p>\n<p><span class=\"text-turquoise\">Reservierungen:<\/span>\u00a0F\u00fchrungen &amp; Ausfl\u00fcge im Dom. Rep.<\/p>\n<p><img decoding=\"async\" class=\"emoji\" draggable=\"false\" src=\"https:\/\/s.w.org\/images\/core\/emoji\/11.2.0\/svg\/1f4de.svg\" alt=\"\ud83d\udcde\" title=\"\">\u00a0Tel.\/Whatsapp\u00a0\u00a0<a href=\"tel:+1-809-720-6035\">+1-809-720-6035<\/a>.<\/p>\n<p><img decoding=\"async\" class=\"emoji\" draggable=\"false\" src=\"https:\/\/s.w.org\/images\/core\/emoji\/11.2.0\/svg\/1f4e9.svg\" alt=\"\ud83d\udce9\" title=\"\">\u00a0<a href=\"mailto:info@bookingadventures.com.do\">info@bookingadventures.com.do<\/a><\/p>\n<p><strong>Wir sind flexibel und bieten private Touren per WhatsApp an:\u00a0<a href=\"tel:+18097206035\">+18097206035.<\/a><\/strong><\/p>\n\n\t\t<\/div>\n\t<\/div>\n<div class=\"vc_empty_space\"   style=\"height: 32px\"><span class=\"vc_empty_space_inner\"><\/span><\/div><\/div><\/div><\/div><\/div><div class=\"vc_row wpb_row vc_row-fluid\" ><div class=\"wpb_column vc_column_container vc_col-sm-12\"><div class=\"vc_column-inner\"><div class=\"wpb_wrapper\"><div class=\"mkdf-section-title-holder\" style=\"text-align: left\">\n\t<div class=\"mkdf-st-inner\">\n\t\t\t\t\t<h5 class=\"mkdf-st-subtitle\" >\n\t\t\t\tVom Hafen von Samana\t\t\t<\/h5>\n\t\t\t\t\t\t\t<h3 class=\"mkdf-st-title\" >\n\t\t\t\tLos Haitises und Cayo Levantado Samana Tour\t\t\t<\/h3>\n\t\t\t\t\t<\/div>\n<\/div><div class=\"vc_empty_space\"   style=\"height: 32px\"><span class=\"vc_empty_space_inner\"><\/span><\/div><\/div><\/div><\/div><\/div><div class=\"vc_row wpb_row vc_row-fluid\" ><div class=\"wpb_column vc_column_container vc_col-sm-12\"><div class=\"vc_column-inner\"><div class=\"wpb_wrapper\"><div class=\"woocommerce columns-4\"><ul class=\"products columns-4\">\n<li class=\"product type-product post-8219 status-publish first instock product_cat-tours-excursions-samana-bay-dominican-republic product_cat-1-samana product_cat-boat-trip-los-haitises product_cat-caves product_cat-hiking product_cat-kayaking product_cat-local-tour-guides product_cat-lunch product_cat-mangroves product_cat-natural-pools-los-haitises product_cat-swimming-natural-springs product_cat-tours-and-excursions product_cat-tours-excursions-los-haitises-national-park product_tag-cano-hondo product_tag-cano-hondo-hotel product_tag-cano-hondo-tours product_tag-day-tour-cano-hondo product_tag-los-haitises product_tag-los-haitises-national-park product_tag-mangroves-los-haitises product_tag-samana-bay product_tag-samana-excursions product_tag-samana-tours has-post-thumbnail sale sold-individually shipping-taxable product-type-external\">\n\t<div class=\"mkdf-pl-inner\"><div class=\"mkdf-pl-image\"><div class=\"mkdf-pl-text\"><div class=\"mkdf-pl-text-outer\"><div class=\"mkdf-pl-text-inner\"><a href=\"https:\/\/bookingadventures.tours\/booking.php?tour_id=115599b2f3856c5f8f20eead7f885855\" data-quantity=\"1\" class=\"button wp-element-button product_type_external\" data-product_id=\"8219\" data-product_sku=\"\" aria-label=\"BUCHEN SIE JETZT\" rel=\"nofollow noopener\">BUCHEN SIE JETZT<\/a><\/div><\/div><\/div><\/div><a href=\"https:\/\/www.boattoursamana.com\/de\/tour\/los-haitises-nationalpark-mittagessen-in-cano-hondo-vom-hafen-von-samana-2\" class=\"woocommerce-LoopProduct-link woocommerce-loop-product__link\"><\/a><\/div><div class=\"mkdf-pl-text-wrapper\"><div class=\"mkdf-pl-rating-holder\"><\/div><h4 class=\"mkdf-product-list-title\"><a href=\"https:\/\/www.boattoursamana.com\/de\/tour\/los-haitises-nationalpark-mittagessen-in-cano-hondo-vom-hafen-von-samana-2\">Nationalpark Los Haitises + Mittagessen in Ca\u00f1o Hondo vom Hafen von Saman\u00e1.<\/a><\/h4>\n\t<span class=\"price\"><del aria-hidden=\"true\"><span class=\"woocommerce-Price-amount amount\"><bdi><span class=\"woocommerce-Price-currencySymbol\">&#36;<\/span>150.00<\/bdi><\/span><\/del> <ins><span class=\"woocommerce-Price-amount amount\"><bdi><span class=\"woocommerce-Price-currencySymbol\">&#36;<\/span>97.50<\/bdi><\/span><\/ins><\/span>\n<\/div><\/li><li class=\"product type-product post-8854 status-publish instock product_cat-tours-excursions-samana-bay-dominican-republic product_cat-1-samana product_cat-boat-trip-los-haitises product_cat-local-tour-guides product_cat-lunch product_cat-trails-or-paths product_tag-beach-time product_tag-el-rincon-beach product_tag-playa-el-rincon product_tag-samana product_tag-samana-bay product_tag-samana-excursions product_tag-samana-tours has-post-thumbnail sale sold-individually shipping-taxable product-type-external\">\n\t<div class=\"mkdf-pl-inner\"><div class=\"mkdf-pl-image\"><div class=\"mkdf-pl-text\"><div class=\"mkdf-pl-text-outer\"><div class=\"mkdf-pl-text-inner\"><a href=\"https:\/\/bookingadventures.tours\/booking.php?tour_id=18edd15a2a473d6c5e4a936ce7d4440e\" data-quantity=\"1\" class=\"button wp-element-button product_type_external\" data-product_id=\"8854\" data-product_sku=\"\" aria-label=\"BUCHEN SIE JETZT\" rel=\"nofollow noopener\">BUCHEN SIE JETZT<\/a><\/div><\/div><\/div><\/div><a href=\"https:\/\/www.boattoursamana.com\/de\/tour\/los-haitises-nationalpark-playa-el-rincon-strand-2\" class=\"woocommerce-LoopProduct-link woocommerce-loop-product__link\"><\/a><\/div><div class=\"mkdf-pl-text-wrapper\"><div class=\"mkdf-pl-rating-holder\"><\/div><h4 class=\"mkdf-product-list-title\"><a href=\"https:\/\/www.boattoursamana.com\/de\/tour\/los-haitises-nationalpark-playa-el-rincon-strand-2\">Nationalpark Los Haitises + Strand Playa el Rinc\u00f3n<\/a><\/h4>\n\t<span class=\"price\"><del aria-hidden=\"true\"><span class=\"woocommerce-Price-amount amount\"><bdi><span class=\"woocommerce-Price-currencySymbol\">&#36;<\/span>99.99<\/bdi><\/span><\/del> <ins><span class=\"woocommerce-Price-amount amount\"><bdi><span class=\"woocommerce-Price-currencySymbol\">&#36;<\/span>89.99<\/bdi><\/span><\/ins><\/span>\n<\/div><\/li><li class=\"product type-product post-8852 status-publish instock product_cat-local-tour-guides product_cat-1-samana product_cat-boat-trip-los-haitises product_cat-caves product_cat-fees-entrace product_cat-mangroves product_tag-los-haitises product_tag-los-haitises-national-park product_tag-samana product_tag-samana-bay product_tag-samana-excursions product_tag-samana-tours has-post-thumbnail sale sold-individually shipping-taxable product-type-external\">\n\t<div class=\"mkdf-pl-inner\"><div class=\"mkdf-pl-image\"><div class=\"mkdf-pl-text\"><div class=\"mkdf-pl-text-outer\"><div class=\"mkdf-pl-text-inner\"><a href=\"https:\/\/bookingadventures.tours\/booking.php?tour_id=74f49ad02323a4407f5c10b98f9dd188\" data-quantity=\"1\" class=\"button wp-element-button product_type_external\" data-product_id=\"8852\" data-product_sku=\"\" aria-label=\"BUCHEN SIE JETZT\" rel=\"nofollow noopener\">BUCHEN SIE JETZT<\/a><\/div><\/div><\/div><\/div><a href=\"https:\/\/www.boattoursamana.com\/de\/tour\/los-haitises-nationalpark-tour-vom-hafen-samana-2\" class=\"woocommerce-LoopProduct-link woocommerce-loop-product__link\"><\/a><\/div><div class=\"mkdf-pl-text-wrapper\"><div class=\"mkdf-pl-rating-holder\"><\/div><h4 class=\"mkdf-product-list-title\"><a href=\"https:\/\/www.boattoursamana.com\/de\/tour\/los-haitises-nationalpark-tour-vom-hafen-samana-2\">Tour durch den Nationalpark Los Haitises ab dem Hafen von Saman\u00e1<\/a><\/h4>\n\t<span class=\"price\"><del aria-hidden=\"true\"><span class=\"woocommerce-Price-amount amount\"><bdi><span class=\"woocommerce-Price-currencySymbol\">&#36;<\/span>95.00<\/bdi><\/span><\/del> <ins><span class=\"woocommerce-Price-amount amount\"><bdi><span class=\"woocommerce-Price-currencySymbol\">&#36;<\/span>85.00<\/bdi><\/span><\/ins><\/span>\n<\/div><\/li><li class=\"product type-product post-9228 status-publish last instock product_cat-tours-excursions-samana-bay-dominican-republic product_cat-1-samana product_cat-whale-watching-private-tours product_cat-whale-watching-samana product_tag-bacardi-island product_tag-cayo-levantado-day-pass product_tag-private-tours-samana product_tag-samana-tours product_tag-samana-whale product_tag-samana-whale-watching product_tag-samana-whale-watching-excursions product_tag-whale-samana product_tag-whale-watching product_tag-whale-watching-2020 product_tag-whale-watching-dominican-republic has-post-thumbnail sale shipping-taxable product-type-external\">\n\t<div class=\"mkdf-pl-inner\"><div class=\"mkdf-pl-image\"><div class=\"mkdf-pl-text\"><div class=\"mkdf-pl-text-outer\"><div class=\"mkdf-pl-text-inner\"><a href=\"https:\/\/bookingadventures.tours\/booking.php?tour_id=ca38c1361b978f1cbced1eaddcec5b99\" data-quantity=\"1\" class=\"button wp-element-button product_type_external\" data-product_id=\"9228\" data-product_sku=\"\" aria-label=\"BUCHEN SIE JETZT\" rel=\"nofollow noopener\">BUCHEN SIE JETZT<\/a><\/div><\/div><\/div><\/div><a href=\"https:\/\/www.boattoursamana.com\/de\/tour\/cayo-levantado-walbeobachtung-von-samana-hafen-private-bootstour\" class=\"woocommerce-LoopProduct-link woocommerce-loop-product__link\"><\/a><\/div><div class=\"mkdf-pl-text-wrapper\"><div class=\"mkdf-pl-rating-holder\"><\/div><h4 class=\"mkdf-product-list-title\"><a href=\"https:\/\/www.boattoursamana.com\/de\/tour\/cayo-levantado-walbeobachtung-von-samana-hafen-private-bootstour\">Private Tour Walbeobachtung in Saman\u00e1 + Cayo Levantado (Bacardi-Insel) vom Hafen von Saman\u00e1<\/a><\/h4>\n\t<span class=\"price\"><del aria-hidden=\"true\"><span class=\"woocommerce-Price-amount amount\"><bdi><span class=\"woocommerce-Price-currencySymbol\">&#36;<\/span>99.00<\/bdi><\/span><\/del> <ins><span class=\"woocommerce-Price-amount amount\"><bdi><span class=\"woocommerce-Price-currencySymbol\">&#36;<\/span>90.00<\/bdi><\/span><\/ins><\/span>\n<\/div><\/li><\/ul>\n<\/div><\/div><\/div><\/div><\/div><div class=\"vc_row wpb_row vc_row-fluid\" ><div class=\"wpb_column vc_column_container vc_col-sm-12\"><div class=\"vc_column-inner\"><div class=\"wpb_wrapper\"><div class=\"vc_btn3-container vc_btn3-inline\" ><button class=\"vc_general vc_btn3 vc_btn3-size-md vc_btn3-shape-rounded vc_btn3-style-modern vc_btn3-color-green\">BUCHEN SIE JETZT<\/button><\/div><\/div><\/div><\/div><\/div>","protected":false},"excerpt":{"rendered":"<p>Ausfl\u00fcge nach Los Haitises und Cayo Levantado, \u00f6kologische Reise in den Nationalpark Los Haitises mit einem lokalen Reiseleiter. Besuch der Cays im Nationalpark Los Haitises, Mangroven, Vegetation, Vogelbeobachtung, H\u00f6hlen, Piktogramme und der historischen Gebiete von Sabana de la Mar im Nationalpark Los Haitises. Nach Los Haitises a\u00dfen wir am Strand der Insel Bacardi zu Mittag. Buchen Sie jetzt eine Tour zum Nationalpark Los Haitises ab Puerto Samana + zur Insel Bacardi (Cayo Levantado) bei uns.<\/p>\n<p><strong>W\u00e4hlen Sie das Datum f\u00fcr die Tour:<\/strong><\/p>","protected":false},"featured_media":12507,"template":"","meta":[],"product_cat":[254,655,928,255],"product_tag":[184,579,236,172,268,223,311,174,615,612,945,171,901,613,580,581,647,209,440,611,441,578,574,610,614,944,608,175,186,200,667,187,616],"class_list":["post-12887","product","type-product","status-publish","has-post-thumbnail","hentry","product_cat-tours-excursions-los-haitises-national-park","product_cat-1-samana","product_cat-boat-trip-los-haitises","product_cat-tours-excursions-samana-bay-dominican-republic","product_tag-bacardi-island","product_tag-bacardi-island-tours","product_tag-birdwatching","product_tag-boat-tour","product_tag-caves-los-haitises","product_tag-cayo-levantado","product_tag-cayo-levantado-tour","product_tag-eco-tours","product_tag-excursiones-a-los-haitises-y-cayo-levantado","product_tag-haitises-park-and-cayo-levantado-island","product_tag-las-terrenas-tour","product_tag-los-haitises","product_tag-los-haitises-and-cayo-levantado","product_tag-los-haitises-excursiones","product_tag-los-haitises-excursions","product_tag-los-haitises-mapa","product_tag-los-haitises-mas-cayo-levantado","product_tag-los-haitises-national-park","product_tag-los-haitises-national-park-map","product_tag-los-haitises-national-park-mas-cayo-levantado","product_tag-los-haitises-national-park-tour-from-las-terrenas","product_tag-los-haitises-national-park-tour-from-samana-port-bacardi-island-cayo-levantado","product_tag-los-haitises-national-park-tour-from-santo-domingo","product_tag-los-haitises-park-tour-cayo-levantado-island","product_tag-los-haitises-samana","product_tag-los-haitises-tour-from-las-terrenas-bacardi-island-cayo-levantado","product_tag-los-haitises-y-cayo-levantado","product_tag-sabana-de-la-mar","product_tag-samana","product_tag-samana-excursions","product_tag-samana-tour","product_tag-samana-tours","product_tag-tour-los-haitises-national-park-cayo-levantado"],"_links":{"self":[{"href":"https:\/\/www.boattoursamana.com\/de\/wp-json\/wp\/v2\/product\/12887","targetHints":{"allow":["GET"]}}],"collection":[{"href":"https:\/\/www.boattoursamana.com\/de\/wp-json\/wp\/v2\/product"}],"about":[{"href":"https:\/\/www.boattoursamana.com\/de\/wp-json\/wp\/v2\/types\/product"}],"wp:featuredmedia":[{"embeddable":true,"href":"https:\/\/www.boattoursamana.com\/de\/wp-json\/wp\/v2\/media\/12507"}],"wp:attachment":[{"href":"https:\/\/www.boattoursamana.com\/de\/wp-json\/wp\/v2\/media?parent=12887"}],"wp:term":[{"taxonomy":"product_cat","embeddable":true,"href":"https:\/\/www.boattoursamana.com\/de\/wp-json\/wp\/v2\/product_cat?post=12887"},{"taxonomy":"product_tag","embeddable":true,"href":"https:\/\/www.boattoursamana.com\/de\/wp-json\/wp\/v2\/product_tag?post=12887"}],"curies":[{"name":"wp","href":"https:\/\/api.w.org\/{rel}","templated":true}]}}