{"id":13477,"date":"2021-12-19T09:08:16","date_gmt":"2021-12-19T09:08:16","guid":{"rendered":"https:\/\/www.ticketswhales.com\/?post_type=product&#038;p=13477"},"modified":"2023-10-06T10:58:13","modified_gmt":"2023-10-06T10:58:13","slug":"el-limon-waterfall-los-haitises-private-tour-from-samana","status":"publish","type":"product","link":"https:\/\/www.boattoursamana.com\/de\/tour\/el-limon-wasserfall-los-haitises-private-tour-ab-samana-2","title":{"rendered":"El Lim\u00f3n Wasserfall &amp; Los Haitises Private Tour von Saman\u00e1"},"content":{"rendered":"<div class=\"vc_row wpb_row vc_row-fluid\" ><div class=\"wpb_column vc_column_container vc_col-sm-12\"><div class=\"vc_column-inner\"><div class=\"wpb_wrapper\"><div class=\"vc_btn3-container vc_btn3-inline\" ><button class=\"vc_general vc_btn3 vc_btn3-size-md vc_btn3-shape-rounded vc_btn3-style-modern vc_btn3-color-green\">BUCHEN SIE JETZT<\/button><\/div><\/div><\/div><\/div><\/div><div class=\"vc_row wpb_row vc_row-fluid\" ><div class=\"wpb_column vc_column_container vc_col-sm-12\"><div class=\"vc_column-inner\"><div class=\"wpb_wrapper\"><div class=\"mkdf-section-title-holder\" style=\"text-align: left\">\n\t<div class=\"mkdf-st-inner\">\n\t\t\t\t\t<h5 class=\"mkdf-st-subtitle\" >\n\t\t\t\tTransport &amp; Mittagessen inklusive\t\t\t<\/h5>\n\t\t\t\t\t\t\t<h3 class=\"mkdf-st-title\" >\n\t\t\t\tEl Lim\u00f3n Wasserfall &amp; Los Haitises Private Tour von Samana\t\t\t<\/h3>\n\t\t\t\t\t\t\t<p class=\"mkdf-st-text\" >\n\t\t\t\tBuchen Sie eine private Reise mit Einheimischen und besuchen Sie an einem Tag die beiden meistbesuchten Nationalparks in der Dominikanischen Republik an einem Tag.\t\t\t<\/p>\n\t\t\t<\/div>\n<\/div><div class=\"vc_btn3-container vc_btn3-inline\" ><button class=\"vc_general vc_btn3 vc_btn3-size-md vc_btn3-shape-rounded vc_btn3-style-modern vc_btn3-color-green\">BUCHEN SIE JETZT<\/button><\/div><\/div><\/div><\/div><\/div><div class=\"vc_row wpb_row vc_row-fluid\" ><div class=\"wpb_column vc_column_container vc_col-sm-12\"><div class=\"vc_column-inner\"><div class=\"wpb_wrapper\">\n\t<div class=\"wpb_text_column wpb_content_element\" >\n\t\t<div class=\"wpb_wrapper\">\n\t\t\t<h3 class=\"LC20lb\"><\/h3>\n<h4><b><i>\u00dcberblick <\/i><\/b><\/h4>\n<p>Privater Ausflug zu den Wasserf\u00e4llen von El Limon und Los Haitises von Samana aus. Zwei Aktivit\u00e4ten an nur einem Tag, Besuch der Sch\u00f6nheit des Waldes und der Wasserf\u00e4lle der El Limon Community mit einem lokalen Reiseleiter. Sie k\u00f6nnen diese Reise zu Fu\u00df oder auf Pferden durch die Kaffee- und Kokosnusspfade unternehmen. Mittagessen mit Einheimischen.<\/p>\n<p>Nach dem Besuch der Wasserf\u00e4lle von El Limon fahren wir zum Pier im Stadtzentrum von Samana und nehmen ein Boot zum Nationalpark Los Haitises. Dort haben Sie Zeit, die Kultur von Taino kennenzulernen, die Piktogramme in den H\u00f6hlen und Mangroven zu besuchen und an Bord entlang der Kalksteininseln herumzufahren.<\/p>\n<p>Nach dieser Erfahrung kehren Sie zu unserem Treffpunkt zur\u00fcck, von wo wir Sie in Samana abholen<\/p>\n<ul>\n<li style=\"font-weight: 400;\">Geb\u00fchren inbegriffen<\/li>\n<li>Mittagessen<\/li>\n<li>Snacks<\/li>\n<li style=\"font-weight: 400;\">Lokaler Reiseleiter in Englisch oder Franz\u00f6sisch<\/li>\n<li>Transport<\/li>\n<li>Bootsausflug<\/li>\n<\/ul>\n<p>&nbsp;<\/p>\n<h4><b>Einschl\u00fcsse &amp; Ausschl\u00fcsse<\/b><\/h4>\n<p>&nbsp;<\/p>\n<p><b>Einschl\u00fcsse<\/b><\/p>\n<ol>\n<li style=\"font-weight: 400;\">El Limon Wasserf\u00e4lle Wandern oder Reiten<\/li>\n<li>Mittagessen<\/li>\n<li style=\"font-weight: 400;\"><span style=\"font-weight: 400;\">Alle Steuern, Geb\u00fchren und Bearbeitungsgeb\u00fchren<\/span><\/li>\n<li style=\"font-weight: 400;\"><span style=\"font-weight: 400;\">Lokale Steuern<\/span><\/li>\n<li style=\"font-weight: 400;\"><span style=\"font-weight: 400;\">Getr\u00e4nke<\/span><\/li>\n<li>Snacks<\/li>\n<li style=\"font-weight: 400;\"><span style=\"font-weight: 400;\">Alle Aktivit\u00e4ten<\/span><\/li>\n<li style=\"font-weight: 400;\"><span style=\"font-weight: 400;\">Lokaler F\u00fchrer<\/span><\/li>\n<\/ol>\n<p><b> Ausschl\u00fcsse<\/b><\/p>\n<ol>\n<li style=\"font-weight: 400;\"><span style=\"font-weight: 400;\">Trinkgelder<\/span><\/li>\n<li style=\"font-weight: 400;\"><span style=\"font-weight: 400;\">Alkoholische Getr\u00e4nke<\/span><\/li>\n<\/ol>\n<p>&nbsp;<\/p>\n<h4><em><strong>Abreise &amp; R\u00fcckkehr<\/strong><\/em><\/h4>\n<p><span style=\"font-weight: 400;\">Der Reisende erh\u00e4lt nach dem Reservierungsprozess einen Treffpunkt. Touren beginnen und enden an Ihren Treffpunkten.<\/span><\/p>\n<h4><\/h4>\n<h3 class=\"LC20lb\">El Lim\u00f3n Wasserfall &amp; Los Haitises Private Tour von Samana.<\/h3>\n<p>&nbsp;<\/p>\n<h4><b><i>Was zu erwarten ist?<\/i><\/b><\/h4>\n<p><em><strong>Holen Sie sich Ihre Tickets<\/strong><\/em> f\u00fcr den Besuch der Wasserf\u00e4lle von El Limon und des Nationalparks Los Haitises von Samana aus. Wenn Sie in Las Terrenas oder Las Galeras sind und es lieben werden, eine dominikanische Erfahrung zu machen, besuchen Sie zwei Nationalparks an einem Tag. Hier ist diese Erfahrung.<\/p>\n<p>Der von \u201eBooking Adventures\u201c organisierte Ausflug beginnt am mit dem Reiseleiter vereinbarten Treffpunkt. Kommen Sie mit Booking Adventures in Private Trips zu den El Limon-Wasserf\u00e4llen mit einem lokalen Reiseleiter. Reit- oder Wanderausflug durch den Wald entlang des Zitronenflusses, Besuch von Kakao- und Kaffeeplantagen unter den Schattenpalmen der Kokosn\u00fcsse. Halten Sie zuerst am kleinen Wasserfall an, wo normalerweise nicht viele Menschen sind, und Sie k\u00f6nnen herumschwimmen. Danach fahren wir weiter zum gro\u00dfen Wasserfall, wo wir eine Stunde oder l\u00e4nger bleiben, wenn Sie m\u00f6chten.<\/p>\n<p>Holen Sie sich Pferde oder wandern Sie zur\u00fcck zum Restaurant f\u00fcr ein fantastisches dominikanisches Mittagessen. sp\u00e4ter Fahrt zum Hafen von Samana. Machen Sie eine Bootsfahrt, um Los Haitises, die Bucht von Samana, Piktogramme von Tainos, Mangroven, Vogelbeobachtung und viele Schl\u00fcssel aus Kalkstein zu besuchen.<\/p>\n<p>&nbsp;<\/p>\n<p>Nach den Erlebnissen in Los Haitises bringen wir Sie zur\u00fcck zum Treffpunkt und legen mit unserem Reiseleiter eine Zeit f\u00fcr das Ende fest.<\/p>\n<p>Bitte beachten Sie, dass Sie diese Reise als Privatreise individuell gestalten d\u00fcrfen.<\/p>\n<p>&nbsp;<\/p>\n<h4><em><strong>Was sollten Sie mitbringen?<\/strong><\/em><\/h4>\n<ul>\n<li style=\"font-weight: 400;\"><span style=\"font-weight: 400;\">Kamera<\/span><\/li>\n<li style=\"font-weight: 400;\"><span style=\"font-weight: 400;\">Absto\u00dfende Knospen<\/span><\/li>\n<li style=\"font-weight: 400;\"><span style=\"font-weight: 400;\">Sonnencreme<\/span><\/li>\n<li style=\"font-weight: 400;\"><span style=\"font-weight: 400;\">Hut<\/span><\/li>\n<li style=\"font-weight: 400;\"><span style=\"font-weight: 400;\">Bequeme Hose<\/span><\/li>\n<li style=\"font-weight: 400;\"><span style=\"font-weight: 400;\">Wanderschuhe f\u00fcr den Wald<\/span><\/li>\n<li style=\"font-weight: 400;\"><span style=\"font-weight: 400;\">Sandalen zu den Fr\u00fchlingsgebieten.<\/span><\/li>\n<li style=\"font-weight: 400;\"><span style=\"font-weight: 400;\">Schwimmkleidung<\/span><\/li>\n<\/ul>\n<p>&nbsp;<\/p>\n<h4><b><i>Hotelabholung <\/i><\/b><\/h4>\n<p><span style=\"font-weight: 400;\">Eine Hotelabholung wird f\u00fcr diese Tour nicht angeboten. <\/span><\/p>\n<p>&nbsp;<\/p>\n<p><b>Notiz:<\/b><span style=\"font-weight: 400;\"> Wenn Sie innerhalb von 24 Stunden vor der Abfahrtszeit der Tour\/des Ausflugs buchen, k\u00f6nnen wir die Abholung vom Hotel gegen Aufpreis arrangieren. Sobald Ihr Kauf abgeschlossen ist, senden wir Ihnen die vollst\u00e4ndigen Kontaktinformationen (Telefonnummer, E-Mail-Adresse usw.) f\u00fcr unseren \u00f6rtlichen Reiseleiter, um die Abholung zu organisieren.<\/span><\/p>\n<h4><b><i>Zus\u00e4tzliche Info-Best\u00e4tigung <\/i><\/b><\/h4>\n<ol>\n<li>Tickets sind die Quittung nach Bezahlung dieser Tour. Sie k\u00f6nnen die Zahlung auf Ihrem Telefon anzeigen.<\/li>\n<li style=\"font-weight: 400;\"><span style=\"font-weight: 400;\">Treffpunkt Wird nach dem Reservierungsprozess bekannt gegeben.<\/span><\/li>\n<li style=\"font-weight: 400;\"><span style=\"font-weight: 400;\">Kinder m\u00fcssen von einem Erwachsenen begleitet werden.<\/span><\/li>\n<li style=\"font-weight: 400;\"><span style=\"font-weight: 400;\"> Nicht rollstuhlgerecht <\/span><\/li>\n<li style=\"font-weight: 400;\"><span style=\"font-weight: 400;\">Kleinkinder m\u00fcssen auf dem Scho\u00df sitzen <\/span><\/li>\n<li style=\"font-weight: 400;\"><span style=\"font-weight: 400;\">F\u00fcr Reisende mit R\u00fcckenproblemen nicht zu empfehlen<\/span><\/li>\n<li style=\"font-weight: 400;\"><span style=\"font-weight: 400;\">Nicht f\u00fcr schwangere Reisende empfohlen <\/span><\/li>\n<li style=\"font-weight: 400;\"><span style=\"font-weight: 400;\"> Keine Herzprobleme oder andere ernsthafte Erkrankungen <\/span><\/li>\n<li style=\"font-weight: 400;\"><span style=\"font-weight: 400;\">Die meisten Reisenden k\u00f6nnen teilnehmen<\/span><\/li>\n<\/ol>\n<h4><b><i>Stornierungsbedingungen<\/i><\/b><\/h4>\n<p>F\u00fcr eine vollst\u00e4ndige R\u00fcckerstattung lesen Sie bitte unsere Stornierungsbedingungen\u00a0<a href=\"https:\/\/www.boattoursamana.com\/de\/online-buchung\/\" target=\"_blank\" rel=\"noopener\" data-saferedirecturl=\"https:\/\/www.google.com\/url?q=https:\/\/www.boattoursamana.com\/online-booking\/&amp;source=gmail&amp;ust=1672449202351000&amp;usg=AOvVaw1yAeVAPktmaVCqDujgUn90\">Klicke hier<\/a>. Das Geld geht verloren, wenn die Reservierung am selben Tag der Reise storniert wird.<\/p>\n\n\t\t<\/div>\n\t<\/div>\n<div class=\"vc_btn3-container vc_btn3-inline\" ><button class=\"vc_general vc_btn3 vc_btn3-size-md vc_btn3-shape-rounded vc_btn3-style-modern vc_btn3-color-green\">BUCHEN SIE JETZT<\/button><\/div><\/div><\/div><\/div><\/div><div class=\"vc_row wpb_row vc_row-fluid\" ><div class=\"wpb_column vc_column_container vc_col-sm-12\"><div class=\"vc_column-inner\"><div class=\"wpb_wrapper\">\n\t<div class=\"wpb_video_widget wpb_content_element vc_clearfix   vc_video-aspect-ratio-169 vc_video-el-width-100 vc_video-align-left\" >\n\t\t<div class=\"wpb_wrapper\">\n\t\t\t\n\t\t\t<div class=\"wpb_video_wrapper\"><iframe loading=\"lazy\" title=\"Saman\u00e1 hat es \u2013 Dominikanische Republik hat alles\" width=\"1100\" height=\"619\" src=\"https:\/\/www.youtube.com\/embed\/oWlwxZLQnVU?feature=oembed\" frameborder=\"0\" allow=\"accelerometer; autoplay; encrypted-media; gyroscope; picture-in-picture\" allowfullscreen><\/iframe><\/div>\n\t\t<\/div>\n\t<\/div>\n<\/div><\/div><\/div><\/div><div class=\"vc_row wpb_row vc_row-fluid\" ><div class=\"wpb_column vc_column_container vc_col-sm-12\"><div class=\"vc_column-inner\"><div class=\"wpb_wrapper\"><div class=\"vc_empty_space\"   style=\"height: 32px\"><span class=\"vc_empty_space_inner\"><\/span><\/div>\n\t<div class=\"wpb_text_column wpb_content_element\" >\n\t\t<div class=\"wpb_wrapper\">\n\t\t\t<h4>Kontaktiere uns?<\/h4>\n<h5>Abenteuer buchen<\/h5>\n<p><em><strong>Einheimische<\/strong>\u00a0und\u00a0<strong>Staatsangeh\u00f6rige<\/strong>\u00a0Reiseleiter &amp; G\u00e4steservice<\/em><\/p>\n<p><span class=\"text-turquoise\">Reservierungen:<\/span>\u00a0F\u00fchrungen &amp; Ausfl\u00fcge im Dom. Rep.<\/p>\n<p><img decoding=\"async\" class=\"emoji\" draggable=\"false\" src=\"https:\/\/s.w.org\/images\/core\/emoji\/11.2.0\/svg\/1f4de.svg\" alt=\"\ud83d\udcde\" title=\"\">\u00a0Tel.\/Whatsapp\u00a0\u00a0<a href=\"tel:+1-809-720-6035\">+1-809-720-6035<\/a>.<\/p>\n<p><img decoding=\"async\" class=\"emoji\" draggable=\"false\" src=\"https:\/\/s.w.org\/images\/core\/emoji\/11.2.0\/svg\/1f4e9.svg\" alt=\"\ud83d\udce9\" title=\"\">\u00a0<a href=\"mailto:info@bookingadventures.com.do\">info@bookingadventures.com.do<\/a><\/p>\n<p><strong>Wir sind flexibel und bieten private Touren per WhatsApp an:\u00a0<a href=\"tel:+18097206035\">+18097206035.<\/a><\/strong><\/p>\n\n\t\t<\/div>\n\t<\/div>\n<div class=\"vc_empty_space\"   style=\"height: 32px\"><span class=\"vc_empty_space_inner\"><\/span><\/div><\/div><\/div><\/div><\/div>","protected":false},"excerpt":{"rendered":"<p>El Lim\u00f3n Wasserfall &amp; Los Haitises Private Tour von Samana. Besuchen Sie den Wasserfall El Limon beim Wandern oder Reiten. Wandern Sie mit Einheimischen zu den Wasserf\u00e4llen von El Limon und besuchen Sie am selben Tag Los Haitises.<\/p>\n<p><b>W\u00e4hlen Sie das Datum f\u00fcr die Reise:\u00a0<\/b><\/p>","protected":false},"featured_media":14315,"template":"","meta":[],"product_cat":[985,961,956,982,307,253,255,1000],"product_tag":[606,1032,1035,1034,1030,185,1031,1033,309,310,312,186,458,200,187],"class_list":["post-13477","product","type-product","status-publish","has-post-thumbnail","hentry","product_cat-sosua-cabarete","product_cat-el-limon-horseback-riding","product_cat-el-limon-samana","product_cat-puerto-plata-tour","product_cat-salto-el-limon-and-bacardi-island","product_cat-tours-and-excursions","product_cat-tours-excursions-samana-bay-dominican-republic","product_cat-ultimo2022","product_tag-el-limon-tours","product_tag-el-limon-waterfall-cascada-el-limon","product_tag-el-limon-waterfall-excursion","product_tag-el-limon-waterfall-hike","product_tag-el-limon-waterfall-tour","product_tag-el-limon-waterfalls","product_tag-el-salto-del-limon","product_tag-how-to-get-to-el-limon-waterfall","product_tag-salto-el-limon","product_tag-salto-el-limon-hiking","product_tag-salto-el-limon-tour","product_tag-samana","product_tag-samana-day-trip-from-punta-cana","product_tag-samana-excursions","product_tag-samana-tours"],"_links":{"self":[{"href":"https:\/\/www.boattoursamana.com\/de\/wp-json\/wp\/v2\/product\/13477","targetHints":{"allow":["GET"]}}],"collection":[{"href":"https:\/\/www.boattoursamana.com\/de\/wp-json\/wp\/v2\/product"}],"about":[{"href":"https:\/\/www.boattoursamana.com\/de\/wp-json\/wp\/v2\/types\/product"}],"wp:featuredmedia":[{"embeddable":true,"href":"https:\/\/www.boattoursamana.com\/de\/wp-json\/wp\/v2\/media\/14315"}],"wp:attachment":[{"href":"https:\/\/www.boattoursamana.com\/de\/wp-json\/wp\/v2\/media?parent=13477"}],"wp:term":[{"taxonomy":"product_cat","embeddable":true,"href":"https:\/\/www.boattoursamana.com\/de\/wp-json\/wp\/v2\/product_cat?post=13477"},{"taxonomy":"product_tag","embeddable":true,"href":"https:\/\/www.boattoursamana.com\/de\/wp-json\/wp\/v2\/product_tag?post=13477"}],"curies":[{"name":"wp","href":"https:\/\/api.w.org\/{rel}","templated":true}]}}