{"id":13517,"date":"2021-12-30T09:25:29","date_gmt":"2021-12-30T09:25:29","guid":{"rendered":"https:\/\/www.ticketswhales.com\/?post_type=product&#038;p=13517"},"modified":"2023-02-25T21:48:23","modified_gmt":"2023-02-25T21:48:23","slug":"zipline-punta-cana-ziplining-in-the-jungle","status":"publish","type":"product","link":"https:\/\/www.boattoursamana.com\/de\/tour\/zipline-punta-cana-ziplining-im-dschungel-2","title":{"rendered":"Zipline Punta Cana \u2013 Ziplining im Dschungel"},"content":{"rendered":"<div class=\"vc_row wpb_row vc_row-fluid\" ><div class=\"wpb_column vc_column_container vc_col-sm-12\"><div class=\"vc_column-inner\"><div class=\"wpb_wrapper\"><div class=\"mkdf-section-title-holder\" style=\"text-align: left\">\n\t<div class=\"mkdf-st-inner\">\n\t\t\t\t\t<h5 class=\"mkdf-st-subtitle\" >\n\t\t\t\tVon Punta Cana Hotels\t\t\t<\/h5>\n\t\t\t\t\t\t\t<h3 class=\"mkdf-st-title\" >\n\t\t\t\tZipline Punta Cana - Ziplining im Dschungel\t\t\t<\/h3>\n\t\t\t\t\t\t\t<p class=\"mkdf-st-text\" >\n\t\t\t\tHinweis: Diese Tour beginnt um 7:00 Uhr. Je nachdem, wo sich die Abholhotels befinden, kann sich die Zeit \u00e4ndern. Zus\u00e4tzliche Kosten f\u00fcr die Abholung in Gebieten, die nicht in unserer Beschreibung aufgef\u00fchrt sind.\t\t\t<\/p>\n\t\t\t<\/div>\n<\/div><\/div><\/div><\/div><\/div><div class=\"vc_row wpb_row vc_row-fluid\" ><div class=\"wpb_column vc_column_container vc_col-sm-12\"><div class=\"vc_column-inner\"><div class=\"wpb_wrapper\"><div class=\"vc_empty_space\"   style=\"height: 32px\"><span class=\"vc_empty_space_inner\"><\/span><\/div><\/div><\/div><\/div><\/div><div class=\"vc_row wpb_row vc_row-fluid\" ><div class=\"wpb_column vc_column_container vc_col-sm-12\"><div class=\"vc_column-inner\"><div class=\"wpb_wrapper\"><div class=\"vc_btn3-container vc_btn3-inline\" ><button class=\"vc_general vc_btn3 vc_btn3-size-md vc_btn3-shape-rounded vc_btn3-style-modern vc_btn3-color-green\">BUCHEN SIE JETZT<\/button><\/div>\n\t<div class=\"wpb_text_column wpb_content_element\" >\n\t\t<div class=\"wpb_wrapper\">\n\t\t\t<h4><b><i>\u00dcberblick <\/i><\/b><\/h4>\n<div>\n<p>Fliegen Sie mit einigen der l\u00e4ngsten Seilrutschen der Karibik durch die Baumkronen des Regenwaldes. \u00dcberqueren Sie im Wald von Plattform zu Plattform \u00fcber 12 Kabel, die nebeneinander angeordnet sind, damit Sie mit einem Partner zippen k\u00f6nnen.<\/p>\n<p>Erfahrene Abenteuerf\u00fchrer geben eine Sicherheitseinweisung und f\u00fchren einen vollst\u00e4ndigen Sicherheitscheck durch, bevor Sie fliegen. Halten Sie unterwegs Ausschau nach einheimischer Flora und Fauna im Tropenwald.<\/p>\n<ul>\n<li>Luftaufnahmen von einigen der l\u00e4ngsten Seilrutschen der Karibik<\/li>\n<li>Sehen Sie einheimische Flora und Fauna im Regenwald<\/li>\n<li>Professionelle Guides bieten Sicherheitseinweisungen und Ausr\u00fcstung<\/li>\n<li>Abholung und R\u00fcckgabe vom Hotel inklusive<\/li>\n<\/ul>\n<\/div>\n<p>&nbsp;<\/p>\n<h4><b>Einschl\u00fcsse &amp; Ausschl\u00fcsse<\/b><\/h4>\n<p>&nbsp;<\/p>\n<p><b>Einschl\u00fcsse<\/b><\/p>\n<p>&nbsp;<\/p>\n<ol>\n<li>ZIPLINE-Tour<\/li>\n<li>Busabholung von Ihrem Hotel<\/li>\n<li style=\"font-weight: 400;\"><span style=\"font-weight: 400;\">Alle Steuern, Geb\u00fchren und Bearbeitungsgeb\u00fchren<\/span><\/li>\n<li style=\"font-weight: 400;\"><span style=\"font-weight: 400;\">Lokale Steuern<\/span><\/li>\n<li style=\"font-weight: 400;\"><span style=\"font-weight: 400;\">Getr\u00e4nke<\/span><\/li>\n<\/ol>\n<p><b> Ausschl\u00fcsse<\/b><\/p>\n<ol>\n<li style=\"font-weight: 400;\"><span style=\"font-weight: 400;\">Trinkgelder<\/span><\/li>\n<li>\n<div class=\"py-1 inclusions-exclusions-item d-flex\">\n<div class=\"d-inline-block inclusions-exclusions-text\">Alkoholische Getr\u00e4nke (erh\u00e4ltlich zum Kauf)<\/div>\n<\/div>\n<\/li>\n<li>Mittagessen<\/li>\n<\/ol>\n<p>&nbsp;<\/p>\n<h4><em><strong>Abreise &amp; R\u00fcckkehr<\/strong><\/em><\/h4>\n<p><span style=\"font-weight: 400;\">Der Reisende erh\u00e4lt nach dem Reservierungsprozess einen Treffpunkt. Die Touren beginnen und enden an unseren Treffpunkten.<\/span><\/p>\n<p>&nbsp;<\/p>\n<h4><b><i>Was zu erwarten ist?<\/i><\/b><\/h4>\n<p>Besuchen Sie die erste Zip Line Tour in der Dominikanischen Republik, die von einem der erfahrensten Zip Lines Circuit Builder in Costa Rica gebaut und von ACCT (Association for Challenge Courses Technology) zertifiziert wurde. Genie\u00dfen Sie die wundersch\u00f6ne Landschaft und die interessante Kultur auf der 45-min\u00fctigen Fahrt zu unseren Einrichtungen.<\/p>\n<p>Dort erkl\u00e4ren Ihnen unsere erfahrenen Canopy-Guides, was Sie \u00fcber die Aktivit\u00e4t und Ausr\u00fcstung wissen m\u00fcssen. Nach der Sicherheitseinweisung und unserer Schulleitung seid ihr bereit f\u00fcr den ersten Bahnsteig. Sicher befestigt mit Kletterausr\u00fcstung an den Doppelleinenkabeln brauchen Sie nur noch zu springen und die Fahrt zu genie\u00dfen.<\/p>\n<p>Die Tour besteht aus 12 Linien, die auf 18 Plattformen verteilt sind. Sie ben\u00f6tigen zwischen einer Stunde und einer Stunde und 30 Minuten, um den Kurs abzuschlie\u00dfen, aber keine Sorge, die ersten Kabel sind nicht sehr lang oder schnell, um Ihr Selbstvertrauen aufzubauen.<\/p>\n<p>Wenn Sie das Kabel 6 erreichen, k\u00f6nnen Sie eine Geschwindigkeit von 55 km \/ h erreichen. Kabel Nummer 9 ist unser h\u00f6chstes und Kabel 11 ist mit 800 Metern das einzige nebeneinander liegende Kabel im Land. Zum Abschluss servieren wir frisches Obst.<\/p>\n<p><strong>Zeitplan:<\/strong><\/p>\n<p>7:00 \u2013 14:00 Uhr\u2026 Die Zeit \u00e4ndert sich je nachdem, wo Sie sich in Punta Cana befinden.<\/p>\n<p>&nbsp;<\/p>\n<h4><em><strong>Was sollten Sie mitbringen?<\/strong><\/em><\/h4>\n<ul>\n<li style=\"font-weight: 400;\"><span style=\"font-weight: 400;\">Kamera<\/span><\/li>\n<li style=\"font-weight: 400;\"><span style=\"font-weight: 400;\">Absto\u00dfende Knospen<\/span><\/li>\n<li style=\"font-weight: 400;\"><span style=\"font-weight: 400;\">Sonnencreme<\/span><\/li>\n<li style=\"font-weight: 400;\"><span style=\"font-weight: 400;\">Hut<\/span><\/li>\n<li style=\"font-weight: 400;\"><span style=\"font-weight: 400;\">Bequeme Hose<\/span><\/li>\n<li style=\"font-weight: 400;\"><span style=\"font-weight: 400;\">Wanderschuhe f\u00fcr den Wald<\/span><\/li>\n<li style=\"font-weight: 400;\"><span style=\"font-weight: 400;\">Sandalen zum Strand<\/span><\/li>\n<li style=\"font-weight: 400;\"><span style=\"font-weight: 400;\">Schwimmkleidung<\/span><\/li>\n<li>Bargeld f\u00fcr Souvenirs<\/li>\n<\/ul>\n<p>&nbsp;<\/p>\n<h4><b><i>Hotelabholung <\/i><\/b><\/h4>\n<p><span style=\"font-weight: 400;\">Reisende Abholung wird angeboten!<\/span><\/p>\n<p><span style=\"font-weight: 400;\">Wir holen von allen Hotels in Punta Cana ab. Abholort ist die Hotellobby<br \/>\nWenn Sie in einer Eigentumswohnung in der Gegend wohnen, holen wir Sie in der Eigentumswohnung oder am Eingang des n\u00e4chstgelegenen Resorts ab. Wir arrangieren die Abholung, indem Sie uns per WhatsApp kontaktieren.<\/span><\/p>\n<p><b>Notiz:<\/b><span style=\"font-weight: 400;\"> Wenn Sie innerhalb von 24 Stunden vor der Abfahrtszeit der Tour\/des Ausflugs buchen, k\u00f6nnen wir die Abholung vom Hotel arrangieren. Sobald Ihr Kauf abgeschlossen ist, senden wir Ihnen die vollst\u00e4ndigen Kontaktinformationen (Telefonnummer, E-Mail-Adresse usw.) f\u00fcr unseren \u00f6rtlichen Reiseleiter, um die Abholung zu organisieren.<\/span><\/p>\n<h4><b><i>Zus\u00e4tzliche Info-Best\u00e4tigung <\/i><\/b><\/h4>\n<ol>\n<li>Tickets sind die Quittung nach Bezahlung dieser Tour. Sie k\u00f6nnen die Zahlung auf Ihrem Telefon anzeigen.<\/li>\n<li style=\"font-weight: 400;\"><span style=\"font-weight: 400;\">Treffpunkt Wird nach dem Reservierungsprozess bekannt gegeben.<\/span><\/li>\n<li style=\"font-weight: 400;\"><span style=\"font-weight: 400;\">barrierefrei <\/span><\/li>\n<li style=\"font-weight: 400;\"><span style=\"font-weight: 400;\">Kleinkinder m\u00fcssen auf dem Scho\u00df sitzen <\/span><\/li>\n<li style=\"font-weight: 400;\"><span style=\"font-weight: 400;\">Die meisten Reisenden k\u00f6nnen teilnehmen<\/span><\/li>\n<li><strong>Schwangere Frau<\/strong>\u00a0d\u00fcrfen an dieser Aktivit\u00e4t nicht teilnehmen.<\/li>\n<\/ol>\n<h4><b><i>Stornierungsbedingungen<\/i><\/b><\/h4>\n<p>F\u00fcr eine vollst\u00e4ndige R\u00fcckerstattung lesen Sie bitte unsere Stornierungsbedingungen\u00a0<a href=\"https:\/\/www.boattoursamana.com\/de\/online-buchung\/\" target=\"_blank\" rel=\"noopener\" data-saferedirecturl=\"https:\/\/www.google.com\/url?q=https:\/\/www.boattoursamana.com\/online-booking\/&amp;source=gmail&amp;ust=1672449202351000&amp;usg=AOvVaw1yAeVAPktmaVCqDujgUn90\">Klicke hier<\/a>. Das Geld geht verloren, wenn die Reservierung am selben Tag der Reise storniert wird.<\/p>\n\n\t\t<\/div>\n\t<\/div>\n<div class=\"vc_btn3-container vc_btn3-inline\" ><button class=\"vc_general vc_btn3 vc_btn3-size-md vc_btn3-shape-rounded vc_btn3-style-modern vc_btn3-color-green\">BUCHEN SIE JETZT<\/button><\/div><\/div><\/div><\/div><\/div><div class=\"vc_row wpb_row vc_row-fluid\" ><div class=\"wpb_column vc_column_container vc_col-sm-12\"><div class=\"vc_column-inner\"><div class=\"wpb_wrapper\">\n\t<div class=\"wpb_text_column wpb_content_element\" >\n\t\t<div class=\"wpb_wrapper\">\n\t\t\t<h4>Kontaktiere uns?<\/h4>\n<h5><em><strong>Abenteuer buchen<\/strong><\/em><\/h5>\n<p><em><strong>Einheimische<\/strong> und <strong>Staatsangeh\u00f6rige<\/strong> Reiseleiter &amp; G\u00e4steservice<\/em><\/p>\n<p><span class=\"text-turquoise\">Reservierungen:<\/span> F\u00fchrungen &amp; Ausfl\u00fcge im Dom. Rep.<\/p>\n\n\t\t<\/div>\n\t<\/div>\n<\/div><\/div><\/div><\/div><div class=\"vc_row wpb_row vc_row-fluid\" ><div class=\"wpb_column vc_column_container vc_col-sm-12\"><div class=\"vc_column-inner\"><div class=\"wpb_wrapper\"><div class=\"vc_empty_space\"   style=\"height: 32px\"><span class=\"vc_empty_space_inner\"><\/span><\/div>\n\t<div class=\"wpb_text_column wpb_content_element\" >\n\t\t<div class=\"wpb_wrapper\">\n\t\t\t<h4>Kontaktiere uns?<\/h4>\n<h5>Abenteuer buchen<\/h5>\n<p><em><strong>Einheimische<\/strong>\u00a0und\u00a0<strong>Staatsangeh\u00f6rige<\/strong>\u00a0Reiseleiter &amp; G\u00e4steservice<\/em><\/p>\n<p><span class=\"text-turquoise\">Reservierungen:<\/span>\u00a0F\u00fchrungen &amp; Ausfl\u00fcge im Dom. Rep.<\/p>\n<p><img decoding=\"async\" class=\"emoji\" draggable=\"false\" src=\"https:\/\/s.w.org\/images\/core\/emoji\/11.2.0\/svg\/1f4de.svg\" alt=\"\ud83d\udcde\" title=\"\">\u00a0Tel.\/Whatsapp\u00a0\u00a0<a href=\"tel:+1-809-720-6035\">+1-809-720-6035<\/a>.<\/p>\n<p><img decoding=\"async\" class=\"emoji\" draggable=\"false\" src=\"https:\/\/s.w.org\/images\/core\/emoji\/11.2.0\/svg\/1f4e9.svg\" alt=\"\ud83d\udce9\" title=\"\">\u00a0<a href=\"mailto:info@bookingadventures.com.do\">info@bookingadventures.com.do<\/a><\/p>\n<p><strong>Wir sind flexibel und bieten private Touren per WhatsApp an:\u00a0<a href=\"tel:+18097206035\">+18097206035.<\/a><\/strong><\/p>\n\n\t\t<\/div>\n\t<\/div>\n<div class=\"vc_empty_space\"   style=\"height: 32px\"><span class=\"vc_empty_space_inner\"><\/span><\/div><\/div><\/div><\/div><\/div><div class=\"vc_row wpb_row vc_row-fluid\" ><div class=\"wpb_column vc_column_container vc_col-sm-12\"><div class=\"vc_column-inner\"><div class=\"wpb_wrapper\"><div class=\"vc_btn3-container vc_btn3-inline\" ><button class=\"vc_general vc_btn3 vc_btn3-size-md vc_btn3-shape-rounded vc_btn3-style-modern vc_btn3-color-green\">BUCHEN SIE JETZT<\/button><\/div><\/div><\/div><\/div><\/div>","protected":false},"excerpt":{"rendered":"<p>Probieren Sie f\u00fcr das ultimative Abenteuer in Punta Cana unseren 12-Linien-Seilrutschenkurs aus! Unser Bergkurs hat auch 18 Plattformen und beherbergt die beiden l\u00e4ngsten Linien in der Dominikanischen Republik und in der Karibik. Mit der Kletterausr\u00fcstung sind Sie sicher an den doppelten Seilen befestigt, von denen das l\u00e4ngste 800 Meter lang ist!<\/p>\n<p><em><strong>Bitte w\u00e4hlen Sie das Datum f\u00fcr die Tour aus\u00a0<\/strong><\/em><\/p>","protected":false},"featured_media":13519,"template":"","meta":[],"product_cat":[253,948,808,972,969,349,294],"product_tag":[1039,1037,1038,222,471,1041,313,1040,1036,1042],"class_list":["post-13517","product","type-product","status-publish","has-post-thumbnail","hentry","product_cat-tours-and-excursions","product_cat-1-punta-cana","product_cat-punta-cana-buggy-tour","product_cat-punta-cana-group-tours","product_cat-punta-cana-buggies","product_cat-tours-and-excursion-punta-cana","product_cat-tours-excursions-punta-cana-dominican-republic","product_tag-atv-and-zipline-punta-cana","product_tag-best-zipline-in-punta-cana","product_tag-longest-zipline-in-punta-cana","product_tag-punta-cana","product_tag-punta-cana-catamaran-party-with-snorkeling-and-parasailing","product_tag-punta-cana-excursions","product_tag-punta-cana-tours","product_tag-zipline-dominican-republic","product_tag-zipline-punta-cana-ziplining-in-the-jungle","product_tag-ziplining"],"_links":{"self":[{"href":"https:\/\/www.boattoursamana.com\/de\/wp-json\/wp\/v2\/product\/13517","targetHints":{"allow":["GET"]}}],"collection":[{"href":"https:\/\/www.boattoursamana.com\/de\/wp-json\/wp\/v2\/product"}],"about":[{"href":"https:\/\/www.boattoursamana.com\/de\/wp-json\/wp\/v2\/types\/product"}],"wp:featuredmedia":[{"embeddable":true,"href":"https:\/\/www.boattoursamana.com\/de\/wp-json\/wp\/v2\/media\/13519"}],"wp:attachment":[{"href":"https:\/\/www.boattoursamana.com\/de\/wp-json\/wp\/v2\/media?parent=13517"}],"wp:term":[{"taxonomy":"product_cat","embeddable":true,"href":"https:\/\/www.boattoursamana.com\/de\/wp-json\/wp\/v2\/product_cat?post=13517"},{"taxonomy":"product_tag","embeddable":true,"href":"https:\/\/www.boattoursamana.com\/de\/wp-json\/wp\/v2\/product_tag?post=13517"}],"curies":[{"name":"wp","href":"https:\/\/api.w.org\/{rel}","templated":true}]}}