{"id":15361,"date":"2023-02-06T10:44:02","date_gmt":"2023-02-06T10:44:02","guid":{"rendered":"https:\/\/www.ticketswhales.com\/?post_type=product&#038;p=15361"},"modified":"2025-12-21T17:09:04","modified_gmt":"2025-12-21T17:09:04","slug":"miches-samana-whale-watching-cayo-levantado-bacardi-island-limon-waterfalls","status":"publish","type":"product","link":"https:\/\/www.boattoursamana.com\/de\/tour\/miches-samana-walbeobachtung-cayo-levantado-insel-bacardi-limon-wasserfalle","title":{"rendered":"Miches: Saman\u00e1-Walbeobachtung + Cayo Levantado (Bacardi-Insel) + El Lim\u00f3n-Wasserf\u00e4lle"},"content":{"rendered":"<div class=\"vc_row wpb_row vc_row-fluid\" ><div class=\"wpb_column vc_column_container vc_col-sm-12\"><div class=\"vc_column-inner\"><div class=\"wpb_wrapper\"><div class=\"vc_empty_space\"   style=\"height: 32px\"><span class=\"vc_empty_space_inner\"><\/span><\/div><div class=\"vc_btn3-container vc_btn3-inline\" ><a class=\"vc_general vc_btn3 vc_btn3-size-md vc_btn3-shape-rounded vc_btn3-style-modern vc_btn3-color-green\" href=\"https:\/\/bookingadventures.tours\/booking.php?tour_id=37eeb6616d6bfb8565c383bedf525a4c\" title=\"\" rel=\"noopener\">BUCHEN SIE JETZT<\/a><\/div><div class=\"vc_empty_space\"   style=\"height: 32px\"><span class=\"vc_empty_space_inner\"><\/span><\/div><\/div><\/div><\/div><\/div><div class=\"wpb_column vc_column_container vc_col-sm-12\"><div class=\"vc_column-inner\"><div class=\"wpb_wrapper\">\n\t<div class=\"wpb_text_column wpb_content_element\" >\n\t\t<div class=\"wpb_wrapper\">\n\t\t\t<div class=\"vc_row wpb_row vc_row-fluid\">\n<div class=\"wpb_column vc_column_container vc_col-sm-12\">\n<div class=\"vc_column-inner\">\n<div class=\"wpb_wrapper\">\n<div class=\"mkdf-section-title-holder\">\n<div class=\"mkdf-st-inner\">\n<h5 class=\"mkdf-st-subtitle\">Cayo Levantado (Bacardi-Insel) + El Lim\u00f3n-Wasserf\u00e4lle von Punta Cana Hotels.<\/h5>\n<h3 class=\"mkdf-st-title\">Walbeobachtung in Punta Cana bis zur Bucht von Saman\u00e1<\/h3>\n<\/div>\n<\/div>\n<\/div>\n<\/div>\n<\/div>\n<\/div>\n<div class=\"vc_row wpb_row vc_row-fluid\"><\/div>\n<div class=\"wpb_column vc_column_container vc_col-sm-12\">\n<div class=\"vc_column-inner\">\n<div class=\"wpb_wrapper\"><\/div>\n<\/div>\n<\/div>\n<div class=\"wpb_text_column wpb_content_element\">\n<div class=\"wpb_wrapper\"><\/div>\n<\/div>\n<div class=\"vc_row wpb_row vc_row-fluid\">\n<div class=\"wpb_column vc_column_container vc_col-sm-12\">\n<div class=\"vc_column-inner\">\n<div class=\"wpb_wrapper\">\n<div class=\"wpb_text_column wpb_content_element\">\n<div class=\"wpb_wrapper\">\n<div class=\"vc_row wpb_row vc_row-fluid\">\n<div class=\"wpb_column vc_column_container vc_col-sm-12\">\n<div class=\"vc_column-inner\">\n<div class=\"wpb_wrapper\">\n<div class=\"wpb_text_column wpb_content_element\">\n<div class=\"wpb_wrapper\">\n<h4><b><i>\u00dcberblick\ud83d\udc33<\/i><\/b><\/h4>\n<p>Walbeobachtung in Punta Cana, Walbeobachtung in der Saman\u00e1-Bucht und Besuch von Cayo Levantado sowie Safari zu den El-Limon-Wasserf\u00e4llen w\u00e4hrend dieses ganzt\u00e4gigen Ausflugs von Hotels in Punta Cana aus. Reisen Sie in einem komfortablen, klimatisierten Reisebus zur Bucht von Saman\u00e1 und steigen Sie dann in Miches auf ein Katamaranboot. Fahren Sie hinaus ins offene Wasser und halten Sie Ausschau nach Buckelwalschulen, die hierher kommen, um dort zu br\u00fcten und ihre K\u00e4lber zur Welt zu bringen. Erfahren Sie von Ihrem erfahrenen Naturf\u00fchrer mehr \u00fcber das Verhalten und die Biologie dieser Meeress\u00e4ugetiere. Weiterfahrt nach Cayo Levantado\/Bacardi-Insel, wo Sie am Strand zu Mittag essen und sich im azurblauen Wasser erfrischen k\u00f6nnen, nach dieser Safari-Reise zu den Wasserf\u00e4llen El Lim\u00f3n mit Pferden durch den Kokosnusswald, bevor Sie nach Punta Cana zur\u00fcckkehren.<\/p>\n<p>&nbsp;<\/p>\n<p><strong>Notiz:<\/strong> Diese Tour ist nicht privat. Diese Tour beinhaltet den Stopp bei <strong>Wasserfall El Lim\u00f3n<\/strong>. Um die gleiche Reise zu buchen und nicht zu den Wasserf\u00e4llen zu gehen, bitte\u00a0<a href=\"https:\/\/www.boattoursamana.com\/de\/Tours-Excursions\/tours-excursions-samana-bay-dominican-republic\/whale-watching-2020-in-punta-cana-to-samana-bay-cayo-levantado-bacardi-island-from-hotels\/\">KLICKE HIER.<\/a><\/p>\n<ul>\n<li>Ausflug zur Walbeobachtung<\/li>\n<li>Insel Bacardi \/ Cayo Levantado<\/li>\n<li>Eintrittsgeb\u00fchren f\u00fcr das Observatorium<\/li>\n<li>Samana-Safari<\/li>\n<li>El Limon Wasserf\u00e4lle Reiten<\/li>\n<li>Inklusive Mittagsbuffet am Strand<\/li>\n<li>Bootstransfer<\/li>\n<li>Der Kapit\u00e4n bietet Anweisungen und Aufsicht<\/li>\n<li>Reisef\u00fchrer<\/li>\n<\/ul>\n<p>&nbsp;<\/p>\n<h4><b>Einschl\u00fcsse &amp; Ausschl\u00fcsse<\/b><\/h4>\n<p>&nbsp;<\/p>\n<p><b>Einschl\u00fcsse<\/b><\/p>\n<p>&nbsp;<\/p>\n<ol>\n<li>Mittagsbuffet am Strand<\/li>\n<li>Transfer von Hotels<\/li>\n<li>Reisef\u00fchrer<\/li>\n<li>Katamaran- oder Bootsfahrt<\/li>\n<li>Alle Steuern, Geb\u00fchren und Bearbeitungsgeb\u00fchren<\/li>\n<li>Lokale Steuern<\/li>\n<li>Getr\u00e4nke<\/li>\n<\/ol>\n<p><b>Ausschl\u00fcsse<\/b><\/p>\n<ol>\n<li>Trinkgelder<\/li>\n<\/ol>\n<p>&nbsp;<\/p>\n<h4><em><strong>Abreise &amp; R\u00fcckkehr<\/strong><\/em><\/h4>\n<p>F\u00fcr diese Tour wird eine Hotelabholung angeboten. Schreiben Sie in Notizen einfach den Namen des Hotels, in dem Sie abgeholt werden. Wir holen in allen Punta Cana Hotels ab.<\/p>\n<p>&nbsp;<\/p>\n<h3>Saman\u00e1-Walbeobachtung + Cayo Levantado (Bacardi-Insel) + Lim\u00f3n-Wasserf\u00e4lle von Miches.<\/h3>\n<h4><b><i>Was zu erwarten ist?<\/i><\/b><\/h4>\n<p>Erleben Sie die sanften Meeresriesen der Dominikanischen Republik hautnah bei diesem 12-st\u00fcndigen Ausflug zur Beobachtung von Buckelwalen in der Bucht von Saman\u00e1. Verbringen Sie einen unvergesslichen Tag und beobachten Sie die Tausenden Wale, die jedes Jahr auf die Insel str\u00f6men, um sich in den warmen tropischen Gew\u00e4ssern zu paaren, zu fressen und zu spielen. W\u00e4hrend Sie diese wundersch\u00f6nen Kreaturen beobachten, erhalten Sie einzigartige Einblicke von Ihrem erfahrenen Walbeobachtungsf\u00fchrer. Beenden Sie den Tag mit einem inbegriffenen Mittagessen und Strandzeit auf der wundersch\u00f6nen Insel Cayo Levantado. Der Hin- und R\u00fccktransport zum Hotel ist ebenfalls inbegriffen.<\/p>\n<p>Von 9:00 bis 12:00 Uhr Walbeobachtungsobservatorium und nach dieser Walfahrt besuchen wir Bacardi Island \/ Cayo Levantado. Auf Bacardi Island wird ein typisch dominikanisches Mittagsbuffet angeboten (Reis, Bohnen, Fisch, Salate\u2026). Wenn das Mittagessen beendet ist, d\u00fcrfen Sie bis 16:30 Uhr schwimmen und sich bereit machen, zu den El Limon-Wasserf\u00e4llen zu gehen. Die Tour endet um 17:00 Uhr am selben Hafen, von wo aus sie an Bord unseres Katamarans beginnt und mit dem Bus zur\u00fcck zu den Hotels in Punta Cana f\u00e4hrt.<\/p>\n<p><strong>Zeitplan:<\/strong><\/p>\n<p>6:00 \u2013 7:00 Abholung der Kunden von den verschiedenen Hotels<br \/>\n07:00 Abfahrt nach Las Canitas in Sabana de la Mar<br \/>\n08:15 Ankunft am privaten Dock<br \/>\n08:15 \u2013 8:40 Fr\u00fchst\u00fcckszeit (Sandwiches, Muffins, Tee, Kaffee, S\u00e4fte)<br \/>\n8:45 Boarding, um unsere Reise zum Schutzgebiet der Buckelwale in Samana zu beginnen<br \/>\n11:00 Suche nach den Walen f\u00fcr einen Zeitraum von 45 Minuten \u2013 Dies ist der Zeitplan, der von den Regierungsregeln befolgt wird.<br \/>\n11:45 Uhr Fahrt nach Cayo Levantado in der Bucht von Samana<br \/>\n12:30 Ankunft in Cayo Levantado<br \/>\n13:00 Mittagszeit (Mittagsbuffet, typisch dominikanisch)*<br \/>\n13:45 \u2013 15:30 Freizeit in Cayo Levantado<br \/>\n15:00 \u2013 15:45 Wieder an Bord Richtung Miches<br \/>\n17:00 Ankunft in Miches und Abfahrt zu den Hotels in Punta Cana<br \/>\n19:30 \u2013 20:00 Ankunft in den Hotels in Punta Cana<\/p>\n<p><strong>*Mittagsmen\u00fc (typisch dominikanisch)<br \/>\n<\/strong>Reis, gegrilltes Huhn oder gegrillter Fisch, Salat, Gem\u00fcse, frisches Obst.<\/p>\n<p><strong>*Kunden, die sich daf\u00fcr entscheiden, den Stopp am Wasserfall El Limon hinzuzuf\u00fcgen, nachdem die Walbeobachtung zur Wasserfallanzeige wechselt, haben weniger Zeit, um in Cayo Levantado zu verbringen.<\/strong><\/p>\n<p>Diese Tour beinhaltet den Stopp bei <strong>Wasserfall El Lim\u00f3n<\/strong>. Um die gleiche Reise zu buchen und nicht zu den Wasserf\u00e4llen zu gehen, bitte\u00a0<a href=\"https:\/\/www.boattoursamana.com\/de\/Tours-Excursions\/tours-excursions-samana-bay-dominican-republic\/whale-watching-2020-in-punta-cana-to-samana-bay-cayo-levantado-bacardi-island-from-hotels\/\">KLICKE HIER.<\/a><\/p>\n<p>&nbsp;<\/p>\n<h4><em><strong>Was sollten Sie mitbringen?<\/strong><\/em><\/h4>\n<ul>\n<li>Kamera<\/li>\n<li>Absto\u00dfende Knospen<\/li>\n<li>Sonnencreme<\/li>\n<li>Hut<\/li>\n<li>Bequeme Hose<\/li>\n<li>Sandalen zum Strand<\/li>\n<li>Schwimmkleidung<\/li>\n<li>Bargeld f\u00fcr Souvenirs und Trinkgelder<\/li>\n<\/ul>\n<p>&nbsp;<\/p>\n<h4><b><i>Hotelabholung<\/i><\/b><\/h4>\n<p>F\u00fcr diese Tour wird keine Abholung vom Hotel angeboten. In den Notizen W\u00e4hlen Sie einfach im Buchungsformular zus\u00e4tzliche Optionen f\u00fcr die Abholung in Punta Cana aus und geben Sie den Namen des Hotels ein, in dem Sie abgeholt werden sollen. Wir holen Sie in allen Hotels in Punta Cana ab.<\/p>\n<p>&nbsp;<\/p>\n<p><b>Notiz:<\/b> Wenn Sie innerhalb von 24 Stunden vor der Abfahrtszeit der Tour\/des Ausflugs buchen, k\u00f6nnen wir eine Abholung vom Hotel arrangieren. Sobald Ihr Kauf abgeschlossen ist, senden wir Ihnen die vollst\u00e4ndigen Kontaktinformationen (Telefonnummer, E-Mail-Adresse usw.) f\u00fcr unseren \u00f6rtlichen Reiseleiter, um die Abholung zu organisieren.<\/p>\n<h4><b><i>Zus\u00e4tzliche Info-Best\u00e4tigung<\/i><\/b><\/h4>\n<ol>\n<li>Tickets sind die Quittung, nachdem Sie f\u00fcr diese Tour bezahlt haben. Sie k\u00f6nnen die Zahlung auf Ihrem Telefon anzeigen.<\/li>\n<li>Treffpunkt Wird nach dem Reservierungsprozess bekannt gegeben.<\/li>\n<li>Kinder m\u00fcssen von einem Erwachsenen begleitet werden.<\/li>\n<li>barrierefrei<\/li>\n<li>Kleinkinder m\u00fcssen auf dem Scho\u00df sitzen<\/li>\n<li>Die meisten Reisenden k\u00f6nnen teilnehmen<\/li>\n<\/ol>\n<h4><b><i>Stornierungsbedingungen<\/i><\/b><\/h4>\n<p>Um eine volle R\u00fcckerstattung zu erhalten, stornieren Sie mindestens 74 Stunden vor Beginn des Erlebnisses.<\/p>\n<\/div>\n<\/div>\n<\/div>\n<\/div>\n<\/div>\n<\/div>\n<\/div>\n<\/div>\n<\/div>\n<\/div>\n<\/div>\n<\/div>\n<div class=\"vc_row wpb_row vc_row-fluid\">\n<div class=\"wpb_column vc_column_container vc_col-sm-12\">\n<div class=\"vc_column-inner\">\n<div class=\"wpb_wrapper\">\n<div class=\"vc_empty_space\"><\/div>\n<div class=\"wpb_text_column wpb_content_element\">\n<div class=\"wpb_wrapper\">\n<h4>Kontaktiere uns?<\/h4>\n<h5><b><i>TOUR WALE SAMAN\u00c1<\/i><\/b><\/h5>\n<p><em><strong>Einheimische<\/strong>\u00a0und\u00a0<strong>Staatsangeh\u00f6rige<\/strong>\u00a0Reiseleiter &amp; G\u00e4steservice<\/em><\/p>\n<p><span class=\"text-turquoise\">Buchungen:<\/span> \u00a0F\u00fchrungen &amp; Ausfl\u00fcge im Dom. Rep.<\/p>\n<p>\ud83d\udcde Telefon \/ Whatsapp\u00a0\u00a0\u00a0<a href=\"tel:+1-809-720-6035\">+ 1-809-720-6035<\/a>\u00a0.<\/p>\n<p>\ud83d\udce9\u00a0<a href=\"mailto:info@bookingadventures.com.do\">info@bookingadventures.com.do<\/a><\/p>\n<p><strong>Somos Tours privados de configuraci\u00f3n flexible per Whatsapp:\u00a0\u00a0<a href=\"tel:+18097206035\">+18097206035.<\/a><\/strong><\/p>\n<\/div>\n<\/div>\n<\/div>\n<\/div>\n<\/div>\n<\/div>\n\n\t\t<\/div>\n\t<\/div>\n<\/div><\/div><\/div>","protected":false},"excerpt":{"rendered":"<p>Von der Gegend um Miches aus genie\u00dfen wir die wundersch\u00f6ne Landschaft der Orientalischen Bergkette, w\u00e4hrend wir n\u00f6rdlich von Punta Cana fahren, bevor wir im kleinen Fischerdorf Miches am S\u00fcdufer der Saman\u00e1-Bucht ankommen. Sie genie\u00dfen ein schnelles Fr\u00fchst\u00fcck, bevor Sie an Bord des Bootes nach Saman\u00e1 gehen. Wir fahren tief in die Bucht hinein, um Wale zu beobachten. Wir erreichen zun\u00e4chst Cayo Levantado, auch bekannt als Bacardi-Insel, da sie den Str\u00e4nden, an denen Bacardi Rum einst f\u00fcr seine ber\u00fchmten Werbespots diente, sehr \u00e4hnlich ist.<\/p>\n<p>Cayo Levantado ist nichts weniger als eine tropische Oase \u2013 eine kleine Insel mitten im Ozean mit t\u00fcrkisfarbenem Wasser und wei\u00dfem Sand. Danach eine Safari in der Gemeinde Saman\u00e1 zu den Wasserf\u00e4llen. An den Wasserf\u00e4llen bereitet sich El Lim\u00f3n zum Reiten oder Wandern vor. Dies ist ein einzigartiges, vollst\u00e4ndiges Abenteuer.<\/p>\n<p>Diese Tour beinhaltet einen Stopp am Lim\u00f3n-Wasserfall. Bitte buchen Sie die gleiche Reise und gehen Sie nicht zu den Wasserf\u00e4llen <a href=\"https:\/\/www.boattoursamana.com\/de\/tours-excursions\/miches-samana-walbeobachtung-cayo-levantado-insel-bacardi-limon-wasserfalle\/\">KLICKEN SIE HIER<\/a>.<\/p>\n<p>&nbsp;<\/p>\n<p><strong><em>W\u00e4hlen Sie das Datum der Exkursion:<\/em><\/strong><\/p>","protected":false},"featured_media":12008,"template":"","meta":[],"product_cat":[159,948,655,961,959,972,963,968,664],"product_tag":[631,184,328,480,296,380,428,649,327,222,527,313,199,526,458,342,650,524,276,529,528,274,525],"class_list":["post-15361","product","type-product","status-publish","has-post-thumbnail","hentry","product_cat-fees-entrace","product_cat-1-punta-cana","product_cat-1-samana","product_cat-el-limon-horseback-riding","product_cat-el-limon-punta-cana","product_cat-punta-cana-group-tours","product_cat-punta-cana-samana-day-trips","product_cat-punta-cana-whale-watching","product_cat-whale-watching-punta-cana","product_tag-631","product_tag-bacardi-island","product_tag-cayo-levantado-day-pass","product_tag-cheap-punta-cana-excursions","product_tag-day-trip-punta-cana","product_tag-el-limon-waterfall-and-bacardi-island-tour-from-punta-cana","product_tag-half-day-whale-watching-miches","product_tag-limon-from-punta-cana","product_tag-private-tours-samana","product_tag-punta-cana","product_tag-punta-cana-activities","product_tag-punta-cana-tours","product_tag-samana-bay","product_tag-samana-day-trip","product_tag-samana-day-trip-from-punta-cana","product_tag-samana-whale-watching","product_tag-waterfalls-punta-cana","product_tag-whale-punta-cana","product_tag-whale-samana","product_tag-whale-watching-2020","product_tag-whale-watching-2020-in-punta-cana-to-samana-bay-cayo-levantado-bacardi-island-from-hotels","product_tag-whale-watching-dominican-republic","product_tag-whale-watching-punta-cana"],"_links":{"self":[{"href":"https:\/\/www.boattoursamana.com\/de\/wp-json\/wp\/v2\/product\/15361","targetHints":{"allow":["GET"]}}],"collection":[{"href":"https:\/\/www.boattoursamana.com\/de\/wp-json\/wp\/v2\/product"}],"about":[{"href":"https:\/\/www.boattoursamana.com\/de\/wp-json\/wp\/v2\/types\/product"}],"wp:featuredmedia":[{"embeddable":true,"href":"https:\/\/www.boattoursamana.com\/de\/wp-json\/wp\/v2\/media\/12008"}],"wp:attachment":[{"href":"https:\/\/www.boattoursamana.com\/de\/wp-json\/wp\/v2\/media?parent=15361"}],"wp:term":[{"taxonomy":"product_cat","embeddable":true,"href":"https:\/\/www.boattoursamana.com\/de\/wp-json\/wp\/v2\/product_cat?post=15361"},{"taxonomy":"product_tag","embeddable":true,"href":"https:\/\/www.boattoursamana.com\/de\/wp-json\/wp\/v2\/product_tag?post=15361"}],"curies":[{"name":"wp","href":"https:\/\/api.w.org\/{rel}","templated":true}]}}