{"id":16643,"date":"2023-11-06T07:14:14","date_gmt":"2023-11-06T07:14:14","guid":{"rendered":"https:\/\/www.ticketswhales.com\/?post_type=product&#038;p=16643"},"modified":"2023-11-06T08:59:17","modified_gmt":"2023-11-06T08:59:17","slug":"los-haitises-cueva-el-naranjo-y-laguna-cristal-from-samana","status":"publish","type":"product","link":"https:\/\/www.boattoursamana.com\/de\/tour\/los-haitises-cueva-el-naranjo-und-laguna-cristal-von-samana","title":{"rendered":"Los Haitises: Cueva el Naranjo und Laguna Cristal aus Samana"},"content":{"rendered":"<div class=\"vc_row wpb_row vc_row-fluid\" ><div class=\"wpb_column vc_column_container vc_col-sm-12\"><div class=\"vc_column-inner\"><div class=\"wpb_wrapper\">\n\t<div class=\"wpb_text_column wpb_content_element\" >\n\t\t<div class=\"wpb_wrapper\">\n\t\t\t<h2><span style=\"font-weight: 400;\">Los Haitises: Cueva el Naranjo und Laguna Cristal<\/span><\/h2>\n<p>&nbsp;<\/p>\n<p><b>\u00dcberblick<\/b><span style=\"font-weight: 400;\">\u00a0<\/span><\/p>\n<p>&nbsp;<\/p>\n<p><span style=\"font-weight: 400;\">Der Nationalpark Los Haitises ist ein Naturschatz der Dominikanischen Republik, in dem sich 251 TP3T des S\u00fc\u00dfwassers in Hispaniola befinden. W\u00e4hrend dieses Erlebnisses besichtigen wir einige der wichtigsten Orte dieses erstaunlichen Parks. Holen Sie sich Ihr Ticket, um die H\u00f6hle Ojo de Cielo, Laguna Cristal, den Fluss Barracote und die Bucht von Samana zu erkunden.\u00a0<\/span><\/p>\n<p>&nbsp;<\/p>\n<p><span style=\"font-weight: 400;\">Aus hydrografischer Sicht<\/span><span style=\"font-weight: 400;\">Los Haitises und seine Einflussgebiete umfassen zwei Regionen: das Unterbecken des Yuna-Flusses und das Gebiet von Miches und Sabana de la Mar. Die Yuna entw\u00e4ssert durch zwei M\u00fcndungen: die des Yuna selbst und die des Barracote. Dar\u00fcber hinaus gibt es in der Gegend die Fl\u00fcsse Payabo, Los Cocos und Naranjo sowie die Kan\u00e4le Cabirma, Estero, Prieto und andere.<\/span><\/p>\n<p>&nbsp;<\/p>\n<p><span style=\"font-weight: 400;\">\u00dcber die Landschaft Los Haitises,<\/span><span style=\"font-weight: 400;\"> Neben den H\u00f6hlen sind Ca\u00f1o Hondo, Punta Arena, Ca\u00f1o Salado, Bah\u00eda de San Lorenzo und Cayo de los P\u00e1jaros sehr beeindruckende Landschaftselemente. Letzterer liegt zwischen Boca del Infierno und El Naranjo Arriba und ist leicht an der fast st\u00e4ndigen Anwesenheit von Ohrw\u00fcrmern und Pelikanen zu erkennen.<\/span><\/p>\n<p>&nbsp;<\/p>\n<p><span style=\"font-weight: 400;\">\u00dcber Sanchez City,<\/span><span style=\"font-weight: 400;\"> Fr\u00fcher war es eine kleine Stadt namens Las Ca\u00f1itas, aber 1888 wurde sie in den Status einer Gemeinde erhoben, die nach einem der Gr\u00fcnder der Dominikanischen Republik, Francisco del Rosario S\u00e1nchez, benannt wurde. Nach der Gr\u00fcndung der Eisenbahn im Jahr 1865 wuchs ihre Bedeutung und Bev\u00f6lkerungszahl. Diese Linie erstreckte sich bis in die zentrale Region von Cibao und machte diese kleine karibische Gemeinde vom Ende des 19. Jahrhunderts bis Anfang des 20. Jahrhunderts zum wichtigsten Hafen des Landes n\u00e4chstes Jahrhundert. .<\/span><\/p>\n<p>&nbsp;<\/p>\n<p><span style=\"font-weight: 400;\">\u00dcber Laguna Cristal,<\/span><span style=\"font-weight: 400;\"> Laguna Cristal ist eine wundersch\u00f6ne S\u00fc\u00dfwasserquelle vor den Toren des Nationalparks Los Haitises, n\u00f6rdlich der Provinz Monte Plata, die aufgrund ihrer nat\u00fcrlichen Attraktionen und der Ruhe, die sie uns schenkt, eine einzigartige Sch\u00f6nheit besitzt. Die Lagune wird durch Grundwasser gespeist, das aus dem benachbarten Park stammt. Ein kleiner schiffbarer Fluss entspringt einige hundert Meter aus der Lagune und speist den Fluss Barracote, der dann in die Bucht von San Lorenzo m\u00fcndet. Es w\u00e4re etwa 200 Meter tief und h\u00e4tte einen Durchmesser von 70 Metern.\u00a0<\/span><\/p>\n<p>&nbsp;<\/p>\n<p><span style=\"font-weight: 400;\">El-Naranjo-H\u00f6hle<\/span><span style=\"font-weight: 400;\">, Der trotz seiner L\u00e4nge von 120 Metern schiffbare Fluss El Naranjo entspringt in einer H\u00f6hle und kann als Juwel der Natur im Nationalpark Los Haitises angesehen werden. Es handelt sich um eine wissenswerte Attraktion, die es Ihnen erm\u00f6glicht, den k\u00fcrzesten Fluss der Gegend zu sch\u00e4tzen Insel. Mit einem Boot kann man bis zum Ende der H\u00f6hle gelangen, wo das Wasser herkommt. Die H\u00f6hle ist ein Reservoir f\u00fcr Flederm\u00e4use und Mauersegler und in ihren Gew\u00e4ssern leben einheimische Fischarten, die in anderen Fl\u00fcssen und B\u00e4chen der Vergangenheit angeh\u00f6ren, wie Guabinas, Dajaos, Karpias, Garnelen und Krabben.<\/span><\/p>\n<p>&nbsp;<\/p>\n<p><b>Einschl\u00fcsse<\/b><\/p>\n<p><span style=\"font-weight: 400;\">Alle Steuern, Geb\u00fchren und Bearbeitungsgeb\u00fchren<\/span><\/p>\n<p><span style=\"font-weight: 400;\">Lokale Steuern<\/span><\/p>\n<p><span style=\"font-weight: 400;\">Beamte \u00d6kologe Reiseleiter Englisch\/Spanisch<\/span><\/p>\n<p><span style=\"font-weight: 400;\">Transport vor Ort (Abholung vom Hotel)<\/span><\/p>\n<p><span style=\"font-weight: 400;\">Schnellboot<\/span><\/p>\n<p><span style=\"font-weight: 400;\">Lokales Mittagessen<\/span><\/p>\n<p><span style=\"font-weight: 400;\">Laguna Cristal\u00a0\u00a0<\/span><\/p>\n<p><span style=\"font-weight: 400;\">Cueva del Naranjo\u00a0<\/span><\/p>\n<p>&nbsp;<\/p>\n<p><b>Ausschl\u00fcsse<\/b><\/p>\n<p>&nbsp;<\/p>\n<p><span style=\"font-weight: 400;\">Trinkgelder<\/span><\/p>\n<p><span style=\"font-weight: 400;\">Getr\u00e4nk<\/span><\/p>\n<p><span style=\"font-weight: 400;\">\u00a0<\/span><\/p>\n<p>&nbsp;<\/p>\n<p><b>Abreise &amp; R\u00fcckkehr<\/b><\/p>\n<p><span style=\"font-weight: 400;\">Die von \u201eBooking Adventures\u201c organisierte Tour beginnt an dem mit dem Reiseleiter vereinbarten Treffpunkt. Der Reisende erh\u00e4lt nach dem Reservierungsprozess einen Treffpunkt. Die Touren beginnen und enden an unseren Treffpunkten.<\/span><\/p>\n<p>&nbsp;<\/p>\n<p><b>Was zu erwarten ist?<\/b><\/p>\n<p><span style=\"font-weight: 400;\">Holen Sie sich Ihr Ticket f\u00fcr Searching For The Los Haitises: Los Haitises: Cueva el Naranjo y Laguna Cristal. Dieses Erlebnis bietet Ihnen die M\u00f6glichkeit, den gr\u00f6\u00dften Teil der Artenvielfalt der Insel zu sehen.\u00a0<\/span><\/p>\n<p>&nbsp;<\/p>\n<p><span style=\"font-weight: 400;\">Diese Aktivit\u00e4t beginnt mit Ihrer Abholung von Ihrer Unterkunft in einem der folgenden Bereiche:<\/span><\/p>\n<ul>\n<li style=\"font-weight: 400;\" aria-level=\"1\"><span style=\"font-weight: 400;\">Las Terrenas\u00a0<\/span><\/li>\n<li style=\"font-weight: 400;\" aria-level=\"1\"><span style=\"font-weight: 400;\">S\u00e1nchez\u00a0<\/span><\/li>\n<li style=\"font-weight: 400;\" aria-level=\"1\"><span style=\"font-weight: 400;\">Las Galeras<\/span><\/li>\n<li style=\"font-weight: 400;\" aria-level=\"1\"><span style=\"font-weight: 400;\">Santa Barbara de Samana\u00a0<\/span><\/li>\n<\/ul>\n<h3><b>Zeitplan<\/b><b>\u00a0<\/b><\/h3>\n<p><b>Sanchez Samana, Schwimmen in Laguna Cristal und El Naranjo River &amp; Caves\u00a0<\/b><\/p>\n<p>&nbsp;<\/p>\n<p><span style=\"font-weight: 400;\">Abholung vom Hotel: beginnt um 7:00 Uhr (je nachdem, wo Sie sich befinden). Im Buchungsformular gibt es verschiedene Optionen zur Zeitplanung. Die Tour dauert 8 Stunden.\u00a0<\/span><\/p>\n<p>&nbsp;<\/p>\n<p><span style=\"font-weight: 400;\">Wir holen Sie am fr\u00fchen Morgen von Ihrem Hotel ab und fahren Sie zu unserem Treffpunkt in Sanchez Samana, wo Sie Ihren \u00f6rtlichen Reiseleiter treffen, bevor Sie die Reiseroute f\u00fcr den Rest des Tages besprechen.\u00a0<\/span><\/p>\n<p>&nbsp;<\/p>\n<p><span style=\"font-weight: 400;\">Wenn Sie fertig sind, besteigen wir unser Schnellboot und fahren nach El Naranjo, dem ersten Stopp des Tages, wo wir mit dem Boot in die H\u00f6hle fahren und im S\u00fc\u00dfwasser des k\u00fcrzesten Flusses der Insel schwimmen.\u00a0<\/span><\/p>\n<p>&nbsp;<\/p>\n<p><span style=\"font-weight: 400;\">Ihre zweite Bootsfahrt f\u00fchrt Sie durch den Barracote River zur Laguna Cristal. Wir m\u00fcssen einen der gr\u00f6\u00dften Fl\u00fcsse im Nordosten des Landes befahren. In der Cristal Area machen wir eine Mittagspause, bevor wir ins Wasser springen.<\/span><\/p>\n<p>&nbsp;<\/p>\n<p><span style=\"font-weight: 400;\">Nachdem wir ein lokales Mittagessen probiert haben, machen wir eine Siesta an der Cristal Lagoon und gehen dann schwimmen, bevor wir nach Sanchez Samana zur\u00fcckkehren.\u00a0<\/span><\/p>\n<p>&nbsp;<\/p>\n<p><span style=\"font-weight: 400;\">Hotelr\u00fcckgabe: 16:00 Uhr oder sp\u00e4ter, abh\u00e4ngig von der Uhrzeit, zu der Sie die Reise begonnen haben. Die Tour dauert insgesamt 8 Stunden.\u00a0<\/span><\/p>\n<p>&nbsp;<\/p>\n<p><span style=\"font-weight: 400;\">Reisetage und Aktivit\u00e4ten k\u00f6nnen aufgrund unvorhergesehener Umst\u00e4nde oder Ereignisse ohne vorherige Ank\u00fcndigung ge\u00e4ndert werden. Weitere Informationen finden Sie in den vollst\u00e4ndigen Gesch\u00e4ftsbedingungen.<\/span><\/p>\n\n\t\t<\/div>\n\t<\/div>\n<\/div><\/div><\/div><\/div>","protected":false},"excerpt":{"rendered":"<p>Besuch des Flusses Naranjo mit der H\u00f6hle und Cristal Lagun im Nationalpark Los Haitises mit einem ortskundigen Reiseleiter. Mittagessen und Transport sind in der Provinz Saman\u00e1 inbegriffen.<\/p>","protected":false},"featured_media":16644,"template":"","meta":[],"product_cat":[1096],"product_tag":[1097],"class_list":["post-16643","product","type-product","status-publish","has-post-thumbnail","hentry","product_cat-haitises","product_tag-haitises"],"_links":{"self":[{"href":"https:\/\/www.boattoursamana.com\/de\/wp-json\/wp\/v2\/product\/16643","targetHints":{"allow":["GET"]}}],"collection":[{"href":"https:\/\/www.boattoursamana.com\/de\/wp-json\/wp\/v2\/product"}],"about":[{"href":"https:\/\/www.boattoursamana.com\/de\/wp-json\/wp\/v2\/types\/product"}],"wp:featuredmedia":[{"embeddable":true,"href":"https:\/\/www.boattoursamana.com\/de\/wp-json\/wp\/v2\/media\/16644"}],"wp:attachment":[{"href":"https:\/\/www.boattoursamana.com\/de\/wp-json\/wp\/v2\/media?parent=16643"}],"wp:term":[{"taxonomy":"product_cat","embeddable":true,"href":"https:\/\/www.boattoursamana.com\/de\/wp-json\/wp\/v2\/product_cat?post=16643"},{"taxonomy":"product_tag","embeddable":true,"href":"https:\/\/www.boattoursamana.com\/de\/wp-json\/wp\/v2\/product_tag?post=16643"}],"curies":[{"name":"wp","href":"https:\/\/api.w.org\/{rel}","templated":true}]}}