{"id":8237,"date":"2019-03-17T11:06:09","date_gmt":"2019-03-17T11:06:09","guid":{"rendered":"https:\/\/www.ticketswhales.com\/?post_type=product&#038;p=8237"},"modified":"2023-10-06T11:05:58","modified_gmt":"2023-10-06T11:05:58","slug":"kayaking-in-los-haitises-with-tour-guide-from-cano-hondo-2","status":"publish","type":"product","link":"https:\/\/www.boattoursamana.com\/de\/tour\/kajakfahren-in-los-haitises-mit-tourguide-von-cano-hondo-2","title":{"rendered":"2 Stunden Kajak Los Haitises"},"content":{"rendered":"<div class=\"vc_row wpb_row vc_row-fluid\" ><div class=\"wpb_column vc_column_container vc_col-sm-12\"><div class=\"vc_column-inner\"><div class=\"wpb_wrapper\"><div class=\"vc_btn3-container vc_btn3-inline\" ><a class=\"vc_general vc_btn3 vc_btn3-size-md vc_btn3-shape-rounded vc_btn3-style-modern vc_btn3-color-green\" href=\"https:\/\/bookingadventures.tours\/booking.php?tour_id=76244158e4bf48f84872b711d82fa754\" title=\"\" rel=\"noopener\">BUCHEN SIE JETZT<\/a><\/div><div class=\"mkdf-section-title-holder\" style=\"text-align: left\">\n\t<div class=\"mkdf-st-inner\">\n\t\t\t\t\t<h5 class=\"mkdf-st-subtitle\" >\n\t\t\t\tKajaks &amp; lokaler F\u00fchrer\t\t\t<\/h5>\n\t\t\t\t\t\t\t<h3 class=\"mkdf-st-title\" >\n\t\t\t\tKajakfahren im Nationalpark Los Haitises mit Reiseleiter von Ca\u00f1o Hondo 2 Stunden\t\t\t<\/h3>\n\t\t\t\t\t<\/div>\n<\/div><\/div><\/div><\/div><\/div><div class=\"vc_row wpb_row vc_row-fluid\" ><div class=\"wpb_column vc_column_container vc_col-sm-12\"><div class=\"vc_column-inner\"><div class=\"wpb_wrapper\"><div class=\"vc_empty_space\"   style=\"height: 32px\"><span class=\"vc_empty_space_inner\"><\/span><\/div><\/div><\/div><\/div><\/div><div class=\"vc_row wpb_row vc_row-fluid\" ><div class=\"wpb_column vc_column_container vc_col-sm-12\"><div class=\"vc_column-inner\"><div class=\"wpb_wrapper\">\n\t<div class=\"wpb_text_column wpb_content_element\" >\n\t\t<div class=\"wpb_wrapper\">\n\t\t\t<h4><b><i>\u00dcberblick <\/i><\/b><\/h4>\n<p>Kajakfahren in den Mangroven im Nationalpark Los Haitises mit einem lokalen Reiseleiter 2 Stunden. Besuch von Mangroven im Fluss Cano Hondo plus \u00dcberblick \u00fcber die Bucht von San Lorenzo im Nationalpark Los Haitises, Gebiet Sabana de la Mar Cano Hondo. Falls Sie l\u00e4nger m\u00f6gen: <a href=\"https:\/\/www.boattoursamana.com\/de\/tours-excursions\/kajak-fahren\/kajakfahren-in-los-haitises-mit-tourguide-von-cano-hondo-4-stunden\/\"><strong>4 Stunden Kajakfahren in Los Haitises.<\/strong><\/a><\/p>\n<ul>\n<li style=\"font-weight: 400;\"><span style=\"font-weight: 400;\">Der Guide bietet Anleitung und Supervision<\/span><\/li>\n<li>Kajaks und Paddel verf\u00fcgbar Doble f\u00fcr zwei Personen und Simple f\u00fcr nur eine Person.<\/li>\n<\/ul>\n<p>&nbsp;<\/p>\n<h4><b>Einschl\u00fcsse &amp; Ausschl\u00fcsse<\/b><\/h4>\n<p>&nbsp;<\/p>\n<p><b>Einschl\u00fcsse<\/b><\/p>\n<p>&nbsp;<\/p>\n<ol>\n<li style=\"font-weight: 400;\">Kajaktour<\/li>\n<li style=\"font-weight: 400;\"><span style=\"font-weight: 400;\">Alle Steuern, Geb\u00fchren und Bearbeitungsgeb\u00fchren<\/span><\/li>\n<li style=\"font-weight: 400;\"><span style=\"font-weight: 400;\">Lokale Steuern<\/span><\/li>\n<li style=\"font-weight: 400;\"><span style=\"font-weight: 400;\">Lokaler F\u00fchrer<\/span><\/li>\n<\/ol>\n<p><b> Ausschl\u00fcsse<\/b><\/p>\n<ol>\n<li style=\"font-weight: 400;\"><span style=\"font-weight: 400;\">Trinkgelder<\/span><\/li>\n<li style=\"font-weight: 400;\"><span style=\"font-weight: 400;\">\u00dcberweisen<\/span><\/li>\n<li>Das Mittagessen ist nicht inbegriffen<\/li>\n<li>H\u00f6hlen sind nicht enthalten<\/li>\n<li style=\"font-weight: 400;\"><span style=\"font-weight: 400;\">Alkoholische Getr\u00e4nke<\/span><\/li>\n<\/ol>\n<p>&nbsp;<\/p>\n<h4><em><strong>Abreise &amp; R\u00fcckkehr<\/strong><\/em><\/h4>\n<p><span style=\"font-weight: 400;\">Der Reisende erh\u00e4lt nach dem Reservierungsprozess einen Treffpunkt. Die Touren beginnen und enden an unseren Treffpunkten.<\/span><\/p>\n<p>&nbsp;<\/p>\n<h4><b><i>Was zu erwarten ist?<\/i><\/b><\/h4>\n<p>&nbsp;<\/p>\n<p><em><strong>Holen Sie sich Ihre Tickets<\/strong><\/em> f\u00fcr den Besuch einer 2-st\u00fcndigen Kajakfahrt im Ca\u00f1o Hondo-Flusswald (Mangroven) mit den \u00f6rtlichen Reiseleitern.<\/p>\n<p>Wenn wir alle Arten von Ausr\u00fcstung erhalten, die f\u00fcr Ihre Sicherheit erforderlich sind (Schwimmwesten usw.), beginnt die Aktion mit dem Kajakfahren vom Ca\u00f1o Hondo Port River.<\/p>\n<p><span style=\"font-weight: 400;\">Die von \u201eBooking Adventures\u201c organisierte Tour beginnt am mit dem Reiseleiter vereinbarten Treffpunkt. <\/span>Nehmen Sie Kajaks und fahren Sie durch Mangrovens\u00fcmpfe, vorbei an alten Piratenh\u00f6hlen und in gesch\u00fctzte W\u00e4lder in diesem malerischen Reservat, beginnend in der Gegend der Cano Hondo Hotels oder in Sabana de la Mar.<\/p>\n<div class=\"body-description secondary\">\n<p>Kommen Sie mit Booking Adventures und beginnen Sie, einige vogelreiche Mangroven, sanfte H\u00fcgel mit \u00fcppiger Vegetation und H\u00f6hlen zu erkunden <em><strong>Nationalpark Los Haitises<\/strong><\/em>. Machen Sie einen Kajakausflug vom Fluss Cano Hondo, Sabana de la Mar. Durch die Mangroven und das Land an der offenen Bucht von San Lorenzo, von wo aus Sie die raue Waldlandschaft fotografieren k\u00f6nnen. Schauen Sie auf das Wasser, um es zu entdecken <em><strong>Seek\u00fche<\/strong><\/em>, Krebstiere u <em><strong>Delfine.<\/strong><\/em><\/p>\n<p>Falls Sie diese Reise l\u00e4nger m\u00f6gen, haben wir eine zweite Option: <a href=\"https:\/\/www.boattoursamana.com\/de\/tours-excursions\/kajak-fahren\/kajakfahren-in-los-haitises-mit-tourguide-von-cano-hondo-4-stunden\/\"><em><strong>Kajakfahren in Los Haitises 4 Stunden<\/strong><\/em><\/a><\/p>\n<p>Die Tour endet am Startpunkt im Nationalpark Los Haitises. Wir empfehlen diese Reise um 6:00 Uhr, falls Sie es sehen m\u00f6chten <em><strong>Seek\u00fche<\/strong><\/em>, Krebstiere u <em><strong>Delfine.<\/strong><\/em><\/p>\n<\/div>\n<p><em><strong>6.00<\/strong><\/em> ist fr\u00fch, also gibt es noch keine Boote im Nationalpark Los Haitises.<\/p>\n<h4><em><strong>Was sollten Sie mitbringen?<\/strong><\/em><\/h4>\n<ul>\n<li style=\"font-weight: 400;\"><span style=\"font-weight: 400;\">Kamera<\/span><\/li>\n<li style=\"font-weight: 400;\"><span style=\"font-weight: 400;\">Absto\u00dfende Knospen<\/span><\/li>\n<li style=\"font-weight: 400;\"><span style=\"font-weight: 400;\">Sonnencreme<\/span><\/li>\n<li style=\"font-weight: 400;\"><span style=\"font-weight: 400;\">Hut<\/span><\/li>\n<li style=\"font-weight: 400;\"><span style=\"font-weight: 400;\">Bequeme Hose<\/span><\/li>\n<li style=\"font-weight: 400;\"><span style=\"font-weight: 400;\">Sandalen\u00a0<\/span><\/li>\n<li style=\"font-weight: 400;\"><span style=\"font-weight: 400;\">Schwimmkleidung<\/span><\/li>\n<\/ul>\n<p>&nbsp;<\/p>\n<h4><b><i>Hotelabholung <\/i><\/b><\/h4>\n<p><span style=\"font-weight: 400;\">Eine Hotelabholung wird f\u00fcr diese Tour nicht angeboten. <\/span><\/p>\n<p>&nbsp;<\/p>\n<p><b>Notiz:<\/b><span style=\"font-weight: 400;\"> Wenn Sie innerhalb von 24 Stunden vor der Abfahrtszeit der Tour\/des Ausflugs buchen, k\u00f6nnen wir die Abholung vom Hotel gegen Aufpreis arrangieren. Sobald Ihr Kauf abgeschlossen ist, senden wir Ihnen die vollst\u00e4ndigen Kontaktinformationen (Telefonnummer, E-Mail-Adresse usw.) f\u00fcr unseren \u00f6rtlichen Reiseleiter, um die Abholung zu organisieren.<\/span><\/p>\n<h4><b><i>Zus\u00e4tzliche Info-Best\u00e4tigung <\/i><\/b><\/h4>\n<ol>\n<li>Tickets sind die Quittung nach Bezahlung dieser Tour. Sie k\u00f6nnen die Zahlung auf Ihrem Telefon anzeigen.<\/li>\n<li style=\"font-weight: 400;\"><span style=\"font-weight: 400;\">Treffpunkt Wird nach dem Reservierungsprozess bekannt gegeben.<\/span><\/li>\n<li style=\"font-weight: 400;\"><span style=\"font-weight: 400;\">Kinder m\u00fcssen von einem Erwachsenen begleitet werden.<\/span><\/li>\n<li style=\"font-weight: 400;\"><span style=\"font-weight: 400;\"> Nicht rollstuhlgerecht <\/span><\/li>\n<li style=\"font-weight: 400;\"><span style=\"font-weight: 400;\">Kleinkinder m\u00fcssen auf dem Scho\u00df sitzen <\/span><\/li>\n<li style=\"font-weight: 400;\"><span style=\"font-weight: 400;\">F\u00fcr Reisende mit R\u00fcckenproblemen nicht zu empfehlen<\/span><\/li>\n<li style=\"font-weight: 400;\"><span style=\"font-weight: 400;\">Nicht f\u00fcr schwangere Reisende empfohlen <\/span><\/li>\n<li style=\"font-weight: 400;\"><span style=\"font-weight: 400;\"> Keine Herzprobleme oder andere ernsthafte Erkrankungen <\/span><\/li>\n<li style=\"font-weight: 400;\"><span style=\"font-weight: 400;\">Die meisten Reisenden k\u00f6nnen teilnehmen<\/span><\/li>\n<\/ol>\n<h4><b><i>Stornierungsbedingungen<\/i><\/b><\/h4>\n<p>F\u00fcr eine vollst\u00e4ndige R\u00fcckerstattung lesen Sie bitte unsere Stornierungsbedingungen\u00a0<a href=\"https:\/\/www.boattoursamana.com\/de\/online-buchung\/\" target=\"_blank\" rel=\"noopener\" data-saferedirecturl=\"https:\/\/www.google.com\/url?q=https:\/\/www.boattoursamana.com\/online-booking\/&amp;source=gmail&amp;ust=1672532492004000&amp;usg=AOvVaw3ylqI1cdbIPTimEqEWneyd\">Klicke hier<\/a>. Das Geld geht verloren, wenn die Reservierung am selben Tag der Reise storniert wird.<\/p>\n\n\t\t<\/div>\n\t<\/div>\n\n\t<div class=\"wpb_video_widget wpb_content_element vc_clearfix   vc_video-aspect-ratio-169 vc_video-el-width-100 vc_video-align-left\" >\n\t\t<div class=\"wpb_wrapper\">\n\t\t\t<h2 class=\"wpb_heading wpb_video_heading\">Kajaktouren durch Los Haitises<\/h2>\n\t\t\t<div class=\"wpb_video_wrapper\"><iframe loading=\"lazy\" title=\"Kajak- und H\u00f6hlentour im Nationalpark Los Haitises, Dominikanische Republik\" width=\"1100\" height=\"619\" src=\"https:\/\/www.youtube.com\/embed\/ucU1uwB57wQ?feature=oembed\" frameborder=\"0\" allow=\"accelerometer; autoplay; clipboard-write; encrypted-media; gyroscope; picture-in-picture; web-share\" allowfullscreen><\/iframe><\/div>\n\t\t<\/div>\n\t<\/div>\n<div class=\"vc_btn3-container vc_btn3-inline\" ><a class=\"vc_general vc_btn3 vc_btn3-size-md vc_btn3-shape-rounded vc_btn3-style-modern vc_btn3-color-green\" href=\"https:\/\/bookingadventures.tours\/booking.php?tour_id=76244158e4bf48f84872b711d82fa754\" title=\"\" rel=\"noopener\">BUCHEN SIE JETZT<\/a><\/div><\/div><\/div><\/div><\/div><div class=\"vc_row wpb_row vc_row-fluid\" ><div class=\"wpb_column vc_column_container vc_col-sm-12\"><div class=\"vc_column-inner\"><div class=\"wpb_wrapper\"><\/div><\/div><\/div><\/div><div class=\"vc_row wpb_row vc_row-fluid\" ><div class=\"wpb_column vc_column_container vc_col-sm-12\"><div class=\"vc_column-inner\"><div class=\"wpb_wrapper\"><div class=\"vc_empty_space\"   style=\"height: 32px\"><span class=\"vc_empty_space_inner\"><\/span><\/div>\n\t<div class=\"wpb_text_column wpb_content_element\" >\n\t\t<div class=\"wpb_wrapper\">\n\t\t\t<h4>Kontaktiere uns?<\/h4>\n<h5><em><strong>Abenteuer buchen<\/strong><\/em><\/h5>\n<p><em><strong>Einheimische<\/strong> und <strong>Staatsangeh\u00f6rige<\/strong> Reiseleiter &amp; G\u00e4steservice<\/em><\/p>\n<p><span class=\"text-turquoise\">Reservierungen:<\/span> F\u00fchrungen &amp; Ausfl\u00fcge im Dom. Rep.<\/p>\n<p><img decoding=\"async\" class=\"emoji\" draggable=\"false\" src=\"https:\/\/s.w.org\/images\/core\/emoji\/11.2.0\/svg\/1f4de.svg\" alt=\"\ud83d\udcde\" title=\"\"> Tel.\/Whatsapp\u00a0 <a href=\"tel:+1-809-720-6035\">+1-809-720-6035<\/a>.<\/p>\n<p><img decoding=\"async\" class=\"emoji\" draggable=\"false\" src=\"https:\/\/s.w.org\/images\/core\/emoji\/11.2.0\/svg\/1f4e9.svg\" alt=\"\ud83d\udce9\" title=\"\"> <a href=\"mailto:info@bookingadventures.com.do\">info@bookingadventures.com.do<\/a><\/p>\n<p><strong>Wir sind flexibel und bieten private Touren per WhatsApp an: <a href=\"tel:+18097206035\">+18097206035.<\/a><\/strong><\/p>\n\n\t\t<\/div>\n\t<\/div>\n<div class=\"vc_empty_space\"   style=\"height: 32px\"><span class=\"vc_empty_space_inner\"><\/span><\/div><\/div><\/div><\/div><\/div><div class=\"vc_row wpb_row vc_row-fluid\" ><div class=\"wpb_column vc_column_container vc_col-sm-12\"><div class=\"vc_column-inner\"><div class=\"wpb_wrapper\"><div class=\"vc_btn3-container vc_btn3-inline\" ><a class=\"vc_general vc_btn3 vc_btn3-size-md vc_btn3-shape-rounded vc_btn3-style-modern vc_btn3-color-green\" href=\"https:\/\/bookingadventures.tours\/booking.php?tour_id=76244158e4bf48f84872b711d82fa754\" title=\"\" rel=\"noopener\">BUCHEN SIE JETZT<\/a><\/div><\/div><\/div><\/div><\/div>","protected":false},"excerpt":{"rendered":"<p>Ausflug zum Nationalpark Los Haitises ab Sabana de la Mar oder Ca\u00f1o Hondo Hotels. Kajakfahren in den Mangroven im Nationalpark Los Haitises mit einem lokalen Reiseleiter. Besuch von Mangroven im Fluss Ca\u00f1o Hondo plus \u00dcberblick \u00fcber die Bucht von San Lorenzo im Nationalpark Los Haitises, Gebiet Sabana de la Mar Ca\u00f1o Hondo. Wenn Sie daran interessiert sind, auch die H\u00f6hlen zu besuchen, buchen Sie bitte 4 Stunden Kajakfahren <a href=\"https:\/\/www.boattoursamana.com\/de\/tours-excursions\/kajak-fahren\/kajakfahren-in-los-haitises-mit-tourguide-von-cano-hondo-4-stunden\/\">Reise hierher.<\/a><\/p>\n<ul>\n<li style=\"font-weight: 400;\"><span style=\"font-weight: 400;\">Der Guide bietet Anleitung und Supervision<\/span><\/li>\n<li>Kajaks und Paddel verf\u00fcgbar Doble f\u00fcr zwei Personen und Simple f\u00fcr nur eine Person.<\/li>\n<\/ul>\n<p>&nbsp;<\/p>\n<p>Legen Sie diese Tour mit einem Wanderweg fest und erfahren Sie mit Einheimischen mehr \u00fcber die Geschichte des Nationalparks Los Haitises.<\/p>\n<p>&nbsp;<\/p>\n<p><strong>Bitte w\u00e4hlen Sie das Datum f\u00fcr die Tour aus\u00a0<\/strong><\/p>","protected":false},"featured_media":8238,"template":"","meta":[],"product_cat":[254,946,168,178,218,934,170,169,191,253,255],"product_tag":[176,211,442,192,319,318,317,316,171,209,175,200,187],"class_list":["post-8237","product","type-product","status-publish","has-post-thumbnail","hentry","product_cat-tours-excursions-los-haitises-national-park","product_cat-1-sabana-de-la-mar","product_cat-caves","product_cat-hiking","product_cat-kayaking","product_cat-kayaking-los-haitises","product_cat-local-tour-guides","product_cat-mangroves","product_cat-swimming-natural-springs","product_cat-tours-and-excursions","product_cat-tours-excursions-samana-bay-dominican-republic","product_tag-cano-hondo","product_tag-cano-hondo-hotel","product_tag-cano-hondo-river","product_tag-day-tour-cano-hondo","product_tag-kayak-dominican-republic","product_tag-kayak-los-haitises","product_tag-kayak-tour","product_tag-kayaking","product_tag-los-haitises","product_tag-los-haitises-national-park","product_tag-sabana-de-la-mar","product_tag-samana-excursions","product_tag-samana-tours"],"_links":{"self":[{"href":"https:\/\/www.boattoursamana.com\/de\/wp-json\/wp\/v2\/product\/8237","targetHints":{"allow":["GET"]}}],"collection":[{"href":"https:\/\/www.boattoursamana.com\/de\/wp-json\/wp\/v2\/product"}],"about":[{"href":"https:\/\/www.boattoursamana.com\/de\/wp-json\/wp\/v2\/types\/product"}],"wp:featuredmedia":[{"embeddable":true,"href":"https:\/\/www.boattoursamana.com\/de\/wp-json\/wp\/v2\/media\/8238"}],"wp:attachment":[{"href":"https:\/\/www.boattoursamana.com\/de\/wp-json\/wp\/v2\/media?parent=8237"}],"wp:term":[{"taxonomy":"product_cat","embeddable":true,"href":"https:\/\/www.boattoursamana.com\/de\/wp-json\/wp\/v2\/product_cat?post=8237"},{"taxonomy":"product_tag","embeddable":true,"href":"https:\/\/www.boattoursamana.com\/de\/wp-json\/wp\/v2\/product_tag?post=8237"}],"curies":[{"name":"wp","href":"https:\/\/api.w.org\/{rel}","templated":true}]}}