{"id":8854,"date":"2018-06-11T11:23:58","date_gmt":"2018-06-11T11:23:58","guid":{"rendered":"https:\/\/www.ticketswhales.com\/?post_type=product&#038;p=8854"},"modified":"2023-02-19T13:25:42","modified_gmt":"2023-02-19T13:25:42","slug":"los-haitises-national-park-playa-el-rincon-beach","status":"publish","type":"product","link":"https:\/\/www.boattoursamana.com\/de\/tour\/los-haitises-nationalpark-playa-el-rincon-strand-2","title":{"rendered":"Nationalpark Los Haitises + Strand Playa el Rinc\u00f3n"},"content":{"rendered":"<div class=\"vc_row wpb_row vc_row-fluid\" ><div class=\"wpb_column vc_column_container vc_col-sm-12\"><div class=\"vc_column-inner\"><div class=\"wpb_wrapper\"><div class=\"mkdf-section-title-holder\" style=\"text-align: left\">\n\t<div class=\"mkdf-st-inner\">\n\t\t\t\t\t<h5 class=\"mkdf-st-subtitle\" >\n\t\t\t\tH\u00f6hlen, Mangroven, Mittagessen und Schwimmen am Strand\t\t\t<\/h5>\n\t\t\t\t\t\t\t<h3 class=\"mkdf-st-title\" >\n\t\t\t\tNationalpark Los Haitises + Strand Playa el Rinc\u00f3n\t\t\t<\/h3>\n\t\t\t\t\t<\/div>\n<\/div><div class=\"vc_btn3-container vc_btn3-inline\" ><button class=\"vc_general vc_btn3 vc_btn3-size-md vc_btn3-shape-rounded vc_btn3-style-modern vc_btn3-color-green\">BUCHEN SIE JETZT<\/button><\/div><\/div><\/div><\/div><\/div><div class=\"vc_row wpb_row vc_row-fluid\" ><div class=\"wpb_column vc_column_container vc_col-sm-12\"><div class=\"vc_column-inner\"><div class=\"wpb_wrapper\">\n\t<div class=\"wpb_text_column wpb_content_element\" >\n\t\t<div class=\"wpb_wrapper\">\n\t\t\t<h4><b><i>\u00dcberblick <\/i><\/b><\/h4>\n<p>Nationalpark Los Haitises und Playa El Rincon mit Mittagessen am Strand. Kommen Sie mit uns und besuchen Sie den sch\u00f6nsten Nationalpark der Dominikanischen Republik, besuchen Sie Mangroven, H\u00f6hlen und die Bucht von San Lorenzo. Danach zur\u00fcck zum Hafen von Samana, um einen privaten Ausflug zum Strand Playa El Rincon mit Mittagessen am Strand zu unternehmen<\/p>\n<p>Nach dieser Erfahrung haben Sie Zeit am Strand und ein lokales Mittagessen am Strand.<\/p>\n<ul>\n<li style=\"font-weight: 400;\"><span style=\"font-weight: 400;\">Inklusive Mittagsbuffet am Strand <\/span><\/li>\n<li style=\"font-weight: 400;\">Geb\u00fchren inbegriffen<\/li>\n<li style=\"font-weight: 400;\"><span style=\"font-weight: 400;\">Der Guide bietet Anleitung und Supervision<\/span><\/li>\n<\/ul>\n<p>&nbsp;<\/p>\n<h4><b>Einschl\u00fcsse &amp; Ausschl\u00fcsse<\/b><\/h4>\n<p>&nbsp;<\/p>\n<p><b>Einschl\u00fcsse<\/b><\/p>\n<ol>\n<li style=\"font-weight: 400;\"><span style=\"font-weight: 400;\">\u00a0Mittagessen am Strand<\/span><\/li>\n<li style=\"font-weight: 400;\">Los Haitises-Tour + Playa El Rincon<\/li>\n<li style=\"font-weight: 400;\"><span style=\"font-weight: 400;\">Alle Steuern, Geb\u00fchren und Bearbeitungsgeb\u00fchren<\/span><\/li>\n<li style=\"font-weight: 400;\"><span style=\"font-weight: 400;\">Lokale Steuern<\/span><\/li>\n<li style=\"font-weight: 400;\"><span style=\"font-weight: 400;\">Getr\u00e4nke<\/span><\/li>\n<li style=\"font-weight: 400;\"><span style=\"font-weight: 400;\">Alle Aktivit\u00e4ten<\/span><\/li>\n<li style=\"font-weight: 400;\"><span style=\"font-weight: 400;\">Lokaler F\u00fchrer<\/span><\/li>\n<\/ol>\n<p><b> Ausschl\u00fcsse<\/b><\/p>\n<ol>\n<li style=\"font-weight: 400;\"><span style=\"font-weight: 400;\">Trinkgelder<\/span><\/li>\n<li style=\"font-weight: 400;\"><span style=\"font-weight: 400;\">\u00dcberweisen<\/span><\/li>\n<li style=\"font-weight: 400;\"><span style=\"font-weight: 400;\">Alkoholische Getr\u00e4nke<\/span><\/li>\n<\/ol>\n<p>&nbsp;<\/p>\n<h4><em><strong>Abreise &amp; R\u00fcckkehr<\/strong><\/em><\/h4>\n<p><span style=\"font-weight: 400;\">Der Reisende erh\u00e4lt nach dem Reservierungsprozess einen Treffpunkt. Die Touren beginnen und enden an unseren Treffpunkten.<\/span><\/p>\n<p>&nbsp;<\/p>\n<h4><b><i>Was zu erwarten ist?<\/i><\/b><\/h4>\n<p>&nbsp;<\/p>\n<p><em><strong>Holen Sie sich Ihre Tickets<\/strong><\/em> f\u00fcr den Besuch des Nationalparks Los Haitises mit einem wunderbaren Mittagessen am Strand Playa El Rincon.<\/p>\n<p><span style=\"font-weight: 400;\">Die von \u201eBooking Adventures\u201c organisierte Tour beginnt am mit dem Reiseleiter vereinbarten Treffpunkt.<\/span><\/p>\n<div class=\"teaser-description\">Machen Sie eine Bootstour durch die Bucht von Samana, um den Nationalpark Los Haitises zu besuchen, vorbei an Mangrovens\u00fcmpfen, vorbei an alten Piratenh\u00f6hlen und in gesch\u00fctzte W\u00e4lder in diesem malerischen Reservat.<\/div>\n<div class=\"body-description secondary\">\n<p>Kommen Sie mit Booking Adventures und beginnen Sie, einige vogelreiche Mangroven, sanfte H\u00fcgel mit \u00fcppiger Vegetation und H\u00f6hlen zu erkunden <em><strong>Nationalpark Los Haitises<\/strong><\/em>. Machen Sie einen Bootsausflug vom Hafen von Samana.<\/p>\n<p>Der Name des Nationalparks stammt von seinen Ureinwohnern, den Taino-Indianern. In ihrer Sprache bedeutet \u201eHaitises\u201c Hochland oder H\u00fcgel, ein Hinweis auf die steilen geologischen Formationen der K\u00fcste mit Kalksteinen. Wagen Sie sich tiefer in den Park, um H\u00f6hlen wie die zu erkunden <em><strong>Cueva de la Arena<\/strong><\/em> und <strong><em>Cueva de la L\u00cdnea.<\/em><\/strong> H\u00f6hlen im Reservat wurden von den Taino-Indianern und sp\u00e4ter von Piraten als Unterschlupf genutzt. Suchen Sie nach Zeichnungen von Indianern, die einige der W\u00e4nde schm\u00fccken.<\/p>\n<p>Nach dem Besuch des Nationalparks Los Haitises nehmen wir das Boot und fahren durch die Mangroven und Land an der offenen Bucht von San Lorenzo direkt zum Hafen von Saman\u00e1. Im Hafen von Saman\u00e1 nehmen wir unser privates Transportmittel zum Mittagessen zum Strand El Rinc\u00f3n.<\/p>\n<p>Das Mittagessen wird k\u00f6stlich sein, aber wir sind noch nicht fertig. Nach dem Mittagessen haben Sie Zeit, den Strand zu genie\u00dfen oder sich einfach in einen Schatten zu setzen und Pi\u00f1a Colada oder Coco Loco in einer der typischen dominikanischen Bars zu genie\u00dfen. Gegen 16:30 Uhr Abfahrt vom Strand und R\u00fcckkehr nach Saman\u00e1.<\/p>\n<\/div>\n<p>Am Strand k\u00f6nnen Sie so lange bleiben, wie Sie schwimmen m\u00f6chten. Frite Fish und Tostones werden angeboten! Wenn Sie Veganer sind, k\u00f6nnen wir auch etwas Essen f\u00fcr Sie zubereiten.<\/p>\n<p>&nbsp;<\/p>\n<h4><em><strong>Was sollten Sie mitbringen?<\/strong><\/em><\/h4>\n<ul>\n<li style=\"font-weight: 400;\"><span style=\"font-weight: 400;\">Kamera<\/span><\/li>\n<li style=\"font-weight: 400;\"><span style=\"font-weight: 400;\">Absto\u00dfende Knospen<\/span><\/li>\n<li style=\"font-weight: 400;\"><span style=\"font-weight: 400;\">Sonnencreme<\/span><\/li>\n<li style=\"font-weight: 400;\"><span style=\"font-weight: 400;\">Hut<\/span><\/li>\n<li style=\"font-weight: 400;\"><span style=\"font-weight: 400;\">Bequeme Hose<\/span><\/li>\n<li style=\"font-weight: 400;\"><span style=\"font-weight: 400;\">Wanderschuhe f\u00fcr den Wald<\/span><\/li>\n<li style=\"font-weight: 400;\"><span style=\"font-weight: 400;\">Sandalen zum Strand<\/span><\/li>\n<li style=\"font-weight: 400;\"><span style=\"font-weight: 400;\">Schwimmkleidung<\/span><\/li>\n<\/ul>\n<p>&nbsp;<\/p>\n<h4><b><i>Hotelabholung <\/i><\/b><\/h4>\n<p><span style=\"font-weight: 400;\">Eine Hotelabholung wird f\u00fcr diese Tour nicht angeboten. <\/span><\/p>\n<p>&nbsp;<\/p>\n<p><b>Notiz:<\/b><span style=\"font-weight: 400;\"> Wenn Sie innerhalb von 24 Stunden vor der Abfahrtszeit der Tour\/des Ausflugs buchen, k\u00f6nnen wir die Abholung vom Hotel gegen Aufpreis arrangieren. Sobald Ihr Kauf abgeschlossen ist, senden wir Ihnen die vollst\u00e4ndigen Kontaktinformationen (Telefonnummer, E-Mail-Adresse usw.) f\u00fcr unseren \u00f6rtlichen Reiseleiter, um die Abholung zu organisieren.<\/span><\/p>\n<h4><b><i>Zus\u00e4tzliche Info-Best\u00e4tigung <\/i><\/b><\/h4>\n<ol>\n<li>Tickets sind die Quittung nach Bezahlung dieser Tour. Sie k\u00f6nnen die Zahlung auf Ihrem Telefon anzeigen.<\/li>\n<li style=\"font-weight: 400;\"><span style=\"font-weight: 400;\">Treffpunkt Wird nach dem Reservierungsprozess bekannt gegeben.<\/span><\/li>\n<li style=\"font-weight: 400;\"><span style=\"font-weight: 400;\">Kinder m\u00fcssen von einem Erwachsenen begleitet werden.<\/span><\/li>\n<li style=\"font-weight: 400;\"><span style=\"font-weight: 400;\"> Nicht rollstuhlgerecht <\/span><\/li>\n<li style=\"font-weight: 400;\"><span style=\"font-weight: 400;\">Kleinkinder m\u00fcssen auf dem Scho\u00df sitzen <\/span><\/li>\n<li style=\"font-weight: 400;\"><span style=\"font-weight: 400;\">F\u00fcr Reisende mit R\u00fcckenproblemen nicht zu empfehlen<\/span><\/li>\n<li style=\"font-weight: 400;\"><span style=\"font-weight: 400;\">Nicht f\u00fcr schwangere Reisende empfohlen <\/span><\/li>\n<li style=\"font-weight: 400;\"><span style=\"font-weight: 400;\"> Keine Herzprobleme oder andere ernsthafte Erkrankungen <\/span><\/li>\n<li style=\"font-weight: 400;\"><span style=\"font-weight: 400;\">Die meisten Reisenden k\u00f6nnen teilnehmen<\/span><\/li>\n<\/ol>\n<h4><b><i>Stornierungsbedingungen<\/i><\/b><\/h4>\n<p>F\u00fcr eine vollst\u00e4ndige R\u00fcckerstattung lesen Sie bitte unsere Stornierungsbedingungen\u00a0<a href=\"https:\/\/www.boattoursamana.com\/de\/online-buchung\/\" target=\"_blank\" rel=\"noopener\" data-saferedirecturl=\"https:\/\/www.google.com\/url?q=https:\/\/www.boattoursamana.com\/online-booking\/&amp;source=gmail&amp;ust=1672449202351000&amp;usg=AOvVaw1yAeVAPktmaVCqDujgUn90\">Klicke hier<\/a>. Das Geld geht verloren, wenn die Reservierung am selben Tag der Reise storniert wird.<\/p>\n\n\t\t<\/div>\n\t<\/div>\n<div class=\"vc_empty_space\"   style=\"height: 32px\"><span class=\"vc_empty_space_inner\"><\/span><\/div><\/div><\/div><\/div><\/div><div class=\"vc_row wpb_row vc_row-fluid\" ><div class=\"wpb_column vc_column_container vc_col-sm-12\"><div class=\"vc_column-inner\"><div class=\"wpb_wrapper\"><\/div><\/div><\/div><\/div><div class=\"vc_row wpb_row vc_row-fluid\" ><div class=\"wpb_column vc_column_container vc_col-sm-12\"><div class=\"vc_column-inner\"><div class=\"wpb_wrapper\"><div class=\"vc_btn3-container vc_btn3-inline\" ><button class=\"vc_general vc_btn3 vc_btn3-size-md vc_btn3-shape-rounded vc_btn3-style-modern vc_btn3-color-green\">BUCHEN SIE JETZT<\/button><\/div><\/div><\/div><\/div><\/div>","protected":false},"excerpt":{"rendered":"<p>Nationalpark Los Haitises und Playa El Rinc\u00f3n mit Mittagessen am Strand. Kommen Sie mit uns und besuchen Sie den sch\u00f6nsten Nationalpark der Dominikanischen Republik, besuchen Sie Mangroven, H\u00f6hlen und die Bucht von San Lorenzo. Danach zur\u00fcck zum Hafen von Saman\u00e1, um einen privaten Ausflug zum Strand Playa El Rinc\u00f3n mit Mittagessen am Strand zu unternehmen.<\/p>\n<p>Holen Sie sich Ihre Tickets mit Angeboten hier\u2026<\/p>\n<p>&nbsp;<\/p>\n<p><strong>Bitte w\u00e4hlen Sie das Datum f\u00fcr die Tour aus\u00a0<\/strong><\/p>","protected":false},"featured_media":8241,"template":"","meta":[],"product_cat":[255,655,928,170,160,179],"product_tag":[183,204,205,186,199,200,187],"class_list":["post-8854","product","type-product","status-publish","has-post-thumbnail","hentry","product_cat-tours-excursions-samana-bay-dominican-republic","product_cat-1-samana","product_cat-boat-trip-los-haitises","product_cat-local-tour-guides","product_cat-lunch","product_cat-trails-or-paths","product_tag-beach-time","product_tag-el-rincon-beach","product_tag-playa-el-rincon","product_tag-samana","product_tag-samana-bay","product_tag-samana-excursions","product_tag-samana-tours"],"_links":{"self":[{"href":"https:\/\/www.boattoursamana.com\/de\/wp-json\/wp\/v2\/product\/8854","targetHints":{"allow":["GET"]}}],"collection":[{"href":"https:\/\/www.boattoursamana.com\/de\/wp-json\/wp\/v2\/product"}],"about":[{"href":"https:\/\/www.boattoursamana.com\/de\/wp-json\/wp\/v2\/types\/product"}],"wp:featuredmedia":[{"embeddable":true,"href":"https:\/\/www.boattoursamana.com\/de\/wp-json\/wp\/v2\/media\/8241"}],"wp:attachment":[{"href":"https:\/\/www.boattoursamana.com\/de\/wp-json\/wp\/v2\/media?parent=8854"}],"wp:term":[{"taxonomy":"product_cat","embeddable":true,"href":"https:\/\/www.boattoursamana.com\/de\/wp-json\/wp\/v2\/product_cat?post=8854"},{"taxonomy":"product_tag","embeddable":true,"href":"https:\/\/www.boattoursamana.com\/de\/wp-json\/wp\/v2\/product_tag?post=8854"}],"curies":[{"name":"wp","href":"https:\/\/api.w.org\/{rel}","templated":true}]}}