{"id":8858,"date":"2019-06-11T12:10:51","date_gmt":"2019-06-11T12:10:51","guid":{"rendered":"https:\/\/www.ticketswhales.com\/?post_type=product&#038;p=8858"},"modified":"2023-03-27T18:55:34","modified_gmt":"2023-03-27T18:55:34","slug":"los-haitises-national-park-from-sabana-de-la-mar-hiking-2-hours","status":"publish","type":"product","link":"https:\/\/www.boattoursamana.com\/de\/tour\/los-haitises-nationalpark-von-sabana-de-la-mar-wandern-2-stunden","title":{"rendered":"Private Bootsfahrt &amp; 2 Stunden Wandern im Regenwald von Los Haitises"},"content":{"rendered":"<div class=\"vc_row wpb_row vc_row-fluid\" ><div class=\"wpb_column vc_column_container vc_col-sm-12\"><div class=\"vc_column-inner\"><div class=\"wpb_wrapper\"><div class=\"vc_btn3-container vc_btn3-inline\" ><button class=\"vc_general vc_btn3 vc_btn3-size-md vc_btn3-shape-rounded vc_btn3-style-modern vc_btn3-color-green\">BUCHEN SIE JETZT<\/button><\/div><div class=\"mkdf-section-title-holder\" style=\"text-align: left\">\n\t<div class=\"mkdf-st-inner\">\n\t\t\t\t\t<h5 class=\"mkdf-st-subtitle\" >\n\t\t\t\tFeuchter Wald + Normale Reise zu den H\u00f6hlen\t\t\t<\/h5>\n\t\t\t\t\t\t\t<h3 class=\"mkdf-st-title\" >\n\t\t\t\tNationalpark Los Haitises - Von Sabana de la Mar + Wanderung 2 Stunden\t\t\t<\/h3>\n\t\t\t\t\t<\/div>\n<\/div><\/div><\/div><\/div><\/div><div class=\"vc_row wpb_row vc_row-fluid\" ><div class=\"wpb_column vc_column_container vc_col-sm-12\"><div class=\"vc_column-inner\"><div class=\"wpb_wrapper\">\n\t<div class=\"wpb_text_column wpb_content_element\" >\n\t\t<div class=\"wpb_wrapper\">\n\t\t\t<h4><b><i><span style=\"vertical-align: inherit;\"><span style=\"vertical-align: inherit;\">Allgemeine Vision <\/span><\/span><\/i><\/b><\/h4>\n<p>Genie\u00dfen Sie eine zweist\u00fcndige Wanderung durch den Wald des Nationalparks Haitises. Erfahren Sie mehr \u00fcber Heilpflanzen und besuchen Sie lokale Orte. Nach dem Besuch <strong>Nationalpark Los Haitises<\/strong> von <strong>Sabana de la Mar<\/strong> oder <strong>Ca\u00f1o Hondo-Hotels<\/strong> mit Einheimischen.<\/p>\n<p>Wir werden die Wanderung nach der Bootsfahrt machen. Eine private normale Reise zum Nationalpark Los Haitises. Kommen Sie mit uns und besuchen Sie den sch\u00f6nsten Nationalpark der Dominikanischen Republik, besuchen Sie Mangroven, 3 H\u00f6hlen und die Bucht von San Lorenzo. Diese Erfahrung kann damit beginnen, dass die Gemeinde von Sabana de la Mar etwas \u00fcber diese Geschichte von Sabana de la Mar erf\u00e4hrt.<\/p>\n<ul>\n<li>Wandern 2 Stunden auf dem Wald<\/li>\n<li>Geschichte von Sabana de la Mar<\/li>\n<li style=\"font-weight: 400;\">Geb\u00fchren inbegriffen<\/li>\n<li style=\"font-weight: 400;\"><span style=\"font-weight: 400;\">Der Guide bietet Anleitung und Supervision<\/span><\/li>\n<li>Das Mittagessen ist nicht inbegriffen f\u00fcr das Mittagessen in Cano Hondo W\u00e4hlen Sie diese Tour: <a href=\"https:\/\/www.boattoursamana.com\/de\/tour\/los-haitises-nationalpark-mittagessen-in-cano-hondo-aus-sabana-de-la-mar-2\/\">Los Haitises plus Cano Hondo.<\/a><\/li>\n<\/ul>\n<p>&nbsp;<\/p>\n<h4><b>Einschl\u00fcsse &amp; Ausschl\u00fcsse<\/b><\/h4>\n<p>&nbsp;<\/p>\n<p><b>Einschl\u00fcsse<\/b><\/p>\n<ol>\n<li style=\"font-weight: 400;\">Los Haitises Tour + H\u00f6hlen und Piktogramme<\/li>\n<li style=\"font-weight: 400;\"><span style=\"font-weight: 400;\">Alle Steuern, Geb\u00fchren und Bearbeitungsgeb\u00fchren<\/span><\/li>\n<li style=\"font-weight: 400;\"><span style=\"font-weight: 400;\">Lokale Steuern<\/span><\/li>\n<li style=\"font-weight: 400;\"><span style=\"font-weight: 400;\">Alle Aktivit\u00e4ten<\/span><\/li>\n<li style=\"font-weight: 400;\"><span style=\"font-weight: 400;\">Lokaler F\u00fchrer<\/span><\/li>\n<\/ol>\n<p><b> Ausschl\u00fcsse<\/b><\/p>\n<ol>\n<li style=\"font-weight: 400;\"><span style=\"font-weight: 400;\">Trinkgelder<\/span><\/li>\n<li>Das Mittagessen ist nicht inbegriffen f\u00fcr das Mittagessen in Cano Hondo W\u00e4hlen Sie diese Tour: <a href=\"https:\/\/www.boattoursamana.com\/de\/tour\/los-haitises-nationalpark-mittagessen-in-cano-hondo-aus-sabana-de-la-mar-2\/\">Los Haitises plus Cano Hondo.<\/a><\/li>\n<li style=\"font-weight: 400;\"><span style=\"font-weight: 400;\">\u00dcberweisen<\/span><\/li>\n<li style=\"font-weight: 400;\"><span style=\"font-weight: 400;\">Alkoholische Getr\u00e4nke<\/span><\/li>\n<\/ol>\n<p>&nbsp;<\/p>\n<h4><em><strong>Abreise &amp; R\u00fcckkehr<\/strong><\/em><\/h4>\n<p><span style=\"font-weight: 400;\">Der Reisende erh\u00e4lt nach dem Reservierungsprozess einen Treffpunkt. Die Touren beginnen und enden an unseren Treffpunkten.<\/span><\/p>\n<p>&nbsp;<\/p>\n<h4><b><i>Was zu erwarten ist?<\/i><\/b><\/h4>\n<p>&nbsp;<\/p>\n<p><em><strong>Holen Sie sich Ihre Tickets<\/strong><\/em> f\u00fcr den Besuch des Nationalparks Los Haitises mit H\u00f6hlen, Mangroven und der Bucht von San Lorenzo nach einer zweist\u00fcndigen Wanderung durch den feuchten Wald des Nationalparks Los Haitises.<\/p>\n<p><strong>Nationalpark Los Haitises<\/strong> von <strong>Sabana de la Mar<\/strong> oder <strong>Ca\u00d1o Hondo Hotels<\/strong> mit Einheimischen. Die Reise beginnt im Haupthafen des Haitises-Nationalparks. Diese Reise beginnt um 10:00 Uhr mit einem lokalen Reiseleiter, der die urspr\u00fcngliche Geschichte des wundersch\u00f6nen Nationalparks kennt.<\/p>\n<p>Nachdem wir vom Haupthafen des Nationalparks Los Haitises mit dem Namen Ca\u00f1o Hondo (Deep Creek) auf einem BOOT mit Schwimmwesten gestartet sind. Wir werden den Wald der Roten Mangroven genie\u00dfen, bis wir in der Bucht von San Lorenzo ankommen. Kleine Bucht in die Bucht von Saman\u00e1. Und es geht los! Das erste Erstaunliche, das Sie sehen k\u00f6nnen, ist die riesige Sammlung von Kalksteinen auf der Berginsel Mogotes. Auf ihnen fliegen mehr als 700 Pflanzenarten und viele Feuchtgebietsv\u00f6gel herum. Sp\u00e4ter Besuch von H\u00f6hlen mit Piktogrammen unserer indigenen Gemeinschaften vor 750 Jahren.<\/p>\n<p>Durch die Mangroven und Land an der offenen Bucht von San Lorenzo, von wo aus Sie die zerkl\u00fcftete Waldlandschaft fotografieren k\u00f6nnen. Schauen Sie auf das Wasser, um es zu entdecken <em><strong>Seek\u00fche<\/strong><\/em>, Krebstiere u <em><strong>Delfine.<\/strong><\/em><\/p>\n<div class=\"body-description secondary\">\n<p>Der Name des Nationalparks stammt von seinen Ureinwohnern, den Taino-Indianern. In ihrer Sprache bedeutet \u201eHaitises\u201c Hochland oder H\u00fcgel, ein Hinweis auf die steilen geologischen Formationen der K\u00fcste mit Kalksteinen. Begeben Sie sich tiefer in den Park, um H\u00f6hlen wie die zu erkunden <em><strong>Cueva de la Arena<\/strong><\/em> und <strong><em>Cueva de la Linea.<\/em><\/strong> H\u00f6hlen im Reservat wurden von den Taino-Indianern und sp\u00e4ter von Piraten als Unterschlupf genutzt. Suchen Sie nach Zeichnungen von Indianern, die einige der W\u00e4nde schm\u00fccken. Nach dem Besuch des Nationalparks Los Haitises gehen wir zum feuchten Wald, um 2 Stunden zu wandern und kehren an den Ort zur\u00fcck, an dem unsere Reise begann.<\/p>\n<\/div>\n<p>&nbsp;<\/p>\n<h4><em><strong>Was sollten Sie mitbringen?<\/strong><\/em><\/h4>\n<ul>\n<li style=\"font-weight: 400;\"><span style=\"font-weight: 400;\">Kamera<\/span><\/li>\n<li style=\"font-weight: 400;\"><span style=\"font-weight: 400;\">Absto\u00dfende Knospen<\/span><\/li>\n<li style=\"font-weight: 400;\"><span style=\"font-weight: 400;\">Sonnencreme<\/span><\/li>\n<li style=\"font-weight: 400;\"><span style=\"font-weight: 400;\">Hut<\/span><\/li>\n<li style=\"font-weight: 400;\"><span style=\"font-weight: 400;\">Bequeme Hose<\/span><\/li>\n<li style=\"font-weight: 400;\"><span style=\"font-weight: 400;\">Wanderschuhe f\u00fcr den Wald<\/span><\/li>\n<li style=\"font-weight: 400;\"><span style=\"font-weight: 400;\">Sandalen zu den Fr\u00fchlingsgebieten.<\/span><\/li>\n<li style=\"font-weight: 400;\"><span style=\"font-weight: 400;\">Schwimmkleidung<\/span><\/li>\n<\/ul>\n<p>&nbsp;<\/p>\n<h4><b><i>Hotelabholung <\/i><\/b><\/h4>\n<p><span style=\"font-weight: 400;\">Eine Abholung vom Hotel wird angeboten, wenn Sie vor Ort sind <a href=\"https:\/\/www.boattoursamana.com\/de\/tour\/los-haitises-nationalpark-mittagessen-in-cano-hondo-aus-sabana-de-la-mar-2\/\">Para\u00edso Cano Hondo<\/a> oder <a href=\"https:\/\/www.boattoursamana.com\/de\/tour\/los-haitises-nationalpark-mittagessen-in-cano-hondo-aus-sabana-de-la-mar-2\/\">Altos Cano Hondo Hotel<\/a>. Unser Treffpunkt ist 5 Minuten zu Fu\u00df von diesen Hotels entfernt.<\/span><\/p>\n<p>&nbsp;<\/p>\n<p><b>Notiz:<\/b><span style=\"font-weight: 400;\"> Wenn Sie innerhalb von 24 Stunden vor der Abfahrtszeit der Tour\/des Ausflugs buchen, k\u00f6nnen wir die Abholung vom Hotel gegen Aufpreis arrangieren, wenn Sie sich nicht in einem Hotel in Cano Hondo befinden. Sobald Ihr Kauf abgeschlossen ist, senden wir Ihnen die vollst\u00e4ndigen Kontaktinformationen (Telefonnummer, E-Mail-Adresse usw.) f\u00fcr unseren \u00f6rtlichen Reiseleiter, um die Abholung zu organisieren.<\/span><\/p>\n<h4><b><i>Zus\u00e4tzliche Info-Best\u00e4tigung <\/i><\/b><\/h4>\n<ol>\n<li>Tickets sind die Quittung nach Bezahlung dieser Tour. Sie k\u00f6nnen die Zahlung auf Ihrem Telefon anzeigen.<\/li>\n<li style=\"font-weight: 400;\"><span style=\"font-weight: 400;\">Treffpunkt Wird nach dem Reservierungsprozess bekannt gegeben.<\/span><\/li>\n<li style=\"font-weight: 400;\"><span style=\"font-weight: 400;\">Kinder m\u00fcssen von einem Erwachsenen begleitet werden.<\/span><\/li>\n<li style=\"font-weight: 400;\"><span style=\"font-weight: 400;\"> Nicht rollstuhlgerecht <\/span><\/li>\n<li style=\"font-weight: 400;\"><span style=\"font-weight: 400;\">Kleinkinder m\u00fcssen auf dem Scho\u00df sitzen <\/span><\/li>\n<li style=\"font-weight: 400;\"><span style=\"font-weight: 400;\">F\u00fcr Reisende mit R\u00fcckenproblemen nicht zu empfehlen<\/span><\/li>\n<li style=\"font-weight: 400;\"><span style=\"font-weight: 400;\">Nicht f\u00fcr schwangere Reisende empfohlen <\/span><\/li>\n<li style=\"font-weight: 400;\"><span style=\"font-weight: 400;\"> Keine Herzprobleme oder andere ernsthafte Erkrankungen <\/span><\/li>\n<li style=\"font-weight: 400;\"><span style=\"font-weight: 400;\">Die meisten Reisenden k\u00f6nnen teilnehmen<\/span><\/li>\n<\/ol>\n<h4><b><i>Stornierungsbedingungen<\/i><\/b><\/h4>\n<p>F\u00fcr eine vollst\u00e4ndige R\u00fcckerstattung lesen Sie bitte unsere Stornierungsbedingungen\u00a0<a href=\"https:\/\/www.boattoursamana.com\/de\/online-buchung\/\" target=\"_blank\" rel=\"noopener\" data-saferedirecturl=\"https:\/\/www.google.com\/url?q=https:\/\/www.boattoursamana.com\/online-booking\/&amp;source=gmail&amp;ust=1672529771100000&amp;usg=AOvVaw2NIGJBZ0qjB5RhPUl5Obc7\">Klicke hier<\/a>. Das Geld geht verloren, wenn die Reservierung am selben Tag der Reise storniert wird.<\/p>\n\n\t\t<\/div>\n\t<\/div>\n<div class=\"vc_btn3-container vc_btn3-inline\" ><button class=\"vc_general vc_btn3 vc_btn3-size-md vc_btn3-shape-rounded vc_btn3-style-modern vc_btn3-color-green\">BUCHEN SIE JETZT<\/button><\/div><\/div><\/div><\/div><\/div><div class=\"vc_row wpb_row vc_row-fluid\" ><div class=\"wpb_column vc_column_container vc_col-sm-12\"><div class=\"vc_column-inner\"><div class=\"wpb_wrapper\"><div class=\"vc_empty_space\"   style=\"height: 32px\"><span class=\"vc_empty_space_inner\"><\/span><\/div>\n\t<div class=\"wpb_video_widget wpb_content_element vc_clearfix   vc_video-aspect-ratio-169 vc_video-el-width-100 vc_video-align-left\" >\n\t\t<div class=\"wpb_wrapper\">\n\t\t\t\n\t\t\t<div class=\"wpb_video_wrapper\"><iframe loading=\"lazy\" title=\"Nationalpark Los Haitises, Touren und Ausfl\u00fcge ab Samana oder Sabana de la Mar. Buchen Sie hier:\" src=\"https:\/\/player.vimeo.com\/video\/346508015?dnt=1&amp;app_id=122963\" width=\"1100\" height=\"619\" frameborder=\"0\" allow=\"autoplay; fullscreen\" allowfullscreen><\/iframe><\/div>\n\t\t<\/div>\n\t<\/div>\n<\/div><\/div><\/div><\/div><div class=\"vc_row wpb_row vc_row-fluid\" ><div class=\"wpb_column vc_column_container vc_col-sm-12\"><div class=\"vc_column-inner\"><div class=\"wpb_wrapper\"><div class=\"vc_empty_space\"   style=\"height: 32px\"><span class=\"vc_empty_space_inner\"><\/span><\/div>\n\t<div class=\"wpb_text_column wpb_content_element\" >\n\t\t<div class=\"wpb_wrapper\">\n\t\t\t<h4>Kontaktiere uns?<\/h4>\n<h5>Abenteuer buchen<\/h5>\n<p><em><strong>Einheimische<\/strong>\u00a0und\u00a0<strong>Staatsangeh\u00f6rige<\/strong>\u00a0Reiseleiter &amp; G\u00e4steservice<\/em><\/p>\n<p><span class=\"text-turquoise\">Reservierungen:<\/span>\u00a0F\u00fchrungen &amp; Ausfl\u00fcge im Dom. Rep.<\/p>\n<p><img decoding=\"async\" class=\"emoji\" draggable=\"false\" src=\"https:\/\/s.w.org\/images\/core\/emoji\/11.2.0\/svg\/1f4de.svg\" alt=\"\ud83d\udcde\" title=\"\">\u00a0Tel.\/Whatsapp\u00a0\u00a0<a href=\"tel:+1-809-720-6035\">+1-809-720-6035<\/a>.<\/p>\n<p><img decoding=\"async\" class=\"emoji\" draggable=\"false\" src=\"https:\/\/s.w.org\/images\/core\/emoji\/11.2.0\/svg\/1f4e9.svg\" alt=\"\ud83d\udce9\" title=\"\">\u00a0<a href=\"mailto:info@bookingadventures.com.do\">info@bookingadventures.com.do<\/a><\/p>\n<p><strong>Wir sind flexibel und bieten private Touren per WhatsApp an:\u00a0<a href=\"tel:+18097206035\">+18097206035.<\/a><\/strong><\/p>\n\n\t\t<\/div>\n\t<\/div>\n<div class=\"vc_empty_space\"   style=\"height: 32px\"><span class=\"vc_empty_space_inner\"><\/span><\/div><\/div><\/div><\/div><\/div><div class=\"vc_row wpb_row vc_row-fluid\" ><div class=\"wpb_column vc_column_container vc_col-sm-12\"><div class=\"vc_column-inner\"><div class=\"wpb_wrapper\"><div class=\"vc_btn3-container vc_btn3-inline\" ><button class=\"vc_general vc_btn3 vc_btn3-size-md vc_btn3-shape-rounded vc_btn3-style-modern vc_btn3-color-green\">BUCHEN SIE JETZT<\/button><\/div><\/div><\/div><\/div><\/div>","protected":false},"excerpt":{"rendered":"<p><span style=\"vertical-align: inherit;\"><span style=\"vertical-align: inherit;\">\u00a1Y aqu\u00ed vamos! <\/span><span style=\"vertical-align: inherit;\">Lo primero que puedes ver es la enorme colecci\u00f3n de isla monta\u00f1osa de piedra caliza llamada Mogotes. <\/span><span style=\"vertical-align: inherit;\">encima de ellos m\u00e1s de 700 especies de plantas y muchas aves de los humedales que vuelan alrededor. <\/span><span style=\"vertical-align: inherit;\">Posteriormente Visitando Cuevas con pictograf\u00edas de nuestras comunidades ind\u00edgenas hace 750 a\u00f1os.<\/span><\/span><\/p>\n<p><span style=\"vertical-align: inherit;\"><span style=\"vertical-align: inherit;\">Adem\u00e1s, este viaje muestra que son los lugares m\u00e1s importantes para visitar en el Parque Nacional Haitises. <\/span><span style=\"vertical-align: inherit;\">Las dos cuevas sind weitere Besuche von Line Cave und Sand Cave. <\/span><span style=\"vertical-align: inherit;\">Luego de unas horas visitando este hermoso Parque Nacional con rumbo al bosque h\u00famedo del Parque Nacional Los Haitises, luego de 2 horas de caminata, regresamos al lugar desde donde comenzamos nuestra excursi\u00f3n. <\/span><span style=\"vertical-align: inherit;\">Obtenga sus boletos aqu\u00ed y mu\u00e9vase con los lugare\u00f1os que conocen la historia del Parque Nacional Haitises.<\/span><\/span><\/p>\n<p>&nbsp;<\/p>\n<p><strong><span style=\"vertical-align: inherit;\"><span style=\"vertical-align: inherit;\">Seleccione la fecha f\u00fcr die Tour\u00a0<\/span><\/span><\/strong><\/p>","protected":false},"featured_media":8192,"template":"","meta":[],"product_cat":[254,946,928,927,255],"product_tag":[584,172,176,174,173,180,571,177,171,580,603,320,499,212,175,181],"class_list":["post-8858","product","type-product","status-publish","has-post-thumbnail","hentry","product_cat-tours-excursions-los-haitises-national-park","product_cat-1-sabana-de-la-mar","product_cat-boat-trip-los-haitises","product_cat-hiking-los-haitises","product_cat-tours-excursions-samana-bay-dominican-republic","product_tag-birding-in-los-haitises","product_tag-boat-tour","product_tag-cano-hondo","product_tag-eco-tours","product_tag-excursion","product_tag-hiking","product_tag-hiking-los-haitises","product_tag-locals-guides","product_tag-los-haitises","product_tag-los-haitises-excursions","product_tag-los-haitises-from-samana","product_tag-los-haitises-national-park-tour","product_tag-los-haitises-sabana-de-la-mar","product_tag-mangroves-los-haitises","product_tag-sabana-de-la-mar","product_tag-trails"],"_links":{"self":[{"href":"https:\/\/www.boattoursamana.com\/de\/wp-json\/wp\/v2\/product\/8858","targetHints":{"allow":["GET"]}}],"collection":[{"href":"https:\/\/www.boattoursamana.com\/de\/wp-json\/wp\/v2\/product"}],"about":[{"href":"https:\/\/www.boattoursamana.com\/de\/wp-json\/wp\/v2\/types\/product"}],"wp:featuredmedia":[{"embeddable":true,"href":"https:\/\/www.boattoursamana.com\/de\/wp-json\/wp\/v2\/media\/8192"}],"wp:attachment":[{"href":"https:\/\/www.boattoursamana.com\/de\/wp-json\/wp\/v2\/media?parent=8858"}],"wp:term":[{"taxonomy":"product_cat","embeddable":true,"href":"https:\/\/www.boattoursamana.com\/de\/wp-json\/wp\/v2\/product_cat?post=8858"},{"taxonomy":"product_tag","embeddable":true,"href":"https:\/\/www.boattoursamana.com\/de\/wp-json\/wp\/v2\/product_tag?post=8858"}],"curies":[{"name":"wp","href":"https:\/\/api.w.org\/{rel}","templated":true}]}}