{"id":9314,"date":"2019-09-05T08:46:51","date_gmt":"2019-09-05T08:46:51","guid":{"rendered":"https:\/\/www.ticketswhales.com\/?post_type=product&#038;p=9314"},"modified":"2023-11-10T09:12:15","modified_gmt":"2023-11-10T09:12:15","slug":"santo-domingo-city-tour-from-punta-cana-all-inclusive-day-trip","status":"publish","type":"product","link":"https:\/\/www.boattoursamana.com\/de\/tour\/santo-domingo-stadtrundfahrt-ab-punta-cana-all-inclusive-tagesausflug-2","title":{"rendered":"Stadtrundfahrt durch Santo Domingo ab Punta Cana. All-Inclusive-Tagesausflug."},"content":{"rendered":"<div class=\"vc_row wpb_row vc_row-fluid\" ><div class=\"wpb_column vc_column_container vc_col-sm-12\"><div class=\"vc_column-inner\"><div class=\"wpb_wrapper\"><div class=\"mkdf-section-title-holder\" style=\"text-align: left\">\n\t<div class=\"mkdf-st-inner\">\n\t\t\t\t\t<h5 class=\"mkdf-st-subtitle\" >\n\t\t\t\tTransport &amp; Mittagessen inklusive\t\t\t<\/h5>\n\t\t\t\t\t\t\t<h3 class=\"mkdf-st-title\" >\n\t\t\t\tStadtrundfahrt durch Santo Domingo ab Punta Cana. All-Inclusive-Tagesausflug.\t\t\t<\/h3>\n\t\t\t\t\t<\/div>\n<\/div><\/div><\/div><\/div><\/div><div class=\"vc_row wpb_row vc_row-fluid\" ><div class=\"wpb_column vc_column_container vc_col-sm-12\"><div class=\"vc_column-inner\"><div class=\"wpb_wrapper\"><div class=\"vc_btn3-container vc_btn3-inline\" ><button class=\"vc_general vc_btn3 vc_btn3-size-md vc_btn3-shape-rounded vc_btn3-style-modern vc_btn3-color-green\">BUCHEN SIE JETZT<\/button><\/div>\n\t<div class=\"wpb_text_column wpb_content_element\" >\n\t\t<div class=\"wpb_wrapper\">\n\t\t\t<h3 class=\"ui_header h1 attractions-product-info-ProductTitle__title--1qM0o\"><\/h3>\n<h4><b><i>\u00dcberblick <\/i><\/b><\/h4>\n<p>Verbringen Sie einen Tag in der kolonialen historischen Zone der \u00e4ltesten Stadt Lateinamerikas. Erkunden Sie Sehensw\u00fcrdigkeiten und Highlights wie die Plaza de Espa\u00f1a, den Nationalpalast, den Kolumbus-Leuchtturm und die Kolonialzone.<\/p>\n<p>Stoppen Sie im Tree Eyes National Park und sehen Sie sich die unterirdischen H\u00f6hlen und H\u00f6hlen an, die von den Taino-Indianern genutzt wurden. Zuerst werden Sie mit dem Bus von Ihrem Hotel abgeholt.<\/p>\n<p>Die Tour beginnt mit einem Treffen mit einem professionellen Guide, der Ihnen einige Informationen \u00fcber die Insel und die dominikanische Kultur, Essen, Musik und vieles mehr gibt. Das Mittagessen in einem typischen dominikanischen Restaurant ist inbegriffen. Diese Tour wird Ihnen definitiv die wahre Geschichte dieser Insel vermitteln!<\/p>\n<p>Nach dieser Erfahrung kehren Sie zum Ort zur\u00fcck, wo Sie sich mit dem Reiseleiter treffen<\/p>\n<p>&nbsp;<\/p>\n<h4><b>Einschl\u00fcsse &amp; Ausschl\u00fcsse<\/b><\/h4>\n<p><b>Einschl\u00fcsse<\/b><\/p>\n<ol>\n<li>Mittagsbuffet<\/li>\n<li>Kolumbus Leuchtturm<\/li>\n<li>Tagesausflug nach Santo Domingo<\/li>\n<li>Nationalpark Los Tres Ojos<\/li>\n<li>Der Colonial Zone Walk<\/li>\n<li>Der Nationalpalast<\/li>\n<li>\u00a0Die Plaza de Espa\u00f1a<\/li>\n<li style=\"font-weight: 400;\"><span style=\"font-weight: 400;\">Alle Steuern, Geb\u00fchren und Bearbeitungsgeb\u00fchren<\/span><\/li>\n<li style=\"font-weight: 400;\"><span style=\"font-weight: 400;\">Lokale Steuern<\/span><\/li>\n<li style=\"font-weight: 400;\"><span style=\"font-weight: 400;\">Getr\u00e4nke<\/span><\/li>\n<li>Snacks<\/li>\n<li style=\"font-weight: 400;\"><span style=\"font-weight: 400;\">Lokaler F\u00fchrer<\/span><\/li>\n<\/ol>\n<p><b> Ausschl\u00fcsse<\/b><\/p>\n<ol>\n<li style=\"font-weight: 400;\"><span style=\"font-weight: 400;\">Trinkgelder<\/span><\/li>\n<li style=\"font-weight: 400;\"><span style=\"font-weight: 400;\">Alkoholische Getr\u00e4nke<\/span><\/li>\n<\/ol>\n<p>&nbsp;<\/p>\n<h4><em><strong>Abreise &amp; R\u00fcckkehr<\/strong><\/em><\/h4>\n<p><span style=\"font-weight: 400;\">Der Reisende erh\u00e4lt nach dem Reservierungsprozess einen Treffpunkt. Touren beginnen und enden an Ihren Treffpunkten.<\/span><\/p>\n<h3><\/h3>\n<h3 class=\"ui_header h1 attractions-product-info-ProductTitle__title--1qM0o\">Stadtrundfahrt durch Santo Domingo ab Punta Cana. All-Inclusive-Tagesausflug.<\/h3>\n<h4><b><i>Was zu erwarten ist?<\/i><\/b><\/h4>\n<div class=\"apd_content_block\" data-tab=\"TABS_OVERVIEW\">\n<div class=\"ui_card section attractions-product-details-Overview__sectionMargin--uHktd attractions-product-details-Overview__cleanslateOverrideDT--39Ov7\"><\/div>\n<\/div>\n<div data-tab=\"TABS_WHAT_TO_EXPECT\">\n<div class=\"ui_card attractions-card-CollapsibleProductDetailsCard__cardContainer--3r2wk attractions-card-CollapsibleProductDetailsCard__cleanslateOverrideDT--2AJh0\">\n<div class=\"attractions-card-CollapsibleCard__header--IDA3r\">\n<div class=\"attractions-card-CollapsibleCard__headerSection--3gTKb\"><\/div>\n<\/div>\n<div class=\"attractions-card-CollapsibleCard__content--2Ws8q\">\n<div class=\"attractions-card-CollapsibleCard__contentWrap--374jk attractions-card-CollapsibleCard__titleUnderline--1uHze\">\n<div class=\"attractions-card-CollapsibleProductDetailsCard__cardContent--23ext\">\n<div class=\"common-text-ReadMore__readMore--3Iu8c common-text-ReadMore__variantFadeOut--1tInd\">\n<div class=\"common-text-ReadMore__content--2X4LR\">\n<div class=\"ui_columns is-desktop\">\n<div class=\"ui_column\">Santo Domingo ist eine magische Stadt voller Geschichte, Kultur und atemberaubender Landschaften. Spazieren Sie durch die \u00e4lteste Hauptstadt der \u201eNeuen\u201c Welt; Santo Domingo ist die erste Stadt, die in Amerika gegr\u00fcndet wurde.<\/div>\n<div>1992 feierte Santo Domingo, die \u00e4lteste Stadt Amerikas, ihren 500. Jahrestag ihrer Entdeckung durch Christoph Kolumbus. Santo Domingo hat die erste Kathedrale, Universit\u00e4t und das erste Rathaus der neuen Welt. Die gesamte Innenstadt ist vollgestopft mit Kolonialbauten aus dem 15. und 16. Jahrhundert.<\/div>\n<div>Auf dieser Tour besuchen Sie nicht nur die wichtigsten historischen Geb\u00e4ude, sondern auch einige Museen und eine faszinierende H\u00f6hle. \u201eLos Tres Ojos\u201c ist die erste Station, wo Sie eine H\u00f6hle sehen, in der Sie etwas \u00fcber das Leben der Taino-Indianer erfahren.<\/div>\n<div><\/div>\n<\/div>\n<\/div>\n<\/div>\n<\/div>\n<\/div>\n<\/div>\n<\/div>\n<\/div>\n<h4><em><strong>Was sollten Sie mitbringen?<\/strong><\/em><\/h4>\n<ul>\n<li style=\"font-weight: 400;\"><span style=\"font-weight: 400;\">Kamera<\/span><\/li>\n<li style=\"font-weight: 400;\"><span style=\"font-weight: 400;\">Absto\u00dfende Knospen<\/span><\/li>\n<li style=\"font-weight: 400;\"><span style=\"font-weight: 400;\">Sonnencreme<\/span><\/li>\n<li style=\"font-weight: 400;\"><span style=\"font-weight: 400;\">Hut<\/span><\/li>\n<li style=\"font-weight: 400;\"><span style=\"font-weight: 400;\">Bequeme Hose<\/span><\/li>\n<li style=\"font-weight: 400;\"><span style=\"font-weight: 400;\">Wanderschuhe\u00a0<\/span><\/li>\n<li style=\"font-weight: 400;\"><span style=\"font-weight: 400;\">Sandalen zu den Fr\u00fchlingsgebieten.<\/span><\/li>\n<li style=\"font-weight: 400;\"><span style=\"font-weight: 400;\">Schwimmkleidung<\/span><\/li>\n<\/ul>\n<p>&nbsp;<\/p>\n<h4><b><i>Hotelabholung <\/i><\/b><\/h4>\n<p><span style=\"font-weight: 400;\">Reisende Abholung wird angeboten!<\/span><\/p>\n<p><span style=\"font-weight: 400;\">Wir holen von allen Hotels in Punta Cana ab. Abholort ist die Hotellobby<br \/>\nWenn Sie in einer Eigentumswohnung in der Gegend wohnen, holen wir Sie in der Eigentumswohnung oder am Eingang des n\u00e4chstgelegenen Resorts ab. Wir arrangieren die Abholung, indem Sie uns per WhatsApp kontaktieren.<\/span><\/p>\n<p><b>Notiz:<\/b><span style=\"font-weight: 400;\"> Wenn Sie innerhalb von 24 Stunden vor der Abfahrtszeit der Tour\/des Ausflugs buchen, k\u00f6nnen wir die Abholung vom Hotel arrangieren. Sobald Ihr Kauf abgeschlossen ist, senden wir Ihnen die vollst\u00e4ndigen Kontaktinformationen (Telefonnummer, E-Mail-Adresse usw.) f\u00fcr unseren \u00f6rtlichen Reiseleiter, um die Abholung zu organisieren.<\/span><\/p>\n<h4><b><i>Zus\u00e4tzliche Info-Best\u00e4tigung <\/i><\/b><\/h4>\n<ol>\n<li>Tickets sind die Quittung nach Bezahlung dieser Tour. Sie k\u00f6nnen die Zahlung auf Ihrem Telefon anzeigen.<\/li>\n<li style=\"font-weight: 400;\"><span style=\"font-weight: 400;\">Treffpunkt Wird nach dem Reservierungsprozess bekannt gegeben.<\/span><\/li>\n<li style=\"font-weight: 400;\"><span style=\"font-weight: 400;\">Kinder m\u00fcssen von einem Erwachsenen begleitet werden.<\/span><\/li>\n<li style=\"font-weight: 400;\"><span style=\"font-weight: 400;\"> Nicht rollstuhlgerecht <\/span><\/li>\n<li style=\"font-weight: 400;\"><span style=\"font-weight: 400;\">Kleinkinder m\u00fcssen auf dem Scho\u00df sitzen <\/span><\/li>\n<li style=\"font-weight: 400;\"><span style=\"font-weight: 400;\">F\u00fcr Reisende mit R\u00fcckenproblemen nicht zu empfehlen<\/span><\/li>\n<li style=\"font-weight: 400;\"><span style=\"font-weight: 400;\">Nicht f\u00fcr schwangere Reisende empfohlen <\/span><\/li>\n<li style=\"font-weight: 400;\"><span style=\"font-weight: 400;\"> Keine Herzprobleme oder andere ernsthafte Erkrankungen <\/span><\/li>\n<li style=\"font-weight: 400;\"><span style=\"font-weight: 400;\">Die meisten Reisenden k\u00f6nnen teilnehmen<\/span><\/li>\n<\/ol>\n<h4><b><i>Stornierungsbedingungen<\/i><\/b><\/h4>\n<p>F\u00fcr eine vollst\u00e4ndige R\u00fcckerstattung lesen Sie bitte unsere Stornierungsbedingungen\u00a0<a href=\"https:\/\/www.boattoursamana.com\/de\/online-buchung\/\" target=\"_blank\" rel=\"noopener\" data-saferedirecturl=\"https:\/\/www.google.com\/url?q=https:\/\/www.boattoursamana.com\/online-booking\/&amp;source=gmail&amp;ust=1672449202351000&amp;usg=AOvVaw1yAeVAPktmaVCqDujgUn90\">Klicke hier<\/a>. Das Geld geht verloren, wenn die Reservierung am selben Tag der Reise storniert wird.<\/p>\n\n\t\t<\/div>\n\t<\/div>\n<div class=\"vc_btn3-container vc_btn3-inline\" ><button class=\"vc_general vc_btn3 vc_btn3-size-md vc_btn3-shape-rounded vc_btn3-style-modern vc_btn3-color-green\">BUCHEN SIE JETZT<\/button><\/div><\/div><\/div><\/div><\/div><div class=\"vc_row wpb_row vc_row-fluid\" ><div class=\"wpb_column vc_column_container vc_col-sm-12\"><div class=\"vc_column-inner\"><div class=\"wpb_wrapper\">\n\t<div class=\"wpb_video_widget wpb_content_element vc_clearfix   vc_video-aspect-ratio-169 vc_video-el-width-100 vc_video-align-left\" >\n\t\t<div class=\"wpb_wrapper\">\n\t\t\t<h2 class=\"wpb_heading wpb_video_heading\">Santo Domingo-Video:<\/h2>\n\t\t\t<div class=\"wpb_video_wrapper\"><iframe loading=\"lazy\" title=\"Santo Domingo, Hauptstadt der Dominikanischen Republik | REISETAGEBUCH\" width=\"1100\" height=\"619\" src=\"https:\/\/www.youtube.com\/embed\/CixCl3alHJw?feature=oembed\" frameborder=\"0\" allow=\"accelerometer; autoplay; encrypted-media; gyroscope; picture-in-picture\" allowfullscreen><\/iframe><\/div>\n\t\t<\/div>\n\t<\/div>\n<\/div><\/div><\/div><\/div><div class=\"vc_row wpb_row vc_row-fluid\" ><\/div><div class=\"wpb_column vc_column_container vc_col-sm-12\"><div class=\"vc_column-inner\"><div class=\"wpb_wrapper\"><div class=\"vc_btn3-container vc_btn3-inline\" ><button class=\"vc_general vc_btn3 vc_btn3-size-md vc_btn3-shape-rounded vc_btn3-style-modern vc_btn3-color-green\">BUCHEN SIE JETZT<\/button><\/div><\/div><\/div><\/div><div class=\"vc_empty_space\"   style=\"height: 32px\"><span class=\"vc_empty_space_inner\"><\/span><\/div><div class=\"vc_empty_space\"   style=\"height: 32px\"><span class=\"vc_empty_space_inner\"><\/span><\/div><div class=\"vc_row wpb_row vc_row-fluid\" ><div class=\"wpb_column vc_column_container vc_col-sm-12\"><div class=\"vc_column-inner\"><div class=\"wpb_wrapper\"><\/div><\/div><\/div><\/div>","protected":false},"excerpt":{"rendered":"<p>Um die reiche Geschichte und Kultur der Dominikanischen Republik wirklich zu erleben, begleiten Sie uns auf einer ganzt\u00e4gigen Tour durch Santo Domingo, die \u00e4lteste Stadt Amerikas. Sie reisen in einem modernen, sauberen und komfortablen Bus und werden von einem professionellen Reiseleiter unterhalten, der diese Reise sowohl lebendig als auch informativ macht.<\/p>\n<p>Unterwegs sehen Sie viele interessante Orte, darunter den Fluss Chav\u00f3n, der in Filmen wie \u201eApocalypse Now\u201c und \u201eRambo\u201c eine Rolle spielte.<\/p>\n<p>Besichtigung des Nationalparks Los Tres Ojos und der gesamten Kolonialzone nach einem typischen Mittagsbuffet.<\/p>\n<p><strong>W\u00e4hlen Sie das Datum f\u00fcr die Stadtrundfahrt:\u00a0<\/strong><\/p>","protected":false},"featured_media":13410,"template":"","meta":[],"product_cat":[347,948,159,160,972,966,348,349,253],"product_tag":[352,355,356,358,354,633,632,357,353,351,350],"class_list":["post-9314","product","type-product","status-publish","has-post-thumbnail","hentry","product_cat-santo-domingo-from-punta-cana","product_cat-1-punta-cana","product_cat-fees-entrace","product_cat-lunch","product_cat-punta-cana-group-tours","product_cat-punta-cana-santo-domingo","product_cat-tours-excursion-santo-domingo","product_cat-tours-and-excursion-punta-cana","product_cat-tours-and-excursions","product_tag-columbus-lighthouse","product_tag-day-trip-santo-domingo","product_tag-los-tres-ojos-national-park","product_tag-los-tres-ojos-santo-domingo","product_tag-santo-domingo-city-tour","product_tag-santo-domingo-excursion","product_tag-santo-domingo-tour","product_tag-the-3-eyes","product_tag-the-colonial-zone","product_tag-the-national-palace","product_tag-the-plaza-de-espana"],"_links":{"self":[{"href":"https:\/\/www.boattoursamana.com\/de\/wp-json\/wp\/v2\/product\/9314","targetHints":{"allow":["GET"]}}],"collection":[{"href":"https:\/\/www.boattoursamana.com\/de\/wp-json\/wp\/v2\/product"}],"about":[{"href":"https:\/\/www.boattoursamana.com\/de\/wp-json\/wp\/v2\/types\/product"}],"wp:featuredmedia":[{"embeddable":true,"href":"https:\/\/www.boattoursamana.com\/de\/wp-json\/wp\/v2\/media\/13410"}],"wp:attachment":[{"href":"https:\/\/www.boattoursamana.com\/de\/wp-json\/wp\/v2\/media?parent=9314"}],"wp:term":[{"taxonomy":"product_cat","embeddable":true,"href":"https:\/\/www.boattoursamana.com\/de\/wp-json\/wp\/v2\/product_cat?post=9314"},{"taxonomy":"product_tag","embeddable":true,"href":"https:\/\/www.boattoursamana.com\/de\/wp-json\/wp\/v2\/product_tag?post=9314"}],"curies":[{"name":"wp","href":"https:\/\/api.w.org\/{rel}","templated":true}]}}