{"id":9395,"date":"2019-09-11T08:14:56","date_gmt":"2019-09-11T08:14:56","guid":{"rendered":"https:\/\/www.ticketswhales.com\/?post_type=product&#038;p=9395"},"modified":"2023-11-10T17:59:07","modified_gmt":"2023-11-10T17:59:07","slug":"half-day-whale-watching-samana-in-catamaran-morning-or-afternoon","status":"publish","type":"product","link":"https:\/\/www.boattoursamana.com\/de\/tour\/halbtags-walbeobachtung-samana-im-katamaran-morgens-oder-nachmittags","title":{"rendered":"Halbt\u00e4gige Walbeobachtung Saman\u00e1 am Katamaran-Morgen"},"content":{"rendered":"<div class=\"vc_row wpb_row vc_row-fluid\" ><div class=\"wpb_column vc_column_container vc_col-sm-12\"><div class=\"vc_column-inner\"><div class=\"wpb_wrapper\"><div class=\"mkdf-section-title-holder\" style=\"text-align: left\">\n\t<div class=\"mkdf-st-inner\">\n\t\t\t\t\t<h5 class=\"mkdf-st-subtitle\" >\n\t\t\t\tMorgen oder Nachmittag\t\t\t<\/h5>\n\t\t\t\t\t\t\t<h3 class=\"mkdf-st-title\" >\n\t\t\t\tHalbt\u00e4gige Walbeobachtung in Samana im Katamaran\t\t\t<\/h3>\n\t\t\t\t\t<\/div>\n<\/div><div class=\"vc_empty_space\"   style=\"height: 32px\"><span class=\"vc_empty_space_inner\"><\/span><\/div><div class=\"vc_message_box vc_message_box-standard vc_message_box-rounded vc_color-info\" ><div class=\"vc_message_box-icon\"><i class=\"fas fa-info-circle\"><\/i><\/div><p><strong>Der Preis beinhaltet kein Mittagessen. Wenn Sie m\u00f6chten, schlie\u00dfen Sie bitte alle ein:\u00a0 <a href=\"https:\/\/www.boattoursamana.com\/de\/tours-excursions\/tours-and-excursions\/samana-walbeobachtung-cayo-levantado\/\">Klicke hier\u00a0<\/a><\/strong><\/p>\n<\/div><div class=\"vc_empty_space\"   style=\"height: 32px\"><span class=\"vc_empty_space_inner\"><\/span><\/div><\/div><\/div><\/div><\/div><div class=\"vc_row wpb_row vc_row-fluid\" ><div class=\"wpb_column vc_column_container vc_col-sm-12\"><div class=\"vc_column-inner\"><div class=\"wpb_wrapper\"><div class=\"vc_btn3-container vc_btn3-inline\" ><button class=\"vc_general vc_btn3 vc_btn3-size-md vc_btn3-shape-rounded vc_btn3-style-modern vc_btn3-color-green\">BUCHEN SIE JETZT<\/button><\/div>\n\t<div class=\"wpb_text_column wpb_content_element\" >\n\t\t<div class=\"wpb_wrapper\">\n\t\t\t<div class=\"vc_row wpb_row vc_row-fluid\">\n<div class=\"wpb_column vc_column_container vc_col-sm-12\">\n<div class=\"vc_column-inner\">\n<div class=\"wpb_wrapper\">\n<div class=\"wpb_text_column wpb_content_element\">\n<div class=\"wpb_wrapper\">\n<div class=\"vc_row wpb_row vc_row-fluid\">\n<div class=\"wpb_column vc_column_container vc_col-sm-12\">\n<div class=\"vc_column-inner\">\n<div class=\"wpb_wrapper\">\n<div class=\"wpb_text_column wpb_content_element\">\n<div class=\"wpb_wrapper\">\n<h4><b><i>\u00dcberblick<img decoding=\"async\" class=\"emoji\" draggable=\"false\" src=\"https:\/\/s.w.org\/images\/core\/emoji\/12.0.0-1\/svg\/1f433.svg\" alt=\"\ud83d\udc33\" title=\"\"><\/i><\/b><\/h4>\n<p>Nach dem Abbruch unseres Bootes besuchen Sie die Wale in ihrem eigenen Lebensraum. Unsere Kapit\u00e4ne sind geschult, um sicherzustellen, dass Sie Wale sehen.<\/p>\n<p>Von 9:00 bis 12:00 Uhr oder privat ab 4 Personen f\u00fcr 13:00 bis 15:30 Uhr. Whale Watching Observatory und Nach dieser Whale Whatchig-Reise kehren wir zum Haupthafen von Samana zur\u00fcck.<\/p>\n<p><strong>Notiz:<\/strong> Diese Tour ist nicht privat. Wenn Sie eine private Tour vereinbaren m\u00f6chten, kontaktieren Sie uns einfach!<\/p>\n<ul>\n<li>Ausflug zur Walbeobachtung<\/li>\n<li>Boot-Katamaren-Transfer<\/li>\n<li>Der Kapit\u00e4n bietet Anweisungen und Aufsicht<\/li>\n<li>Reisef\u00fchrer<\/li>\n<\/ul>\n<p>&nbsp;<\/p>\n<h4><b>Einschl\u00fcsse &amp; Ausschl\u00fcsse<\/b><\/h4>\n<p>&nbsp;<\/p>\n<p><b>Einschl\u00fcsse<\/b><\/p>\n<ol>\n<li>Reisef\u00fchrer<\/li>\n<li>Katamaran- oder Bootsfahrt<\/li>\n<li>Alle Steuern, Geb\u00fchren und Bearbeitungsgeb\u00fchren<\/li>\n<li>Lokale Steuern<\/li>\n<\/ol>\n<p><b>Ausschl\u00fcsse<\/b><\/p>\n<ol>\n<li>Trinkgelder<\/li>\n<li>\u00dcberf\u00fchrungswagen<\/li>\n<li>Alkoholische Getr\u00e4nke<\/li>\n<li>Getr\u00e4nke<\/li>\n<li>Dramamin-Tabletten (optional)<\/li>\n<li>Eintrittsgeb\u00fchren f\u00fcr das Heiligtum. (Armband)<\/li>\n<\/ol>\n<p>&nbsp;<\/p>\n<h4><em><strong>Abreise &amp; R\u00fcckkehr<\/strong><\/em><\/h4>\n<p>Der Reisende erh\u00e4lt nach dem Reservierungsprozess einen Treffpunkt. Touren beginnen und enden an unseren Treffpunkten.<\/p>\n<h3>Halbt\u00e4gige Walbeobachtung in Samana im Katamaran<\/h3>\n<h4><b><i>Was zu erwarten ist?<\/i><\/b><\/h4>\n<p>&nbsp;<\/p>\n<p><em><strong>Holen Sie sich Ihre Tickets<\/strong><\/em> f\u00fcr einen Halbtagesausflug Walbeobachtungstour in der Bucht von Saman\u00e1.<\/p>\n<p>Der von \u201eBooking Adventures\u201c organisierte halbt\u00e4gige Walbeobachtungsausflug beginnt am Treffpunkt, der mit dem Reiseleiter vereinbart wurde. Mittagessen am Strand ist <strong>nicht<\/strong> in diese Tour einbeziehen.<\/p>\n<p>&nbsp;<\/p>\n<p><strong>Zeitplan:<\/strong><\/p>\n<p>9:00 \u2013 12:30 Uhr<\/p>\n<p>13:00 \u2013 15:30 Uhr. (Es handelt sich meistens um eine private Reise mit mindestens 4 Personen oder kontaktieren Sie uns).<\/p>\n<\/div>\n<p>Die Zeit kann sich \u00e4ndern, je nachdem wie viele Wale wir sehen.<\/p>\n<div class=\"wpb_wrapper\">\n<p>&nbsp;<\/p>\n<h4><em><strong>Was sollten Sie mitbringen?<\/strong><\/em><\/h4>\n<ul>\n<li>Kamera<\/li>\n<li>Absto\u00dfende Knospen<\/li>\n<li>Sonnencreme<\/li>\n<li>Hut<\/li>\n<li>Bequeme Hose<\/li>\n<li>Schwimmkleidung<\/li>\n<li>Bargeld f\u00fcr Souvenirs<\/li>\n<\/ul>\n<p>&nbsp;<\/p>\n<h4><b><i>Hotelabholung<\/i><\/b><\/h4>\n<p>Eine Hotelabholung wird f\u00fcr diese Tour nicht angeboten.<\/p>\n<p>&nbsp;<\/p>\n<p><b>Notiz:<\/b>\u00a0Wenn Sie innerhalb von 24 Stunden vor der Abfahrtszeit der Tour\/des Ausflugs buchen, k\u00f6nnen wir die Abholung vom Hotel gegen Aufpreis arrangieren. Sobald Ihr Kauf abgeschlossen ist, senden wir Ihnen die vollst\u00e4ndigen Kontaktinformationen (Telefonnummer, E-Mail-Adresse usw.) f\u00fcr unseren \u00f6rtlichen Reiseleiter, um die Abholung zu organisieren.<\/p>\n<h4><b><i>Zus\u00e4tzliche Info-Best\u00e4tigung<\/i><\/b><\/h4>\n<ol>\n<li>Tickets sind die Quittung nach Bezahlung dieser Tour. Sie k\u00f6nnen die Zahlung auf Ihrem Telefon anzeigen.<\/li>\n<li>Treffpunkt Wird nach dem Reservierungsprozess bekannt gegeben.<\/li>\n<li>Kinder m\u00fcssen von einem Erwachsenen begleitet werden.<\/li>\n<li>barrierefrei<\/li>\n<li>Kleinkinder m\u00fcssen auf dem Scho\u00df sitzen<\/li>\n<li>Die meisten Reisenden k\u00f6nnen teilnehmen<\/li>\n<\/ol>\n<h4><b><i>Stornierungsbedingungen<\/i><\/b><\/h4>\n<p>F\u00fcr eine vollst\u00e4ndige R\u00fcckerstattung lesen Sie bitte unsere Stornierungsbedingungen\u00a0<a href=\"https:\/\/www.boattoursamana.com\/de\/online-buchung\/\" target=\"_blank\" rel=\"noopener\" data-saferedirecturl=\"https:\/\/www.google.com\/url?q=https:\/\/www.boattoursamana.com\/online-booking\/&amp;source=gmail&amp;ust=1672449202351000&amp;usg=AOvVaw1yAeVAPktmaVCqDujgUn90\">Klicke hier<\/a>. Das Geld geht verloren, wenn die Reservierung am selben Tag der Reise storniert wird.<\/p>\n<\/div>\n<\/div>\n<\/div>\n<\/div>\n<\/div>\n<\/div>\n<\/div>\n<\/div>\n<\/div>\n<\/div>\n<\/div>\n<\/div>\n<div class=\"vc_row wpb_row vc_row-fluid\">\n<div class=\"wpb_column vc_column_container vc_col-sm-12\">\n<div class=\"vc_column-inner\">\n<div class=\"wpb_wrapper\">\n<div class=\"vc_empty_space\"><\/div>\n<div class=\"wpb_text_column wpb_content_element\">\n<div class=\"wpb_wrapper\">\n<h4>Kontaktiere uns?<\/h4>\n<h5><b><i>TOUR WALE SAMANA<\/i><\/b><\/h5>\n<p><em><strong>Einheimische<\/strong>\u00a0und\u00a0<strong>Staatsangeh\u00f6rige<\/strong>\u00a0Reiseleiter &amp; G\u00e4steservice<\/em><\/p>\n<p><span class=\"text-turquoise\">Reservierungen:<\/span>\u00a0F\u00fchrungen &amp; Ausfl\u00fcge im Dom. Rep.<\/p>\n<p><img decoding=\"async\" class=\"emoji\" draggable=\"false\" src=\"https:\/\/s.w.org\/images\/core\/emoji\/11.2.0\/svg\/1f4de.svg\" alt=\"\ud83d\udcde\" title=\"\">\u00a0Tel.\/Whatsapp\u00a0\u00a0<a href=\"tel:+1-809-720-6035\">+1-809-720-6035<\/a>.<\/p>\n<p><img decoding=\"async\" class=\"emoji\" draggable=\"false\" src=\"https:\/\/s.w.org\/images\/core\/emoji\/11.2.0\/svg\/1f4e9.svg\" alt=\"\ud83d\udce9\" title=\"\">\u00a0<a href=\"mailto:info@bookingadventures.com.do\">info@bookingadventures.com.do<\/a><\/p>\n<p><strong>Wir sind flexibel und bieten private Touren per WhatsApp an:\u00a0<a href=\"tel:+18097206035\">+18097206035.<\/a><\/strong><\/p>\n<\/div>\n<\/div>\n<\/div>\n<\/div>\n<\/div>\n<\/div>\n\n\t\t<\/div>\n\t<\/div>\n<div class=\"vc_message_box vc_message_box-standard vc_message_box-rounded vc_color-info\" ><div class=\"vc_message_box-icon\"><i class=\"fas fa-info-circle\"><\/i><\/div><p><strong>Der Preis beinhaltet kein Mittagessen. Wenn Sie m\u00f6chten, schlie\u00dfen Sie bitte alle ein:\u00a0 <a href=\"https:\/\/www.boattoursamana.com\/de\/tours-excursions\/tours-and-excursions\/samana-walbeobachtung-cayo-levantado\/\">Klicke hier\u00a0<\/a><\/strong><\/p>\n<\/div><\/div><\/div><\/div><\/div><div class=\"vc_row wpb_row vc_row-fluid\" ><div class=\"wpb_column vc_column_container vc_col-sm-12\"><div class=\"vc_column-inner\"><div class=\"wpb_wrapper\"><div class=\"vc_btn3-container vc_btn3-inline\" ><button class=\"vc_general vc_btn3 vc_btn3-size-md vc_btn3-shape-rounded vc_btn3-style-modern vc_btn3-color-green\">BUCHEN SIE JETZT<\/button><\/div><\/div><\/div><\/div><\/div>","protected":false},"excerpt":{"rendered":"<p>Halbt\u00e4gige Walbeobachtung Bucht von Samana, Dominikanische Republik. Walbeobachtung vom Hafen Saman\u00e1 in einem komfortablen Katamaran. Buchen Sie morgens oder nachmittags Ausfl\u00fcge zur Walbeobachtung. Buchen Sie jetzt diesen Ausflug in die Bucht von Samana f\u00fcr ein gutes Walbeobachtungserlebnis.<\/p>\n<p><strong>Der Preis beinhaltet kein Mittagessen. Wenn Sie m\u00f6chten, schlie\u00dfen Sie bitte alle ein:\u00a0 <a href=\"https:\/\/www.boattoursamana.com\/de\/tours-excursions\/tours-and-excursions\/samana-walbeobachtung-cayo-levantado\/\">Klicke hier\u00a0<\/a><\/strong><\/p>\n<p>&nbsp;<\/p>","protected":false},"featured_media":12055,"template":"","meta":[],"product_cat":[255,655,385,273],"product_tag":[387,327,342,276,277,274,389,388,275],"class_list":["post-9395","product","type-product","status-publish","has-post-thumbnail","hentry","product_cat-tours-excursions-samana-bay-dominican-republic","product_cat-1-samana","product_cat-half-day-whale-watching-samana-in-catamaran","product_cat-whale-watching-samana","product_tag-half-day-whale-watching-samana-in-catamaran-morning-or-afternoon","product_tag-private-tours-samana","product_tag-samana-whale-watching","product_tag-whale-samana","product_tag-whale-tours","product_tag-whale-watching-dominican-republic","product_tag-whale-watching-las-galeras","product_tag-whale-watching-las-terrenas","product_tag-whale-watching-samana"],"_links":{"self":[{"href":"https:\/\/www.boattoursamana.com\/de\/wp-json\/wp\/v2\/product\/9395","targetHints":{"allow":["GET"]}}],"collection":[{"href":"https:\/\/www.boattoursamana.com\/de\/wp-json\/wp\/v2\/product"}],"about":[{"href":"https:\/\/www.boattoursamana.com\/de\/wp-json\/wp\/v2\/types\/product"}],"wp:featuredmedia":[{"embeddable":true,"href":"https:\/\/www.boattoursamana.com\/de\/wp-json\/wp\/v2\/media\/12055"}],"wp:attachment":[{"href":"https:\/\/www.boattoursamana.com\/de\/wp-json\/wp\/v2\/media?parent=9395"}],"wp:term":[{"taxonomy":"product_cat","embeddable":true,"href":"https:\/\/www.boattoursamana.com\/de\/wp-json\/wp\/v2\/product_cat?post=9395"},{"taxonomy":"product_tag","embeddable":true,"href":"https:\/\/www.boattoursamana.com\/de\/wp-json\/wp\/v2\/product_tag?post=9395"}],"curies":[{"name":"wp","href":"https:\/\/api.w.org\/{rel}","templated":true}]}}