{"id":9653,"date":"2019-10-15T08:33:05","date_gmt":"2019-10-15T08:33:05","guid":{"rendered":"https:\/\/www.ticketswhales.com\/?post_type=product&#038;p=9653"},"modified":"2023-11-10T17:27:37","modified_gmt":"2023-11-10T17:27:37","slug":"catalina-island-altos-de-chavon-from-punta-cana-snorkeling-with-catamaran-party","status":"publish","type":"product","link":"https:\/\/www.boattoursamana.com\/de\/tour\/catalina-island-altos-de-chavon-von-punta-cana-schnorcheln-mit-katamaran-party-2","title":{"rendered":"Catalina Island &amp; Altos de Chavon von Punta Cana (Schnorcheln mit Katamaran-Party)"},"content":{"rendered":"<div class=\"vc_row wpb_row vc_row-fluid\" ><div class=\"wpb_column vc_column_container vc_col-sm-12\"><div class=\"vc_column-inner\"><div class=\"wpb_wrapper\"><div class=\"mkdf-section-title-holder\" style=\"text-align: left\">\n\t<div class=\"mkdf-st-inner\">\n\t\t\t\t\t<h5 class=\"mkdf-st-subtitle\" >\n\t\t\t\tHalbt\u00e4gige Erfahrung\t\t\t<\/h5>\n\t\t\t\t\t\t\t<h3 class=\"mkdf-st-title\" >\n\t\t\t\tCatalina Island und Schnorcheln mit Katamaran-Party von Punta Cana\t\t\t<\/h3>\n\t\t\t\t\t<\/div>\n<\/div><div class=\"vc_btn3-container vc_btn3-inline\" ><button class=\"vc_general vc_btn3 vc_btn3-size-md vc_btn3-shape-rounded vc_btn3-style-modern vc_btn3-color-green\">BUCHEN SIE JETZT<\/button><\/div><\/div><\/div><\/div><\/div><div class=\"vc_row wpb_row vc_row-fluid\" ><div class=\"wpb_column vc_column_container vc_col-sm-12\"><div class=\"vc_column-inner\"><div class=\"wpb_wrapper\">\n\t<div class=\"wpb_text_column wpb_content_element\" >\n\t\t<div class=\"wpb_wrapper\">\n\t\t\t<div class=\"vc_row wpb_row vc_row-fluid\">\n<div class=\"wpb_column vc_column_container vc_col-sm-12\">\n<div class=\"vc_column-inner\">\n<div class=\"wpb_wrapper\">\n<div class=\"wpb_text_column wpb_content_element\">\n<div class=\"wpb_wrapper\">\n<div class=\"vc_row wpb_row vc_row-fluid\">\n<div class=\"wpb_column vc_column_container vc_col-sm-12\">\n<div class=\"vc_column-inner\">\n<div class=\"wpb_wrapper\">\n<div class=\"wpb_text_column wpb_content_element\">\n<div class=\"wpb_wrapper\">\n<h4><b><i>\u00dcberblick<\/i><\/b><\/h4>\n<p>Wir genie\u00dfen eine Katamaran-Tour durch kristallklares Wasser zur Insel Catalina, dem bekanntesten Schnorchelgebiet der Dominikanischen Republik.<\/p>\n<p>Ihr Tag beginnt mit einer Abholung in der Hauptlobby Ihres Hotels oder einem bestimmten Treffpunkt. Dann fahren wir weiter nach Catalina Island, um ein erfrischendes Bad und ein paar Drinks zu genie\u00dfen, w\u00e4hrend jeder, der kann, 2 Arten von Schnorcheln mit einem Tauchlehrer vorf\u00fchrt, und danach essen wir ein k\u00f6stliches Mittagsbuffet am Strand und nehmen an einigen Salsa-Kursen teil und Bachata, w\u00e4hrend wir auch einige k\u00f6stliche Getr\u00e4nke zubereiten. Wenn Sie es satt haben, am Strand faul zu sein, schnappen Sie sich eine Schnorchelausr\u00fcstung und bewundern Sie die Unterwasserwelt von Catalina.<\/p>\n<p>Das Meer, so unglaublich klar, und der wei\u00dfe Sandstrand warten auf Sie. Entspannen Sie sich auf einer Sonnenliege oder schnorcheln Sie, alles f\u00fcr Sie inbegriffen. Sie werden es genie\u00dfen, wo Sie die Tradition unserer Musik und unseres Tanzes sehen werden.<\/p>\n<p>Danach fahren wir nach Altos de Chavon Cattle and River!<\/p>\n<p><strong>Notiz:<\/strong> Diese Tour ist nicht privat. Wenn Sie eine private Tour vereinbaren m\u00f6chten, kontaktieren Sie uns einfach!<\/p>\n<ul>\n<li>\n<div class=\"py-1 inclusions-exclusions-item d-flex\" lang=\"en-x-mtfrom-en\">\n<div class=\"d-inline-block inclusions-exclusions-text\">Privater Transport<\/div>\n<\/div>\n<\/li>\n<li>Nat\u00fcrliches Schwimmbecken zum Beobachten von Seesternen<\/li>\n<li>Schnorcheln<\/li>\n<li>Mittagessen<\/li>\n<li>Boot-Katamaran-Transfer<\/li>\n<li>Der Kapit\u00e4n bietet Anweisungen und Aufsicht<\/li>\n<li>Reisef\u00fchrer<\/li>\n<\/ul>\n<p>&nbsp;<\/p>\n<h4><b>Einschl\u00fcsse &amp; Ausschl\u00fcsse<\/b><\/h4>\n<p><b>Einschl\u00fcsse<\/b><\/p>\n<ol>\n<li>Reisef\u00fchrer<\/li>\n<li>Schnorcheln<\/li>\n<li>Mittagessen<\/li>\n<li>Abholung in Hotels<\/li>\n<li>Katamaran- oder Bootsfahrt<\/li>\n<li>Alle Steuern, Geb\u00fchren und Bearbeitungsgeb\u00fchren<\/li>\n<li>Lokale Steuern<\/li>\n<li>Getr\u00e4nke<\/li>\n<\/ol>\n<p><b>Ausschl\u00fcsse<\/b><\/p>\n<ol>\n<li>Trinkgelder<\/li>\n<li>Fotos<\/li>\n<\/ol>\n<h4><em><strong>Abreise &amp; R\u00fcckkehr<\/strong><\/em><\/h4>\n<p>Der Reisende erh\u00e4lt nach dem Reservierungsprozess einen Treffpunkt. Touren beginnen und enden an unseren Treffpunkten.<\/p>\n<h3>Catalina Island und Schnorcheln mit Katamaran-Party von Punta Cana \u2013 Halbtageserlebnis.<\/h3>\n<h4><b><i>Was zu erwarten ist?<\/i><\/b><\/h4>\n<p>W\u00e4hrend des Catalina Island-Ausflugs von Punta Cana aus haben G\u00e4ste die M\u00f6glichkeit, in den lebhaften Korallenriffen von Catalina zu schnorcheln, zwischen lebhaften Fischschw\u00e4rmen zu schwimmen und die atemberaubende karibische Unterwasserfauna zu genie\u00dfen.<\/p>\n<p>Wir beginnen den Schnorchelausflug am Morgen in Richtung La Romana. W\u00e4hrend der Fahrt kommen wir an den Zuckerrohrfeldern vorbei, w\u00e4hrend Ihr Reiseleiter interessante Informationen \u00fcber die Geschichte der Region, die allgemeine Kultur und die Techniken der Rumherstellung des Landes liefert. Bei der Ankunft in La Romana besteigen wir unseren Katamaran und fahren in Richtung Catalina ab. Unser erster Halt auf der Insel ist \u201eThe Wall\u201c, eine majest\u00e4tische Korallenwand, die sich von der Insel bis zum Karibischen Meer erstreckt.<\/p>\n<p>Nach dem Schnorcheln setzen Sie den Weg zum wundersch\u00f6nen Strand von Catalina fort, einem exklusiven Ort. Bei der Ankunft haben die G\u00e4ste Zugang zu 2 Kilometer langen wei\u00dfen Sandstr\u00e4nden und kristallklarem Wasser, einer Strandbar mit Getr\u00e4nken und einem k\u00f6stlichen dominikanischen Mittagsbuffet mit Grill. Wir gehen gegen 15:30 Uhr an Bord des Katamarans, um nach einem unglaublichen Tag voller Schnorcheln und Entspannung auf Catalina Island nach Punta Cana zur\u00fcckzukehren. InselW\u00e4hrend des Catalina Island-Ausflugs von Punta Cana aus haben G\u00e4ste die M\u00f6glichkeit, in den lebendigen Korallenriffen von Catalina zu schnorcheln, zwischen lebhaften Fischschw\u00e4rmen zu schwimmen und die atemberaubende karibische Unterwasserfauna zu genie\u00dfen.<\/p>\n<p>Wir beginnen den Schnorchelausflug am Morgen in Richtung La Romana. W\u00e4hrend der Fahrt kommen wir an den Zuckerrohrfeldern vorbei, w\u00e4hrend Ihr Reiseleiter interessante Informationen \u00fcber die Geschichte der Region, die allgemeine Kultur und die Techniken der Rumherstellung des Landes liefert. Bei der Ankunft in La Romana besteigen wir unseren Katamaran und fahren in Richtung Catalina ab.<\/p>\n<p>Unser erster Halt auf der Insel ist \u201eThe Wall\u201c, eine majest\u00e4tische Korallenwand, die sich von der Insel bis zum Karibischen Meer erstreckt. Nach dem Schnorcheln setzen Sie den Weg zum wundersch\u00f6nen Strand von Catalina fort, einem exklusiven Ort. Bei der Ankunft haben die G\u00e4ste Zugang zu 2 Kilometer langen wei\u00dfen Sandstr\u00e4nden und kristallklarem Wasser, einer Strandbar mit Getr\u00e4nken und einem k\u00f6stlichen dominikanischen Mittagsbuffet mit Grill. Wir gehen gegen 15:30 Uhr an Bord des Katamarans, um nach einem unglaublichen Tag voller Schnorcheln und Entspannung auf Catalina Island nach Punta Cana zur\u00fcckzukehren.<\/p>\n<div class=\"a-text--first-content _for-copy-large l-hide-for-large\">\n<p>Lasst den<strong>\u00a0Das karibische Paradies von Catalina Island wird Sie fesseln\u00a0<\/strong>und erkunden Sie das Malerische\u00a0<strong>Altos de Chavon<\/strong>\u00a0auf diesem unumg\u00e4nglichen Tagesausflug von La Romana.<\/p>\n<\/div>\n<div id=\"o-slider--activity-detail__container\" class=\"o-slider js-module-slider is-photos\"><\/div>\n<div id=\"l-768-calendar-anchor\"><\/div>\n<div id=\"new-fading-text\" class=\"new-fading-text _loaded u-no-before show-hidden-elements\">\n<div class=\"o-activity-description\">\n<h2>Tagesausflug nach Catalina Island und Altos de Chav\u00f3n<\/h2>\n<p>Nachdem Sie gleich morgens von Ihrem Hotel abgeholt wurden, machen Sie sich auf den Weg zu Ihrem Abenteuer und machen Ihren ersten Zwischenstopp\u00a0<strong>Altos de Chavon<\/strong>. Sie haben 40 Minuten Zeit, um dies zu erkunden<strong>\u00a0sch\u00f6ne Nachbildung eines Dorfes im mediterranen Stil<\/strong>\u00a0und bewundern Sie die Aussicht auf den Fluss Chav\u00f3n, der daneben flie\u00dft. Wirklich bezaubernd!<\/p>\n<p class=\"new-fading-text__hidden-element\">Wenn Sie Ihre Tour fortsetzen, werden Sie zu einem Dock an der gebracht\u00a0<strong>Fluss Salado\u00a0<\/strong>wo dein\u00a0<strong>Katamaran\u00a0<\/strong>wird auf Sie warten, um zur Isla Catalina zu segeln. W\u00e4hrend Ihrer Fahrt, die etwa 40 Minuten dauert, genie\u00dfen Sie einen Drink an Bord und bestaunen die\u00a0<strong>das durchdringende Blau des glitzernden karibischen Meeres<\/strong>.<\/p>\n<p class=\"new-fading-text__hidden-element\">Bei der Ann\u00e4herung an Ihr Ziel fahren Sie direkt zum Korallenriff, das als La Pared oder The Wall bekannt ist, wo Sie die M\u00f6glichkeit dazu haben\u00a0<strong>K\u00fchlen Sie sich mit einem erfrischenden Bad im Meer ab und schnorcheln Sie inmitten der unglaublichen Unterwasserwelt<\/strong>. Verbringen Sie 40 Minuten damit, die Unterwasserwelt zu erkunden, bevor Sie zum Katamaran zur\u00fcckkehren und am Dock auf Catalina Island vor Anker gehen.<\/p>\n<p class=\"new-fading-text__hidden-element\">Mit Ihren F\u00fc\u00dfen auf dem Trockenen werden Sie zu einem kleinen Restaurant mit herrlichem Meerblick gebracht, wo Sie mit einem verw\u00f6hnt werden\u00a0<strong>leckeres Mittagsbuffet<\/strong>. Mit neuer Energie haben Sie dann drei Stunden Freizeit, um das Beste daraus zu machen\u00a0<strong>paradiesische wei\u00dfe Sandstr\u00e4nde<\/strong>. Egal, ob Sie lieber entspannen und sich sonnen oder eine unterhaltsame Aktivit\u00e4t wie Paddelsurfen ausprobieren, Sie werden einen unvergesslichen Nachmittag genie\u00dfen.<\/p>\n<p class=\"new-fading-text__hidden-element\">Am Ende des Tages kehren Sie zum Katamaran zur\u00fcck, um zur\u00fcck nach La Romana zu segeln, wo Sie zu Ihrem Hotel gebracht werden.<\/p>\n<\/div>\n<\/div>\n<p>&nbsp;<\/p>\n<p><strong>Zeitplan:<\/strong><\/p>\n<p>7:00 \u2013 16:30 Uhr<\/p>\n<p>&nbsp;<\/p>\n<\/div>\n<p>Die Zeit kann sich je nach Abfahrtszeit von den Hotels \u00e4ndern.<\/p>\n<div class=\"wpb_wrapper\">\n<p>&nbsp;<\/p>\n<h4><em><strong>Was sollten Sie mitbringen?<\/strong><\/em><\/h4>\n<ul>\n<li>Kamera<\/li>\n<li>Absto\u00dfende Knospen<\/li>\n<li>Sonnencreme<\/li>\n<li>Hut<\/li>\n<li>Bequeme Hose<\/li>\n<li>Schwimmkleidung<\/li>\n<li>Bargeld f\u00fcr Souvenirs<\/li>\n<\/ul>\n<p>&nbsp;<\/p>\n<h4><b><i>Hotelabholung<\/i><\/b><\/h4>\n<p>F\u00fcr diese Tour wird eine Hotelabholung angeboten. Wir k\u00f6nnen es \u00fcber WhatsApp einstellen. Von den Hotels La Romana, Punta Cana, Bavaro und Bayahibe.<\/p>\n<p>&nbsp;<\/p>\n<p><b>Notiz:<\/b> Wenn Sie innerhalb von 24 Stunden vor der Abfahrtszeit der Tour\/des Ausflugs buchen, k\u00f6nnen wir die Abholung vom Hotel arrangieren. Sobald Ihr Kauf abgeschlossen ist, senden wir Ihnen die vollst\u00e4ndigen Kontaktinformationen (Telefonnummer, E-Mail-Adresse usw.) f\u00fcr unseren \u00f6rtlichen Reiseleiter, um die Abholung zu organisieren.<\/p>\n<h4><b><i>Zus\u00e4tzliche Info-Best\u00e4tigung<\/i><\/b><\/h4>\n<ol>\n<li>Tickets sind die Quittung nach Bezahlung dieser Tour. Sie k\u00f6nnen die Zahlung auf Ihrem Telefon anzeigen.<\/li>\n<li>Treffpunkt Wird nach dem Reservierungsprozess bekannt gegeben.<\/li>\n<li>Kinder m\u00fcssen von einem Erwachsenen begleitet werden.<\/li>\n<li>barrierefrei<\/li>\n<li>Kleinkinder m\u00fcssen auf dem Scho\u00df sitzen<\/li>\n<li>Die meisten Reisenden k\u00f6nnen teilnehmen<\/li>\n<\/ol>\n<h4><b><i>Stornierungsbedingungen<\/i><\/b><\/h4>\n<p>F\u00fcr eine vollst\u00e4ndige R\u00fcckerstattung lesen Sie bitte unsere Stornierungsbedingungen\u00a0<a href=\"https:\/\/www.boattoursamana.com\/de\/online-buchung\/\" target=\"_blank\" rel=\"noopener\" data-saferedirecturl=\"https:\/\/www.google.com\/url?q=https:\/\/www.boattoursamana.com\/online-booking\/&amp;source=gmail&amp;ust=1672532492004000&amp;usg=AOvVaw3ylqI1cdbIPTimEqEWneyd\">Klicke hier<\/a>. Das Geld geht verloren, wenn die Reservierung am selben Tag der Reise storniert wird.<\/p>\n<\/div>\n<\/div>\n<\/div>\n<\/div>\n<\/div>\n<\/div>\n<\/div>\n<\/div>\n<\/div>\n<\/div>\n<\/div>\n<\/div>\n<div class=\"vc_row wpb_row vc_row-fluid\">\n<div class=\"wpb_column vc_column_container vc_col-sm-12\">\n<div class=\"vc_column-inner\">\n<div class=\"wpb_wrapper\">\n<div class=\"vc_empty_space\"><\/div>\n<div class=\"wpb_text_column wpb_content_element\">\n<div class=\"wpb_wrapper\">\n<h4>Kontaktiere uns?<\/h4>\n<h5><b><i>Abenteuer buchen<\/i><\/b><\/h5>\n<p><em><strong>Einheimische<\/strong>\u00a0und\u00a0<strong>Staatsangeh\u00f6rige<\/strong>\u00a0Reiseleiter &amp; G\u00e4steservice<\/em><\/p>\n<p><span class=\"text-turquoise\">Reservierungen:<\/span>\u00a0F\u00fchrungen &amp; Ausfl\u00fcge im Dom. Rep.<\/p>\n<p><img decoding=\"async\" class=\"emoji\" src=\"https:\/\/s.w.org\/images\/core\/emoji\/11.2.0\/svg\/1f4de.svg\" alt=\"\ud83d\udcde\" title=\"\">\u00a0Tel.\/Whatsapp\u00a0\u00a0<a href=\"tel:+1-809-720-6035\">+1-809-720-6035<\/a>.<\/p>\n<p><img decoding=\"async\" class=\"emoji\" src=\"https:\/\/s.w.org\/images\/core\/emoji\/11.2.0\/svg\/1f4e9.svg\" alt=\"\ud83d\udce9\" title=\"\">\u00a0<a href=\"mailto:info@bookingadventures.com.do\">info@bookingadventures.com.do<\/a><\/p>\n<p><strong>Wir sind flexibel und bieten private Touren per WhatsApp an:\u00a0<a href=\"tel:+18097206035\">+18097206035.<\/a><\/strong><\/p>\n<\/div>\n<\/div>\n<\/div>\n<\/div>\n<\/div>\n<\/div>\n\n\t\t<\/div>\n\t<\/div>\n<div class=\"vc_btn3-container vc_btn3-inline\" ><button class=\"vc_general vc_btn3 vc_btn3-size-md vc_btn3-shape-rounded vc_btn3-style-modern vc_btn3-color-green\">BUCHEN SIE JETZT<\/button><\/div><\/div><\/div><\/div><\/div><div class=\"vc_row wpb_row vc_row-fluid\" ><div class=\"wpb_column vc_column_container vc_col-sm-12\"><div class=\"vc_column-inner\"><div class=\"wpb_wrapper\"><\/div><\/div><\/div><\/div>","protected":false},"excerpt":{"rendered":"<p>Die winzige Insel Catalina (Isla Catalina), nur 2,4 Kilometer vom Festland der Dominikanischen Republik entfernt, ist ein idyllischer Sandfleck im t\u00fcrkisfarbenen Wasser der Karibik. Bekannt f\u00fcr seine gut besiedelten Korallenriffe, ist Catalina ein friedlicher R\u00fcckzugsort f\u00fcr diejenigen, die dem gesch\u00e4ftigen Punta Cana und La Romana entfliehen m\u00f6chten.<\/p>\n<p>Buchen Sie bei uns einen Tagesausflug. Catalina Island in einem Partykatamaran mit Schnorcheln!<\/p>\n<p>&nbsp;<\/p>\n<p>Bitte w\u00e4hlen Sie das Datum f\u00fcr die Exkursion aus:<\/p>","protected":false},"featured_media":9658,"template":"","meta":[],"product_cat":[483,948,160,972,967,349,253,255],"product_tag":[973,974,975,485,976,480,296,471,484],"class_list":["post-9653","product","type-product","status-publish","has-post-thumbnail","hentry","product_cat-catalina-island-catamaran-and-snorkeling","product_cat-1-punta-cana","product_cat-lunch","product_cat-punta-cana-group-tours","product_cat-punta-cana-catalina-island","product_cat-tours-and-excursion-punta-cana","product_cat-tours-and-excursions","product_cat-tours-excursions-samana-bay-dominican-republic","product_tag-catalina-island","product_tag-catalina-island-dominican-republic-snorkeling","product_tag-catalina-island-packages","product_tag-catalina-island-snorkeling-dominican-republic","product_tag-catalina-island-tour","product_tag-cheap-punta-cana-excursions","product_tag-day-trip-punta-cana","product_tag-punta-cana-catamaran-party-with-snorkeling-and-parasailing","product_tag-talina-island-snorkeling"],"_links":{"self":[{"href":"https:\/\/www.boattoursamana.com\/de\/wp-json\/wp\/v2\/product\/9653","targetHints":{"allow":["GET"]}}],"collection":[{"href":"https:\/\/www.boattoursamana.com\/de\/wp-json\/wp\/v2\/product"}],"about":[{"href":"https:\/\/www.boattoursamana.com\/de\/wp-json\/wp\/v2\/types\/product"}],"wp:featuredmedia":[{"embeddable":true,"href":"https:\/\/www.boattoursamana.com\/de\/wp-json\/wp\/v2\/media\/9658"}],"wp:attachment":[{"href":"https:\/\/www.boattoursamana.com\/de\/wp-json\/wp\/v2\/media?parent=9653"}],"wp:term":[{"taxonomy":"product_cat","embeddable":true,"href":"https:\/\/www.boattoursamana.com\/de\/wp-json\/wp\/v2\/product_cat?post=9653"},{"taxonomy":"product_tag","embeddable":true,"href":"https:\/\/www.boattoursamana.com\/de\/wp-json\/wp\/v2\/product_tag?post=9653"}],"curies":[{"name":"wp","href":"https:\/\/api.w.org\/{rel}","templated":true}]}}