{"id":15802,"date":"2023-07-15T07:43:59","date_gmt":"2023-07-15T07:43:59","guid":{"rendered":"https:\/\/www.ticketswhales.com\/excursion-whale-watching-samana-bay-cano-hondo-los-haitises-from-samana-port\/"},"modified":"2023-07-15T07:43:59","modified_gmt":"2023-07-15T07:43:59","slug":"excursion-whale-watching-samana-bay-cano-hondo-los-haitises-from-samana-port","status":"publish","type":"page","link":"https:\/\/www.boattoursamana.com\/el\/%ce%b5%ce%ba%ce%b4%cf%81%ce%bf%ce%bc%ce%ae-%cf%86%ce%ac%ce%bb%ce%b1%ce%b9%ce%bd%ce%b1-%cf%80%ce%b1%cf%81%ce%b1%ce%ba%ce%bf%ce%bb%ce%bf%cf%8d%ce%b8%ce%b7%cf%83%ce%b7-samana-bay-cano-hondo-los-haitises","title":{"rendered":"\u0395\u03ba\u03b4\u03c1\u03bf\u03bc\u03ae \u03c6\u03ac\u03bb\u03b1\u03b9\u03bd\u03b1\u03c2 \u03c0\u03bf\u03c5 \u03c0\u03b1\u03c1\u03b1\u03ba\u03bf\u03bb\u03bf\u03c5\u03b8\u03b5\u03af \u03c4\u03bf\u03bd \u03ba\u03cc\u03bb\u03c0\u03bf Saman\u00e1 + Ca\u00f1o Hondo + Los Haitises \u03b1\u03c0\u03cc \u03c4\u03bf \u03bb\u03b9\u03bc\u03ac\u03bd\u03b9 Saman\u00e1"},"content":{"rendered":"<p><span style=\"vertical-align: inherit;\"><span style=\"vertical-align: inherit;\">Esta es una excursi\u00f3n privada al observatorio de avistamiento de ballenas despu\u00e9s del almuerzo en el albergue ecol\u00f3gico Ca\u00f1o Hondo y el Parque Nacional Los Haitises. <\/span><span style=\"vertical-align: inherit;\">\u0397 Nadie m\u00e1s ofrece \u03b5\u03af\u03bd\u03b1\u03b9 \u03bc\u03b9\u03b1 \u03b1\u03c0\u03af\u03c3\u03c4\u03b5\u03c5\u03c4\u03b7 \u03b5\u03bc\u03c0\u03b5\u03b9\u03c1\u03af\u03b1 \u03c3\u03c4\u03b7 \u03b6\u03c9\u03ae \u03c4\u03bf\u03c5 \u03b5\u03bd\u03cc\u03c2 \u03c3\u03cc\u03bb\u03bf d\u00eda con gu\u00edas \u03b5\u03c0\u03b1\u03b3\u03b3\u03b5\u03bb\u03bc\u03b1\u03c4\u03af\u03b5\u03c2 \u03bf\u03b9\u03ba\u03bf\u03bb\u03cc\u03b3\u03bf\u03c5\u03c2 \u03ba\u03b1\u03b9 el avistamiento de ballenas. <\/span><span style=\"vertical-align: inherit;\">Si desea ponerse en contacto con nosotros para recibir asesoramiento, env\u00ede un correo electr\u00f3nico, Whatsapp \u03ae Llamadas \u03b4\u03b9\u03b1\u03b8\u03ad\u03c3\u03b9\u03bc\u03b1. <\/span><span style=\"vertical-align: inherit;\">\u03a0\u03c1\u03bf\u03c4\u03b9\u03bc\u03ae\u03c3\u03c4\u03b5 \u03c4\u03bf \u03b1\u03c0\u03bf\u03b8\u03b5\u03bc\u03b1\u03c4\u03b9\u03ba\u03cc sus boletos con tiempo.<\/span><\/span><br \/>\nn<br \/>\nn&nbsp;<br \/>\nn<br \/>\nn<em><strong><span style=\"vertical-align: inherit;\"><span style=\"vertical-align: inherit;\">\u0395\u03c0\u03b9\u03bb\u03bf\u03b3\u03ae \u03c4\u03b7\u03c2 \u03b5\u03ba\u03b4\u03c1\u03bf\u03bc\u03ae\u03c2:<\/span><\/span><\/strong><\/em><\/p>\n<p>&nbsp;<\/p>\n<div class=\"vc_row wpb_row vc_row-fluid\" ><\/div><div class=\"wpb_column vc_column_container vc_col-sm-12\"><div class=\"vc_column-inner\"><div class=\"wpb_wrapper\"><\/div><\/div><\/div><div class=\"mkdf-section-title-holder\" style=\"text-align: left\">\n\t<div class=\"mkdf-st-inner\">\n\t\t\t\t\t<h5 class=\"mkdf-st-subtitle\" >\n\t\t\t\t\u03a0\u03b5\u03c1\u03b9\u03b7\u03b3\u03ae\u03c3\u03b5\u03b9\u03c2 &amp; \u0395\u03ba\u03b4\u03c1\u03bf\u03bc\u03ad\u03c2\t\t\t<\/h5>\n\t\t\t\t\t\t\t<h3 class=\"mkdf-st-title\" >\n\t\t\t\t\u0395\u03ba\u03b4\u03c1\u03bf\u03bc\u03ae \u03a6\u03ac\u03bb\u03b1\u03b9\u03bd\u03b1 \u03a0\u03b1\u03c1\u03b1\u03ba\u03bf\u03bb\u03bf\u03c5\u03b8\u03ce\u03bd\u03c4\u03b1\u03c2 \u03c4\u03bf\u03bd \u03ba\u03cc\u03bb\u03c0\u03bf Samana + Cano Hondo + Los Haitises \u03b1\u03c0\u03cc \u03c4\u03bf \u03bb\u03b9\u03bc\u03ac\u03bd\u03b9 Samana\t\t\t<\/h3>\n\t\t\t\t\t<\/div>\n<\/div>\n\t<div class=\"wpb_text_column wpb_content_element\" >\n\t\t<div class=\"wpb_wrapper\">\n\t\t\t<p>\nn<\/p>\n<div class=\"vc_row wpb_row vc_row-fluid\">\nn<\/p>\n<div class=\"wpb_column vc_column_container vc_col-sm-12\">\nn<\/p>\n<div class=\"vc_column-inner\">\nn<\/p>\n<div class=\"wpb_wrapper\">\nn<\/p>\n<div class=\"wpb_text_column wpb_content_element\">\nn<\/p>\n<div class=\"wpb_wrapper\">\nn<\/p>\n<h3><\/h3>\n<p>nWhale watching in Saman\u00e1 starts from Saman\u00e1 port after Whale watching we will across the bay to visit Ca\u00f1o Hondo Natural pools plus Lunch and Full trip in Los Haitises National Park.<br \/>\nn<br \/>\nnThis Trip will start at 9:00 Am and Finish at 5:00 Pm. Meeting before in Our Office. After aborting our Private Boat to visit Whales in their own habitat. From 9:00 Am until 11:00 am Whale observatory and After this Whale watching trip we will visit Ca\u00f1o Hondo for Lunch plus swimming in natural pools and finishing with a full trip to Los Haitises National Park. This excursion will end at the same port from where will start at 5:00 pm.<br \/>\nn<br \/>\nn<strong>\u03a3\u03b7\u03bc\u03b5\u03af\u03c9\u03c3\u03b7: \u0391\u03c5\u03c4\u03ae \u03b5\u03af\u03bd\u03b1\u03b9 \u03bc\u03b9\u03b1 \u03b9\u03b4\u03b9\u03c9\u03c4\u03b9\u03ba\u03ae \u03b5\u03ba\u03b4\u03c1\u03bf\u03bc\u03ae.\u00a0<\/strong><br \/>\nn<\/p>\n<ul>\nn \t<\/p>\n<li>\u03a4\u03b1\u03be\u03af\u03b4\u03b9 \u03c0\u03b1\u03c1\u03b1\u03ba\u03bf\u03bb\u03bf\u03cd\u03b8\u03b7\u03c3\u03b7\u03c2 \u03c6\u03b1\u03bb\u03b1\u03b9\u03bd\u03ce\u03bd<\/li>\n<p>n \t<\/p>\n<li>\u03a0\u03b5\u03c1\u03b9\u03ae\u03b3\u03b7\u03c3\u03b7 \u03c3\u03c4\u03bf \u03b5\u03b8\u03bd\u03b9\u03ba\u03cc \u03c0\u03ac\u03c1\u03ba\u03bf Los haitises<\/li>\n<p>n \t<\/p>\n<li>Ca\u00f1o Hondo, \u03bc\u03b5\u03c3\u03b7\u03bc\u03b5\u03c1\u03b9\u03b1\u03bd\u03cc \u03b3\u03b5\u03cd\u03bc\u03b1 \u03ba\u03b1\u03b9 \u03c0\u03b9\u03c3\u03af\u03bd\u03b5\u03c2<\/li>\n<p>n \t<\/p>\n<li>\u0395\u03af\u03c3\u03bf\u03b4\u03bf\u03b9 \u03c3\u03c4\u03bf \u03a0\u03b1\u03c1\u03b1\u03c4\u03b7\u03c1\u03b7\u03c4\u03ae\u03c1\u03b9\u03bf<\/li>\n<p>n \t<\/p>\n<li>\u039c\u03b5\u03c4\u03b1\u03c6\u03bf\u03c1\u03ac \u03bc\u03b5 \u03c3\u03ba\u03ac\u03c6\u03bf\u03c2<\/li>\n<p>n \t<\/p>\n<li>\u039f \u03ba\u03b1\u03c0\u03b5\u03c4\u03ac\u03bd\u03b9\u03bf\u03c2 \u03c0\u03b1\u03c1\u03ad\u03c7\u03b5\u03b9 \u03bf\u03b4\u03b7\u03b3\u03af\u03b5\u03c2 \u03ba\u03b1\u03b9 \u03b5\u03c0\u03af\u03b2\u03bb\u03b5\u03c8\u03b7<\/li>\n<p>n \t<\/p>\n<li>\u039e\u03b5\u03bd\u03b1\u03b3\u03cc\u03c2<\/li>\n<p>n<\/ul>\n<p>n&nbsp;<br \/>\nn<\/p>\n<h4><b>\u0395\u03b3\u03b3\u03c1\u03b1\u03c6\u03ad\u03c2 &amp; \u0395\u03be\u03b1\u03b9\u03c1\u03ad\u03c3\u03b5\u03b9\u03c2<\/b><\/h4>\n<p>n&nbsp;<br \/>\nn<br \/>\nn<b>\u03b5\u03b3\u03ba\u03bb\u03b5\u03af\u03c3\u03bc\u03b1\u03c4\u03b1<\/b><br \/>\nn<\/p>\n<ol>\nn \t<\/p>\n<li>\u039c\u03b5\u03c3\u03b7\u03bc\u03b5\u03c1\u03b9\u03b1\u03bd\u03cc \u03c3\u03b5 \u03bc\u03c0\u03bf\u03c5\u03c6\u03ad \u03c3\u03c4\u03bf Ca\u00f1o Hondo<\/li>\n<p>n \t<\/p>\n<li>\u03a6\u03c5\u03c3\u03b9\u03ba\u03ad\u03c2 \u03a0\u03b9\u03c3\u03af\u03bd\u03b5\u03c2<\/li>\n<p>n \t<\/p>\n<li>\u03a6\u03ac\u03bb\u03b1\u03b9\u03bd\u03b1 \u03c0\u03bf\u03c5 \u03c0\u03b1\u03c1\u03b1\u03ba\u03bf\u03bb\u03bf\u03c5\u03b8\u03b5\u03af \u03c4\u03bf\u03bd \u03ba\u03cc\u03bb\u03c0\u03bf Saman\u00e1<\/li>\n<p>n \t<\/p>\n<li>\u0395\u03b8\u03bd\u03b9\u03ba\u03cc \u03a0\u03ac\u03c1\u03ba\u03bf Los Haitises, \u03a3\u03c0\u03ae\u03bb\u03b1\u03b9\u03b1, \u039c\u03b1\u03b3\u03ba\u03c1\u03cc\u03b2\u03b9\u03b1 \u03ba\u03b1\u03b9 \u039a\u03cc\u03bb\u03c0\u03bf\u03c2 San Lorenzo<\/li>\n<p>n \t<\/p>\n<li>\u039e\u03b5\u03bd\u03b1\u03b3\u03cc\u03c2<\/li>\n<p>n \t<\/p>\n<li>\u03a4\u03b1\u03be\u03af\u03b4\u03b9 \u03bc\u03b5 \u03ba\u03b1\u03c4\u03b1\u03bc\u03b1\u03c1\u03ac\u03bd \u03ae \u03bc\u03b5 \u03c3\u03ba\u03ac\u03c6\u03bf\u03c2<\/li>\n<p>n \t<\/p>\n<li>\u038c\u03bb\u03bf\u03b9 \u03bf\u03b9 \u03c6\u03cc\u03c1\u03bf\u03b9, \u03c4\u03b1 \u03c4\u03ad\u03bb\u03b7 \u03ba\u03b1\u03b9 \u03c4\u03b1 \u03ad\u03be\u03bf\u03b4\u03b1 \u03b4\u03b9\u03b5\u03ba\u03c0\u03b5\u03c1\u03b1\u03af\u03c9\u03c3\u03b7\u03c2<\/li>\n<p>n \t<\/p>\n<li>\u03a4\u03bf\u03c0\u03b9\u03ba\u03bf\u03af \u03c6\u03cc\u03c1\u03bf\u03b9<\/li>\n<p>n \t<\/p>\n<li>\u03a0\u03bf\u03c4\u03ac<\/li>\n<p>n<\/ol>\n<p>n<b>\u0391\u03c0\u03bf\u03ba\u03bb\u03b5\u03b9\u03c3\u03bc\u03bf\u03af<\/b><br \/>\nn<\/p>\n<ol>\nn \t<\/p>\n<li>\u03a6\u03b9\u03bb\u03bf\u03b4\u03c9\u03c1\u03ae\u03bc\u03b1\u03c4\u03b1<\/li>\n<p>n \t<\/p>\n<li>\u0391\u03c5\u03c4\u03bf\u03ba\u03af\u03bd\u03b7\u03c4\u03bf \u039c\u03b5\u03c4\u03b1\u03c6\u03bf\u03c1\u03ac\u03c2<\/li>\n<p>n \t<\/p>\n<li>\u0391\u03bb\u03ba\u03bf\u03bf\u03bb\u03bf\u03cd\u03c7\u03b1 \u03c0\u03bf\u03c4\u03ac<\/li>\n<p>n<\/ol>\n<p>n&nbsp;<br \/>\nn<\/p>\n<h4><em><strong>\u0391\u03bd\u03b1\u03c7\u03ce\u03c1\u03b7\u03c3\u03b7 &amp; \u0395\u03c0\u03b9\u03c3\u03c4\u03c1\u03bf\u03c6\u03ae<\/strong><\/em><\/h4>\n<p>n\u039f \u03c4\u03b1\u03be\u03b9\u03b4\u03b9\u03ce\u03c4\u03b7\u03c2 \u03b8\u03b1 \u03bb\u03ac\u03b2\u03b5\u03b9 \u03ad\u03bd\u03b1 \u03c3\u03b7\u03bc\u03b5\u03af\u03bf \u03c3\u03c5\u03bd\u03ac\u03bd\u03c4\u03b7\u03c3\u03b7\u03c2 \u03bc\u03b5\u03c4\u03ac \u03c4\u03b7 \u03b4\u03b9\u03b1\u03b4\u03b9\u03ba\u03b1\u03c3\u03af\u03b1 \u03ba\u03c1\u03ac\u03c4\u03b7\u03c3\u03b7\u03c2. \u039f\u03b9 \u03b5\u03ba\u03b4\u03c1\u03bf\u03bc\u03ad\u03c2 \u03be\u03b5\u03ba\u03b9\u03bd\u03bf\u03cd\u03bd \u03ba\u03b1\u03b9 \u03c4\u03b5\u03bb\u03b5\u03b9\u03ce\u03bd\u03bf\u03c5\u03bd \u03c3\u03c4\u03b1 \u03c3\u03b7\u03bc\u03b5\u03af\u03b1 \u03c3\u03c5\u03bd\u03ac\u03bd\u03c4\u03b7\u03c3\u03ae\u03c2 \u03bc\u03b1\u03c2.<br \/>\nn<br \/>\nn&nbsp;<br \/>\nn<\/p>\n<h4><b><i>\u03a4\u03b9 \u03bd\u03b1 \u03c0\u03b5\u03c1\u03b9\u03bc\u03ad\u03bd\u03b5\u03b9\u03c2?<\/i><\/b><\/h4>\n<p>n&nbsp;<br \/>\nn<br \/>\nn<em><strong>\u03a0\u03ac\u03c1\u03c4\u03b5 \u03c4\u03b1 \u03b5\u03b9\u03c3\u03b9\u03c4\u03ae\u03c1\u03b9\u03ac \u03c3\u03b1\u03c2<\/strong><\/em> \u03b3\u03b9\u03b1 \u03bc\u03b9\u03b1 \u03b7\u03bc\u03b5\u03c1\u03ae\u03c3\u03b9\u03b1 \u03c0\u03b5\u03c1\u03b9\u03ae\u03b3\u03b7\u03c3\u03b7 \u03a0\u03b1\u03c1\u03b1\u03ba\u03bf\u03bb\u03bf\u03cd\u03b8\u03b7\u03c3\u03b7\u03c2 \u03a6\u03ac\u03bb\u03b1\u03b9\u03bd\u03b1\u03c2 \u03c3\u03c4\u03bf\u03bd \u03ba\u03cc\u03bb\u03c0\u03bf Samana \u03c3\u03c5\u03bd \u03ad\u03bd\u03b1 \u03c5\u03c0\u03ad\u03c1\u03bf\u03c7\u03bf \u03b3\u03b5\u03cd\u03bc\u03b1 \u03ba\u03b1\u03b9 \u03c7\u03c1\u03cc\u03bd\u03bf \u03c3\u03c4\u03b7\u03bd \u03c0\u03b1\u03c1\u03b1\u03bb\u03af\u03b1 \u03ba\u03b1\u03b9 \u03b5\u03c0\u03af\u03c3\u03ba\u03b5\u03c8\u03b7 \u03c3\u03c4\u03bf \u0395\u03b8\u03bd\u03b9\u03ba\u03cc \u03a0\u03ac\u03c1\u03ba\u03bf Los Haitises.<br \/>\nn<br \/>\nn\u03a4\u03bf Daypass \u03b3\u03b9\u03b1 \u03c4\u03b7\u03bd \u03c0\u03b1\u03c1\u03b1\u03ba\u03bf\u03bb\u03bf\u03cd\u03b8\u03b7\u03c3\u03b7 \u03c6\u03b1\u03bb\u03b1\u03b9\u03bd\u03ce\u03bd, \u03c0\u03bf\u03c5 \u03b4\u03b9\u03bf\u03c1\u03b3\u03b1\u03bd\u03ce\u03bd\u03b5\u03c4\u03b1\u03b9 \u03b1\u03c0\u03cc \u03c4\u03b7\u03bd \"Booking Adventures\", \u03be\u03b5\u03ba\u03b9\u03bd\u03ac \u03b1\u03c0\u03cc \u03c4\u03bf \u03c3\u03b7\u03bc\u03b5\u03af\u03bf \u03c3\u03c5\u03bd\u03ac\u03bd\u03c4\u03b7\u03c3\u03b7\u03c2 \u03c0\u03bf\u03c5 \u03ad\u03c7\u03b5\u03b9 \u03bf\u03c1\u03b9\u03c3\u03c4\u03b5\u03af \u03bc\u03b5 \u03c4\u03bf\u03bd \u03be\u03b5\u03bd\u03b1\u03b3\u03cc. \u0393\u03b5\u03cd\u03bc\u03b1 \u03c3\u03c4\u03b7\u03bd \u03c0\u03b1\u03c1\u03b1\u03bb\u03af\u03b1 \u03ba\u03b1\u03b9 \u03bc\u03c0\u03bf\u03c1\u03b5\u03af\u03c4\u03b5 \u03bd\u03b1 \u03bc\u03b5\u03af\u03bd\u03b5\u03c4\u03b5 \u03cc\u03c3\u03bf \u03b8\u03ad\u03bb\u03b5\u03c4\u03b5 \u03ba\u03bf\u03bb\u03c5\u03bc\u03c0\u03ce\u03bd\u03c4\u03b1\u03c2. \u0395\u03ac\u03bd \u03b5\u03af\u03c3\u03c4\u03b5 Vegan \u03bc\u03c0\u03bf\u03c1\u03bf\u03cd\u03bc\u03b5 \u03b5\u03c0\u03af\u03c3\u03b7\u03c2 \u03bd\u03b1 \u03c3\u03b1\u03c2 \u03b5\u03c4\u03bf\u03b9\u03bc\u03ac\u03c3\u03bf\u03c5\u03bc\u03b5 \u03ba\u03ac\u03c0\u03bf\u03b9\u03bf \u03c6\u03b1\u03b3\u03b7\u03c4\u03cc.<br \/>\nn<br \/>\nn<strong>\u03a7\u03a1\u039f\u039d\u039f\u0394\u0399\u0391\u0393\u03a1\u0391\u039c\u039c\u0391:<\/strong><br \/>\nn<br \/>\nn8:45 \u03c0.\u03bc. - 5:00 \u03bc.\u03bc.<br \/>\nn<br \/>\nn&nbsp;<br \/>\nn<\/p>\n<h4><em><strong>\u03a4\u03b9 \u03c0\u03c1\u03ad\u03c0\u03b5\u03b9 \u03bd\u03b1 \u03c6\u03ad\u03c1\u03b5\u03b9\u03c2;<\/strong><\/em><\/h4>\n<p>n<\/p>\n<ul>\nn \t<\/p>\n<li>\u03a6\u03a9\u03a4\u039f\u0393\u03a1\u0391\u03a6\u0399\u039a\u0397 \u039c\u0397\u03a7\u0391\u039d\u0397<\/li>\n<p>n \t<\/p>\n<li>\u0391\u03c0\u03c9\u03b8\u03b7\u03c4\u03b9\u03ba\u03ac \u03bc\u03c0\u03bf\u03c5\u03bc\u03c0\u03bf\u03cd\u03ba\u03b9\u03b1<\/li>\n<p>n \t<\/p>\n<li>\u03b1\u03bd\u03c4\u03b7\u03bb\u03b9\u03b1\u03ba\u03ae \u03ba\u03c1\u03ad\u03bc\u03b1<\/li>\n<p>n \t<\/p>\n<li>\u039a\u03b1\u03c0\u03ad\u03bb\u03bf<\/li>\n<p>n \t<\/p>\n<li>\u0386\u03bd\u03b5\u03c4\u03bf \u03c0\u03b1\u03bd\u03c4\u03b5\u03bb\u03cc\u03bd\u03b9<\/li>\n<p>n \t<\/p>\n<li>\u03a3\u03b1\u03bd\u03b4\u03ac\u03bb\u03b9\u03b1 \u03c3\u03c4\u03b7\u03bd \u03c0\u03b1\u03c1\u03b1\u03bb\u03af\u03b1<\/li>\n<p>n \t<\/p>\n<li>\u03a1\u03bf\u03cd\u03c7\u03b1 \u03ba\u03bf\u03bb\u03cd\u03bc\u03b2\u03b7\u03c3\u03b7\u03c2<\/li>\n<p>n \t<\/p>\n<li>\u039c\u03b5\u03c4\u03c1\u03b7\u03c4\u03ac \u03b3\u03b9\u03b1 \u03b1\u03bd\u03b1\u03bc\u03bd\u03b7\u03c3\u03c4\u03b9\u03ba\u03ac<\/li>\n<p>n<\/ul>\n<p>n&nbsp;<br \/>\nn<\/p>\n<h4><b><i>\u03a0\u03b1\u03c1\u03b1\u03bb\u03b1\u03b2\u03ae \u03be\u03b5\u03bd\u03bf\u03b4\u03bf\u03c7\u03b5\u03af\u03bf\u03c5<\/i><\/b><\/h4>\n<p>n\u0397 \u03c0\u03b1\u03c1\u03b1\u03bb\u03b1\u03b2\u03ae \u03b1\u03c0\u03cc \u03c4\u03bf \u03be\u03b5\u03bd\u03bf\u03b4\u03bf\u03c7\u03b5\u03af\u03bf \u03b4\u03b5\u03bd \u03c0\u03c1\u03bf\u03c3\u03c6\u03ad\u03c1\u03b5\u03c4\u03b1\u03b9 \u03b3\u03b9\u03b1 \u03b1\u03c5\u03c4\u03ae \u03c4\u03b7\u03bd \u03b5\u03ba\u03b4\u03c1\u03bf\u03bc\u03ae.<br \/>\nn<br \/>\nn&nbsp;<br \/>\nn<br \/>\nn<b>\u03a3\u03b7\u03bc\u03b5\u03af\u03c9\u03c3\u03b7:<\/b>\u00a0\u0395\u03ac\u03bd \u03ba\u03ac\u03bd\u03b5\u03c4\u03b5 \u03ba\u03c1\u03ac\u03c4\u03b7\u03c3\u03b7 \u03b5\u03bd\u03c4\u03cc\u03c2 24 \u03c9\u03c1\u03ce\u03bd \u03b1\u03c0\u03cc \u03c4\u03b7\u03bd \u03ce\u03c1\u03b1 \u03b1\u03bd\u03b1\u03c7\u03ce\u03c1\u03b7\u03c3\u03b7\u03c2 \u03c4\u03b7\u03c2 \u03c0\u03b5\u03c1\u03b9\u03ae\u03b3\u03b7\u03c3\u03b7\u03c2\/\u03b5\u03ba\u03b4\u03c1\u03bf\u03bc\u03ae\u03c2, \u03bc\u03c0\u03bf\u03c1\u03bf\u03cd\u03bc\u03b5 \u03bd\u03b1 \u03ba\u03b1\u03bd\u03bf\u03bd\u03af\u03c3\u03bf\u03c5\u03bc\u03b5 \u03c4\u03b7\u03bd \u03c0\u03b1\u03c1\u03b1\u03bb\u03b1\u03b2\u03ae \u03b1\u03c0\u03cc \u03c4\u03bf \u03be\u03b5\u03bd\u03bf\u03b4\u03bf\u03c7\u03b5\u03af\u03bf \u03bc\u03b5 \u03b5\u03c0\u03b9\u03c0\u03bb\u03ad\u03bf\u03bd \u03c7\u03c1\u03b5\u03ce\u03c3\u03b5\u03b9\u03c2. \u039c\u03cc\u03bb\u03b9\u03c2 \u03bf\u03bb\u03bf\u03ba\u03bb\u03b7\u03c1\u03c9\u03b8\u03b5\u03af \u03b7 \u03b1\u03b3\u03bf\u03c1\u03ac \u03c3\u03b1\u03c2, \u03b8\u03b1 \u03c3\u03b1\u03c2 \u03c3\u03c4\u03b5\u03af\u03bb\u03bf\u03c5\u03bc\u03b5 \u03c0\u03bb\u03ae\u03c1\u03b7 \u03c3\u03c4\u03bf\u03b9\u03c7\u03b5\u03af\u03b1 \u03b5\u03c0\u03b9\u03ba\u03bf\u03b9\u03bd\u03c9\u03bd\u03af\u03b1\u03c2 (\u03b1\u03c1\u03b9\u03b8\u03bc\u03cc\u03c2 \u03c4\u03b7\u03bb\u03b5\u03c6\u03ce\u03bd\u03bf\u03c5, \u03b4\u03b9\u03b5\u03cd\u03b8\u03c5\u03bd\u03c3\u03b7 email, \u03ba.\u03bb\u03c0.) \u03b3\u03b9\u03b1 \u03c4\u03bf\u03bd \u03c4\u03bf\u03c0\u03b9\u03ba\u03cc \u03bc\u03b1\u03c2 \u03be\u03b5\u03bd\u03b1\u03b3\u03cc \u03b3\u03b9\u03b1 \u03bd\u03b1 \u03bf\u03c1\u03b3\u03b1\u03bd\u03ce\u03c3\u03bf\u03c5\u03bc\u03b5 \u03c4\u03b9\u03c2 \u03c1\u03c5\u03b8\u03bc\u03af\u03c3\u03b5\u03b9\u03c2 \u03c0\u03b1\u03c1\u03b1\u03bb\u03b1\u03b2\u03ae\u03c2.<br \/>\nn<\/p>\n<h4><b><i>\u0395\u03c0\u03b9\u03b2\u03b5\u03b2\u03b1\u03af\u03c9\u03c3\u03b7 \u03c0\u03c1\u03cc\u03c3\u03b8\u03b5\u03c4\u03c9\u03bd \u03c0\u03bb\u03b7\u03c1\u03bf\u03c6\u03bf\u03c1\u03b9\u03ce\u03bd<\/i><\/b><\/h4>\n<p>n<\/p>\n<ol>\nn \t<\/p>\n<li>\u03a4\u03b1 \u03b5\u03b9\u03c3\u03b9\u03c4\u03ae\u03c1\u03b9\u03b1 \u03b5\u03af\u03bd\u03b1\u03b9 \u03b7 \u03b1\u03c0\u03cc\u03b4\u03b5\u03b9\u03be\u03b7 \u03bc\u03b5\u03c4\u03ac \u03c4\u03b7\u03bd \u03c0\u03bb\u03b7\u03c1\u03c9\u03bc\u03ae \u03b1\u03c5\u03c4\u03ae\u03c2 \u03c4\u03b7\u03c2 \u03b5\u03ba\u03b4\u03c1\u03bf\u03bc\u03ae\u03c2. \u039c\u03c0\u03bf\u03c1\u03b5\u03af\u03c4\u03b5 \u03bd\u03b1 \u03b5\u03bc\u03c6\u03b1\u03bd\u03af\u03c3\u03b5\u03c4\u03b5 \u03c4\u03b7\u03bd \u03c0\u03bb\u03b7\u03c1\u03c9\u03bc\u03ae \u03c3\u03c4\u03bf \u03c4\u03b7\u03bb\u03ad\u03c6\u03c9\u03bd\u03cc \u03c3\u03b1\u03c2.<\/li>\n<p>n \t<\/p>\n<li>\u03a4\u03bf \u03c3\u03b7\u03bc\u03b5\u03af\u03bf \u03c3\u03c5\u03bd\u03ac\u03bd\u03c4\u03b7\u03c3\u03b7\u03c2 \u03b8\u03b1 \u03bb\u03b7\u03c6\u03b8\u03b5\u03af \u03bc\u03b5\u03c4\u03ac \u03c4\u03b7 \u03b4\u03b9\u03b1\u03b4\u03b9\u03ba\u03b1\u03c3\u03af\u03b1 \u03ba\u03c1\u03ac\u03c4\u03b7\u03c3\u03b7\u03c2.<\/li>\n<p>n \t<\/p>\n<li>\u03a4\u03b1 \u03c0\u03b1\u03b9\u03b4\u03b9\u03ac \u03c0\u03c1\u03ad\u03c0\u03b5\u03b9 \u03bd\u03b1 \u03c3\u03c5\u03bd\u03bf\u03b4\u03b5\u03cd\u03bf\u03bd\u03c4\u03b1\u03b9 \u03b1\u03c0\u03cc \u03b5\u03bd\u03ae\u03bb\u03b9\u03ba\u03b1.<\/li>\n<p>n \t<\/p>\n<li>\u03c0\u03c1\u03bf\u03c3\u03b2\u03ac\u03c3\u03b9\u03bc\u03bf \u03bc\u03b5 \u03b1\u03bd\u03b1\u03c0\u03b7\u03c1\u03b9\u03ba\u03cc \u03ba\u03b1\u03c1\u03cc\u03c4\u03c3\u03b9<\/li>\n<p>n \t<\/p>\n<li>\u03a4\u03b1 \u03b2\u03c1\u03ad\u03c6\u03b7 \u03c0\u03c1\u03ad\u03c0\u03b5\u03b9 \u03bd\u03b1 \u03ba\u03ac\u03b8\u03bf\u03bd\u03c4\u03b1\u03b9 \u03c3\u03c4\u03b7\u03bd \u03b1\u03b3\u03ba\u03b1\u03bb\u03b9\u03ac<\/li>\n<p>n \t<\/p>\n<li>\u039f\u03b9 \u03c0\u03b5\u03c1\u03b9\u03c3\u03c3\u03cc\u03c4\u03b5\u03c1\u03bf\u03b9 \u03c4\u03b1\u03be\u03b9\u03b4\u03b9\u03ce\u03c4\u03b5\u03c2 \u03bc\u03c0\u03bf\u03c1\u03bf\u03cd\u03bd \u03bd\u03b1 \u03c3\u03c5\u03bc\u03bc\u03b5\u03c4\u03ad\u03c7\u03bf\u03c5\u03bd<\/li>\n<p>n<\/ol>\n<p>n<\/p>\n<h4><b><i>\u03a0\u03bf\u03bb\u03b9\u03c4\u03b9\u03ba\u03ae \u03b1\u03ba\u03cd\u03c1\u03c9\u03c3\u03b7\u03c2<\/i><\/b><\/h4>\n<p>n\u0393\u03b9\u03b1 \u03c0\u03bb\u03ae\u03c1\u03b7 \u03b5\u03c0\u03b9\u03c3\u03c4\u03c1\u03bf\u03c6\u03ae \u03c7\u03c1\u03b7\u03bc\u03ac\u03c4\u03c9\u03bd, \u03c0\u03b1\u03c1\u03b1\u03ba\u03b1\u03bb\u03bf\u03cd\u03bc\u03b5 \u03b4\u03b9\u03b1\u03b2\u03ac\u03c3\u03c4\u03b5 \u03c4\u03b9\u03c2 \u03c0\u03bf\u03bb\u03b9\u03c4\u03b9\u03ba\u03ad\u03c2 \u03bc\u03b1\u03c2 \u03b3\u03b9\u03b1 \u03c4\u03b9\u03c2 \u03b1\u03ba\u03c5\u03c1\u03ce\u03c3\u03b5\u03b9\u03c2\u00a0<a href=\"https:\/\/www.boattoursamana.com\/el\/online-%ce%ba%cf%81%ce%ac%cf%84%ce%b7%cf%83%ce%b7\/\" target=\"_blank\" rel=\"noopener\" data-saferedirecturl=\"https:\/\/www.google.com\/url?q=https:\/\/www.boattoursamana.com\/online-booking\/&amp;source=gmail&amp;ust=1672449202351000&amp;usg=AOvVaw1yAeVAPktmaVCqDujgUn90\">\u039a\u03ac\u03bd\u03c4\u03b5 \u03ba\u03bb\u03b9\u03ba \u0395\u0394\u03a9<\/a>. \u03a4\u03b1 \u03c7\u03c1\u03ae\u03bc\u03b1\u03c4\u03b1 \u03b8\u03b1 \u03c7\u03b1\u03b8\u03bf\u03cd\u03bd \u03b5\u03ac\u03bd \u03b7 \u03ba\u03c1\u03ac\u03c4\u03b7\u03c3\u03b7 \u03b1\u03ba\u03c5\u03c1\u03c9\u03b8\u03b5\u03af \u03c4\u03b7\u03bd \u03af\u03b4\u03b9\u03b1 \u03b7\u03bc\u03ad\u03c1\u03b1 \u03c4\u03bf\u03c5 \u03c4\u03b1\u03be\u03b9\u03b4\u03b9\u03bf\u03cd.<br \/>\nn<br \/>\nn<\/div>\n<p>n\n<\/p><\/div>\n<p>n\n<\/p><\/div>\n<p>n\n<\/p><\/div>\n<p>n\n<\/p><\/div>\n<p>n\n<\/p><\/div>\n<p>n<\/p>\n<div class=\"vc_row wpb_row vc_row-fluid\">\nn<\/p>\n<div class=\"wpb_column vc_column_container vc_col-sm-12\">\nn<\/p>\n<div class=\"vc_column-inner\">\nn<\/p>\n<div class=\"wpb_wrapper\">\nn<\/p>\n<div class=\"wpb_text_column wpb_content_element\">\nn<\/p>\n<div class=\"wpb_wrapper\">\nn<\/p>\n<h4>\u0395\u03c0\u03b9\u03ba\u03bf\u03b9\u03bd\u03c9\u03bd\u03ae\u03c3\u03c4\u03b5 \u03bc\u03b1\u03b6\u03af \u03bc\u03b1\u03c2?<\/h4>\n<p>n<\/p>\n<h5><b><i>\u03a0\u0395\u03a1\u0399\u0397\u0393\u0397\u03a3\u0397 \u03a6\u0391\u039b\u0391\u0399\u039d\u0395\u03a3 \u03a3\u0391\u039c\u0391\u039d\u0391<\/i><\/b><\/h5>\n<p>n<em><strong>\u03bd\u03c4\u03cc\u03c0\u03b9\u03bf\u03b9<\/strong>\u00a0\u03ba\u03b1\u03b9\u00a0<strong>\u0395\u03b8\u03bd\u03b9\u03ba\u03bf\u03af<\/strong>\u00a0\u039e\u03b5\u03bd\u03b1\u03b3\u03bf\u03af &amp; \u03a5\u03c0\u03b7\u03c1\u03b5\u03c3\u03af\u03b5\u03c2 \u0395\u03c0\u03b9\u03c3\u03ba\u03b5\u03c0\u03c4\u03ce\u03bd<\/em><br \/>\nn<br \/>\nn<span class=\"text-turquoise\">\u039a\u03c1\u03b1\u03c4\u03ae\u03c3\u03b5\u03b9\u03c2:<\/span>\u00a0\u03a0\u03b5\u03c1\u03b9\u03b7\u03b3\u03ae\u03c3\u03b5\u03b9\u03c2 &amp; \u0395\u03ba\u03b4\u03c1\u03bf\u03bc\u03ad\u03c2 \u03c3\u03c4\u03bf \u0394\u03bf\u03bc. \u039c\u03b1\u03bb\u03bb\u03bf\u03bc\u03ad\u03c4\u03b1\u03be\u03bf \u03cd\u03c6\u03b1\u03c3\u03bc\u03b1.<br \/>\nn<br \/>\nn<img decoding=\"async\" class=\"emoji\" draggable=\"false\" src=\"https:\/\/s.w.org\/images\/core\/emoji\/11.2.0\/svg\/1f4de.svg\" alt=\" \" title=\"\">\u00a0\u03a4\u03b7\u03bb\/Whatsapp\u00a0\u00a0<a href=\"tel:+1-809-720-6035\">+1-809-720-6035<\/a>.<br \/>\nn<br \/>\nn<img decoding=\"async\" class=\"emoji\" draggable=\"false\" src=\"https:\/\/s.w.org\/images\/core\/emoji\/11.2.0\/svg\/1f4e9.svg\" alt=\" \" title=\"\">\u00a0<a href=\"mailto:info@bookingadventures.com.do\">info@bookingadventures.com.do<\/a><br \/>\nn<br \/>\nn<strong>\u03a1\u03c5\u03b8\u03bc\u03af\u03b6\u03bf\u03c5\u03bc\u03b5 \u03b5\u03c5\u03ad\u03bb\u03b9\u03ba\u03c4\u03b5\u03c2 \u03b9\u03b4\u03b9\u03c9\u03c4\u03b9\u03ba\u03ad\u03c2 \u03b5\u03ba\u03b4\u03c1\u03bf\u03bc\u03ad\u03c2 \u03b1\u03c0\u03cc \u03c4\u03bf Whatsapp:\u00a0<a href=\"tel:+18097206035\">+18097206035.<\/a><\/strong><br \/>\nn<br \/>\nn<\/div>\n<p>n\n<\/p><\/div>\n<p>n\n<\/p><\/div>\n<p>n\n<\/p><\/div>\n<p>n\n<\/p><\/div>\n<p>n\n<\/p><\/div>\n<p>n<\/p>\n\n\t\t<\/div>\n\t<\/div>\n<div class=\"mkdf-section-title-holder\" style=\"text-align: left\">\n\t<div class=\"mkdf-st-inner\">\n\t\t\t\t\t<h5 class=\"mkdf-st-subtitle\" >\n\t\t\t\t\u0399\u03b4\u03b9\u03c9\u03c4\u03b9\u03ba\u03ad\u03c2 \u03a0\u03b5\u03c1\u03b9\u03b7\u03b3\u03ae\u03c3\u03b5\u03b9\u03c2 &amp; \u0395\u03ba\u03b4\u03c1\u03bf\u03bc\u03ad\u03c2\t\t\t<\/h5>\n\t\t\t\t\t\t\t<h3 class=\"mkdf-st-title\" >\n\t\t\t\t\u0399\u03b4\u03b9\u03c9\u03c4\u03b9\u03ba\u03ae \u03b5\u03ba\u03b4\u03c1\u03bf\u03bc\u03ae \u03c6\u03b1\u03bb\u03b1\u03b9\u03bd\u03ce\u03bd \u03c0\u03bf\u03c5 \u03c0\u03b1\u03c1\u03b1\u03ba\u03bf\u03bb\u03bf\u03c5\u03b8\u03b5\u03af Samana Bay + Cano Hondo + Los Haitises \u03b1\u03c0\u03cc \u03c4\u03bf \u03bb\u03b9\u03bc\u03ac\u03bd\u03b9 Samana\t\t\t<\/h3>\n\t\t\t\t\t<\/div>\n<\/div>\n\t<div class=\"wpb_text_column wpb_content_element\" >\n\t\t<div class=\"wpb_wrapper\">\n\t\t\t<p>\nn<br \/>\nn\u0395\u03af\u03bc\u03b1\u03b9 \u03bc\u03c0\u03bb\u03bf\u03ba \u03ba\u03b5\u03b9\u03bc\u03ad\u03bd\u03bf\u03c5. \u039a\u03ac\u03bd\u03c4\u03b5 \u03ba\u03bb\u03b9\u03ba \u03c3\u03c4\u03bf \u03ba\u03bf\u03c5\u03bc\u03c0\u03af \u03b5\u03c0\u03b5\u03be\u03b5\u03c1\u03b3\u03b1\u03c3\u03af\u03b1 \u03b3\u03b9\u03b1 \u03bd\u03b1 \u03b1\u03bb\u03bb\u03ac\u03be\u03b5\u03c4\u03b5 \u03b1\u03c5\u03c4\u03cc \u03c4\u03bf \u03ba\u03b5\u03af\u03bc\u03b5\u03bd\u03bf. Lorem ipsum dolor sit amet, consectetur adipiscing elit. Ut elit telus, luctus nec ullamcorper mattis, pulvinar dapibus leo.<br \/>\nn<br \/>\nn<\/p>\n\n\t\t<\/div>\n\t<\/div>","protected":false},"excerpt":{"rendered":"<p>Esta es una excursi\u00f3n privada al observatorio de avistamiento de ballenas despu\u00e9s del almuerzo en el albergue ecol\u00f3gico Ca\u00f1o Hondo y el Parque Nacional Los Haitises. Nadie m\u00e1s ofrece esta incre\u00edble experiencia en un viaje de un solo d\u00eda con gu\u00edas profesionales ecologistas en el avistamiento de ballenas. Si desea ponerse en contacto con nosotros para recibir asesoramiento, env\u00ede un correo electr\u00f3nico, Whatsapp o Llamadas disponibles. Por favor reserve sus boletos con tiempo. n n&nbsp; n nSeleccione la fecha de [&hellip;]<\/p>\n","protected":false},"author":2,"featured_media":0,"parent":0,"menu_order":0,"comment_status":"open","ping_status":"closed","template":"","meta":{"footnotes":""},"class_list":["post-15802","page","type-page","status-publish","hentry"],"_links":{"self":[{"href":"https:\/\/www.boattoursamana.com\/el\/wp-json\/wp\/v2\/pages\/15802","targetHints":{"allow":["GET"]}}],"collection":[{"href":"https:\/\/www.boattoursamana.com\/el\/wp-json\/wp\/v2\/pages"}],"about":[{"href":"https:\/\/www.boattoursamana.com\/el\/wp-json\/wp\/v2\/types\/page"}],"author":[{"embeddable":true,"href":"https:\/\/www.boattoursamana.com\/el\/wp-json\/wp\/v2\/users\/2"}],"replies":[{"embeddable":true,"href":"https:\/\/www.boattoursamana.com\/el\/wp-json\/wp\/v2\/comments?post=15802"}],"version-history":[{"count":0,"href":"https:\/\/www.boattoursamana.com\/el\/wp-json\/wp\/v2\/pages\/15802\/revisions"}],"wp:attachment":[{"href":"https:\/\/www.boattoursamana.com\/el\/wp-json\/wp\/v2\/media?parent=15802"}],"curies":[{"name":"wp","href":"https:\/\/api.w.org\/{rel}","templated":true}]}}