{"id":15763,"date":"2023-07-15T07:43:13","date_gmt":"2023-07-15T07:43:13","guid":{"rendered":"https:\/\/www.ticketswhales.com\/playa-rincon-rincon-beach-playa-fronton-playa-madame-beach-samana-dominican-republic\/"},"modified":"2023-07-15T07:43:13","modified_gmt":"2023-07-15T07:43:13","slug":"playa-rincon-rincon-beach-playa-fronton-playa-madame-beach-samana-dominican-republic","status":"publish","type":"page","link":"https:\/\/www.boattoursamana.com\/es\/playa-rincon-rincon-beach-playa-fronton-playa-madame-beach-samana-republica-dominicana-2","title":{"rendered":"Playa Rinc\u00f3n (Rincon Beach), Playa Fronton + Playa Madame Beach, Saman\u00e1 \u2013 Rep\u00fablica Dominicana."},"content":{"rendered":"<p>El viaje comienza en el recojo de su hotel o Airbnb en el \u00e1rea de Saman\u00e1. Descubre con nosotros las 3 playas secretas y salvajes de la regi\u00f3n Playa El Rinc\u00f3n, Playa madame y Playa Front\u00f3n. Una de las excursiones m\u00e1s hermosas de la pen\u00ednsula de Saman\u00e1. Entra en el ambiente \u00fanico de Playa Front\u00f3n, una playa a la que solo se puede llegar en barco rodeada de un arrecife de coral alrededor del cual puedes hacer snorkel, nadar con peces y descubrir sus corales y relajarte y disfrutar del incre\u00edble paisaje. Relajarse, nadar y luego partir hacia Playa madame, otra playa perfecta y aislada para practicar snorkel, donde tambi\u00e9n puede visitar una cueva y tomar excelentes videos o fotos para obtener recuerdos incre\u00edbles.<br \/>\nn<br \/>\nn&nbsp;<br \/>\nn<br \/>\nn<strong>Seleccione la fecha para el Tour:\u00a0<\/strong><\/p>\n<p>&nbsp;<\/p>\n<div class=\"vc_row wpb_row vc_row-fluid\" ><div class=\"wpb_column vc_column_container vc_col-sm-12\"><div class=\"vc_column-inner\"><div class=\"wpb_wrapper\"><div class=\"vc_btn3-container vc_btn3-inline\" ><button class=\"vc_general vc_btn3 vc_btn3-size-md vc_btn3-shape-rounded vc_btn3-style-modern vc_btn3-color-green\">RESERVAR AHORA<\/button><\/div><div class=\"mkdf-section-title-holder\" style=\"text-align: left\">\n\t<div class=\"mkdf-st-inner\">\n\t\t\t\t\t<h5 class=\"mkdf-st-subtitle\" >\n\t\t\t\tAlmuerzo, Paseo en Bote y Transporte Privado Desde Hoteles.\t\t\t<\/h5>\n\t\t\t\t\t\t\t<h3 class=\"mkdf-st-title\" >\n\t\t\t\tPlaya Rinc\u00f3n, Playa Front\u00f3n + Playa Madame Beach, Saman\u00e1 - Rep\u00fablica Dominicana.\t\t\t<\/h3>\n\t\t\t\t\t<\/div>\n<\/div>\n\t<div class=\"wpb_text_column wpb_content_element\" >\n\t\t<div class=\"wpb_wrapper\">\n\t\t\t<p>\nn<\/p>\n<h3><\/h3>\n<p>n<\/p>\n<h4><b><i>Descripci\u00f3n general <\/i><\/b><\/h4>\n<p>nThe trip start at Picking you up in Your hotel or airbnb in Samana area. Discover with us the 3 secret and wild beaches of the region El Rincon beach, Playa madame and Playa Fronton . One of the most beautiful excursions on the Saman\u00e1&#8217;s peninsula. Enter the unique atmosphere of Playa Front\u00f3n, a beach only reachable by boat surrounded by a coral reef around which you can snorkel, swim with fishes and discover its corals and relax and enjoy the amazing scenery. Relaxing, swimming and then departure to Playa madame, another and isolated perfect beach for snorkeling,where you can also visit a cave and take great videos or Photos for awesome memories.<br \/>\nn<br \/>\nnYou will have lunch with your toes in the sand to the sound of Merengue and Bachata at &#8220;El Paraiso&#8221; &#8211; The last restaurant before the jungle &#8211; where you will be served a complete meal including a fish dish, accompanied by local drinks and cocktails. On the way back we will stop at El Rincon Beach, here you will find a natural pearl that is considered one of the most beautiful beaches in the country. The white, fine sand, the turquoise sea and the meter-high palm trees speak for themselves.<br \/>\nn<br \/>\nn&nbsp;<br \/>\nn<\/p>\n<ul>\nn \t<\/p>\n<li><span style=\"font-weight: 400;\">Gu\u00eda Local con experiencia en Seguridad en la zona.<\/span><\/li>\n<p>n \t<\/p>\n<li>Tubo respirador<\/li>\n<p>n \t<\/p>\n<li>Transporte Privado<\/li>\n<p>n \t<\/p>\n<li style=\"font-weight: 400;\">Tarifas incluidas<\/li>\n<p>n \t<\/p>\n<li>Almuerzo en la playa<\/li>\n<p>n \t<\/p>\n<li>Paseo en bote<\/li>\n<p>n \t<\/p>\n<li style=\"font-weight: 400;\">Gu\u00eda tur\u00edstico local en espa\u00f1ol, ingl\u00e9s o franc\u00e9s.<\/li>\n<p>n \t<\/p>\n<li>Senderismo<\/li>\n<p>n<\/ul>\n<p>n&nbsp;<br \/>\nn<\/p>\n<h4><b>Inclusiones y Exclusiones<\/b><\/h4>\n<p>n&nbsp;<br \/>\nn<br \/>\nn<b>Inclusiones<\/b><br \/>\nn<\/p>\n<ol>\nn \t<\/p>\n<li><span style=\"font-weight: 400;\">Gu\u00eda Local con experiencia en Seguridad en la zona.<\/span><\/li>\n<p>n \t<\/p>\n<li>Transporte privado para grupos peque\u00f1os.<\/li>\n<p>n \t<\/p>\n<li>Tubo respirador<\/li>\n<p>n \t<\/p>\n<li style=\"font-weight: 400;\">Playa El Rinc\u00f3n<\/li>\n<p>n \t<\/p>\n<li>se\u00f1ora playa<\/li>\n<p>n \t<\/p>\n<li>Playa Front\u00f3n<\/li>\n<p>n \t<\/p>\n<li style=\"font-weight: 400;\"><span style=\"font-weight: 400;\">Todos los impuestos, tasas y gastos de tramitaci\u00f3n<\/span><\/li>\n<p>n \t<\/p>\n<li style=\"font-weight: 400;\"><span style=\"font-weight: 400;\">Impuestos locales<\/span><\/li>\n<p>n \t<\/p>\n<li>Almuerzo en la playa<\/li>\n<p>n \t<\/p>\n<li>Senderismo<\/li>\n<p>n \t<\/p>\n<li style=\"font-weight: 400;\"><span style=\"font-weight: 400;\">Todas las actividades<\/span><\/li>\n<p>n<\/ol>\n<p>n<b> Exclusiones<\/b><br \/>\nn<\/p>\n<ol>\nn \t<\/p>\n<li style=\"font-weight: 400;\"><span style=\"font-weight: 400;\">Propinas<\/span><\/li>\n<p>n<\/ol>\n<p>n<\/p>\n<h4><em><strong>Salida y Regreso<\/strong><\/em><\/h4>\n<p>n<span style=\"font-weight: 400;\">El viajero obtendr\u00e1 un punto de encuentro despu\u00e9s del Proceso de Reserva. Los tours comienzan y terminan en sus puntos de encuentro.<\/span><br \/>\nn<\/p>\n<h3>Playa Rinc\u00f3n, Playa Front\u00f3n + Playa Madame Beach, Saman\u00e1 \u2013 Rep\u00fablica Dominicana. Excursi\u00f3n de un d\u00eda a Saman\u00e1.<\/h3>\n<p>n<\/p>\n<h4><b><i>\u00bfQue esperar?<\/i><\/b><\/h4>\n<p>n<em><strong>Consigue tus entradas<\/strong><\/em> para visitar Boca del diablo y Playa Front\u00f3n en Saman\u00e1. Viaje de un d\u00eda. Comenzando desde las \u00e1reas de los hoteles de Saman\u00e1, visitando 3 de las playas m\u00e1s exclusivas de Rep\u00fablica Dominicana. Playa Rinc\u00f3n es una franja virgen de arena blanca que se extiende por aproximadamente 2,5 millas (4 kil\u00f3metros) a lo largo de una parte virgen de la costa. Bordeada por un borde de cocoteros y rodeada por picos de monta\u00f1as y acantilados en ambos extremos, esta playa apartada se siente como una verdadera utop\u00eda, aislada de la civilizaci\u00f3n.<br \/>\nn<br \/>\nnAfter El Rincon beach\u00a0 we will be visiting Madame, This beach is a common first stop on a Snorkeling tour (including Playa Fronton, see below) and only accessible via boat or horse. While the scenery was dramatic and we loved checking out the nearby caves and hiking on the cliffs.<br \/>\nn<br \/>\nnLast option in our Trip is Fronton Beach. Here the water is super clear, a beautiful shade of blue, and the surrounding coral reef ensures the beach is very safe for swimming<br \/>\nn<br \/>\nn&nbsp;<br \/>\nn<br \/>\nnThe tour, organized by &#8220;Booking Adventures&#8221; starts at the meeting point set with our Tour Guide. Come with Booking Adventures and have lunch at the beach and enyoy the 3 most amazing beaches in Samana, Dominican Republic.<br \/>\nn<\/p>\n<div class=\"body-description secondary\">\nn<br \/>\nn&nbsp;<br \/>\nn<br \/>\nn<\/div>\n<p>n<\/p>\n<h4><em><strong>\u00bfQu\u00e9 debes traer?<\/strong><\/em><\/h4>\n<p>n<\/p>\n<ul>\nn \t<\/p>\n<li style=\"font-weight: 400;\"><span style=\"font-weight: 400;\">C\u00e1mara<\/span><\/li>\n<p>n \t<\/p>\n<li style=\"font-weight: 400;\"><span style=\"font-weight: 400;\">Cogollos repelentes<\/span><\/li>\n<p>n \t<\/p>\n<li style=\"font-weight: 400;\"><span style=\"font-weight: 400;\">crema solar<\/span><\/li>\n<p>n \t<\/p>\n<li>Agua<\/li>\n<p>n \t<\/p>\n<li style=\"font-weight: 400;\"><span style=\"font-weight: 400;\">Sombrero<\/span><\/li>\n<p>n \t<\/p>\n<li style=\"font-weight: 400;\"><span style=\"font-weight: 400;\">Pantalones c\u00f3modos<\/span><\/li>\n<p>n \t<\/p>\n<li style=\"font-weight: 400;\"><span style=\"font-weight: 400;\">Zapatos de senderismo para el bosque<\/span><\/li>\n<p>n \t<\/p>\n<li style=\"font-weight: 400;\"><span style=\"font-weight: 400;\">Sandalias para las zonas Primavera.<\/span><\/li>\n<p>n \t<\/p>\n<li style=\"font-weight: 400;\"><span style=\"font-weight: 400;\">Vestido nadador<\/span><\/li>\n<p>n<\/ul>\n<p>n&nbsp;<br \/>\nn<\/p>\n<h4><b><i>Recogida en el hotel <\/i><\/b><\/h4>\n<p>n<span style=\"font-weight: 400;\">Se ofrece recogida en el hotel para este tour. <\/span><br \/>\nn<br \/>\nn&nbsp;<br \/>\nn<br \/>\nn<b>Nota:<\/b><span style=\"font-weight: 400;\"> Si realiza la reserva dentro de las 24 horas anteriores a la hora de salida del tour\/excursi\u00f3n, podemos organizar la recogida en el hotel. Solo recogemos en el \u00e1rea de Saman\u00e1. Una vez que se complete su compra, le enviaremos la informaci\u00f3n de contacto completa (n\u00famero de tel\u00e9fono, direcci\u00f3n de correo electr\u00f3nico, etc.) para que nuestro gu\u00eda tur\u00edstico local organice los arreglos de recogida.<\/span><br \/>\nn<\/p>\n<h4><b><i>Confirmaci\u00f3n de informaci\u00f3n adicional <\/i><\/b><\/h4>\n<p>n<\/p>\n<ol>\nn \t<\/p>\n<li>Los boletos son el Recibo despu\u00e9s de pagar este Tour. Puede mostrar el pago en su tel\u00e9fono.<\/li>\n<p>n \t<\/p>\n<li style=\"font-weight: 400;\"><span style=\"font-weight: 400;\">El Punto de Encuentro se recibir\u00e1 Despu\u00e9s del Proceso de Reserva.<\/span><\/li>\n<p>n \t<\/p>\n<li style=\"font-weight: 400;\"><span style=\"font-weight: 400;\">Los ni\u00f1os deben estar acompa\u00f1ados por un adulto.<\/span><\/li>\n<p>n \t<\/p>\n<li style=\"font-weight: 400;\"><span style=\"font-weight: 400;\"> No accesible para sillas de ruedas <\/span><\/li>\n<p>n \t<\/p>\n<li style=\"font-weight: 400;\"><span style=\"font-weight: 400;\">Los beb\u00e9s deben sentarse en el regazo <\/span><\/li>\n<p>n \t<\/p>\n<li style=\"font-weight: 400;\"><span style=\"font-weight: 400;\">No recomendado para viajeros con problemas de espalda.<\/span><\/li>\n<p>n \t<\/p>\n<li style=\"font-weight: 400;\"><span style=\"font-weight: 400;\">No recomendado para viajeros embarazadas. <\/span><\/li>\n<p>n \t<\/p>\n<li style=\"font-weight: 400;\"><span style=\"font-weight: 400;\"> Sin problemas card\u00edacos u otras condiciones m\u00e9dicas graves. <\/span><\/li>\n<p>n \t<\/p>\n<li style=\"font-weight: 400;\"><span style=\"font-weight: 400;\">La mayor\u00eda de los viajeros pueden participar<\/span><\/li>\n<p>n<\/ol>\n<p>n<\/p>\n<h4><b><i>Pol\u00edtica de cancelaci\u00f3n<\/i><\/b><\/h4>\n<p>nPara obtener un reembolso completo, lea nuestra Pol\u00edtica de cancelaci\u00f3n.\u00a0<a href=\"https:\/\/www.boattoursamana.com\/es\/reserva-en-linea\/\" target=\"_blank\" rel=\"noopener\" data-saferedirecturl=\"https:\/\/www.google.com\/url?q=https:\/\/www.boattoursamana.com\/online-booking\/&amp;source=gmail&amp;ust=1672449202351000&amp;usg=AOvVaw1yAeVAPktmaVCqDujgUn90\">haga clic aqu\u00ed<\/a>. Los fondos se perder\u00e1n si la reserva se cancela el mismo d\u00eda del viaje.<\/p>\n\n\t\t<\/div>\n\t<\/div>\n<\/div><\/div><\/div><\/div><div class=\"vc_row wpb_row vc_row-fluid\" ><div class=\"wpb_column vc_column_container vc_col-sm-12\"><div class=\"vc_column-inner\"><div class=\"wpb_wrapper\">\n\t<div class=\"wpb_video_widget wpb_content_element vc_clearfix   vc_video-aspect-ratio-169 vc_video-el-width-100 vc_video-align-left\" >\n\t\t<div class=\"wpb_wrapper\">\n\t\t\t<h2 class=\"wpb_heading wpb_video_heading\">boca del diablo y playa fronton<\/h2>\n\t\t\t<div class=\"wpb_video_wrapper\"><iframe loading=\"lazy\" title=\"Pen\u00ednsula de Saman\u00e1, Rep\u00fablica Dominicana (DJI Phantom 4 4K)\" width=\"1100\" height=\"619\" src=\"https:\/\/www.youtube.com\/embed\/DYDXVm8Q_iM?feature=oembed\" frameborder=\"0\" allow=\"accelerometer; autoplay; clipboard-write; encrypted-media; gyroscope; picture-in-picture; web-share\" allowfullscreen><\/iframe><\/div>\n\t\t<\/div>\n\t<\/div>\n<\/div><\/div><\/div><\/div><div class=\"vc_row wpb_row vc_row-fluid\" ><div class=\"wpb_column vc_column_container vc_col-sm-12\"><div class=\"vc_column-inner\"><div class=\"wpb_wrapper\"><div class=\"vc_empty_space\"   style=\"height: 32px\"><span class=\"vc_empty_space_inner\"><\/span><\/div>\n\t<div class=\"wpb_text_column wpb_content_element\" >\n\t\t<div class=\"wpb_wrapper\">\n\t\t\t<p>\nn<\/p>\n<h4>\u00bfCont\u00e1ctenos?<\/h4>\n<p>n<\/p>\n<h5>Reservando Aventuras<\/h5>\n<p>n<em><strong>Locales<\/strong>\u00a0y\u00a0<strong>Nacionales<\/strong>\u00a0Gu\u00edas tur\u00edsticos y servicios para hu\u00e9spedes<\/em><br \/>\nn<br \/>\nn<span class=\"text-turquoise\">Reservas:<\/span>\u00a0Tours y Excursiones en Dom. Reps.<br \/>\nn<br \/>\nn<img decoding=\"async\" class=\"emoji\" draggable=\"false\" src=\"https:\/\/s.w.org\/images\/core\/emoji\/11.2.0\/svg\/1f4de.svg\" alt=\" \" title=\"\">\u00a0Tel\u00e9fono \/ Whatsapp\u00a0\u00a0<a href=\"tel:+1-809-720-6035\">+1-809-720-6035<\/a>.<br \/>\nn<br \/>\nn<img decoding=\"async\" class=\"emoji\" draggable=\"false\" src=\"https:\/\/s.w.org\/images\/core\/emoji\/11.2.0\/svg\/1f4e9.svg\" alt=\" \" title=\"\">\u00a0<a href=\"mailto:info@bookingadventures.com.do\">info@bookingadventures.com.do<\/a><br \/>\nn<br \/>\nn<strong>Somos Tours Privados de Ambiente Flexible por Whatsapp:\u00a0<a href=\"tel:+18097206035\">+18097206035.<\/a><\/strong><\/p>\n\n\t\t<\/div>\n\t<\/div>\n<div class=\"vc_empty_space\"   style=\"height: 32px\"><span class=\"vc_empty_space_inner\"><\/span><\/div><\/div><\/div><\/div><\/div><div class=\"vc_row wpb_row vc_row-fluid\" ><div class=\"wpb_column vc_column_container vc_col-sm-12\"><div class=\"vc_column-inner\"><div class=\"wpb_wrapper\"><div class=\"vc_btn3-container vc_btn3-inline\" ><button class=\"vc_general vc_btn3 vc_btn3-size-md vc_btn3-shape-rounded vc_btn3-style-modern vc_btn3-color-green\">RESERVAR AHORA<\/button><\/div><\/div><\/div><\/div><\/div>","protected":false},"excerpt":{"rendered":"<p>The trip starts at Picking you up in Your hotel or Airbnb in the Samana area. Discover with us the 3 secret and wild beaches of the region El Rincon beach, Playa madame and Playa Fronton. One of the most beautiful excursions on Saman\u00e1&#8217;s peninsula. Enter the unique atmosphere of Playa Front\u00f3n, a beach only reachable by boat surrounded by a coral reef around which you can snorkel, swim with fishes and discover its corals and relax and enjoy the [&hellip;]<\/p>\n","protected":false},"author":2,"featured_media":0,"parent":0,"menu_order":0,"comment_status":"open","ping_status":"closed","template":"","meta":{"footnotes":""},"class_list":["post-15763","page","type-page","status-publish","hentry"],"_links":{"self":[{"href":"https:\/\/www.boattoursamana.com\/es\/wp-json\/wp\/v2\/pages\/15763","targetHints":{"allow":["GET"]}}],"collection":[{"href":"https:\/\/www.boattoursamana.com\/es\/wp-json\/wp\/v2\/pages"}],"about":[{"href":"https:\/\/www.boattoursamana.com\/es\/wp-json\/wp\/v2\/types\/page"}],"author":[{"embeddable":true,"href":"https:\/\/www.boattoursamana.com\/es\/wp-json\/wp\/v2\/users\/2"}],"replies":[{"embeddable":true,"href":"https:\/\/www.boattoursamana.com\/es\/wp-json\/wp\/v2\/comments?post=15763"}],"version-history":[{"count":0,"href":"https:\/\/www.boattoursamana.com\/es\/wp-json\/wp\/v2\/pages\/15763\/revisions"}],"wp:attachment":[{"href":"https:\/\/www.boattoursamana.com\/es\/wp-json\/wp\/v2\/media?parent=15763"}],"curies":[{"name":"wp","href":"https:\/\/api.w.org\/{rel}","templated":true}]}}