{"id":15765,"date":"2023-07-15T07:43:13","date_gmt":"2023-07-15T07:43:13","guid":{"rendered":"https:\/\/www.ticketswhales.com\/day-pass-cano-hondo-natural-pools-lunch-included\/"},"modified":"2023-07-15T07:43:13","modified_gmt":"2023-07-15T07:43:13","slug":"day-pass-cano-hondo-natural-pools-lunch-included","status":"publish","type":"page","link":"https:\/\/www.boattoursamana.com\/es\/day-pass-cano-hondo-piscinas-naturales-almuerzo-incluido-2","title":{"rendered":"Day Pass Ca\u00f1o Hondo \u2013 Piscinas Naturales &amp; Almuerzo Incluido"},"content":{"rendered":"<p>Compre un Boleto Day Pass Piscinas Naturales en el Hotel Ca\u00f1o Hondo en el Parque Nacional Los Haitises, Sabana de la Mar. Almuerzo incluido.<br \/>\nn<br \/>\nnFor more information, please contact us.<\/p>\n<p>&nbsp;<\/p>\n<div class=\"vc_row wpb_row vc_row-fluid\" ><div class=\"wpb_column vc_column_container vc_col-sm-12\"><div class=\"vc_column-inner\"><div class=\"wpb_wrapper\"><div class=\"vc_message_box vc_message_box-standard vc_message_box-rounded vc_color-info\" ><div class=\"vc_message_box-icon\"><i class=\"fas fa-info-circle\"><\/i><\/div><p>Reserva Precios Bajos en Habitaciones Ca\u00f1o Hondo <a href=\"http:\/\/dominican-republic-hotels.com\/hotel\/cano-hondo-hotel-eco-lodge\/\" rel=\"noopener\">Haga clic aqu\u00ed.<\/a><\/p>\n<\/div><div class=\"vc_btn3-container vc_btn3-inline\" ><button class=\"vc_general vc_btn3 vc_btn3-size-md vc_btn3-shape-rounded vc_btn3-style-modern vc_btn3-color-green\">RESERVAR AHORA<\/button><\/div>\n\t<div class=\"wpb_text_column wpb_content_element\" >\n\t\t<div class=\"wpb_wrapper\">\n\t\t\t<p>\nn<\/p>\n<div class=\"vc_row wpb_row vc_row-fluid\">\nn<\/p>\n<div class=\"wpb_column vc_column_container vc_col-sm-12\">\nn<\/p>\n<div class=\"vc_column-inner\">\nn<\/p>\n<div class=\"wpb_wrapper\">\nn<\/p>\n<div class=\"wpb_text_column wpb_content_element\">\nn<\/p>\n<div class=\"wpb_wrapper\">\nn<\/p>\n<h2 class=\"mkdf-single-product-title\">Day Pass Ca\u00f1o Hondo - Pozas Naturales y Almuerzo Incluido<\/h2>\n<p>n<\/p>\n<h4><b><i>Descripci\u00f3n<\/i><\/b><\/h4>\n<p>nCa\u00f1o Hondo Day Pass Ticket to our Natural Outdoor Swimming Pools with Lunch by Buffet included. Every day from 8:30 AM until 5:00 PM.<br \/>\nn<\/p>\n<div class=\"wpb_text_column wpb_content_element\">\nn<\/p>\n<div class=\"wpb_wrapper\">\nn<br \/>\nnPools are totally biological with no need for chlorine or chemicals that develops its own natural ecology and balanced eco-system by being designed and built in a certain way. When the balance is achieved the water is naturally clear like in a mountain lake.<br \/>\nn<br \/>\nn<\/div>\n<p>n\n<\/p><\/div>\n<p>n<\/p>\n<div class=\"wpb_text_column wpb_content_element\">\nn<\/p>\n<div class=\"wpb_wrapper\">\nn<br \/>\nn<strong>Disfrute de las piscinas Natural Eco que se mezclan maravillosamente con el paisaje tranquilo y original en el Parque Nacional Los Haitises, Sabana de la Mar. <\/strong><br \/>\nn<\/p>\n<p style=\"text-align: center;\"><strong>Pasa un d\u00eda maravilloso con tu familia o amigos.<\/strong><\/p>\n<p>n<br \/>\nn\n<\/div>\n<p>n\n<\/p><\/div>\n<p>n&nbsp;<br \/>\nn<\/p>\n<h3><b>Inclusiones y Exclusiones<\/b><\/h3>\n<p>n<b>Inclusiones<\/b><br \/>\nn<\/p>\n<ol>\nn \t<\/p>\n<li>Almuerzo buffet<\/li>\n<p>n \t<\/p>\n<li>Entrada a Piscinas Naturales<\/li>\n<p>n<\/ol>\n<p>n<b>Exclusiones (No incluido)<\/b><br \/>\nn<\/p>\n<ol>\nn \t<\/p>\n<li>Transporte<\/li>\n<p>n \t<\/p>\n<li>Bebidas alcoh\u00f3licas<\/li>\n<p>n<\/ol>\n<p>n&nbsp;<br \/>\nn<\/p>\n<h4><em><strong>\u00bfPor qu\u00e9 comprar el billete?<\/strong><\/em><\/h4>\n<p>nPlease to make a reservation in advance to establish the space in our restaurant and prepare the Lunch Buffet for you. After you make the reservation, our representatives will contact you to give you more information &#8211; How to get to our place, what is the menu of Lunch Buffet and to answer all your questions.<br \/>\nn<br \/>\nn<strong>Nota: Gratuito para ni\u00f1os menores de 3 a\u00f1os. Los ni\u00f1os de 4 a 10 a\u00f1os pagan solo la mitad de precio.<\/strong><br \/>\nn<\/p>\n<h2 style=\"text-align: center;\"><strong>Piscinas de agua mineral dise\u00f1adas y construidas con atenci\u00f3n al detalle y creatividad.<\/strong><\/h2>\n<p>n<strong>Hora:<\/strong><br \/>\nn<br \/>\nn8:30 am &#8211; 5:00 pm<br \/>\nn<br \/>\nn&nbsp;<br \/>\nn<\/p>\n<h4><em><strong>\u00bfQu\u00e9 debes llevar contigo?<\/strong><\/em><\/h4>\n<p>n<\/p>\n<ul>\nn \t<\/p>\n<li>Camara<\/li>\n<p>n \t<\/p>\n<li>\u00a0Repelente<\/li>\n<p>n \t<\/p>\n<li>crema solar<\/li>\n<p>n<\/ul>\n<p>n&nbsp;<br \/>\nn<\/p>\n<h4><i>Transporte: <\/i><\/h4>\n<p>nTransport is not included.<br \/>\nn<br \/>\nn<b>Nota: Si desea una transferencia, por favor cont\u00e1ctenos.<\/b><br \/>\nn<\/p>\n<h4><b><i>Pol\u00edtica de cancelaci\u00f3n<\/i><\/b><\/h4>\n<p>nFor a full refund please read our Cancelations Policies in the website footer.<br \/>\nn<br \/>\nn\n<\/div>\n<p>n\n<\/p><\/div>\n<p>n\n<\/p><\/div>\n<p>n\n<\/p><\/div>\n<p>n\n<\/p><\/div>\n<p>n\n<\/p><\/div>\n<p>n<\/p>\n<div class=\"vc_row wpb_row vc_row-fluid\">\nn<\/p>\n<div class=\"wpb_column vc_column_container vc_col-sm-12\">\nn<\/p>\n<div class=\"vc_column-inner\">\nn<\/p>\n<div class=\"wpb_wrapper\">\nn<\/p>\n<div class=\"wpb_text_column wpb_content_element\">\nn<\/p>\n<div class=\"wpb_wrapper\">\nn<br \/>\nn&nbsp;<br \/>\nn<\/p>\n<h3 style=\"text-align: center;\">Tambi\u00e9n puede disfrutar de numerosas actividades y excursiones con gu\u00eda local.<\/h3>\n<p>n<strong>Lista de las actividades:<\/strong><br \/>\nnZip lining<br \/>\nnRock wall climbing<br \/>\nnHorseback riding<br \/>\nnGuided or self-guided hikes in the Los Haitises<br \/>\nnKayaking in the Los Haitises<br \/>\nnGuided boat tours into Los Haitises<br \/>\nnWhale watching (from Jan 15 &#8211; March 20)<br \/>\nnGuided Bird Watching<br \/>\nnCayo Levantado\/Bacardi island<br \/>\nnWildlife and Nature<br \/>\nnWaterfalls El Limon, Samana<br \/>\nn<br \/>\nn<strong>Para m\u00e1s informaci\u00f3n sobre actividades y excursiones, por favor cont\u00e1ctenos. Tambien usted puede <a href=\"http:\/\/haitises.com\/\" rel=\"noopener\">Reserve aqu\u00ed.<\/a><\/strong><br \/>\nn<\/p>\n<h4><b><i>Pol\u00edtica de cancelaci\u00f3n<\/i><\/b><\/h4>\n<p>nPara obtener un reembolso completo, lea nuestra Pol\u00edtica de cancelaci\u00f3n.\u00a0<a href=\"https:\/\/www.boattoursamana.com\/es\/reserva-en-linea\/\" target=\"_blank\" rel=\"noopener\" data-saferedirecturl=\"https:\/\/www.google.com\/url?q=https:\/\/www.boattoursamana.com\/online-booking\/&amp;source=gmail&amp;ust=1672449202351000&amp;usg=AOvVaw1yAeVAPktmaVCqDujgUn90\">haga clic aqu\u00ed<\/a>. Los fondos se perder\u00e1n si la reserva se cancela el mismo d\u00eda del viaje.<br \/>\nn<br \/>\nn<\/div>\n<p>n\n<\/p><\/div>\n<p>n\n<\/p><\/div>\n<p>n\n<\/p><\/div>\n<p>n\n<\/p><\/div>\n<p>n\n<\/p><\/div>\n<p>n<\/p>\n\n\t\t<\/div>\n\t<\/div>\n<\/div><\/div><\/div><\/div><div class=\"vc_row wpb_row vc_row-fluid\" ><div class=\"wpb_column vc_column_container vc_col-sm-12\"><div class=\"vc_column-inner\"><div class=\"wpb_wrapper\"><div class=\"vc_btn3-container vc_btn3-inline\" ><button class=\"vc_general vc_btn3 vc_btn3-size-md vc_btn3-shape-rounded vc_btn3-style-modern vc_btn3-color-green\">RESERVAR AHORA<\/button><\/div><\/div><\/div><\/div><\/div>","protected":false},"excerpt":{"rendered":"<p>Buy a Day Pass Ticket Natural Swimming Pools at Ca\u00f1o Hondo Hotel in the Los Haitises National Park, Sabana de la Mar. Lunch is included. n nFor more information, please contact us. &nbsp;<\/p>","protected":false},"author":2,"featured_media":0,"parent":0,"menu_order":0,"comment_status":"open","ping_status":"closed","template":"","meta":{"footnotes":""},"class_list":["post-15765","page","type-page","status-publish","hentry"],"_links":{"self":[{"href":"https:\/\/www.boattoursamana.com\/es\/wp-json\/wp\/v2\/pages\/15765","targetHints":{"allow":["GET"]}}],"collection":[{"href":"https:\/\/www.boattoursamana.com\/es\/wp-json\/wp\/v2\/pages"}],"about":[{"href":"https:\/\/www.boattoursamana.com\/es\/wp-json\/wp\/v2\/types\/page"}],"author":[{"embeddable":true,"href":"https:\/\/www.boattoursamana.com\/es\/wp-json\/wp\/v2\/users\/2"}],"replies":[{"embeddable":true,"href":"https:\/\/www.boattoursamana.com\/es\/wp-json\/wp\/v2\/comments?post=15765"}],"version-history":[{"count":0,"href":"https:\/\/www.boattoursamana.com\/es\/wp-json\/wp\/v2\/pages\/15765\/revisions"}],"wp:attachment":[{"href":"https:\/\/www.boattoursamana.com\/es\/wp-json\/wp\/v2\/media?parent=15765"}],"curies":[{"name":"wp","href":"https:\/\/api.w.org\/{rel}","templated":true}]}}