{"id":15772,"date":"2023-07-15T07:43:40","date_gmt":"2023-07-15T07:43:40","guid":{"rendered":"https:\/\/www.ticketswhales.com\/catalina-island-altos-de-chavon-from-punta-cana-snorkeling-with-catamaran-party\/"},"modified":"2023-07-15T07:43:40","modified_gmt":"2023-07-15T07:43:40","slug":"catalina-island-altos-de-chavon-from-punta-cana-snorkeling-with-catamaran-party","status":"publish","type":"page","link":"https:\/\/www.boattoursamana.com\/es\/isla-catalina-altos-de-chavon-desde-punta-cana-snorkeling-con-fiesta-en-catamaran-2","title":{"rendered":"Isla Catalina y Altos de Chav\u00f3n desde Punta Cana (Snorkel con fiesta en catamar\u00e1n)"},"content":{"rendered":"<p>La peque\u00f1a isla Catalina (Isla Catalina), a solo 1,5 millas (2,4 kil\u00f3metros) de la parte continental de la Rep\u00fablica Dominicana, es una id\u00edlica mota de arena en las aguas turquesas del Caribe. Conocida por sus arrecifes de coral bien poblados, Catalina es un respiro pac\u00edfico para aquellos que buscan escapar del bullicio de Punta Cana y La Romana.<br \/>\nn<br \/>\nnBook a day trip with us. Catalina Island in a Party Catamaran with Snorkeling!<br \/>\nn<br \/>\nn&nbsp;<br \/>\nn<br \/>\nnPlease Select the date for The Excursion:<\/p>\n<p>&nbsp;<\/p>\n<div class=\"vc_row wpb_row vc_row-fluid\" ><div class=\"wpb_column vc_column_container vc_col-sm-12\"><div class=\"vc_column-inner\"><div class=\"wpb_wrapper\"><div class=\"mkdf-section-title-holder\" style=\"text-align: left\">\n\t<div class=\"mkdf-st-inner\">\n\t\t\t\t\t<h5 class=\"mkdf-st-subtitle\" >\n\t\t\t\tExperiencia de medio d\u00eda\t\t\t<\/h5>\n\t\t\t\t\t\t\t<h3 class=\"mkdf-st-title\" >\n\t\t\t\tIsla Catalina y Snorkel con Fiesta en Catamar\u00e1n desde Punta Cana\t\t\t<\/h3>\n\t\t\t\t\t<\/div>\n<\/div><div class=\"vc_btn3-container vc_btn3-inline\" ><button class=\"vc_general vc_btn3 vc_btn3-size-md vc_btn3-shape-rounded vc_btn3-style-modern vc_btn3-color-green\">RESERVAR AHORA<\/button><\/div><\/div><\/div><\/div><\/div><div class=\"vc_row wpb_row vc_row-fluid\" ><div class=\"wpb_column vc_column_container vc_col-sm-12\"><div class=\"vc_column-inner\"><div class=\"wpb_wrapper\">\n\t<div class=\"wpb_text_column wpb_content_element\" >\n\t\t<div class=\"wpb_wrapper\">\n\t\t\t<p>\nn<\/p>\n<div class=\"vc_row wpb_row vc_row-fluid\">\nn<\/p>\n<div class=\"wpb_column vc_column_container vc_col-sm-12\">\nn<\/p>\n<div class=\"vc_column-inner\">\nn<\/p>\n<div class=\"wpb_wrapper\">\nn<\/p>\n<div class=\"wpb_text_column wpb_content_element\">\nn<\/p>\n<div class=\"wpb_wrapper\">\nn<\/p>\n<div class=\"vc_row wpb_row vc_row-fluid\">\nn<\/p>\n<div class=\"wpb_column vc_column_container vc_col-sm-12\">\nn<\/p>\n<div class=\"vc_column-inner\">\nn<\/p>\n<div class=\"wpb_wrapper\">\nn<\/p>\n<div class=\"wpb_text_column wpb_content_element\">\nn<\/p>\n<div class=\"wpb_wrapper\">\nn<\/p>\n<h4><b><i>Descripci\u00f3n general<\/i><\/b><\/h4>\n<p>nWe enjoy a catamaran tour across crystal clear waters to Catalina Island, the best-known area for snorkeling in the Dominican Republic.<br \/>\nn<br \/>\nSu d\u00eda comienza con una recogida en el vest\u00edbulo principal de su hotel o en el punto de encuentro especificado. Luego seguiremos a Isla Catalina para disfrutar de un ba\u00f1o refrescante, y algunas bebidas, mientras quien quiera puede realizar 2 tipos de Snorkel con un instructor y despu\u00e9s comeremos un delicioso almuerzo buffet en la playa y tomaremos unas clases de Salsa. y Bachata, mientras tambi\u00e9n preparamos unos deliciosos tragos. Una vez cansado de estar holgazaneando en la playa, tome un equipo de snorkel y admire el mundo submarino de Catalina.<br \/>\nn<br \/>\nnThe ocean, so incredibly clear, and the beach white sand waiting for you. Relax on a sunbed or snorkeling all included for you. You will enjoy where you will see the tradition of our music and dance.<br \/>\nn<br \/>\nnAfter this we go to Altos de Chavon Cattle and River!<br \/>\nn<br \/>\nn<strong>Nota:<\/strong> Este tour no es Privado. Si desea establecer un recorrido privado, \u00a1cont\u00e1ctenos!<br \/>\nn<\/p>\n<ul>\nn \t<\/p>\n<li>\nn<\/p>\n<div class=\"py-1 inclusions-exclusions-item d-flex\" lang=\"en-x-mtfrom-en\">\nn<\/p>\n<div class=\"d-inline-block inclusions-exclusions-text\">Transporte privado<\/div>\n<p>n\n<\/p><\/div>\n<\/li>\n<p>n \t<\/p>\n<li>Piscina natural para observar estrellas de mar<\/li>\n<p>n \t<\/p>\n<li>Bucear<\/li>\n<p>n \t<\/p>\n<li>Almuerzo<\/li>\n<p>n \t<\/p>\n<li>Traslado en barco catamar\u00e1n<\/li>\n<p>n \t<\/p>\n<li>El Capit\u00e1n proporciona instrucci\u00f3n y Supervisi\u00f3n.<\/li>\n<p>n \t<\/p>\n<li>Gu\u00eda tur\u00edstico<\/li>\n<p>n<\/ul>\n<p>n&nbsp;<br \/>\nn<\/p>\n<h4><b>Inclusiones y Exclusiones<\/b><\/h4>\n<p>n<b>Inclusiones<\/b><br \/>\nn<\/p>\n<ol>\nn \t<\/p>\n<li>Gu\u00eda tur\u00edstico<\/li>\n<p>n \t<\/p>\n<li>bucear<\/li>\n<p>n \t<\/p>\n<li>Almuerzo<\/li>\n<p>n \t<\/p>\n<li>Recogida en Hoteles<\/li>\n<p>n \t<\/p>\n<li>Paseo en Catamar\u00e1n o Barco<\/li>\n<p>n \t<\/p>\n<li>Todos los impuestos, tasas y gastos de tramitaci\u00f3n<\/li>\n<p>n \t<\/p>\n<li>Impuestos locales<\/li>\n<p>n \t<\/p>\n<li>Bebidas<\/li>\n<p>n<\/ol>\n<p>n<b>Exclusiones<\/b><br \/>\nn<\/p>\n<ol>\nn \t<\/p>\n<li>Propinas<\/li>\n<p>n \t<\/p>\n<li>Fotos<\/li>\n<p>n<\/ol>\n<p>n<\/p>\n<h4><em><strong>Salida y Regreso<\/strong><\/em><\/h4>\n<p>nEl viajero obtendr\u00e1 un punto de encuentro tras el proceso de reserva. Los tours comienzan y terminan en nuestros puntos de encuentro.<br \/>\nn<\/p>\n<h3>Isla Catalina y Snorkeling con Fiesta en Catamar\u00e1n desde Punta Cana \u2013 Experiencia de medio d\u00eda.<\/h3>\n<p>n<\/p>\n<h4><b><i>\u00bfQue esperar?<\/i><\/b><\/h4>\n<p>nDuring the Catalina Island Excursion from Punta Cana, guests will have the opportunity to snorkel in the vibrant corals reefs at Catalina, swimming among lively school of fish enjoying the stunning Caribbean underwater fauna.<br \/>\nn<br \/>\nComenzaremos la excursi\u00f3n de snorkel saliendo por la ma\u00f1ana hacia La Romana. Durante el viaje, pasaremos por los campos de ca\u00f1a de az\u00facar mientras su gu\u00eda brinda informaci\u00f3n interesante sobre la historia del \u00e1rea, la cultura general y las t\u00e9cnicas de elaboraci\u00f3n del ron del pa\u00eds. Al llegar a La Romana, abordaremos nuestro Catamar\u00e1n y partiremos hacia Catalina. Nuestra primera parada en la isla ser\u00e1 \u201cThe Wall\u201d, una majestuosa pared de coral que se extiende desde la isla hasta el Mar Caribe.<br \/>\nn<br \/>\nDespu\u00e9s de hacer snorkel, continuar\u00e1s el camino hacia la hermosa playa de Catalina, un lugar exclusivo. A su llegada, los hu\u00e9spedes tendr\u00e1n acceso a 2 kil\u00f3metros de playas de arena blanca y aguas cristalinas, un chiringuito con bebidas y un delicioso almuerzo buffet dominicano con barbacoa. Embarcaremos en el catamar\u00e1n alrededor de las 15:30 para regresar a Punta Cana despu\u00e9s de un incre\u00edble d\u00eda de snorkel y relajaci\u00f3n en la Isla Catalina. IslaDurante la excursi\u00f3n a la isla Catalina desde Punta Cana, los hu\u00e9spedes tendr\u00e1n la oportunidad de hacer esn\u00f3rquel en los vibrantes arrecifes de coral de Catalina, nadando entre animados bancos de peces y disfrutando de la impresionante fauna submarina del Caribe.<br \/>\nn<br \/>\nnWe will begin the snorkeling excursion departing in the morning towards La Romana. During the drive we will pass by the sugar cane fields as your guide provides interesting information about the history of the area, general culture and rum making techniques of the country. Upon arrival to La Romana, we will board our Catamaran and depart towards Catalina.<br \/>\nn<br \/>\nnOur first stop on the island will be \u201cThe Wall,\u201d a majestic coral wall that extends from the Island to the Caribbean Sea. After snorkeling, you will continue the path to the beautiful beach of Catalina, an exclusive place. Upon arrival, guests will have access to 2 kilometers of white sand beaches and crystal clear waters, a beach bar with drinks and a delicious Dominican lunch buffet with barbecue. We will board the catamaran around 3:30 pm to return to Punta Cana after an incredible day of snorkeling and relaxation on Catalina Island.<br \/>\nn<\/p>\n<div class=\"a-text--first-content _for-copy-large l-hide-for-large\">\nn<br \/>\nnLet the<strong>\u00a0Para\u00edso caribe\u00f1o de Isla Catalina te cautivar\u00e1\u00a0<\/strong>y explorar el pintoresco\u00a0<strong>Altos de Chav\u00f3n<\/strong>\u00a0en esta imperdible excursi\u00f3n de un d\u00eda desde La Romana.<br \/>\nn<br \/>\nn<\/div>\n<p>n<\/p>\n<div id=\"o-slider--activity-detail__container\" class=\"o-slider js-module-slider is-photos\"><\/div>\n<p>n<\/p>\n<div id=\"l-768-calendar-anchor\"><\/div>\n<p>n<\/p>\n<div id=\"new-fading-text\" class=\"new-fading-text _loaded u-no-before show-hidden-elements\">\nn<\/p>\n<div class=\"o-activity-description\">\nn<\/p>\n<h2>Escapada de un d\u00eda a Isla Catalina y Altos de Chav\u00f3n<\/h2>\n<p>nHaving been picked up from your hotel first thing in the morning, you&#8217;ll set off on your adventure, making your first stop in\u00a0<strong>Altos de Chav\u00f3n<\/strong>. Tendr\u00e1s 40 minutos para explorar esto.<strong>\u00a0hermosa recreaci\u00f3n de un pueblo de estilo mediterr\u00e1neo<\/strong>\u00a0y admirar las vistas del r\u00edo Chav\u00f3n que corre a su lado. \u00a1Verdaderamente encantador!<br \/>\nn<\/p>\n<p class=\"new-fading-text__hidden-element\">Continuando con su recorrido, lo llevar\u00e1n a un muelle en el\u00a0<strong>R\u00edo Salado\u00a0<\/strong>donde su\u00a0<strong>catamar\u00e1n\u00a0<\/strong>te estar\u00e1 esperando para zarpar rumbo a Isla Catalina. Durante tu crucero, que durar\u00e1 unos 40 minutos, disfrutar\u00e1s de una bebida a bordo mientras te maravillas con el\u00a0<strong>azul penetrante del resplandeciente mar Caribe<\/strong>.<\/p>\n<p>n<\/p>\n<p class=\"new-fading-text__hidden-element\">Al acercarse a su destino, se dirigir\u00e1 directamente al arrecife de coral conocido como La Pared, o The Wall, donde tendr\u00e1 la oportunidad de\u00a0<strong>refr\u00e9scate con un refrescante chapuz\u00f3n en el mar y practica esn\u00f3rquel entre la incre\u00edble vida marina<\/strong>. Pase 40 minutos explorando bajo el agua, antes de regresar al catamar\u00e1n y echar el ancla en el muelle de la isla Catalina.<\/p>\n<p>n<\/p>\n<p class=\"new-fading-text__hidden-element\">Con los pies en tierra firme, te llevar\u00e1n a un peque\u00f1o restaurante con impresionantes vistas al mar, donde te deleitar\u00e1n con una\u00a0<strong>delicioso almuerzo buffet<\/strong>. Con energ\u00edas renovadas, dispondr\u00e1s de tres horas de tiempo libre para aprovechar al m\u00e1ximo el\u00a0<strong>playas paradisiacas de arena blanca<\/strong>. Tanto si prefieres relajarte y tomar el sol como probar una actividad divertida como el paddle surf, disfrutar\u00e1s de una tarde inolvidable.<\/p>\n<p>n<\/p>\n<p class=\"new-fading-text__hidden-element\">Al final del d\u00eda, regresar\u00e1s al catamar\u00e1n para navegar de regreso a La Romana, donde te dejar\u00e1n en tu hotel.<\/p>\n<p>n<br \/>\nn\n<\/div>\n<p>n\n<\/p><\/div>\n<p>n&nbsp;<br \/>\nn<br \/>\nn<strong>Calendario:<\/strong><br \/>\nn<br \/>\nn7:00 AM \u2013 4: 30 PM<br \/>\nn<br \/>\nn&nbsp;<br \/>\nn<br \/>\nn<\/div>\n<p>nTime can change depends on time of departure from Hotels.<br \/>\nn<\/p>\n<div class=\"wpb_wrapper\">\nn<br \/>\nn&nbsp;<br \/>\nn<\/p>\n<h4><em><strong>\u00bfQu\u00e9 debes traer?<\/strong><\/em><\/h4>\n<p>n<\/p>\n<ul>\nn \t<\/p>\n<li>C\u00e1mara<\/li>\n<p>n \t<\/p>\n<li>Cogollos repelentes<\/li>\n<p>n \t<\/p>\n<li>crema solar<\/li>\n<p>n \t<\/p>\n<li>Sombrero<\/li>\n<p>n \t<\/p>\n<li>Pantalones c\u00f3modos<\/li>\n<p>n \t<\/p>\n<li>Vestido nadador<\/li>\n<p>n \t<\/p>\n<li>Efectivo para souvenirs<\/li>\n<p>n<\/ul>\n<p>n&nbsp;<br \/>\nn<\/p>\n<h4><b><i>Recogida en el hotel<\/i><\/b><\/h4>\n<p>nHotel pick-up is offered for this tour. We Can Set it Via- Whatsapp. From La Romana, Punta Cana, Bavaro and Bayahibe Hotels.<br \/>\nn<br \/>\nn&nbsp;<br \/>\nn<br \/>\nn<b>Nota:<\/b> Si realiza la reserva dentro de las 24 horas anteriores a la hora de salida del tour\/excursi\u00f3n, podemos organizar la recogida en el hotel. Una vez que se complete su compra, le enviaremos la informaci\u00f3n de contacto completa (n\u00famero de tel\u00e9fono, direcci\u00f3n de correo electr\u00f3nico, etc.) para que nuestro gu\u00eda tur\u00edstico local organice los arreglos de recogida.<br \/>\nn<\/p>\n<h4><b><i>Confirmaci\u00f3n de informaci\u00f3n adicional<\/i><\/b><\/h4>\n<p>n<\/p>\n<ol>\nn \t<\/p>\n<li>Los boletos son el Recibo despu\u00e9s de pagar este Tour. Puede mostrar el pago en su tel\u00e9fono.<\/li>\n<p>n \t<\/p>\n<li>El Punto de Encuentro se recibir\u00e1 Despu\u00e9s del Proceso de Reserva.<\/li>\n<p>n \t<\/p>\n<li>Los ni\u00f1os deben estar acompa\u00f1ados por un adulto.<\/li>\n<p>n \t<\/p>\n<li>silla de ruedas accesible<\/li>\n<p>n \t<\/p>\n<li>Los beb\u00e9s deben sentarse en el regazo<\/li>\n<p>n \t<\/p>\n<li>La mayor\u00eda de los viajeros pueden participar<\/li>\n<p>n<\/ol>\n<p>n<\/p>\n<h4><b><i>Pol\u00edtica de cancelaci\u00f3n<\/i><\/b><\/h4>\n<p>nPara obtener un reembolso completo, lea nuestra Pol\u00edtica de cancelaci\u00f3n.\u00a0<a href=\"https:\/\/www.boattoursamana.com\/es\/reserva-en-linea\/\" target=\"_blank\" rel=\"noopener\" data-saferedirecturl=\"https:\/\/www.google.com\/url?q=https:\/\/www.boattoursamana.com\/online-booking\/&amp;source=gmail&amp;ust=1672532492004000&amp;usg=AOvVaw3ylqI1cdbIPTimEqEWneyd\">haga clic aqu\u00ed<\/a>. Los fondos se perder\u00e1n si la reserva se cancela el mismo d\u00eda del viaje.<br \/>\nn<br \/>\nn<\/div>\n<p>n\n<\/p><\/div>\n<p>n\n<\/p><\/div>\n<p>n\n<\/p><\/div>\n<p>n\n<\/p><\/div>\n<p>n\n<\/p><\/div>\n<p>n\n<\/p><\/div>\n<p>n\n<\/p><\/div>\n<p>n\n<\/p><\/div>\n<p>n\n<\/p><\/div>\n<p>n\n<\/p><\/div>\n<p>n\n<\/p><\/div>\n<p>n<\/p>\n<div class=\"vc_row wpb_row vc_row-fluid\">\nn<\/p>\n<div class=\"wpb_column vc_column_container vc_col-sm-12\">\nn<\/p>\n<div class=\"vc_column-inner\">\nn<\/p>\n<div class=\"wpb_wrapper\">\nn<\/p>\n<div class=\"vc_empty_space\"><\/div>\n<p>n<\/p>\n<div class=\"wpb_text_column wpb_content_element\">\nn<\/p>\n<div class=\"wpb_wrapper\">\nn<\/p>\n<h4>\u00bfCont\u00e1ctenos?<\/h4>\n<p>n<\/p>\n<h5><b><i>Reservando Aventuras<\/i><\/b><\/h5>\n<p>n<em><strong>Locales<\/strong>\u00a0y\u00a0<strong>Nacionales<\/strong>\u00a0Gu\u00edas tur\u00edsticos y servicios para hu\u00e9spedes<\/em><br \/>\nn<br \/>\nn<span class=\"text-turquoise\">Reservas:<\/span>\u00a0Tours y Excursiones en Dom. Reps.<br \/>\nn<br \/>\nn<img decoding=\"async\" class=\"emoji\" src=\"https:\/\/s.w.org\/images\/core\/emoji\/11.2.0\/svg\/1f4de.svg\" alt=\" \" title=\"\">\u00a0Tel\u00e9fono \/ Whatsapp\u00a0\u00a0<a href=\"tel:+1-809-720-6035\">+1-809-720-6035<\/a>.<br \/>\nn<br \/>\nn<img decoding=\"async\" class=\"emoji\" src=\"https:\/\/s.w.org\/images\/core\/emoji\/11.2.0\/svg\/1f4e9.svg\" alt=\" \" title=\"\">\u00a0<a href=\"mailto:info@bookingadventures.com.do\">info@bookingadventures.com.do<\/a><br \/>\nn<br \/>\nn<strong>Somos Tours Privados de Ambiente Flexible por Whatsapp:\u00a0<a href=\"tel:+18097206035\">+18097206035.<\/a><\/strong><br \/>\nn<br \/>\nn<\/div>\n<p>n\n<\/p><\/div>\n<p>n\n<\/p><\/div>\n<p>n\n<\/p><\/div>\n<p>n\n<\/p><\/div>\n<p>n\n<\/p><\/div>\n<p>n<\/p>\n\n\t\t<\/div>\n\t<\/div>\n<div class=\"vc_btn3-container vc_btn3-inline\" ><button class=\"vc_general vc_btn3 vc_btn3-size-md vc_btn3-shape-rounded vc_btn3-style-modern vc_btn3-color-green\">RESERVAR AHORA<\/button><\/div><\/div><\/div><\/div><\/div><div class=\"vc_row wpb_row vc_row-fluid\" ><div class=\"wpb_column vc_column_container vc_col-sm-12\"><div class=\"vc_column-inner\"><div class=\"wpb_wrapper\"><\/div><\/div><\/div><\/div>","protected":false},"excerpt":{"rendered":"<p>Tiny Catalina Island (Isla Catalina), just 1.5 miles (2.4 kilometers) off the Dominican Republic\u2019s mainland, is an idyllic sandy speck in the turquoise Caribbean waters. Known for its well-populated coral reefs, Catalina is a peaceful respite for those looking to escape bustling Punta Cana and La Romana. n nBook a day trip with us. Catalina Island in a Party Catamaran with Snorkeling! n n&nbsp; n nPlease Select the date for The Excursion: &nbsp;<\/p>","protected":false},"author":2,"featured_media":0,"parent":0,"menu_order":0,"comment_status":"open","ping_status":"closed","template":"","meta":{"footnotes":""},"class_list":["post-15772","page","type-page","status-publish","hentry"],"_links":{"self":[{"href":"https:\/\/www.boattoursamana.com\/es\/wp-json\/wp\/v2\/pages\/15772","targetHints":{"allow":["GET"]}}],"collection":[{"href":"https:\/\/www.boattoursamana.com\/es\/wp-json\/wp\/v2\/pages"}],"about":[{"href":"https:\/\/www.boattoursamana.com\/es\/wp-json\/wp\/v2\/types\/page"}],"author":[{"embeddable":true,"href":"https:\/\/www.boattoursamana.com\/es\/wp-json\/wp\/v2\/users\/2"}],"replies":[{"embeddable":true,"href":"https:\/\/www.boattoursamana.com\/es\/wp-json\/wp\/v2\/comments?post=15772"}],"version-history":[{"count":0,"href":"https:\/\/www.boattoursamana.com\/es\/wp-json\/wp\/v2\/pages\/15772\/revisions"}],"wp:attachment":[{"href":"https:\/\/www.boattoursamana.com\/es\/wp-json\/wp\/v2\/media?parent=15772"}],"curies":[{"name":"wp","href":"https:\/\/api.w.org\/{rel}","templated":true}]}}