{"id":15798,"date":"2023-07-15T07:43:59","date_gmt":"2023-07-15T07:43:59","guid":{"rendered":"https:\/\/www.ticketswhales.com\/bahia-de-las-aguilas-beach-day-trip-by-boat-day-pass-pedernales\/"},"modified":"2023-07-15T07:43:59","modified_gmt":"2023-07-15T07:43:59","slug":"bahia-de-las-aguilas-beach-day-trip-by-boat-day-pass-pedernales","status":"publish","type":"page","link":"https:\/\/www.boattoursamana.com\/es\/bahia-de-las-aguilas-beach-day-trip-by-boat-day-pass-pedernales-2","title":{"rendered":"Bah\u00eda de las \u00c1guilas: Excursi\u00f3n de un d\u00eda a la playa en barco \u2013 Day Pass \u2013 Pedernales"},"content":{"rendered":"<p><span style=\"vertical-align: inherit;\"><span style=\"vertical-align: inherit;\">Compre un boleto de un d\u00eda a Bah\u00eda las \u00c1guilas desde las \u00e1reas de Pedernales. <\/span><span style=\"vertical-align: inherit;\">Disfruta de un d\u00eda de playa y deja fluir el \u00e1nimo, lejos de las zonas tur\u00edsticas y de todo el estr\u00e9s. <\/span><span style=\"vertical-align: inherit;\">Ven y descubre el Parque Nacional Jaragua y Bah\u00eda de las \u00c1guilas. <\/span><span style=\"vertical-align: inherit;\">Conduzca por una hermosa carretera con impresionantes vistas del peque\u00f1o puerto y el pueblo pesquero de Cabo Rojo. <\/span><span style=\"vertical-align: inherit;\">En Las Cuevas, abordar\u00e1 un bote que lo llevar\u00e1 en un viaje de 15 minutos a una de las playas naturales m\u00e1s hermosas del mundo. <\/span><span style=\"vertical-align: inherit;\">Las arenas de la Bah\u00eda de las \u00c1guilas son v\u00edrgenes y la bah\u00eda cubre 8 km. <\/span><span style=\"vertical-align: inherit;\">Experimente un paisaje costero excepcional con aguas cristalinas que brillan en tonos que van del turquesa al azul \u00f3palo que se derrite en el horizonte. <\/span><span style=\"vertical-align: inherit;\">El almuerzo se sirve en la playa, nadar o bucear y explorar este para\u00edso natural virgen.<\/span><\/span><br \/>\nn<br \/>\nn&nbsp;<br \/>\nn<br \/>\nn<strong><span style=\"vertical-align: inherit;\"><span style=\"vertical-align: inherit;\">Seleccione el d\u00eda para este viaje:<\/span><\/span><\/strong><\/p>\n<p>&nbsp;<\/p>\n<div class=\"vc_row wpb_row vc_row-fluid\" ><div class=\"wpb_column vc_column_container vc_col-sm-12\"><div class=\"vc_column-inner\"><div class=\"wpb_wrapper\"><div class=\"mkdf-section-title-holder\" style=\"text-align: left\">\n\t<div class=\"mkdf-st-inner\">\n\t\t\t\t\t<h5 class=\"mkdf-st-subtitle\" >\n\t\t\t\tPase de un d\u00eda: esn\u00f3rquel y almuerzo\t\t\t<\/h5>\n\t\t\t\t\t\t\t<h3 class=\"mkdf-st-title\" >\n\t\t\t\tBah\u00eda de las \u00c1guilas: Excursi\u00f3n de un d\u00eda a la playa en barco\t\t\t<\/h3>\n\t\t\t\t\t<\/div>\n<\/div><\/div><\/div><\/div><\/div><div class=\"vc_row wpb_row vc_row-fluid\" ><div class=\"wpb_column vc_column_container vc_col-sm-12\"><div class=\"vc_column-inner\"><div class=\"wpb_wrapper\">\n\t<div class=\"wpb_text_column wpb_content_element\" >\n\t\t<div class=\"wpb_wrapper\">\n\t\t\t<p>\nn<\/p>\n<h4><b><i>Descripci\u00f3n general<\/i><\/b><\/h4>\n<p>nDisfrute de un d\u00eda de playa y deje fluir su esp\u00edritu, lejos de las zonas tur\u00edsticas y de todo el estr\u00e9s. Venga a descubrir el Parque Nacional de Jaragua y la Bah\u00eda de las \u00c1guilas. Recorre una hermosa carretera con impresionantes vistas del peque\u00f1o puerto y pueblo pesquero de Cabo Rojo. En Las Cuevas embarcar\u00e1 en un barco que le llevar\u00e1 en un paseo de 15 minutos a una de las playas naturales m\u00e1s bellas del mundo. Las arenas de Bah\u00eda de las \u00c1guilas son inmaculadas y la bah\u00eda se extiende a lo largo de 8 km. Disfrute de un paisaje costero excepcional con aguas cristalinas que brillan en tonos que van del turquesa al azul \u00f3palo fundi\u00e9ndose en el horizonte. El almuerzo se sirve en la playa, nade o practique snorkel y explore este para\u00edso natural intacto.<br \/>\nn<br \/>\nn&nbsp;<br \/>\nn<\/p>\n<ul>\nn \t<\/p>\n<li>Gu\u00eda Local con experiencia en Seguridad en la zona.<\/li>\n<p>n \t<\/p>\n<li>Transporte privado<\/li>\n<p>n \t<\/p>\n<li>Tarifas incluidas<\/li>\n<p>n \t<\/p>\n<li>Almuerzo<\/li>\n<p>n \t<\/p>\n<li>Gu\u00eda tur\u00edstico local en espa\u00f1ol, ingl\u00e9s o franc\u00e9s.<\/li>\n<p>n \t<\/p>\n<li>Senderismo<\/li>\n<p>n \t<\/p>\n<li>Bucear<\/li>\n<p>n<\/ul>\n<p>n<\/p>\n<h4><b>Inclusiones y Exclusiones<\/b><\/h4>\n<p>n&nbsp;<br \/>\nn<br \/>\nn<b>Inclusiones<\/b><br \/>\nn<\/p>\n<ol>\nn \t<\/p>\n<li>Gu\u00eda Local con experiencia en Seguridad en la zona.<\/li>\n<p>n \t<\/p>\n<li>Transporte privado para grupos peque\u00f1os.<\/li>\n<p>n \t<\/p>\n<li>Todos los impuestos, tasas y gastos de tramitaci\u00f3n<\/li>\n<p>n \t<\/p>\n<li>Impuestos locales<\/li>\n<p>n \t<\/p>\n<li>Almuerzo<\/li>\n<p>n \t<\/p>\n<li>Senderismo<\/li>\n<p>n \t<\/p>\n<li>Piscinas Naturales<\/li>\n<p>n \t<\/p>\n<li>Bucear<\/li>\n<p>n \t<\/p>\n<li>Todas las actividades<\/li>\n<p>n<\/ol>\n<p>n<b>Exclusiones<\/b><br \/>\nn<\/p>\n<ol>\nn \t<\/p>\n<li>Propinas<\/li>\n<p>n \t<\/p>\n<li>Todas las bebidas<\/li>\n<p>n<\/ol>\n<p>n<\/p>\n<h4><em><strong>Salida y Regreso<\/strong><\/em><\/h4>\n<p>nEl viajero obtendr\u00e1 un punto de encuentro tras el proceso de reserva. Los tours comienzan y terminan en sus puntos de encuentro.<br \/>\nn<\/p>\n<h2 class=\"styles__heading___mD4_3\" data-radium=\"true\">Bah\u00eda de las \u00c1guilas: Excursi\u00f3n de un d\u00eda a la playa en barco -Pase de un d\u00eda - Snorkeling y almuerzo<\/h2>\n<p>n<\/p>\n<h4><em>\u00bfQue esperar?<\/em><\/h4>\n<p>nPlaya de las \u00c1guilas debe su nombre al \u00e1guila ind\u00edgena. La excursi\u00f3n se realiza en transporte privado desde Bah\u00eda de las \u00c1guilas, donde podr\u00e1 descubrir las maravillas naturales de esta playa afrodis\u00edaca de una forma muy diferente y sostenible. Pase el d\u00eda en una excursi\u00f3n natural por el sur del pa\u00eds donde conocer\u00e1 la Bah\u00eda de las \u00c1guilas, una de las playas m\u00e1s bellas de la Rep\u00fablica Dominicana, donde llegaremos en lancha r\u00e1pida a esta playa paradis\u00edaca, una zona totalmente protegida por la ley medioambiental. Pase un rato relajante en la Bah\u00eda de las \u00c1guilas, una reserva natural deshabitada y parque nacional, y disfrute de un almuerzo estilo barbacoa en las cuevas.<br \/>\nn<br \/>\nnEl mar en calma y el viento flojo le evitar\u00e1n sufrir demasiado el sol y el calor. Convi\u00e9rtase en explorador por un d\u00eda y descubra un para\u00edso ecol\u00f3gico, natural y totalmente virgen. Podr\u00e1 observar m\u00e1s de 130 especies de aves, 76 de las cuales viven permanentemente en la bah\u00eda, 10 son end\u00e9micas y 47 migratorias.<br \/>\nn<br \/>\nn08.30 - Salida del punto de encuentro<br \/>\nn08.45 - Salida en barco desde el pueblo La Cueva hasta la Bah\u00eda de las \u00c1guilas<br \/>\nn12.30 - Almuerzo t\u00edpico en la playa<br \/>\nn03.00 - Regreso a La Cueva<br \/>\nn05.30 - Llegada al punto de encuentro<br \/>\nn<\/p>\n<h4><em><strong>\u00bfQu\u00e9 debes traer?<\/strong><\/em><\/h4>\n<p>n<\/p>\n<ul>\nn \t<\/p>\n<li>C\u00e1mara<\/li>\n<p>n \t<\/p>\n<li>Cogollos repelentes<\/li>\n<p>n \t<\/p>\n<li>crema solar<\/li>\n<p>n \t<\/p>\n<li>Agua<\/li>\n<p>n \t<\/p>\n<li>Sombrero<\/li>\n<p>n \t<\/p>\n<li>Pantalones c\u00f3modos<\/li>\n<p>n \t<\/p>\n<li>Zapatos de senderismo para el bosque<\/li>\n<p>n \t<\/p>\n<li>Sandalias para las zonas Primavera.<\/li>\n<p>n \t<\/p>\n<li>Vestido nadador<\/li>\n<p>n<\/ul>\n<p>n&nbsp;<br \/>\nn<\/p>\n<h4><b><i>Recogida en el hotel<\/i><\/b><\/h4>\n<p>nSe ofrece servicio de recogida en el hotel con coste adicional.<br \/>\nn<br \/>\nn<b>Nota:<\/b> Si realiza la reserva dentro de las 24 horas anteriores a la hora de salida del tour\/excursi\u00f3n, podemos organizar la recogida en el hotel. Solo recogemos en la zona de Pedernales. Una vez que se complete su compra, le enviaremos la informaci\u00f3n de contacto completa (n\u00famero de tel\u00e9fono, direcci\u00f3n de correo electr\u00f3nico, etc.) para que nuestro gu\u00eda tur\u00edstico local organice los arreglos de recogida.<br \/>\nn<\/p>\n<h4><b><i>Confirmaci\u00f3n de informaci\u00f3n adicional<\/i><\/b><\/h4>\n<p>n<\/p>\n<ol>\nn \t<\/p>\n<li>Los boletos son el Recibo despu\u00e9s de pagar por este Tour. Puede mostrar el pago en su tel\u00e9fono.<\/li>\n<p>n \t<\/p>\n<li>El Punto de Encuentro se recibir\u00e1 Despu\u00e9s del Proceso de Reserva.<\/li>\n<p>n \t<\/p>\n<li>Los ni\u00f1os deben estar acompa\u00f1ados por un adulto.<\/li>\n<p>n \t<\/p>\n<li>No accesible para sillas de ruedas<\/li>\n<p>n \t<\/p>\n<li>Los beb\u00e9s deben sentarse en el regazo<\/li>\n<p>n \t<\/p>\n<li>No recomendado para viajeros con problemas de espalda.<\/li>\n<p>n \t<\/p>\n<li>No recomendado para viajeros embarazadas.<\/li>\n<p>n \t<\/p>\n<li>Sin problemas card\u00edacos u otras condiciones m\u00e9dicas graves.<\/li>\n<p>n \t<\/p>\n<li>La mayor\u00eda de los viajeros pueden participar<\/li>\n<p>n<\/ol>\n<p>n<\/p>\n<h4><b><i>Pol\u00edtica de cancelaci\u00f3n<\/i><\/b><\/h4>\n<p>nPara obtener un reembolso completo, lea nuestra Pol\u00edtica de cancelaci\u00f3n.\u00a0<a href=\"https:\/\/www.boattoursamana.com\/es\/reserva-en-linea\/\" target=\"_blank\" rel=\"noopener\" data-saferedirecturl=\"https:\/\/www.google.com\/url?q=https:\/\/www.boattoursamana.com\/online-booking\/&amp;source=gmail&amp;ust=1672449202351000&amp;usg=AOvVaw1yAeVAPktmaVCqDujgUn90\">haga clic aqu\u00ed<\/a>. Los fondos se perder\u00e1n si la reserva se cancela el mismo d\u00eda del viaje.<\/p>\n\n\t\t<\/div>\n\t<\/div>\n<\/div><\/div><\/div><\/div>","protected":false},"excerpt":{"rendered":"<p>Compre un boleto de un d\u00eda a Bah\u00eda las \u00c1guilas desde las \u00e1reas de Pedernales. Disfruta de un d\u00eda de playa y deja fluir el \u00e1nimo, lejos de las zonas tur\u00edsticas y de todo el estr\u00e9s. Ven y descubre el Parque Nacional Jaragua y Bah\u00eda de las \u00c1guilas. Conduzca por una hermosa carretera con impresionantes vistas del peque\u00f1o puerto y el pueblo pesquero de Cabo Rojo. En Las Cuevas, abordar\u00e1 un bote que lo llevar\u00e1 en un viaje de 15 [&hellip;]<\/p>\n","protected":false},"author":2,"featured_media":0,"parent":0,"menu_order":0,"comment_status":"open","ping_status":"closed","template":"","meta":{"footnotes":""},"class_list":["post-15798","page","type-page","status-publish","hentry"],"_links":{"self":[{"href":"https:\/\/www.boattoursamana.com\/es\/wp-json\/wp\/v2\/pages\/15798","targetHints":{"allow":["GET"]}}],"collection":[{"href":"https:\/\/www.boattoursamana.com\/es\/wp-json\/wp\/v2\/pages"}],"about":[{"href":"https:\/\/www.boattoursamana.com\/es\/wp-json\/wp\/v2\/types\/page"}],"author":[{"embeddable":true,"href":"https:\/\/www.boattoursamana.com\/es\/wp-json\/wp\/v2\/users\/2"}],"replies":[{"embeddable":true,"href":"https:\/\/www.boattoursamana.com\/es\/wp-json\/wp\/v2\/comments?post=15798"}],"version-history":[{"count":0,"href":"https:\/\/www.boattoursamana.com\/es\/wp-json\/wp\/v2\/pages\/15798\/revisions"}],"wp:attachment":[{"href":"https:\/\/www.boattoursamana.com\/es\/wp-json\/wp\/v2\/media?parent=15798"}],"curies":[{"name":"wp","href":"https:\/\/api.w.org\/{rel}","templated":true}]}}