{"id":15814,"date":"2023-07-15T07:44:18","date_gmt":"2023-07-15T07:44:18","guid":{"rendered":"https:\/\/www.ticketswhales.com\/jarabacoa-buggy-with-baiguate-waterfall\/"},"modified":"2023-07-15T07:44:18","modified_gmt":"2023-07-15T07:44:18","slug":"jarabacoa-buggy-with-baiguate-waterfall","status":"publish","type":"page","link":"https:\/\/www.boattoursamana.com\/es\/buggy-jarabacoa-con-cascada-baiguate","title":{"rendered":"Buggy Jarabacoa con Cascada Baiguate"},"content":{"rendered":"<p><span style=\"font-weight: 400;\"><span style=\"vertical-align: inherit;\"><span style=\"vertical-align: inherit;\">\u00danase a nosotros y viaje con un experto local de Jarabacoa y obtenga la experiencia \u00fanica de visitar los mejores lugares de la capital del ecoturismo a partir de Jarabacoa, este tour lo llevar\u00e1 a conocer el hermoso paisaje del rancho monta\u00f1oso m\u00e1s grande de la Rep\u00fablica Dominicana. <\/span><span style=\"vertical-align: inherit;\">Mientras conduce por los diferentes lugares, quedar\u00e1 el aire de la monta\u00f1a y disfrutar\u00e1 de la belleza del campo.\u00a0<\/span><\/span><\/span><br \/>\nn<br \/>\nn<strong><span style=\"vertical-align: inherit;\"><span style=\"vertical-align: inherit;\">Seleccione la fecha para el Tour:\u00a0<\/span><\/span><\/strong><\/p>\n<p>&nbsp;<\/p>\n<div class=\"vc_row wpb_row vc_row-fluid\" ><div class=\"wpb_column vc_column_container vc_col-sm-12\"><div class=\"vc_column-inner\"><div class=\"wpb_wrapper\">\n\t<div class=\"wpb_text_column wpb_content_element\" >\n\t\t<div class=\"wpb_wrapper\">\n\t\t\t<p>Jarabacoa con las Cascadas de Jimenoa y BaiguateBuggy<\/p>\n\n\t\t<\/div>\n\t<\/div>\n<div class=\"vc_btn3-container vc_btn3-inline\" ><button class=\"vc_general vc_btn3 vc_btn3-size-md vc_btn3-shape-rounded vc_btn3-style-modern vc_btn3-color-green\">RESERVAR AHORA<\/button><\/div><\/div><\/div><\/div><\/div><div class=\"vc_row wpb_row vc_row-fluid\" ><div class=\"wpb_column vc_column_container vc_col-sm-12\"><div class=\"vc_column-inner\"><div class=\"wpb_wrapper\">\n\t<div class=\"wpb_text_column wpb_content_element\" >\n\t\t<div class=\"wpb_wrapper\">\n\t\t\t<p>\nn<\/p>\n<h3 class=\"ui_header h1 attractions-product-info-ProductTitle__title--1qM0o\">Buggy Jarabacoa &amp; Cascada Baiguate<\/h3>\n<p>n<\/p>\n<h4><b><i>Descripci\u00f3n general <\/i><\/b><\/h4>\n<p>n<span style=\"font-weight: 400;\">\u00danase a nosotros y viaje con un experto local de Jarabacoa y obtenga la experiencia \u00fanica de visitar los mejores lugares de la capital del ecoturismo comenzando desde Jarabacoa, este recorrido lo llevar\u00e1 a ver el hermoso paisaje del rancho de monta\u00f1a m\u00e1s grande de Rep\u00fablica Dominicana. Mientras conduce por los diferentes lugares, sentir\u00e1 el aire de la monta\u00f1a y disfrutar\u00e1 de la belleza del campo.\u00a0<\/span><br \/>\nn<br \/>\nn<span style=\"font-weight: 400;\">Podemos llegar a los diferentes lugares para este recorrido. Tendr\u00e1s las opciones: Ciclismo, Cabalgatas, Safari, Cuatro Ruedas o Buggy. Compra tu boleto en l\u00ednea ahora y divirt\u00e1monos aprendiendo sobre la cultura de Jarabacoa y Rep\u00fablica Dominicana mientras viajas por los mejores lugares de la ciudad.<\/span><br \/>\nn<br \/>\nn<span style=\"font-weight: 400;\">Jarabacoa es la ciudad de la eterna primavera por su clima y el segundo municipio m\u00e1s importante de la provincia de la Vega. Seg\u00fan la historia, Jarabacoa significa \u201clugar de mucha agua\u201d, el 27 de septiembre de 1858, Jarabacoa inici\u00f3 su vida como municipio, categor\u00eda obtenida tras una trayectoria que ven\u00eda desde principios del siglo XIX. Viaja con nosotros y conoce m\u00e1s sobre las monta\u00f1as, la naturaleza, la cultura y la gente de la regi\u00f3n norte de la Rep\u00fablica Dominicana.\u00a0<\/span><br \/>\nn<\/p>\n<ul>\nn \t<\/p>\n<li style=\"font-weight: 400;\">Tarifas incluidas<\/li>\n<p>n \t<\/p>\n<li>Almuerzo<\/li>\n<p>n \t<\/p>\n<li>Meriendas<\/li>\n<p>n \t<\/p>\n<li style=\"font-weight: 400;\">Gu\u00eda tur\u00edstico local en ingl\u00e9s<\/li>\n<p>n<\/ul>\n<p>n<\/p>\n<h4><b>Inclusiones y Exclusiones<\/b><\/h4>\n<p>n<b>Inclusiones<\/b><br \/>\nn<\/p>\n<ol>\nn \t<\/p>\n<li>Almuerzo<\/li>\n<p>n \t<\/p>\n<li style=\"font-weight: 400;\"><span style=\"font-weight: 400;\">Todos los impuestos, tasas y gastos de tramitaci\u00f3n<\/span><\/li>\n<p>n \t<\/p>\n<li style=\"font-weight: 400;\"><span style=\"font-weight: 400;\">Impuestos locales<\/span><\/li>\n<p>n \t<\/p>\n<li style=\"font-weight: 400;\"><span style=\"font-weight: 400;\">Bebidas<\/span><\/li>\n<p>n \t<\/p>\n<li>Meriendas<\/li>\n<p>n \t<\/p>\n<li style=\"font-weight: 400;\"><span style=\"font-weight: 400;\">Todas las actividades<\/span><\/li>\n<p>n \t<\/p>\n<li style=\"font-weight: 400;\"><span style=\"font-weight: 400;\">Gu\u00eda local<\/span><\/li>\n<p>n<\/ol>\n<p>n<b> Exclusiones<\/b><br \/>\nn<\/p>\n<ol>\nn \t<\/p>\n<li style=\"font-weight: 400;\"><span style=\"font-weight: 400;\">Propinas<\/span><\/li>\n<p>n \t<\/p>\n<li>transporte (Configurado poni\u00e9ndose en contacto con nosotros)<\/li>\n<p>n \t<\/p>\n<li style=\"font-weight: 400;\"><span style=\"font-weight: 400;\">Bebidas alcoh\u00f3licas<\/span><\/li>\n<p>n<\/ol>\n<p>n<\/p>\n<h4><em><strong>Salida y Regreso<\/strong><\/em><\/h4>\n<p>n<span style=\"font-weight: 400;\">El viajero obtendr\u00e1 un punto de encuentro despu\u00e9s del Proceso de Reserva. Los recorridos comienzan y terminan en sus puntos de encuentro.<\/span><br \/>\nn<\/p>\n<h3 class=\"ui_header h1 attractions-product-info-ProductTitle__title--1qM0o\">Buggy Jarabacoa &amp; Cascada Baiguate<\/h3>\n<p>n<\/p>\n<h4><b><i>\u00bfQue esperar?<\/i><\/b><\/h4>\n<p>n<span style=\"font-weight: 400;\">Consigue tu entrada para las Cascadas de Baiguate desde la ciudad de Jarabacoa en Buggy.\u00a0<\/span><br \/>\nn<br \/>\nn<span style=\"font-weight: 400;\">Cuando hablamos de buggies, hablamos de un veh\u00edculo todo terreno que ofrece seguridad y facilidad de manejo, a la vez que permite al usuario un mayor contacto con el terreno y la naturaleza que le rodea durante la conducci\u00f3n. Siente la brisa, el sol, la lluvia, ve el paisaje a tu lado en un dispositivo c\u00f3modo y seguro dise\u00f1ado para disfrutar de la pista forestal y todoterreno.<\/span><br \/>\nn<br \/>\nn<span style=\"font-weight: 400;\">Esta excursi\u00f3n comienza desde un punto de encuentro que debe confirmar con nuestros agentes de viajes o su gu\u00eda tur\u00edstico antes de dirigirse a cualquier lugar. Una vez que conozca a su gu\u00eda, tendr\u00e1 un resumen del recorrido y todo lo relacionado con su d\u00eda.<\/span><br \/>\nn<br \/>\nn<span style=\"font-weight: 400;\">Cuando todos est\u00e9n listos, comenzaremos nuestro viaje a algunas \u00e1reas rurales del pueblo de Jarabacoa, mientras conduce su buggy por los caminos llenos de baches y el aire de monta\u00f1a del campo del centro norte del pa\u00eds le mostrar\u00e1 la belleza y la naturaleza a trav\u00e9s de esta aventura.<\/span><br \/>\nn<br \/>\nn<span style=\"font-weight: 400;\">Algunos de los lugares que visitar\u00e1 durante este viaje son La Confluencia, donde se encuentran los r\u00edos Jimenoa y Yaque Del Norte, Cieneguita y Monte Arriba.\u00a0<\/span><br \/>\nn<br \/>\nn<span style=\"font-weight: 400;\">Despu\u00e9s de cabalgar durante unos 30 kil\u00f3metros, nos dirigiremos a la Cascada Baiguate para realizar una caminata de 10 minutos y nadar en piscinas naturales.\u00a0<\/span><br \/>\nn<br \/>\nn<span style=\"font-weight: 400;\">Durante esta parte de su viaje, podr\u00e1 ir a nadar durante aproximadamente 1 hora y tomar un descanso para probar algunas frutas frescas cosechadas en las tierras de los agricultores de Jarabacoa todos los d\u00edas. Baiguate tiene una ca\u00edda de 25 metros de altura y es el lugar perfecto para relajarse un poco antes de regresar al pueblo.\u00a0\u00a0<\/span><br \/>\nn<br \/>\nn<span style=\"font-weight: 400;\">Durante esta parte de su viaje, podr\u00e1 ir a nadar durante aproximadamente 1 hora y tomar un descanso para probar algunas frutas frescas cosechadas en las tierras de los agricultores de Jarabacoa todos los d\u00edas. Baiguate tiene una ca\u00edda de 25 metros de altura y es el lugar perfecto para relajarse un poco antes de regresar al pueblo.\u00a0\u00a0<\/span><br \/>\nn<br \/>\nn<span style=\"font-weight: 400;\">M\u00e1s tarde, despu\u00e9s de la Cascada Baiguate, nos dirigiremos a Ivon&#039;s para probar el mejor sabor de helado local, hecho en casa por un experto local, y caminaremos hasta el Parque Central Duarte para la \u00faltima parte de su viaje, este es un recorrido de 6 horas que le brinda la oportunidad de supervisar Jarabacoa, esta excursi\u00f3n termina en el mismo lugar donde comenz\u00f3.<\/span><br \/>\nn<br \/>\nn<span style=\"font-weight: 400;\">Nota: Estos recorridos son con gu\u00edas oficiales Ecologistas. Favor de reservar con tiempo porque en el parque no hay demasiados especialistas.<\/span><br \/>\nn<\/p>\n<h4><em><strong>\u00bfQu\u00e9 debes traer?<\/strong><\/em><\/h4>\n<p>n<\/p>\n<ul>\nn \t<\/p>\n<li style=\"font-weight: 400;\"><span style=\"font-weight: 400;\">C\u00e1mara<\/span><\/li>\n<p>n \t<\/p>\n<li style=\"font-weight: 400;\"><span style=\"font-weight: 400;\">Cogollos repelentes<\/span><\/li>\n<p>n \t<\/p>\n<li style=\"font-weight: 400;\"><span style=\"font-weight: 400;\">crema solar<\/span><\/li>\n<p>n \t<\/p>\n<li style=\"font-weight: 400;\"><span style=\"font-weight: 400;\">Sombrero<\/span><\/li>\n<p>n \t<\/p>\n<li style=\"font-weight: 400;\"><span style=\"font-weight: 400;\">Pantalones c\u00f3modos<\/span><\/li>\n<p>n \t<\/p>\n<li style=\"font-weight: 400;\"><span style=\"font-weight: 400;\">Zapatos de senderismo para el bosque<\/span><\/li>\n<p>n \t<\/p>\n<li style=\"font-weight: 400;\"><span style=\"font-weight: 400;\">Sandalias para las zonas Primavera.<\/span><\/li>\n<p>n \t<\/p>\n<li style=\"font-weight: 400;\"><span style=\"font-weight: 400;\">Vestido nadador<\/span><\/li>\n<p>n<\/ul>\n<p>n<\/p>\n<h4><b><i>Recogida en el hotel <\/i><\/b><\/h4>\n<p>n<span style=\"font-weight: 400;\">No se ofrece recogida en el hotel para este tour. Configuramos Pick up contact\u00e1ndonos por Whatsapp.<\/span><br \/>\nn<br \/>\nn<b>Nota:<\/b><span style=\"font-weight: 400;\"> Si realiza la reserva dentro de las 24 horas anteriores a la hora de salida del tour\/excursi\u00f3n, podemos organizar la recogida en el hotel con cargos adicionales. Una vez que se complete su compra, le enviaremos la informaci\u00f3n de contacto completa (n\u00famero de tel\u00e9fono, direcci\u00f3n de correo electr\u00f3nico, etc.) para que nuestro gu\u00eda tur\u00edstico local organice los arreglos de recogida.<\/span><br \/>\nn<\/p>\n<h4><b><i>Confirmaci\u00f3n de informaci\u00f3n adicional <\/i><\/b><\/h4>\n<p>n<\/p>\n<ol>\nn \t<\/p>\n<li>Los boletos son el Recibo despu\u00e9s de pagar por este Tour. Puede mostrar el pago en su tel\u00e9fono.<\/li>\n<p>n \t<\/p>\n<li style=\"font-weight: 400;\"><span style=\"font-weight: 400;\">El Punto de Encuentro se recibir\u00e1 Despu\u00e9s del Proceso de Reserva.<\/span><\/li>\n<p>n \t<\/p>\n<li style=\"font-weight: 400;\"><span style=\"font-weight: 400;\">Los ni\u00f1os deben estar acompa\u00f1ados por un adulto.<\/span><\/li>\n<p>n \t<\/p>\n<li style=\"font-weight: 400;\"><span style=\"font-weight: 400;\"> No accesible para sillas de ruedas <\/span><\/li>\n<p>n \t<\/p>\n<li style=\"font-weight: 400;\"><span style=\"font-weight: 400;\">Los beb\u00e9s deben sentarse en el regazo <\/span><\/li>\n<p>n \t<\/p>\n<li style=\"font-weight: 400;\"><span style=\"font-weight: 400;\">No recomendado para viajeros con problemas de espalda.<\/span><\/li>\n<p>n \t<\/p>\n<li style=\"font-weight: 400;\"><span style=\"font-weight: 400;\">No recomendado para viajeros embarazadas. <\/span><\/li>\n<p>n \t<\/p>\n<li style=\"font-weight: 400;\"><span style=\"font-weight: 400;\"> Sin problemas card\u00edacos u otras condiciones m\u00e9dicas graves. <\/span><\/li>\n<p>n \t<\/p>\n<li style=\"font-weight: 400;\"><span style=\"font-weight: 400;\">La mayor\u00eda de los viajeros pueden participar<\/span><\/li>\n<p>n<\/ol>\n<p>n<\/p>\n<h4><b><i>Pol\u00edtica de cancelaci\u00f3n<\/i><\/b><\/h4>\n<p>nPara obtener un reembolso completo, lea nuestra Pol\u00edtica de cancelaci\u00f3n.\u00a0<a href=\"https:\/\/www.boattoursamana.com\/es\/reserva-en-linea\/\" target=\"_blank\" rel=\"noopener\" data-saferedirecturl=\"https:\/\/www.google.com\/url?q=https:\/\/www.boattoursamana.com\/online-booking\/&amp;source=gmail&amp;ust=1672449202351000&amp;usg=AOvVaw1yAeVAPktmaVCqDujgUn90\">haga clic aqu\u00ed<\/a>. Los fondos se perder\u00e1n si la reserva se cancela el mismo d\u00eda del viaje.<\/p>\n\n\t\t<\/div>\n\t<\/div>\n<div class=\"vc_btn3-container vc_btn3-inline\" ><button class=\"vc_general vc_btn3 vc_btn3-size-md vc_btn3-shape-rounded vc_btn3-style-modern vc_btn3-color-green\">RESERVAR AHORA<\/button><\/div><\/div><\/div><\/div><\/div><div class=\"vc_row wpb_row vc_row-fluid\" ><div class=\"wpb_column vc_column_container vc_col-sm-12\"><div class=\"vc_column-inner\"><div class=\"wpb_wrapper\">\n\t<div class=\"wpb_video_widget wpb_content_element vc_clearfix   vc_video-aspect-ratio-169 vc_video-el-width-100 vc_video-align-left\" >\n\t\t<div class=\"wpb_wrapper\">\n\t\t\t<h2 class=\"wpb_heading wpb_video_heading\">V\u00eddeo de la ciudad de Jarabacoa:<\/h2>\n\t\t\t<div class=\"wpb_video_wrapper\"><iframe loading=\"lazy\" title=\"Jarabacoa | Puro Turismo de Monta\u00f1a\" width=\"1100\" height=\"619\" src=\"https:\/\/www.youtube.com\/embed\/FRHfK4RS39A?feature=oembed\" frameborder=\"0\" allow=\"accelerometer; autoplay; clipboard-write; encrypted-media; gyroscope; picture-in-picture; web-share\" allowfullscreen><\/iframe><\/div>\n\t\t<\/div>\n\t<\/div>\n<\/div><\/div><\/div><\/div><div class=\"vc_row wpb_row vc_row-fluid\" ><\/div><div class=\"wpb_column vc_column_container vc_col-sm-12\"><div class=\"vc_column-inner\"><div class=\"wpb_wrapper\"><\/div><\/div><\/div><div class=\"vc_empty_space\"   style=\"height: 32px\"><span class=\"vc_empty_space_inner\"><\/span><\/div><div class=\"vc_empty_space\"   style=\"height: 32px\"><span class=\"vc_empty_space_inner\"><\/span><\/div><div class=\"vc_row wpb_row vc_row-fluid\" ><div class=\"wpb_column vc_column_container vc_col-sm-12\"><div class=\"vc_column-inner\"><div class=\"wpb_wrapper\"><div class=\"vc_btn3-container vc_btn3-inline\" ><button class=\"vc_general vc_btn3 vc_btn3-size-md vc_btn3-shape-rounded vc_btn3-style-modern vc_btn3-color-green\">RESERVAR AHORA<\/button><\/div><\/div><\/div><\/div><\/div>","protected":false},"excerpt":{"rendered":"<p>\u00danase a nosotros y viaje con un experto local de Jarabacoa y obtenga la experiencia \u00fanica de visitar los mejores lugares de la capital del ecoturismo desde Jarabacoa, este tour lo llevar\u00e1 a conocer el hermoso paisaje del rancho monta\u00f1oso m\u00e1s grande de la Rep\u00fablica Dominicana. Mientras conduce por los diferentes lugares, sentir\u00e1 el aire de la monta\u00f1a y disfrutar\u00e1 de la belleza del campo. n nSeleccione la fecha para el Tour:\u00a0 &nbsp;<\/p>","protected":false},"author":2,"featured_media":0,"parent":0,"menu_order":0,"comment_status":"open","ping_status":"closed","template":"","meta":{"footnotes":""},"class_list":["post-15814","page","type-page","status-publish","hentry"],"_links":{"self":[{"href":"https:\/\/www.boattoursamana.com\/es\/wp-json\/wp\/v2\/pages\/15814","targetHints":{"allow":["GET"]}}],"collection":[{"href":"https:\/\/www.boattoursamana.com\/es\/wp-json\/wp\/v2\/pages"}],"about":[{"href":"https:\/\/www.boattoursamana.com\/es\/wp-json\/wp\/v2\/types\/page"}],"author":[{"embeddable":true,"href":"https:\/\/www.boattoursamana.com\/es\/wp-json\/wp\/v2\/users\/2"}],"replies":[{"embeddable":true,"href":"https:\/\/www.boattoursamana.com\/es\/wp-json\/wp\/v2\/comments?post=15814"}],"version-history":[{"count":0,"href":"https:\/\/www.boattoursamana.com\/es\/wp-json\/wp\/v2\/pages\/15814\/revisions"}],"wp:attachment":[{"href":"https:\/\/www.boattoursamana.com\/es\/wp-json\/wp\/v2\/media?parent=15814"}],"curies":[{"name":"wp","href":"https:\/\/api.w.org\/{rel}","templated":true}]}}