{"id":15820,"date":"2023-07-15T07:44:18","date_gmt":"2023-07-15T07:44:18","guid":{"rendered":"https:\/\/www.ticketswhales.com\/los-haitises-national-park-and-cayo-levantado-from-miches\/"},"modified":"2023-07-15T07:44:18","modified_gmt":"2023-07-15T07:44:18","slug":"los-haitises-national-park-and-cayo-levantado-from-miches","status":"publish","type":"page","link":"https:\/\/www.boattoursamana.com\/es\/parque-nacional-los-haitises-y-cayo-levantado-desde-miches-2","title":{"rendered":"Parque Nacional Los Haitises y Cayo Levantado Desde Miches"},"content":{"rendered":"<p><span style=\"vertical-align: inherit;\"><span style=\"vertical-align: inherit;\"><span style=\"vertical-align: inherit;\"><span style=\"vertical-align: inherit;\">Parque Nacional Los Haitises Desde Sabana de la mar m\u00e1s Almuerzo en Isla Bacard\u00ed. <\/span><\/span><\/span><span style=\"vertical-align: inherit;\"><span style=\"vertical-align: inherit;\"><span style=\"vertical-align: inherit;\">Ven con nosotros y visita el parque nacional m\u00e1s hermoso de la Rep\u00fablica Dominicana, visitando manglares, cuevas y la bah\u00eda de San Lorenzo, adem\u00e1s de cruzar la hermosa bah\u00eda de Saman\u00e1. <\/span><\/span><\/span><span style=\"vertical-align: inherit;\"><span style=\"vertical-align: inherit;\"><span style=\"vertical-align: inherit;\">Para visitar la isla Bacard\u00ed, almuerce en la playa y nade en una de las playas m\u00e1s bonitas de la bah\u00eda de Saman\u00e1. <\/span><\/span><\/span><span style=\"vertical-align: inherit;\"><span style=\"vertical-align: inherit;\"><span style=\"vertical-align: inherit;\">after of this<\/span><\/span><\/span><\/span><br \/>\nn<br \/>\nn<span style=\"vertical-align: inherit;\"><span style=\"vertical-align: inherit;\"><span style=\"vertical-align: inherit;\"><span style=\"vertical-align: inherit;\">Despu\u00e9s de esta experiencia, regresar\u00e1 al puerto de Sabana de la mar.<\/span><\/span><\/span><\/span><br \/>\nn<br \/>\nn&nbsp;<br \/>\nn<br \/>\nn<strong><span style=\"vertical-align: inherit;\"><span style=\"vertical-align: inherit;\"><span style=\"vertical-align: inherit;\"><span style=\"vertical-align: inherit;\">Seleccione la fecha para el Tour:<\/span><\/span><\/span><\/span><\/strong><\/p>\n<p>&nbsp;<\/p>\n<div class=\"vc_row wpb_row vc_row-fluid\" ><div class=\"wpb_column vc_column_container vc_col-sm-12\"><div class=\"vc_column-inner\"><div class=\"wpb_wrapper\"><div class=\"vc_btn3-container vc_btn3-inline\" ><button class=\"vc_general vc_btn3 vc_btn3-size-md vc_btn3-shape-rounded vc_btn3-style-modern vc_btn3-color-green\">RESERVAR AHORA<\/button><\/div>\n\t<div class=\"wpb_text_column wpb_content_element\" >\n\t\t<div class=\"wpb_wrapper\">\n\t\t\t<p>Parque Nacional de Los Haitises y Cayo Levantado Desde Miches-Parque Nacional de Los Haitises e Isla Bacard\u00ed<\/p>\n\n\t\t<\/div>\n\t<\/div>\n<\/div><\/div><\/div><\/div><div class=\"vc_row wpb_row vc_row-fluid\" ><div class=\"wpb_column vc_column_container vc_col-sm-12\"><div class=\"vc_column-inner\"><div class=\"wpb_wrapper\">\n\t<div class=\"wpb_text_column wpb_content_element\" >\n\t\t<div class=\"wpb_wrapper\">\n\t\t\t<p>\nn<\/p>\n<h4><\/h4>\n<p>n<\/p>\n<h2>Parque Nacional Los Haitises y Cayo Levantado Desde Miches<\/h2>\n<p>n<\/p>\n<h4><b><i>Descripci\u00f3n general <\/i><\/b><\/h4>\n<p>Recogida en su hotel en Miches en un c\u00f3modo traslado al Parque Nacional Los Haitises desde Punta Cana m\u00e1s almuerzo en la isla Bacard\u00ed. Ven con nosotros y visita el parque nacional m\u00e1s hermoso de la Rep\u00fablica Dominicana, visitando manglares, cuevas y la bah\u00eda de San Lorenzo, adem\u00e1s de cruzar la hermosa bah\u00eda de Saman\u00e1. Para visitar la isla Bacard\u00ed, almuerce en la playa y nade en una de las playas m\u00e1s bonitas de la Bah\u00eda de Saman\u00e1. Despu\u00e9s de este<br \/>\nn<br \/>\nDespu\u00e9s de esta experiencia, regresar\u00e1 al puerto de Sabana de la mar y regresar\u00e1 a las zonas de Miches.<br \/>\nn<\/p>\n<ul>\nn \t<\/p>\n<li style=\"font-weight: 400;\">Tarifas incluidas<\/li>\n<p>n \t<\/p>\n<li>Almuerzo en isla Bacard\u00ed incluido.<\/li>\n<p>n \t<\/p>\n<li style=\"font-weight: 400;\"><span style=\"font-weight: 400;\">La gu\u00eda proporciona instrucci\u00f3n y supervisi\u00f3n.<\/span><\/li>\n<p>n<\/ul>\n<p>n&nbsp;<br \/>\nn<\/p>\n<h4><b>Inclusiones y Exclusiones<\/b><\/h4>\n<p>n<b>Inclusiones<\/b><br \/>\nn<\/p>\n<ol>\nn \t<\/p>\n<li style=\"font-weight: 400;\">Tour Los Haitises + Cuevas y Pictograf\u00edas<\/li>\n<p>n \t<\/p>\n<li>Viaje en barco<\/li>\n<p>n \t<\/p>\n<li>Almuerzo en Cayo Levantado (Isla Bacard\u00ed) si desea un recorrido similar: Los Haitises + Ca\u00f1o Hondo<\/li>\n<p>n \t<\/p>\n<li style=\"font-weight: 400;\"><span style=\"font-weight: 400;\">Todos los impuestos, tasas y gastos de tramitaci\u00f3n<\/span><\/li>\n<p>n \t<\/p>\n<li style=\"font-weight: 400;\"><span style=\"font-weight: 400;\">Impuestos locales<\/span><\/li>\n<p>n \t<\/p>\n<li style=\"font-weight: 400;\"><span style=\"font-weight: 400;\">Bebidas<\/span><\/li>\n<p>n \t<\/p>\n<li style=\"font-weight: 400;\"><span style=\"font-weight: 400;\">Todas las actividades<\/span><\/li>\n<p>n \t<\/p>\n<li style=\"font-weight: 400;\"><span style=\"font-weight: 400;\">Gu\u00eda local<\/span><\/li>\n<p>n<\/ol>\n<p>n<b> Exclusiones<\/b><br \/>\nn<\/p>\n<ol>\nn \t<\/p>\n<li style=\"font-weight: 400;\"><span style=\"font-weight: 400;\">Propinas<\/span><\/li>\n<p>n \t<\/p>\n<li style=\"font-weight: 400;\"><span style=\"font-weight: 400;\">Bebidas alcoh\u00f3licas<\/span><\/li>\n<p>n<\/ol>\n<p>n&nbsp;<br \/>\nn<\/p>\n<h4><em><strong>Salida y Regreso<\/strong><\/em><\/h4>\n<p>n<span style=\"font-weight: 400;\">El viajero obtendr\u00e1 un punto de encuentro despu\u00e9s del Proceso de Reserva. Los tours comienzan y terminan en nuestros puntos de encuentro.<\/span><br \/>\nn<br \/>\nn&nbsp;<br \/>\nn<\/p>\n<h2>Parque Nacional Los Haitises y Cayo Levantado Desde Miches<\/h2>\n<p>n<\/p>\n<h4><b><i>\u00bfQue esperar?<\/i><\/b><\/h4>\n<p>n<b><i>V<\/i><\/b>visitando<strong> Parque Nacional Los Haitises<\/strong> con un maravilloso almuerzo en<strong> Isla Cayo Levantado<\/strong> y nadar en la playa. Recogida en Miches y Partiendo <strong>de las zonas de Sabana de la mar<\/strong> para tomar un bote con un gu\u00eda tur\u00edstico local visitando la bah\u00eda de Saman\u00e1 y uno de los parques nacionales m\u00e1s hermosos de la Rep\u00fablica Dominicana. <em><strong>Parque Nacional de los Haitises<\/strong><\/em>.<br \/>\nn<br \/>\nEl tour, organizado por \u201cBooking Adventures\u201d, comienza en los hoteles de Punta Cana con transporte. Ven con Booking Adventures y comienza a visitar algunos manglares llenos de aves, colinas de exuberante vegetaci\u00f3n y cuevas de <em><strong>Parque Nacional Los Haitises<\/strong><\/em>. Visitando la isla con p\u00e1jaros alrededor. En \u00e9poca de anidaci\u00f3n, incluso podemos ver a los polluelos pelecanos en los nidos. Adentrarse m\u00e1s en las Islas Rocosas y visitar las Cuevas con pictograf\u00edas y petrograf\u00edas de los ind\u00edgenas.<br \/>\nn<br \/>\nnAtraviese los manglares y desembarque en la abierta bah\u00eda de San Lorenzo, desde donde podr\u00e1 fotografiar el agreste paisaje forestal. Mire hacia el agua para divisar <em><strong>manat\u00edes<\/strong><\/em>, crust\u00e1ceos y <em><strong>delfines<\/strong><\/em><br \/>\nn<\/p>\n<h2><strong>Cuevas en Parque Nacional Los Haitises<\/strong><\/h2>\n<p>n<\/p>\n<div class=\"body-description secondary\">\nn<br \/>\nEl nombre del parque nacional proviene de sus habitantes originales, los indios ta\u00ednos. En su idioma, &quot;Haitises&quot; se traduce como tierras altas o colinas, una referencia a las escarpadas formaciones geol\u00f3gicas con piedras calizas de la costa. Avent\u00farese m\u00e1s profundamente en el parque para explorar cuevas como la <em><strong>cueva de la arena<\/strong><\/em> y <strong><em>Cueva de la Linea.<\/em><\/strong><br \/>\nn<br \/>\nLas cuevas de la reserva fueron utilizadas como refugio por los indios ta\u00ednos y, posteriormente, por piratas escondidos. Busca dibujos de indios que decoran algunas de las paredes. Despu\u00e9s de visitar el Parque Nacional Los Haitises regresaremos al puerto de Saman\u00e1 pasando 30 min por la bah\u00eda de Saman\u00e1 y visitando la isla Bacard\u00ed. Tendremos un almuerzo t\u00edpico de la isla. Si eres vegano no te preocupes \u00a1tambi\u00e9n tenemos comida para ti!<br \/>\nn<br \/>\nDespu\u00e9s de nadar una tarde completa y relajarse en la playa, nuestro gu\u00eda tur\u00edstico fijar\u00e1 el tiempo para regresar al puerto de Sabana de la Mar y luego a las \u00e1reas de Miches.<br \/>\nn<br \/>\nn<\/div>\n<p>nEn caso de que le guste este viaje m\u00e1s largo o m\u00e1s corto tenemos estas opciones:<br \/>\nn<\/p>\n<ol>\nn \t<\/p>\n<li>Justo Los Haitises del Puerto de Saman\u00e1.<\/li>\n<p>n \t<\/p>\n<li>Los Haitises + Ca\u00f1o Hondo desde Puerto Saman\u00e1.<\/li>\n<p>n<\/ol>\n<p>n&nbsp;<br \/>\nn<\/p>\n<h4><em><strong>\u00bfQu\u00e9 debes traer?<\/strong><\/em><\/h4>\n<p>n<\/p>\n<ul>\nn \t<\/p>\n<li style=\"font-weight: 400;\"><span style=\"font-weight: 400;\">C\u00e1mara<\/span><\/li>\n<p>n \t<\/p>\n<li style=\"font-weight: 400;\"><span style=\"font-weight: 400;\">Cogollos repelentes<\/span><\/li>\n<p>n \t<\/p>\n<li style=\"font-weight: 400;\"><span style=\"font-weight: 400;\">crema solar<\/span><\/li>\n<p>n \t<\/p>\n<li style=\"font-weight: 400;\"><span style=\"font-weight: 400;\">Sombrero<\/span><\/li>\n<p>n \t<\/p>\n<li style=\"font-weight: 400;\"><span style=\"font-weight: 400;\">Pantalones c\u00f3modos<\/span><\/li>\n<p>n \t<\/p>\n<li style=\"font-weight: 400;\"><span style=\"font-weight: 400;\">Zapatos de senderismo para el bosque<\/span><\/li>\n<p>n \t<\/p>\n<li style=\"font-weight: 400;\"><span style=\"font-weight: 400;\">Sandalias para las zonas Primavera.<\/span><\/li>\n<p>n \t<\/p>\n<li style=\"font-weight: 400;\"><span style=\"font-weight: 400;\">Vestido nadador<\/span><\/li>\n<p>n<\/ul>\n<p>n&nbsp;<br \/>\nn<\/p>\n<h4><b><i>Recogida en el hotel <\/i><\/b><\/h4>\n<p>n<span style=\"font-weight: 400;\">No se ofrece recogida en el hotel para este tour. <\/span><br \/>\nn<br \/>\nn&nbsp;<br \/>\nn<br \/>\nn<b>Nota:<\/b><span style=\"font-weight: 400;\"> Si realiza la reserva dentro de las 24 horas anteriores a la hora de salida del tour\/excursi\u00f3n, podemos organizar la recogida en el hotel por un coste adicional. Una vez que se complete su compra, le enviaremos la informaci\u00f3n de contacto completa (n\u00famero de tel\u00e9fono, direcci\u00f3n de correo electr\u00f3nico, etc.) para que nuestro gu\u00eda tur\u00edstico local organice los arreglos de recogida.<\/span><br \/>\nn<\/p>\n<h4><b><i>Confirmaci\u00f3n de informaci\u00f3n adicional <\/i><\/b><\/h4>\n<p>n<\/p>\n<ol>\nn \t<\/p>\n<li>Los boletos son el Recibo despu\u00e9s de pagar este Tour. Puede mostrar el pago en su tel\u00e9fono.<\/li>\n<p>n \t<\/p>\n<li style=\"font-weight: 400;\"><span style=\"font-weight: 400;\">El Punto de Encuentro se recibir\u00e1 Despu\u00e9s del Proceso de Reserva.<\/span><\/li>\n<p>n \t<\/p>\n<li style=\"font-weight: 400;\"><span style=\"font-weight: 400;\">Los ni\u00f1os deben estar acompa\u00f1ados por un adulto.<\/span><\/li>\n<p>n \t<\/p>\n<li style=\"font-weight: 400;\"><span style=\"font-weight: 400;\"> No accesible para sillas de ruedas <\/span><\/li>\n<p>n \t<\/p>\n<li style=\"font-weight: 400;\"><span style=\"font-weight: 400;\">Los beb\u00e9s deben sentarse en el regazo <\/span><\/li>\n<p>n \t<\/p>\n<li style=\"font-weight: 400;\"><span style=\"font-weight: 400;\">No recomendado para viajeros con problemas de espalda.<\/span><\/li>\n<p>n \t<\/p>\n<li style=\"font-weight: 400;\"><span style=\"font-weight: 400;\">No recomendado para viajeros embarazadas. <\/span><\/li>\n<p>n \t<\/p>\n<li style=\"font-weight: 400;\"><span style=\"font-weight: 400;\"> Sin problemas card\u00edacos u otras condiciones m\u00e9dicas graves. <\/span><\/li>\n<p>n \t<\/p>\n<li style=\"font-weight: 400;\"><span style=\"font-weight: 400;\">La mayor\u00eda de los viajeros pueden participar<\/span><\/li>\n<p>n<\/ol>\n<p>n<\/p>\n<h4><b><i>Pol\u00edtica de cancelaci\u00f3n<\/i><\/b><\/h4>\n<p>nPara obtener un reembolso completo, lea nuestra Pol\u00edtica de cancelaci\u00f3n.\u00a0<a href=\"https:\/\/www.boattoursamana.com\/es\/reserva-en-linea\/\" target=\"_blank\" rel=\"noopener\" data-saferedirecturl=\"https:\/\/www.google.com\/url?q=https:\/\/www.boattoursamana.com\/online-booking\/&amp;source=gmail&amp;ust=1672449202351000&amp;usg=AOvVaw1yAeVAPktmaVCqDujgUn90\">haga clic aqu\u00ed<\/a>. Los fondos se perder\u00e1n si la reserva se cancela el mismo d\u00eda del viaje.<\/p>\n\n\t\t<\/div>\n\t<\/div>\n<div class=\"vc_btn3-container vc_btn3-inline\" ><button class=\"vc_general vc_btn3 vc_btn3-size-md vc_btn3-shape-rounded vc_btn3-style-modern vc_btn3-color-green\">RESERVAR AHORA<\/button><\/div>\n\t<div class=\"wpb_video_widget wpb_content_element vc_clearfix   vc_video-aspect-ratio-169 vc_video-el-width-100 vc_video-align-left\" >\n\t\t<div class=\"wpb_wrapper\">\n\t\t\t<h2 class=\"wpb_heading wpb_video_heading\">Parque Nacional Los Haitises<\/h2>\n\t\t\t<div class=\"wpb_video_wrapper\"><iframe loading=\"lazy\" title=\"Parque Nacional Los Haitises Tours y Excursiones\" width=\"1100\" height=\"619\" src=\"https:\/\/www.youtube.com\/embed\/vMI4Ou81cd4?feature=oembed\" frameborder=\"0\" allow=\"accelerometer; autoplay; clipboard-write; encrypted-media; gyroscope; picture-in-picture; web-share\" allowfullscreen><\/iframe><\/div>\n\t\t<\/div>\n\t<\/div>\n<\/div><\/div><\/div><\/div><div class=\"vc_row wpb_row vc_row-fluid\" ><\/div><div class=\"wpb_column vc_column_container vc_col-sm-12\"><div class=\"vc_column-inner\"><div class=\"wpb_wrapper\"><\/div><\/div><\/div><div class=\"vc_empty_space\"   style=\"height: 32px\"><span class=\"vc_empty_space_inner\"><\/span><\/div><div class=\"vc_empty_space\"   style=\"height: 32px\"><span class=\"vc_empty_space_inner\"><\/span><\/div><div class=\"vc_row wpb_row vc_row-fluid\" ><\/div><div class=\"wpb_column vc_column_container vc_col-sm-12\"><div class=\"vc_column-inner\"><div class=\"wpb_wrapper\"><\/div><\/div><\/div><div class=\"vc_empty_space\"   style=\"height: 32px\"><span class=\"vc_empty_space_inner\"><\/span><\/div><div class=\"vc_row wpb_row vc_row-fluid\" ><\/div><div class=\"wpb_column vc_column_container vc_col-sm-12\"><div class=\"vc_column-inner\"><div class=\"wpb_wrapper\"><\/div><\/div><\/div><div class=\"vc_row wpb_row vc_row-fluid\" ><div class=\"wpb_column vc_column_container vc_col-sm-12\"><div class=\"vc_column-inner\"><div class=\"wpb_wrapper\"><div class=\"vc_btn3-container vc_btn3-inline\" ><button class=\"vc_general vc_btn3 vc_btn3-size-md vc_btn3-shape-rounded vc_btn3-style-modern vc_btn3-color-green\">RESERVAR AHORA<\/button><\/div><\/div><\/div><\/div><\/div>","protected":false},"excerpt":{"rendered":"<p>Parque Nacional Los Haitises Desde Sabana de la mar m\u00e1s Almuerzo en Isla Bacard\u00ed. Ven con nosotros y visita el parque nacional m\u00e1s hermoso de la Rep\u00fablica Dominicana, visitando manglares, cuevas y la bah\u00eda de San Lorenzo, adem\u00e1s de cruzar la hermosa bah\u00eda de Saman\u00e1. Para visitar la isla Bacard\u00ed, almuerce en la playa y nade en una de las playas m\u00e1s bonitas de la bah\u00eda de Saman\u00e1. Despu\u00e9s de este n nDespu\u00e9s de esta experiencia, regresar\u00e1 al puerto de [&hellip;]<\/p>\n","protected":false},"author":2,"featured_media":0,"parent":0,"menu_order":0,"comment_status":"open","ping_status":"closed","template":"","meta":{"footnotes":""},"class_list":["post-15820","page","type-page","status-publish","hentry"],"_links":{"self":[{"href":"https:\/\/www.boattoursamana.com\/es\/wp-json\/wp\/v2\/pages\/15820","targetHints":{"allow":["GET"]}}],"collection":[{"href":"https:\/\/www.boattoursamana.com\/es\/wp-json\/wp\/v2\/pages"}],"about":[{"href":"https:\/\/www.boattoursamana.com\/es\/wp-json\/wp\/v2\/types\/page"}],"author":[{"embeddable":true,"href":"https:\/\/www.boattoursamana.com\/es\/wp-json\/wp\/v2\/users\/2"}],"replies":[{"embeddable":true,"href":"https:\/\/www.boattoursamana.com\/es\/wp-json\/wp\/v2\/comments?post=15820"}],"version-history":[{"count":0,"href":"https:\/\/www.boattoursamana.com\/es\/wp-json\/wp\/v2\/pages\/15820\/revisions"}],"wp:attachment":[{"href":"https:\/\/www.boattoursamana.com\/es\/wp-json\/wp\/v2\/media?parent=15820"}],"curies":[{"name":"wp","href":"https:\/\/api.w.org\/{rel}","templated":true}]}}