{"id":15853,"date":"2023-07-15T07:45:08","date_gmt":"2023-07-15T07:45:08","guid":{"rendered":"https:\/\/www.ticketswhales.com\/private-speed-boat-lancha-samana-bay\/"},"modified":"2023-07-15T07:45:08","modified_gmt":"2023-07-15T07:45:08","slug":"private-speed-boat-lancha-samana-bay","status":"publish","type":"page","link":"https:\/\/www.boattoursamana.com\/es\/lancha-privada-lancha-samana-bay-2","title":{"rendered":"Lancha Privada (Lancha) Bah\u00eda de Saman\u00e1"},"content":{"rendered":"<p>Lancha r\u00e1pida privada (Lancha) Bah\u00eda de Saman\u00e1 Alquile esta fabulosa lancha r\u00e1pida durante todo el d\u00eda para hasta 5 personas para visitar la <a href=\"https:\/\/www.boattoursamana.com\/es\/destinos\/los-haitises-parque-nacional-entradas-tours\/\" target=\"_blank\" rel=\"noopener\" data-saferedirecturl=\"https:\/\/www.google.com\/url?q=https:\/\/www.boattoursamana.com\/destinations\/los-haitises-national-park-tickets-tours\/&amp;source=gmail&amp;ust=1637749313206000&amp;usg=AOvVaw2iM1LFDbYv-Gthna0qZt2n\">haitianos<\/a> y Cayo Levantado. Tambi\u00e9n en la temporada de avistamiento de ballenas, puede usar el bote para ver las ballenas en la bah\u00eda de Saman\u00e1.<\/p>\n<p>&nbsp;<\/p>\n<div class=\"vc_row wpb_row vc_row-fluid\" ><div class=\"wpb_column vc_column_container vc_col-sm-12\"><div class=\"vc_column-inner\"><div class=\"wpb_wrapper\"><div class=\"vc_btn3-container vc_btn3-inline\" ><button class=\"vc_general vc_btn3 vc_btn3-size-md vc_btn3-shape-rounded vc_btn3-style-modern vc_btn3-color-green\">RESERVAR AHORA<\/button><\/div>\n\t<div class=\"wpb_text_column wpb_content_element\" >\n\t\t<div class=\"wpb_wrapper\">\n\t\t\t<p>\nn<\/p>\n<div class=\"custom-left\">\nn<\/p>\n<div class=\"row\">\nn<\/p>\n<div class=\"col-md-12 cust-clas\">\nn<\/p>\n<div class=\"product-header alignleft\">\nn<br \/>\nBARCO SAMANA \u2013 ALQUILER<br \/>\nn<br \/>\nnCHARTER PRIVADO DE D\u00cdA COMPLETO BAH\u00cdA DE SAMAN\u00c1<br \/>\nn<br \/>\nnVIAJE DE 8 HORAS- DE LUNES A DOMINGO<br \/>\nn<br \/>\nn<\/div>\n<p>n\n<\/p><\/div>\n<p>n\n<\/p><\/div>\n<p>n\n<\/p><\/div>\n<p>n<\/p>\n<div class=\"custom-left para-p\">\nn<\/p>\n<div class=\"info_content_label\">\nn<br \/>\nn<label>Informaci\u00f3n:<\/label><br \/>\nn<br \/>\nnAlquila esta fabulosa lancha r\u00e1pida durante el d\u00eda completo para hasta 5 personas para visitar el <a href=\"https:\/\/www.boattoursamana.com\/es\/destinos\/los-haitises-parque-nacional-entradas-tours\/\" target=\"_blank\" rel=\"noopener\" data-saferedirecturl=\"https:\/\/www.google.com\/url?q=https:\/\/www.boattoursamana.com\/destinations\/los-haitises-national-park-tickets-tours\/&amp;source=gmail&amp;ust=1637749313206000&amp;usg=AOvVaw2iM1LFDbYv-Gthna0qZt2n\">haitianos<\/a> y Cayo Levantado. Tambi\u00e9n en la temporada de avistamiento de ballenas, puede usar el bote para ver las ballenas en la bah\u00eda de Saman\u00e1.<br \/>\nn<br \/>\nnIncluye tripulaci\u00f3n, combustible y enfriador de hielo.<br \/>\nn<br \/>\nOpciones de comida disponibles por un precio adicional:<br \/>\nn<br \/>\nn<strong>Detalles del almuerzo Buffet Tradicional, $15 USD pp:<\/strong><br \/>\nn<br \/>\nn-Ensalada verde<br \/>\nn-Pan<br \/>\nn-Moro de Guandule (Arroz a la Dominicana) con Coco<br \/>\nn- Pasta con salsa de tomate<br \/>\nn-Cacerolas de yuca<br \/>\nn-Pescado y pollo a la plancha (dorado) + salsa de leche de coco opcional<br \/>\nn-Fruta fresca<br \/>\nn-1 bebida no alcoh\u00f3lica (refresco o agua)<br \/>\nn-Caf\u00e9<br \/>\nn<br \/>\nn<strong>Servicio Adicional de Langosta + Dulce de Coco $19 USD (adicional).<\/strong><br \/>\nn<br \/>\nn<\/div>\n<p>n<label>Incluye:<\/label>\u00a0Otros servicios incluidos (Tripulaci\u00f3n, Combustible y Nevera con hielo incluida)<br \/>\nn<br \/>\nn<label>No incluido:<\/label>\u00a0Las bebidas o la comida NO est\u00e1n incluidas.<br \/>\nn<br \/>\nn<label>Incluir combustible:<\/label>\u00a0S\u00ed<br \/>\nn<br \/>\nn<\/div>\n<p>Cont\u00e1ctanos por Whatsapp: +1-809-720-6035. Mejor precio en l\u00ednea\u2026<br \/>\nn<br \/>\nn&nbsp;<br \/>\nn<\/p>\n<h4><b><i>Pol\u00edtica de cancelaci\u00f3n<\/i><\/b><\/h4>\n<p>nPara obtener un reembolso completo, lea nuestra Pol\u00edtica de cancelaci\u00f3n.\u00a0<a href=\"https:\/\/www.boattoursamana.com\/es\/reserva-en-linea\/\" target=\"_blank\" rel=\"noopener\" data-saferedirecturl=\"https:\/\/www.google.com\/url?q=https:\/\/www.boattoursamana.com\/online-booking\/&amp;source=gmail&amp;ust=1672449202351000&amp;usg=AOvVaw1yAeVAPktmaVCqDujgUn90\">haga clic aqu\u00ed<\/a>. Los fondos se perder\u00e1n si la reserva se cancela el mismo d\u00eda del viaje.<\/p>\n\n\t\t<\/div>\n\t<\/div>\n<\/div><\/div><\/div><\/div><div class=\"vc_row wpb_row vc_row-fluid\" ><div class=\"wpb_column vc_column_container vc_col-sm-12\"><div class=\"vc_column-inner\"><div class=\"wpb_wrapper\"><div class=\"vc_btn3-container vc_btn3-inline\" ><button class=\"vc_general vc_btn3 vc_btn3-size-md vc_btn3-shape-rounded vc_btn3-style-modern vc_btn3-color-green\">RESERVAR AHORA<\/button><\/div><\/div><\/div><\/div><\/div>","protected":false},"excerpt":{"rendered":"<p>Lancha Privada (Lancha) Bah\u00eda de Saman\u00e1 Alquile esta fabulosa lancha r\u00e1pida por d\u00eda completo para hasta 5 personas para visitar los Haitises y Cayo Levantado. Tambi\u00e9n en temporada de avistamiento de ballenas puedes utilizar el barco para ver las ballenas en la bah\u00eda de Saman\u00e1. &nbsp;<\/p>","protected":false},"author":2,"featured_media":0,"parent":0,"menu_order":0,"comment_status":"open","ping_status":"closed","template":"","meta":{"footnotes":""},"class_list":["post-15853","page","type-page","status-publish","hentry"],"_links":{"self":[{"href":"https:\/\/www.boattoursamana.com\/es\/wp-json\/wp\/v2\/pages\/15853","targetHints":{"allow":["GET"]}}],"collection":[{"href":"https:\/\/www.boattoursamana.com\/es\/wp-json\/wp\/v2\/pages"}],"about":[{"href":"https:\/\/www.boattoursamana.com\/es\/wp-json\/wp\/v2\/types\/page"}],"author":[{"embeddable":true,"href":"https:\/\/www.boattoursamana.com\/es\/wp-json\/wp\/v2\/users\/2"}],"replies":[{"embeddable":true,"href":"https:\/\/www.boattoursamana.com\/es\/wp-json\/wp\/v2\/comments?post=15853"}],"version-history":[{"count":0,"href":"https:\/\/www.boattoursamana.com\/es\/wp-json\/wp\/v2\/pages\/15853\/revisions"}],"wp:attachment":[{"href":"https:\/\/www.boattoursamana.com\/es\/wp-json\/wp\/v2\/media?parent=15853"}],"curies":[{"name":"wp","href":"https:\/\/api.w.org\/{rel}","templated":true}]}}